{"id":11236,"date":"2023-05-04T12:24:10","date_gmt":"2023-05-04T11:24:10","guid":{"rendered":"https:\/\/blumiz.com\/produkt\/icerock-cbd-70\/"},"modified":"2025-02-06T21:33:47","modified_gmt":"2025-02-06T20:33:47","slug":"icerock-cbd-70","status":"publish","type":"product","link":"https:\/\/blumiz.com\/es\/producto\/icerock-cbd-70\/","title":{"rendered":"IceRock CBD 70%"},"content":{"rendered":"<h2>Icerock CBD: un potente producto reservado a los entendidos<\/h2>\n<p>Icerock CBD es un producto de alta calidad dise\u00f1ado para consumidores que desean beneficiarse de las propiedades curativas del CBD sin experimentar los efectos psicoactivos del THC. Al igual que Moonrock CBD, el producto se elabora a partir de una mezcla \u00fanica de flores de cannabis y concentrado de hach\u00eds, pero la diferencia es que los cogollos est\u00e1n cubiertos de cristales de CBD en lugar de polen.<\/p>\n<p>El contenido de CBD de Icerock CBD es del 70%, lo que lo convierte en uno de los productos m\u00e1s potentes del mercado. El CBD es un cannabinoide no psicoactivo conocido por sus propiedades analg\u00e9sicas, antiinflamatorias, antipsic\u00f3ticas y anticonvulsivantes. Esto significa que Icerock puede utilizarse para tratar una amplia gama de afecciones m\u00e9dicas, como el dolor cr\u00f3nico, la ansiedad, la depresi\u00f3n, el insomnio y las convulsiones.<\/p>\n<p>El proceso de fabricaci\u00f3n de Icerock CBD tambi\u00e9n es meticuloso y garantiza que cada producto sea de la m\u00e1s alta calidad. Las flores de cannabis se empapan en una soluci\u00f3n de concentrado y extracto de hach\u00eds antes de cubrirlas con cristales de CBD. Cada lote de Icerock CBD se somete a rigurosas pruebas para garantizar que cumple los m\u00e1s altos est\u00e1ndares de calidad.<\/p>\n<h2>C\u00f3mo consumir Icerock<\/h2>\n<p>Existen varias formas de consumir Icerock CBD. El m\u00e9todo m\u00e1s com\u00fan es fumarlo, como con Moonrock CBD. El producto puede utilizarse en pipa, vaporizador o porro. Los consumidores tambi\u00e9n pueden a\u00f1adir el producto a su comida o bebida, aunque esto puede afectar a la biodisponibilidad del CBD.<\/p>\n<p>Es importante se\u00f1alar que Icerock CBD puede utilizarse con fines recreativos, pero la alta concentraci\u00f3n de CBD puede afectar a la percepci\u00f3n sensorial de los consumidores. Los usuarios deben ser conscientes de su tolerancia al CBD y empezar con peque\u00f1as cantidades antes de consumir m\u00e1s.<\/p>\n<p>En resumen, Icerock es un producto de alta calidad que ofrece una experiencia de consumo \u00fanica y beneficiosa. Con su alto contenido en CBD, es ideal para personas con dolor cr\u00f3nico, trastornos del sue\u00f1o, ansiedad y otras afecciones m\u00e9dicas que pueden tratarse con CBD.<\/p>\n<p>Tambi\u00e9n puedes encontrar la versi\u00f3n con polen de CBD, la <a href=\"https:\/\/blumiz.com\/producto\/moonrock-cbd-60\/\">MOONROCK<\/a>, o la versi\u00f3n con cristales dorados, la <a href=\"https:\/\/blumiz.com\/producto\/goldrock-cbd-65\/\">GOLDROCK<\/a>.<\/p>\n<p>Descubra tambi\u00e9n aqu\u00ed nuestras <a href=\"\/?product_cat=cbd-blueten\">Flores CBD<\/a><\/p>\n<p>Una pregunta, \u00bfnecesitas ayuda?  <a href=\"https:\/\/blumiz.com\/hilfe-und-faqs\/\">Haga clic aqu\u00ed para descubrir nuestro centro de ayuda.<\/a><\/p>\n<p>&nbsp;<\/p>\n","protected":false},"excerpt":{"rendered":"<p>S\u00faper fuerte 70% Icerock CBD<\/p>\n","protected":false},"featured_media":11197,"comment_status":"open","ping_status":"closed","template":"","meta":{"site-sidebar-layout":"default","site-content-layout":"default","ast-site-content-layout":"default","site-content-style":"default","site-sidebar-style":"default","ast-global-header-display":"","ast-banner-title-visibility":"","ast-main-header-display":"","ast-hfb-above-header-display":"","ast-hfb-below-header-display":"","ast-hfb-mobile-header-display":"","site-post-title":"","ast-breadcrumbs-content":"","ast-featured-img":"","footer-sml-layout":"","ast-disable-related-posts":"","theme-transparent-header-meta":"default","adv-header-id-meta":"","stick-header-meta":"default","header-above-stick-meta":"","header-main-stick-meta":"","header-below-stick-meta":"","astra-migrate-meta-layouts":"default","ast-page-background-enabled":"default","ast-page-background-meta":{"desktop":{"background-color":"","background-image":"","background-repeat":"repeat","background-position":"center center","background-size":"auto","background-attachment":"scroll","background-type":"","background-media":"","overlay-type":"","overlay-color":"","overlay-opacity":"","overlay-gradient":""},"tablet":{"background-color":"","background-image":"","background-repeat":"repeat","background-position":"center center","background-size":"auto","background-attachment":"scroll","background-type":"","background-media":"","overlay-type":"","overlay-color":"","overlay-opacity":"","overlay-gradient":""},"mobile":{"background-color":"","background-image":"","background-repeat":"repeat","background-position":"center center","background-size":"auto","background-attachment":"scroll","background-type":"","background-media":"","overlay-type":"","overlay-color":"","overlay-opacity":"","overlay-gradient":""}},"ast-content-background-meta":{"desktop":{"background-color":"var(--ast-global-color-5)","background-image":"","background-repeat":"repeat","background-position":"center center","background-size":"auto","background-attachment":"scroll","background-type":"","background-media":"","overlay-type":"","overlay-color":"","overlay-opacity":"","overlay-gradient":""},"tablet":{"background-color":"var(--ast-global-color-5)","background-image":"","background-repeat":"repeat","background-position":"center center","background-size":"auto","background-attachment":"scroll","background-type":"","background-media":"","overlay-type":"","overlay-color":"","overlay-opacity":"","overlay-gradient":""},"mobile":{"background-color":"var(--ast-global-color-5)","background-image":"","background-repeat":"repeat","background-position":"center center","background-size":"auto","background-attachment":"scroll","background-type":"","background-media":"","overlay-type":"","overlay-color":"","overlay-opacity":"","overlay-gradient":""}}},"product_brand":[],"product_cat":[305,264,261,265,266,262],"product_tag":[237,236],"class_list":{"0":"post-11236","1":"product","2":"type-product","3":"status-publish","4":"has-post-thumbnail","6":"product_cat-cbd-es","7":"product_cat-concentrados-cbd","8":"product_cat-flores-cbd","9":"product_cat-flores-cbd-efecto-fuerte","10":"product_cat-hachis-cbd","11":"product_cat-hachis-y-concentrados","12":"product_tag-flores-cbd-baratas","13":"product_tag-poderosas-flores-de-cbd","14":"pa_cbd-rate-mas-del-20-de-cbd","15":"pa_kategorie-greenhouse-cbd-es","16":"desktop-align-left","17":"tablet-align-center","18":"mobile-align-left","19":"ast-product-gallery-layout-vertical","20":"ast-product-gallery-with-no-image","21":"ast-magnify-disabled","22":"ast-product-single-variable","23":"ast-product-tabs-layout-horizontal","25":"first","26":"instock","27":"taxable","28":"shipping-taxable","29":"purchasable","30":"product-type-variable"},"yoast_head":"<!-- This site is optimized with the Yoast SEO Premium plugin v27.2 (Yoast SEO v27.5) - https:\/\/yoast.com\/product\/yoast-seo-premium-wordpress\/ -->\n<title>Icerock CBD 70% - CBD ultra fuerte en Blumiz, especialista en CBD<\/title>\n<meta name=\"description\" content=\"Icerock CBD 70% ultra-fuerte % desde 3\u20ac\/g.... CBD ultra-fuerte para consumidores exigentes..Legal en Espa\u00f1a Premium - Entrega discreta\" \/>\n<meta name=\"robots\" content=\"index, follow, max-snippet:-1, max-image-preview:large, max-video-preview:-1\" \/>\n<link rel=\"canonical\" href=\"https:\/\/blumiz.com\/es\/producto\/icerock-cbd-70\/\" \/>\n<meta property=\"og:locale\" content=\"es_ES\" \/>\n<meta property=\"og:type\" content=\"article\" \/>\n<meta property=\"og:title\" content=\"IceRock CBD 70%\" \/>\n<meta property=\"og:description\" content=\"IceRock CBD 70% Blumiz - Premium CBD\" \/>\n<meta property=\"og:url\" content=\"https:\/\/blumiz.com\/es\/producto\/icerock-cbd-70\/\" \/>\n<meta property=\"og:site_name\" content=\"Blumiz - Premium CBD\" \/>\n<meta property=\"article:modified_time\" content=\"2025-02-06T20:33:47+00:00\" \/>\n<meta property=\"og:image\" content=\"https:\/\/blumiz.com\/wp-content\/uploads\/2023\/05\/Icerock-cbd-moonrock.webp\" \/>\n\t<meta property=\"og:image:width\" content=\"600\" \/>\n\t<meta property=\"og:image:height\" content=\"600\" \/>\n\t<meta property=\"og:image:type\" content=\"image\/webp\" \/>\n<meta name=\"twitter:card\" content=\"summary_large_image\" \/>\n<meta name=\"twitter:label1\" content=\"Disponibilidad\" \/>\n\t<meta name=\"twitter:data1\" content=\"Disponible\" \/>\n<script type=\"application\/ld+json\" class=\"yoast-schema-graph\">{\"@context\":\"https:\\\/\\\/schema.org\",\"@graph\":[{\"@type\":\"WebPage\",\"@id\":\"https:\\\/\\\/blumiz.com\\\/es\\\/producto\\\/icerock-cbd-70\\\/\",\"url\":\"https:\\\/\\\/blumiz.com\\\/es\\\/producto\\\/icerock-cbd-70\\\/\",\"name\":\"Icerock CBD 70% - CBD ultra fuerte en Blumiz, especialista en CBD\",\"isPartOf\":{\"@id\":\"https:\\\/\\\/blumiz.com\\\/es\\\/#website\"},\"primaryImageOfPage\":{\"@id\":\"https:\\\/\\\/blumiz.com\\\/es\\\/producto\\\/icerock-cbd-70\\\/#primaryimage\"},\"image\":{\"@id\":\"https:\\\/\\\/blumiz.com\\\/es\\\/producto\\\/icerock-cbd-70\\\/#primaryimage\"},\"thumbnailUrl\":\"https:\\\/\\\/blumiz.com\\\/wp-content\\\/uploads\\\/2023\\\/05\\\/Icerock-cbd-moonrock.webp\",\"datePublished\":\"2023-05-04T11:24:10+00:00\",\"dateModified\":\"2025-02-06T20:33:47+00:00\",\"description\":\"Icerock CBD 70% ultra-fuerte % desde 3\u20ac\\\/g.... CBD ultra-fuerte para consumidores exigentes..Legal en Espa\u00f1a Premium - Entrega discreta\",\"breadcrumb\":{\"@id\":\"https:\\\/\\\/blumiz.com\\\/es\\\/producto\\\/icerock-cbd-70\\\/#breadcrumb\"},\"inLanguage\":\"es\",\"potentialAction\":[{\"@type\":\"ReadAction\",\"target\":[\"https:\\\/\\\/blumiz.com\\\/es\\\/producto\\\/icerock-cbd-70\\\/\"]}]},{\"@type\":\"ImageObject\",\"inLanguage\":\"es\",\"@id\":\"https:\\\/\\\/blumiz.com\\\/es\\\/producto\\\/icerock-cbd-70\\\/#primaryimage\",\"url\":\"https:\\\/\\\/blumiz.com\\\/wp-content\\\/uploads\\\/2023\\\/05\\\/Icerock-cbd-moonrock.webp\",\"contentUrl\":\"https:\\\/\\\/blumiz.com\\\/wp-content\\\/uploads\\\/2023\\\/05\\\/Icerock-cbd-moonrock.webp\",\"width\":600,\"height\":600},{\"@type\":\"BreadcrumbList\",\"@id\":\"https:\\\/\\\/blumiz.com\\\/es\\\/producto\\\/icerock-cbd-70\\\/#breadcrumb\",\"itemListElement\":[{\"@type\":\"ListItem\",\"position\":1,\"name\":\"Blumiz\",\"item\":\"https:\\\/\\\/blumiz.com\\\/es\\\/\"},{\"@type\":\"ListItem\",\"position\":2,\"name\":\"CBD Shop\",\"item\":\"https:\\\/\\\/blumiz.com\\\/es\\\/tienda\\\/\"},{\"@type\":\"ListItem\",\"position\":3,\"name\":\"Hachis y concentrados\",\"item\":\"https:\\\/\\\/blumiz.com\\\/es\\\/category\\\/hachis-y-concentrados\\\/\"},{\"@type\":\"ListItem\",\"position\":4,\"name\":\"IceRock CBD 70%\"}]},{\"@type\":\"WebSite\",\"@id\":\"https:\\\/\\\/blumiz.com\\\/es\\\/#website\",\"url\":\"https:\\\/\\\/blumiz.com\\\/es\\\/\",\"name\":\"Blumiz - Premium CBD\",\"description\":\"Un CBD al mejor precio y de calidad superior\",\"publisher\":{\"@id\":\"https:\\\/\\\/blumiz.com\\\/es\\\/#organization\"},\"alternateName\":\"Blumiz\",\"potentialAction\":[{\"@type\":\"SearchAction\",\"target\":{\"@type\":\"EntryPoint\",\"urlTemplate\":\"https:\\\/\\\/blumiz.com\\\/es\\\/?s={search_term_string}\"},\"query-input\":{\"@type\":\"PropertyValueSpecification\",\"valueRequired\":true,\"valueName\":\"search_term_string\"}}],\"inLanguage\":\"es\"},{\"@type\":\"Organization\",\"@id\":\"https:\\\/\\\/blumiz.com\\\/es\\\/#organization\",\"name\":\"Blumiz CBD\",\"alternateName\":\"Blumiz\",\"url\":\"https:\\\/\\\/blumiz.com\\\/es\\\/\",\"logo\":{\"@type\":\"ImageObject\",\"inLanguage\":\"es\",\"@id\":\"https:\\\/\\\/blumiz.com\\\/es\\\/#\\\/schema\\\/logo\\\/image\\\/\",\"url\":\"https:\\\/\\\/blumiz.com\\\/wp-content\\\/uploads\\\/2026\\\/02\\\/cropped-Blumiz-CBD-logo.webp\",\"contentUrl\":\"https:\\\/\\\/blumiz.com\\\/wp-content\\\/uploads\\\/2026\\\/02\\\/cropped-Blumiz-CBD-logo.webp\",\"width\":2547,\"height\":778,\"caption\":\"Blumiz CBD\"},\"image\":{\"@id\":\"https:\\\/\\\/blumiz.com\\\/es\\\/#\\\/schema\\\/logo\\\/image\\\/\"}}]}<\/script>\n<meta property=\"og:availability\" content=\"instock\" \/>\n<meta property=\"product:availability\" content=\"instock\" \/>\n<meta property=\"product:retailer_item_id\" content=\"1902\" \/>\n<meta property=\"product:condition\" content=\"new\" \/>\n<!-- \/ Yoast SEO Premium plugin. -->","yoast_head_json":{"title":"Icerock CBD 70% - CBD ultra fuerte en Blumiz, especialista en CBD","description":"Icerock CBD 70% ultra-fuerte % desde 3\u20ac\/g.... CBD ultra-fuerte para consumidores exigentes..Legal en Espa\u00f1a Premium - Entrega discreta","robots":{"index":"index","follow":"follow","max-snippet":"max-snippet:-1","max-image-preview":"max-image-preview:large","max-video-preview":"max-video-preview:-1"},"canonical":"https:\/\/blumiz.com\/es\/producto\/icerock-cbd-70\/","og_locale":"es_ES","og_type":"article","og_title":"IceRock CBD 70%","og_description":"IceRock CBD 70% Blumiz - Premium CBD","og_url":"https:\/\/blumiz.com\/es\/producto\/icerock-cbd-70\/","og_site_name":"Blumiz - Premium CBD","article_modified_time":"2025-02-06T20:33:47+00:00","og_image":[{"width":600,"height":600,"url":"https:\/\/blumiz.com\/wp-content\/uploads\/2023\/05\/Icerock-cbd-moonrock.webp","type":"image\/webp"}],"twitter_card":"summary_large_image","twitter_misc":{"Disponibilidad":"Disponible"},"schema":{"@context":"https:\/\/schema.org","@graph":[{"@type":"WebPage","@id":"https:\/\/blumiz.com\/es\/producto\/icerock-cbd-70\/","url":"https:\/\/blumiz.com\/es\/producto\/icerock-cbd-70\/","name":"Icerock CBD 70% - CBD ultra fuerte en Blumiz, especialista en CBD","isPartOf":{"@id":"https:\/\/blumiz.com\/es\/#website"},"primaryImageOfPage":{"@id":"https:\/\/blumiz.com\/es\/producto\/icerock-cbd-70\/#primaryimage"},"image":{"@id":"https:\/\/blumiz.com\/es\/producto\/icerock-cbd-70\/#primaryimage"},"thumbnailUrl":"https:\/\/blumiz.com\/wp-content\/uploads\/2023\/05\/Icerock-cbd-moonrock.webp","datePublished":"2023-05-04T11:24:10+00:00","dateModified":"2025-02-06T20:33:47+00:00","description":"Icerock CBD 70% ultra-fuerte % desde 3\u20ac\/g.... CBD ultra-fuerte para consumidores exigentes..Legal en Espa\u00f1a Premium - Entrega discreta","breadcrumb":{"@id":"https:\/\/blumiz.com\/es\/producto\/icerock-cbd-70\/#breadcrumb"},"inLanguage":"es","potentialAction":[{"@type":"ReadAction","target":["https:\/\/blumiz.com\/es\/producto\/icerock-cbd-70\/"]}]},{"@type":"ImageObject","inLanguage":"es","@id":"https:\/\/blumiz.com\/es\/producto\/icerock-cbd-70\/#primaryimage","url":"https:\/\/blumiz.com\/wp-content\/uploads\/2023\/05\/Icerock-cbd-moonrock.webp","contentUrl":"https:\/\/blumiz.com\/wp-content\/uploads\/2023\/05\/Icerock-cbd-moonrock.webp","width":600,"height":600},{"@type":"BreadcrumbList","@id":"https:\/\/blumiz.com\/es\/producto\/icerock-cbd-70\/#breadcrumb","itemListElement":[{"@type":"ListItem","position":1,"name":"Blumiz","item":"https:\/\/blumiz.com\/es\/"},{"@type":"ListItem","position":2,"name":"CBD Shop","item":"https:\/\/blumiz.com\/es\/tienda\/"},{"@type":"ListItem","position":3,"name":"Hachis y concentrados","item":"https:\/\/blumiz.com\/es\/category\/hachis-y-concentrados\/"},{"@type":"ListItem","position":4,"name":"IceRock CBD 70%"}]},{"@type":"WebSite","@id":"https:\/\/blumiz.com\/es\/#website","url":"https:\/\/blumiz.com\/es\/","name":"Blumiz - Premium CBD","description":"Un CBD al mejor precio y de calidad superior","publisher":{"@id":"https:\/\/blumiz.com\/es\/#organization"},"alternateName":"Blumiz","potentialAction":[{"@type":"SearchAction","target":{"@type":"EntryPoint","urlTemplate":"https:\/\/blumiz.com\/es\/?s={search_term_string}"},"query-input":{"@type":"PropertyValueSpecification","valueRequired":true,"valueName":"search_term_string"}}],"inLanguage":"es"},{"@type":"Organization","@id":"https:\/\/blumiz.com\/es\/#organization","name":"Blumiz CBD","alternateName":"Blumiz","url":"https:\/\/blumiz.com\/es\/","logo":{"@type":"ImageObject","inLanguage":"es","@id":"https:\/\/blumiz.com\/es\/#\/schema\/logo\/image\/","url":"https:\/\/blumiz.com\/wp-content\/uploads\/2026\/02\/cropped-Blumiz-CBD-logo.webp","contentUrl":"https:\/\/blumiz.com\/wp-content\/uploads\/2026\/02\/cropped-Blumiz-CBD-logo.webp","width":2547,"height":778,"caption":"Blumiz CBD"},"image":{"@id":"https:\/\/blumiz.com\/es\/#\/schema\/logo\/image\/"}}]},"og_availability":"instock","product_availability":"instock","product_retailer_item_id":"1902","product_condition":"new"},"_links":{"self":[{"href":"https:\/\/blumiz.com\/es\/wp-json\/wp\/v2\/product\/11236","targetHints":{"allow":["GET"]}}],"collection":[{"href":"https:\/\/blumiz.com\/es\/wp-json\/wp\/v2\/product"}],"about":[{"href":"https:\/\/blumiz.com\/es\/wp-json\/wp\/v2\/types\/product"}],"replies":[{"embeddable":true,"href":"https:\/\/blumiz.com\/es\/wp-json\/wp\/v2\/comments?post=11236"}],"version-history":[{"count":0,"href":"https:\/\/blumiz.com\/es\/wp-json\/wp\/v2\/product\/11236\/revisions"}],"wp:featuredmedia":[{"embeddable":true,"href":"https:\/\/blumiz.com\/es\/wp-json\/wp\/v2\/media\/11197"}],"wp:attachment":[{"href":"https:\/\/blumiz.com\/es\/wp-json\/wp\/v2\/media?parent=11236"}],"wp:term":[{"taxonomy":"product_brand","embeddable":true,"href":"https:\/\/blumiz.com\/es\/wp-json\/wp\/v2\/product_brand?post=11236"},{"taxonomy":"product_cat","embeddable":true,"href":"https:\/\/blumiz.com\/es\/wp-json\/wp\/v2\/product_cat?post=11236"},{"taxonomy":"product_tag","embeddable":true,"href":"https:\/\/blumiz.com\/es\/wp-json\/wp\/v2\/product_tag?post=11236"}],"curies":[{"name":"wp","href":"https:\/\/api.w.org\/{rel}","templated":true}]}}