{"id":11254,"date":"2022-12-16T11:15:11","date_gmt":"2022-12-16T10:15:11","guid":{"rendered":"https:\/\/blumiz.com\/produkt\/purple-cbd-haze-greenhouse-flores-cbd-15-solo-disponible-en-25-y-100-g\/"},"modified":"2025-02-06T21:33:47","modified_gmt":"2025-02-06T20:33:47","slug":"purple-cbd-haze-greenhouse-flores-cbd-15-solo-disponible-en-25-y-100-g","status":"publish","type":"product","link":"https:\/\/blumiz.com\/es\/producto\/purple-cbd-haze-greenhouse-flores-cbd-15-solo-disponible-en-25-y-100-g\/","title":{"rendered":"Purple CBD Haze Greenhouse &#8211; Flores CBD 15"},"content":{"rendered":"<h2>Descripci\u00f3n Flores CBD Purple Haze 15%.<\/h2>\n<p>Purple Haze es una hierba CBD dulce y muy popular en el mundo del cannabis. Con su alta concentraci\u00f3n de CBD del 15%, hace honor plenamente a su reputaci\u00f3n y \u00a1promete una relajaci\u00f3n real a cualquier hora del d\u00eda! \ud83d\ude4c<\/p>\n<h3>Descripci\u00f3n de la CBD Purple Haze Greenhouse Flower<\/h3>\n<p>La famosa flor CBD Purple Haze, derivada de una variedad de cannabis sativa, tiene unos or\u00edgenes dif\u00edciles de definir.<\/p>\n<p>Esta flor, muy popular en el mundo del cannabis, es de gran calidad, tanto por su cultivo como por las sensaciones y beneficios terap\u00e9uticos que ofrece. Destaca su alto contenido en CBD del 15%, algo bastante poco com\u00fan. \ud83c\udf3f<\/p>\n<p>Cultivadas en invernadero, sus cogollos finos pero largos, con una hermosa capa de tricomas pegajosos, te impulsan a una relajaci\u00f3n sin igual.<\/p>\n<p>Todas las celebridades del rap americano ya han hablado de ella en su canci\u00f3n, Purple Haze es una planta m\u00edtica de tonalidades p\u00farpuras que sin duda deber\u00edas probar para formarte tu propia opini\u00f3n.<\/p>\n<h3>El sabor floral \u00fanico de CBD Purple Haze Greenhouse<\/h3>\n<p>Purple Haze es ic\u00f3nica. Esta variedad de cannabis es indispensable en el mundo del cannabis y es considerada la reina de las Haze en la industria. \ud83c\udf3f<\/p>\n<p>En boca ofrece aromas florales muy suaves y frescos como la lavanda. Cuando las pruebes, tambi\u00e9n experimentar\u00e1s un fuerte sabor afrutado, especialmente a moras y uvas, que procede de sus hermosos brotes morados.<\/p>\n<p>Tambi\u00e9n es rica en resina y tricomas anaranjados. Estos le dan una agradable sensaci\u00f3n amaderada y terrosa que es testimonio de su lado natural. \ud83c\udf3f<\/p>\n<p>Esta mezcla de fragancias es \u00fanica y merece la pena echarle un vistazo. La Purple Haze es insuperable en cuanto a aspecto, pero tambi\u00e9n en cuanto a sabores. Sin embargo, si quieres probar otra variedad con sabores similares, te recomendamos<a href=\"https:\/\/blumiz.com\/producto\/mango-kush-cbd\/\"> la Mango Kush<\/a>.<\/p>\n<h3>El efecto de la CBD Purple Haze Greenhouse<\/h3>\n<p>Purple Haze es famosa por su lado relajante. Es ideal para combatir estados de estr\u00e9s, ansiedad, depresi\u00f3n y falta de confianza en uno mismo. Esta poderosa flor ofrece beneficios terap\u00e9uticos y estimulantes para la actividad cerebral, incluyendo la memoria, la concentraci\u00f3n y la creatividad. No es de extra\u00f1ar que los m\u00fasicos y otros artistas la adoren. \ud83d\udcaa<\/p>\n<p>Adem\u00e1s, Purple Haze es ideal para suavizar. Si est\u00e1s enfadado o de mal humor, no dudes en acercarte a ellos. Le har\u00e1 m\u00e1s conciliador, m\u00e1s amable y menos a la defensiva. Purple Haze te hace ver las cosas desde el lado positivo. La flor de CBD Purple Haze se consume en infusi\u00f3n o vaporizaci\u00f3n.<\/p>\n<p>Descubra aqu\u00ed tambi\u00e9n nuestro <a href=\"https:\/\/blumiz.com\/es\/category\/hachis-y-concentrados\/\">CBD Hachis<\/a><\/p>\n<p>Una pregunta, \u00bfnecesitas ayuda?  <a href=\"https:\/\/blumiz.com\/hilfe-und-faqs\/\">Haga clic aqu\u00ed para descubrir nuestro centro de ayuda.<\/a><\/p>\n<p>Descubre nuestros <a href=\"https:\/\/blumiz.com\/es\/category\/headshop-es\/\">productos y accesorios Headshop<\/a> para disfrutar de tus variedades favoritas<\/p>\n","protected":false},"excerpt":{"rendered":"<h2>CBD Bud Purple Haze Greenhouse 15%.<\/h2>\n<p>Incre\u00edbles sabores morados y propios<\/p>\n","protected":false},"featured_media":10969,"comment_status":"open","ping_status":"closed","template":"","meta":{"site-sidebar-layout":"default","site-content-layout":"default","ast-site-content-layout":"default","site-content-style":"default","site-sidebar-style":"default","ast-global-header-display":"","ast-banner-title-visibility":"","ast-main-header-display":"","ast-hfb-above-header-display":"","ast-hfb-below-header-display":"","ast-hfb-mobile-header-display":"","site-post-title":"","ast-breadcrumbs-content":"","ast-featured-img":"","footer-sml-layout":"","ast-disable-related-posts":"","theme-transparent-header-meta":"default","adv-header-id-meta":"","stick-header-meta":"default","header-above-stick-meta":"","header-main-stick-meta":"","header-below-stick-meta":"","astra-migrate-meta-layouts":"default","ast-page-background-enabled":"default","ast-page-background-meta":{"desktop":{"background-color":"","background-image":"","background-repeat":"repeat","background-position":"center center","background-size":"auto","background-attachment":"scroll","background-type":"","background-media":"","overlay-type":"","overlay-color":"","overlay-opacity":"","overlay-gradient":""},"tablet":{"background-color":"","background-image":"","background-repeat":"repeat","background-position":"center center","background-size":"auto","background-attachment":"scroll","background-type":"","background-media":"","overlay-type":"","overlay-color":"","overlay-opacity":"","overlay-gradient":""},"mobile":{"background-color":"","background-image":"","background-repeat":"repeat","background-position":"center center","background-size":"auto","background-attachment":"scroll","background-type":"","background-media":"","overlay-type":"","overlay-color":"","overlay-opacity":"","overlay-gradient":""}},"ast-content-background-meta":{"desktop":{"background-color":"var(--ast-global-color-5)","background-image":"","background-repeat":"repeat","background-position":"center center","background-size":"auto","background-attachment":"scroll","background-type":"","background-media":"","overlay-type":"","overlay-color":"","overlay-opacity":"","overlay-gradient":""},"tablet":{"background-color":"var(--ast-global-color-5)","background-image":"","background-repeat":"repeat","background-position":"center center","background-size":"auto","background-attachment":"scroll","background-type":"","background-media":"","overlay-type":"","overlay-color":"","overlay-opacity":"","overlay-gradient":""},"mobile":{"background-color":"var(--ast-global-color-5)","background-image":"","background-repeat":"repeat","background-position":"center center","background-size":"auto","background-attachment":"scroll","background-type":"","background-media":"","overlay-type":"","overlay-color":"","overlay-opacity":"","overlay-gradient":""}}},"product_brand":[],"product_cat":[305,261,268],"product_tag":[],"class_list":{"0":"post-11254","1":"product","2":"type-product","3":"status-publish","4":"has-post-thumbnail","6":"product_cat-cbd-es","7":"product_cat-flores-cbd","8":"product_cat-greenhouse-flores-cbd","9":"pa_cbd-rate-10-a-20-cbd-es","10":"desktop-align-left","11":"tablet-align-center","12":"mobile-align-left","13":"ast-product-gallery-layout-vertical","14":"ast-magnify-disabled","15":"ast-product-single-variable","16":"ast-product-tabs-layout-horizontal","18":"first","19":"instock","20":"taxable","21":"shipping-taxable","22":"purchasable","23":"product-type-variable"},"yoast_head":"<!-- This site is optimized with the Yoast SEO Premium plugin v27.2 (Yoast SEO v27.4) - https:\/\/yoast.com\/product\/yoast-seo-premium-wordpress\/ -->\n<title>Purple CBD Haze Greenhouse 15%.<\/title>\n<meta name=\"description\" content=\"Purple CBD Haze Greenhouse 15% - Variedad de floraci\u00f3n CBD muy apreciada por su sabor, a la vez muy dulce y lleno de sabores.\" \/>\n<meta name=\"robots\" content=\"index, follow, max-snippet:-1, max-image-preview:large, max-video-preview:-1\" \/>\n<link rel=\"canonical\" href=\"https:\/\/blumiz.com\/es\/producto\/purple-cbd-haze-greenhouse-flores-cbd-15-solo-disponible-en-25-y-100-g\/\" \/>\n<meta property=\"og:locale\" content=\"es_ES\" \/>\n<meta property=\"og:type\" content=\"article\" \/>\n<meta property=\"og:title\" content=\"Purple CBD Haze Greenhouse - Flores CBD 15\" \/>\n<meta property=\"og:description\" content=\"Purple CBD Haze Greenhouse - Flores CBD 15 Blumiz - Premium CBD\" \/>\n<meta property=\"og:url\" content=\"https:\/\/blumiz.com\/es\/producto\/purple-cbd-haze-greenhouse-flores-cbd-15-solo-disponible-en-25-y-100-g\/\" \/>\n<meta property=\"og:site_name\" content=\"Blumiz - Premium CBD\" \/>\n<meta property=\"article:modified_time\" content=\"2025-02-06T20:33:47+00:00\" \/>\n<meta property=\"og:image\" content=\"https:\/\/blumiz.com\/wp-content\/uploads\/2022\/12\/PURPLE-GH-CBD-BLUeTEN.webp\" \/>\n\t<meta property=\"og:image:width\" content=\"600\" \/>\n\t<meta property=\"og:image:height\" content=\"600\" \/>\n\t<meta property=\"og:image:type\" content=\"image\/webp\" \/>\n<meta name=\"twitter:card\" content=\"summary_large_image\" \/>\n<meta name=\"twitter:label1\" content=\"Disponibilidad\" \/>\n\t<meta name=\"twitter:data1\" content=\"Disponible\" \/>\n<script type=\"application\/ld+json\" class=\"yoast-schema-graph\">{\"@context\":\"https:\\\/\\\/schema.org\",\"@graph\":[{\"@type\":\"WebPage\",\"@id\":\"https:\\\/\\\/blumiz.com\\\/es\\\/producto\\\/purple-cbd-haze-greenhouse-flores-cbd-15-solo-disponible-en-25-y-100-g\\\/\",\"url\":\"https:\\\/\\\/blumiz.com\\\/es\\\/producto\\\/purple-cbd-haze-greenhouse-flores-cbd-15-solo-disponible-en-25-y-100-g\\\/\",\"name\":\"Purple CBD Haze Greenhouse 15%.\",\"isPartOf\":{\"@id\":\"https:\\\/\\\/blumiz.com\\\/es\\\/#website\"},\"primaryImageOfPage\":{\"@id\":\"https:\\\/\\\/blumiz.com\\\/es\\\/producto\\\/purple-cbd-haze-greenhouse-flores-cbd-15-solo-disponible-en-25-y-100-g\\\/#primaryimage\"},\"image\":{\"@id\":\"https:\\\/\\\/blumiz.com\\\/es\\\/producto\\\/purple-cbd-haze-greenhouse-flores-cbd-15-solo-disponible-en-25-y-100-g\\\/#primaryimage\"},\"thumbnailUrl\":\"https:\\\/\\\/blumiz.com\\\/wp-content\\\/uploads\\\/2022\\\/12\\\/PURPLE-GH-CBD-BLUeTEN.webp\",\"datePublished\":\"2022-12-16T10:15:11+00:00\",\"dateModified\":\"2025-02-06T20:33:47+00:00\",\"description\":\"Purple CBD Haze Greenhouse 15% - Variedad de floraci\u00f3n CBD muy apreciada por su sabor, a la vez muy dulce y lleno de sabores.\",\"breadcrumb\":{\"@id\":\"https:\\\/\\\/blumiz.com\\\/es\\\/producto\\\/purple-cbd-haze-greenhouse-flores-cbd-15-solo-disponible-en-25-y-100-g\\\/#breadcrumb\"},\"inLanguage\":\"es\",\"potentialAction\":[{\"@type\":\"ReadAction\",\"target\":[\"https:\\\/\\\/blumiz.com\\\/es\\\/producto\\\/purple-cbd-haze-greenhouse-flores-cbd-15-solo-disponible-en-25-y-100-g\\\/\"]}]},{\"@type\":\"ImageObject\",\"inLanguage\":\"es\",\"@id\":\"https:\\\/\\\/blumiz.com\\\/es\\\/producto\\\/purple-cbd-haze-greenhouse-flores-cbd-15-solo-disponible-en-25-y-100-g\\\/#primaryimage\",\"url\":\"https:\\\/\\\/blumiz.com\\\/wp-content\\\/uploads\\\/2022\\\/12\\\/PURPLE-GH-CBD-BLUeTEN.webp\",\"contentUrl\":\"https:\\\/\\\/blumiz.com\\\/wp-content\\\/uploads\\\/2022\\\/12\\\/PURPLE-GH-CBD-BLUeTEN.webp\",\"width\":600,\"height\":600},{\"@type\":\"BreadcrumbList\",\"@id\":\"https:\\\/\\\/blumiz.com\\\/es\\\/producto\\\/purple-cbd-haze-greenhouse-flores-cbd-15-solo-disponible-en-25-y-100-g\\\/#breadcrumb\",\"itemListElement\":[{\"@type\":\"ListItem\",\"position\":1,\"name\":\"Blumiz\",\"item\":\"https:\\\/\\\/blumiz.com\\\/es\\\/\"},{\"@type\":\"ListItem\",\"position\":2,\"name\":\"CBD Shop\",\"item\":\"https:\\\/\\\/blumiz.com\\\/es\\\/tienda\\\/\"},{\"@type\":\"ListItem\",\"position\":3,\"name\":\"Flores CBD\",\"item\":\"https:\\\/\\\/blumiz.com\\\/es\\\/category\\\/flores-cbd\\\/\"},{\"@type\":\"ListItem\",\"position\":4,\"name\":\"Purple CBD Haze Greenhouse &#8211; Flores CBD 15\"}]},{\"@type\":\"WebSite\",\"@id\":\"https:\\\/\\\/blumiz.com\\\/es\\\/#website\",\"url\":\"https:\\\/\\\/blumiz.com\\\/es\\\/\",\"name\":\"Blumiz - Premium CBD\",\"description\":\"Un CBD al mejor precio y de calidad superior\",\"publisher\":{\"@id\":\"https:\\\/\\\/blumiz.com\\\/es\\\/#organization\"},\"alternateName\":\"Blumiz\",\"potentialAction\":[{\"@type\":\"SearchAction\",\"target\":{\"@type\":\"EntryPoint\",\"urlTemplate\":\"https:\\\/\\\/blumiz.com\\\/es\\\/?s={search_term_string}\"},\"query-input\":{\"@type\":\"PropertyValueSpecification\",\"valueRequired\":true,\"valueName\":\"search_term_string\"}}],\"inLanguage\":\"es\"},{\"@type\":\"Organization\",\"@id\":\"https:\\\/\\\/blumiz.com\\\/es\\\/#organization\",\"name\":\"Blumiz CBD\",\"alternateName\":\"Blumiz\",\"url\":\"https:\\\/\\\/blumiz.com\\\/es\\\/\",\"logo\":{\"@type\":\"ImageObject\",\"inLanguage\":\"es\",\"@id\":\"https:\\\/\\\/blumiz.com\\\/es\\\/#\\\/schema\\\/logo\\\/image\\\/\",\"url\":\"https:\\\/\\\/blumiz.com\\\/wp-content\\\/uploads\\\/2026\\\/02\\\/cropped-Blumiz-CBD-logo.webp\",\"contentUrl\":\"https:\\\/\\\/blumiz.com\\\/wp-content\\\/uploads\\\/2026\\\/02\\\/cropped-Blumiz-CBD-logo.webp\",\"width\":2547,\"height\":778,\"caption\":\"Blumiz CBD\"},\"image\":{\"@id\":\"https:\\\/\\\/blumiz.com\\\/es\\\/#\\\/schema\\\/logo\\\/image\\\/\"}}]}<\/script>\n<meta property=\"og:availability\" content=\"instock\" \/>\n<meta property=\"product:availability\" content=\"instock\" \/>\n<meta property=\"product:retailer_item_id\" content=\"51399\" \/>\n<meta property=\"product:condition\" content=\"new\" \/>\n<!-- \/ Yoast SEO Premium plugin. -->","yoast_head_json":{"title":"Purple CBD Haze Greenhouse 15%.","description":"Purple CBD Haze Greenhouse 15% - Variedad de floraci\u00f3n CBD muy apreciada por su sabor, a la vez muy dulce y lleno de sabores.","robots":{"index":"index","follow":"follow","max-snippet":"max-snippet:-1","max-image-preview":"max-image-preview:large","max-video-preview":"max-video-preview:-1"},"canonical":"https:\/\/blumiz.com\/es\/producto\/purple-cbd-haze-greenhouse-flores-cbd-15-solo-disponible-en-25-y-100-g\/","og_locale":"es_ES","og_type":"article","og_title":"Purple CBD Haze Greenhouse - Flores CBD 15","og_description":"Purple CBD Haze Greenhouse - Flores CBD 15 Blumiz - Premium CBD","og_url":"https:\/\/blumiz.com\/es\/producto\/purple-cbd-haze-greenhouse-flores-cbd-15-solo-disponible-en-25-y-100-g\/","og_site_name":"Blumiz - Premium CBD","article_modified_time":"2025-02-06T20:33:47+00:00","og_image":[{"width":600,"height":600,"url":"https:\/\/blumiz.com\/wp-content\/uploads\/2022\/12\/PURPLE-GH-CBD-BLUeTEN.webp","type":"image\/webp"}],"twitter_card":"summary_large_image","twitter_misc":{"Disponibilidad":"Disponible"},"schema":{"@context":"https:\/\/schema.org","@graph":[{"@type":"WebPage","@id":"https:\/\/blumiz.com\/es\/producto\/purple-cbd-haze-greenhouse-flores-cbd-15-solo-disponible-en-25-y-100-g\/","url":"https:\/\/blumiz.com\/es\/producto\/purple-cbd-haze-greenhouse-flores-cbd-15-solo-disponible-en-25-y-100-g\/","name":"Purple CBD Haze Greenhouse 15%.","isPartOf":{"@id":"https:\/\/blumiz.com\/es\/#website"},"primaryImageOfPage":{"@id":"https:\/\/blumiz.com\/es\/producto\/purple-cbd-haze-greenhouse-flores-cbd-15-solo-disponible-en-25-y-100-g\/#primaryimage"},"image":{"@id":"https:\/\/blumiz.com\/es\/producto\/purple-cbd-haze-greenhouse-flores-cbd-15-solo-disponible-en-25-y-100-g\/#primaryimage"},"thumbnailUrl":"https:\/\/blumiz.com\/wp-content\/uploads\/2022\/12\/PURPLE-GH-CBD-BLUeTEN.webp","datePublished":"2022-12-16T10:15:11+00:00","dateModified":"2025-02-06T20:33:47+00:00","description":"Purple CBD Haze Greenhouse 15% - Variedad de floraci\u00f3n CBD muy apreciada por su sabor, a la vez muy dulce y lleno de sabores.","breadcrumb":{"@id":"https:\/\/blumiz.com\/es\/producto\/purple-cbd-haze-greenhouse-flores-cbd-15-solo-disponible-en-25-y-100-g\/#breadcrumb"},"inLanguage":"es","potentialAction":[{"@type":"ReadAction","target":["https:\/\/blumiz.com\/es\/producto\/purple-cbd-haze-greenhouse-flores-cbd-15-solo-disponible-en-25-y-100-g\/"]}]},{"@type":"ImageObject","inLanguage":"es","@id":"https:\/\/blumiz.com\/es\/producto\/purple-cbd-haze-greenhouse-flores-cbd-15-solo-disponible-en-25-y-100-g\/#primaryimage","url":"https:\/\/blumiz.com\/wp-content\/uploads\/2022\/12\/PURPLE-GH-CBD-BLUeTEN.webp","contentUrl":"https:\/\/blumiz.com\/wp-content\/uploads\/2022\/12\/PURPLE-GH-CBD-BLUeTEN.webp","width":600,"height":600},{"@type":"BreadcrumbList","@id":"https:\/\/blumiz.com\/es\/producto\/purple-cbd-haze-greenhouse-flores-cbd-15-solo-disponible-en-25-y-100-g\/#breadcrumb","itemListElement":[{"@type":"ListItem","position":1,"name":"Blumiz","item":"https:\/\/blumiz.com\/es\/"},{"@type":"ListItem","position":2,"name":"CBD Shop","item":"https:\/\/blumiz.com\/es\/tienda\/"},{"@type":"ListItem","position":3,"name":"Flores CBD","item":"https:\/\/blumiz.com\/es\/category\/flores-cbd\/"},{"@type":"ListItem","position":4,"name":"Purple CBD Haze Greenhouse &#8211; Flores CBD 15"}]},{"@type":"WebSite","@id":"https:\/\/blumiz.com\/es\/#website","url":"https:\/\/blumiz.com\/es\/","name":"Blumiz - Premium CBD","description":"Un CBD al mejor precio y de calidad superior","publisher":{"@id":"https:\/\/blumiz.com\/es\/#organization"},"alternateName":"Blumiz","potentialAction":[{"@type":"SearchAction","target":{"@type":"EntryPoint","urlTemplate":"https:\/\/blumiz.com\/es\/?s={search_term_string}"},"query-input":{"@type":"PropertyValueSpecification","valueRequired":true,"valueName":"search_term_string"}}],"inLanguage":"es"},{"@type":"Organization","@id":"https:\/\/blumiz.com\/es\/#organization","name":"Blumiz CBD","alternateName":"Blumiz","url":"https:\/\/blumiz.com\/es\/","logo":{"@type":"ImageObject","inLanguage":"es","@id":"https:\/\/blumiz.com\/es\/#\/schema\/logo\/image\/","url":"https:\/\/blumiz.com\/wp-content\/uploads\/2026\/02\/cropped-Blumiz-CBD-logo.webp","contentUrl":"https:\/\/blumiz.com\/wp-content\/uploads\/2026\/02\/cropped-Blumiz-CBD-logo.webp","width":2547,"height":778,"caption":"Blumiz CBD"},"image":{"@id":"https:\/\/blumiz.com\/es\/#\/schema\/logo\/image\/"}}]},"og_availability":"instock","product_availability":"instock","product_retailer_item_id":"51399","product_condition":"new"},"_links":{"self":[{"href":"https:\/\/blumiz.com\/es\/wp-json\/wp\/v2\/product\/11254","targetHints":{"allow":["GET"]}}],"collection":[{"href":"https:\/\/blumiz.com\/es\/wp-json\/wp\/v2\/product"}],"about":[{"href":"https:\/\/blumiz.com\/es\/wp-json\/wp\/v2\/types\/product"}],"replies":[{"embeddable":true,"href":"https:\/\/blumiz.com\/es\/wp-json\/wp\/v2\/comments?post=11254"}],"version-history":[{"count":0,"href":"https:\/\/blumiz.com\/es\/wp-json\/wp\/v2\/product\/11254\/revisions"}],"wp:featuredmedia":[{"embeddable":true,"href":"https:\/\/blumiz.com\/es\/wp-json\/wp\/v2\/media\/10969"}],"wp:attachment":[{"href":"https:\/\/blumiz.com\/es\/wp-json\/wp\/v2\/media?parent=11254"}],"wp:term":[{"taxonomy":"product_brand","embeddable":true,"href":"https:\/\/blumiz.com\/es\/wp-json\/wp\/v2\/product_brand?post=11254"},{"taxonomy":"product_cat","embeddable":true,"href":"https:\/\/blumiz.com\/es\/wp-json\/wp\/v2\/product_cat?post=11254"},{"taxonomy":"product_tag","embeddable":true,"href":"https:\/\/blumiz.com\/es\/wp-json\/wp\/v2\/product_tag?post=11254"}],"curies":[{"name":"wp","href":"https:\/\/api.w.org\/{rel}","templated":true}]}}