{"id":11273,"date":"2022-10-20T13:40:06","date_gmt":"2022-10-20T12:40:06","guid":{"rendered":"https:\/\/blumiz.com\/produkt\/cbd-pen-desechable-manzana-500-mg-cbdcbg-puff-orange-county-cbd\/"},"modified":"2025-02-11T13:30:25","modified_gmt":"2025-02-11T12:30:25","slug":"cbd-vape-pen-desechable-manzana-amarga-500-mg-cbdcbg-puff-naranja-condado-cbd","status":"publish","type":"product","link":"https:\/\/blumiz.com\/es\/producto\/cbd-vape-pen-desechable-manzana-amarga-500-mg-cbdcbg-puff-naranja-condado-cbd\/","title":{"rendered":"CBD Vape Pen Desechable &#8211; Manzana Acida &#8211; 500 mg (CBD+CBG) &#8211; Puff &#8211; Orange County CBD"},"content":{"rendered":"<h2>CBD VAPE PEN DESECHABLE MANZANA ACIDA<\/h2>\n<p>Prueba nuestro vaporizador CBD desechable con sabor a manzana. La manzana \u00e1cida est\u00e1 destinada a convertirse en la ni\u00f1a de tus ojos y es la golosina favorita de la tienda mejorada para adultos. Este desechable tiene la mezcla de dulce y \u00e1cido que sabemos que te encanta, en una pluma verde hierba que es vibrante y a la vez fresca. \u00bfQu\u00e9 te parecen estas manzanas?<\/p>\n<p>En cuanto a sabor y aroma, est\u00e1 a la altura de la variedad original Sour Apple, es verde, pero no te colocar\u00e1.<\/p>\n<p>El CBD y el CBG son la pareja perfecta en este caso, ya que trabajan juntos para aumentar la eficacia en comparaci\u00f3n con el consumo en solitario. Se trata de la pr\u00f3xima gran novedad en cannabinoides, creando una experiencia que atrae a los vaporizadores de ojos verdes.<\/p>\n<p>El vaporizador desechable Sour Apple CBD\/CBG viene precargado con 2ml de nuestro galardonado e-l\u00edquido. Todo lo que tienes que hacer es desembalar y empezar a vapear. Tan simple como un pastel de manzana.<\/p>\n<p>Hecho para ofrecerte 600 jugosas bocanadas.<\/p>\n<p>ADVERTENCIA No superar los 70 mg al d\u00eda. En caso de malestar, acuda al m\u00e9dico y, si es posible, mu\u00e9strele esta etiqueta. Mantener fuera del alcance de los ni\u00f1os y animales dom\u00e9sticos. Eliminar el contenido y el recipiente de acuerdo con la normativa local. No utilizar en caso de embarazo o lactancia. Si toma medicamentos durante un largo periodo de tiempo, consulte a un m\u00e9dico antes de utilizarlo. Este producto tampoco est\u00e1 destinado a diagnosticar, tratar, curar o prevenir ninguna enfermedad.<\/p>\n<p>USO M\u00c1XIMO 88 trenes en 24 horas.<\/p>\n<p>INGREDIENTES Propilenglicol (70 %), glicerina vegetal (30 %), aromas y CBD CBG de amplio espectro 99,7 % de pureza<\/p>\n","protected":false},"excerpt":{"rendered":"<h2>CBD VAPE PEN DESECHABLE MANZANA ACIDA<\/h2>\n<p>Sabor: Manzana \u00e1cida<br \/>\nCBD: 250 mg<br \/>\nCBG: 250 mg<br \/>\nCapacidad: 2 ml<\/p>\n","protected":false},"featured_media":10947,"comment_status":"open","ping_status":"closed","template":"","meta":{"site-sidebar-layout":"default","site-content-layout":"default","ast-site-content-layout":"default","site-content-style":"default","site-sidebar-style":"default","ast-global-header-display":"","ast-banner-title-visibility":"","ast-main-header-display":"","ast-hfb-above-header-display":"","ast-hfb-below-header-display":"","ast-hfb-mobile-header-display":"","site-post-title":"","ast-breadcrumbs-content":"","ast-featured-img":"","footer-sml-layout":"","ast-disable-related-posts":"","theme-transparent-header-meta":"default","adv-header-id-meta":"","stick-header-meta":"default","header-above-stick-meta":"","header-main-stick-meta":"","header-below-stick-meta":"","astra-migrate-meta-layouts":"default","ast-page-background-enabled":"default","ast-page-background-meta":{"desktop":{"background-color":"","background-image":"","background-repeat":"repeat","background-position":"center center","background-size":"auto","background-attachment":"scroll","background-type":"","background-media":"","overlay-type":"","overlay-color":"","overlay-opacity":"","overlay-gradient":""},"tablet":{"background-color":"","background-image":"","background-repeat":"repeat","background-position":"center center","background-size":"auto","background-attachment":"scroll","background-type":"","background-media":"","overlay-type":"","overlay-color":"","overlay-opacity":"","overlay-gradient":""},"mobile":{"background-color":"","background-image":"","background-repeat":"repeat","background-position":"center center","background-size":"auto","background-attachment":"scroll","background-type":"","background-media":"","overlay-type":"","overlay-color":"","overlay-opacity":"","overlay-gradient":""}},"ast-content-background-meta":{"desktop":{"background-color":"var(--ast-global-color-5)","background-image":"","background-repeat":"repeat","background-position":"center center","background-size":"auto","background-attachment":"scroll","background-type":"","background-media":"","overlay-type":"","overlay-color":"","overlay-opacity":"","overlay-gradient":""},"tablet":{"background-color":"var(--ast-global-color-5)","background-image":"","background-repeat":"repeat","background-position":"center center","background-size":"auto","background-attachment":"scroll","background-type":"","background-media":"","overlay-type":"","overlay-color":"","overlay-opacity":"","overlay-gradient":""},"mobile":{"background-color":"var(--ast-global-color-5)","background-image":"","background-repeat":"repeat","background-position":"center center","background-size":"auto","background-attachment":"scroll","background-type":"","background-media":"","overlay-type":"","overlay-color":"","overlay-opacity":"","overlay-gradient":""}}},"product_brand":[],"product_cat":[305,269],"product_tag":[],"class_list":{"0":"post-11273","1":"product","2":"type-product","3":"status-publish","4":"has-post-thumbnail","6":"product_cat-cbd-es","7":"product_cat-vaper-cbd","8":"desktop-align-left","9":"tablet-align-center","10":"mobile-align-left","11":"ast-product-gallery-layout-vertical","12":"ast-product-gallery-with-no-image","13":"ast-magnify-disabled","14":"ast-product-tabs-layout-horizontal","16":"first","17":"instock","18":"taxable","19":"shipping-taxable","20":"purchasable","21":"product-type-simple"},"yoast_head":"<!-- This site is optimized with the Yoast SEO Premium plugin v27.2 (Yoast SEO v27.5) - https:\/\/yoast.com\/product\/yoast-seo-premium-wordpress\/ -->\n<title>CBD Vape Pen Desechable - Sour Apple 500mg - Producci\u00f3n r\u00e1pida<\/title>\n<meta name=\"description\" content=\"CBD Vape Pen Desechable - Manzana Acida - 500 mg (CBD+CBG) - Puff - Orange County CBD - Blumiz - Premium CBD - Leficaci\u00f3n r\u00e1pida\" \/>\n<meta name=\"robots\" content=\"index, follow, max-snippet:-1, max-image-preview:large, max-video-preview:-1\" \/>\n<link rel=\"canonical\" href=\"https:\/\/blumiz.com\/es\/producto\/cbd-vape-pen-desechable-manzana-amarga-500-mg-cbdcbg-puff-naranja-condado-cbd\/\" \/>\n<meta property=\"og:locale\" content=\"es_ES\" \/>\n<meta property=\"og:type\" content=\"article\" \/>\n<meta property=\"og:title\" content=\"CBD Vape Pen Desechable - Manzana Acida - 500 mg (CBD+CBG) - Puff - Orange County CBD\" \/>\n<meta property=\"og:description\" content=\"CBD Vape Pen Desechable - Manzana Acida - 500 mg (CBD+CBG) - Puff - Orange County CBD Blumiz - Premium CBD\" \/>\n<meta property=\"og:url\" content=\"https:\/\/blumiz.com\/es\/producto\/cbd-vape-pen-desechable-manzana-amarga-500-mg-cbdcbg-puff-naranja-condado-cbd\/\" \/>\n<meta property=\"og:site_name\" content=\"Blumiz - Premium CBD\" \/>\n<meta property=\"article:modified_time\" content=\"2025-02-11T12:30:25+00:00\" \/>\n<meta property=\"og:image\" content=\"https:\/\/blumiz.com\/wp-content\/uploads\/2022\/10\/Einweg-CBD-Stift-Apfel-500-mg-CBDCBG-Orange-County-CBD-.webp\" \/>\n\t<meta property=\"og:image:width\" content=\"600\" \/>\n\t<meta property=\"og:image:height\" content=\"600\" \/>\n\t<meta property=\"og:image:type\" content=\"image\/webp\" \/>\n<meta name=\"twitter:card\" content=\"summary_large_image\" \/>\n<meta name=\"twitter:label1\" content=\"Precio\" \/>\n\t<meta name=\"twitter:data1\" content=\"14,90&nbsp;&euro;\" \/>\n\t<meta name=\"twitter:label2\" content=\"Disponibilidad\" \/>\n\t<meta name=\"twitter:data2\" content=\"Disponible\" \/>\n<script type=\"application\/ld+json\" class=\"yoast-schema-graph\">{\"@context\":\"https:\\\/\\\/schema.org\",\"@graph\":[{\"@type\":\"WebPage\",\"@id\":\"https:\\\/\\\/blumiz.com\\\/es\\\/producto\\\/cbd-vape-pen-desechable-manzana-amarga-500-mg-cbdcbg-puff-naranja-condado-cbd\\\/\",\"url\":\"https:\\\/\\\/blumiz.com\\\/es\\\/producto\\\/cbd-vape-pen-desechable-manzana-amarga-500-mg-cbdcbg-puff-naranja-condado-cbd\\\/\",\"name\":\"CBD Vape Pen Desechable - Sour Apple 500mg - Producci\u00f3n r\u00e1pida\",\"isPartOf\":{\"@id\":\"https:\\\/\\\/blumiz.com\\\/es\\\/#website\"},\"primaryImageOfPage\":{\"@id\":\"https:\\\/\\\/blumiz.com\\\/es\\\/producto\\\/cbd-vape-pen-desechable-manzana-amarga-500-mg-cbdcbg-puff-naranja-condado-cbd\\\/#primaryimage\"},\"image\":{\"@id\":\"https:\\\/\\\/blumiz.com\\\/es\\\/producto\\\/cbd-vape-pen-desechable-manzana-amarga-500-mg-cbdcbg-puff-naranja-condado-cbd\\\/#primaryimage\"},\"thumbnailUrl\":\"https:\\\/\\\/blumiz.com\\\/wp-content\\\/uploads\\\/2022\\\/10\\\/Einweg-CBD-Stift-Apfel-500-mg-CBDCBG-Orange-County-CBD-.webp\",\"datePublished\":\"2022-10-20T12:40:06+00:00\",\"dateModified\":\"2025-02-11T12:30:25+00:00\",\"description\":\"CBD Vape Pen Desechable - Manzana Acida - 500 mg (CBD+CBG) - Puff - Orange County CBD - Blumiz - Premium CBD - Leficaci\u00f3n r\u00e1pida\",\"breadcrumb\":{\"@id\":\"https:\\\/\\\/blumiz.com\\\/es\\\/producto\\\/cbd-vape-pen-desechable-manzana-amarga-500-mg-cbdcbg-puff-naranja-condado-cbd\\\/#breadcrumb\"},\"inLanguage\":\"es\",\"potentialAction\":[{\"@type\":\"ReadAction\",\"target\":[\"https:\\\/\\\/blumiz.com\\\/es\\\/producto\\\/cbd-vape-pen-desechable-manzana-amarga-500-mg-cbdcbg-puff-naranja-condado-cbd\\\/\"]}]},{\"@type\":\"ImageObject\",\"inLanguage\":\"es\",\"@id\":\"https:\\\/\\\/blumiz.com\\\/es\\\/producto\\\/cbd-vape-pen-desechable-manzana-amarga-500-mg-cbdcbg-puff-naranja-condado-cbd\\\/#primaryimage\",\"url\":\"https:\\\/\\\/blumiz.com\\\/wp-content\\\/uploads\\\/2022\\\/10\\\/Einweg-CBD-Stift-Apfel-500-mg-CBDCBG-Orange-County-CBD-.webp\",\"contentUrl\":\"https:\\\/\\\/blumiz.com\\\/wp-content\\\/uploads\\\/2022\\\/10\\\/Einweg-CBD-Stift-Apfel-500-mg-CBDCBG-Orange-County-CBD-.webp\",\"width\":600,\"height\":600},{\"@type\":\"BreadcrumbList\",\"@id\":\"https:\\\/\\\/blumiz.com\\\/es\\\/producto\\\/cbd-vape-pen-desechable-manzana-amarga-500-mg-cbdcbg-puff-naranja-condado-cbd\\\/#breadcrumb\",\"itemListElement\":[{\"@type\":\"ListItem\",\"position\":1,\"name\":\"Blumiz\",\"item\":\"https:\\\/\\\/blumiz.com\\\/es\\\/\"},{\"@type\":\"ListItem\",\"position\":2,\"name\":\"CBD Shop\",\"item\":\"https:\\\/\\\/blumiz.com\\\/es\\\/tienda\\\/\"},{\"@type\":\"ListItem\",\"position\":3,\"name\":\"Vaper CBD\",\"item\":\"https:\\\/\\\/blumiz.com\\\/es\\\/category\\\/vaper-cbd\\\/\"},{\"@type\":\"ListItem\",\"position\":4,\"name\":\"CBD Vape Pen Desechable &#8211; Manzana Acida &#8211; 500 mg (CBD+CBG) &#8211; Puff &#8211; Orange County CBD\"}]},{\"@type\":\"WebSite\",\"@id\":\"https:\\\/\\\/blumiz.com\\\/es\\\/#website\",\"url\":\"https:\\\/\\\/blumiz.com\\\/es\\\/\",\"name\":\"Blumiz - Premium CBD\",\"description\":\"Un CBD al mejor precio y de calidad superior\",\"publisher\":{\"@id\":\"https:\\\/\\\/blumiz.com\\\/es\\\/#organization\"},\"alternateName\":\"Blumiz\",\"potentialAction\":[{\"@type\":\"SearchAction\",\"target\":{\"@type\":\"EntryPoint\",\"urlTemplate\":\"https:\\\/\\\/blumiz.com\\\/es\\\/?s={search_term_string}\"},\"query-input\":{\"@type\":\"PropertyValueSpecification\",\"valueRequired\":true,\"valueName\":\"search_term_string\"}}],\"inLanguage\":\"es\"},{\"@type\":\"Organization\",\"@id\":\"https:\\\/\\\/blumiz.com\\\/es\\\/#organization\",\"name\":\"Blumiz CBD\",\"alternateName\":\"Blumiz\",\"url\":\"https:\\\/\\\/blumiz.com\\\/es\\\/\",\"logo\":{\"@type\":\"ImageObject\",\"inLanguage\":\"es\",\"@id\":\"https:\\\/\\\/blumiz.com\\\/es\\\/#\\\/schema\\\/logo\\\/image\\\/\",\"url\":\"https:\\\/\\\/blumiz.com\\\/wp-content\\\/uploads\\\/2026\\\/02\\\/cropped-Blumiz-CBD-logo.webp\",\"contentUrl\":\"https:\\\/\\\/blumiz.com\\\/wp-content\\\/uploads\\\/2026\\\/02\\\/cropped-Blumiz-CBD-logo.webp\",\"width\":2547,\"height\":778,\"caption\":\"Blumiz CBD\"},\"image\":{\"@id\":\"https:\\\/\\\/blumiz.com\\\/es\\\/#\\\/schema\\\/logo\\\/image\\\/\"}}]}<\/script>\n<meta property=\"product:price:amount\" content=\"14.90\" \/>\n<meta property=\"product:price:currency\" content=\"EUR\" \/>\n<meta property=\"og:availability\" content=\"instock\" \/>\n<meta property=\"product:availability\" content=\"instock\" \/>\n<meta property=\"product:retailer_item_id\" content=\"6822868\" \/>\n<meta property=\"product:condition\" content=\"new\" \/>\n<!-- \/ Yoast SEO Premium plugin. -->","yoast_head_json":{"title":"CBD Vape Pen Desechable - Sour Apple 500mg - Producci\u00f3n r\u00e1pida","description":"CBD Vape Pen Desechable - Manzana Acida - 500 mg (CBD+CBG) - Puff - Orange County CBD - Blumiz - Premium CBD - Leficaci\u00f3n r\u00e1pida","robots":{"index":"index","follow":"follow","max-snippet":"max-snippet:-1","max-image-preview":"max-image-preview:large","max-video-preview":"max-video-preview:-1"},"canonical":"https:\/\/blumiz.com\/es\/producto\/cbd-vape-pen-desechable-manzana-amarga-500-mg-cbdcbg-puff-naranja-condado-cbd\/","og_locale":"es_ES","og_type":"article","og_title":"CBD Vape Pen Desechable - Manzana Acida - 500 mg (CBD+CBG) - Puff - Orange County CBD","og_description":"CBD Vape Pen Desechable - Manzana Acida - 500 mg (CBD+CBG) - Puff - Orange County CBD Blumiz - Premium CBD","og_url":"https:\/\/blumiz.com\/es\/producto\/cbd-vape-pen-desechable-manzana-amarga-500-mg-cbdcbg-puff-naranja-condado-cbd\/","og_site_name":"Blumiz - Premium CBD","article_modified_time":"2025-02-11T12:30:25+00:00","og_image":[{"width":600,"height":600,"url":"https:\/\/blumiz.com\/wp-content\/uploads\/2022\/10\/Einweg-CBD-Stift-Apfel-500-mg-CBDCBG-Orange-County-CBD-.webp","type":"image\/webp"}],"twitter_card":"summary_large_image","twitter_misc":{"Precio":"14,90&nbsp;&euro;","Disponibilidad":"Disponible"},"schema":{"@context":"https:\/\/schema.org","@graph":[{"@type":"WebPage","@id":"https:\/\/blumiz.com\/es\/producto\/cbd-vape-pen-desechable-manzana-amarga-500-mg-cbdcbg-puff-naranja-condado-cbd\/","url":"https:\/\/blumiz.com\/es\/producto\/cbd-vape-pen-desechable-manzana-amarga-500-mg-cbdcbg-puff-naranja-condado-cbd\/","name":"CBD Vape Pen Desechable - Sour Apple 500mg - Producci\u00f3n r\u00e1pida","isPartOf":{"@id":"https:\/\/blumiz.com\/es\/#website"},"primaryImageOfPage":{"@id":"https:\/\/blumiz.com\/es\/producto\/cbd-vape-pen-desechable-manzana-amarga-500-mg-cbdcbg-puff-naranja-condado-cbd\/#primaryimage"},"image":{"@id":"https:\/\/blumiz.com\/es\/producto\/cbd-vape-pen-desechable-manzana-amarga-500-mg-cbdcbg-puff-naranja-condado-cbd\/#primaryimage"},"thumbnailUrl":"https:\/\/blumiz.com\/wp-content\/uploads\/2022\/10\/Einweg-CBD-Stift-Apfel-500-mg-CBDCBG-Orange-County-CBD-.webp","datePublished":"2022-10-20T12:40:06+00:00","dateModified":"2025-02-11T12:30:25+00:00","description":"CBD Vape Pen Desechable - Manzana Acida - 500 mg (CBD+CBG) - Puff - Orange County CBD - Blumiz - Premium CBD - Leficaci\u00f3n r\u00e1pida","breadcrumb":{"@id":"https:\/\/blumiz.com\/es\/producto\/cbd-vape-pen-desechable-manzana-amarga-500-mg-cbdcbg-puff-naranja-condado-cbd\/#breadcrumb"},"inLanguage":"es","potentialAction":[{"@type":"ReadAction","target":["https:\/\/blumiz.com\/es\/producto\/cbd-vape-pen-desechable-manzana-amarga-500-mg-cbdcbg-puff-naranja-condado-cbd\/"]}]},{"@type":"ImageObject","inLanguage":"es","@id":"https:\/\/blumiz.com\/es\/producto\/cbd-vape-pen-desechable-manzana-amarga-500-mg-cbdcbg-puff-naranja-condado-cbd\/#primaryimage","url":"https:\/\/blumiz.com\/wp-content\/uploads\/2022\/10\/Einweg-CBD-Stift-Apfel-500-mg-CBDCBG-Orange-County-CBD-.webp","contentUrl":"https:\/\/blumiz.com\/wp-content\/uploads\/2022\/10\/Einweg-CBD-Stift-Apfel-500-mg-CBDCBG-Orange-County-CBD-.webp","width":600,"height":600},{"@type":"BreadcrumbList","@id":"https:\/\/blumiz.com\/es\/producto\/cbd-vape-pen-desechable-manzana-amarga-500-mg-cbdcbg-puff-naranja-condado-cbd\/#breadcrumb","itemListElement":[{"@type":"ListItem","position":1,"name":"Blumiz","item":"https:\/\/blumiz.com\/es\/"},{"@type":"ListItem","position":2,"name":"CBD Shop","item":"https:\/\/blumiz.com\/es\/tienda\/"},{"@type":"ListItem","position":3,"name":"Vaper CBD","item":"https:\/\/blumiz.com\/es\/category\/vaper-cbd\/"},{"@type":"ListItem","position":4,"name":"CBD Vape Pen Desechable &#8211; Manzana Acida &#8211; 500 mg (CBD+CBG) &#8211; Puff &#8211; Orange County CBD"}]},{"@type":"WebSite","@id":"https:\/\/blumiz.com\/es\/#website","url":"https:\/\/blumiz.com\/es\/","name":"Blumiz - Premium CBD","description":"Un CBD al mejor precio y de calidad superior","publisher":{"@id":"https:\/\/blumiz.com\/es\/#organization"},"alternateName":"Blumiz","potentialAction":[{"@type":"SearchAction","target":{"@type":"EntryPoint","urlTemplate":"https:\/\/blumiz.com\/es\/?s={search_term_string}"},"query-input":{"@type":"PropertyValueSpecification","valueRequired":true,"valueName":"search_term_string"}}],"inLanguage":"es"},{"@type":"Organization","@id":"https:\/\/blumiz.com\/es\/#organization","name":"Blumiz CBD","alternateName":"Blumiz","url":"https:\/\/blumiz.com\/es\/","logo":{"@type":"ImageObject","inLanguage":"es","@id":"https:\/\/blumiz.com\/es\/#\/schema\/logo\/image\/","url":"https:\/\/blumiz.com\/wp-content\/uploads\/2026\/02\/cropped-Blumiz-CBD-logo.webp","contentUrl":"https:\/\/blumiz.com\/wp-content\/uploads\/2026\/02\/cropped-Blumiz-CBD-logo.webp","width":2547,"height":778,"caption":"Blumiz CBD"},"image":{"@id":"https:\/\/blumiz.com\/es\/#\/schema\/logo\/image\/"}}]},"product_price_amount":"14.90","product_price_currency":"EUR","og_availability":"instock","product_availability":"instock","product_retailer_item_id":"6822868","product_condition":"new"},"_links":{"self":[{"href":"https:\/\/blumiz.com\/es\/wp-json\/wp\/v2\/product\/11273","targetHints":{"allow":["GET"]}}],"collection":[{"href":"https:\/\/blumiz.com\/es\/wp-json\/wp\/v2\/product"}],"about":[{"href":"https:\/\/blumiz.com\/es\/wp-json\/wp\/v2\/types\/product"}],"replies":[{"embeddable":true,"href":"https:\/\/blumiz.com\/es\/wp-json\/wp\/v2\/comments?post=11273"}],"version-history":[{"count":0,"href":"https:\/\/blumiz.com\/es\/wp-json\/wp\/v2\/product\/11273\/revisions"}],"wp:featuredmedia":[{"embeddable":true,"href":"https:\/\/blumiz.com\/es\/wp-json\/wp\/v2\/media\/10947"}],"wp:attachment":[{"href":"https:\/\/blumiz.com\/es\/wp-json\/wp\/v2\/media?parent=11273"}],"wp:term":[{"taxonomy":"product_brand","embeddable":true,"href":"https:\/\/blumiz.com\/es\/wp-json\/wp\/v2\/product_brand?post=11273"},{"taxonomy":"product_cat","embeddable":true,"href":"https:\/\/blumiz.com\/es\/wp-json\/wp\/v2\/product_cat?post=11273"},{"taxonomy":"product_tag","embeddable":true,"href":"https:\/\/blumiz.com\/es\/wp-json\/wp\/v2\/product_tag?post=11273"}],"curies":[{"name":"wp","href":"https:\/\/api.w.org\/{rel}","templated":true}]}}