{"id":11279,"date":"2022-10-20T13:35:14","date_gmt":"2022-10-20T12:35:14","guid":{"rendered":"https:\/\/blumiz.com\/produkt\/cbd-pen-desechable-mango-500-mg-cbdcbg-puff-orange-county-cbd\/"},"modified":"2025-02-11T13:28:58","modified_gmt":"2025-02-11T12:28:58","slug":"cbd-vape-pen-desechable-mango-500-mg-cbdcbg-naranja-condado-cbd","status":"publish","type":"product","link":"https:\/\/blumiz.com\/es\/producto\/cbd-vape-pen-desechable-mango-500-mg-cbdcbg-naranja-condado-cbd\/","title":{"rendered":"CBD Vape Pen Desechable &#8211; Mango &#8211; 500 mg (CBD+CBG) &#8211; Orange County CBD"},"content":{"rendered":"<h2>CBD VAPE PEN MANGO DESECHABLE<\/h2>\n<p>Mejor CBD Vape Pen : Transp\u00f3rtate a alg\u00fan lugar tropical. Mango Ice evoca la carne dulce y jugosa de los mangos m\u00e1s deliciosos del mundo, con una fresca explosi\u00f3n de hielo para mantenerte fresco. \u00c9ste viene en un vibrante vaporizador inspirado en las ardientes puestas de sol. Baila el tango, vaporiza el mango con el mejor vaporizador cbd.<\/p>\n<p>Inspirado en las variedades aut\u00e9nticas para un chorrito de delicioso zumo de mango, esta delicia tropical est\u00e1 repleta de todo el sabor y nada del subid\u00f3n psicoactivo.<\/p>\n<p>En nuestra \u00faltima colecci\u00f3n de vapes desechables, el CBD y el CBG unen sus fuerzas para ayudarte a combatir m\u00e1s cosas malas en tu d\u00eda a d\u00eda y salir adelante. Estos cannabinoides son la pr\u00f3xima gran novedad en la industria y funcionan mejor en t\u00e1ndem para conseguir a\u00fan m\u00e1s momentos &#8220;ahh&#8221;.<\/p>\n<p>El vaporizador desechable Mango Ice CBD\/CBG se rellena con 2ml de nuestro galardonado e-l\u00edquido. As\u00ed que olv\u00eddate de cargar y recargar. S\u00f3lo tienes que sacarlo del paquete y guardarlo en el bolsillo para vapear sobre la marcha.<\/p>\n<p>Da un paso adelante y brilla con 600 dulces bocanadas de mango por bol\u00edgrafo.<\/p>\n<p>ADVERTENCIA No superar los 70 mg al d\u00eda. En caso de malestar, acuda al m\u00e9dico y, si es posible, mu\u00e9strele esta etiqueta. Mantener fuera del alcance de los ni\u00f1os y animales dom\u00e9sticos. Eliminar el contenido y el recipiente de acuerdo con la normativa local. No utilizar en caso de embarazo o lactancia. Si toma medicamentos durante un largo periodo de tiempo, consulte a un m\u00e9dico antes de utilizarlo. Este producto tampoco est\u00e1 destinado a diagnosticar, tratar, curar o prevenir ninguna enfermedad.<\/p>\n<p>USO M\u00c1XIMO 88 trenes en 24 horas.<\/p>\n<p>INGREDIENTES Propilenglicol (70 %), glicerina vegetal (30 %), aromas y CBD CBG de amplio espectro 99,7 % de pureza<\/p>\n","protected":false},"excerpt":{"rendered":"<h2>CBD VAPE PEN MANGO DESECHABLE<\/h2>\n<p>Sabor: Helado de mango<br \/>\nCBD: 250 mg<br \/>\nCBG: 250 mg<br \/>\nCapacidad: 2 ml<\/p>\n","protected":false},"featured_media":10945,"comment_status":"open","ping_status":"closed","template":"","meta":{"site-sidebar-layout":"default","site-content-layout":"default","ast-site-content-layout":"default","site-content-style":"default","site-sidebar-style":"default","ast-global-header-display":"","ast-banner-title-visibility":"","ast-main-header-display":"","ast-hfb-above-header-display":"","ast-hfb-below-header-display":"","ast-hfb-mobile-header-display":"","site-post-title":"","ast-breadcrumbs-content":"","ast-featured-img":"","footer-sml-layout":"","ast-disable-related-posts":"","theme-transparent-header-meta":"default","adv-header-id-meta":"","stick-header-meta":"default","header-above-stick-meta":"","header-main-stick-meta":"","header-below-stick-meta":"","astra-migrate-meta-layouts":"default","ast-page-background-enabled":"default","ast-page-background-meta":{"desktop":{"background-color":"","background-image":"","background-repeat":"repeat","background-position":"center center","background-size":"auto","background-attachment":"scroll","background-type":"","background-media":"","overlay-type":"","overlay-color":"","overlay-opacity":"","overlay-gradient":""},"tablet":{"background-color":"","background-image":"","background-repeat":"repeat","background-position":"center center","background-size":"auto","background-attachment":"scroll","background-type":"","background-media":"","overlay-type":"","overlay-color":"","overlay-opacity":"","overlay-gradient":""},"mobile":{"background-color":"","background-image":"","background-repeat":"repeat","background-position":"center center","background-size":"auto","background-attachment":"scroll","background-type":"","background-media":"","overlay-type":"","overlay-color":"","overlay-opacity":"","overlay-gradient":""}},"ast-content-background-meta":{"desktop":{"background-color":"var(--ast-global-color-5)","background-image":"","background-repeat":"repeat","background-position":"center center","background-size":"auto","background-attachment":"scroll","background-type":"","background-media":"","overlay-type":"","overlay-color":"","overlay-opacity":"","overlay-gradient":""},"tablet":{"background-color":"var(--ast-global-color-5)","background-image":"","background-repeat":"repeat","background-position":"center center","background-size":"auto","background-attachment":"scroll","background-type":"","background-media":"","overlay-type":"","overlay-color":"","overlay-opacity":"","overlay-gradient":""},"mobile":{"background-color":"var(--ast-global-color-5)","background-image":"","background-repeat":"repeat","background-position":"center center","background-size":"auto","background-attachment":"scroll","background-type":"","background-media":"","overlay-type":"","overlay-color":"","overlay-opacity":"","overlay-gradient":""}}},"product_brand":[],"product_cat":[305,269],"product_tag":[],"class_list":{"0":"post-11279","1":"product","2":"type-product","3":"status-publish","4":"has-post-thumbnail","6":"product_cat-cbd-es","7":"product_cat-vaper-cbd","8":"desktop-align-left","9":"tablet-align-center","10":"mobile-align-left","11":"ast-product-gallery-layout-vertical","12":"ast-product-gallery-with-no-image","13":"ast-magnify-disabled","14":"ast-product-tabs-layout-horizontal","16":"first","17":"instock","18":"taxable","19":"shipping-taxable","20":"purchasable","21":"product-type-simple"},"yoast_head":"<!-- This site is optimized with the Yoast SEO Premium plugin v27.2 (Yoast SEO v27.4) - https:\/\/yoast.com\/product\/yoast-seo-premium-wordpress\/ -->\n<title>Mejor CBD Vape Pen Desechable- Mango - 500mg - R\u00e1pida leficaci\u00f3n<\/title>\n<meta name=\"description\" content=\"Mejor CBD Vape Pen : CBD Vape Pen Desechable - Mango - 500 mg (CBD+CBG) - Orange County CBD - El mejor CBD al mejor precio - Entrega r\u00e1pida.\" \/>\n<meta name=\"robots\" content=\"index, follow, max-snippet:-1, max-image-preview:large, max-video-preview:-1\" \/>\n<link rel=\"canonical\" href=\"https:\/\/blumiz.com\/es\/producto\/cbd-vape-pen-desechable-mango-500-mg-cbdcbg-naranja-condado-cbd\/\" \/>\n<meta property=\"og:locale\" content=\"es_ES\" \/>\n<meta property=\"og:type\" content=\"article\" \/>\n<meta property=\"og:title\" content=\"CBD Vape Pen Desechable - Mango - 500 mg (CBD+CBG) - Orange County CBD\" \/>\n<meta property=\"og:description\" content=\"CBD Vape Pen Desechable - Mango - 500 mg (CBD+CBG) - Orange County CBD Blumiz - Premium CBD\" \/>\n<meta property=\"og:url\" content=\"https:\/\/blumiz.com\/es\/producto\/cbd-vape-pen-desechable-mango-500-mg-cbdcbg-naranja-condado-cbd\/\" \/>\n<meta property=\"og:site_name\" content=\"Blumiz - Premium CBD\" \/>\n<meta property=\"article:modified_time\" content=\"2025-02-11T12:28:58+00:00\" \/>\n<meta property=\"og:image\" content=\"https:\/\/blumiz.com\/wp-content\/uploads\/2022\/10\/Einweg-CBD-Stift-Mango-500-mg-CBDCBG.webp\" \/>\n\t<meta property=\"og:image:width\" content=\"600\" \/>\n\t<meta property=\"og:image:height\" content=\"600\" \/>\n\t<meta property=\"og:image:type\" content=\"image\/webp\" \/>\n<meta name=\"twitter:card\" content=\"summary_large_image\" \/>\n<meta name=\"twitter:label1\" content=\"Precio\" \/>\n\t<meta name=\"twitter:data1\" content=\"14,90&nbsp;&euro;\" \/>\n\t<meta name=\"twitter:label2\" content=\"Disponibilidad\" \/>\n\t<meta name=\"twitter:data2\" content=\"Disponible\" \/>\n<script type=\"application\/ld+json\" class=\"yoast-schema-graph\">{\"@context\":\"https:\\\/\\\/schema.org\",\"@graph\":[{\"@type\":\"WebPage\",\"@id\":\"https:\\\/\\\/blumiz.com\\\/es\\\/producto\\\/cbd-vape-pen-desechable-mango-500-mg-cbdcbg-naranja-condado-cbd\\\/\",\"url\":\"https:\\\/\\\/blumiz.com\\\/es\\\/producto\\\/cbd-vape-pen-desechable-mango-500-mg-cbdcbg-naranja-condado-cbd\\\/\",\"name\":\"Mejor CBD Vape Pen Desechable- Mango - 500mg - R\u00e1pida leficaci\u00f3n\",\"isPartOf\":{\"@id\":\"https:\\\/\\\/blumiz.com\\\/es\\\/#website\"},\"primaryImageOfPage\":{\"@id\":\"https:\\\/\\\/blumiz.com\\\/es\\\/producto\\\/cbd-vape-pen-desechable-mango-500-mg-cbdcbg-naranja-condado-cbd\\\/#primaryimage\"},\"image\":{\"@id\":\"https:\\\/\\\/blumiz.com\\\/es\\\/producto\\\/cbd-vape-pen-desechable-mango-500-mg-cbdcbg-naranja-condado-cbd\\\/#primaryimage\"},\"thumbnailUrl\":\"https:\\\/\\\/blumiz.com\\\/wp-content\\\/uploads\\\/2022\\\/10\\\/Einweg-CBD-Stift-Mango-500-mg-CBDCBG.webp\",\"datePublished\":\"2022-10-20T12:35:14+00:00\",\"dateModified\":\"2025-02-11T12:28:58+00:00\",\"description\":\"Mejor CBD Vape Pen : CBD Vape Pen Desechable - Mango - 500 mg (CBD+CBG) - Orange County CBD - El mejor CBD al mejor precio - Entrega r\u00e1pida.\",\"breadcrumb\":{\"@id\":\"https:\\\/\\\/blumiz.com\\\/es\\\/producto\\\/cbd-vape-pen-desechable-mango-500-mg-cbdcbg-naranja-condado-cbd\\\/#breadcrumb\"},\"inLanguage\":\"es\",\"potentialAction\":[{\"@type\":\"ReadAction\",\"target\":[\"https:\\\/\\\/blumiz.com\\\/es\\\/producto\\\/cbd-vape-pen-desechable-mango-500-mg-cbdcbg-naranja-condado-cbd\\\/\"]}]},{\"@type\":\"ImageObject\",\"inLanguage\":\"es\",\"@id\":\"https:\\\/\\\/blumiz.com\\\/es\\\/producto\\\/cbd-vape-pen-desechable-mango-500-mg-cbdcbg-naranja-condado-cbd\\\/#primaryimage\",\"url\":\"https:\\\/\\\/blumiz.com\\\/wp-content\\\/uploads\\\/2022\\\/10\\\/Einweg-CBD-Stift-Mango-500-mg-CBDCBG.webp\",\"contentUrl\":\"https:\\\/\\\/blumiz.com\\\/wp-content\\\/uploads\\\/2022\\\/10\\\/Einweg-CBD-Stift-Mango-500-mg-CBDCBG.webp\",\"width\":600,\"height\":600},{\"@type\":\"BreadcrumbList\",\"@id\":\"https:\\\/\\\/blumiz.com\\\/es\\\/producto\\\/cbd-vape-pen-desechable-mango-500-mg-cbdcbg-naranja-condado-cbd\\\/#breadcrumb\",\"itemListElement\":[{\"@type\":\"ListItem\",\"position\":1,\"name\":\"Blumiz\",\"item\":\"https:\\\/\\\/blumiz.com\\\/es\\\/\"},{\"@type\":\"ListItem\",\"position\":2,\"name\":\"CBD Shop\",\"item\":\"https:\\\/\\\/blumiz.com\\\/es\\\/tienda\\\/\"},{\"@type\":\"ListItem\",\"position\":3,\"name\":\"Vaper CBD\",\"item\":\"https:\\\/\\\/blumiz.com\\\/es\\\/category\\\/vaper-cbd\\\/\"},{\"@type\":\"ListItem\",\"position\":4,\"name\":\"CBD Vape Pen Desechable &#8211; Mango &#8211; 500 mg (CBD+CBG) &#8211; Orange County CBD\"}]},{\"@type\":\"WebSite\",\"@id\":\"https:\\\/\\\/blumiz.com\\\/es\\\/#website\",\"url\":\"https:\\\/\\\/blumiz.com\\\/es\\\/\",\"name\":\"Blumiz - Premium CBD\",\"description\":\"Un CBD al mejor precio y de calidad superior\",\"publisher\":{\"@id\":\"https:\\\/\\\/blumiz.com\\\/es\\\/#organization\"},\"alternateName\":\"Blumiz\",\"potentialAction\":[{\"@type\":\"SearchAction\",\"target\":{\"@type\":\"EntryPoint\",\"urlTemplate\":\"https:\\\/\\\/blumiz.com\\\/es\\\/?s={search_term_string}\"},\"query-input\":{\"@type\":\"PropertyValueSpecification\",\"valueRequired\":true,\"valueName\":\"search_term_string\"}}],\"inLanguage\":\"es\"},{\"@type\":\"Organization\",\"@id\":\"https:\\\/\\\/blumiz.com\\\/es\\\/#organization\",\"name\":\"Blumiz CBD\",\"alternateName\":\"Blumiz\",\"url\":\"https:\\\/\\\/blumiz.com\\\/es\\\/\",\"logo\":{\"@type\":\"ImageObject\",\"inLanguage\":\"es\",\"@id\":\"https:\\\/\\\/blumiz.com\\\/es\\\/#\\\/schema\\\/logo\\\/image\\\/\",\"url\":\"https:\\\/\\\/blumiz.com\\\/wp-content\\\/uploads\\\/2026\\\/02\\\/cropped-Blumiz-CBD-logo.webp\",\"contentUrl\":\"https:\\\/\\\/blumiz.com\\\/wp-content\\\/uploads\\\/2026\\\/02\\\/cropped-Blumiz-CBD-logo.webp\",\"width\":2547,\"height\":778,\"caption\":\"Blumiz CBD\"},\"image\":{\"@id\":\"https:\\\/\\\/blumiz.com\\\/es\\\/#\\\/schema\\\/logo\\\/image\\\/\"}}]}<\/script>\n<meta property=\"product:price:amount\" content=\"14.90\" \/>\n<meta property=\"product:price:currency\" content=\"EUR\" \/>\n<meta property=\"og:availability\" content=\"instock\" \/>\n<meta property=\"product:availability\" content=\"instock\" \/>\n<meta property=\"product:retailer_item_id\" content=\"577785\" \/>\n<meta property=\"product:condition\" content=\"new\" \/>\n<!-- \/ Yoast SEO Premium plugin. -->","yoast_head_json":{"title":"Mejor CBD Vape Pen Desechable- Mango - 500mg - R\u00e1pida leficaci\u00f3n","description":"Mejor CBD Vape Pen : CBD Vape Pen Desechable - Mango - 500 mg (CBD+CBG) - Orange County CBD - El mejor CBD al mejor precio - Entrega r\u00e1pida.","robots":{"index":"index","follow":"follow","max-snippet":"max-snippet:-1","max-image-preview":"max-image-preview:large","max-video-preview":"max-video-preview:-1"},"canonical":"https:\/\/blumiz.com\/es\/producto\/cbd-vape-pen-desechable-mango-500-mg-cbdcbg-naranja-condado-cbd\/","og_locale":"es_ES","og_type":"article","og_title":"CBD Vape Pen Desechable - Mango - 500 mg (CBD+CBG) - Orange County CBD","og_description":"CBD Vape Pen Desechable - Mango - 500 mg (CBD+CBG) - Orange County CBD Blumiz - Premium CBD","og_url":"https:\/\/blumiz.com\/es\/producto\/cbd-vape-pen-desechable-mango-500-mg-cbdcbg-naranja-condado-cbd\/","og_site_name":"Blumiz - Premium CBD","article_modified_time":"2025-02-11T12:28:58+00:00","og_image":[{"width":600,"height":600,"url":"https:\/\/blumiz.com\/wp-content\/uploads\/2022\/10\/Einweg-CBD-Stift-Mango-500-mg-CBDCBG.webp","type":"image\/webp"}],"twitter_card":"summary_large_image","twitter_misc":{"Precio":"14,90&nbsp;&euro;","Disponibilidad":"Disponible"},"schema":{"@context":"https:\/\/schema.org","@graph":[{"@type":"WebPage","@id":"https:\/\/blumiz.com\/es\/producto\/cbd-vape-pen-desechable-mango-500-mg-cbdcbg-naranja-condado-cbd\/","url":"https:\/\/blumiz.com\/es\/producto\/cbd-vape-pen-desechable-mango-500-mg-cbdcbg-naranja-condado-cbd\/","name":"Mejor CBD Vape Pen Desechable- Mango - 500mg - R\u00e1pida leficaci\u00f3n","isPartOf":{"@id":"https:\/\/blumiz.com\/es\/#website"},"primaryImageOfPage":{"@id":"https:\/\/blumiz.com\/es\/producto\/cbd-vape-pen-desechable-mango-500-mg-cbdcbg-naranja-condado-cbd\/#primaryimage"},"image":{"@id":"https:\/\/blumiz.com\/es\/producto\/cbd-vape-pen-desechable-mango-500-mg-cbdcbg-naranja-condado-cbd\/#primaryimage"},"thumbnailUrl":"https:\/\/blumiz.com\/wp-content\/uploads\/2022\/10\/Einweg-CBD-Stift-Mango-500-mg-CBDCBG.webp","datePublished":"2022-10-20T12:35:14+00:00","dateModified":"2025-02-11T12:28:58+00:00","description":"Mejor CBD Vape Pen : CBD Vape Pen Desechable - Mango - 500 mg (CBD+CBG) - Orange County CBD - El mejor CBD al mejor precio - Entrega r\u00e1pida.","breadcrumb":{"@id":"https:\/\/blumiz.com\/es\/producto\/cbd-vape-pen-desechable-mango-500-mg-cbdcbg-naranja-condado-cbd\/#breadcrumb"},"inLanguage":"es","potentialAction":[{"@type":"ReadAction","target":["https:\/\/blumiz.com\/es\/producto\/cbd-vape-pen-desechable-mango-500-mg-cbdcbg-naranja-condado-cbd\/"]}]},{"@type":"ImageObject","inLanguage":"es","@id":"https:\/\/blumiz.com\/es\/producto\/cbd-vape-pen-desechable-mango-500-mg-cbdcbg-naranja-condado-cbd\/#primaryimage","url":"https:\/\/blumiz.com\/wp-content\/uploads\/2022\/10\/Einweg-CBD-Stift-Mango-500-mg-CBDCBG.webp","contentUrl":"https:\/\/blumiz.com\/wp-content\/uploads\/2022\/10\/Einweg-CBD-Stift-Mango-500-mg-CBDCBG.webp","width":600,"height":600},{"@type":"BreadcrumbList","@id":"https:\/\/blumiz.com\/es\/producto\/cbd-vape-pen-desechable-mango-500-mg-cbdcbg-naranja-condado-cbd\/#breadcrumb","itemListElement":[{"@type":"ListItem","position":1,"name":"Blumiz","item":"https:\/\/blumiz.com\/es\/"},{"@type":"ListItem","position":2,"name":"CBD Shop","item":"https:\/\/blumiz.com\/es\/tienda\/"},{"@type":"ListItem","position":3,"name":"Vaper CBD","item":"https:\/\/blumiz.com\/es\/category\/vaper-cbd\/"},{"@type":"ListItem","position":4,"name":"CBD Vape Pen Desechable &#8211; Mango &#8211; 500 mg (CBD+CBG) &#8211; Orange County CBD"}]},{"@type":"WebSite","@id":"https:\/\/blumiz.com\/es\/#website","url":"https:\/\/blumiz.com\/es\/","name":"Blumiz - Premium CBD","description":"Un CBD al mejor precio y de calidad superior","publisher":{"@id":"https:\/\/blumiz.com\/es\/#organization"},"alternateName":"Blumiz","potentialAction":[{"@type":"SearchAction","target":{"@type":"EntryPoint","urlTemplate":"https:\/\/blumiz.com\/es\/?s={search_term_string}"},"query-input":{"@type":"PropertyValueSpecification","valueRequired":true,"valueName":"search_term_string"}}],"inLanguage":"es"},{"@type":"Organization","@id":"https:\/\/blumiz.com\/es\/#organization","name":"Blumiz CBD","alternateName":"Blumiz","url":"https:\/\/blumiz.com\/es\/","logo":{"@type":"ImageObject","inLanguage":"es","@id":"https:\/\/blumiz.com\/es\/#\/schema\/logo\/image\/","url":"https:\/\/blumiz.com\/wp-content\/uploads\/2026\/02\/cropped-Blumiz-CBD-logo.webp","contentUrl":"https:\/\/blumiz.com\/wp-content\/uploads\/2026\/02\/cropped-Blumiz-CBD-logo.webp","width":2547,"height":778,"caption":"Blumiz CBD"},"image":{"@id":"https:\/\/blumiz.com\/es\/#\/schema\/logo\/image\/"}}]},"product_price_amount":"14.90","product_price_currency":"EUR","og_availability":"instock","product_availability":"instock","product_retailer_item_id":"577785","product_condition":"new"},"_links":{"self":[{"href":"https:\/\/blumiz.com\/es\/wp-json\/wp\/v2\/product\/11279","targetHints":{"allow":["GET"]}}],"collection":[{"href":"https:\/\/blumiz.com\/es\/wp-json\/wp\/v2\/product"}],"about":[{"href":"https:\/\/blumiz.com\/es\/wp-json\/wp\/v2\/types\/product"}],"replies":[{"embeddable":true,"href":"https:\/\/blumiz.com\/es\/wp-json\/wp\/v2\/comments?post=11279"}],"version-history":[{"count":0,"href":"https:\/\/blumiz.com\/es\/wp-json\/wp\/v2\/product\/11279\/revisions"}],"wp:featuredmedia":[{"embeddable":true,"href":"https:\/\/blumiz.com\/es\/wp-json\/wp\/v2\/media\/10945"}],"wp:attachment":[{"href":"https:\/\/blumiz.com\/es\/wp-json\/wp\/v2\/media?parent=11279"}],"wp:term":[{"taxonomy":"product_brand","embeddable":true,"href":"https:\/\/blumiz.com\/es\/wp-json\/wp\/v2\/product_brand?post=11279"},{"taxonomy":"product_cat","embeddable":true,"href":"https:\/\/blumiz.com\/es\/wp-json\/wp\/v2\/product_cat?post=11279"},{"taxonomy":"product_tag","embeddable":true,"href":"https:\/\/blumiz.com\/es\/wp-json\/wp\/v2\/product_tag?post=11279"}],"curies":[{"name":"wp","href":"https:\/\/api.w.org\/{rel}","templated":true}]}}