{"id":11281,"date":"2022-10-20T13:45:56","date_gmt":"2022-10-20T12:45:56","guid":{"rendered":"https:\/\/blumiz.com\/produkt\/cbd-pen-desechable-wedding-cake-600-mg-puff-orange-county-cbd\/"},"modified":"2025-02-11T13:29:00","modified_gmt":"2025-02-11T12:29:00","slug":"bol-desechable-cbd-pen-boda-pastel-600-mg-puff-naranja-county-cbd","status":"publish","type":"product","link":"https:\/\/blumiz.com\/es\/producto\/bol-desechable-cbd-pen-boda-pastel-600-mg-puff-naranja-county-cbd\/","title":{"rendered":"CBD Vape Pen &#8211; Wedding Cake &#8211; 600 mg &#8211; Puff &#8211; Orange County CBD"},"content":{"rendered":"<p>Nuevo vaporizador CBD desechable f\u00e1cil de usar: S\u00f3lo tienes que sacarlo del envase y empezar a vapear. Contiene 600 mg de CBD de amplio espectro sin THC. El vaporizador desechable CBD es una de las formas m\u00e1s r\u00e1pidas de experimentar el CBD, ya que ofrece hasta 300 caladas por carga.<\/p>\n<p>Es precargada y estanca sin ajustes t\u00e9cnicos, potente y compacta. Capacidad: 1 ml. Bater\u00eda: 280 mAh 8,2 W Micro-USB. Resistencia de la bobina: 1,5 Ohm.<\/p>\n<p>Bol\u00edgrafo CBD desechable Tarta de boda<\/p>\n<p>El sabor inconfundible del cannabis, similar en todos los sentidos a una tarta nupcial, combinado con el galardonado CBD, crea una experiencia de vaporizaci\u00f3n de CBD que convierte incluso los d\u00edas m\u00e1s sombr\u00edos en los mejores momentos. Cargado en este compacto y potente vaporizador de CBD desechable, no podr\u00eda ser m\u00e1s f\u00e1cil disfrutar de ese delicioso zumo vaporizado.<\/p>\n","protected":false},"excerpt":{"rendered":"<p>No es un e-l\u00edquido Destilado de CBD de amplio espectro Potencia de CBD: 600 mg Inhalaciones: 300\/carga, m\u00e1x. 3 recargas Sin THC\/VG\/PG\/nicotina Recargable (cable no incluido) <\/p>\n","protected":false},"featured_media":10950,"comment_status":"open","ping_status":"closed","template":"","meta":{"site-sidebar-layout":"default","site-content-layout":"default","ast-site-content-layout":"default","site-content-style":"default","site-sidebar-style":"default","ast-global-header-display":"","ast-banner-title-visibility":"","ast-main-header-display":"","ast-hfb-above-header-display":"","ast-hfb-below-header-display":"","ast-hfb-mobile-header-display":"","site-post-title":"","ast-breadcrumbs-content":"","ast-featured-img":"","footer-sml-layout":"","ast-disable-related-posts":"","theme-transparent-header-meta":"default","adv-header-id-meta":"","stick-header-meta":"default","header-above-stick-meta":"","header-main-stick-meta":"","header-below-stick-meta":"","astra-migrate-meta-layouts":"default","ast-page-background-enabled":"default","ast-page-background-meta":{"desktop":{"background-color":"","background-image":"","background-repeat":"repeat","background-position":"center center","background-size":"auto","background-attachment":"scroll","background-type":"","background-media":"","overlay-type":"","overlay-color":"","overlay-opacity":"","overlay-gradient":""},"tablet":{"background-color":"","background-image":"","background-repeat":"repeat","background-position":"center center","background-size":"auto","background-attachment":"scroll","background-type":"","background-media":"","overlay-type":"","overlay-color":"","overlay-opacity":"","overlay-gradient":""},"mobile":{"background-color":"","background-image":"","background-repeat":"repeat","background-position":"center center","background-size":"auto","background-attachment":"scroll","background-type":"","background-media":"","overlay-type":"","overlay-color":"","overlay-opacity":"","overlay-gradient":""}},"ast-content-background-meta":{"desktop":{"background-color":"var(--ast-global-color-5)","background-image":"","background-repeat":"repeat","background-position":"center center","background-size":"auto","background-attachment":"scroll","background-type":"","background-media":"","overlay-type":"","overlay-color":"","overlay-opacity":"","overlay-gradient":""},"tablet":{"background-color":"var(--ast-global-color-5)","background-image":"","background-repeat":"repeat","background-position":"center center","background-size":"auto","background-attachment":"scroll","background-type":"","background-media":"","overlay-type":"","overlay-color":"","overlay-opacity":"","overlay-gradient":""},"mobile":{"background-color":"var(--ast-global-color-5)","background-image":"","background-repeat":"repeat","background-position":"center center","background-size":"auto","background-attachment":"scroll","background-type":"","background-media":"","overlay-type":"","overlay-color":"","overlay-opacity":"","overlay-gradient":""}}},"product_brand":[],"product_cat":[305,269],"product_tag":[],"class_list":{"0":"post-11281","1":"product","2":"type-product","3":"status-publish","4":"has-post-thumbnail","6":"product_cat-cbd-es","7":"product_cat-vaper-cbd","8":"desktop-align-left","9":"tablet-align-center","10":"mobile-align-left","11":"ast-product-gallery-layout-vertical","12":"ast-product-gallery-with-no-image","13":"ast-magnify-disabled","14":"ast-product-tabs-layout-horizontal","16":"first","17":"outofstock","18":"taxable","19":"shipping-taxable","20":"purchasable","21":"product-type-simple"},"yoast_head":"<!-- This site is optimized with the Yoast SEO Premium plugin v27.2 (Yoast SEO v27.4) - https:\/\/yoast.com\/product\/yoast-seo-premium-wordpress\/ -->\n<title>Orange County CBD - CBD Vape Pen - Pastel de Boda<\/title>\n<meta name=\"description\" content=\"Vapeador desechable Orange County CBD: f\u00e1cil de usar, potente y compacto. Disfruta de la experiencia CBD sin THC con 600 mg de CBD de amplio espectro \ud83d\udca8\" \/>\n<meta name=\"robots\" content=\"index, follow, max-snippet:-1, max-image-preview:large, max-video-preview:-1\" \/>\n<link rel=\"canonical\" href=\"https:\/\/blumiz.com\/es\/producto\/bol-desechable-cbd-pen-boda-pastel-600-mg-puff-naranja-county-cbd\/\" \/>\n<meta property=\"og:locale\" content=\"es_ES\" \/>\n<meta property=\"og:type\" content=\"article\" \/>\n<meta property=\"og:title\" content=\"CBD Vape Pen - Wedding Cake - 600 mg - Puff - Orange County CBD\" \/>\n<meta property=\"og:description\" content=\"CBD Vape Pen - Wedding Cake - 600 mg - Puff - Orange County CBD Blumiz - Premium CBD\" \/>\n<meta property=\"og:url\" content=\"https:\/\/blumiz.com\/es\/producto\/bol-desechable-cbd-pen-boda-pastel-600-mg-puff-naranja-county-cbd\/\" \/>\n<meta property=\"og:site_name\" content=\"Blumiz - Premium CBD\" \/>\n<meta property=\"article:modified_time\" content=\"2025-02-11T12:29:00+00:00\" \/>\n<meta property=\"og:image\" content=\"https:\/\/blumiz.com\/wp-content\/uploads\/2022\/10\/Einweg-CBD-Stift-Wedding-Cake-600-mg-Orange-County-CBD.webp\" \/>\n\t<meta property=\"og:image:width\" content=\"600\" \/>\n\t<meta property=\"og:image:height\" content=\"600\" \/>\n\t<meta property=\"og:image:type\" content=\"image\/webp\" \/>\n<meta name=\"twitter:card\" content=\"summary_large_image\" \/>\n<meta name=\"twitter:label1\" content=\"Precio\" \/>\n\t<meta name=\"twitter:data1\" content=\"29,90&nbsp;&euro;\" \/>\n\t<meta name=\"twitter:label2\" content=\"Disponibilidad\" \/>\n\t<meta name=\"twitter:data2\" content=\"Sin existencias\" \/>\n<script type=\"application\/ld+json\" class=\"yoast-schema-graph\">{\"@context\":\"https:\\\/\\\/schema.org\",\"@graph\":[{\"@type\":\"WebPage\",\"@id\":\"https:\\\/\\\/blumiz.com\\\/es\\\/producto\\\/bol-desechable-cbd-pen-boda-pastel-600-mg-puff-naranja-county-cbd\\\/\",\"url\":\"https:\\\/\\\/blumiz.com\\\/es\\\/producto\\\/bol-desechable-cbd-pen-boda-pastel-600-mg-puff-naranja-county-cbd\\\/\",\"name\":\"Orange County CBD - CBD Vape Pen - Pastel de Boda\",\"isPartOf\":{\"@id\":\"https:\\\/\\\/blumiz.com\\\/es\\\/#website\"},\"primaryImageOfPage\":{\"@id\":\"https:\\\/\\\/blumiz.com\\\/es\\\/producto\\\/bol-desechable-cbd-pen-boda-pastel-600-mg-puff-naranja-county-cbd\\\/#primaryimage\"},\"image\":{\"@id\":\"https:\\\/\\\/blumiz.com\\\/es\\\/producto\\\/bol-desechable-cbd-pen-boda-pastel-600-mg-puff-naranja-county-cbd\\\/#primaryimage\"},\"thumbnailUrl\":\"https:\\\/\\\/blumiz.com\\\/wp-content\\\/uploads\\\/2022\\\/10\\\/Einweg-CBD-Stift-Wedding-Cake-600-mg-Orange-County-CBD.webp\",\"datePublished\":\"2022-10-20T12:45:56+00:00\",\"dateModified\":\"2025-02-11T12:29:00+00:00\",\"description\":\"Vapeador desechable Orange County CBD: f\u00e1cil de usar, potente y compacto. Disfruta de la experiencia CBD sin THC con 600 mg de CBD de amplio espectro \ud83d\udca8\",\"breadcrumb\":{\"@id\":\"https:\\\/\\\/blumiz.com\\\/es\\\/producto\\\/bol-desechable-cbd-pen-boda-pastel-600-mg-puff-naranja-county-cbd\\\/#breadcrumb\"},\"inLanguage\":\"es\",\"potentialAction\":[{\"@type\":\"ReadAction\",\"target\":[\"https:\\\/\\\/blumiz.com\\\/es\\\/producto\\\/bol-desechable-cbd-pen-boda-pastel-600-mg-puff-naranja-county-cbd\\\/\"]}]},{\"@type\":\"ImageObject\",\"inLanguage\":\"es\",\"@id\":\"https:\\\/\\\/blumiz.com\\\/es\\\/producto\\\/bol-desechable-cbd-pen-boda-pastel-600-mg-puff-naranja-county-cbd\\\/#primaryimage\",\"url\":\"https:\\\/\\\/blumiz.com\\\/wp-content\\\/uploads\\\/2022\\\/10\\\/Einweg-CBD-Stift-Wedding-Cake-600-mg-Orange-County-CBD.webp\",\"contentUrl\":\"https:\\\/\\\/blumiz.com\\\/wp-content\\\/uploads\\\/2022\\\/10\\\/Einweg-CBD-Stift-Wedding-Cake-600-mg-Orange-County-CBD.webp\",\"width\":600,\"height\":600},{\"@type\":\"BreadcrumbList\",\"@id\":\"https:\\\/\\\/blumiz.com\\\/es\\\/producto\\\/bol-desechable-cbd-pen-boda-pastel-600-mg-puff-naranja-county-cbd\\\/#breadcrumb\",\"itemListElement\":[{\"@type\":\"ListItem\",\"position\":1,\"name\":\"Blumiz\",\"item\":\"https:\\\/\\\/blumiz.com\\\/es\\\/\"},{\"@type\":\"ListItem\",\"position\":2,\"name\":\"CBD Shop\",\"item\":\"https:\\\/\\\/blumiz.com\\\/es\\\/tienda\\\/\"},{\"@type\":\"ListItem\",\"position\":3,\"name\":\"Vaper CBD\",\"item\":\"https:\\\/\\\/blumiz.com\\\/es\\\/category\\\/vaper-cbd\\\/\"},{\"@type\":\"ListItem\",\"position\":4,\"name\":\"CBD Vape Pen &#8211; Wedding Cake &#8211; 600 mg &#8211; Puff &#8211; Orange County CBD\"}]},{\"@type\":\"WebSite\",\"@id\":\"https:\\\/\\\/blumiz.com\\\/es\\\/#website\",\"url\":\"https:\\\/\\\/blumiz.com\\\/es\\\/\",\"name\":\"Blumiz - Premium CBD\",\"description\":\"Un CBD al mejor precio y de calidad superior\",\"publisher\":{\"@id\":\"https:\\\/\\\/blumiz.com\\\/es\\\/#organization\"},\"alternateName\":\"Blumiz\",\"potentialAction\":[{\"@type\":\"SearchAction\",\"target\":{\"@type\":\"EntryPoint\",\"urlTemplate\":\"https:\\\/\\\/blumiz.com\\\/es\\\/?s={search_term_string}\"},\"query-input\":{\"@type\":\"PropertyValueSpecification\",\"valueRequired\":true,\"valueName\":\"search_term_string\"}}],\"inLanguage\":\"es\"},{\"@type\":\"Organization\",\"@id\":\"https:\\\/\\\/blumiz.com\\\/es\\\/#organization\",\"name\":\"Blumiz CBD\",\"alternateName\":\"Blumiz\",\"url\":\"https:\\\/\\\/blumiz.com\\\/es\\\/\",\"logo\":{\"@type\":\"ImageObject\",\"inLanguage\":\"es\",\"@id\":\"https:\\\/\\\/blumiz.com\\\/es\\\/#\\\/schema\\\/logo\\\/image\\\/\",\"url\":\"https:\\\/\\\/blumiz.com\\\/wp-content\\\/uploads\\\/2026\\\/02\\\/cropped-Blumiz-CBD-logo.webp\",\"contentUrl\":\"https:\\\/\\\/blumiz.com\\\/wp-content\\\/uploads\\\/2026\\\/02\\\/cropped-Blumiz-CBD-logo.webp\",\"width\":2547,\"height\":778,\"caption\":\"Blumiz CBD\"},\"image\":{\"@id\":\"https:\\\/\\\/blumiz.com\\\/es\\\/#\\\/schema\\\/logo\\\/image\\\/\"}}]}<\/script>\n<meta property=\"product:price:amount\" content=\"29.90\" \/>\n<meta property=\"product:price:currency\" content=\"EUR\" \/>\n<meta property=\"og:availability\" content=\"out of stock\" \/>\n<meta property=\"product:availability\" content=\"out of stock\" \/>\n<meta property=\"product:retailer_item_id\" content=\"253791\" \/>\n<meta property=\"product:condition\" content=\"new\" \/>\n<!-- \/ Yoast SEO Premium plugin. -->","yoast_head_json":{"title":"Orange County CBD - CBD Vape Pen - Pastel de Boda","description":"Vapeador desechable Orange County CBD: f\u00e1cil de usar, potente y compacto. Disfruta de la experiencia CBD sin THC con 600 mg de CBD de amplio espectro \ud83d\udca8","robots":{"index":"index","follow":"follow","max-snippet":"max-snippet:-1","max-image-preview":"max-image-preview:large","max-video-preview":"max-video-preview:-1"},"canonical":"https:\/\/blumiz.com\/es\/producto\/bol-desechable-cbd-pen-boda-pastel-600-mg-puff-naranja-county-cbd\/","og_locale":"es_ES","og_type":"article","og_title":"CBD Vape Pen - Wedding Cake - 600 mg - Puff - Orange County CBD","og_description":"CBD Vape Pen - Wedding Cake - 600 mg - Puff - Orange County CBD Blumiz - Premium CBD","og_url":"https:\/\/blumiz.com\/es\/producto\/bol-desechable-cbd-pen-boda-pastel-600-mg-puff-naranja-county-cbd\/","og_site_name":"Blumiz - Premium CBD","article_modified_time":"2025-02-11T12:29:00+00:00","og_image":[{"width":600,"height":600,"url":"https:\/\/blumiz.com\/wp-content\/uploads\/2022\/10\/Einweg-CBD-Stift-Wedding-Cake-600-mg-Orange-County-CBD.webp","type":"image\/webp"}],"twitter_card":"summary_large_image","twitter_misc":{"Precio":"29,90&nbsp;&euro;","Disponibilidad":"Sin existencias"},"schema":{"@context":"https:\/\/schema.org","@graph":[{"@type":"WebPage","@id":"https:\/\/blumiz.com\/es\/producto\/bol-desechable-cbd-pen-boda-pastel-600-mg-puff-naranja-county-cbd\/","url":"https:\/\/blumiz.com\/es\/producto\/bol-desechable-cbd-pen-boda-pastel-600-mg-puff-naranja-county-cbd\/","name":"Orange County CBD - CBD Vape Pen - Pastel de Boda","isPartOf":{"@id":"https:\/\/blumiz.com\/es\/#website"},"primaryImageOfPage":{"@id":"https:\/\/blumiz.com\/es\/producto\/bol-desechable-cbd-pen-boda-pastel-600-mg-puff-naranja-county-cbd\/#primaryimage"},"image":{"@id":"https:\/\/blumiz.com\/es\/producto\/bol-desechable-cbd-pen-boda-pastel-600-mg-puff-naranja-county-cbd\/#primaryimage"},"thumbnailUrl":"https:\/\/blumiz.com\/wp-content\/uploads\/2022\/10\/Einweg-CBD-Stift-Wedding-Cake-600-mg-Orange-County-CBD.webp","datePublished":"2022-10-20T12:45:56+00:00","dateModified":"2025-02-11T12:29:00+00:00","description":"Vapeador desechable Orange County CBD: f\u00e1cil de usar, potente y compacto. Disfruta de la experiencia CBD sin THC con 600 mg de CBD de amplio espectro \ud83d\udca8","breadcrumb":{"@id":"https:\/\/blumiz.com\/es\/producto\/bol-desechable-cbd-pen-boda-pastel-600-mg-puff-naranja-county-cbd\/#breadcrumb"},"inLanguage":"es","potentialAction":[{"@type":"ReadAction","target":["https:\/\/blumiz.com\/es\/producto\/bol-desechable-cbd-pen-boda-pastel-600-mg-puff-naranja-county-cbd\/"]}]},{"@type":"ImageObject","inLanguage":"es","@id":"https:\/\/blumiz.com\/es\/producto\/bol-desechable-cbd-pen-boda-pastel-600-mg-puff-naranja-county-cbd\/#primaryimage","url":"https:\/\/blumiz.com\/wp-content\/uploads\/2022\/10\/Einweg-CBD-Stift-Wedding-Cake-600-mg-Orange-County-CBD.webp","contentUrl":"https:\/\/blumiz.com\/wp-content\/uploads\/2022\/10\/Einweg-CBD-Stift-Wedding-Cake-600-mg-Orange-County-CBD.webp","width":600,"height":600},{"@type":"BreadcrumbList","@id":"https:\/\/blumiz.com\/es\/producto\/bol-desechable-cbd-pen-boda-pastel-600-mg-puff-naranja-county-cbd\/#breadcrumb","itemListElement":[{"@type":"ListItem","position":1,"name":"Blumiz","item":"https:\/\/blumiz.com\/es\/"},{"@type":"ListItem","position":2,"name":"CBD Shop","item":"https:\/\/blumiz.com\/es\/tienda\/"},{"@type":"ListItem","position":3,"name":"Vaper CBD","item":"https:\/\/blumiz.com\/es\/category\/vaper-cbd\/"},{"@type":"ListItem","position":4,"name":"CBD Vape Pen &#8211; Wedding Cake &#8211; 600 mg &#8211; Puff &#8211; Orange County CBD"}]},{"@type":"WebSite","@id":"https:\/\/blumiz.com\/es\/#website","url":"https:\/\/blumiz.com\/es\/","name":"Blumiz - Premium CBD","description":"Un CBD al mejor precio y de calidad superior","publisher":{"@id":"https:\/\/blumiz.com\/es\/#organization"},"alternateName":"Blumiz","potentialAction":[{"@type":"SearchAction","target":{"@type":"EntryPoint","urlTemplate":"https:\/\/blumiz.com\/es\/?s={search_term_string}"},"query-input":{"@type":"PropertyValueSpecification","valueRequired":true,"valueName":"search_term_string"}}],"inLanguage":"es"},{"@type":"Organization","@id":"https:\/\/blumiz.com\/es\/#organization","name":"Blumiz CBD","alternateName":"Blumiz","url":"https:\/\/blumiz.com\/es\/","logo":{"@type":"ImageObject","inLanguage":"es","@id":"https:\/\/blumiz.com\/es\/#\/schema\/logo\/image\/","url":"https:\/\/blumiz.com\/wp-content\/uploads\/2026\/02\/cropped-Blumiz-CBD-logo.webp","contentUrl":"https:\/\/blumiz.com\/wp-content\/uploads\/2026\/02\/cropped-Blumiz-CBD-logo.webp","width":2547,"height":778,"caption":"Blumiz CBD"},"image":{"@id":"https:\/\/blumiz.com\/es\/#\/schema\/logo\/image\/"}}]},"product_price_amount":"29.90","product_price_currency":"EUR","og_availability":"out of stock","product_availability":"out of stock","product_retailer_item_id":"253791","product_condition":"new"},"_links":{"self":[{"href":"https:\/\/blumiz.com\/es\/wp-json\/wp\/v2\/product\/11281","targetHints":{"allow":["GET"]}}],"collection":[{"href":"https:\/\/blumiz.com\/es\/wp-json\/wp\/v2\/product"}],"about":[{"href":"https:\/\/blumiz.com\/es\/wp-json\/wp\/v2\/types\/product"}],"replies":[{"embeddable":true,"href":"https:\/\/blumiz.com\/es\/wp-json\/wp\/v2\/comments?post=11281"}],"version-history":[{"count":0,"href":"https:\/\/blumiz.com\/es\/wp-json\/wp\/v2\/product\/11281\/revisions"}],"wp:featuredmedia":[{"embeddable":true,"href":"https:\/\/blumiz.com\/es\/wp-json\/wp\/v2\/media\/10950"}],"wp:attachment":[{"href":"https:\/\/blumiz.com\/es\/wp-json\/wp\/v2\/media?parent=11281"}],"wp:term":[{"taxonomy":"product_brand","embeddable":true,"href":"https:\/\/blumiz.com\/es\/wp-json\/wp\/v2\/product_brand?post=11281"},{"taxonomy":"product_cat","embeddable":true,"href":"https:\/\/blumiz.com\/es\/wp-json\/wp\/v2\/product_cat?post=11281"},{"taxonomy":"product_tag","embeddable":true,"href":"https:\/\/blumiz.com\/es\/wp-json\/wp\/v2\/product_tag?post=11281"}],"curies":[{"name":"wp","href":"https:\/\/api.w.org\/{rel}","templated":true}]}}