{"id":11288,"date":"2022-09-19T07:46:05","date_gmt":"2022-09-19T06:46:05","guid":{"rendered":"https:\/\/blumiz.com\/produkt\/trim-cbd-mix-flores-cbd-5\/"},"modified":"2025-02-06T21:38:23","modified_gmt":"2025-02-06T20:38:23","slug":"trim-cbd","status":"publish","type":"product","link":"https:\/\/blumiz.com\/es\/producto\/trim-cbd\/","title":{"rendered":"Trim CBD mix &#8211; Flores CBD 5%"},"content":{"rendered":"<h2><span style=\"color: #107f85;\">CBD Bud TRIM MIX 5%<\/span><\/h2>\n<h3><span style=\"color: #ff6600;\">Esta mezcla de guarnici\u00f3n est\u00e1 compuesta por TODAS nuestras variedades de Indoor, Outdoor e invernadero.<\/span><\/h3>\n<p dir=\"ltr\">Descubre la flor de CBD TRIM. Es rico en CBD, con un contenido estimado del 5%.  Adem\u00e1s, es un producto totalmente legal que cumple las normas de calidad m\u00e1s estrictas. Est\u00e1 disponible en 20 g y contiene THC en una concentraci\u00f3n inferior al 0,2. Tambi\u00e9n tiene los numerosos efectos terap\u00e9uticos del CBD. Si quieres probar el cannabidiol, el TRIM es una opci\u00f3n buena y barata.<\/p>\n<h4><span style=\"color: #ff6600;\">Descripci\u00f3n de la mezcla Trim Mix<\/span><\/h4>\n<p>Nuestros cogollos <strong>CBD &#8220;TRIM Mix<\/strong> &#8221; son una gran mezcla de peque\u00f1os cogollos, material de floraci\u00f3n de peque\u00f1as part\u00edculas y polen de alta calidad que casi puede describirse como pino CBD. La <strong>CBD<\/strong> <strong>&#8220;Trim Mix CBD&#8221; contiene las proporciones de todas las variedades CBD de nuestro cat\u00e1logo <\/strong>. Mezclando diferentes<strong> flores de<\/strong> CBD con <strong>diferentes perfiles de terpenos<\/strong> y <strong>composiciones individuales de cannabinoides<\/strong>, se crea un producto fant\u00e1stico, que puede convencer no s\u00f3lo con un gran aroma, sino tambi\u00e9n con una mezcla especial de ingredientes activos. Los an\u00e1lisis de laboratorio de las flores de CBD <strong>&#8220;Trim Mix <\/strong>&#8221; confirmaron que la <strong>mezcla de<\/strong> diferentes <strong>flores de CBD<\/strong> da como resultado un <strong>espectro particularmente amplio de ingredientes activos<\/strong>, que no se puede conseguir de esta forma con ning\u00fan otro tipo de flor de CBD.<\/p>\n<p>OutdoorSi buscas flores de CBD barato flores, tambi\u00e9n te gustar\u00e1 nuestra <a href=\"https:\/\/blumiz.com\/producto\/trim-cbd-indoor-mix-7\/\">Trim en versi\u00f3n premium<\/a> o nuestras variedades como la<a href=\"https:\/\/blumiz.com\/producto\/skunk-cbd-original\/\">Skunk Original<\/a>.<\/p>\n<p> <a href=\"https:\/\/blumiz.com\/producto\/cbd-small-bud-indoor-mix-9\/\">Indoor O nuestros  Small buds<\/a>.<\/p>\n<h4><span style=\"color: #ff6600;\">Producci\u00f3n de CBD Trim 5%.<\/span><\/h4>\n<p>caracter\u00edsticas de calidad tambi\u00e9n se aplican a nuestras <strong>flores de CBD &#8220;TRIM 5%&#8221; <\/strong>. Debido a nuestros propios est\u00e1ndares para la apariencia de nuestras flores de CBD, hemos decidido no vender flores m\u00e1s peque\u00f1as, as\u00ed como material floral de part\u00edculas peque\u00f1as y polen causado por la abrasi\u00f3n durante el embalaje o el transporte, en nuestros tarros de 2 y 5 gramos. Estos restos no son tan atractivos visualmente como una flor intacta, pero contienen un <strong>espectro particularmente amplio de ingredientes activos,<\/strong> una <strong>fant\u00e1stica mezcla de aromas<\/strong> y, en algunos casos, un <strong>contenido de CBD extremadamente alto<\/strong>, ya que los <strong>cristales de CBD<\/strong> ca\u00eddos y <strong>otros cannabinoides<\/strong> siempre se acumulan en el material floral de peque\u00f1as part\u00edculas que se utiliza aqu\u00ed.<\/p>\n<h4><span style=\"color: #ff6600;\">Nuestra <a style=\"color: #ff6600;\" href=\"\/?product_cat=cbd-blueten\">Flores CBD<\/a> es sin\u00f3nimo de altos est\u00e1ndares de calidad y productos seleccionados a mano<\/span><\/h4>\n<p>Flores CBD est\u00e1n disponibles en diferentes sabores y concentraciones de CBD. Nuestras Flores CBD se someten a estrictos criterios externos de calidad. Se venden como materias primas y no contienen aditivos qu\u00edmicos ni metales pesados.<\/p>\n<p>Descubra aqu\u00ed tambi\u00e9n nuestro <a href=\"https:\/\/blumiz.com\/es\/category\/hachis-y-concentrados\/\">CBD Hachis<\/a><\/p>\n<p>Una pregunta, \u00bfnecesitas ayuda?  <a href=\"https:\/\/blumiz.com\/hilfe-und-faqs\/\">Haga clic aqu\u00ed para descubrir nuestro centro de ayuda.<\/a><\/p>\n<p>Descubre nuestros <a href=\"https:\/\/blumiz.com\/es\/category\/headshop-es\/\">productos y accesorios Headshop<\/a> para disfrutar de tus variedades favoritas<\/p>\n<h4><span style=\"color: #ff6600;\">Hacer un pedido a Blumiz significa:<\/span><\/h4>\n<p>&#8211; Entrega r\u00e1pida, discreta e inodora<br \/>\n&#8211; Productos de calidad y certificados por laboratorios<br \/>\n&#8211; Precios inmejorables, ya que fabricamos nuestros propios productos<\/p>\n","protected":false},"excerpt":{"rendered":"<h1><span style=\"color: #107d85;\">CBD-<\/span><span style=\"color: #107f85;\">Flores <\/span><span style=\"color: #107d85;\">MEZCLA TRIM 5%<\/span><\/h1>\n<p>La guarnici\u00f3n es una mezcla de las flores que sobran despu\u00e9s del secado y embolsado. Se trata de un conjunto de peque\u00f1as cabezas todav\u00eda bien rellenas de tricomas y que contienen la mayor parte de los principios activos.<\/p>\n","protected":false},"featured_media":10603,"comment_status":"open","ping_status":"closed","template":"","meta":{"site-sidebar-layout":"default","site-content-layout":"default","ast-site-content-layout":"default","site-content-style":"default","site-sidebar-style":"default","ast-global-header-display":"","ast-banner-title-visibility":"","ast-main-header-display":"","ast-hfb-above-header-display":"","ast-hfb-below-header-display":"","ast-hfb-mobile-header-display":"","site-post-title":"","ast-breadcrumbs-content":"","ast-featured-img":"","footer-sml-layout":"","ast-disable-related-posts":"","theme-transparent-header-meta":"default","adv-header-id-meta":"","stick-header-meta":"default","header-above-stick-meta":"","header-main-stick-meta":"","header-below-stick-meta":"","astra-migrate-meta-layouts":"default","ast-page-background-enabled":"default","ast-page-background-meta":{"desktop":{"background-color":"","background-image":"","background-repeat":"repeat","background-position":"center center","background-size":"auto","background-attachment":"scroll","background-type":"","background-media":"","overlay-type":"","overlay-color":"","overlay-opacity":"","overlay-gradient":""},"tablet":{"background-color":"","background-image":"","background-repeat":"repeat","background-position":"center center","background-size":"auto","background-attachment":"scroll","background-type":"","background-media":"","overlay-type":"","overlay-color":"","overlay-opacity":"","overlay-gradient":""},"mobile":{"background-color":"","background-image":"","background-repeat":"repeat","background-position":"center center","background-size":"auto","background-attachment":"scroll","background-type":"","background-media":"","overlay-type":"","overlay-color":"","overlay-opacity":"","overlay-gradient":""}},"ast-content-background-meta":{"desktop":{"background-color":"var(--ast-global-color-5)","background-image":"","background-repeat":"repeat","background-position":"center center","background-size":"auto","background-attachment":"scroll","background-type":"","background-media":"","overlay-type":"","overlay-color":"","overlay-opacity":"","overlay-gradient":""},"tablet":{"background-color":"var(--ast-global-color-5)","background-image":"","background-repeat":"repeat","background-position":"center center","background-size":"auto","background-attachment":"scroll","background-type":"","background-media":"","overlay-type":"","overlay-color":"","overlay-opacity":"","overlay-gradient":""},"mobile":{"background-color":"var(--ast-global-color-5)","background-image":"","background-repeat":"repeat","background-position":"center center","background-size":"auto","background-attachment":"scroll","background-type":"","background-media":"","overlay-type":"","overlay-color":"","overlay-opacity":"","overlay-gradient":""}}},"product_brand":[],"product_cat":[305,261,270,272],"product_tag":[237,233],"class_list":{"0":"post-11288","1":"product","2":"type-product","3":"status-publish","4":"has-post-thumbnail","6":"product_cat-cbd-es","7":"product_cat-flores-cbd","8":"product_cat-flores-cbd-baratas","9":"product_cat-small-bud-y-trim-flores-cbd","10":"product_tag-flores-cbd-baratas","11":"product_tag-outdoor-cbd-es","12":"pa_cbd-rate-0-a-10-cbd-es","13":"pa_kategorie-flores-de-cbd-baratas","14":"pa_kategorie-greenhouse-cbd-es","15":"pa_kategorie-indoor-cbd-es","16":"pa_kategorie-outdoor-cbd-es","17":"pa_kategorie-small-buds-trim-es","18":"desktop-align-left","19":"tablet-align-center","20":"mobile-align-left","21":"ast-product-gallery-layout-vertical","22":"ast-product-gallery-with-no-image","23":"ast-magnify-disabled","24":"ast-product-single-variable","25":"ast-product-tabs-layout-horizontal","27":"first","28":"instock","29":"taxable","30":"shipping-taxable","31":"purchasable","32":"product-type-variable"},"yoast_head":"<!-- This site is optimized with the Yoast SEO Premium plugin v27.2 (Yoast SEO v27.5) - https:\/\/yoast.com\/product\/yoast-seo-premium-wordpress\/ -->\n<title>Trim cbd desde \u20ac0.99\/g- CBD barato flores Blumiz<\/title>\n<meta name=\"description\" content=\"Trim cbd a partir de 0.99\u20ac\/g CBD barato flores de BlumizSorte Schokogeschmack....Entrega r\u00e1pida y discreta en Espa\u00f1a legal\" \/>\n<meta name=\"robots\" content=\"index, follow, max-snippet:-1, max-image-preview:large, max-video-preview:-1\" \/>\n<link rel=\"canonical\" href=\"https:\/\/blumiz.com\/es\/producto\/trim-cbd\/\" \/>\n<meta property=\"og:locale\" content=\"es_ES\" \/>\n<meta property=\"og:type\" content=\"article\" \/>\n<meta property=\"og:title\" content=\"Trim CBD mix - Flores CBD 5%\" \/>\n<meta property=\"og:description\" content=\"Trim CBD mix - Flores CBD 5% Blumiz - Premium CBD\" \/>\n<meta property=\"og:url\" content=\"https:\/\/blumiz.com\/es\/producto\/trim-cbd\/\" \/>\n<meta property=\"og:site_name\" content=\"Blumiz - Premium CBD\" \/>\n<meta property=\"article:modified_time\" content=\"2025-02-06T20:38:23+00:00\" \/>\n<meta property=\"og:image\" content=\"https:\/\/blumiz.com\/wp-content\/uploads\/2022\/09\/TRIM-CBD-MIX-gu\u0308nstig-Deutschland-1.webp\" \/>\n\t<meta property=\"og:image:width\" content=\"600\" \/>\n\t<meta property=\"og:image:height\" content=\"600\" \/>\n\t<meta property=\"og:image:type\" content=\"image\/webp\" \/>\n<meta name=\"twitter:card\" content=\"summary_large_image\" \/>\n<meta name=\"twitter:label1\" content=\"Disponibilidad\" \/>\n\t<meta name=\"twitter:data1\" content=\"Disponible\" \/>\n<script type=\"application\/ld+json\" class=\"yoast-schema-graph\">{\"@context\":\"https:\\\/\\\/schema.org\",\"@graph\":[{\"@type\":\"WebPage\",\"@id\":\"https:\\\/\\\/blumiz.com\\\/es\\\/producto\\\/trim-cbd\\\/\",\"url\":\"https:\\\/\\\/blumiz.com\\\/es\\\/producto\\\/trim-cbd\\\/\",\"name\":\"Trim cbd desde \u20ac0.99\\\/g- CBD barato flores Blumiz\",\"isPartOf\":{\"@id\":\"https:\\\/\\\/blumiz.com\\\/es\\\/#website\"},\"primaryImageOfPage\":{\"@id\":\"https:\\\/\\\/blumiz.com\\\/es\\\/producto\\\/trim-cbd\\\/#primaryimage\"},\"image\":{\"@id\":\"https:\\\/\\\/blumiz.com\\\/es\\\/producto\\\/trim-cbd\\\/#primaryimage\"},\"thumbnailUrl\":\"https:\\\/\\\/blumiz.com\\\/wp-content\\\/uploads\\\/2022\\\/09\\\/TRIM-CBD-MIX-gu\u0308nstig-Deutschland-1.webp\",\"datePublished\":\"2022-09-19T06:46:05+00:00\",\"dateModified\":\"2025-02-06T20:38:23+00:00\",\"description\":\"Trim cbd a partir de 0.99\u20ac\\\/g CBD barato flores de BlumizSorte Schokogeschmack....Entrega r\u00e1pida y discreta en Espa\u00f1a legal\",\"breadcrumb\":{\"@id\":\"https:\\\/\\\/blumiz.com\\\/es\\\/producto\\\/trim-cbd\\\/#breadcrumb\"},\"inLanguage\":\"es\",\"potentialAction\":[{\"@type\":\"ReadAction\",\"target\":[\"https:\\\/\\\/blumiz.com\\\/es\\\/producto\\\/trim-cbd\\\/\"]}]},{\"@type\":\"ImageObject\",\"inLanguage\":\"es\",\"@id\":\"https:\\\/\\\/blumiz.com\\\/es\\\/producto\\\/trim-cbd\\\/#primaryimage\",\"url\":\"https:\\\/\\\/blumiz.com\\\/wp-content\\\/uploads\\\/2022\\\/09\\\/TRIM-CBD-MIX-gu\u0308nstig-Deutschland-1.webp\",\"contentUrl\":\"https:\\\/\\\/blumiz.com\\\/wp-content\\\/uploads\\\/2022\\\/09\\\/TRIM-CBD-MIX-gu\u0308nstig-Deutschland-1.webp\",\"width\":600,\"height\":600},{\"@type\":\"BreadcrumbList\",\"@id\":\"https:\\\/\\\/blumiz.com\\\/es\\\/producto\\\/trim-cbd\\\/#breadcrumb\",\"itemListElement\":[{\"@type\":\"ListItem\",\"position\":1,\"name\":\"Blumiz\",\"item\":\"https:\\\/\\\/blumiz.com\\\/es\\\/\"},{\"@type\":\"ListItem\",\"position\":2,\"name\":\"CBD Shop\",\"item\":\"https:\\\/\\\/blumiz.com\\\/es\\\/tienda\\\/\"},{\"@type\":\"ListItem\",\"position\":3,\"name\":\"Flores CBD\",\"item\":\"https:\\\/\\\/blumiz.com\\\/es\\\/category\\\/flores-cbd\\\/\"},{\"@type\":\"ListItem\",\"position\":4,\"name\":\"Trim CBD mix &#8211; Flores CBD 5%\"}]},{\"@type\":\"WebSite\",\"@id\":\"https:\\\/\\\/blumiz.com\\\/es\\\/#website\",\"url\":\"https:\\\/\\\/blumiz.com\\\/es\\\/\",\"name\":\"Blumiz - Premium CBD\",\"description\":\"Un CBD al mejor precio y de calidad superior\",\"publisher\":{\"@id\":\"https:\\\/\\\/blumiz.com\\\/es\\\/#organization\"},\"alternateName\":\"Blumiz\",\"potentialAction\":[{\"@type\":\"SearchAction\",\"target\":{\"@type\":\"EntryPoint\",\"urlTemplate\":\"https:\\\/\\\/blumiz.com\\\/es\\\/?s={search_term_string}\"},\"query-input\":{\"@type\":\"PropertyValueSpecification\",\"valueRequired\":true,\"valueName\":\"search_term_string\"}}],\"inLanguage\":\"es\"},{\"@type\":\"Organization\",\"@id\":\"https:\\\/\\\/blumiz.com\\\/es\\\/#organization\",\"name\":\"Blumiz CBD\",\"alternateName\":\"Blumiz\",\"url\":\"https:\\\/\\\/blumiz.com\\\/es\\\/\",\"logo\":{\"@type\":\"ImageObject\",\"inLanguage\":\"es\",\"@id\":\"https:\\\/\\\/blumiz.com\\\/es\\\/#\\\/schema\\\/logo\\\/image\\\/\",\"url\":\"https:\\\/\\\/blumiz.com\\\/wp-content\\\/uploads\\\/2026\\\/02\\\/cropped-Blumiz-CBD-logo.webp\",\"contentUrl\":\"https:\\\/\\\/blumiz.com\\\/wp-content\\\/uploads\\\/2026\\\/02\\\/cropped-Blumiz-CBD-logo.webp\",\"width\":2547,\"height\":778,\"caption\":\"Blumiz CBD\"},\"image\":{\"@id\":\"https:\\\/\\\/blumiz.com\\\/es\\\/#\\\/schema\\\/logo\\\/image\\\/\"}}]}<\/script>\n<meta property=\"og:availability\" content=\"instock\" \/>\n<meta property=\"product:availability\" content=\"instock\" \/>\n<meta property=\"product:retailer_item_id\" content=\"259466\" \/>\n<meta property=\"product:condition\" content=\"new\" \/>\n<!-- \/ Yoast SEO Premium plugin. -->","yoast_head_json":{"title":"Trim cbd desde \u20ac0.99\/g- CBD barato flores Blumiz","description":"Trim cbd a partir de 0.99\u20ac\/g CBD barato flores de BlumizSorte Schokogeschmack....Entrega r\u00e1pida y discreta en Espa\u00f1a legal","robots":{"index":"index","follow":"follow","max-snippet":"max-snippet:-1","max-image-preview":"max-image-preview:large","max-video-preview":"max-video-preview:-1"},"canonical":"https:\/\/blumiz.com\/es\/producto\/trim-cbd\/","og_locale":"es_ES","og_type":"article","og_title":"Trim CBD mix - Flores CBD 5%","og_description":"Trim CBD mix - Flores CBD 5% Blumiz - Premium CBD","og_url":"https:\/\/blumiz.com\/es\/producto\/trim-cbd\/","og_site_name":"Blumiz - Premium CBD","article_modified_time":"2025-02-06T20:38:23+00:00","og_image":[{"width":600,"height":600,"url":"https:\/\/blumiz.com\/wp-content\/uploads\/2022\/09\/TRIM-CBD-MIX-gu\u0308nstig-Deutschland-1.webp","type":"image\/webp"}],"twitter_card":"summary_large_image","twitter_misc":{"Disponibilidad":"Disponible"},"schema":{"@context":"https:\/\/schema.org","@graph":[{"@type":"WebPage","@id":"https:\/\/blumiz.com\/es\/producto\/trim-cbd\/","url":"https:\/\/blumiz.com\/es\/producto\/trim-cbd\/","name":"Trim cbd desde \u20ac0.99\/g- CBD barato flores Blumiz","isPartOf":{"@id":"https:\/\/blumiz.com\/es\/#website"},"primaryImageOfPage":{"@id":"https:\/\/blumiz.com\/es\/producto\/trim-cbd\/#primaryimage"},"image":{"@id":"https:\/\/blumiz.com\/es\/producto\/trim-cbd\/#primaryimage"},"thumbnailUrl":"https:\/\/blumiz.com\/wp-content\/uploads\/2022\/09\/TRIM-CBD-MIX-gu\u0308nstig-Deutschland-1.webp","datePublished":"2022-09-19T06:46:05+00:00","dateModified":"2025-02-06T20:38:23+00:00","description":"Trim cbd a partir de 0.99\u20ac\/g CBD barato flores de BlumizSorte Schokogeschmack....Entrega r\u00e1pida y discreta en Espa\u00f1a legal","breadcrumb":{"@id":"https:\/\/blumiz.com\/es\/producto\/trim-cbd\/#breadcrumb"},"inLanguage":"es","potentialAction":[{"@type":"ReadAction","target":["https:\/\/blumiz.com\/es\/producto\/trim-cbd\/"]}]},{"@type":"ImageObject","inLanguage":"es","@id":"https:\/\/blumiz.com\/es\/producto\/trim-cbd\/#primaryimage","url":"https:\/\/blumiz.com\/wp-content\/uploads\/2022\/09\/TRIM-CBD-MIX-gu\u0308nstig-Deutschland-1.webp","contentUrl":"https:\/\/blumiz.com\/wp-content\/uploads\/2022\/09\/TRIM-CBD-MIX-gu\u0308nstig-Deutschland-1.webp","width":600,"height":600},{"@type":"BreadcrumbList","@id":"https:\/\/blumiz.com\/es\/producto\/trim-cbd\/#breadcrumb","itemListElement":[{"@type":"ListItem","position":1,"name":"Blumiz","item":"https:\/\/blumiz.com\/es\/"},{"@type":"ListItem","position":2,"name":"CBD Shop","item":"https:\/\/blumiz.com\/es\/tienda\/"},{"@type":"ListItem","position":3,"name":"Flores CBD","item":"https:\/\/blumiz.com\/es\/category\/flores-cbd\/"},{"@type":"ListItem","position":4,"name":"Trim CBD mix &#8211; Flores CBD 5%"}]},{"@type":"WebSite","@id":"https:\/\/blumiz.com\/es\/#website","url":"https:\/\/blumiz.com\/es\/","name":"Blumiz - Premium CBD","description":"Un CBD al mejor precio y de calidad superior","publisher":{"@id":"https:\/\/blumiz.com\/es\/#organization"},"alternateName":"Blumiz","potentialAction":[{"@type":"SearchAction","target":{"@type":"EntryPoint","urlTemplate":"https:\/\/blumiz.com\/es\/?s={search_term_string}"},"query-input":{"@type":"PropertyValueSpecification","valueRequired":true,"valueName":"search_term_string"}}],"inLanguage":"es"},{"@type":"Organization","@id":"https:\/\/blumiz.com\/es\/#organization","name":"Blumiz CBD","alternateName":"Blumiz","url":"https:\/\/blumiz.com\/es\/","logo":{"@type":"ImageObject","inLanguage":"es","@id":"https:\/\/blumiz.com\/es\/#\/schema\/logo\/image\/","url":"https:\/\/blumiz.com\/wp-content\/uploads\/2026\/02\/cropped-Blumiz-CBD-logo.webp","contentUrl":"https:\/\/blumiz.com\/wp-content\/uploads\/2026\/02\/cropped-Blumiz-CBD-logo.webp","width":2547,"height":778,"caption":"Blumiz CBD"},"image":{"@id":"https:\/\/blumiz.com\/es\/#\/schema\/logo\/image\/"}}]},"og_availability":"instock","product_availability":"instock","product_retailer_item_id":"259466","product_condition":"new"},"_links":{"self":[{"href":"https:\/\/blumiz.com\/es\/wp-json\/wp\/v2\/product\/11288","targetHints":{"allow":["GET"]}}],"collection":[{"href":"https:\/\/blumiz.com\/es\/wp-json\/wp\/v2\/product"}],"about":[{"href":"https:\/\/blumiz.com\/es\/wp-json\/wp\/v2\/types\/product"}],"replies":[{"embeddable":true,"href":"https:\/\/blumiz.com\/es\/wp-json\/wp\/v2\/comments?post=11288"}],"version-history":[{"count":0,"href":"https:\/\/blumiz.com\/es\/wp-json\/wp\/v2\/product\/11288\/revisions"}],"wp:featuredmedia":[{"embeddable":true,"href":"https:\/\/blumiz.com\/es\/wp-json\/wp\/v2\/media\/10603"}],"wp:attachment":[{"href":"https:\/\/blumiz.com\/es\/wp-json\/wp\/v2\/media?parent=11288"}],"wp:term":[{"taxonomy":"product_brand","embeddable":true,"href":"https:\/\/blumiz.com\/es\/wp-json\/wp\/v2\/product_brand?post=11288"},{"taxonomy":"product_cat","embeddable":true,"href":"https:\/\/blumiz.com\/es\/wp-json\/wp\/v2\/product_cat?post=11288"},{"taxonomy":"product_tag","embeddable":true,"href":"https:\/\/blumiz.com\/es\/wp-json\/wp\/v2\/product_tag?post=11288"}],"curies":[{"name":"wp","href":"https:\/\/api.w.org\/{rel}","templated":true}]}}