{"id":11289,"date":"2022-10-20T12:15:00","date_gmt":"2022-10-20T11:15:00","guid":{"rendered":"https:\/\/blumiz.com\/produkt\/enecta-cbnight-formula-125-mg-cbn-125-mg-cbd-9-mg-melatonina-30-ml\/"},"modified":"2025-02-11T13:30:24","modified_gmt":"2025-02-11T12:30:24","slug":"enecta-cbnight-formula-125-mg-cbn-125-mg-cbd-9-mg-melatonina-30-ml","status":"publish","type":"product","link":"https:\/\/blumiz.com\/es\/producto\/enecta-cbnight-formula-125-mg-cbn-125-mg-cbd-9-mg-melatonina-30-ml\/","title":{"rendered":"Enecta CBNight Formula 125 mg CBN + 125 mg CBD + 9 mg melatonina (30 ml)"},"content":{"rendered":"<h2>Una soluci\u00f3n natural para dormir bien<\/h2>\n<p>Una noche de sue\u00f1o reparador proporciona al cuerpo y a la mente el descanso que tanto necesitan y nos prepara para los retos que nos esperan. Sentirse lleno de vida, motivado y preparado para afrontar el d\u00eda con toda la energ\u00eda empieza por la calidad del sue\u00f1o del d\u00eda anterior. Pero en un mundo que nunca se detiene, conciliar el sue\u00f1o y permanecer dormido no es tan f\u00e1cil como crees &#8211; por eso hemos creado Complete Sleep.<\/p>\n<p>Aunque la mayor\u00eda de los somn\u00edferos contienen melatonina -un compuesto excelente para recuperar la calidad del sue\u00f1o a corto plazo-, su consumo noche tras noche puede provocar trastornos. Complete Sleep es una soluci\u00f3n a largo plazo para un sue\u00f1o reparador que no contiene melatonina. En su lugar, hemos optado por una sofisticada mezcla de cannabinoides e ingredientes naturales.<\/p>\n<p>Empecemos por la base de nuestra f\u00f3rmula Sue\u00f1o Completo: nuestro codiciado extracto de c\u00e1\u00f1amo. El est\u00e1ndar de oro CBD permanece en la parte superior de nuestro extracto de espectro completo; sin embargo, hemos refinado las proporciones para incluir niveles m\u00e1s altos de CBN (5%). Juntos, estos elementos favorecen un estado de relajaci\u00f3n necesario para lograr un descanso nocturno pleno.<\/p>\n<p>Adem\u00e1s de CBD y CBN, la f\u00f3rmula Complete Sleep utiliza lavanda y manzanilla. Ambos son muy apreciados por su influencia en el sue\u00f1o y pueden ayudar a conciliar el sue\u00f1o m\u00e1s r\u00e1pidamente, al tiempo que favorecen un ciclo de sue\u00f1o saludable. Transportados por el aceite MCT, todos estos elementos circulan f\u00e1cilmente por el organismo y deben consumirse preferentemente 30 minutos antes de acostarse.<\/p>\n<p>Respaldada por pruebas independientes, ingredientes de la m\u00e1s alta calidad y una garant\u00eda de calidad l\u00edder en el sector, nuestra f\u00f3rmula patentada es una soluci\u00f3n de calidad que puede tomar noche tras noche. Pruebe Complete Sleep hoy mismo para dormir como se merece.<\/p>\n<p>El CBD (cannabidiol) y el CBN (cannabinol) son dos fitocannabinoides que se encuentran en la planta cannabis sativa. Ambos act\u00faan sobre nuestro sistema endocannabinoide y tienen un efecto relajante y calmante que favorece el sue\u00f1o. En la mezcla de aceites CBNight, estos dos cannabinoides trabajan en sinergia con la melatonina, una hormona end\u00f3gena producida por la gl\u00e1ndula pineal de nuestro cerebro, en este caso en forma de suplemento externo. La melatonina tiene la funci\u00f3n espec\u00edfica de regular o restablecer el ritmo sue\u00f1o-vigilia y favorecer el mantenimiento de un sue\u00f1o reparador.<\/p>\n<p>El aceite de c\u00e1\u00f1amo CBNight es un suplemento diet\u00e9tico natural seguro y eficaz elaborado exclusivamente a partir de c\u00e1\u00f1amo italiano ecol\u00f3gico.<\/p>\n<p><strong>Ventajas:<\/strong><\/p>\n<p>El aceite de c\u00e1\u00f1amo CBNight con melatonina es muy \u00fatil para las personas que sufren trastornos del sue\u00f1o de leves a moderados.<\/p>\n<p>El efecto relajante y calmante de los cannabinoides se ve potenciado por el efecto acompa\u00f1ante creado por su sinergia. Este efecto, combinado con el efecto regulador del sue\u00f1o de la melatonina, hace que el aceite sea especialmente eficaz:<\/p>\n<p>Contra el insomnio Ayuda a acortar el tiempo que se tarda en conciliar el sue\u00f1o Evita los despertares nocturnos Garantiza un sue\u00f1o reparador y regenerador Reduce la ansiedad matutina Sincroniza los ritmos circadianos y restablece el ritmo natural de sue\u00f1o-vigilia.<\/p>\n<p><strong>Ingredientes:<\/strong><\/p>\n<p>El aceite de c\u00e1\u00f1amo CBNight contiene (en 1 ml) 0,3 mg de melatonina, 4,17 mg de cannabidiol (CBD) y 4,17 de cannabinol (CBN). Adem\u00e1s de la funci\u00f3n principal de promover y mantener el sue\u00f1o para la que se desarroll\u00f3 este aceite, CBNight Formula tambi\u00e9n tiene propiedades analg\u00e9sicas y antiinflamatorias debido a la naturaleza de los cannabinoides contenidos en el aceite. Adem\u00e1s, el CBD ayuda con la ansiedad y el estr\u00e9s cr\u00f3nico aliviando la tensi\u00f3n f\u00edsica y muscular.<\/p>\n<p>El CBN, el CBD y la melatonina act\u00faan conjuntamente como sustancias neuroprotectoras y antioxidantes extremadamente \u00fatiles.<\/p>\n<p><strong>C\u00f3mo tomar:<\/strong><\/p>\n<p>El aceite se toma media hora antes de acostarse. La mejor forma de tomarlo es por v\u00eda sublingual. Basta con colocar la cantidad recomendada de 1 ml bajo la lengua, mantener el l\u00edquido en la boca durante treinta segundos y s\u00f3lo despu\u00e9s tragarlo. De este modo, las mol\u00e9culas no son metabolizadas por el h\u00edgado y el proceso digestivo, sino que entran directamente en el torrente sangu\u00edneo a trav\u00e9s de las mucosas y despliegan su efecto muy r\u00e1pidamente.<\/p>\n<p>Aseg\u00farese de agitar bien el frasco antes de cada uso.<\/p>\n<p><strong>Dosificaci\u00f3n:<\/strong><\/p>\n<p>Mientras que con el aceite de CBD la cuesti\u00f3n de la dosis es muy personal y subjetiva, podemos decirle la dosis exacta al tomar aceite de c\u00e1\u00f1amo CBNight con melatonina. Es una f\u00f3rmula perfectamente equilibrada de cannabinoides y melatonina. La dosis recomendada es de 1 ml al d\u00eda, tomado por la noche media hora antes de acostarse.<\/p>\n<p>Le recomendamos que no supere la dosis recomendada.<\/p>\n<p>No tomar durante el embarazo o la lactancia.<\/p>\n<p>Mantener el frasco fuera del alcance de los ni\u00f1os peque\u00f1os.<\/p>\n<p>Si est\u00e1 tomando otros suplementos diet\u00e9ticos o medicamentos, consulte a su m\u00e9dico antes de utilizar este producto.<\/p>\n<p>Este producto no pretende sustituir una dieta sana y equilibrada.<\/p>\n","protected":false},"excerpt":{"rendered":"<p>El aceite de c\u00e1\u00f1amo CBNight con melatonina es un producto natural e innovador con una mezcla sin\u00e9rgica de CBD, CBN y melatonina. Se trata de una f\u00f3rmula espec\u00edficamente dise\u00f1ada para mejorar la calidad del sue\u00f1o y favorecer su inicio y mantenimiento mediante procesos fisiol\u00f3gicos totalmente naturales. Este producto es adecuado para cualquier persona que sufra de insomnio, trastornos del sue\u00f1o y de la vigilia y para quien los cannabinoides sean nuevos.<\/p>\n","protected":false},"featured_media":18358,"comment_status":"open","ping_status":"closed","template":"","meta":{"site-sidebar-layout":"default","site-content-layout":"default","ast-site-content-layout":"default","site-content-style":"default","site-sidebar-style":"default","ast-global-header-display":"","ast-banner-title-visibility":"","ast-main-header-display":"","ast-hfb-above-header-display":"","ast-hfb-below-header-display":"","ast-hfb-mobile-header-display":"","site-post-title":"","ast-breadcrumbs-content":"","ast-featured-img":"","footer-sml-layout":"","ast-disable-related-posts":"","theme-transparent-header-meta":"default","adv-header-id-meta":"","stick-header-meta":"default","header-above-stick-meta":"","header-main-stick-meta":"","header-below-stick-meta":"","astra-migrate-meta-layouts":"default","ast-page-background-enabled":"default","ast-page-background-meta":{"desktop":{"background-color":"","background-image":"","background-repeat":"repeat","background-position":"center center","background-size":"auto","background-attachment":"scroll","background-type":"","background-media":"","overlay-type":"","overlay-color":"","overlay-opacity":"","overlay-gradient":""},"tablet":{"background-color":"","background-image":"","background-repeat":"repeat","background-position":"center center","background-size":"auto","background-attachment":"scroll","background-type":"","background-media":"","overlay-type":"","overlay-color":"","overlay-opacity":"","overlay-gradient":""},"mobile":{"background-color":"","background-image":"","background-repeat":"repeat","background-position":"center center","background-size":"auto","background-attachment":"scroll","background-type":"","background-media":"","overlay-type":"","overlay-color":"","overlay-opacity":"","overlay-gradient":""}},"ast-content-background-meta":{"desktop":{"background-color":"var(--ast-global-color-5)","background-image":"","background-repeat":"repeat","background-position":"center center","background-size":"auto","background-attachment":"scroll","background-type":"","background-media":"","overlay-type":"","overlay-color":"","overlay-opacity":"","overlay-gradient":""},"tablet":{"background-color":"var(--ast-global-color-5)","background-image":"","background-repeat":"repeat","background-position":"center center","background-size":"auto","background-attachment":"scroll","background-type":"","background-media":"","overlay-type":"","overlay-color":"","overlay-opacity":"","overlay-gradient":""},"mobile":{"background-color":"var(--ast-global-color-5)","background-image":"","background-repeat":"repeat","background-position":"center center","background-size":"auto","background-attachment":"scroll","background-type":"","background-media":"","overlay-type":"","overlay-color":"","overlay-opacity":"","overlay-gradient":""}}},"product_brand":[],"product_cat":[273,271,305],"product_tag":[],"class_list":{"0":"post-11289","1":"product","2":"type-product","3":"status-publish","4":"has-post-thumbnail","6":"product_cat-aceites-y-capsulas","7":"product_cat-bienestar-cbd","8":"product_cat-cbd-es","9":"pa_cbd-rate-mas-del-20-de-cbd","10":"desktop-align-left","11":"tablet-align-center","12":"mobile-align-left","13":"ast-product-gallery-layout-vertical","14":"ast-product-gallery-with-no-image","15":"ast-magnify-disabled","16":"ast-product-tabs-layout-horizontal","18":"first","19":"instock","20":"taxable","21":"shipping-taxable","22":"purchasable","23":"product-type-simple"},"yoast_head":"<!-- This site is optimized with the Yoast SEO Premium plugin v27.2 (Yoast SEO v27.4) - https:\/\/yoast.com\/product\/yoast-seo-premium-wordpress\/ -->\n<title>ENECTA CBDNight - CBN + CBD Sue\u00f1o Pleno<\/title>\n<meta name=\"description\" content=\"Enecta CBNight Formula 125 mg CBN + 125 mg CBD + 9 mg melatonina (30 ml) - Blumiz - Premium CBD - Full Sleep - Entrega r\u00e1pida\" \/>\n<meta name=\"robots\" content=\"index, follow, max-snippet:-1, max-image-preview:large, max-video-preview:-1\" \/>\n<link rel=\"canonical\" href=\"https:\/\/blumiz.com\/es\/producto\/enecta-cbnight-formula-125-mg-cbn-125-mg-cbd-9-mg-melatonina-30-ml\/\" \/>\n<meta property=\"og:locale\" content=\"es_ES\" \/>\n<meta property=\"og:type\" content=\"article\" \/>\n<meta property=\"og:title\" content=\"Enecta CBNight Formula 125 mg CBN + 125 mg CBD + 9 mg melatonina (30 ml)\" \/>\n<meta property=\"og:description\" content=\"Enecta CBNight Formula 125 mg CBN + 125 mg CBD + 9 mg melatonina (30 ml) Blumiz - Premium CBD\" \/>\n<meta property=\"og:url\" content=\"https:\/\/blumiz.com\/es\/producto\/enecta-cbnight-formula-125-mg-cbn-125-mg-cbd-9-mg-melatonina-30-ml\/\" \/>\n<meta property=\"og:site_name\" content=\"Blumiz - Premium CBD\" \/>\n<meta property=\"article:modified_time\" content=\"2025-02-11T12:30:24+00:00\" \/>\n<meta property=\"og:image\" content=\"https:\/\/blumiz.com\/wp-content\/uploads\/2022\/10\/ENECTA-CBNIGHT-250MG_1.webp\" \/>\n\t<meta property=\"og:image:width\" content=\"600\" \/>\n\t<meta property=\"og:image:height\" content=\"600\" \/>\n\t<meta property=\"og:image:type\" content=\"image\/webp\" \/>\n<meta name=\"twitter:card\" content=\"summary_large_image\" \/>\n<meta name=\"twitter:label1\" content=\"Precio\" \/>\n\t<meta name=\"twitter:data1\" content=\"24,95&nbsp;&euro;\" \/>\n\t<meta name=\"twitter:label2\" content=\"Disponibilidad\" \/>\n\t<meta name=\"twitter:data2\" content=\"Disponible\" \/>\n<script type=\"application\/ld+json\" class=\"yoast-schema-graph\">{\"@context\":\"https:\\\/\\\/schema.org\",\"@graph\":[{\"@type\":\"WebPage\",\"@id\":\"https:\\\/\\\/blumiz.com\\\/es\\\/producto\\\/enecta-cbnight-formula-125-mg-cbn-125-mg-cbd-9-mg-melatonina-30-ml\\\/\",\"url\":\"https:\\\/\\\/blumiz.com\\\/es\\\/producto\\\/enecta-cbnight-formula-125-mg-cbn-125-mg-cbd-9-mg-melatonina-30-ml\\\/\",\"name\":\"ENECTA CBDNight - CBN + CBD Sue\u00f1o Pleno\",\"isPartOf\":{\"@id\":\"https:\\\/\\\/blumiz.com\\\/es\\\/#website\"},\"primaryImageOfPage\":{\"@id\":\"https:\\\/\\\/blumiz.com\\\/es\\\/producto\\\/enecta-cbnight-formula-125-mg-cbn-125-mg-cbd-9-mg-melatonina-30-ml\\\/#primaryimage\"},\"image\":{\"@id\":\"https:\\\/\\\/blumiz.com\\\/es\\\/producto\\\/enecta-cbnight-formula-125-mg-cbn-125-mg-cbd-9-mg-melatonina-30-ml\\\/#primaryimage\"},\"thumbnailUrl\":\"https:\\\/\\\/blumiz.com\\\/wp-content\\\/uploads\\\/2022\\\/10\\\/ENECTA-CBNIGHT-250MG_1.webp\",\"datePublished\":\"2022-10-20T11:15:00+00:00\",\"dateModified\":\"2025-02-11T12:30:24+00:00\",\"description\":\"Enecta CBNight Formula 125 mg CBN + 125 mg CBD + 9 mg melatonina (30 ml) - Blumiz - Premium CBD - Full Sleep - Entrega r\u00e1pida\",\"breadcrumb\":{\"@id\":\"https:\\\/\\\/blumiz.com\\\/es\\\/producto\\\/enecta-cbnight-formula-125-mg-cbn-125-mg-cbd-9-mg-melatonina-30-ml\\\/#breadcrumb\"},\"inLanguage\":\"es\",\"potentialAction\":[{\"@type\":\"ReadAction\",\"target\":[\"https:\\\/\\\/blumiz.com\\\/es\\\/producto\\\/enecta-cbnight-formula-125-mg-cbn-125-mg-cbd-9-mg-melatonina-30-ml\\\/\"]}]},{\"@type\":\"ImageObject\",\"inLanguage\":\"es\",\"@id\":\"https:\\\/\\\/blumiz.com\\\/es\\\/producto\\\/enecta-cbnight-formula-125-mg-cbn-125-mg-cbd-9-mg-melatonina-30-ml\\\/#primaryimage\",\"url\":\"https:\\\/\\\/blumiz.com\\\/wp-content\\\/uploads\\\/2022\\\/10\\\/ENECTA-CBNIGHT-250MG_1.webp\",\"contentUrl\":\"https:\\\/\\\/blumiz.com\\\/wp-content\\\/uploads\\\/2022\\\/10\\\/ENECTA-CBNIGHT-250MG_1.webp\",\"width\":600,\"height\":600,\"caption\":\"Enecta CBNight Formula 125mg CBN + 125mg CBD + 9mg Melatonin (30ml)\"},{\"@type\":\"BreadcrumbList\",\"@id\":\"https:\\\/\\\/blumiz.com\\\/es\\\/producto\\\/enecta-cbnight-formula-125-mg-cbn-125-mg-cbd-9-mg-melatonina-30-ml\\\/#breadcrumb\",\"itemListElement\":[{\"@type\":\"ListItem\",\"position\":1,\"name\":\"Blumiz\",\"item\":\"https:\\\/\\\/blumiz.com\\\/es\\\/\"},{\"@type\":\"ListItem\",\"position\":2,\"name\":\"CBD Shop\",\"item\":\"https:\\\/\\\/blumiz.com\\\/es\\\/tienda\\\/\"},{\"@type\":\"ListItem\",\"position\":3,\"name\":\"Bienestar CBD\",\"item\":\"https:\\\/\\\/blumiz.com\\\/es\\\/category\\\/bienestar-cbd\\\/\"},{\"@type\":\"ListItem\",\"position\":4,\"name\":\"Aceites y c\u00e1psulas\",\"item\":\"https:\\\/\\\/blumiz.com\\\/es\\\/category\\\/bienestar-cbd\\\/aceites-y-capsulas\\\/\"},{\"@type\":\"ListItem\",\"position\":5,\"name\":\"Enecta CBNight Formula 125 mg CBN + 125 mg CBD + 9 mg melatonina (30 ml)\"}]},{\"@type\":\"WebSite\",\"@id\":\"https:\\\/\\\/blumiz.com\\\/es\\\/#website\",\"url\":\"https:\\\/\\\/blumiz.com\\\/es\\\/\",\"name\":\"Blumiz - Premium CBD\",\"description\":\"Un CBD al mejor precio y de calidad superior\",\"publisher\":{\"@id\":\"https:\\\/\\\/blumiz.com\\\/es\\\/#organization\"},\"alternateName\":\"Blumiz\",\"potentialAction\":[{\"@type\":\"SearchAction\",\"target\":{\"@type\":\"EntryPoint\",\"urlTemplate\":\"https:\\\/\\\/blumiz.com\\\/es\\\/?s={search_term_string}\"},\"query-input\":{\"@type\":\"PropertyValueSpecification\",\"valueRequired\":true,\"valueName\":\"search_term_string\"}}],\"inLanguage\":\"es\"},{\"@type\":\"Organization\",\"@id\":\"https:\\\/\\\/blumiz.com\\\/es\\\/#organization\",\"name\":\"Blumiz CBD\",\"alternateName\":\"Blumiz\",\"url\":\"https:\\\/\\\/blumiz.com\\\/es\\\/\",\"logo\":{\"@type\":\"ImageObject\",\"inLanguage\":\"es\",\"@id\":\"https:\\\/\\\/blumiz.com\\\/es\\\/#\\\/schema\\\/logo\\\/image\\\/\",\"url\":\"https:\\\/\\\/blumiz.com\\\/wp-content\\\/uploads\\\/2026\\\/02\\\/cropped-Blumiz-CBD-logo.webp\",\"contentUrl\":\"https:\\\/\\\/blumiz.com\\\/wp-content\\\/uploads\\\/2026\\\/02\\\/cropped-Blumiz-CBD-logo.webp\",\"width\":2547,\"height\":778,\"caption\":\"Blumiz CBD\"},\"image\":{\"@id\":\"https:\\\/\\\/blumiz.com\\\/es\\\/#\\\/schema\\\/logo\\\/image\\\/\"}}]}<\/script>\n<meta property=\"product:price:amount\" content=\"24.95\" \/>\n<meta property=\"product:price:currency\" content=\"EUR\" \/>\n<meta property=\"og:availability\" content=\"instock\" \/>\n<meta property=\"product:availability\" content=\"instock\" \/>\n<meta property=\"product:retailer_item_id\" content=\"6257382\" \/>\n<meta property=\"product:condition\" content=\"new\" \/>\n<!-- \/ Yoast SEO Premium plugin. -->","yoast_head_json":{"title":"ENECTA CBDNight - CBN + CBD Sue\u00f1o Pleno","description":"Enecta CBNight Formula 125 mg CBN + 125 mg CBD + 9 mg melatonina (30 ml) - Blumiz - Premium CBD - Full Sleep - Entrega r\u00e1pida","robots":{"index":"index","follow":"follow","max-snippet":"max-snippet:-1","max-image-preview":"max-image-preview:large","max-video-preview":"max-video-preview:-1"},"canonical":"https:\/\/blumiz.com\/es\/producto\/enecta-cbnight-formula-125-mg-cbn-125-mg-cbd-9-mg-melatonina-30-ml\/","og_locale":"es_ES","og_type":"article","og_title":"Enecta CBNight Formula 125 mg CBN + 125 mg CBD + 9 mg melatonina (30 ml)","og_description":"Enecta CBNight Formula 125 mg CBN + 125 mg CBD + 9 mg melatonina (30 ml) Blumiz - Premium CBD","og_url":"https:\/\/blumiz.com\/es\/producto\/enecta-cbnight-formula-125-mg-cbn-125-mg-cbd-9-mg-melatonina-30-ml\/","og_site_name":"Blumiz - Premium CBD","article_modified_time":"2025-02-11T12:30:24+00:00","og_image":[{"width":600,"height":600,"url":"https:\/\/blumiz.com\/wp-content\/uploads\/2022\/10\/ENECTA-CBNIGHT-250MG_1.webp","type":"image\/webp"}],"twitter_card":"summary_large_image","twitter_misc":{"Precio":"24,95&nbsp;&euro;","Disponibilidad":"Disponible"},"schema":{"@context":"https:\/\/schema.org","@graph":[{"@type":"WebPage","@id":"https:\/\/blumiz.com\/es\/producto\/enecta-cbnight-formula-125-mg-cbn-125-mg-cbd-9-mg-melatonina-30-ml\/","url":"https:\/\/blumiz.com\/es\/producto\/enecta-cbnight-formula-125-mg-cbn-125-mg-cbd-9-mg-melatonina-30-ml\/","name":"ENECTA CBDNight - CBN + CBD Sue\u00f1o Pleno","isPartOf":{"@id":"https:\/\/blumiz.com\/es\/#website"},"primaryImageOfPage":{"@id":"https:\/\/blumiz.com\/es\/producto\/enecta-cbnight-formula-125-mg-cbn-125-mg-cbd-9-mg-melatonina-30-ml\/#primaryimage"},"image":{"@id":"https:\/\/blumiz.com\/es\/producto\/enecta-cbnight-formula-125-mg-cbn-125-mg-cbd-9-mg-melatonina-30-ml\/#primaryimage"},"thumbnailUrl":"https:\/\/blumiz.com\/wp-content\/uploads\/2022\/10\/ENECTA-CBNIGHT-250MG_1.webp","datePublished":"2022-10-20T11:15:00+00:00","dateModified":"2025-02-11T12:30:24+00:00","description":"Enecta CBNight Formula 125 mg CBN + 125 mg CBD + 9 mg melatonina (30 ml) - Blumiz - Premium CBD - Full Sleep - Entrega r\u00e1pida","breadcrumb":{"@id":"https:\/\/blumiz.com\/es\/producto\/enecta-cbnight-formula-125-mg-cbn-125-mg-cbd-9-mg-melatonina-30-ml\/#breadcrumb"},"inLanguage":"es","potentialAction":[{"@type":"ReadAction","target":["https:\/\/blumiz.com\/es\/producto\/enecta-cbnight-formula-125-mg-cbn-125-mg-cbd-9-mg-melatonina-30-ml\/"]}]},{"@type":"ImageObject","inLanguage":"es","@id":"https:\/\/blumiz.com\/es\/producto\/enecta-cbnight-formula-125-mg-cbn-125-mg-cbd-9-mg-melatonina-30-ml\/#primaryimage","url":"https:\/\/blumiz.com\/wp-content\/uploads\/2022\/10\/ENECTA-CBNIGHT-250MG_1.webp","contentUrl":"https:\/\/blumiz.com\/wp-content\/uploads\/2022\/10\/ENECTA-CBNIGHT-250MG_1.webp","width":600,"height":600,"caption":"Enecta CBNight Formula 125mg CBN + 125mg CBD + 9mg Melatonin (30ml)"},{"@type":"BreadcrumbList","@id":"https:\/\/blumiz.com\/es\/producto\/enecta-cbnight-formula-125-mg-cbn-125-mg-cbd-9-mg-melatonina-30-ml\/#breadcrumb","itemListElement":[{"@type":"ListItem","position":1,"name":"Blumiz","item":"https:\/\/blumiz.com\/es\/"},{"@type":"ListItem","position":2,"name":"CBD Shop","item":"https:\/\/blumiz.com\/es\/tienda\/"},{"@type":"ListItem","position":3,"name":"Bienestar CBD","item":"https:\/\/blumiz.com\/es\/category\/bienestar-cbd\/"},{"@type":"ListItem","position":4,"name":"Aceites y c\u00e1psulas","item":"https:\/\/blumiz.com\/es\/category\/bienestar-cbd\/aceites-y-capsulas\/"},{"@type":"ListItem","position":5,"name":"Enecta CBNight Formula 125 mg CBN + 125 mg CBD + 9 mg melatonina (30 ml)"}]},{"@type":"WebSite","@id":"https:\/\/blumiz.com\/es\/#website","url":"https:\/\/blumiz.com\/es\/","name":"Blumiz - Premium CBD","description":"Un CBD al mejor precio y de calidad superior","publisher":{"@id":"https:\/\/blumiz.com\/es\/#organization"},"alternateName":"Blumiz","potentialAction":[{"@type":"SearchAction","target":{"@type":"EntryPoint","urlTemplate":"https:\/\/blumiz.com\/es\/?s={search_term_string}"},"query-input":{"@type":"PropertyValueSpecification","valueRequired":true,"valueName":"search_term_string"}}],"inLanguage":"es"},{"@type":"Organization","@id":"https:\/\/blumiz.com\/es\/#organization","name":"Blumiz CBD","alternateName":"Blumiz","url":"https:\/\/blumiz.com\/es\/","logo":{"@type":"ImageObject","inLanguage":"es","@id":"https:\/\/blumiz.com\/es\/#\/schema\/logo\/image\/","url":"https:\/\/blumiz.com\/wp-content\/uploads\/2026\/02\/cropped-Blumiz-CBD-logo.webp","contentUrl":"https:\/\/blumiz.com\/wp-content\/uploads\/2026\/02\/cropped-Blumiz-CBD-logo.webp","width":2547,"height":778,"caption":"Blumiz CBD"},"image":{"@id":"https:\/\/blumiz.com\/es\/#\/schema\/logo\/image\/"}}]},"product_price_amount":"24.95","product_price_currency":"EUR","og_availability":"instock","product_availability":"instock","product_retailer_item_id":"6257382","product_condition":"new"},"_links":{"self":[{"href":"https:\/\/blumiz.com\/es\/wp-json\/wp\/v2\/product\/11289","targetHints":{"allow":["GET"]}}],"collection":[{"href":"https:\/\/blumiz.com\/es\/wp-json\/wp\/v2\/product"}],"about":[{"href":"https:\/\/blumiz.com\/es\/wp-json\/wp\/v2\/types\/product"}],"replies":[{"embeddable":true,"href":"https:\/\/blumiz.com\/es\/wp-json\/wp\/v2\/comments?post=11289"}],"version-history":[{"count":0,"href":"https:\/\/blumiz.com\/es\/wp-json\/wp\/v2\/product\/11289\/revisions"}],"wp:featuredmedia":[{"embeddable":true,"href":"https:\/\/blumiz.com\/es\/wp-json\/wp\/v2\/media\/18358"}],"wp:attachment":[{"href":"https:\/\/blumiz.com\/es\/wp-json\/wp\/v2\/media?parent=11289"}],"wp:term":[{"taxonomy":"product_brand","embeddable":true,"href":"https:\/\/blumiz.com\/es\/wp-json\/wp\/v2\/product_brand?post=11289"},{"taxonomy":"product_cat","embeddable":true,"href":"https:\/\/blumiz.com\/es\/wp-json\/wp\/v2\/product_cat?post=11289"},{"taxonomy":"product_tag","embeddable":true,"href":"https:\/\/blumiz.com\/es\/wp-json\/wp\/v2\/product_tag?post=11289"}],"curies":[{"name":"wp","href":"https:\/\/api.w.org\/{rel}","templated":true}]}}