{"id":11298,"date":"2022-10-20T12:10:17","date_gmt":"2022-10-20T11:10:17","guid":{"rendered":"https:\/\/blumiz.com\/produkt\/enecta-200-mg-cbd-limpiador-de-cara-y-cuello-200-ml\/"},"modified":"2025-02-11T13:30:22","modified_gmt":"2025-02-11T12:30:22","slug":"enecta-200-mg-cbd-face-and-neck-cleaner-200-ml","status":"publish","type":"product","link":"https:\/\/blumiz.com\/es\/producto\/enecta-200-mg-cbd-face-and-neck-cleaner-200-ml\/","title":{"rendered":"Enecta 200 mg CBD Limpiador de Cara y Cuello (200 ml)"},"content":{"rendered":"<p><strong>Limpiador de cara y cuello con cannabidiol<\/strong><\/p>\n<p>Limpia y protege el pH Contiene 200 mg de CBD 200 ml \u212e 6,76 Fl. Oz.<\/p>\n<p>El limpiador limpia suavemente todo tipo de pieles, incluso las m\u00e1s sensibles o propensas al acn\u00e9, gracias al CBD y est\u00e1 enriquecido con aceite de semillas de c\u00e1\u00f1amo prensado en fr\u00edo, que act\u00faa como seborregulador (grasa) adem\u00e1s de hidratar. Protege y respeta el pH de la piel.<\/p>\n<p>T<strong>ambi\u00e9n en la f\u00f3rmula:<\/strong> Aloe: calmante, mineralizante, hidratante Hamamelis: astringente, vasoprotector, purificante Salvia: bacteriost\u00e1tica, seborreguladora, reequilibrante epid\u00e9rmico Vitamina E natural: mezcla de tocoferoles antioxidantes procedentes del aceite de girasol, rico en escualeno natural.<br \/>\nAgentes limpiadores delicados de origen natural: agentes limpiadores de origen vegetal que respetan la piel sin alterar su pH fisiol\u00f3gico.<\/p>\n<p><strong>Ingredientes:<\/strong><br \/>\n [Wasser]Aqua , copol\u00edmero de acrilato, sorbitol, beta\u00edna, glicerina, cocoyl glicinato s\u00f3dico, trietanolamina, aceite de prunus amygdalus dulcis (almendra dulce), PCA s\u00f3dico, aceite de semillas de cannabis sativa, zumo de hoja de aloe barbadensis, extracto de hoja de salvia officinalis (salvia), extracto de hoja de hamamelis virginiana (hamamelis), [Duftstoff] cannabidiol, beta\u00edna de coco, 1,2-hexanodiol, caprilil glicol, tocoferol, parfum , diacetato de glutamato tetras\u00f3dico, \u00e1cido c\u00edtrico, salicilato de bencilo, linalol, aceite de semillas de helianthus annuus (girasol), hexil canela, tropolona, benzoato s\u00f3dico, ionona alfa-isometil, sorbato pot\u00e1sico, escualeno*, beta-sitosterol.<br \/>\nde aceite de girasol<\/p>\n","protected":false},"excerpt":{"rendered":"<p>El limpiador limpia suavemente todo tipo de pieles, incluso las m\u00e1s sensibles o propensas al acn\u00e9, gracias al CBD y est\u00e1 enriquecido con aceite de semillas de c\u00e1\u00f1amo prensado en fr\u00edo, que act\u00faa como seborregulador (grasa) adem\u00e1s de hidratar. Protege y respeta el pH de la piel.<\/p>\n<p>200 ml<\/p>\n<p>F\u00f3rmula a base de aceites esenciales naturales, incluido el aceite de semillas de c\u00e1\u00f1amo, especialmente nutritivo. El resultado de utilizar esta loci\u00f3n corporal ENECTA es una piel sana y radiante. Producto 100% vegano.<\/p>\n","protected":false},"featured_media":10935,"comment_status":"open","ping_status":"closed","template":"","meta":{"site-sidebar-layout":"default","site-content-layout":"default","ast-site-content-layout":"default","site-content-style":"default","site-sidebar-style":"default","ast-global-header-display":"","ast-banner-title-visibility":"","ast-main-header-display":"","ast-hfb-above-header-display":"","ast-hfb-below-header-display":"","ast-hfb-mobile-header-display":"","site-post-title":"","ast-breadcrumbs-content":"","ast-featured-img":"","footer-sml-layout":"","ast-disable-related-posts":"","theme-transparent-header-meta":"default","adv-header-id-meta":"","stick-header-meta":"default","header-above-stick-meta":"","header-main-stick-meta":"","header-below-stick-meta":"","astra-migrate-meta-layouts":"default","ast-page-background-enabled":"default","ast-page-background-meta":{"desktop":{"background-color":"","background-image":"","background-repeat":"repeat","background-position":"center center","background-size":"auto","background-attachment":"scroll","background-type":"","background-media":"","overlay-type":"","overlay-color":"","overlay-opacity":"","overlay-gradient":""},"tablet":{"background-color":"","background-image":"","background-repeat":"repeat","background-position":"center center","background-size":"auto","background-attachment":"scroll","background-type":"","background-media":"","overlay-type":"","overlay-color":"","overlay-opacity":"","overlay-gradient":""},"mobile":{"background-color":"","background-image":"","background-repeat":"repeat","background-position":"center center","background-size":"auto","background-attachment":"scroll","background-type":"","background-media":"","overlay-type":"","overlay-color":"","overlay-opacity":"","overlay-gradient":""}},"ast-content-background-meta":{"desktop":{"background-color":"var(--ast-global-color-5)","background-image":"","background-repeat":"repeat","background-position":"center center","background-size":"auto","background-attachment":"scroll","background-type":"","background-media":"","overlay-type":"","overlay-color":"","overlay-opacity":"","overlay-gradient":""},"tablet":{"background-color":"var(--ast-global-color-5)","background-image":"","background-repeat":"repeat","background-position":"center center","background-size":"auto","background-attachment":"scroll","background-type":"","background-media":"","overlay-type":"","overlay-color":"","overlay-opacity":"","overlay-gradient":""},"mobile":{"background-color":"var(--ast-global-color-5)","background-image":"","background-repeat":"repeat","background-position":"center center","background-size":"auto","background-attachment":"scroll","background-type":"","background-media":"","overlay-type":"","overlay-color":"","overlay-opacity":"","overlay-gradient":""}}},"product_brand":[],"product_cat":[305,274],"product_tag":[],"class_list":{"0":"post-11298","1":"product","2":"type-product","3":"status-publish","4":"has-post-thumbnail","6":"product_cat-cbd-es","7":"product_cat-cosmeticos-cbd","8":"desktop-align-left","9":"tablet-align-center","10":"mobile-align-left","11":"ast-product-gallery-layout-vertical","12":"ast-product-gallery-with-no-image","13":"ast-magnify-disabled","14":"ast-product-tabs-layout-horizontal","16":"first","17":"instock","18":"taxable","19":"shipping-taxable","20":"purchasable","21":"product-type-simple"},"yoast_head":"<!-- This site is optimized with the Yoast SEO Premium plugin v27.2 (Yoast SEO v27.4) - https:\/\/yoast.com\/product\/yoast-seo-premium-wordpress\/ -->\n<title>Enecta 200 mg CBD Limpiador de Cara y Cuello (200 ml) - Blumiz - Premium CBD<\/title>\n<meta name=\"description\" content=\"Enecta 200 mg CBD Limpiador de Cara y Cuello (200 ml) - Blumiz - Premium CBD Headshop, entrega r\u00e1pida y mejor precio en Blumiz CBD\" \/>\n<meta name=\"robots\" content=\"index, follow, max-snippet:-1, max-image-preview:large, max-video-preview:-1\" \/>\n<link rel=\"canonical\" href=\"https:\/\/blumiz.com\/es\/producto\/enecta-200-mg-cbd-face-and-neck-cleaner-200-ml\/\" \/>\n<meta property=\"og:locale\" content=\"es_ES\" \/>\n<meta property=\"og:type\" content=\"article\" \/>\n<meta property=\"og:title\" content=\"Enecta 200 mg CBD Limpiador de Cara y Cuello (200 ml)\" \/>\n<meta property=\"og:description\" content=\"Enecta 200 mg CBD Limpiador de Cara y Cuello (200 ml) Blumiz - Premium CBD\" \/>\n<meta property=\"og:url\" content=\"https:\/\/blumiz.com\/es\/producto\/enecta-200-mg-cbd-face-and-neck-cleaner-200-ml\/\" \/>\n<meta property=\"og:site_name\" content=\"Blumiz - Premium CBD\" \/>\n<meta property=\"article:modified_time\" content=\"2025-02-11T12:30:22+00:00\" \/>\n<meta property=\"og:image\" content=\"https:\/\/blumiz.com\/wp-content\/uploads\/2022\/10\/enecta-face-cleanser-200mg.webp\" \/>\n\t<meta property=\"og:image:width\" content=\"600\" \/>\n\t<meta property=\"og:image:height\" content=\"600\" \/>\n\t<meta property=\"og:image:type\" content=\"image\/webp\" \/>\n<meta name=\"twitter:card\" content=\"summary_large_image\" \/>\n<meta name=\"twitter:label1\" content=\"Precio\" \/>\n\t<meta name=\"twitter:data1\" content=\"21,95&nbsp;&euro;\" \/>\n\t<meta name=\"twitter:label2\" content=\"Disponibilidad\" \/>\n\t<meta name=\"twitter:data2\" content=\"Disponible\" \/>\n<script type=\"application\/ld+json\" class=\"yoast-schema-graph\">{\"@context\":\"https:\\\/\\\/schema.org\",\"@graph\":[{\"@type\":\"WebPage\",\"@id\":\"https:\\\/\\\/blumiz.com\\\/es\\\/producto\\\/enecta-200-mg-cbd-face-and-neck-cleaner-200-ml\\\/\",\"url\":\"https:\\\/\\\/blumiz.com\\\/es\\\/producto\\\/enecta-200-mg-cbd-face-and-neck-cleaner-200-ml\\\/\",\"name\":\"Enecta 200 mg CBD Limpiador de Cara y Cuello (200 ml) - Blumiz - Premium CBD\",\"isPartOf\":{\"@id\":\"https:\\\/\\\/blumiz.com\\\/es\\\/#website\"},\"primaryImageOfPage\":{\"@id\":\"https:\\\/\\\/blumiz.com\\\/es\\\/producto\\\/enecta-200-mg-cbd-face-and-neck-cleaner-200-ml\\\/#primaryimage\"},\"image\":{\"@id\":\"https:\\\/\\\/blumiz.com\\\/es\\\/producto\\\/enecta-200-mg-cbd-face-and-neck-cleaner-200-ml\\\/#primaryimage\"},\"thumbnailUrl\":\"https:\\\/\\\/blumiz.com\\\/wp-content\\\/uploads\\\/2022\\\/10\\\/enecta-face-cleanser-200mg.webp\",\"datePublished\":\"2022-10-20T11:10:17+00:00\",\"dateModified\":\"2025-02-11T12:30:22+00:00\",\"description\":\"Enecta 200 mg CBD Limpiador de Cara y Cuello (200 ml) - Blumiz - Premium CBD Headshop, entrega r\u00e1pida y mejor precio en Blumiz CBD\",\"breadcrumb\":{\"@id\":\"https:\\\/\\\/blumiz.com\\\/es\\\/producto\\\/enecta-200-mg-cbd-face-and-neck-cleaner-200-ml\\\/#breadcrumb\"},\"inLanguage\":\"es\",\"potentialAction\":[{\"@type\":\"ReadAction\",\"target\":[\"https:\\\/\\\/blumiz.com\\\/es\\\/producto\\\/enecta-200-mg-cbd-face-and-neck-cleaner-200-ml\\\/\"]}]},{\"@type\":\"ImageObject\",\"inLanguage\":\"es\",\"@id\":\"https:\\\/\\\/blumiz.com\\\/es\\\/producto\\\/enecta-200-mg-cbd-face-and-neck-cleaner-200-ml\\\/#primaryimage\",\"url\":\"https:\\\/\\\/blumiz.com\\\/wp-content\\\/uploads\\\/2022\\\/10\\\/enecta-face-cleanser-200mg.webp\",\"contentUrl\":\"https:\\\/\\\/blumiz.com\\\/wp-content\\\/uploads\\\/2022\\\/10\\\/enecta-face-cleanser-200mg.webp\",\"width\":600,\"height\":600},{\"@type\":\"BreadcrumbList\",\"@id\":\"https:\\\/\\\/blumiz.com\\\/es\\\/producto\\\/enecta-200-mg-cbd-face-and-neck-cleaner-200-ml\\\/#breadcrumb\",\"itemListElement\":[{\"@type\":\"ListItem\",\"position\":1,\"name\":\"Blumiz\",\"item\":\"https:\\\/\\\/blumiz.com\\\/es\\\/\"},{\"@type\":\"ListItem\",\"position\":2,\"name\":\"CBD Shop\",\"item\":\"https:\\\/\\\/blumiz.com\\\/es\\\/tienda\\\/\"},{\"@type\":\"ListItem\",\"position\":3,\"name\":\"Bienestar CBD\",\"item\":\"https:\\\/\\\/blumiz.com\\\/es\\\/category\\\/bienestar-cbd\\\/\"},{\"@type\":\"ListItem\",\"position\":4,\"name\":\"Cosm\u00e9ticos CBD\",\"item\":\"https:\\\/\\\/blumiz.com\\\/es\\\/category\\\/bienestar-cbd\\\/cosmeticos-cbd\\\/\"},{\"@type\":\"ListItem\",\"position\":5,\"name\":\"Enecta 200 mg CBD Limpiador de Cara y Cuello (200 ml)\"}]},{\"@type\":\"WebSite\",\"@id\":\"https:\\\/\\\/blumiz.com\\\/es\\\/#website\",\"url\":\"https:\\\/\\\/blumiz.com\\\/es\\\/\",\"name\":\"Blumiz - Premium CBD\",\"description\":\"Un CBD al mejor precio y de calidad superior\",\"publisher\":{\"@id\":\"https:\\\/\\\/blumiz.com\\\/es\\\/#organization\"},\"alternateName\":\"Blumiz\",\"potentialAction\":[{\"@type\":\"SearchAction\",\"target\":{\"@type\":\"EntryPoint\",\"urlTemplate\":\"https:\\\/\\\/blumiz.com\\\/es\\\/?s={search_term_string}\"},\"query-input\":{\"@type\":\"PropertyValueSpecification\",\"valueRequired\":true,\"valueName\":\"search_term_string\"}}],\"inLanguage\":\"es\"},{\"@type\":\"Organization\",\"@id\":\"https:\\\/\\\/blumiz.com\\\/es\\\/#organization\",\"name\":\"Blumiz CBD\",\"alternateName\":\"Blumiz\",\"url\":\"https:\\\/\\\/blumiz.com\\\/es\\\/\",\"logo\":{\"@type\":\"ImageObject\",\"inLanguage\":\"es\",\"@id\":\"https:\\\/\\\/blumiz.com\\\/es\\\/#\\\/schema\\\/logo\\\/image\\\/\",\"url\":\"https:\\\/\\\/blumiz.com\\\/wp-content\\\/uploads\\\/2026\\\/02\\\/cropped-Blumiz-CBD-logo.webp\",\"contentUrl\":\"https:\\\/\\\/blumiz.com\\\/wp-content\\\/uploads\\\/2026\\\/02\\\/cropped-Blumiz-CBD-logo.webp\",\"width\":2547,\"height\":778,\"caption\":\"Blumiz CBD\"},\"image\":{\"@id\":\"https:\\\/\\\/blumiz.com\\\/es\\\/#\\\/schema\\\/logo\\\/image\\\/\"}}]}<\/script>\n<meta property=\"product:price:amount\" content=\"21.95\" \/>\n<meta property=\"product:price:currency\" content=\"EUR\" \/>\n<meta property=\"og:availability\" content=\"instock\" \/>\n<meta property=\"product:availability\" content=\"instock\" \/>\n<meta property=\"product:retailer_item_id\" content=\"9273\" \/>\n<meta property=\"product:condition\" content=\"new\" \/>\n<!-- \/ Yoast SEO Premium plugin. -->","yoast_head_json":{"title":"Enecta 200 mg CBD Limpiador de Cara y Cuello (200 ml) - Blumiz - Premium CBD","description":"Enecta 200 mg CBD Limpiador de Cara y Cuello (200 ml) - Blumiz - Premium CBD Headshop, entrega r\u00e1pida y mejor precio en Blumiz CBD","robots":{"index":"index","follow":"follow","max-snippet":"max-snippet:-1","max-image-preview":"max-image-preview:large","max-video-preview":"max-video-preview:-1"},"canonical":"https:\/\/blumiz.com\/es\/producto\/enecta-200-mg-cbd-face-and-neck-cleaner-200-ml\/","og_locale":"es_ES","og_type":"article","og_title":"Enecta 200 mg CBD Limpiador de Cara y Cuello (200 ml)","og_description":"Enecta 200 mg CBD Limpiador de Cara y Cuello (200 ml) Blumiz - Premium CBD","og_url":"https:\/\/blumiz.com\/es\/producto\/enecta-200-mg-cbd-face-and-neck-cleaner-200-ml\/","og_site_name":"Blumiz - Premium CBD","article_modified_time":"2025-02-11T12:30:22+00:00","og_image":[{"width":600,"height":600,"url":"https:\/\/blumiz.com\/wp-content\/uploads\/2022\/10\/enecta-face-cleanser-200mg.webp","type":"image\/webp"}],"twitter_card":"summary_large_image","twitter_misc":{"Precio":"21,95&nbsp;&euro;","Disponibilidad":"Disponible"},"schema":{"@context":"https:\/\/schema.org","@graph":[{"@type":"WebPage","@id":"https:\/\/blumiz.com\/es\/producto\/enecta-200-mg-cbd-face-and-neck-cleaner-200-ml\/","url":"https:\/\/blumiz.com\/es\/producto\/enecta-200-mg-cbd-face-and-neck-cleaner-200-ml\/","name":"Enecta 200 mg CBD Limpiador de Cara y Cuello (200 ml) - Blumiz - Premium CBD","isPartOf":{"@id":"https:\/\/blumiz.com\/es\/#website"},"primaryImageOfPage":{"@id":"https:\/\/blumiz.com\/es\/producto\/enecta-200-mg-cbd-face-and-neck-cleaner-200-ml\/#primaryimage"},"image":{"@id":"https:\/\/blumiz.com\/es\/producto\/enecta-200-mg-cbd-face-and-neck-cleaner-200-ml\/#primaryimage"},"thumbnailUrl":"https:\/\/blumiz.com\/wp-content\/uploads\/2022\/10\/enecta-face-cleanser-200mg.webp","datePublished":"2022-10-20T11:10:17+00:00","dateModified":"2025-02-11T12:30:22+00:00","description":"Enecta 200 mg CBD Limpiador de Cara y Cuello (200 ml) - Blumiz - Premium CBD Headshop, entrega r\u00e1pida y mejor precio en Blumiz CBD","breadcrumb":{"@id":"https:\/\/blumiz.com\/es\/producto\/enecta-200-mg-cbd-face-and-neck-cleaner-200-ml\/#breadcrumb"},"inLanguage":"es","potentialAction":[{"@type":"ReadAction","target":["https:\/\/blumiz.com\/es\/producto\/enecta-200-mg-cbd-face-and-neck-cleaner-200-ml\/"]}]},{"@type":"ImageObject","inLanguage":"es","@id":"https:\/\/blumiz.com\/es\/producto\/enecta-200-mg-cbd-face-and-neck-cleaner-200-ml\/#primaryimage","url":"https:\/\/blumiz.com\/wp-content\/uploads\/2022\/10\/enecta-face-cleanser-200mg.webp","contentUrl":"https:\/\/blumiz.com\/wp-content\/uploads\/2022\/10\/enecta-face-cleanser-200mg.webp","width":600,"height":600},{"@type":"BreadcrumbList","@id":"https:\/\/blumiz.com\/es\/producto\/enecta-200-mg-cbd-face-and-neck-cleaner-200-ml\/#breadcrumb","itemListElement":[{"@type":"ListItem","position":1,"name":"Blumiz","item":"https:\/\/blumiz.com\/es\/"},{"@type":"ListItem","position":2,"name":"CBD Shop","item":"https:\/\/blumiz.com\/es\/tienda\/"},{"@type":"ListItem","position":3,"name":"Bienestar CBD","item":"https:\/\/blumiz.com\/es\/category\/bienestar-cbd\/"},{"@type":"ListItem","position":4,"name":"Cosm\u00e9ticos CBD","item":"https:\/\/blumiz.com\/es\/category\/bienestar-cbd\/cosmeticos-cbd\/"},{"@type":"ListItem","position":5,"name":"Enecta 200 mg CBD Limpiador de Cara y Cuello (200 ml)"}]},{"@type":"WebSite","@id":"https:\/\/blumiz.com\/es\/#website","url":"https:\/\/blumiz.com\/es\/","name":"Blumiz - Premium CBD","description":"Un CBD al mejor precio y de calidad superior","publisher":{"@id":"https:\/\/blumiz.com\/es\/#organization"},"alternateName":"Blumiz","potentialAction":[{"@type":"SearchAction","target":{"@type":"EntryPoint","urlTemplate":"https:\/\/blumiz.com\/es\/?s={search_term_string}"},"query-input":{"@type":"PropertyValueSpecification","valueRequired":true,"valueName":"search_term_string"}}],"inLanguage":"es"},{"@type":"Organization","@id":"https:\/\/blumiz.com\/es\/#organization","name":"Blumiz CBD","alternateName":"Blumiz","url":"https:\/\/blumiz.com\/es\/","logo":{"@type":"ImageObject","inLanguage":"es","@id":"https:\/\/blumiz.com\/es\/#\/schema\/logo\/image\/","url":"https:\/\/blumiz.com\/wp-content\/uploads\/2026\/02\/cropped-Blumiz-CBD-logo.webp","contentUrl":"https:\/\/blumiz.com\/wp-content\/uploads\/2026\/02\/cropped-Blumiz-CBD-logo.webp","width":2547,"height":778,"caption":"Blumiz CBD"},"image":{"@id":"https:\/\/blumiz.com\/es\/#\/schema\/logo\/image\/"}}]},"product_price_amount":"21.95","product_price_currency":"EUR","og_availability":"instock","product_availability":"instock","product_retailer_item_id":"9273","product_condition":"new"},"_links":{"self":[{"href":"https:\/\/blumiz.com\/es\/wp-json\/wp\/v2\/product\/11298","targetHints":{"allow":["GET"]}}],"collection":[{"href":"https:\/\/blumiz.com\/es\/wp-json\/wp\/v2\/product"}],"about":[{"href":"https:\/\/blumiz.com\/es\/wp-json\/wp\/v2\/types\/product"}],"replies":[{"embeddable":true,"href":"https:\/\/blumiz.com\/es\/wp-json\/wp\/v2\/comments?post=11298"}],"version-history":[{"count":0,"href":"https:\/\/blumiz.com\/es\/wp-json\/wp\/v2\/product\/11298\/revisions"}],"wp:featuredmedia":[{"embeddable":true,"href":"https:\/\/blumiz.com\/es\/wp-json\/wp\/v2\/media\/10935"}],"wp:attachment":[{"href":"https:\/\/blumiz.com\/es\/wp-json\/wp\/v2\/media?parent=11298"}],"wp:term":[{"taxonomy":"product_brand","embeddable":true,"href":"https:\/\/blumiz.com\/es\/wp-json\/wp\/v2\/product_brand?post=11298"},{"taxonomy":"product_cat","embeddable":true,"href":"https:\/\/blumiz.com\/es\/wp-json\/wp\/v2\/product_cat?post=11298"},{"taxonomy":"product_tag","embeddable":true,"href":"https:\/\/blumiz.com\/es\/wp-json\/wp\/v2\/product_tag?post=11298"}],"curies":[{"name":"wp","href":"https:\/\/api.w.org\/{rel}","templated":true}]}}