{"id":11304,"date":"2022-10-20T12:20:16","date_gmt":"2022-10-20T11:20:16","guid":{"rendered":"https:\/\/blumiz.com\/produkt\/aceite-facial-calmante-harmony-serumony-137mg-cbd-15ml\/"},"modified":"2025-02-11T13:28:58","modified_gmt":"2025-02-11T12:28:58","slug":"harmony-serumony-aceite-facial-calmante-137mg-cbd-15ml","status":"publish","type":"product","link":"https:\/\/blumiz.com\/es\/producto\/harmony-serumony-aceite-facial-calmante-137mg-cbd-15ml\/","title":{"rendered":"Aceite facial calmante Harmony Serumony 137mg CBD (15ml)"},"content":{"rendered":"<p><strong>Aceite Facial Armon\u00eda Rico en Antioxidantes<\/strong><\/p>\n<p>Serumony contiene una rica concentraci\u00f3n de CBD, complementada con una nutritiva mezcla de aceite de c\u00e1\u00f1amo, aceite de semilla de granada prensado en fr\u00edo y aceite de c\u00e1rtamo para suavizar, calmar y aumentar la luminosidad natural de la piel. El suero es ligero y se absorbe r\u00e1pidamente. Todos los aceites Harmony son no comedog\u00e9nicos (es decir, no obstruyen los poros) y tampoco son grasos ni pegajosos.<\/p>\n<p><strong>Ingredientes principales<\/strong><\/p>\n<p>CBD &#8211; antioxidante y antiseborreico, calma Aceite de granada &#8211; rico en vitaminas, suplementos nutricionales Aceite de c\u00e1\u00f1amo &#8211; \u00e1cido linol\u00e9nico y \u00e1cido oleico, nutre Aceite de c\u00e1rtamo &#8211; \u00e1cidos grasos esenciales, hidrata Vitamina E &#8211; antiinflamatoria, favorece la salud de la piel<\/p>\n<p>Vegano \/ Sin az\u00facar \/ Sin gluten \/ Sin alcohol \/ Sin Faraben<\/p>\n<p>&nbsp;<\/p>\n<div>\n<div>\n<div>\n<div>\n<div>\n<div>\n<div>\n<p><strong>Todos los ingredientes:<\/strong><br \/>\nAceite de semilla de Carthamus Tinctorius (c\u00e1rtamo), Aceite de semilla de Punica Granatum (granada), Aceite de semilla de Cannabis Sativa (c\u00e1\u00f1amo), Cannabidiol (CBD), Tocoferol (vitamina E), Aceite de semilla de Helianthus Annuus (girasol), Linalool. Harmonie est\u00e1 en contra de las pruebas con animales. Todos nuestros productos se fabrican en Europa.<\/p>\n<p>Se ha descubierto que el CBD tiene unas propiedades muy impresionantes para el cuidado de la piel<\/p>\n<p>1 <strong>\/<\/strong> El CBD<strong>antioxidante<\/strong> podr\u00eda ayudar a combatir los radicales libres causados por influencias cotidianas como la contaminaci\u00f3n atmosf\u00e9rica, el alcohol y el humo, que se asocian al envejecimiento.<\/p>\n<p>2 <strong>\/ Nutrici\u00f3n de la piel<\/strong> El CBD mejora el aspecto de la piel y ayuda a mantenerla suave, tersa, flexible y sana.<\/p>\n<p>3 <strong>\/<\/strong> El CBD<strong>antiseborreico<\/strong> ayuda a armonizar la hidrataci\u00f3n y la grasa de la piel. Esto es posible gracias al equilibrio del sebo natural, una sustancia grasa producida normalmente por nuestra piel.<\/p>\n<p>4 <strong>\/ Protecci\u00f3n de la piel<\/strong> Las propiedades protectoras del CBD sobre la piel pueden ayudar a mantenerla con un aspecto saludable y protegida de rojeces, sequedad y molestias.<\/p>\n<p>&nbsp;<\/p>\n<p>Harmony CBD tiene una pureza m\u00ednima del 99% sin detecci\u00f3n de THC, seg\u00fan confirman laboratorios independientes de terceros. No provoca &#8220;envenenamiento&#8221;, sino que nutre y equilibra la piel. Desde la nutrici\u00f3n hasta la regeneraci\u00f3n y el control de los radicales libres, est\u00e1 claro que el CBD es un poderoso ingrediente con muchos beneficios convincentes para el cuidado de la piel. Por eso Harmony ha a\u00f1adido la concentraci\u00f3n perfecta del CBD m\u00e1s puro a sus propios productos para el cuidado de la piel.<\/p>\n<\/div>\n<\/div>\n<\/div>\n<\/div>\n<\/div>\n<\/div>\n<\/div>\n","protected":false},"excerpt":{"rendered":"<p>137 mg de CBD + aceite de semillas de granada, aceite CBD calmante para la cara. Sin colorantes, ftalatos, silicona, aceite mineral ni aceite de palma.<\/p>\n","protected":false},"featured_media":10937,"comment_status":"open","ping_status":"closed","template":"","meta":{"site-sidebar-layout":"default","site-content-layout":"default","ast-site-content-layout":"default","site-content-style":"default","site-sidebar-style":"default","ast-global-header-display":"","ast-banner-title-visibility":"","ast-main-header-display":"","ast-hfb-above-header-display":"","ast-hfb-below-header-display":"","ast-hfb-mobile-header-display":"","site-post-title":"","ast-breadcrumbs-content":"","ast-featured-img":"","footer-sml-layout":"","ast-disable-related-posts":"","theme-transparent-header-meta":"default","adv-header-id-meta":"","stick-header-meta":"default","header-above-stick-meta":"","header-main-stick-meta":"","header-below-stick-meta":"","astra-migrate-meta-layouts":"default","ast-page-background-enabled":"default","ast-page-background-meta":{"desktop":{"background-color":"","background-image":"","background-repeat":"repeat","background-position":"center center","background-size":"auto","background-attachment":"scroll","background-type":"","background-media":"","overlay-type":"","overlay-color":"","overlay-opacity":"","overlay-gradient":""},"tablet":{"background-color":"","background-image":"","background-repeat":"repeat","background-position":"center center","background-size":"auto","background-attachment":"scroll","background-type":"","background-media":"","overlay-type":"","overlay-color":"","overlay-opacity":"","overlay-gradient":""},"mobile":{"background-color":"","background-image":"","background-repeat":"repeat","background-position":"center center","background-size":"auto","background-attachment":"scroll","background-type":"","background-media":"","overlay-type":"","overlay-color":"","overlay-opacity":"","overlay-gradient":""}},"ast-content-background-meta":{"desktop":{"background-color":"var(--ast-global-color-5)","background-image":"","background-repeat":"repeat","background-position":"center center","background-size":"auto","background-attachment":"scroll","background-type":"","background-media":"","overlay-type":"","overlay-color":"","overlay-opacity":"","overlay-gradient":""},"tablet":{"background-color":"var(--ast-global-color-5)","background-image":"","background-repeat":"repeat","background-position":"center center","background-size":"auto","background-attachment":"scroll","background-type":"","background-media":"","overlay-type":"","overlay-color":"","overlay-opacity":"","overlay-gradient":""},"mobile":{"background-color":"var(--ast-global-color-5)","background-image":"","background-repeat":"repeat","background-position":"center center","background-size":"auto","background-attachment":"scroll","background-type":"","background-media":"","overlay-type":"","overlay-color":"","overlay-opacity":"","overlay-gradient":""}}},"product_brand":[],"product_cat":[273,271,305],"product_tag":[],"class_list":{"0":"post-11304","1":"product","2":"type-product","3":"status-publish","4":"has-post-thumbnail","6":"product_cat-aceites-y-capsulas","7":"product_cat-bienestar-cbd","8":"product_cat-cbd-es","9":"pa_cbd-rate-mas-del-20-de-cbd","10":"desktop-align-left","11":"tablet-align-center","12":"mobile-align-left","13":"ast-product-gallery-layout-vertical","14":"ast-product-gallery-with-no-image","15":"ast-magnify-disabled","16":"ast-product-tabs-layout-horizontal","18":"first","19":"outofstock","20":"taxable","21":"shipping-taxable","22":"purchasable","23":"product-type-simple"},"yoast_head":"<!-- This site is optimized with the Yoast SEO Premium plugin v27.2 (Yoast SEO v27.4) - https:\/\/yoast.com\/product\/yoast-seo-premium-wordpress\/ -->\n<title>Aceite facial calmante Harmony Serumony 137mg CBD (15ml) - Blumiz - Premium CBD<\/title>\n<meta name=\"description\" content=\"Mejora el aspecto de tu piel con Harmony CBD, un suero rico en antioxidantes de Blumiz CBD - Env\u00edo r\u00e1pido\" \/>\n<meta name=\"robots\" content=\"index, follow, max-snippet:-1, max-image-preview:large, max-video-preview:-1\" \/>\n<link rel=\"canonical\" href=\"https:\/\/blumiz.com\/es\/producto\/harmony-serumony-aceite-facial-calmante-137mg-cbd-15ml\/\" \/>\n<meta property=\"og:locale\" content=\"es_ES\" \/>\n<meta property=\"og:type\" content=\"article\" \/>\n<meta property=\"og:title\" content=\"Aceite facial calmante Harmony Serumony 137mg CBD (15ml)\" \/>\n<meta property=\"og:description\" content=\"Aceite facial calmante Harmony Serumony 137mg CBD (15ml) Blumiz - Premium CBD\" \/>\n<meta property=\"og:url\" content=\"https:\/\/blumiz.com\/es\/producto\/harmony-serumony-aceite-facial-calmante-137mg-cbd-15ml\/\" \/>\n<meta property=\"og:site_name\" content=\"Blumiz - Premium CBD\" \/>\n<meta property=\"article:modified_time\" content=\"2025-02-11T12:28:58+00:00\" \/>\n<meta property=\"og:image\" content=\"https:\/\/blumiz.com\/wp-content\/uploads\/2022\/10\/Harmony-Serumony-Calming-Facial-Oil-137mg-CBD-15ml.webp\" \/>\n\t<meta property=\"og:image:width\" content=\"600\" \/>\n\t<meta property=\"og:image:height\" content=\"600\" \/>\n\t<meta property=\"og:image:type\" content=\"image\/webp\" \/>\n<meta name=\"twitter:card\" content=\"summary_large_image\" \/>\n<meta name=\"twitter:label1\" content=\"Precio\" \/>\n\t<meta name=\"twitter:data1\" content=\"17,99&nbsp;&euro;\" \/>\n\t<meta name=\"twitter:label2\" content=\"Disponibilidad\" \/>\n\t<meta name=\"twitter:data2\" content=\"Sin existencias\" \/>\n<script type=\"application\/ld+json\" class=\"yoast-schema-graph\">{\"@context\":\"https:\\\/\\\/schema.org\",\"@graph\":[{\"@type\":\"WebPage\",\"@id\":\"https:\\\/\\\/blumiz.com\\\/es\\\/producto\\\/harmony-serumony-aceite-facial-calmante-137mg-cbd-15ml\\\/\",\"url\":\"https:\\\/\\\/blumiz.com\\\/es\\\/producto\\\/harmony-serumony-aceite-facial-calmante-137mg-cbd-15ml\\\/\",\"name\":\"Aceite facial calmante Harmony Serumony 137mg CBD (15ml) - Blumiz - Premium CBD\",\"isPartOf\":{\"@id\":\"https:\\\/\\\/blumiz.com\\\/es\\\/#website\"},\"primaryImageOfPage\":{\"@id\":\"https:\\\/\\\/blumiz.com\\\/es\\\/producto\\\/harmony-serumony-aceite-facial-calmante-137mg-cbd-15ml\\\/#primaryimage\"},\"image\":{\"@id\":\"https:\\\/\\\/blumiz.com\\\/es\\\/producto\\\/harmony-serumony-aceite-facial-calmante-137mg-cbd-15ml\\\/#primaryimage\"},\"thumbnailUrl\":\"https:\\\/\\\/blumiz.com\\\/wp-content\\\/uploads\\\/2022\\\/10\\\/Harmony-Serumony-Calming-Facial-Oil-137mg-CBD-15ml.webp\",\"datePublished\":\"2022-10-20T11:20:16+00:00\",\"dateModified\":\"2025-02-11T12:28:58+00:00\",\"description\":\"Mejora el aspecto de tu piel con Harmony CBD, un suero rico en antioxidantes de Blumiz CBD - Env\u00edo r\u00e1pido\",\"breadcrumb\":{\"@id\":\"https:\\\/\\\/blumiz.com\\\/es\\\/producto\\\/harmony-serumony-aceite-facial-calmante-137mg-cbd-15ml\\\/#breadcrumb\"},\"inLanguage\":\"es\",\"potentialAction\":[{\"@type\":\"ReadAction\",\"target\":[\"https:\\\/\\\/blumiz.com\\\/es\\\/producto\\\/harmony-serumony-aceite-facial-calmante-137mg-cbd-15ml\\\/\"]}]},{\"@type\":\"ImageObject\",\"inLanguage\":\"es\",\"@id\":\"https:\\\/\\\/blumiz.com\\\/es\\\/producto\\\/harmony-serumony-aceite-facial-calmante-137mg-cbd-15ml\\\/#primaryimage\",\"url\":\"https:\\\/\\\/blumiz.com\\\/wp-content\\\/uploads\\\/2022\\\/10\\\/Harmony-Serumony-Calming-Facial-Oil-137mg-CBD-15ml.webp\",\"contentUrl\":\"https:\\\/\\\/blumiz.com\\\/wp-content\\\/uploads\\\/2022\\\/10\\\/Harmony-Serumony-Calming-Facial-Oil-137mg-CBD-15ml.webp\",\"width\":600,\"height\":600},{\"@type\":\"BreadcrumbList\",\"@id\":\"https:\\\/\\\/blumiz.com\\\/es\\\/producto\\\/harmony-serumony-aceite-facial-calmante-137mg-cbd-15ml\\\/#breadcrumb\",\"itemListElement\":[{\"@type\":\"ListItem\",\"position\":1,\"name\":\"Blumiz\",\"item\":\"https:\\\/\\\/blumiz.com\\\/es\\\/\"},{\"@type\":\"ListItem\",\"position\":2,\"name\":\"CBD Shop\",\"item\":\"https:\\\/\\\/blumiz.com\\\/es\\\/tienda\\\/\"},{\"@type\":\"ListItem\",\"position\":3,\"name\":\"Bienestar CBD\",\"item\":\"https:\\\/\\\/blumiz.com\\\/es\\\/category\\\/bienestar-cbd\\\/\"},{\"@type\":\"ListItem\",\"position\":4,\"name\":\"Aceites y c\u00e1psulas\",\"item\":\"https:\\\/\\\/blumiz.com\\\/es\\\/category\\\/bienestar-cbd\\\/aceites-y-capsulas\\\/\"},{\"@type\":\"ListItem\",\"position\":5,\"name\":\"Aceite facial calmante Harmony Serumony 137mg CBD (15ml)\"}]},{\"@type\":\"WebSite\",\"@id\":\"https:\\\/\\\/blumiz.com\\\/es\\\/#website\",\"url\":\"https:\\\/\\\/blumiz.com\\\/es\\\/\",\"name\":\"Blumiz - Premium CBD\",\"description\":\"Un CBD al mejor precio y de calidad superior\",\"publisher\":{\"@id\":\"https:\\\/\\\/blumiz.com\\\/es\\\/#organization\"},\"alternateName\":\"Blumiz\",\"potentialAction\":[{\"@type\":\"SearchAction\",\"target\":{\"@type\":\"EntryPoint\",\"urlTemplate\":\"https:\\\/\\\/blumiz.com\\\/es\\\/?s={search_term_string}\"},\"query-input\":{\"@type\":\"PropertyValueSpecification\",\"valueRequired\":true,\"valueName\":\"search_term_string\"}}],\"inLanguage\":\"es\"},{\"@type\":\"Organization\",\"@id\":\"https:\\\/\\\/blumiz.com\\\/es\\\/#organization\",\"name\":\"Blumiz CBD\",\"alternateName\":\"Blumiz\",\"url\":\"https:\\\/\\\/blumiz.com\\\/es\\\/\",\"logo\":{\"@type\":\"ImageObject\",\"inLanguage\":\"es\",\"@id\":\"https:\\\/\\\/blumiz.com\\\/es\\\/#\\\/schema\\\/logo\\\/image\\\/\",\"url\":\"https:\\\/\\\/blumiz.com\\\/wp-content\\\/uploads\\\/2026\\\/02\\\/cropped-Blumiz-CBD-logo.webp\",\"contentUrl\":\"https:\\\/\\\/blumiz.com\\\/wp-content\\\/uploads\\\/2026\\\/02\\\/cropped-Blumiz-CBD-logo.webp\",\"width\":2547,\"height\":778,\"caption\":\"Blumiz CBD\"},\"image\":{\"@id\":\"https:\\\/\\\/blumiz.com\\\/es\\\/#\\\/schema\\\/logo\\\/image\\\/\"}}]}<\/script>\n<meta property=\"product:price:amount\" content=\"17.99\" \/>\n<meta property=\"product:price:currency\" content=\"EUR\" \/>\n<meta property=\"og:availability\" content=\"out of stock\" \/>\n<meta property=\"product:availability\" content=\"out of stock\" \/>\n<meta property=\"product:retailer_item_id\" content=\"574466\" \/>\n<meta property=\"product:condition\" content=\"new\" \/>\n<!-- \/ Yoast SEO Premium plugin. -->","yoast_head_json":{"title":"Aceite facial calmante Harmony Serumony 137mg CBD (15ml) - Blumiz - Premium CBD","description":"Mejora el aspecto de tu piel con Harmony CBD, un suero rico en antioxidantes de Blumiz CBD - Env\u00edo r\u00e1pido","robots":{"index":"index","follow":"follow","max-snippet":"max-snippet:-1","max-image-preview":"max-image-preview:large","max-video-preview":"max-video-preview:-1"},"canonical":"https:\/\/blumiz.com\/es\/producto\/harmony-serumony-aceite-facial-calmante-137mg-cbd-15ml\/","og_locale":"es_ES","og_type":"article","og_title":"Aceite facial calmante Harmony Serumony 137mg CBD (15ml)","og_description":"Aceite facial calmante Harmony Serumony 137mg CBD (15ml) Blumiz - Premium CBD","og_url":"https:\/\/blumiz.com\/es\/producto\/harmony-serumony-aceite-facial-calmante-137mg-cbd-15ml\/","og_site_name":"Blumiz - Premium CBD","article_modified_time":"2025-02-11T12:28:58+00:00","og_image":[{"width":600,"height":600,"url":"https:\/\/blumiz.com\/wp-content\/uploads\/2022\/10\/Harmony-Serumony-Calming-Facial-Oil-137mg-CBD-15ml.webp","type":"image\/webp"}],"twitter_card":"summary_large_image","twitter_misc":{"Precio":"17,99&nbsp;&euro;","Disponibilidad":"Sin existencias"},"schema":{"@context":"https:\/\/schema.org","@graph":[{"@type":"WebPage","@id":"https:\/\/blumiz.com\/es\/producto\/harmony-serumony-aceite-facial-calmante-137mg-cbd-15ml\/","url":"https:\/\/blumiz.com\/es\/producto\/harmony-serumony-aceite-facial-calmante-137mg-cbd-15ml\/","name":"Aceite facial calmante Harmony Serumony 137mg CBD (15ml) - Blumiz - Premium CBD","isPartOf":{"@id":"https:\/\/blumiz.com\/es\/#website"},"primaryImageOfPage":{"@id":"https:\/\/blumiz.com\/es\/producto\/harmony-serumony-aceite-facial-calmante-137mg-cbd-15ml\/#primaryimage"},"image":{"@id":"https:\/\/blumiz.com\/es\/producto\/harmony-serumony-aceite-facial-calmante-137mg-cbd-15ml\/#primaryimage"},"thumbnailUrl":"https:\/\/blumiz.com\/wp-content\/uploads\/2022\/10\/Harmony-Serumony-Calming-Facial-Oil-137mg-CBD-15ml.webp","datePublished":"2022-10-20T11:20:16+00:00","dateModified":"2025-02-11T12:28:58+00:00","description":"Mejora el aspecto de tu piel con Harmony CBD, un suero rico en antioxidantes de Blumiz CBD - Env\u00edo r\u00e1pido","breadcrumb":{"@id":"https:\/\/blumiz.com\/es\/producto\/harmony-serumony-aceite-facial-calmante-137mg-cbd-15ml\/#breadcrumb"},"inLanguage":"es","potentialAction":[{"@type":"ReadAction","target":["https:\/\/blumiz.com\/es\/producto\/harmony-serumony-aceite-facial-calmante-137mg-cbd-15ml\/"]}]},{"@type":"ImageObject","inLanguage":"es","@id":"https:\/\/blumiz.com\/es\/producto\/harmony-serumony-aceite-facial-calmante-137mg-cbd-15ml\/#primaryimage","url":"https:\/\/blumiz.com\/wp-content\/uploads\/2022\/10\/Harmony-Serumony-Calming-Facial-Oil-137mg-CBD-15ml.webp","contentUrl":"https:\/\/blumiz.com\/wp-content\/uploads\/2022\/10\/Harmony-Serumony-Calming-Facial-Oil-137mg-CBD-15ml.webp","width":600,"height":600},{"@type":"BreadcrumbList","@id":"https:\/\/blumiz.com\/es\/producto\/harmony-serumony-aceite-facial-calmante-137mg-cbd-15ml\/#breadcrumb","itemListElement":[{"@type":"ListItem","position":1,"name":"Blumiz","item":"https:\/\/blumiz.com\/es\/"},{"@type":"ListItem","position":2,"name":"CBD Shop","item":"https:\/\/blumiz.com\/es\/tienda\/"},{"@type":"ListItem","position":3,"name":"Bienestar CBD","item":"https:\/\/blumiz.com\/es\/category\/bienestar-cbd\/"},{"@type":"ListItem","position":4,"name":"Aceites y c\u00e1psulas","item":"https:\/\/blumiz.com\/es\/category\/bienestar-cbd\/aceites-y-capsulas\/"},{"@type":"ListItem","position":5,"name":"Aceite facial calmante Harmony Serumony 137mg CBD (15ml)"}]},{"@type":"WebSite","@id":"https:\/\/blumiz.com\/es\/#website","url":"https:\/\/blumiz.com\/es\/","name":"Blumiz - Premium CBD","description":"Un CBD al mejor precio y de calidad superior","publisher":{"@id":"https:\/\/blumiz.com\/es\/#organization"},"alternateName":"Blumiz","potentialAction":[{"@type":"SearchAction","target":{"@type":"EntryPoint","urlTemplate":"https:\/\/blumiz.com\/es\/?s={search_term_string}"},"query-input":{"@type":"PropertyValueSpecification","valueRequired":true,"valueName":"search_term_string"}}],"inLanguage":"es"},{"@type":"Organization","@id":"https:\/\/blumiz.com\/es\/#organization","name":"Blumiz CBD","alternateName":"Blumiz","url":"https:\/\/blumiz.com\/es\/","logo":{"@type":"ImageObject","inLanguage":"es","@id":"https:\/\/blumiz.com\/es\/#\/schema\/logo\/image\/","url":"https:\/\/blumiz.com\/wp-content\/uploads\/2026\/02\/cropped-Blumiz-CBD-logo.webp","contentUrl":"https:\/\/blumiz.com\/wp-content\/uploads\/2026\/02\/cropped-Blumiz-CBD-logo.webp","width":2547,"height":778,"caption":"Blumiz CBD"},"image":{"@id":"https:\/\/blumiz.com\/es\/#\/schema\/logo\/image\/"}}]},"product_price_amount":"17.99","product_price_currency":"EUR","og_availability":"out of stock","product_availability":"out of stock","product_retailer_item_id":"574466","product_condition":"new"},"_links":{"self":[{"href":"https:\/\/blumiz.com\/es\/wp-json\/wp\/v2\/product\/11304","targetHints":{"allow":["GET"]}}],"collection":[{"href":"https:\/\/blumiz.com\/es\/wp-json\/wp\/v2\/product"}],"about":[{"href":"https:\/\/blumiz.com\/es\/wp-json\/wp\/v2\/types\/product"}],"replies":[{"embeddable":true,"href":"https:\/\/blumiz.com\/es\/wp-json\/wp\/v2\/comments?post=11304"}],"version-history":[{"count":0,"href":"https:\/\/blumiz.com\/es\/wp-json\/wp\/v2\/product\/11304\/revisions"}],"wp:featuredmedia":[{"embeddable":true,"href":"https:\/\/blumiz.com\/es\/wp-json\/wp\/v2\/media\/10937"}],"wp:attachment":[{"href":"https:\/\/blumiz.com\/es\/wp-json\/wp\/v2\/media?parent=11304"}],"wp:term":[{"taxonomy":"product_brand","embeddable":true,"href":"https:\/\/blumiz.com\/es\/wp-json\/wp\/v2\/product_brand?post=11304"},{"taxonomy":"product_cat","embeddable":true,"href":"https:\/\/blumiz.com\/es\/wp-json\/wp\/v2\/product_cat?post=11304"},{"taxonomy":"product_tag","embeddable":true,"href":"https:\/\/blumiz.com\/es\/wp-json\/wp\/v2\/product_tag?post=11304"}],"curies":[{"name":"wp","href":"https:\/\/api.w.org\/{rel}","templated":true}]}}