{"id":11309,"date":"2022-09-19T08:19:32","date_gmt":"2022-09-19T07:19:32","guid":{"rendered":"https:\/\/blumiz.com\/produkt\/small-bud-indoor-mix-flores-cbd-9\/"},"modified":"2025-11-16T09:48:23","modified_gmt":"2025-11-16T08:48:23","slug":"indoor-2","status":"publish","type":"product","link":"https:\/\/blumiz.com\/es\/producto\/indoor-2\/","title":{"rendered":"Small Bud Indoor MIX &#8211; Flores CBD 9%"},"content":{"rendered":"<h2><span style=\"color: #107f85;\">CBD Bud Small Buds Indoor MIX 9% &#8211; Mini Bud CBD como las palomitas de ma\u00edz y a buen precio.<\/span><\/h2>\n<h3><strong><span style=\"color: #ff6600;\">La &#8220;Mezcla de Peque\u00f1os Brotes Indoor&#8221; (Sm<\/span><\/strong><span style=\"color: #ff6600;\">all Bud<\/span><strong><span style=\"color: #ff6600;\">s IndoorMix)<\/span><\/strong><\/h3>\n<p><strong>Small Bud CBD Indoor Mix<\/strong> es una de las variedades innovadoras y a la vez hist\u00f3ricas del cat\u00e1logo de la <strong>tienda de marihuana legal Blumiz<\/strong>.<\/p>\n<p>\u00bfEn qu\u00e9 se diferencia de otras cualidades? Todos los aspectos positivos de nuestra gen\u00e9tica se combinan en este producto. De hecho, este producto recoge los cogollos m\u00e1s peque\u00f1os de todas las variedades de <strong>cannabis CBD<\/strong>. Los resultados son realmente excepcionales; hemos seleccionado s\u00f3lo las mejores<strong> flores CBD<\/strong> legales y hemos conseguido un contenido de CBD realmente notable. El valor alcanza el<strong> 9%<\/strong>, mientras que el contenido de THC est\u00e1 muy por debajo del l\u00edmite permitido del <strong>0,2<\/strong>.<\/p>\n<p>Blumiz fue la primera empresa del mercado del CBD en aprovechar todas las partes de la planta de cannabis, desde las flores m\u00e1s peque\u00f1as hasta las resinas que caen de las inflorescencias. Esto es posible gracias al procesamiento manual diario de todos los lotes de productos Blumiz.<\/p>\n<p>Gracias a esta nueva patente de Blumiz, puedes elegir Small Buds Indoor en 2 porcentajes diferentes de CBD.<\/p>\n<p>Si buscas Flores CBD baratas, tambi\u00e9n te gustar\u00e1 nuestra <a href=\"https:\/\/blumiz.com\/producto\/trim-cbd-indoor-mix-7\/\">Trim<\/a> o nuestras Outdoor como <a href=\"https:\/\/blumiz.com\/producto\/skunk-cbd-original\/\">Skunk Original<\/a>.<\/p>\n<p>O nuestra <a href=\"https:\/\/blumiz.com\/producto\/small-bud-cbd-6\/\">mezcla Small Buds<\/a>.<\/p>\n<h3><span style=\"color: #ff6600;\">El visual<\/span><\/h3>\n<p>El producto se parece un poco a una caja de caramelos. Los cogollos Small Bud CBD seleccionados <b>tienen diferentes colores<\/b> (desde el rojo de Sweet Berry hasta el verde claro de Gorilla Glue) y todos miden aproximadamente 1 cm de alto.<\/p>\n<h3><span style=\"color: #ff6600;\">El aroma Small Buds CBD Indoor<\/span><\/h3>\n<p>El olor de esta mezcla es embriagador y <b>combina todas las caracter\u00edsticas especiales de las variedades legales de cannabis<\/b> incluidas en esta mezcla. Es realmente fascinante poder combinar el <b>sabor dulce<\/b> con el de la tierra y un toque de frutas ex\u00f3ticas. \u00a1El Small Bud Indoor hace posible esta <b>experiencia gustativa<\/b> y es un producto \u00fanico y un &#8220;must&#8221; para todos los amantes!<\/p>\n<h3><span style=\"color: #ff6600;\">Origen y cultivo<\/span><\/h3>\n<p>Todas las plantas de las que proceden las flores seleccionadas se cultivan en Italia seg\u00fan la normativa ecol\u00f3gica y en su cultivo no se utilizan OMG ni metales pesados.<\/p>\n<h3><span style=\"color: #ff6600;\">Informaci\u00f3n<\/span><\/h3>\n<p>El porcentaje de CBD indicado m\u00e1s arriba es s\u00f3lo indicativo y se ajusta a los resultados obtenidos en el laboratorio para estas gen\u00e9ticas.<\/p>\n<p>Por desgracia, al tratarse de una planta, el porcentaje de cannabinoides puede variar notablemente de una flor a otra; adem\u00e1s, los montones suelen ser un poco diferentes entre s\u00ed.<\/p>\n<p>A pesar de esta volatilidad, Blumiz garantiza la legalidad de todas las pilas individuales, ya que se analizan diariamente los niveles de THC de todo el producto comercializado.<\/p>\n<h4><span style=\"color: #ff6600;\">Nuestra <a style=\"color: #ff6600;\" href=\"\/?product_cat=cbd-blueten\">tienda de flores CBD<\/a><\/span><span style=\"color: #ff6600;\"> es sin\u00f3nimo de altos est\u00e1ndares de calidad y productos seleccionados a mano<\/span><strong><span style=\"color: #ff6600;\">e<\/span><\/strong><\/h4>\n<p>Flores CBD est\u00e1n disponibles en diferentes sabores y cantidades. Nuestras Flores CBD se someten a estrictos criterios externos de calidad. Se venden como materias primas y no contienen aditivos qu\u00edmicos ni impurezas.<\/p>\n<h4><span style=\"color: #ff6600;\">Hacer un pedido a Blumiz significa:<\/span><\/h4>\n<p>&#8211; Entrega r\u00e1pida, discreta e inodora<br \/>\n&#8211; Productos de calidad y certificados por laboratorios<br \/>\n&#8211; Precios inmejorables, ya que fabricamos nuestros propios productos<\/p>\n<p>Descubra aqu\u00ed tambi\u00e9n nuestro <a href=\"https:\/\/blumiz.com\/es\/category\/hachis-y-concentrados\/\">CBD Hachis<\/a><\/p>\n<p>Una pregunta, \u00bfnecesitas ayuda?  <a href=\"https:\/\/blumiz.com\/hilfe-und-faqs\/\">Haga clic aqu\u00ed para descubrir nuestro centro de ayuda.<\/a><\/p>\n<p>Descubre nuestros <a href=\"https:\/\/blumiz.com\/es\/category\/headshop-es\/\">productos y accesorios Headshop<\/a> para disfrutar de tus variedades favoritas<\/p>\n","protected":false},"excerpt":{"rendered":"<h2><span style=\"color: #107f85;\">Small Bud Indoor Mix 9% &#8211; Compra Flores CBD Indoor de alta calidad a buen precio.<\/span><\/h2>\n<p>Todos los cogollos peque\u00f1os de tus variedades de interior favoritas.<\/p>\n","protected":false},"featured_media":10604,"comment_status":"open","ping_status":"closed","template":"","meta":{"site-sidebar-layout":"default","site-content-layout":"default","ast-site-content-layout":"default","site-content-style":"default","site-sidebar-style":"default","ast-global-header-display":"","ast-banner-title-visibility":"","ast-main-header-display":"","ast-hfb-above-header-display":"","ast-hfb-below-header-display":"","ast-hfb-mobile-header-display":"","site-post-title":"","ast-breadcrumbs-content":"","ast-featured-img":"","footer-sml-layout":"","ast-disable-related-posts":"","theme-transparent-header-meta":"default","adv-header-id-meta":"","stick-header-meta":"default","header-above-stick-meta":"","header-main-stick-meta":"","header-below-stick-meta":"","astra-migrate-meta-layouts":"default","ast-page-background-enabled":"default","ast-page-background-meta":{"desktop":{"background-color":"","background-image":"","background-repeat":"repeat","background-position":"center center","background-size":"auto","background-attachment":"scroll","background-type":"","background-media":"","overlay-type":"","overlay-color":"","overlay-opacity":"","overlay-gradient":""},"tablet":{"background-color":"","background-image":"","background-repeat":"repeat","background-position":"center center","background-size":"auto","background-attachment":"scroll","background-type":"","background-media":"","overlay-type":"","overlay-color":"","overlay-opacity":"","overlay-gradient":""},"mobile":{"background-color":"","background-image":"","background-repeat":"repeat","background-position":"center center","background-size":"auto","background-attachment":"scroll","background-type":"","background-media":"","overlay-type":"","overlay-color":"","overlay-opacity":"","overlay-gradient":""}},"ast-content-background-meta":{"desktop":{"background-color":"var(--ast-global-color-5)","background-image":"","background-repeat":"repeat","background-position":"center center","background-size":"auto","background-attachment":"scroll","background-type":"","background-media":"","overlay-type":"","overlay-color":"","overlay-opacity":"","overlay-gradient":""},"tablet":{"background-color":"var(--ast-global-color-5)","background-image":"","background-repeat":"repeat","background-position":"center center","background-size":"auto","background-attachment":"scroll","background-type":"","background-media":"","overlay-type":"","overlay-color":"","overlay-opacity":"","overlay-gradient":""},"mobile":{"background-color":"var(--ast-global-color-5)","background-image":"","background-repeat":"repeat","background-position":"center center","background-size":"auto","background-attachment":"scroll","background-type":"","background-media":"","overlay-type":"","overlay-color":"","overlay-opacity":"","overlay-gradient":""}}},"product_brand":[],"product_cat":[305,261,270,276,272],"product_tag":[237,233],"class_list":{"0":"post-11309","1":"product","2":"type-product","3":"status-publish","4":"has-post-thumbnail","6":"product_cat-cbd-es","7":"product_cat-flores-cbd","8":"product_cat-flores-cbd-baratas","9":"product_cat-indoor-flores-cbd","10":"product_cat-small-bud-y-trim-flores-cbd","11":"product_tag-flores-cbd-baratas","12":"product_tag-outdoor-cbd-es","13":"pa_cbd-rate-0-a-10-cbd-es","14":"pa_kategorie-flores-de-cbd-baratas","15":"pa_kategorie-indoor-cbd-es","16":"pa_kategorie-small-buds-trim-es","17":"desktop-align-left","18":"tablet-align-center","19":"mobile-align-left","20":"ast-product-gallery-layout-vertical","21":"ast-magnify-disabled","22":"ast-product-single-variable","23":"ast-product-tabs-layout-horizontal","25":"first","26":"instock","27":"taxable","28":"shipping-taxable","29":"purchasable","30":"product-type-variable"},"yoast_head":"<!-- This site is optimized with the Yoast SEO Premium plugin v27.2 (Yoast SEO v27.3) - https:\/\/yoast.com\/product\/yoast-seo-premium-wordpress\/ -->\n<title>CBD Small bud Indoor 9% desde 1,7\u20ac\/g- Comprar CBD Bud Barato<\/title>\n<meta name=\"description\" content=\"CBD peque\u00f1o cogollo desde 1,7\u20ac\/g - Comprar CBD barato flores de BlumizSorte sabor Chocolate, Env\u00edo r\u00e1pido y discreto en Espa\u00f1a.\" \/>\n<meta name=\"robots\" content=\"index, follow, max-snippet:-1, max-image-preview:large, max-video-preview:-1\" \/>\n<link rel=\"canonical\" href=\"https:\/\/blumiz.com\/es\/producto\/indoor-2\/\" \/>\n<meta property=\"og:locale\" content=\"es_ES\" \/>\n<meta property=\"og:type\" content=\"article\" \/>\n<meta property=\"og:title\" content=\"Small Bud Indoor MIX - Flores CBD 9%\" \/>\n<meta property=\"og:description\" content=\"Small Bud Indoor MIX - Flores CBD 9% Blumiz - Premium CBD\" \/>\n<meta property=\"og:url\" content=\"https:\/\/blumiz.com\/es\/producto\/indoor-2\/\" \/>\n<meta property=\"og:site_name\" content=\"Blumiz - Premium CBD\" \/>\n<meta property=\"article:modified_time\" content=\"2025-11-16T08:48:23+00:00\" \/>\n<meta property=\"og:image\" content=\"https:\/\/blumiz.com\/wp-content\/uploads\/2022\/09\/CBD-Blu\u0308ten-Gu\u0308nstige-Indoor-small-bud-Deutschland-Berlin-kaufen-1.webp\" \/>\n\t<meta property=\"og:image:width\" content=\"600\" \/>\n\t<meta property=\"og:image:height\" content=\"600\" \/>\n\t<meta property=\"og:image:type\" content=\"image\/webp\" \/>\n<meta name=\"twitter:card\" content=\"summary_large_image\" \/>\n<meta name=\"twitter:label1\" content=\"Disponibilidad\" \/>\n\t<meta name=\"twitter:data1\" content=\"Disponible\" \/>\n<script type=\"application\/ld+json\" class=\"yoast-schema-graph\">{\"@context\":\"https:\\\/\\\/schema.org\",\"@graph\":[{\"@type\":\"WebPage\",\"@id\":\"https:\\\/\\\/blumiz.com\\\/es\\\/producto\\\/indoor-2\\\/\",\"url\":\"https:\\\/\\\/blumiz.com\\\/es\\\/producto\\\/indoor-2\\\/\",\"name\":\"CBD Small bud Indoor 9% desde 1,7\u20ac\\\/g- Comprar CBD Bud Barato\",\"isPartOf\":{\"@id\":\"https:\\\/\\\/blumiz.com\\\/es\\\/#website\"},\"primaryImageOfPage\":{\"@id\":\"https:\\\/\\\/blumiz.com\\\/es\\\/producto\\\/indoor-2\\\/#primaryimage\"},\"image\":{\"@id\":\"https:\\\/\\\/blumiz.com\\\/es\\\/producto\\\/indoor-2\\\/#primaryimage\"},\"thumbnailUrl\":\"https:\\\/\\\/blumiz.com\\\/wp-content\\\/uploads\\\/2022\\\/09\\\/CBD-Blu\u0308ten-Gu\u0308nstige-Indoor-small-bud-Deutschland-Berlin-kaufen-1.webp\",\"datePublished\":\"2022-09-19T07:19:32+00:00\",\"dateModified\":\"2025-11-16T08:48:23+00:00\",\"description\":\"CBD peque\u00f1o cogollo desde 1,7\u20ac\\\/g - Comprar CBD barato flores de BlumizSorte sabor Chocolate, Env\u00edo r\u00e1pido y discreto en Espa\u00f1a.\",\"breadcrumb\":{\"@id\":\"https:\\\/\\\/blumiz.com\\\/es\\\/producto\\\/indoor-2\\\/#breadcrumb\"},\"inLanguage\":\"es\",\"potentialAction\":[{\"@type\":\"ReadAction\",\"target\":[\"https:\\\/\\\/blumiz.com\\\/es\\\/producto\\\/indoor-2\\\/\"]}]},{\"@type\":\"ImageObject\",\"inLanguage\":\"es\",\"@id\":\"https:\\\/\\\/blumiz.com\\\/es\\\/producto\\\/indoor-2\\\/#primaryimage\",\"url\":\"https:\\\/\\\/blumiz.com\\\/wp-content\\\/uploads\\\/2022\\\/09\\\/CBD-Blu\u0308ten-Gu\u0308nstige-Indoor-small-bud-Deutschland-Berlin-kaufen-1.webp\",\"contentUrl\":\"https:\\\/\\\/blumiz.com\\\/wp-content\\\/uploads\\\/2022\\\/09\\\/CBD-Blu\u0308ten-Gu\u0308nstige-Indoor-small-bud-Deutschland-Berlin-kaufen-1.webp\",\"width\":600,\"height\":600},{\"@type\":\"BreadcrumbList\",\"@id\":\"https:\\\/\\\/blumiz.com\\\/es\\\/producto\\\/indoor-2\\\/#breadcrumb\",\"itemListElement\":[{\"@type\":\"ListItem\",\"position\":1,\"name\":\"Blumiz\",\"item\":\"https:\\\/\\\/blumiz.com\\\/es\\\/\"},{\"@type\":\"ListItem\",\"position\":2,\"name\":\"CBD Shop\",\"item\":\"https:\\\/\\\/blumiz.com\\\/es\\\/tienda\\\/\"},{\"@type\":\"ListItem\",\"position\":3,\"name\":\"Flores CBD\",\"item\":\"https:\\\/\\\/blumiz.com\\\/es\\\/category\\\/flores-cbd\\\/\"},{\"@type\":\"ListItem\",\"position\":4,\"name\":\"Small Bud Indoor MIX &#8211; Flores CBD 9%\"}]},{\"@type\":\"WebSite\",\"@id\":\"https:\\\/\\\/blumiz.com\\\/es\\\/#website\",\"url\":\"https:\\\/\\\/blumiz.com\\\/es\\\/\",\"name\":\"Blumiz - Premium CBD\",\"description\":\"Un CBD al mejor precio y de calidad superior\",\"publisher\":{\"@id\":\"https:\\\/\\\/blumiz.com\\\/es\\\/#organization\"},\"alternateName\":\"Blumiz\",\"potentialAction\":[{\"@type\":\"SearchAction\",\"target\":{\"@type\":\"EntryPoint\",\"urlTemplate\":\"https:\\\/\\\/blumiz.com\\\/es\\\/?s={search_term_string}\"},\"query-input\":{\"@type\":\"PropertyValueSpecification\",\"valueRequired\":true,\"valueName\":\"search_term_string\"}}],\"inLanguage\":\"es\"},{\"@type\":\"Organization\",\"@id\":\"https:\\\/\\\/blumiz.com\\\/es\\\/#organization\",\"name\":\"Blumiz CBD\",\"alternateName\":\"Blumiz\",\"url\":\"https:\\\/\\\/blumiz.com\\\/es\\\/\",\"logo\":{\"@type\":\"ImageObject\",\"inLanguage\":\"es\",\"@id\":\"https:\\\/\\\/blumiz.com\\\/es\\\/#\\\/schema\\\/logo\\\/image\\\/\",\"url\":\"https:\\\/\\\/blumiz.com\\\/wp-content\\\/uploads\\\/2026\\\/02\\\/cropped-Blumiz-CBD-logo.webp\",\"contentUrl\":\"https:\\\/\\\/blumiz.com\\\/wp-content\\\/uploads\\\/2026\\\/02\\\/cropped-Blumiz-CBD-logo.webp\",\"width\":2547,\"height\":778,\"caption\":\"Blumiz CBD\"},\"image\":{\"@id\":\"https:\\\/\\\/blumiz.com\\\/es\\\/#\\\/schema\\\/logo\\\/image\\\/\"}}]}<\/script>\n<meta property=\"og:availability\" content=\"instock\" \/>\n<meta property=\"product:availability\" content=\"instock\" \/>\n<meta property=\"product:retailer_item_id\" content=\"977833\" \/>\n<meta property=\"product:condition\" content=\"new\" \/>\n<!-- \/ Yoast SEO Premium plugin. -->","yoast_head_json":{"title":"CBD Small bud Indoor 9% desde 1,7\u20ac\/g- Comprar CBD Bud Barato","description":"CBD peque\u00f1o cogollo desde 1,7\u20ac\/g - Comprar CBD barato flores de BlumizSorte sabor Chocolate, Env\u00edo r\u00e1pido y discreto en Espa\u00f1a.","robots":{"index":"index","follow":"follow","max-snippet":"max-snippet:-1","max-image-preview":"max-image-preview:large","max-video-preview":"max-video-preview:-1"},"canonical":"https:\/\/blumiz.com\/es\/producto\/indoor-2\/","og_locale":"es_ES","og_type":"article","og_title":"Small Bud Indoor MIX - Flores CBD 9%","og_description":"Small Bud Indoor MIX - Flores CBD 9% Blumiz - Premium CBD","og_url":"https:\/\/blumiz.com\/es\/producto\/indoor-2\/","og_site_name":"Blumiz - Premium CBD","article_modified_time":"2025-11-16T08:48:23+00:00","og_image":[{"width":600,"height":600,"url":"https:\/\/blumiz.com\/wp-content\/uploads\/2022\/09\/CBD-Blu\u0308ten-Gu\u0308nstige-Indoor-small-bud-Deutschland-Berlin-kaufen-1.webp","type":"image\/webp"}],"twitter_card":"summary_large_image","twitter_misc":{"Disponibilidad":"Disponible"},"schema":{"@context":"https:\/\/schema.org","@graph":[{"@type":"WebPage","@id":"https:\/\/blumiz.com\/es\/producto\/indoor-2\/","url":"https:\/\/blumiz.com\/es\/producto\/indoor-2\/","name":"CBD Small bud Indoor 9% desde 1,7\u20ac\/g- Comprar CBD Bud Barato","isPartOf":{"@id":"https:\/\/blumiz.com\/es\/#website"},"primaryImageOfPage":{"@id":"https:\/\/blumiz.com\/es\/producto\/indoor-2\/#primaryimage"},"image":{"@id":"https:\/\/blumiz.com\/es\/producto\/indoor-2\/#primaryimage"},"thumbnailUrl":"https:\/\/blumiz.com\/wp-content\/uploads\/2022\/09\/CBD-Blu\u0308ten-Gu\u0308nstige-Indoor-small-bud-Deutschland-Berlin-kaufen-1.webp","datePublished":"2022-09-19T07:19:32+00:00","dateModified":"2025-11-16T08:48:23+00:00","description":"CBD peque\u00f1o cogollo desde 1,7\u20ac\/g - Comprar CBD barato flores de BlumizSorte sabor Chocolate, Env\u00edo r\u00e1pido y discreto en Espa\u00f1a.","breadcrumb":{"@id":"https:\/\/blumiz.com\/es\/producto\/indoor-2\/#breadcrumb"},"inLanguage":"es","potentialAction":[{"@type":"ReadAction","target":["https:\/\/blumiz.com\/es\/producto\/indoor-2\/"]}]},{"@type":"ImageObject","inLanguage":"es","@id":"https:\/\/blumiz.com\/es\/producto\/indoor-2\/#primaryimage","url":"https:\/\/blumiz.com\/wp-content\/uploads\/2022\/09\/CBD-Blu\u0308ten-Gu\u0308nstige-Indoor-small-bud-Deutschland-Berlin-kaufen-1.webp","contentUrl":"https:\/\/blumiz.com\/wp-content\/uploads\/2022\/09\/CBD-Blu\u0308ten-Gu\u0308nstige-Indoor-small-bud-Deutschland-Berlin-kaufen-1.webp","width":600,"height":600},{"@type":"BreadcrumbList","@id":"https:\/\/blumiz.com\/es\/producto\/indoor-2\/#breadcrumb","itemListElement":[{"@type":"ListItem","position":1,"name":"Blumiz","item":"https:\/\/blumiz.com\/es\/"},{"@type":"ListItem","position":2,"name":"CBD Shop","item":"https:\/\/blumiz.com\/es\/tienda\/"},{"@type":"ListItem","position":3,"name":"Flores CBD","item":"https:\/\/blumiz.com\/es\/category\/flores-cbd\/"},{"@type":"ListItem","position":4,"name":"Small Bud Indoor MIX &#8211; Flores CBD 9%"}]},{"@type":"WebSite","@id":"https:\/\/blumiz.com\/es\/#website","url":"https:\/\/blumiz.com\/es\/","name":"Blumiz - Premium CBD","description":"Un CBD al mejor precio y de calidad superior","publisher":{"@id":"https:\/\/blumiz.com\/es\/#organization"},"alternateName":"Blumiz","potentialAction":[{"@type":"SearchAction","target":{"@type":"EntryPoint","urlTemplate":"https:\/\/blumiz.com\/es\/?s={search_term_string}"},"query-input":{"@type":"PropertyValueSpecification","valueRequired":true,"valueName":"search_term_string"}}],"inLanguage":"es"},{"@type":"Organization","@id":"https:\/\/blumiz.com\/es\/#organization","name":"Blumiz CBD","alternateName":"Blumiz","url":"https:\/\/blumiz.com\/es\/","logo":{"@type":"ImageObject","inLanguage":"es","@id":"https:\/\/blumiz.com\/es\/#\/schema\/logo\/image\/","url":"https:\/\/blumiz.com\/wp-content\/uploads\/2026\/02\/cropped-Blumiz-CBD-logo.webp","contentUrl":"https:\/\/blumiz.com\/wp-content\/uploads\/2026\/02\/cropped-Blumiz-CBD-logo.webp","width":2547,"height":778,"caption":"Blumiz CBD"},"image":{"@id":"https:\/\/blumiz.com\/es\/#\/schema\/logo\/image\/"}}]},"og_availability":"instock","product_availability":"instock","product_retailer_item_id":"977833","product_condition":"new"},"_links":{"self":[{"href":"https:\/\/blumiz.com\/es\/wp-json\/wp\/v2\/product\/11309","targetHints":{"allow":["GET"]}}],"collection":[{"href":"https:\/\/blumiz.com\/es\/wp-json\/wp\/v2\/product"}],"about":[{"href":"https:\/\/blumiz.com\/es\/wp-json\/wp\/v2\/types\/product"}],"replies":[{"embeddable":true,"href":"https:\/\/blumiz.com\/es\/wp-json\/wp\/v2\/comments?post=11309"}],"version-history":[{"count":0,"href":"https:\/\/blumiz.com\/es\/wp-json\/wp\/v2\/product\/11309\/revisions"}],"wp:featuredmedia":[{"embeddable":true,"href":"https:\/\/blumiz.com\/es\/wp-json\/wp\/v2\/media\/10604"}],"wp:attachment":[{"href":"https:\/\/blumiz.com\/es\/wp-json\/wp\/v2\/media?parent=11309"}],"wp:term":[{"taxonomy":"product_brand","embeddable":true,"href":"https:\/\/blumiz.com\/es\/wp-json\/wp\/v2\/product_brand?post=11309"},{"taxonomy":"product_cat","embeddable":true,"href":"https:\/\/blumiz.com\/es\/wp-json\/wp\/v2\/product_cat?post=11309"},{"taxonomy":"product_tag","embeddable":true,"href":"https:\/\/blumiz.com\/es\/wp-json\/wp\/v2\/product_tag?post=11309"}],"curies":[{"name":"wp","href":"https:\/\/api.w.org\/{rel}","templated":true}]}}