{"id":11313,"date":"2022-09-19T08:13:43","date_gmt":"2022-09-19T07:13:43","guid":{"rendered":"https:\/\/blumiz.com\/produkt\/trim-cbd-indoor-mix-flores-cbd-7\/"},"modified":"2025-02-06T21:35:49","modified_gmt":"2025-02-06T20:35:49","slug":"indoor-4","status":"publish","type":"product","link":"https:\/\/blumiz.com\/es\/producto\/indoor-4\/","title":{"rendered":"Trim CBD Indoor Mix &#8211; Flores CBD 7%."},"content":{"rendered":"<h2><span style=\"color: #107f85;\">Mezcla de marihuana CBD TRIM Indoor 7%.<\/span><\/h2>\n<h3><span style=\"color: #107f85;\"><span style=\"color: #ff6600;\">Esta mezcla de recortes s\u00f3lo est\u00e1 hecha con nuestras variedades Indoor<\/span><br \/>\n<\/span><\/h3>\n<p dir=\"ltr\">Es rico en CBD, con un contenido estimado del 7%. Adem\u00e1s, es un producto totalmente legal que cumple las normas de calidad m\u00e1s estrictas. Est\u00e1 disponible en 20 g y contiene THC en una concentraci\u00f3n inferior al 0,2. Tambi\u00e9n tiene los numerosos efectos terap\u00e9uticos del CBD. Si quieres probar el cannabidiol, CBD TRIM es una opci\u00f3n buena y asequible. <\/p>\n<h4 dir=\"ltr\"><span style=\"color: #ff6600;\">Presentaci\u00f3n de las Flores CBD TRIM Indoor Mix 7<\/span><span style=\"color: #ff6600;\">%<\/span><\/h4>\n<p dir=\"ltr\">TRIM se compone de migas de diferentes variedades de Flores CBD. Se obtiene tras varias fases de transformaci\u00f3n. Con esto en mente, te ofrecemos TRIM elaborado a partir de Flores CBD de alta calidad que han sido cultivadas y almacenadas en excelentes condiciones. Adem\u00e1s, posee una deliciosa mezcla de sabores fuertes muy apreciada por los consumidores. Gracias a su variedad de colores, tambi\u00e9n sorprende por su bonito aspecto.<\/p>\n<p>OutdoorSi buscas flores de CBD barato flores, tambi\u00e9n te gustar\u00e1 nuestra <a href=\"https:\/\/blumiz.com\/producto\/trim-cbd\/\">Trim en versi\u00f3n cl\u00e1sica<\/a> o nuestras variedades como la<a href=\"https:\/\/blumiz.com\/producto\/skunk-cbd-original\/\">Skunk Original<\/a>.<\/p>\n<p><a href=\"https:\/\/blumiz.com\/producto\/cbd-small-bud-indoor-mix-9\/\">Indoor O nuestros  Small buds<\/a>.<\/p>\n<h4 dir=\"ltr\"><span style=\"color: #ff6600;\">Las ventajas de TRIM Indoor Mix<\/span><\/h4>\n<p dir=\"ltr\">La flor de CBD TRIM procede de variedades de cannabis capaces de calmarte de forma r\u00e1pida y duradera. Tiene un efecto relajante que proporciona un exquisito e intenso bienestar f\u00edsico. Puedes consumirlos al final del d\u00eda para tener una noche tranquila. Esta variedad de Flores CBD tambi\u00e9n tiene propiedades antiinflamatorias y puede aliviarte el dolor f\u00edsico. Favorece la estimulaci\u00f3n cerebral para mejorar la concentraci\u00f3n. Tambi\u00e9n puedes utilizarlo para combatir el estr\u00e9s y la ansiedad.<\/p>\n<h4 dir=\"ltr\"><span style=\"color: #ff6600;\">Tomar TRIM<\/span><\/h4>\n<p dir=\"ltr\">Para consumir la flor de CBD TRIM de forma saludable, puedes optar por un t\u00e9 o por vaporizar las flores. Para preparar una infusi\u00f3n, hierve agua y a\u00f1ade unos gramos de TRIM, asegur\u00e1ndote de a\u00f1adir algo de grasa. Puede ser mantequilla o aceite vegetal. Olvidado. Si quieres vaporizar las Flores CBD TRIM, compra un vaporizador de alta calidad<\/p>\n<p dir=\"ltr\">Con este \u00faltimo, podr\u00e1 disfrutar de vapores muy delicados y completamente sanos. Empieza a vaporizar el TRIM en dosis bajas, que podr\u00e1s ir aumentando a medida que lo necesites. Adem\u00e1s, se desaconseja encarecidamente fumar Flores CBD. De hecho, este tipo de consumo es ilegal y adem\u00e1s perjudicial para la salud<\/p>\n<h4><span style=\"color: #ff6600;\">Nuestra <a style=\"color: #ff6600;\" href=\"\/?product_cat=cbd-blueten\">Flores CBD<\/a> es sin\u00f3nimo de altos est\u00e1ndares de calidad y productos seleccionados a mano<\/span><\/h4>\n<p>Flores CBD est\u00e1n disponibles en diferentes sabores y concentraciones de CBD. Nuestras Flores CBD se someten a estrictos criterios externos de calidad. Se venden como materias primas y no contienen aditivos qu\u00edmicos ni impurezas.<\/p>\n<p>Descubra aqu\u00ed tambi\u00e9n nuestro <a href=\"https:\/\/blumiz.com\/es\/category\/hachis-y-concentrados\/\">CBD Hachis<\/a><\/p>\n<p>Una pregunta, \u00bfnecesitas ayuda?  <a href=\"https:\/\/blumiz.com\/hilfe-und-faqs\/\">Haga clic aqu\u00ed para descubrir nuestro centro de ayuda.<\/a><\/p>\n<p>Descubre nuestros <a href=\"https:\/\/blumiz.com\/es\/category\/headshop-es\/\">productos y accesorios Headshop<\/a> para disfrutar de tus variedades favoritas<\/p>\n<h4><span style=\"color: #ff6600;\">Hacer un pedido a Blumiz significa:<\/span><\/h4>\n<p>&#8211; Entrega r\u00e1pida, discreta e inodora<br \/>\n&#8211; Productos de calidad y certificados por laboratorios<br \/>\n&#8211; Precios inmejorables, ya que fabricamos nuestros propios productos<\/p>\n","protected":false},"excerpt":{"rendered":"<h1><span style=\"color: #107d85;\">Flores CBD TRIM Indoor MIX 7<\/span><\/h1>\n","protected":false},"featured_media":10602,"comment_status":"open","ping_status":"closed","template":"","meta":{"site-sidebar-layout":"default","site-content-layout":"default","ast-site-content-layout":"default","site-content-style":"default","site-sidebar-style":"default","ast-global-header-display":"","ast-banner-title-visibility":"","ast-main-header-display":"","ast-hfb-above-header-display":"","ast-hfb-below-header-display":"","ast-hfb-mobile-header-display":"","site-post-title":"","ast-breadcrumbs-content":"","ast-featured-img":"","footer-sml-layout":"","ast-disable-related-posts":"","theme-transparent-header-meta":"default","adv-header-id-meta":"","stick-header-meta":"default","header-above-stick-meta":"","header-main-stick-meta":"","header-below-stick-meta":"","astra-migrate-meta-layouts":"default","ast-page-background-enabled":"default","ast-page-background-meta":{"desktop":{"background-color":"","background-image":"","background-repeat":"repeat","background-position":"center center","background-size":"auto","background-attachment":"scroll","background-type":"","background-media":"","overlay-type":"","overlay-color":"","overlay-opacity":"","overlay-gradient":""},"tablet":{"background-color":"","background-image":"","background-repeat":"repeat","background-position":"center center","background-size":"auto","background-attachment":"scroll","background-type":"","background-media":"","overlay-type":"","overlay-color":"","overlay-opacity":"","overlay-gradient":""},"mobile":{"background-color":"","background-image":"","background-repeat":"repeat","background-position":"center center","background-size":"auto","background-attachment":"scroll","background-type":"","background-media":"","overlay-type":"","overlay-color":"","overlay-opacity":"","overlay-gradient":""}},"ast-content-background-meta":{"desktop":{"background-color":"var(--ast-global-color-5)","background-image":"","background-repeat":"repeat","background-position":"center center","background-size":"auto","background-attachment":"scroll","background-type":"","background-media":"","overlay-type":"","overlay-color":"","overlay-opacity":"","overlay-gradient":""},"tablet":{"background-color":"var(--ast-global-color-5)","background-image":"","background-repeat":"repeat","background-position":"center center","background-size":"auto","background-attachment":"scroll","background-type":"","background-media":"","overlay-type":"","overlay-color":"","overlay-opacity":"","overlay-gradient":""},"mobile":{"background-color":"var(--ast-global-color-5)","background-image":"","background-repeat":"repeat","background-position":"center center","background-size":"auto","background-attachment":"scroll","background-type":"","background-media":"","overlay-type":"","overlay-color":"","overlay-opacity":"","overlay-gradient":""}}},"product_brand":[],"product_cat":[305,261,270,272],"product_tag":[237,233],"class_list":{"0":"post-11313","1":"product","2":"type-product","3":"status-publish","4":"has-post-thumbnail","6":"product_cat-cbd-es","7":"product_cat-flores-cbd","8":"product_cat-flores-cbd-baratas","9":"product_cat-small-bud-y-trim-flores-cbd","10":"product_tag-flores-cbd-baratas","11":"product_tag-outdoor-cbd-es","12":"pa_cbd-rate-0-a-10-cbd-es","13":"pa_kategorie-flores-de-cbd-baratas","14":"pa_kategorie-indoor-cbd-es","15":"pa_kategorie-small-buds-trim-es","16":"desktop-align-left","17":"tablet-align-center","18":"mobile-align-left","19":"ast-product-gallery-layout-vertical","20":"ast-magnify-disabled","21":"ast-product-single-variable","22":"ast-product-tabs-layout-horizontal","24":"first","25":"instock","26":"taxable","27":"shipping-taxable","28":"purchasable","29":"product-type-variable"},"yoast_head":"<!-- This site is optimized with the Yoast SEO Premium plugin v27.2 (Yoast SEO v27.4) - https:\/\/yoast.com\/product\/yoast-seo-premium-wordpress\/ -->\n<title>CBD Trim Indoor 7% desde 1- Flores CBD barato flores Blumiz<\/title>\n<meta name=\"description\" content=\"CBD trim desde 1,1\u20ac\/g - CBD barato flores de BlumizSorte Schokogeschmack....Entrega r\u00e1pida y discreta en Espa\u00f1a legal\" \/>\n<meta name=\"robots\" content=\"index, follow, max-snippet:-1, max-image-preview:large, max-video-preview:-1\" \/>\n<link rel=\"canonical\" href=\"https:\/\/blumiz.com\/es\/producto\/indoor-4\/\" \/>\n<meta property=\"og:locale\" content=\"es_ES\" \/>\n<meta property=\"og:type\" content=\"article\" \/>\n<meta property=\"og:title\" content=\"Trim CBD Indoor Mix - Flores CBD 7%.\" \/>\n<meta property=\"og:description\" content=\"Trim CBD Indoor Mix - Flores CBD 7%. Blumiz - Premium CBD\" \/>\n<meta property=\"og:url\" content=\"https:\/\/blumiz.com\/es\/producto\/indoor-4\/\" \/>\n<meta property=\"og:site_name\" content=\"Blumiz - Premium CBD\" \/>\n<meta property=\"article:modified_time\" content=\"2025-02-06T20:35:49+00:00\" \/>\n<meta property=\"og:image\" content=\"https:\/\/blumiz.com\/wp-content\/uploads\/2022\/09\/TRIM-CBD-blume-cbd-billig-DEUTSCHLAND.webp\" \/>\n\t<meta property=\"og:image:width\" content=\"600\" \/>\n\t<meta property=\"og:image:height\" content=\"600\" \/>\n\t<meta property=\"og:image:type\" content=\"image\/webp\" \/>\n<meta name=\"twitter:card\" content=\"summary_large_image\" \/>\n<meta name=\"twitter:label1\" content=\"Disponibilidad\" \/>\n\t<meta name=\"twitter:data1\" content=\"Disponible\" \/>\n<script type=\"application\/ld+json\" class=\"yoast-schema-graph\">{\"@context\":\"https:\\\/\\\/schema.org\",\"@graph\":[{\"@type\":\"WebPage\",\"@id\":\"https:\\\/\\\/blumiz.com\\\/es\\\/producto\\\/indoor-4\\\/\",\"url\":\"https:\\\/\\\/blumiz.com\\\/es\\\/producto\\\/indoor-4\\\/\",\"name\":\"CBD Trim Indoor 7% desde 1- Flores CBD barato flores Blumiz\",\"isPartOf\":{\"@id\":\"https:\\\/\\\/blumiz.com\\\/es\\\/#website\"},\"primaryImageOfPage\":{\"@id\":\"https:\\\/\\\/blumiz.com\\\/es\\\/producto\\\/indoor-4\\\/#primaryimage\"},\"image\":{\"@id\":\"https:\\\/\\\/blumiz.com\\\/es\\\/producto\\\/indoor-4\\\/#primaryimage\"},\"thumbnailUrl\":\"https:\\\/\\\/blumiz.com\\\/wp-content\\\/uploads\\\/2022\\\/09\\\/TRIM-CBD-blume-cbd-billig-DEUTSCHLAND.webp\",\"datePublished\":\"2022-09-19T07:13:43+00:00\",\"dateModified\":\"2025-02-06T20:35:49+00:00\",\"description\":\"CBD trim desde 1,1\u20ac\\\/g - CBD barato flores de BlumizSorte Schokogeschmack....Entrega r\u00e1pida y discreta en Espa\u00f1a legal\",\"breadcrumb\":{\"@id\":\"https:\\\/\\\/blumiz.com\\\/es\\\/producto\\\/indoor-4\\\/#breadcrumb\"},\"inLanguage\":\"es\",\"potentialAction\":[{\"@type\":\"ReadAction\",\"target\":[\"https:\\\/\\\/blumiz.com\\\/es\\\/producto\\\/indoor-4\\\/\"]}]},{\"@type\":\"ImageObject\",\"inLanguage\":\"es\",\"@id\":\"https:\\\/\\\/blumiz.com\\\/es\\\/producto\\\/indoor-4\\\/#primaryimage\",\"url\":\"https:\\\/\\\/blumiz.com\\\/wp-content\\\/uploads\\\/2022\\\/09\\\/TRIM-CBD-blume-cbd-billig-DEUTSCHLAND.webp\",\"contentUrl\":\"https:\\\/\\\/blumiz.com\\\/wp-content\\\/uploads\\\/2022\\\/09\\\/TRIM-CBD-blume-cbd-billig-DEUTSCHLAND.webp\",\"width\":600,\"height\":600},{\"@type\":\"BreadcrumbList\",\"@id\":\"https:\\\/\\\/blumiz.com\\\/es\\\/producto\\\/indoor-4\\\/#breadcrumb\",\"itemListElement\":[{\"@type\":\"ListItem\",\"position\":1,\"name\":\"Blumiz\",\"item\":\"https:\\\/\\\/blumiz.com\\\/es\\\/\"},{\"@type\":\"ListItem\",\"position\":2,\"name\":\"CBD Shop\",\"item\":\"https:\\\/\\\/blumiz.com\\\/es\\\/tienda\\\/\"},{\"@type\":\"ListItem\",\"position\":3,\"name\":\"Flores CBD\",\"item\":\"https:\\\/\\\/blumiz.com\\\/es\\\/category\\\/flores-cbd\\\/\"},{\"@type\":\"ListItem\",\"position\":4,\"name\":\"Trim CBD Indoor Mix &#8211; Flores CBD 7%.\"}]},{\"@type\":\"WebSite\",\"@id\":\"https:\\\/\\\/blumiz.com\\\/es\\\/#website\",\"url\":\"https:\\\/\\\/blumiz.com\\\/es\\\/\",\"name\":\"Blumiz - Premium CBD\",\"description\":\"Un CBD al mejor precio y de calidad superior\",\"publisher\":{\"@id\":\"https:\\\/\\\/blumiz.com\\\/es\\\/#organization\"},\"alternateName\":\"Blumiz\",\"potentialAction\":[{\"@type\":\"SearchAction\",\"target\":{\"@type\":\"EntryPoint\",\"urlTemplate\":\"https:\\\/\\\/blumiz.com\\\/es\\\/?s={search_term_string}\"},\"query-input\":{\"@type\":\"PropertyValueSpecification\",\"valueRequired\":true,\"valueName\":\"search_term_string\"}}],\"inLanguage\":\"es\"},{\"@type\":\"Organization\",\"@id\":\"https:\\\/\\\/blumiz.com\\\/es\\\/#organization\",\"name\":\"Blumiz CBD\",\"alternateName\":\"Blumiz\",\"url\":\"https:\\\/\\\/blumiz.com\\\/es\\\/\",\"logo\":{\"@type\":\"ImageObject\",\"inLanguage\":\"es\",\"@id\":\"https:\\\/\\\/blumiz.com\\\/es\\\/#\\\/schema\\\/logo\\\/image\\\/\",\"url\":\"https:\\\/\\\/blumiz.com\\\/wp-content\\\/uploads\\\/2026\\\/02\\\/cropped-Blumiz-CBD-logo.webp\",\"contentUrl\":\"https:\\\/\\\/blumiz.com\\\/wp-content\\\/uploads\\\/2026\\\/02\\\/cropped-Blumiz-CBD-logo.webp\",\"width\":2547,\"height\":778,\"caption\":\"Blumiz CBD\"},\"image\":{\"@id\":\"https:\\\/\\\/blumiz.com\\\/es\\\/#\\\/schema\\\/logo\\\/image\\\/\"}}]}<\/script>\n<meta property=\"og:availability\" content=\"instock\" \/>\n<meta property=\"product:availability\" content=\"instock\" \/>\n<meta property=\"product:retailer_item_id\" content=\"2188581\" \/>\n<meta property=\"product:condition\" content=\"new\" \/>\n<!-- \/ Yoast SEO Premium plugin. -->","yoast_head_json":{"title":"CBD Trim Indoor 7% desde 1- Flores CBD barato flores Blumiz","description":"CBD trim desde 1,1\u20ac\/g - CBD barato flores de BlumizSorte Schokogeschmack....Entrega r\u00e1pida y discreta en Espa\u00f1a legal","robots":{"index":"index","follow":"follow","max-snippet":"max-snippet:-1","max-image-preview":"max-image-preview:large","max-video-preview":"max-video-preview:-1"},"canonical":"https:\/\/blumiz.com\/es\/producto\/indoor-4\/","og_locale":"es_ES","og_type":"article","og_title":"Trim CBD Indoor Mix - Flores CBD 7%.","og_description":"Trim CBD Indoor Mix - Flores CBD 7%. Blumiz - Premium CBD","og_url":"https:\/\/blumiz.com\/es\/producto\/indoor-4\/","og_site_name":"Blumiz - Premium CBD","article_modified_time":"2025-02-06T20:35:49+00:00","og_image":[{"width":600,"height":600,"url":"https:\/\/blumiz.com\/wp-content\/uploads\/2022\/09\/TRIM-CBD-blume-cbd-billig-DEUTSCHLAND.webp","type":"image\/webp"}],"twitter_card":"summary_large_image","twitter_misc":{"Disponibilidad":"Disponible"},"schema":{"@context":"https:\/\/schema.org","@graph":[{"@type":"WebPage","@id":"https:\/\/blumiz.com\/es\/producto\/indoor-4\/","url":"https:\/\/blumiz.com\/es\/producto\/indoor-4\/","name":"CBD Trim Indoor 7% desde 1- Flores CBD barato flores Blumiz","isPartOf":{"@id":"https:\/\/blumiz.com\/es\/#website"},"primaryImageOfPage":{"@id":"https:\/\/blumiz.com\/es\/producto\/indoor-4\/#primaryimage"},"image":{"@id":"https:\/\/blumiz.com\/es\/producto\/indoor-4\/#primaryimage"},"thumbnailUrl":"https:\/\/blumiz.com\/wp-content\/uploads\/2022\/09\/TRIM-CBD-blume-cbd-billig-DEUTSCHLAND.webp","datePublished":"2022-09-19T07:13:43+00:00","dateModified":"2025-02-06T20:35:49+00:00","description":"CBD trim desde 1,1\u20ac\/g - CBD barato flores de BlumizSorte Schokogeschmack....Entrega r\u00e1pida y discreta en Espa\u00f1a legal","breadcrumb":{"@id":"https:\/\/blumiz.com\/es\/producto\/indoor-4\/#breadcrumb"},"inLanguage":"es","potentialAction":[{"@type":"ReadAction","target":["https:\/\/blumiz.com\/es\/producto\/indoor-4\/"]}]},{"@type":"ImageObject","inLanguage":"es","@id":"https:\/\/blumiz.com\/es\/producto\/indoor-4\/#primaryimage","url":"https:\/\/blumiz.com\/wp-content\/uploads\/2022\/09\/TRIM-CBD-blume-cbd-billig-DEUTSCHLAND.webp","contentUrl":"https:\/\/blumiz.com\/wp-content\/uploads\/2022\/09\/TRIM-CBD-blume-cbd-billig-DEUTSCHLAND.webp","width":600,"height":600},{"@type":"BreadcrumbList","@id":"https:\/\/blumiz.com\/es\/producto\/indoor-4\/#breadcrumb","itemListElement":[{"@type":"ListItem","position":1,"name":"Blumiz","item":"https:\/\/blumiz.com\/es\/"},{"@type":"ListItem","position":2,"name":"CBD Shop","item":"https:\/\/blumiz.com\/es\/tienda\/"},{"@type":"ListItem","position":3,"name":"Flores CBD","item":"https:\/\/blumiz.com\/es\/category\/flores-cbd\/"},{"@type":"ListItem","position":4,"name":"Trim CBD Indoor Mix &#8211; Flores CBD 7%."}]},{"@type":"WebSite","@id":"https:\/\/blumiz.com\/es\/#website","url":"https:\/\/blumiz.com\/es\/","name":"Blumiz - Premium CBD","description":"Un CBD al mejor precio y de calidad superior","publisher":{"@id":"https:\/\/blumiz.com\/es\/#organization"},"alternateName":"Blumiz","potentialAction":[{"@type":"SearchAction","target":{"@type":"EntryPoint","urlTemplate":"https:\/\/blumiz.com\/es\/?s={search_term_string}"},"query-input":{"@type":"PropertyValueSpecification","valueRequired":true,"valueName":"search_term_string"}}],"inLanguage":"es"},{"@type":"Organization","@id":"https:\/\/blumiz.com\/es\/#organization","name":"Blumiz CBD","alternateName":"Blumiz","url":"https:\/\/blumiz.com\/es\/","logo":{"@type":"ImageObject","inLanguage":"es","@id":"https:\/\/blumiz.com\/es\/#\/schema\/logo\/image\/","url":"https:\/\/blumiz.com\/wp-content\/uploads\/2026\/02\/cropped-Blumiz-CBD-logo.webp","contentUrl":"https:\/\/blumiz.com\/wp-content\/uploads\/2026\/02\/cropped-Blumiz-CBD-logo.webp","width":2547,"height":778,"caption":"Blumiz CBD"},"image":{"@id":"https:\/\/blumiz.com\/es\/#\/schema\/logo\/image\/"}}]},"og_availability":"instock","product_availability":"instock","product_retailer_item_id":"2188581","product_condition":"new"},"_links":{"self":[{"href":"https:\/\/blumiz.com\/es\/wp-json\/wp\/v2\/product\/11313","targetHints":{"allow":["GET"]}}],"collection":[{"href":"https:\/\/blumiz.com\/es\/wp-json\/wp\/v2\/product"}],"about":[{"href":"https:\/\/blumiz.com\/es\/wp-json\/wp\/v2\/types\/product"}],"replies":[{"embeddable":true,"href":"https:\/\/blumiz.com\/es\/wp-json\/wp\/v2\/comments?post=11313"}],"version-history":[{"count":0,"href":"https:\/\/blumiz.com\/es\/wp-json\/wp\/v2\/product\/11313\/revisions"}],"wp:featuredmedia":[{"embeddable":true,"href":"https:\/\/blumiz.com\/es\/wp-json\/wp\/v2\/media\/10602"}],"wp:attachment":[{"href":"https:\/\/blumiz.com\/es\/wp-json\/wp\/v2\/media?parent=11313"}],"wp:term":[{"taxonomy":"product_brand","embeddable":true,"href":"https:\/\/blumiz.com\/es\/wp-json\/wp\/v2\/product_brand?post=11313"},{"taxonomy":"product_cat","embeddable":true,"href":"https:\/\/blumiz.com\/es\/wp-json\/wp\/v2\/product_cat?post=11313"},{"taxonomy":"product_tag","embeddable":true,"href":"https:\/\/blumiz.com\/es\/wp-json\/wp\/v2\/product_tag?post=11313"}],"curies":[{"name":"wp","href":"https:\/\/api.w.org\/{rel}","templated":true}]}}