{"id":11318,"date":"2020-09-06T06:49:19","date_gmt":"2020-09-06T05:49:19","guid":{"rendered":"https:\/\/blumiz.com\/produkt\/afgano-hash-hoja-de-oro-25\/"},"modified":"2025-02-11T13:03:13","modified_gmt":"2025-02-11T12:03:13","slug":"oro-cbd-hash-afgano-25","status":"publish","type":"product","link":"https:\/\/blumiz.com\/es\/producto\/oro-cbd-hash-afgano-25\/","title":{"rendered":"Afgano Hash Hoja de Oro 25%"},"content":{"rendered":"<h2><span style=\"color: #107d85;\">Hachis CBD Afgano Gold Leaf 25% (hoja de oro)<\/span><\/h2>\n<h4><span style=\"color: #ff6600;\">Blumiz presenta CBD 25% AFGANO HASH con l\u00e1mina de oro de 24 quilates<\/span><\/h4>\n<p>La peculiaridad de CBD Afgano Hash Gold Leaf es la simplicidad de su m\u00e9todo de fabricaci\u00f3n de la planta para la producci\u00f3n ancestral de hach\u00eds mediante la adici\u00f3n de una hoja de oro.<br \/>\nEncontramos aromas fuertes e intensos en la afgana, con sabores a pimienta y especias combinados con un gusto ligeramente terroso.<\/p>\n<h4><span style=\"color: #ff6600;\">\u00bfQu\u00e9 es el CBD Afgano Hash Gold Leaf?<\/span><\/h4>\n<p>Origen.<br \/>\nEl Afgano Hash se cultiva principalmente en las monta\u00f1as de las regiones septentrionales del Hindu Kush, donde se cultivan las mejores variedades de cannabis afgano.<br \/>\nLa cultura.<br \/>\nEn Europa, y especialmente en Italia, los afganos act\u00faan hoy.<br \/>\nOutdoor<\/p>\n<p>La resina afgana es el \u00fanico tipo de hach\u00eds que se obtiene de la marihuana a\u00fan fresca, frotando la parte inferior de los cogollos. Las plantas de las que se obtiene la resina pueden cultivarse tanto en exterior ( ) como en invernadero (invernadero), cumpliendo la normativa ecol\u00f3gica. aspecto. Por su aspecto, el hach\u00eds afgano tiene una textura suave y grasienta de color negro.<\/p>\n<p>Blumiz te ofrece una crema de hach\u00eds. Sabor. El Hach\u00eds Afgano tiene un aroma t\u00edpico, encontramos olores intensos, fuertes y envolventes con notas picantes y mezclados con olores penetrantes de pimienta, tierra y maderas. <\/p>\n<p><a href=\"https:\/\/blumiz.com\/producto\/afgan-hash-cbd-30\/\">Tambi\u00e9n ofrecemos esta versi\u00f3n de hach\u00eds afgano sin l\u00e1mina de oro<\/a> en versi\u00f3n cl\u00e1sica.<\/p>\n<h4><span style=\"color: #ff6600;\">\u00bfC\u00f3mo consumir CBD Afgano Hash Gold Leaf de Blumiz?<\/span><\/h4>\n<p>Se puede consumir resina de pan de oro afgana de diferentes maneras.<br \/>\nAlgunas personas prefieren mezclarlo con tabaco. Sin embargo, Blumiz desaconseja esta forma de administraci\u00f3n, que sigue siendo perjudicial para la salud, sobre todo a causa del tabaco y el tabaco.<br \/>\nEn su lugar, te aconsejamos que consumas Hach\u00eds Afgano por vaporizaci\u00f3n, un m\u00e9todo m\u00e1s sano que te permite disfrutar de todos sus beneficios. \u00bfCu\u00e1les son los beneficios de la resina de hoja de oro Blumiz Hach\u00eds Afgano?  El hach\u00eds afgano con pan de oro tiene muchos beneficios para el organismo y te ayudar\u00e1 a aliviar el estr\u00e9s y la ansiedad. <\/p>\n<p>Pero eso no es todo. Tanto el CBD como el CBG de esta resina afgana (cannabigerol) tendr\u00edan una influencia interesante sobre el dolor y la inflamaci\u00f3n. La resina tambi\u00e9n fomentar\u00eda la lucha contra la adicci\u00f3n.<\/p>\n<h4><span style=\"color: #ff6600;\">Descubre tambi\u00e9n nuestra <a style=\"color: #ff6600;\" href=\"\/?product_cat=cbd-blueten\">CBD Flower Shop<\/a> para completar tu hach\u00eds<\/span><\/h4>\n<p>Flores CBD est\u00e1n disponibles en diferentes sabores y concentraciones de CBD. Nuestras flores de CBD se someten a estrictos criterios externos de calidad. Se venden como materias primas y no contienen aditivos qu\u00edmicos ni impurezas.<\/p>\n<p>Descubre nuestros <a href=\"https:\/\/blumiz.com\/es\/category\/headshop-es\/\">productos y accesorios Headshop<\/a> para disfrutar de tus variedades favoritas<\/p>\n<h4><span style=\"color: #ff6600;\">Hacer un pedido a Blumiz significa:<\/span><\/h4>\n<p>&#8211; Entrega r\u00e1pida, discreta e inodora<br \/>\n&#8211; Productos de calidad y certificados por laboratorios<br \/>\n&#8211; Precios inmejorables, ya que fabricamos nuestros productos nosotros mismos<\/p>\n<p>Descubra tambi\u00e9n aqu\u00ed nuestras <a href=\"\/?product_cat=cbd-blueten\">Flores CBD<\/a><\/p>\n<p>Una pregunta, \u00bfnecesitas ayuda?  <a href=\"https:\/\/blumiz.com\/hilfe-und-faqs\/\">Haga clic aqu\u00ed para descubrir nuestro centro de ayuda.<\/a><\/p>\n","protected":false},"excerpt":{"rendered":"<h4><span style=\"color: #107d85;\">Hachis CBD Afgano Gold Leaf 25% (hoja de oro)<\/span><\/h4>\n<p>La Afgano 25% CBD con l\u00e1mina de oro es sin duda una de las resinas m\u00e1s legendarias del cannabis legal<\/p>\n<p>Una t\u00e9cnica cultural ancestral para hacer hach\u00eds afgano con la adici\u00f3n de pan de oro de 24 quilates.<\/p>\n","protected":false},"featured_media":10429,"comment_status":"open","ping_status":"closed","template":"","meta":{"site-sidebar-layout":"default","site-content-layout":"default","ast-site-content-layout":"default","site-content-style":"default","site-sidebar-style":"default","ast-global-header-display":"","ast-banner-title-visibility":"","ast-main-header-display":"","ast-hfb-above-header-display":"","ast-hfb-below-header-display":"","ast-hfb-mobile-header-display":"","site-post-title":"","ast-breadcrumbs-content":"","ast-featured-img":"","footer-sml-layout":"","ast-disable-related-posts":"","theme-transparent-header-meta":"default","adv-header-id-meta":"","stick-header-meta":"default","header-above-stick-meta":"","header-main-stick-meta":"","header-below-stick-meta":"","astra-migrate-meta-layouts":"default","ast-page-background-enabled":"default","ast-page-background-meta":{"desktop":{"background-color":"","background-image":"","background-repeat":"repeat","background-position":"center center","background-size":"auto","background-attachment":"scroll","background-type":"","background-media":"","overlay-type":"","overlay-color":"","overlay-opacity":"","overlay-gradient":""},"tablet":{"background-color":"","background-image":"","background-repeat":"repeat","background-position":"center center","background-size":"auto","background-attachment":"scroll","background-type":"","background-media":"","overlay-type":"","overlay-color":"","overlay-opacity":"","overlay-gradient":""},"mobile":{"background-color":"","background-image":"","background-repeat":"repeat","background-position":"center center","background-size":"auto","background-attachment":"scroll","background-type":"","background-media":"","overlay-type":"","overlay-color":"","overlay-opacity":"","overlay-gradient":""}},"ast-content-background-meta":{"desktop":{"background-color":"var(--ast-global-color-5)","background-image":"","background-repeat":"repeat","background-position":"center center","background-size":"auto","background-attachment":"scroll","background-type":"","background-media":"","overlay-type":"","overlay-color":"","overlay-opacity":"","overlay-gradient":""},"tablet":{"background-color":"var(--ast-global-color-5)","background-image":"","background-repeat":"repeat","background-position":"center center","background-size":"auto","background-attachment":"scroll","background-type":"","background-media":"","overlay-type":"","overlay-color":"","overlay-opacity":"","overlay-gradient":""},"mobile":{"background-color":"var(--ast-global-color-5)","background-image":"","background-repeat":"repeat","background-position":"center center","background-size":"auto","background-attachment":"scroll","background-type":"","background-media":"","overlay-type":"","overlay-color":"","overlay-opacity":"","overlay-gradient":""}}},"product_brand":[],"product_cat":[305,266,262],"product_tag":[237,236],"class_list":{"0":"post-11318","1":"product","2":"type-product","3":"status-publish","4":"has-post-thumbnail","6":"product_cat-cbd-es","7":"product_cat-hachis-cbd","8":"product_cat-hachis-y-concentrados","9":"product_tag-flores-cbd-baratas","10":"product_tag-poderosas-flores-de-cbd","11":"pa_cbd-rate-mas-del-20-de-cbd","12":"pa_kategorie-greenhouse-cbd-es","13":"desktop-align-left","14":"tablet-align-center","15":"mobile-align-left","16":"ast-product-gallery-layout-vertical","17":"ast-product-gallery-with-no-image","18":"ast-magnify-disabled","19":"ast-product-single-variable","20":"ast-product-tabs-layout-horizontal","22":"first","23":"instock","24":"taxable","25":"shipping-taxable","26":"purchasable","27":"product-type-variable"},"yoast_head":"<!-- This site is optimized with the Yoast SEO Premium plugin v27.2 (Yoast SEO v27.4) - https:\/\/yoast.com\/product\/yoast-seo-premium-wordpress\/ -->\n<title>Gold Hachis CBDAfgano 25% a partir de 3,5\u20ac\/g- hach\u00eds con l\u00e1mina de oro .de<\/title>\n<meta name=\"description\" content=\"Gold Hachis CBDAfgano 25% desde 3,5\u20ac\/g Un potente y sabroso Hash Afgano de CBD recubierto de una l\u00e1mina de oro. Hachis CBDlegal en Espa\u00f1a Premium\" \/>\n<meta name=\"robots\" content=\"index, follow, max-snippet:-1, max-image-preview:large, max-video-preview:-1\" \/>\n<link rel=\"canonical\" href=\"https:\/\/blumiz.com\/es\/producto\/oro-cbd-hash-afgano-25\/\" \/>\n<meta property=\"og:locale\" content=\"es_ES\" \/>\n<meta property=\"og:type\" content=\"article\" \/>\n<meta property=\"og:title\" content=\"Afgano Hash Hoja de Oro 25%\" \/>\n<meta property=\"og:description\" content=\"Afgano Hash Hoja de Oro 25% Blumiz - Premium CBD\" \/>\n<meta property=\"og:url\" content=\"https:\/\/blumiz.com\/es\/producto\/oro-cbd-hash-afgano-25\/\" \/>\n<meta property=\"og:site_name\" content=\"Blumiz - Premium CBD\" \/>\n<meta property=\"article:modified_time\" content=\"2025-02-11T12:03:13+00:00\" \/>\n<meta property=\"og:image\" content=\"https:\/\/blumiz.com\/wp-content\/uploads\/2022\/09\/Gold-afgano-blumiz-hash-1.webp\" \/>\n\t<meta property=\"og:image:width\" content=\"600\" \/>\n\t<meta property=\"og:image:height\" content=\"600\" \/>\n\t<meta property=\"og:image:type\" content=\"image\/webp\" \/>\n<meta name=\"twitter:card\" content=\"summary_large_image\" \/>\n<meta name=\"twitter:label1\" content=\"Disponibilidad\" \/>\n\t<meta name=\"twitter:data1\" content=\"Disponible\" \/>\n<script type=\"application\/ld+json\" class=\"yoast-schema-graph\">{\"@context\":\"https:\\\/\\\/schema.org\",\"@graph\":[{\"@type\":\"WebPage\",\"@id\":\"https:\\\/\\\/blumiz.com\\\/es\\\/producto\\\/oro-cbd-hash-afgano-25\\\/\",\"url\":\"https:\\\/\\\/blumiz.com\\\/es\\\/producto\\\/oro-cbd-hash-afgano-25\\\/\",\"name\":\"Gold Hachis CBDAfgano 25% a partir de 3,5\u20ac\\\/g- hach\u00eds con l\u00e1mina de oro .de\",\"isPartOf\":{\"@id\":\"https:\\\/\\\/blumiz.com\\\/es\\\/#website\"},\"primaryImageOfPage\":{\"@id\":\"https:\\\/\\\/blumiz.com\\\/es\\\/producto\\\/oro-cbd-hash-afgano-25\\\/#primaryimage\"},\"image\":{\"@id\":\"https:\\\/\\\/blumiz.com\\\/es\\\/producto\\\/oro-cbd-hash-afgano-25\\\/#primaryimage\"},\"thumbnailUrl\":\"https:\\\/\\\/blumiz.com\\\/wp-content\\\/uploads\\\/2022\\\/09\\\/Gold-afgano-blumiz-hash-1.webp\",\"datePublished\":\"2020-09-06T05:49:19+00:00\",\"dateModified\":\"2025-02-11T12:03:13+00:00\",\"description\":\"Gold Hachis CBDAfgano 25% desde 3,5\u20ac\\\/g Un potente y sabroso Hash Afgano de CBD recubierto de una l\u00e1mina de oro. Hachis CBDlegal en Espa\u00f1a Premium\",\"breadcrumb\":{\"@id\":\"https:\\\/\\\/blumiz.com\\\/es\\\/producto\\\/oro-cbd-hash-afgano-25\\\/#breadcrumb\"},\"inLanguage\":\"es\",\"potentialAction\":[{\"@type\":\"ReadAction\",\"target\":[\"https:\\\/\\\/blumiz.com\\\/es\\\/producto\\\/oro-cbd-hash-afgano-25\\\/\"]}]},{\"@type\":\"ImageObject\",\"inLanguage\":\"es\",\"@id\":\"https:\\\/\\\/blumiz.com\\\/es\\\/producto\\\/oro-cbd-hash-afgano-25\\\/#primaryimage\",\"url\":\"https:\\\/\\\/blumiz.com\\\/wp-content\\\/uploads\\\/2022\\\/09\\\/Gold-afgano-blumiz-hash-1.webp\",\"contentUrl\":\"https:\\\/\\\/blumiz.com\\\/wp-content\\\/uploads\\\/2022\\\/09\\\/Gold-afgano-blumiz-hash-1.webp\",\"width\":600,\"height\":600},{\"@type\":\"BreadcrumbList\",\"@id\":\"https:\\\/\\\/blumiz.com\\\/es\\\/producto\\\/oro-cbd-hash-afgano-25\\\/#breadcrumb\",\"itemListElement\":[{\"@type\":\"ListItem\",\"position\":1,\"name\":\"Blumiz\",\"item\":\"https:\\\/\\\/blumiz.com\\\/es\\\/\"},{\"@type\":\"ListItem\",\"position\":2,\"name\":\"CBD Shop\",\"item\":\"https:\\\/\\\/blumiz.com\\\/es\\\/tienda\\\/\"},{\"@type\":\"ListItem\",\"position\":3,\"name\":\"Hachis y concentrados\",\"item\":\"https:\\\/\\\/blumiz.com\\\/es\\\/category\\\/hachis-y-concentrados\\\/\"},{\"@type\":\"ListItem\",\"position\":4,\"name\":\"Afgano Hash Hoja de Oro 25%\"}]},{\"@type\":\"WebSite\",\"@id\":\"https:\\\/\\\/blumiz.com\\\/es\\\/#website\",\"url\":\"https:\\\/\\\/blumiz.com\\\/es\\\/\",\"name\":\"Blumiz - Premium CBD\",\"description\":\"Un CBD al mejor precio y de calidad superior\",\"publisher\":{\"@id\":\"https:\\\/\\\/blumiz.com\\\/es\\\/#organization\"},\"alternateName\":\"Blumiz\",\"potentialAction\":[{\"@type\":\"SearchAction\",\"target\":{\"@type\":\"EntryPoint\",\"urlTemplate\":\"https:\\\/\\\/blumiz.com\\\/es\\\/?s={search_term_string}\"},\"query-input\":{\"@type\":\"PropertyValueSpecification\",\"valueRequired\":true,\"valueName\":\"search_term_string\"}}],\"inLanguage\":\"es\"},{\"@type\":\"Organization\",\"@id\":\"https:\\\/\\\/blumiz.com\\\/es\\\/#organization\",\"name\":\"Blumiz CBD\",\"alternateName\":\"Blumiz\",\"url\":\"https:\\\/\\\/blumiz.com\\\/es\\\/\",\"logo\":{\"@type\":\"ImageObject\",\"inLanguage\":\"es\",\"@id\":\"https:\\\/\\\/blumiz.com\\\/es\\\/#\\\/schema\\\/logo\\\/image\\\/\",\"url\":\"https:\\\/\\\/blumiz.com\\\/wp-content\\\/uploads\\\/2026\\\/02\\\/cropped-Blumiz-CBD-logo.webp\",\"contentUrl\":\"https:\\\/\\\/blumiz.com\\\/wp-content\\\/uploads\\\/2026\\\/02\\\/cropped-Blumiz-CBD-logo.webp\",\"width\":2547,\"height\":778,\"caption\":\"Blumiz CBD\"},\"image\":{\"@id\":\"https:\\\/\\\/blumiz.com\\\/es\\\/#\\\/schema\\\/logo\\\/image\\\/\"}}]}<\/script>\n<meta property=\"og:availability\" content=\"instock\" \/>\n<meta property=\"product:availability\" content=\"instock\" \/>\n<meta property=\"product:retailer_item_id\" content=\"35881\" \/>\n<meta property=\"product:condition\" content=\"new\" \/>\n<!-- \/ Yoast SEO Premium plugin. -->","yoast_head_json":{"title":"Gold Hachis CBDAfgano 25% a partir de 3,5\u20ac\/g- hach\u00eds con l\u00e1mina de oro .de","description":"Gold Hachis CBDAfgano 25% desde 3,5\u20ac\/g Un potente y sabroso Hash Afgano de CBD recubierto de una l\u00e1mina de oro. Hachis CBDlegal en Espa\u00f1a Premium","robots":{"index":"index","follow":"follow","max-snippet":"max-snippet:-1","max-image-preview":"max-image-preview:large","max-video-preview":"max-video-preview:-1"},"canonical":"https:\/\/blumiz.com\/es\/producto\/oro-cbd-hash-afgano-25\/","og_locale":"es_ES","og_type":"article","og_title":"Afgano Hash Hoja de Oro 25%","og_description":"Afgano Hash Hoja de Oro 25% Blumiz - Premium CBD","og_url":"https:\/\/blumiz.com\/es\/producto\/oro-cbd-hash-afgano-25\/","og_site_name":"Blumiz - Premium CBD","article_modified_time":"2025-02-11T12:03:13+00:00","og_image":[{"width":600,"height":600,"url":"https:\/\/blumiz.com\/wp-content\/uploads\/2022\/09\/Gold-afgano-blumiz-hash-1.webp","type":"image\/webp"}],"twitter_card":"summary_large_image","twitter_misc":{"Disponibilidad":"Disponible"},"schema":{"@context":"https:\/\/schema.org","@graph":[{"@type":"WebPage","@id":"https:\/\/blumiz.com\/es\/producto\/oro-cbd-hash-afgano-25\/","url":"https:\/\/blumiz.com\/es\/producto\/oro-cbd-hash-afgano-25\/","name":"Gold Hachis CBDAfgano 25% a partir de 3,5\u20ac\/g- hach\u00eds con l\u00e1mina de oro .de","isPartOf":{"@id":"https:\/\/blumiz.com\/es\/#website"},"primaryImageOfPage":{"@id":"https:\/\/blumiz.com\/es\/producto\/oro-cbd-hash-afgano-25\/#primaryimage"},"image":{"@id":"https:\/\/blumiz.com\/es\/producto\/oro-cbd-hash-afgano-25\/#primaryimage"},"thumbnailUrl":"https:\/\/blumiz.com\/wp-content\/uploads\/2022\/09\/Gold-afgano-blumiz-hash-1.webp","datePublished":"2020-09-06T05:49:19+00:00","dateModified":"2025-02-11T12:03:13+00:00","description":"Gold Hachis CBDAfgano 25% desde 3,5\u20ac\/g Un potente y sabroso Hash Afgano de CBD recubierto de una l\u00e1mina de oro. Hachis CBDlegal en Espa\u00f1a Premium","breadcrumb":{"@id":"https:\/\/blumiz.com\/es\/producto\/oro-cbd-hash-afgano-25\/#breadcrumb"},"inLanguage":"es","potentialAction":[{"@type":"ReadAction","target":["https:\/\/blumiz.com\/es\/producto\/oro-cbd-hash-afgano-25\/"]}]},{"@type":"ImageObject","inLanguage":"es","@id":"https:\/\/blumiz.com\/es\/producto\/oro-cbd-hash-afgano-25\/#primaryimage","url":"https:\/\/blumiz.com\/wp-content\/uploads\/2022\/09\/Gold-afgano-blumiz-hash-1.webp","contentUrl":"https:\/\/blumiz.com\/wp-content\/uploads\/2022\/09\/Gold-afgano-blumiz-hash-1.webp","width":600,"height":600},{"@type":"BreadcrumbList","@id":"https:\/\/blumiz.com\/es\/producto\/oro-cbd-hash-afgano-25\/#breadcrumb","itemListElement":[{"@type":"ListItem","position":1,"name":"Blumiz","item":"https:\/\/blumiz.com\/es\/"},{"@type":"ListItem","position":2,"name":"CBD Shop","item":"https:\/\/blumiz.com\/es\/tienda\/"},{"@type":"ListItem","position":3,"name":"Hachis y concentrados","item":"https:\/\/blumiz.com\/es\/category\/hachis-y-concentrados\/"},{"@type":"ListItem","position":4,"name":"Afgano Hash Hoja de Oro 25%"}]},{"@type":"WebSite","@id":"https:\/\/blumiz.com\/es\/#website","url":"https:\/\/blumiz.com\/es\/","name":"Blumiz - Premium CBD","description":"Un CBD al mejor precio y de calidad superior","publisher":{"@id":"https:\/\/blumiz.com\/es\/#organization"},"alternateName":"Blumiz","potentialAction":[{"@type":"SearchAction","target":{"@type":"EntryPoint","urlTemplate":"https:\/\/blumiz.com\/es\/?s={search_term_string}"},"query-input":{"@type":"PropertyValueSpecification","valueRequired":true,"valueName":"search_term_string"}}],"inLanguage":"es"},{"@type":"Organization","@id":"https:\/\/blumiz.com\/es\/#organization","name":"Blumiz CBD","alternateName":"Blumiz","url":"https:\/\/blumiz.com\/es\/","logo":{"@type":"ImageObject","inLanguage":"es","@id":"https:\/\/blumiz.com\/es\/#\/schema\/logo\/image\/","url":"https:\/\/blumiz.com\/wp-content\/uploads\/2026\/02\/cropped-Blumiz-CBD-logo.webp","contentUrl":"https:\/\/blumiz.com\/wp-content\/uploads\/2026\/02\/cropped-Blumiz-CBD-logo.webp","width":2547,"height":778,"caption":"Blumiz CBD"},"image":{"@id":"https:\/\/blumiz.com\/es\/#\/schema\/logo\/image\/"}}]},"og_availability":"instock","product_availability":"instock","product_retailer_item_id":"35881","product_condition":"new"},"_links":{"self":[{"href":"https:\/\/blumiz.com\/es\/wp-json\/wp\/v2\/product\/11318","targetHints":{"allow":["GET"]}}],"collection":[{"href":"https:\/\/blumiz.com\/es\/wp-json\/wp\/v2\/product"}],"about":[{"href":"https:\/\/blumiz.com\/es\/wp-json\/wp\/v2\/types\/product"}],"replies":[{"embeddable":true,"href":"https:\/\/blumiz.com\/es\/wp-json\/wp\/v2\/comments?post=11318"}],"version-history":[{"count":0,"href":"https:\/\/blumiz.com\/es\/wp-json\/wp\/v2\/product\/11318\/revisions"}],"wp:featuredmedia":[{"embeddable":true,"href":"https:\/\/blumiz.com\/es\/wp-json\/wp\/v2\/media\/10429"}],"wp:attachment":[{"href":"https:\/\/blumiz.com\/es\/wp-json\/wp\/v2\/media?parent=11318"}],"wp:term":[{"taxonomy":"product_brand","embeddable":true,"href":"https:\/\/blumiz.com\/es\/wp-json\/wp\/v2\/product_brand?post=11318"},{"taxonomy":"product_cat","embeddable":true,"href":"https:\/\/blumiz.com\/es\/wp-json\/wp\/v2\/product_cat?post=11318"},{"taxonomy":"product_tag","embeddable":true,"href":"https:\/\/blumiz.com\/es\/wp-json\/wp\/v2\/product_tag?post=11318"}],"curies":[{"name":"wp","href":"https:\/\/api.w.org\/{rel}","templated":true}]}}