{"id":11320,"date":"2020-05-28T17:06:34","date_gmt":"2020-05-28T17:06:34","guid":{"rendered":"https:\/\/blumiz.com\/produkt\/pur-cbn-extrakt-94-cbn-herdol\/"},"modified":"2025-10-07T09:59:51","modified_gmt":"2025-10-07T08:59:51","slug":"pur-cbn-extract-94-cbn-herdol","status":"publish","type":"product","link":"https:\/\/blumiz.com\/es\/producto\/pur-cbn-extract-94-cbn-herdol\/","title":{"rendered":"PUR-CBN-EXTRAKT 94 % CBN herdol"},"content":{"rendered":"<h2>DESCRIPCI\u00d3N<\/h2>\n<p>El aislado de CBN (cannabinol) es un cannabinoide, como el CBD, que ha sido aislado y extra\u00eddo de los cogollos de c\u00e1\u00f1amo de la planta de cannabis. El aislado de CBN es la forma m\u00e1s pura de CBN que encontrar\u00e1s, con un 94 % de CBG y trazas indetectables de otros cannabinoides presentes en la planta de c\u00e1\u00f1amo. De color blanquecino y completamente inodoro, el aislado es la forma m\u00e1s pura de un cannabinoide. El aislado obtenido mediante varios procesos complejos no es otra cosa que la mol\u00e9cula cristalizada. Este aislado de CBN es muy especial porque el cannabinol (CBN) es un cannabinoide poco com\u00fan: menos del 1% en las flores. El CBN es, por tanto, una sustancia cara de extraer. Sin embargo, es un cannabinoide potencialmente lleno de virtudes. Ser\u00eda un excelente antiinflamatorio, as\u00ed como un ansiol\u00edtico natural. Este producto se dirige a los consumidores que desean aprovechar al m\u00e1ximo los beneficios potenciales del CBN. De hecho, ning\u00fan otro producto puede ofrecer tal nivel de pureza y concentraci\u00f3n.<\/p>\n<h2>Impacto<\/h2>\n<ul>\n<li>Facilita la conciliaci\u00f3n del sue\u00f1o<\/li>\n<li>Estimula el apetito, ideal para el tratamiento de la anorexia<\/li>\n<li>Ayuda contra las n\u00e1useas<\/li>\n<li>Sustituye a los antibi\u00f3ticos y act\u00faa contra las bacterias resistentes<\/li>\n<li>fuertes efectos analg\u00e9sicos que alivian el dolor<\/li>\n<li>Antiinflamatorio<\/li>\n<li>eficaz contra el asma<\/li>\n<li>Contrarresta la presi\u00f3n ocular y alivia a los pacientes con glaucoma<\/li>\n<li>efecto calmante de los calambres<\/li>\n<li>retrasa la aparici\u00f3n de enfermedades neurodegenerativas<\/li>\n<li>Controla el crecimiento de las c\u00e9lulas cut\u00e1neas e interviene en el tratamiento de quemaduras, psoriasis, etc.<\/li>\n<\/ul>\n<h2>CONSEJOS DE APLICACI\u00d3N<\/h2>\n<p>Para ingesta sublingual: dejar que se funda bajo la lengua y esperar 30 segundos antes de tragar.<br \/>\nEn diluci\u00f3n: A\u00f1adir unos pocos cristales en una sustancia grasa (aceite de cocina, aceite de oliva, aguacate, aceite de palma) y utilizar por absorci\u00f3n sublingual o en otro alimento de su elecci\u00f3n para la preparaci\u00f3n de alimentos.<br \/>\nMezclado en una crema o pomada<br \/>\nCOMPOSICI\u00d3N DEL CBN-AISLADO 94<\/p>\n<p>Contenido de CBN: +- 94 %<br \/>\nContenido de THC: 0 %<br \/>\nCantidad: 1 g<\/p>\n<p>Nota: Nuestras extracciones se realizan con CO2 supercr\u00edtico, lo que garantiza una calidad \u00f3ptima y una pureza perfecta de los extractos.<\/p>\n","protected":false},"excerpt":{"rendered":"<p>El extracto puro de CBN es un polvo fino y blanco que contiene CBN en su forma m\u00e1s pura y concentrada, denominada aislado.<br \/>\nEl aislado ha sido refinado para eliminar todos los aceites, ceras, cannabinoides, terpenos, flavonoides y otros compuestos de la planta, dejando s\u00f3lo un 94% de cannabinol.<br \/>\nCantidad: 1g<\/p>\n","protected":false},"featured_media":10398,"comment_status":"open","ping_status":"closed","template":"","meta":{"site-sidebar-layout":"default","site-content-layout":"default","ast-site-content-layout":"default","site-content-style":"default","site-sidebar-style":"default","ast-global-header-display":"","ast-banner-title-visibility":"","ast-main-header-display":"","ast-hfb-above-header-display":"","ast-hfb-below-header-display":"","ast-hfb-mobile-header-display":"","site-post-title":"","ast-breadcrumbs-content":"","ast-featured-img":"","footer-sml-layout":"","ast-disable-related-posts":"","theme-transparent-header-meta":"default","adv-header-id-meta":"","stick-header-meta":"default","header-above-stick-meta":"","header-main-stick-meta":"","header-below-stick-meta":"","astra-migrate-meta-layouts":"default","ast-page-background-enabled":"default","ast-page-background-meta":{"desktop":{"background-color":"","background-image":"","background-repeat":"repeat","background-position":"center center","background-size":"auto","background-attachment":"scroll","background-type":"","background-media":"","overlay-type":"","overlay-color":"","overlay-opacity":"","overlay-gradient":""},"tablet":{"background-color":"","background-image":"","background-repeat":"repeat","background-position":"center center","background-size":"auto","background-attachment":"scroll","background-type":"","background-media":"","overlay-type":"","overlay-color":"","overlay-opacity":"","overlay-gradient":""},"mobile":{"background-color":"","background-image":"","background-repeat":"repeat","background-position":"center center","background-size":"auto","background-attachment":"scroll","background-type":"","background-media":"","overlay-type":"","overlay-color":"","overlay-opacity":"","overlay-gradient":""}},"ast-content-background-meta":{"desktop":{"background-color":"var(--ast-global-color-5)","background-image":"","background-repeat":"repeat","background-position":"center center","background-size":"auto","background-attachment":"scroll","background-type":"","background-media":"","overlay-type":"","overlay-color":"","overlay-opacity":"","overlay-gradient":""},"tablet":{"background-color":"var(--ast-global-color-5)","background-image":"","background-repeat":"repeat","background-position":"center center","background-size":"auto","background-attachment":"scroll","background-type":"","background-media":"","overlay-type":"","overlay-color":"","overlay-opacity":"","overlay-gradient":""},"mobile":{"background-color":"var(--ast-global-color-5)","background-image":"","background-repeat":"repeat","background-position":"center center","background-size":"auto","background-attachment":"scroll","background-type":"","background-media":"","overlay-type":"","overlay-color":"","overlay-opacity":"","overlay-gradient":""}}},"product_brand":[],"product_cat":[305,264,262],"product_tag":[],"class_list":{"0":"post-11320","1":"product","2":"type-product","3":"status-publish","4":"has-post-thumbnail","6":"product_cat-cbd-es","7":"product_cat-concentrados-cbd","8":"product_cat-hachis-y-concentrados","9":"desktop-align-left","10":"tablet-align-center","11":"mobile-align-left","12":"ast-product-gallery-layout-vertical","13":"ast-product-gallery-with-no-image","14":"ast-magnify-disabled","15":"ast-product-tabs-layout-horizontal","17":"first","18":"instock","19":"taxable","20":"shipping-taxable","21":"purchasable","22":"product-type-simple"},"yoast_head":"<!-- This site is optimized with the Yoast SEO Premium plugin v27.2 (Yoast SEO v27.4) - https:\/\/yoast.com\/product\/yoast-seo-premium-wordpress\/ -->\n<title>PUR-CBN-EXTRAKT 94 % CBN herdol - Blumiz - Premium CBD<\/title>\n<meta name=\"description\" content=\"PUR-CBN-EXTRAKT 94 % CBN herdol - Blumiz - Premium CBD\" \/>\n<meta name=\"robots\" content=\"index, follow, max-snippet:-1, max-image-preview:large, max-video-preview:-1\" \/>\n<link rel=\"canonical\" href=\"https:\/\/blumiz.com\/es\/producto\/pur-cbn-extract-94-cbn-herdol\/\" \/>\n<meta property=\"og:locale\" content=\"es_ES\" \/>\n<meta property=\"og:type\" content=\"article\" \/>\n<meta property=\"og:title\" content=\"PUR-CBN-EXTRAKT 94 % CBN herdol\" \/>\n<meta property=\"og:description\" content=\"PUR-CBN-EXTRAKT 94 % CBN herdol Blumiz - Premium CBD\" \/>\n<meta property=\"og:url\" content=\"https:\/\/blumiz.com\/es\/producto\/pur-cbn-extract-94-cbn-herdol\/\" \/>\n<meta property=\"og:site_name\" content=\"Blumiz - Premium CBD\" \/>\n<meta property=\"article:modified_time\" content=\"2025-10-07T08:59:51+00:00\" \/>\n<meta property=\"og:image\" content=\"https:\/\/blumiz.com\/wp-content\/uploads\/2022\/08\/CBN-ISOLAT-94-HERDOL.webp\" \/>\n\t<meta property=\"og:image:width\" content=\"600\" \/>\n\t<meta property=\"og:image:height\" content=\"600\" \/>\n\t<meta property=\"og:image:type\" content=\"image\/webp\" \/>\n<meta name=\"twitter:card\" content=\"summary_large_image\" \/>\n<meta name=\"twitter:label1\" content=\"Precio\" \/>\n\t<meta name=\"twitter:data1\" content=\"24,90&nbsp;&euro;\" \/>\n\t<meta name=\"twitter:label2\" content=\"Disponibilidad\" \/>\n\t<meta name=\"twitter:data2\" content=\"Disponible\" \/>\n<script type=\"application\/ld+json\" class=\"yoast-schema-graph\">{\"@context\":\"https:\\\/\\\/schema.org\",\"@graph\":[{\"@type\":\"WebPage\",\"@id\":\"https:\\\/\\\/blumiz.com\\\/es\\\/producto\\\/pur-cbn-extract-94-cbn-herdol\\\/\",\"url\":\"https:\\\/\\\/blumiz.com\\\/es\\\/producto\\\/pur-cbn-extract-94-cbn-herdol\\\/\",\"name\":\"PUR-CBN-EXTRAKT 94 % CBN herdol - Blumiz - Premium CBD\",\"isPartOf\":{\"@id\":\"https:\\\/\\\/blumiz.com\\\/es\\\/#website\"},\"primaryImageOfPage\":{\"@id\":\"https:\\\/\\\/blumiz.com\\\/es\\\/producto\\\/pur-cbn-extract-94-cbn-herdol\\\/#primaryimage\"},\"image\":{\"@id\":\"https:\\\/\\\/blumiz.com\\\/es\\\/producto\\\/pur-cbn-extract-94-cbn-herdol\\\/#primaryimage\"},\"thumbnailUrl\":\"https:\\\/\\\/blumiz.com\\\/wp-content\\\/uploads\\\/2022\\\/08\\\/CBN-ISOLAT-94-HERDOL.webp\",\"datePublished\":\"2020-05-28T17:06:34+00:00\",\"dateModified\":\"2025-10-07T08:59:51+00:00\",\"description\":\"PUR-CBN-EXTRAKT 94 % CBN herdol - Blumiz - Premium CBD\",\"breadcrumb\":{\"@id\":\"https:\\\/\\\/blumiz.com\\\/es\\\/producto\\\/pur-cbn-extract-94-cbn-herdol\\\/#breadcrumb\"},\"inLanguage\":\"es\",\"potentialAction\":[{\"@type\":\"ReadAction\",\"target\":[\"https:\\\/\\\/blumiz.com\\\/es\\\/producto\\\/pur-cbn-extract-94-cbn-herdol\\\/\"]}]},{\"@type\":\"ImageObject\",\"inLanguage\":\"es\",\"@id\":\"https:\\\/\\\/blumiz.com\\\/es\\\/producto\\\/pur-cbn-extract-94-cbn-herdol\\\/#primaryimage\",\"url\":\"https:\\\/\\\/blumiz.com\\\/wp-content\\\/uploads\\\/2022\\\/08\\\/CBN-ISOLAT-94-HERDOL.webp\",\"contentUrl\":\"https:\\\/\\\/blumiz.com\\\/wp-content\\\/uploads\\\/2022\\\/08\\\/CBN-ISOLAT-94-HERDOL.webp\",\"width\":600,\"height\":600},{\"@type\":\"BreadcrumbList\",\"@id\":\"https:\\\/\\\/blumiz.com\\\/es\\\/producto\\\/pur-cbn-extract-94-cbn-herdol\\\/#breadcrumb\",\"itemListElement\":[{\"@type\":\"ListItem\",\"position\":1,\"name\":\"Blumiz\",\"item\":\"https:\\\/\\\/blumiz.com\\\/es\\\/\"},{\"@type\":\"ListItem\",\"position\":2,\"name\":\"CBD Shop\",\"item\":\"https:\\\/\\\/blumiz.com\\\/es\\\/tienda\\\/\"},{\"@type\":\"ListItem\",\"position\":3,\"name\":\"Hachis y concentrados\",\"item\":\"https:\\\/\\\/blumiz.com\\\/es\\\/category\\\/hachis-y-concentrados\\\/\"},{\"@type\":\"ListItem\",\"position\":4,\"name\":\"Concentrados CBD\",\"item\":\"https:\\\/\\\/blumiz.com\\\/es\\\/category\\\/hachis-y-concentrados\\\/concentrados-cbd\\\/\"},{\"@type\":\"ListItem\",\"position\":5,\"name\":\"PUR-CBN-EXTRAKT 94 % CBN herdol\"}]},{\"@type\":\"WebSite\",\"@id\":\"https:\\\/\\\/blumiz.com\\\/es\\\/#website\",\"url\":\"https:\\\/\\\/blumiz.com\\\/es\\\/\",\"name\":\"Blumiz - Premium CBD\",\"description\":\"Un CBD al mejor precio y de calidad superior\",\"publisher\":{\"@id\":\"https:\\\/\\\/blumiz.com\\\/es\\\/#organization\"},\"alternateName\":\"Blumiz\",\"potentialAction\":[{\"@type\":\"SearchAction\",\"target\":{\"@type\":\"EntryPoint\",\"urlTemplate\":\"https:\\\/\\\/blumiz.com\\\/es\\\/?s={search_term_string}\"},\"query-input\":{\"@type\":\"PropertyValueSpecification\",\"valueRequired\":true,\"valueName\":\"search_term_string\"}}],\"inLanguage\":\"es\"},{\"@type\":\"Organization\",\"@id\":\"https:\\\/\\\/blumiz.com\\\/es\\\/#organization\",\"name\":\"Blumiz CBD\",\"alternateName\":\"Blumiz\",\"url\":\"https:\\\/\\\/blumiz.com\\\/es\\\/\",\"logo\":{\"@type\":\"ImageObject\",\"inLanguage\":\"es\",\"@id\":\"https:\\\/\\\/blumiz.com\\\/es\\\/#\\\/schema\\\/logo\\\/image\\\/\",\"url\":\"https:\\\/\\\/blumiz.com\\\/wp-content\\\/uploads\\\/2026\\\/02\\\/cropped-Blumiz-CBD-logo.webp\",\"contentUrl\":\"https:\\\/\\\/blumiz.com\\\/wp-content\\\/uploads\\\/2026\\\/02\\\/cropped-Blumiz-CBD-logo.webp\",\"width\":2547,\"height\":778,\"caption\":\"Blumiz CBD\"},\"image\":{\"@id\":\"https:\\\/\\\/blumiz.com\\\/es\\\/#\\\/schema\\\/logo\\\/image\\\/\"}}]}<\/script>\n<meta property=\"product:price:amount\" content=\"24.90\" \/>\n<meta property=\"product:price:currency\" content=\"EUR\" \/>\n<meta property=\"og:availability\" content=\"instock\" \/>\n<meta property=\"product:availability\" content=\"instock\" \/>\n<meta property=\"product:retailer_item_id\" content=\"268682\" \/>\n<meta property=\"product:condition\" content=\"new\" \/>\n<!-- \/ Yoast SEO Premium plugin. -->","yoast_head_json":{"title":"PUR-CBN-EXTRAKT 94 % CBN herdol - Blumiz - Premium CBD","description":"PUR-CBN-EXTRAKT 94 % CBN herdol - Blumiz - Premium CBD","robots":{"index":"index","follow":"follow","max-snippet":"max-snippet:-1","max-image-preview":"max-image-preview:large","max-video-preview":"max-video-preview:-1"},"canonical":"https:\/\/blumiz.com\/es\/producto\/pur-cbn-extract-94-cbn-herdol\/","og_locale":"es_ES","og_type":"article","og_title":"PUR-CBN-EXTRAKT 94 % CBN herdol","og_description":"PUR-CBN-EXTRAKT 94 % CBN herdol Blumiz - Premium CBD","og_url":"https:\/\/blumiz.com\/es\/producto\/pur-cbn-extract-94-cbn-herdol\/","og_site_name":"Blumiz - Premium CBD","article_modified_time":"2025-10-07T08:59:51+00:00","og_image":[{"width":600,"height":600,"url":"https:\/\/blumiz.com\/wp-content\/uploads\/2022\/08\/CBN-ISOLAT-94-HERDOL.webp","type":"image\/webp"}],"twitter_card":"summary_large_image","twitter_misc":{"Precio":"24,90&nbsp;&euro;","Disponibilidad":"Disponible"},"schema":{"@context":"https:\/\/schema.org","@graph":[{"@type":"WebPage","@id":"https:\/\/blumiz.com\/es\/producto\/pur-cbn-extract-94-cbn-herdol\/","url":"https:\/\/blumiz.com\/es\/producto\/pur-cbn-extract-94-cbn-herdol\/","name":"PUR-CBN-EXTRAKT 94 % CBN herdol - Blumiz - Premium CBD","isPartOf":{"@id":"https:\/\/blumiz.com\/es\/#website"},"primaryImageOfPage":{"@id":"https:\/\/blumiz.com\/es\/producto\/pur-cbn-extract-94-cbn-herdol\/#primaryimage"},"image":{"@id":"https:\/\/blumiz.com\/es\/producto\/pur-cbn-extract-94-cbn-herdol\/#primaryimage"},"thumbnailUrl":"https:\/\/blumiz.com\/wp-content\/uploads\/2022\/08\/CBN-ISOLAT-94-HERDOL.webp","datePublished":"2020-05-28T17:06:34+00:00","dateModified":"2025-10-07T08:59:51+00:00","description":"PUR-CBN-EXTRAKT 94 % CBN herdol - Blumiz - Premium CBD","breadcrumb":{"@id":"https:\/\/blumiz.com\/es\/producto\/pur-cbn-extract-94-cbn-herdol\/#breadcrumb"},"inLanguage":"es","potentialAction":[{"@type":"ReadAction","target":["https:\/\/blumiz.com\/es\/producto\/pur-cbn-extract-94-cbn-herdol\/"]}]},{"@type":"ImageObject","inLanguage":"es","@id":"https:\/\/blumiz.com\/es\/producto\/pur-cbn-extract-94-cbn-herdol\/#primaryimage","url":"https:\/\/blumiz.com\/wp-content\/uploads\/2022\/08\/CBN-ISOLAT-94-HERDOL.webp","contentUrl":"https:\/\/blumiz.com\/wp-content\/uploads\/2022\/08\/CBN-ISOLAT-94-HERDOL.webp","width":600,"height":600},{"@type":"BreadcrumbList","@id":"https:\/\/blumiz.com\/es\/producto\/pur-cbn-extract-94-cbn-herdol\/#breadcrumb","itemListElement":[{"@type":"ListItem","position":1,"name":"Blumiz","item":"https:\/\/blumiz.com\/es\/"},{"@type":"ListItem","position":2,"name":"CBD Shop","item":"https:\/\/blumiz.com\/es\/tienda\/"},{"@type":"ListItem","position":3,"name":"Hachis y concentrados","item":"https:\/\/blumiz.com\/es\/category\/hachis-y-concentrados\/"},{"@type":"ListItem","position":4,"name":"Concentrados CBD","item":"https:\/\/blumiz.com\/es\/category\/hachis-y-concentrados\/concentrados-cbd\/"},{"@type":"ListItem","position":5,"name":"PUR-CBN-EXTRAKT 94 % CBN herdol"}]},{"@type":"WebSite","@id":"https:\/\/blumiz.com\/es\/#website","url":"https:\/\/blumiz.com\/es\/","name":"Blumiz - Premium CBD","description":"Un CBD al mejor precio y de calidad superior","publisher":{"@id":"https:\/\/blumiz.com\/es\/#organization"},"alternateName":"Blumiz","potentialAction":[{"@type":"SearchAction","target":{"@type":"EntryPoint","urlTemplate":"https:\/\/blumiz.com\/es\/?s={search_term_string}"},"query-input":{"@type":"PropertyValueSpecification","valueRequired":true,"valueName":"search_term_string"}}],"inLanguage":"es"},{"@type":"Organization","@id":"https:\/\/blumiz.com\/es\/#organization","name":"Blumiz CBD","alternateName":"Blumiz","url":"https:\/\/blumiz.com\/es\/","logo":{"@type":"ImageObject","inLanguage":"es","@id":"https:\/\/blumiz.com\/es\/#\/schema\/logo\/image\/","url":"https:\/\/blumiz.com\/wp-content\/uploads\/2026\/02\/cropped-Blumiz-CBD-logo.webp","contentUrl":"https:\/\/blumiz.com\/wp-content\/uploads\/2026\/02\/cropped-Blumiz-CBD-logo.webp","width":2547,"height":778,"caption":"Blumiz CBD"},"image":{"@id":"https:\/\/blumiz.com\/es\/#\/schema\/logo\/image\/"}}]},"product_price_amount":"24.90","product_price_currency":"EUR","og_availability":"instock","product_availability":"instock","product_retailer_item_id":"268682","product_condition":"new"},"_links":{"self":[{"href":"https:\/\/blumiz.com\/es\/wp-json\/wp\/v2\/product\/11320","targetHints":{"allow":["GET"]}}],"collection":[{"href":"https:\/\/blumiz.com\/es\/wp-json\/wp\/v2\/product"}],"about":[{"href":"https:\/\/blumiz.com\/es\/wp-json\/wp\/v2\/types\/product"}],"replies":[{"embeddable":true,"href":"https:\/\/blumiz.com\/es\/wp-json\/wp\/v2\/comments?post=11320"}],"version-history":[{"count":0,"href":"https:\/\/blumiz.com\/es\/wp-json\/wp\/v2\/product\/11320\/revisions"}],"wp:featuredmedia":[{"embeddable":true,"href":"https:\/\/blumiz.com\/es\/wp-json\/wp\/v2\/media\/10398"}],"wp:attachment":[{"href":"https:\/\/blumiz.com\/es\/wp-json\/wp\/v2\/media?parent=11320"}],"wp:term":[{"taxonomy":"product_brand","embeddable":true,"href":"https:\/\/blumiz.com\/es\/wp-json\/wp\/v2\/product_brand?post=11320"},{"taxonomy":"product_cat","embeddable":true,"href":"https:\/\/blumiz.com\/es\/wp-json\/wp\/v2\/product_cat?post=11320"},{"taxonomy":"product_tag","embeddable":true,"href":"https:\/\/blumiz.com\/es\/wp-json\/wp\/v2\/product_tag?post=11320"}],"curies":[{"name":"wp","href":"https:\/\/api.w.org\/{rel}","templated":true}]}}