{"id":11328,"date":"2020-09-06T06:47:33","date_gmt":"2020-09-06T05:47:33","guid":{"rendered":"https:\/\/blumiz.com\/produkt\/charas-mango-20\/"},"modified":"2025-10-07T09:59:19","modified_gmt":"2025-10-07T08:59:19","slug":"charas-mango-cbd-20","status":"publish","type":"product","link":"https:\/\/blumiz.com\/es\/producto\/charas-mango-cbd-20\/","title":{"rendered":"Charas Mango 20%"},"content":{"rendered":"<h2><span style=\"color: #107d85;\">hach\u00eds CBD Charas Mango 20% <\/span><\/h2>\n<h4><span style=\"color: #ff6600;\">El Charas Mango 20% CBD Hash, \u00a1uno de los mejores hach\u00eds con sabor afrutado!<\/span><\/h4>\n<p>Su m\u00e9todo de producci\u00f3n tradicional y \u00fanico hace de ella una resina aut\u00e9ntica con aromas de c\u00e1\u00f1amo inconfundibles. Su riqueza en terpenos seducir\u00e1 sin duda a los aficionados, pero tambi\u00e9n a la mayor\u00eda de los entendidos. Hay que decir que este peque\u00f1o concentrado de CBD lo tiene todo: Es una de las mejores resinas del mercado, a la que hemos a\u00f1adido terpeben de nuestra variedad Mango Kush.Charas Mango es ideal para acompa\u00f1arte en tus momentos de relax lejos del estr\u00e9s.<\/p>\n<p>Producto elaborado a partir de plantas de interior 100% naturales, \u00a1sin pesticidas ni aditivos!<\/p>\n<p>Visual: La resina CBD del Mango Hash se presenta en forma de peque\u00f1as aceitunas vitrificadas de color marr\u00f3n anaranjado, pero al cortarlas por la mitad son m\u00e1s amarillas. Es un producto homog\u00e9neo que no tiene rugosidades, que se siente muy suave, sin residuos, sin polen visible.<\/p>\n<p>Textura: Las aceitunas son muy grasas, muy dif\u00edciles de desmenuzar y amasar en bolitas, la mejor soluci\u00f3n es hacer hilos. Es la capa de destilado que lo recubre la que lo vitrifica y le da ese aspecto tan grasiento.<\/p>\n<p>Sabor: Las primeras notas del olor son mango y c\u00edtricos muy frescos. En cuanto al sabor, el producto es dulce con notas c\u00edtricas, lo que proporciona un humo ligero y muy fresco en boca.<\/p>\n<p>Potencia: El 20% de contenido de CBD de Mango Hash se consigue a\u00f1adiendo destilado y terpenos naturales. El efecto s\u00e9quito as\u00ed creado proporciona al fumador una variedad de cannabinoides para desencadenar efectos terap\u00e9uticos de alta calidad.<\/p>\n<p>Tambi\u00e9n puedes descubrir las mismas Charas con <a href=\"https:\/\/blumiz.com\/producto\/charas-cbd-hash-amnesia-25\/\">sabor a AMNESIA<\/a> o en su <a href=\"https:\/\/blumiz.com\/producto\/charas-cbd-hash-30\/\">versi\u00f3n cl\u00e1sica<\/a> <\/p>\n<h4><span style=\"color: #ff6600;\">Descubre tambi\u00e9n nuestra <a style=\"color: #ff6600;\" href=\"\/?product_cat=cbd-blueten\">CBD Flower Shop<\/a> para completar tu hach\u00eds<\/span><\/h4>\n<p>Flores CBD est\u00e1n disponibles en diferentes sabores y concentraciones de CBD. Nuestras flores de CBD se someten a estrictos criterios externos de calidad. Se venden como materias primas y no contienen aditivos qu\u00edmicos ni impurezas.<\/p>\n<p>Este charas tiene una consistencia muy suave y pegajosa. La consistencia es comparable a la de la masilla para ventanas. Este charas es \u00fanico y no se puede comparar con otros productos de charas CBD del mercado. El aroma es muy fino como a mango. Garantizamos la plena satisfacci\u00f3n con este producto. Charas tiene al menos un 18-22% de CBD y est\u00e1 por debajo del 0,1% de THC. Este producto hace que todos los corazones CBD latan m\u00e1s r\u00e1pido.<\/p>\n<p>Descubre nuestros <a href=\"https:\/\/blumiz.com\/es\/category\/headshop-es\/\">productos y accesorios Headshop<\/a> para disfrutar de tus variedades favoritas<\/p>\n<h4><span style=\"color: #ff6600;\">Hacer un pedido a Blumiz significa:<\/span><\/h4>\n<p>&#8211; Entrega r\u00e1pida, discreta e inodora<br \/>\n&#8211; Productos de calidad y certificados por laboratorios<br \/>\n&#8211; Precios inmejorables, ya que fabricamos nuestros productos nosotros mismos<\/p>\n<p>Descubra tambi\u00e9n aqu\u00ed nuestras <a href=\"\/?product_cat=cbd-blueten\">Flores CBD<\/a><\/p>\n<p>Una pregunta, \u00bfnecesitas ayuda?  <a href=\"https:\/\/blumiz.com\/hilfe-und-faqs\/\">Haga clic aqu\u00ed para descubrir nuestro centro de ayuda.<\/a><\/p>\n","protected":false},"excerpt":{"rendered":"<h4><span style=\"color: #107d85;\">hach\u00eds CBD Charas Mango 20% <\/span><\/h4>\n<p>La resina de Charas Mango 20% es una extracci\u00f3n de muy alta calidad<\/p>\n<p>&nbsp;<\/p>\n","protected":false},"featured_media":10426,"comment_status":"open","ping_status":"closed","template":"","meta":{"site-sidebar-layout":"default","site-content-layout":"default","ast-site-content-layout":"default","site-content-style":"default","site-sidebar-style":"default","ast-global-header-display":"","ast-banner-title-visibility":"","ast-main-header-display":"","ast-hfb-above-header-display":"","ast-hfb-below-header-display":"","ast-hfb-mobile-header-display":"","site-post-title":"","ast-breadcrumbs-content":"","ast-featured-img":"","footer-sml-layout":"","ast-disable-related-posts":"","theme-transparent-header-meta":"default","adv-header-id-meta":"","stick-header-meta":"default","header-above-stick-meta":"","header-main-stick-meta":"","header-below-stick-meta":"","astra-migrate-meta-layouts":"default","ast-page-background-enabled":"default","ast-page-background-meta":{"desktop":{"background-color":"","background-image":"","background-repeat":"repeat","background-position":"center center","background-size":"auto","background-attachment":"scroll","background-type":"","background-media":"","overlay-type":"","overlay-color":"","overlay-opacity":"","overlay-gradient":""},"tablet":{"background-color":"","background-image":"","background-repeat":"repeat","background-position":"center center","background-size":"auto","background-attachment":"scroll","background-type":"","background-media":"","overlay-type":"","overlay-color":"","overlay-opacity":"","overlay-gradient":""},"mobile":{"background-color":"","background-image":"","background-repeat":"repeat","background-position":"center center","background-size":"auto","background-attachment":"scroll","background-type":"","background-media":"","overlay-type":"","overlay-color":"","overlay-opacity":"","overlay-gradient":""}},"ast-content-background-meta":{"desktop":{"background-color":"var(--ast-global-color-5)","background-image":"","background-repeat":"repeat","background-position":"center center","background-size":"auto","background-attachment":"scroll","background-type":"","background-media":"","overlay-type":"","overlay-color":"","overlay-opacity":"","overlay-gradient":""},"tablet":{"background-color":"var(--ast-global-color-5)","background-image":"","background-repeat":"repeat","background-position":"center center","background-size":"auto","background-attachment":"scroll","background-type":"","background-media":"","overlay-type":"","overlay-color":"","overlay-opacity":"","overlay-gradient":""},"mobile":{"background-color":"var(--ast-global-color-5)","background-image":"","background-repeat":"repeat","background-position":"center center","background-size":"auto","background-attachment":"scroll","background-type":"","background-media":"","overlay-type":"","overlay-color":"","overlay-opacity":"","overlay-gradient":""}}},"product_brand":[],"product_cat":[305,266,262],"product_tag":[237,236],"class_list":{"0":"post-11328","1":"product","2":"type-product","3":"status-publish","4":"has-post-thumbnail","6":"product_cat-cbd-es","7":"product_cat-hachis-cbd","8":"product_cat-hachis-y-concentrados","9":"product_tag-flores-cbd-baratas","10":"product_tag-poderosas-flores-de-cbd","11":"pa_cbd-rate-mas-del-20-de-cbd","12":"pa_kategorie-greenhouse-cbd-es","13":"desktop-align-left","14":"tablet-align-center","15":"mobile-align-left","16":"ast-product-gallery-layout-vertical","17":"ast-product-gallery-with-no-image","18":"ast-magnify-disabled","19":"ast-product-single-variable","20":"ast-product-tabs-layout-horizontal","22":"first","23":"outofstock","24":"taxable","25":"shipping-taxable","26":"purchasable","27":"product-type-variable"},"yoast_head":"<!-- This site is optimized with the Yoast SEO Premium plugin v27.2 (Yoast SEO v27.3) - https:\/\/yoast.com\/product\/yoast-seo-premium-wordpress\/ -->\n<title>Charas mango CBD 2,8\u20ac\/g - Blumiz - Premium CBD%<\/title>\n<meta name=\"description\" content=\"Charas Mango CBD 25% desde \u20ac2.8\/g....Charas Mango es un hach\u00eds CBD muy fuerte..apreciado por su sabor a mango..Legal en Espa\u00f1a Prem\" \/>\n<meta name=\"robots\" content=\"index, follow, max-snippet:-1, max-image-preview:large, max-video-preview:-1\" \/>\n<link rel=\"canonical\" href=\"https:\/\/blumiz.com\/es\/producto\/charas-mango-cbd-20\/\" \/>\n<meta property=\"og:locale\" content=\"es_ES\" \/>\n<meta property=\"og:type\" content=\"article\" \/>\n<meta property=\"og:title\" content=\"Charas Mango 20%\" \/>\n<meta property=\"og:description\" content=\"Charas Mango 20% Blumiz - Premium CBD\" \/>\n<meta property=\"og:url\" content=\"https:\/\/blumiz.com\/es\/producto\/charas-mango-cbd-20\/\" \/>\n<meta property=\"og:site_name\" content=\"Blumiz - Premium CBD\" \/>\n<meta property=\"article:modified_time\" content=\"2025-10-07T08:59:19+00:00\" \/>\n<meta property=\"og:image\" content=\"https:\/\/blumiz.com\/wp-content\/uploads\/2022\/09\/Charas-Mango-20-blumiz.webp\" \/>\n\t<meta property=\"og:image:width\" content=\"600\" \/>\n\t<meta property=\"og:image:height\" content=\"600\" \/>\n\t<meta property=\"og:image:type\" content=\"image\/webp\" \/>\n<meta name=\"twitter:card\" content=\"summary_large_image\" \/>\n<meta name=\"twitter:label1\" content=\"Disponibilidad\" \/>\n\t<meta name=\"twitter:data1\" content=\"Sin existencias\" \/>\n<script type=\"application\/ld+json\" class=\"yoast-schema-graph\">{\"@context\":\"https:\\\/\\\/schema.org\",\"@graph\":[{\"@type\":\"WebPage\",\"@id\":\"https:\\\/\\\/blumiz.com\\\/es\\\/producto\\\/charas-mango-cbd-20\\\/\",\"url\":\"https:\\\/\\\/blumiz.com\\\/es\\\/producto\\\/charas-mango-cbd-20\\\/\",\"name\":\"Charas mango CBD 2,8\u20ac\\\/g - Blumiz - Premium CBD%\",\"isPartOf\":{\"@id\":\"https:\\\/\\\/blumiz.com\\\/es\\\/#website\"},\"primaryImageOfPage\":{\"@id\":\"https:\\\/\\\/blumiz.com\\\/es\\\/producto\\\/charas-mango-cbd-20\\\/#primaryimage\"},\"image\":{\"@id\":\"https:\\\/\\\/blumiz.com\\\/es\\\/producto\\\/charas-mango-cbd-20\\\/#primaryimage\"},\"thumbnailUrl\":\"https:\\\/\\\/blumiz.com\\\/wp-content\\\/uploads\\\/2022\\\/09\\\/Charas-Mango-20-blumiz.webp\",\"datePublished\":\"2020-09-06T05:47:33+00:00\",\"dateModified\":\"2025-10-07T08:59:19+00:00\",\"description\":\"Charas Mango CBD 25% desde \u20ac2.8\\\/g....Charas Mango es un hach\u00eds CBD muy fuerte..apreciado por su sabor a mango..Legal en Espa\u00f1a Prem\",\"breadcrumb\":{\"@id\":\"https:\\\/\\\/blumiz.com\\\/es\\\/producto\\\/charas-mango-cbd-20\\\/#breadcrumb\"},\"inLanguage\":\"es\",\"potentialAction\":[{\"@type\":\"ReadAction\",\"target\":[\"https:\\\/\\\/blumiz.com\\\/es\\\/producto\\\/charas-mango-cbd-20\\\/\"]}]},{\"@type\":\"ImageObject\",\"inLanguage\":\"es\",\"@id\":\"https:\\\/\\\/blumiz.com\\\/es\\\/producto\\\/charas-mango-cbd-20\\\/#primaryimage\",\"url\":\"https:\\\/\\\/blumiz.com\\\/wp-content\\\/uploads\\\/2022\\\/09\\\/Charas-Mango-20-blumiz.webp\",\"contentUrl\":\"https:\\\/\\\/blumiz.com\\\/wp-content\\\/uploads\\\/2022\\\/09\\\/Charas-Mango-20-blumiz.webp\",\"width\":600,\"height\":600},{\"@type\":\"BreadcrumbList\",\"@id\":\"https:\\\/\\\/blumiz.com\\\/es\\\/producto\\\/charas-mango-cbd-20\\\/#breadcrumb\",\"itemListElement\":[{\"@type\":\"ListItem\",\"position\":1,\"name\":\"Blumiz\",\"item\":\"https:\\\/\\\/blumiz.com\\\/es\\\/\"},{\"@type\":\"ListItem\",\"position\":2,\"name\":\"CBD Shop\",\"item\":\"https:\\\/\\\/blumiz.com\\\/es\\\/tienda\\\/\"},{\"@type\":\"ListItem\",\"position\":3,\"name\":\"Hachis y concentrados\",\"item\":\"https:\\\/\\\/blumiz.com\\\/es\\\/category\\\/hachis-y-concentrados\\\/\"},{\"@type\":\"ListItem\",\"position\":4,\"name\":\"Charas Mango 20%\"}]},{\"@type\":\"WebSite\",\"@id\":\"https:\\\/\\\/blumiz.com\\\/es\\\/#website\",\"url\":\"https:\\\/\\\/blumiz.com\\\/es\\\/\",\"name\":\"Blumiz - Premium CBD\",\"description\":\"Un CBD al mejor precio y de calidad superior\",\"publisher\":{\"@id\":\"https:\\\/\\\/blumiz.com\\\/es\\\/#organization\"},\"alternateName\":\"Blumiz\",\"potentialAction\":[{\"@type\":\"SearchAction\",\"target\":{\"@type\":\"EntryPoint\",\"urlTemplate\":\"https:\\\/\\\/blumiz.com\\\/es\\\/?s={search_term_string}\"},\"query-input\":{\"@type\":\"PropertyValueSpecification\",\"valueRequired\":true,\"valueName\":\"search_term_string\"}}],\"inLanguage\":\"es\"},{\"@type\":\"Organization\",\"@id\":\"https:\\\/\\\/blumiz.com\\\/es\\\/#organization\",\"name\":\"Blumiz CBD\",\"alternateName\":\"Blumiz\",\"url\":\"https:\\\/\\\/blumiz.com\\\/es\\\/\",\"logo\":{\"@type\":\"ImageObject\",\"inLanguage\":\"es\",\"@id\":\"https:\\\/\\\/blumiz.com\\\/es\\\/#\\\/schema\\\/logo\\\/image\\\/\",\"url\":\"https:\\\/\\\/blumiz.com\\\/wp-content\\\/uploads\\\/2026\\\/02\\\/cropped-Blumiz-CBD-logo.webp\",\"contentUrl\":\"https:\\\/\\\/blumiz.com\\\/wp-content\\\/uploads\\\/2026\\\/02\\\/cropped-Blumiz-CBD-logo.webp\",\"width\":2547,\"height\":778,\"caption\":\"Blumiz CBD\"},\"image\":{\"@id\":\"https:\\\/\\\/blumiz.com\\\/es\\\/#\\\/schema\\\/logo\\\/image\\\/\"}}]}<\/script>\n<meta property=\"og:availability\" content=\"out of stock\" \/>\n<meta property=\"product:availability\" content=\"out of stock\" \/>\n<meta property=\"product:retailer_item_id\" content=\"18795\" \/>\n<meta property=\"product:condition\" content=\"new\" \/>\n<!-- \/ Yoast SEO Premium plugin. -->","yoast_head_json":{"title":"Charas mango CBD 2,8\u20ac\/g - Blumiz - Premium CBD%","description":"Charas Mango CBD 25% desde \u20ac2.8\/g....Charas Mango es un hach\u00eds CBD muy fuerte..apreciado por su sabor a mango..Legal en Espa\u00f1a Prem","robots":{"index":"index","follow":"follow","max-snippet":"max-snippet:-1","max-image-preview":"max-image-preview:large","max-video-preview":"max-video-preview:-1"},"canonical":"https:\/\/blumiz.com\/es\/producto\/charas-mango-cbd-20\/","og_locale":"es_ES","og_type":"article","og_title":"Charas Mango 20%","og_description":"Charas Mango 20% Blumiz - Premium CBD","og_url":"https:\/\/blumiz.com\/es\/producto\/charas-mango-cbd-20\/","og_site_name":"Blumiz - Premium CBD","article_modified_time":"2025-10-07T08:59:19+00:00","og_image":[{"width":600,"height":600,"url":"https:\/\/blumiz.com\/wp-content\/uploads\/2022\/09\/Charas-Mango-20-blumiz.webp","type":"image\/webp"}],"twitter_card":"summary_large_image","twitter_misc":{"Disponibilidad":"Sin existencias"},"schema":{"@context":"https:\/\/schema.org","@graph":[{"@type":"WebPage","@id":"https:\/\/blumiz.com\/es\/producto\/charas-mango-cbd-20\/","url":"https:\/\/blumiz.com\/es\/producto\/charas-mango-cbd-20\/","name":"Charas mango CBD 2,8\u20ac\/g - Blumiz - Premium CBD%","isPartOf":{"@id":"https:\/\/blumiz.com\/es\/#website"},"primaryImageOfPage":{"@id":"https:\/\/blumiz.com\/es\/producto\/charas-mango-cbd-20\/#primaryimage"},"image":{"@id":"https:\/\/blumiz.com\/es\/producto\/charas-mango-cbd-20\/#primaryimage"},"thumbnailUrl":"https:\/\/blumiz.com\/wp-content\/uploads\/2022\/09\/Charas-Mango-20-blumiz.webp","datePublished":"2020-09-06T05:47:33+00:00","dateModified":"2025-10-07T08:59:19+00:00","description":"Charas Mango CBD 25% desde \u20ac2.8\/g....Charas Mango es un hach\u00eds CBD muy fuerte..apreciado por su sabor a mango..Legal en Espa\u00f1a Prem","breadcrumb":{"@id":"https:\/\/blumiz.com\/es\/producto\/charas-mango-cbd-20\/#breadcrumb"},"inLanguage":"es","potentialAction":[{"@type":"ReadAction","target":["https:\/\/blumiz.com\/es\/producto\/charas-mango-cbd-20\/"]}]},{"@type":"ImageObject","inLanguage":"es","@id":"https:\/\/blumiz.com\/es\/producto\/charas-mango-cbd-20\/#primaryimage","url":"https:\/\/blumiz.com\/wp-content\/uploads\/2022\/09\/Charas-Mango-20-blumiz.webp","contentUrl":"https:\/\/blumiz.com\/wp-content\/uploads\/2022\/09\/Charas-Mango-20-blumiz.webp","width":600,"height":600},{"@type":"BreadcrumbList","@id":"https:\/\/blumiz.com\/es\/producto\/charas-mango-cbd-20\/#breadcrumb","itemListElement":[{"@type":"ListItem","position":1,"name":"Blumiz","item":"https:\/\/blumiz.com\/es\/"},{"@type":"ListItem","position":2,"name":"CBD Shop","item":"https:\/\/blumiz.com\/es\/tienda\/"},{"@type":"ListItem","position":3,"name":"Hachis y concentrados","item":"https:\/\/blumiz.com\/es\/category\/hachis-y-concentrados\/"},{"@type":"ListItem","position":4,"name":"Charas Mango 20%"}]},{"@type":"WebSite","@id":"https:\/\/blumiz.com\/es\/#website","url":"https:\/\/blumiz.com\/es\/","name":"Blumiz - Premium CBD","description":"Un CBD al mejor precio y de calidad superior","publisher":{"@id":"https:\/\/blumiz.com\/es\/#organization"},"alternateName":"Blumiz","potentialAction":[{"@type":"SearchAction","target":{"@type":"EntryPoint","urlTemplate":"https:\/\/blumiz.com\/es\/?s={search_term_string}"},"query-input":{"@type":"PropertyValueSpecification","valueRequired":true,"valueName":"search_term_string"}}],"inLanguage":"es"},{"@type":"Organization","@id":"https:\/\/blumiz.com\/es\/#organization","name":"Blumiz CBD","alternateName":"Blumiz","url":"https:\/\/blumiz.com\/es\/","logo":{"@type":"ImageObject","inLanguage":"es","@id":"https:\/\/blumiz.com\/es\/#\/schema\/logo\/image\/","url":"https:\/\/blumiz.com\/wp-content\/uploads\/2026\/02\/cropped-Blumiz-CBD-logo.webp","contentUrl":"https:\/\/blumiz.com\/wp-content\/uploads\/2026\/02\/cropped-Blumiz-CBD-logo.webp","width":2547,"height":778,"caption":"Blumiz CBD"},"image":{"@id":"https:\/\/blumiz.com\/es\/#\/schema\/logo\/image\/"}}]},"og_availability":"out of stock","product_availability":"out of stock","product_retailer_item_id":"18795","product_condition":"new"},"_links":{"self":[{"href":"https:\/\/blumiz.com\/es\/wp-json\/wp\/v2\/product\/11328","targetHints":{"allow":["GET"]}}],"collection":[{"href":"https:\/\/blumiz.com\/es\/wp-json\/wp\/v2\/product"}],"about":[{"href":"https:\/\/blumiz.com\/es\/wp-json\/wp\/v2\/types\/product"}],"replies":[{"embeddable":true,"href":"https:\/\/blumiz.com\/es\/wp-json\/wp\/v2\/comments?post=11328"}],"version-history":[{"count":0,"href":"https:\/\/blumiz.com\/es\/wp-json\/wp\/v2\/product\/11328\/revisions"}],"wp:featuredmedia":[{"embeddable":true,"href":"https:\/\/blumiz.com\/es\/wp-json\/wp\/v2\/media\/10426"}],"wp:attachment":[{"href":"https:\/\/blumiz.com\/es\/wp-json\/wp\/v2\/media?parent=11328"}],"wp:term":[{"taxonomy":"product_brand","embeddable":true,"href":"https:\/\/blumiz.com\/es\/wp-json\/wp\/v2\/product_brand?post=11328"},{"taxonomy":"product_cat","embeddable":true,"href":"https:\/\/blumiz.com\/es\/wp-json\/wp\/v2\/product_cat?post=11328"},{"taxonomy":"product_tag","embeddable":true,"href":"https:\/\/blumiz.com\/es\/wp-json\/wp\/v2\/product_tag?post=11328"}],"curies":[{"name":"wp","href":"https:\/\/api.w.org\/{rel}","templated":true}]}}