{"id":11334,"date":"2020-09-06T07:52:51","date_gmt":"2020-09-06T06:52:51","guid":{"rendered":"https:\/\/blumiz.com\/?post_type=product&#038;p=11334"},"modified":"2025-02-11T13:31:42","modified_gmt":"2025-02-11T12:31:42","slug":"cbd-crema-antienvejecimiento-700mg-50-ml-enecta-cosmetica","status":"publish","type":"product","link":"https:\/\/blumiz.com\/es\/producto\/cbd-crema-antienvejecimiento-700mg-50-ml-enecta-cosmetica\/","title":{"rendered":"CBD Crema &#8211; Antienvejecimiento 700mg (50 ml) &#8211; Enecta"},"content":{"rendered":"<h2>Descripci\u00f3n de la Crema Antienvejecimiento CBD :<\/h2>\n<p>La crema CBD previene y reduce los signos del envejecimiento cut\u00e1neo gracias al complejo antioxidante de CBD y vitamina C. Para una piel m\u00e1s joven y radiante.<\/p>\n<p>Tambi\u00e9n en la f\u00f3rmula de la crema de CBD:<\/p>\n<p>Vitamina C eterificada: antioxidante que estimula la producci\u00f3n de nuevo col\u00e1geno mediante la estimulaci\u00f3n de los fibroblastos y bloquea la formaci\u00f3n de manchas oscuras; Aceite de jojoba: al igual que el sebo, este aceite mantiene la hidrataci\u00f3n de la piel y la protege de las agresiones externas (bacterias, sol, viento y sustancias qu\u00edmicas del aire); Aceite de coco: tiene nutrientes y propiedades que restauran el sebo (aceite).<br \/>\nSe utiliza en f\u00f3rmulas antienvejecimiento y para pieles secas y sensibles, y por su capacidad para devolver la flexibilidad a la epidermis; Vitamina E natural: mezcla de tocoferoles antioxidantes derivados del aceite de girasol y ricos en escualeno natural. <\/p>\n<p>Ingredientes: [Water] Agua , triglic\u00e9rido capr\u00edlico\/c\u00e1prico, aceite de semillas de Simmondsia chinensis (jojoba), gluc\u00f3sido de cetearilo, alcohol cetear\u00edlico, aceite de Cocos Nucifera (coco), alcohol mirist\u00edlico, cannabidiol, aceite de semillas de Cannabis Sativa, \u00e1cido 3-o-etilasc\u00f3rbico, tocoferol, palmitoilprolina, 1,2-hexanodiol, capriliglicol, gluc\u00f3sido mirist\u00edlico, [Bienenwachs] Aceite de semilla de Helianthus annuus (girasol), Cera alba , goma xantana, palmitoil glutamato magn\u00e9sico, palmitoil sarcosinato s\u00f3dico, diacetato de glutamato tetras\u00f3dico, [Parf\u00fcm] trimetamina, perfume , salicilato de bencilo, linalol, hexilcanal, glucosa, tricolon, alfa-isometilionona, escualeno*, geraniol, beta-sitosterol *de aceite de girasol<\/p>\n","protected":false},"excerpt":{"rendered":"<h2>Crema Antienvejecimiento CBD :<\/h2>\n<p>Protecci\u00f3n diaria para una piel sana y joven, previene y reduce los signos del envejecimiento gracias a su complejo de potentes antioxidantes, entre ellos el CBD y la vitamina C. Para una piel sana, radiante y joven.<br \/>\nCBD 700mg<br \/>\n50 ml<\/p>\n","protected":false},"featured_media":10488,"comment_status":"open","ping_status":"closed","template":"","meta":{"site-sidebar-layout":"default","site-content-layout":"default","ast-site-content-layout":"default","site-content-style":"default","site-sidebar-style":"default","ast-global-header-display":"","ast-banner-title-visibility":"","ast-main-header-display":"","ast-hfb-above-header-display":"","ast-hfb-below-header-display":"","ast-hfb-mobile-header-display":"","site-post-title":"","ast-breadcrumbs-content":"","ast-featured-img":"","footer-sml-layout":"","ast-disable-related-posts":"","theme-transparent-header-meta":"default","adv-header-id-meta":"","stick-header-meta":"default","header-above-stick-meta":"","header-main-stick-meta":"","header-below-stick-meta":"","astra-migrate-meta-layouts":"default","ast-page-background-enabled":"default","ast-page-background-meta":{"desktop":{"background-color":"","background-image":"","background-repeat":"repeat","background-position":"center center","background-size":"auto","background-attachment":"scroll","background-type":"","background-media":"","overlay-type":"","overlay-color":"","overlay-opacity":"","overlay-gradient":""},"tablet":{"background-color":"","background-image":"","background-repeat":"repeat","background-position":"center center","background-size":"auto","background-attachment":"scroll","background-type":"","background-media":"","overlay-type":"","overlay-color":"","overlay-opacity":"","overlay-gradient":""},"mobile":{"background-color":"","background-image":"","background-repeat":"repeat","background-position":"center center","background-size":"auto","background-attachment":"scroll","background-type":"","background-media":"","overlay-type":"","overlay-color":"","overlay-opacity":"","overlay-gradient":""}},"ast-content-background-meta":{"desktop":{"background-color":"var(--ast-global-color-5)","background-image":"","background-repeat":"repeat","background-position":"center center","background-size":"auto","background-attachment":"scroll","background-type":"","background-media":"","overlay-type":"","overlay-color":"","overlay-opacity":"","overlay-gradient":""},"tablet":{"background-color":"var(--ast-global-color-5)","background-image":"","background-repeat":"repeat","background-position":"center center","background-size":"auto","background-attachment":"scroll","background-type":"","background-media":"","overlay-type":"","overlay-color":"","overlay-opacity":"","overlay-gradient":""},"mobile":{"background-color":"var(--ast-global-color-5)","background-image":"","background-repeat":"repeat","background-position":"center center","background-size":"auto","background-attachment":"scroll","background-type":"","background-media":"","overlay-type":"","overlay-color":"","overlay-opacity":"","overlay-gradient":""}}},"product_brand":[],"product_cat":[305,274],"product_tag":[],"class_list":{"0":"post-11334","1":"product","2":"type-product","3":"status-publish","4":"has-post-thumbnail","6":"product_cat-cbd-es","7":"product_cat-cosmeticos-cbd","8":"desktop-align-left","9":"tablet-align-center","10":"mobile-align-left","11":"ast-product-gallery-layout-vertical","12":"ast-product-gallery-with-no-image","13":"ast-magnify-disabled","14":"ast-product-tabs-layout-horizontal","16":"first","17":"instock","18":"taxable","19":"shipping-taxable","20":"purchasable","21":"product-type-simple"},"yoast_head":"<!-- This site is optimized with the Yoast SEO Premium plugin v27.2 (Yoast SEO v27.5) - https:\/\/yoast.com\/product\/yoast-seo-premium-wordpress\/ -->\n<title>CBD Cream - Blumiz - Premium CBD<\/title>\n<meta name=\"description\" content=\"CBD Crema - Antienvejecimiento 700mg (50 ml) - Enecta - CBD al mejor precio - \u00a1Entrega r\u00e1pida! Cosm\u00e9ticos CBD en Espa\u00f1a.\" \/>\n<meta name=\"robots\" content=\"index, follow, max-snippet:-1, max-image-preview:large, max-video-preview:-1\" \/>\n<link rel=\"canonical\" href=\"https:\/\/blumiz.com\/es\/producto\/cbd-crema-antienvejecimiento-700mg-50-ml-enecta-cosmetica\/\" \/>\n<meta property=\"og:locale\" content=\"es_ES\" \/>\n<meta property=\"og:type\" content=\"article\" \/>\n<meta property=\"og:title\" content=\"CBD Crema - Antienvejecimiento 700mg (50 ml) - Enecta\" \/>\n<meta property=\"og:description\" content=\"CBD Crema - Antienvejecimiento 700mg (50 ml) - Enecta Blumiz - Premium CBD\" \/>\n<meta property=\"og:url\" content=\"https:\/\/blumiz.com\/es\/producto\/cbd-crema-antienvejecimiento-700mg-50-ml-enecta-cosmetica\/\" \/>\n<meta property=\"og:site_name\" content=\"Blumiz - Premium CBD\" \/>\n<meta property=\"article:modified_time\" content=\"2025-02-11T12:31:42+00:00\" \/>\n<meta property=\"og:image\" content=\"https:\/\/blumiz.com\/wp-content\/uploads\/2022\/09\/Enecta-700-mg-CBD-Anti-Aging-Creme-50-ml.webp\" \/>\n\t<meta property=\"og:image:width\" content=\"600\" \/>\n\t<meta property=\"og:image:height\" content=\"600\" \/>\n\t<meta property=\"og:image:type\" content=\"image\/webp\" \/>\n<meta name=\"twitter:card\" content=\"summary_large_image\" \/>\n<meta name=\"twitter:label1\" content=\"Precio\" \/>\n\t<meta name=\"twitter:data1\" content=\"34,95&nbsp;&euro;\" \/>\n\t<meta name=\"twitter:label2\" content=\"Disponibilidad\" \/>\n\t<meta name=\"twitter:data2\" content=\"Disponible\" \/>\n<script type=\"application\/ld+json\" class=\"yoast-schema-graph\">{\"@context\":\"https:\\\/\\\/schema.org\",\"@graph\":[{\"@type\":\"WebPage\",\"@id\":\"https:\\\/\\\/blumiz.com\\\/es\\\/producto\\\/cbd-crema-antienvejecimiento-700mg-50-ml-enecta-cosmetica\\\/\",\"url\":\"https:\\\/\\\/blumiz.com\\\/es\\\/producto\\\/cbd-crema-antienvejecimiento-700mg-50-ml-enecta-cosmetica\\\/\",\"name\":\"CBD Cream - Blumiz - Premium CBD\",\"isPartOf\":{\"@id\":\"https:\\\/\\\/blumiz.com\\\/es\\\/#website\"},\"primaryImageOfPage\":{\"@id\":\"https:\\\/\\\/blumiz.com\\\/es\\\/producto\\\/cbd-crema-antienvejecimiento-700mg-50-ml-enecta-cosmetica\\\/#primaryimage\"},\"image\":{\"@id\":\"https:\\\/\\\/blumiz.com\\\/es\\\/producto\\\/cbd-crema-antienvejecimiento-700mg-50-ml-enecta-cosmetica\\\/#primaryimage\"},\"thumbnailUrl\":\"https:\\\/\\\/blumiz.com\\\/wp-content\\\/uploads\\\/2022\\\/09\\\/Enecta-700-mg-CBD-Anti-Aging-Creme-50-ml.webp\",\"datePublished\":\"2020-09-06T06:52:51+00:00\",\"dateModified\":\"2025-02-11T12:31:42+00:00\",\"description\":\"CBD Crema - Antienvejecimiento 700mg (50 ml) - Enecta - CBD al mejor precio - \u00a1Entrega r\u00e1pida! Cosm\u00e9ticos CBD en Espa\u00f1a.\",\"breadcrumb\":{\"@id\":\"https:\\\/\\\/blumiz.com\\\/es\\\/producto\\\/cbd-crema-antienvejecimiento-700mg-50-ml-enecta-cosmetica\\\/#breadcrumb\"},\"inLanguage\":\"es\",\"potentialAction\":[{\"@type\":\"ReadAction\",\"target\":[\"https:\\\/\\\/blumiz.com\\\/es\\\/producto\\\/cbd-crema-antienvejecimiento-700mg-50-ml-enecta-cosmetica\\\/\"]}]},{\"@type\":\"ImageObject\",\"inLanguage\":\"es\",\"@id\":\"https:\\\/\\\/blumiz.com\\\/es\\\/producto\\\/cbd-crema-antienvejecimiento-700mg-50-ml-enecta-cosmetica\\\/#primaryimage\",\"url\":\"https:\\\/\\\/blumiz.com\\\/wp-content\\\/uploads\\\/2022\\\/09\\\/Enecta-700-mg-CBD-Anti-Aging-Creme-50-ml.webp\",\"contentUrl\":\"https:\\\/\\\/blumiz.com\\\/wp-content\\\/uploads\\\/2022\\\/09\\\/Enecta-700-mg-CBD-Anti-Aging-Creme-50-ml.webp\",\"width\":600,\"height\":600},{\"@type\":\"BreadcrumbList\",\"@id\":\"https:\\\/\\\/blumiz.com\\\/es\\\/producto\\\/cbd-crema-antienvejecimiento-700mg-50-ml-enecta-cosmetica\\\/#breadcrumb\",\"itemListElement\":[{\"@type\":\"ListItem\",\"position\":1,\"name\":\"Blumiz\",\"item\":\"https:\\\/\\\/blumiz.com\\\/es\\\/\"},{\"@type\":\"ListItem\",\"position\":2,\"name\":\"CBD Shop\",\"item\":\"https:\\\/\\\/blumiz.com\\\/es\\\/tienda\\\/\"},{\"@type\":\"ListItem\",\"position\":3,\"name\":\"Bienestar CBD\",\"item\":\"https:\\\/\\\/blumiz.com\\\/es\\\/category\\\/bienestar-cbd\\\/\"},{\"@type\":\"ListItem\",\"position\":4,\"name\":\"Cosm\u00e9ticos CBD\",\"item\":\"https:\\\/\\\/blumiz.com\\\/es\\\/category\\\/bienestar-cbd\\\/cosmeticos-cbd\\\/\"},{\"@type\":\"ListItem\",\"position\":5,\"name\":\"CBD Crema &#8211; Antienvejecimiento 700mg (50 ml) &#8211; Enecta\"}]},{\"@type\":\"WebSite\",\"@id\":\"https:\\\/\\\/blumiz.com\\\/es\\\/#website\",\"url\":\"https:\\\/\\\/blumiz.com\\\/es\\\/\",\"name\":\"Blumiz - Premium CBD\",\"description\":\"Un CBD al mejor precio y de calidad superior\",\"publisher\":{\"@id\":\"https:\\\/\\\/blumiz.com\\\/es\\\/#organization\"},\"alternateName\":\"Blumiz\",\"potentialAction\":[{\"@type\":\"SearchAction\",\"target\":{\"@type\":\"EntryPoint\",\"urlTemplate\":\"https:\\\/\\\/blumiz.com\\\/es\\\/?s={search_term_string}\"},\"query-input\":{\"@type\":\"PropertyValueSpecification\",\"valueRequired\":true,\"valueName\":\"search_term_string\"}}],\"inLanguage\":\"es\"},{\"@type\":\"Organization\",\"@id\":\"https:\\\/\\\/blumiz.com\\\/es\\\/#organization\",\"name\":\"Blumiz CBD\",\"alternateName\":\"Blumiz\",\"url\":\"https:\\\/\\\/blumiz.com\\\/es\\\/\",\"logo\":{\"@type\":\"ImageObject\",\"inLanguage\":\"es\",\"@id\":\"https:\\\/\\\/blumiz.com\\\/es\\\/#\\\/schema\\\/logo\\\/image\\\/\",\"url\":\"https:\\\/\\\/blumiz.com\\\/wp-content\\\/uploads\\\/2026\\\/02\\\/cropped-Blumiz-CBD-logo.webp\",\"contentUrl\":\"https:\\\/\\\/blumiz.com\\\/wp-content\\\/uploads\\\/2026\\\/02\\\/cropped-Blumiz-CBD-logo.webp\",\"width\":2547,\"height\":778,\"caption\":\"Blumiz CBD\"},\"image\":{\"@id\":\"https:\\\/\\\/blumiz.com\\\/es\\\/#\\\/schema\\\/logo\\\/image\\\/\"}}]}<\/script>\n<meta property=\"product:price:amount\" content=\"34.95\" \/>\n<meta property=\"product:price:currency\" content=\"EUR\" \/>\n<meta property=\"og:availability\" content=\"instock\" \/>\n<meta property=\"product:availability\" content=\"instock\" \/>\n<meta property=\"product:retailer_item_id\" content=\"2479\" \/>\n<meta property=\"product:condition\" content=\"new\" \/>\n<!-- \/ Yoast SEO Premium plugin. -->","yoast_head_json":{"title":"CBD Cream - Blumiz - Premium CBD","description":"CBD Crema - Antienvejecimiento 700mg (50 ml) - Enecta - CBD al mejor precio - \u00a1Entrega r\u00e1pida! Cosm\u00e9ticos CBD en Espa\u00f1a.","robots":{"index":"index","follow":"follow","max-snippet":"max-snippet:-1","max-image-preview":"max-image-preview:large","max-video-preview":"max-video-preview:-1"},"canonical":"https:\/\/blumiz.com\/es\/producto\/cbd-crema-antienvejecimiento-700mg-50-ml-enecta-cosmetica\/","og_locale":"es_ES","og_type":"article","og_title":"CBD Crema - Antienvejecimiento 700mg (50 ml) - Enecta","og_description":"CBD Crema - Antienvejecimiento 700mg (50 ml) - Enecta Blumiz - Premium CBD","og_url":"https:\/\/blumiz.com\/es\/producto\/cbd-crema-antienvejecimiento-700mg-50-ml-enecta-cosmetica\/","og_site_name":"Blumiz - Premium CBD","article_modified_time":"2025-02-11T12:31:42+00:00","og_image":[{"width":600,"height":600,"url":"https:\/\/blumiz.com\/wp-content\/uploads\/2022\/09\/Enecta-700-mg-CBD-Anti-Aging-Creme-50-ml.webp","type":"image\/webp"}],"twitter_card":"summary_large_image","twitter_misc":{"Precio":"34,95&nbsp;&euro;","Disponibilidad":"Disponible"},"schema":{"@context":"https:\/\/schema.org","@graph":[{"@type":"WebPage","@id":"https:\/\/blumiz.com\/es\/producto\/cbd-crema-antienvejecimiento-700mg-50-ml-enecta-cosmetica\/","url":"https:\/\/blumiz.com\/es\/producto\/cbd-crema-antienvejecimiento-700mg-50-ml-enecta-cosmetica\/","name":"CBD Cream - Blumiz - Premium CBD","isPartOf":{"@id":"https:\/\/blumiz.com\/es\/#website"},"primaryImageOfPage":{"@id":"https:\/\/blumiz.com\/es\/producto\/cbd-crema-antienvejecimiento-700mg-50-ml-enecta-cosmetica\/#primaryimage"},"image":{"@id":"https:\/\/blumiz.com\/es\/producto\/cbd-crema-antienvejecimiento-700mg-50-ml-enecta-cosmetica\/#primaryimage"},"thumbnailUrl":"https:\/\/blumiz.com\/wp-content\/uploads\/2022\/09\/Enecta-700-mg-CBD-Anti-Aging-Creme-50-ml.webp","datePublished":"2020-09-06T06:52:51+00:00","dateModified":"2025-02-11T12:31:42+00:00","description":"CBD Crema - Antienvejecimiento 700mg (50 ml) - Enecta - CBD al mejor precio - \u00a1Entrega r\u00e1pida! Cosm\u00e9ticos CBD en Espa\u00f1a.","breadcrumb":{"@id":"https:\/\/blumiz.com\/es\/producto\/cbd-crema-antienvejecimiento-700mg-50-ml-enecta-cosmetica\/#breadcrumb"},"inLanguage":"es","potentialAction":[{"@type":"ReadAction","target":["https:\/\/blumiz.com\/es\/producto\/cbd-crema-antienvejecimiento-700mg-50-ml-enecta-cosmetica\/"]}]},{"@type":"ImageObject","inLanguage":"es","@id":"https:\/\/blumiz.com\/es\/producto\/cbd-crema-antienvejecimiento-700mg-50-ml-enecta-cosmetica\/#primaryimage","url":"https:\/\/blumiz.com\/wp-content\/uploads\/2022\/09\/Enecta-700-mg-CBD-Anti-Aging-Creme-50-ml.webp","contentUrl":"https:\/\/blumiz.com\/wp-content\/uploads\/2022\/09\/Enecta-700-mg-CBD-Anti-Aging-Creme-50-ml.webp","width":600,"height":600},{"@type":"BreadcrumbList","@id":"https:\/\/blumiz.com\/es\/producto\/cbd-crema-antienvejecimiento-700mg-50-ml-enecta-cosmetica\/#breadcrumb","itemListElement":[{"@type":"ListItem","position":1,"name":"Blumiz","item":"https:\/\/blumiz.com\/es\/"},{"@type":"ListItem","position":2,"name":"CBD Shop","item":"https:\/\/blumiz.com\/es\/tienda\/"},{"@type":"ListItem","position":3,"name":"Bienestar CBD","item":"https:\/\/blumiz.com\/es\/category\/bienestar-cbd\/"},{"@type":"ListItem","position":4,"name":"Cosm\u00e9ticos CBD","item":"https:\/\/blumiz.com\/es\/category\/bienestar-cbd\/cosmeticos-cbd\/"},{"@type":"ListItem","position":5,"name":"CBD Crema &#8211; Antienvejecimiento 700mg (50 ml) &#8211; Enecta"}]},{"@type":"WebSite","@id":"https:\/\/blumiz.com\/es\/#website","url":"https:\/\/blumiz.com\/es\/","name":"Blumiz - Premium CBD","description":"Un CBD al mejor precio y de calidad superior","publisher":{"@id":"https:\/\/blumiz.com\/es\/#organization"},"alternateName":"Blumiz","potentialAction":[{"@type":"SearchAction","target":{"@type":"EntryPoint","urlTemplate":"https:\/\/blumiz.com\/es\/?s={search_term_string}"},"query-input":{"@type":"PropertyValueSpecification","valueRequired":true,"valueName":"search_term_string"}}],"inLanguage":"es"},{"@type":"Organization","@id":"https:\/\/blumiz.com\/es\/#organization","name":"Blumiz CBD","alternateName":"Blumiz","url":"https:\/\/blumiz.com\/es\/","logo":{"@type":"ImageObject","inLanguage":"es","@id":"https:\/\/blumiz.com\/es\/#\/schema\/logo\/image\/","url":"https:\/\/blumiz.com\/wp-content\/uploads\/2026\/02\/cropped-Blumiz-CBD-logo.webp","contentUrl":"https:\/\/blumiz.com\/wp-content\/uploads\/2026\/02\/cropped-Blumiz-CBD-logo.webp","width":2547,"height":778,"caption":"Blumiz CBD"},"image":{"@id":"https:\/\/blumiz.com\/es\/#\/schema\/logo\/image\/"}}]},"product_price_amount":"34.95","product_price_currency":"EUR","og_availability":"instock","product_availability":"instock","product_retailer_item_id":"2479","product_condition":"new"},"_links":{"self":[{"href":"https:\/\/blumiz.com\/es\/wp-json\/wp\/v2\/product\/11334","targetHints":{"allow":["GET"]}}],"collection":[{"href":"https:\/\/blumiz.com\/es\/wp-json\/wp\/v2\/product"}],"about":[{"href":"https:\/\/blumiz.com\/es\/wp-json\/wp\/v2\/types\/product"}],"replies":[{"embeddable":true,"href":"https:\/\/blumiz.com\/es\/wp-json\/wp\/v2\/comments?post=11334"}],"version-history":[{"count":0,"href":"https:\/\/blumiz.com\/es\/wp-json\/wp\/v2\/product\/11334\/revisions"}],"wp:featuredmedia":[{"embeddable":true,"href":"https:\/\/blumiz.com\/es\/wp-json\/wp\/v2\/media\/10488"}],"wp:attachment":[{"href":"https:\/\/blumiz.com\/es\/wp-json\/wp\/v2\/media?parent=11334"}],"wp:term":[{"taxonomy":"product_brand","embeddable":true,"href":"https:\/\/blumiz.com\/es\/wp-json\/wp\/v2\/product_brand?post=11334"},{"taxonomy":"product_cat","embeddable":true,"href":"https:\/\/blumiz.com\/es\/wp-json\/wp\/v2\/product_cat?post=11334"},{"taxonomy":"product_tag","embeddable":true,"href":"https:\/\/blumiz.com\/es\/wp-json\/wp\/v2\/product_tag?post=11334"}],"curies":[{"name":"wp","href":"https:\/\/api.w.org\/{rel}","templated":true}]}}