{"id":11335,"date":"2020-09-06T06:46:32","date_gmt":"2020-09-06T05:46:32","guid":{"rendered":"https:\/\/blumiz.com\/produkt\/cbg-skuff-polen-13\/"},"modified":"2025-02-11T13:03:12","modified_gmt":"2025-02-11T12:03:12","slug":"polen-cbg-skuff-pollen-13","status":"publish","type":"product","link":"https:\/\/blumiz.com\/es\/producto\/polen-cbg-skuff-pollen-13\/","title":{"rendered":"CBG Skuff Polen 13%"},"content":{"rendered":"<h2><span style=\"color: #107d85;\">CBG Skuff Polen 13% <\/span><\/h2>\n<h4><span style=\"color: #ff6600;\">Un polen h\u00edbrido CBG rico en terpenos<\/span><\/h4>\n<p>El CBG de polen es una extracci\u00f3n de tricomas realizada directamente en las flores gracias al paso por un tamiz.<br \/>\nRedescubre el sabor de la legendaria variedad CBG Kush. Apreciar\u00e1 su delicado sabor a lim\u00f3n y naranja, combinado con aromas de menta y pimienta para una explosi\u00f3n de sabor en la boca.<\/p>\n<p>\u00bfPara qui\u00e9n es adecuado el polen CBG?<\/p>\n<p>Este producto se dirige a todos los grupos destinatarios gracias a su concentraci\u00f3n media de cannabigerol del 13%. \u00a1Disfrute de esta legendaria variedad con absoluta tranquilidad! No contiene THC. Sin peligro para la salud ni posible adicci\u00f3n. Su textura dura y desmenuzable facilita su consumo.<\/p>\n<h4><span style=\"color: #ff6600;\">Nuestra opini\u00f3n sobre CBG Skuff 13%<\/span><\/h4>\n<p>\u00a1CBG Skuff 13% Polen es un valor seguro! Su dominancia sativa le confiere un car\u00e1cter energizante y estimulante. Cruzado con la variedad Indica, este polen se mantiene bastante equilibrado. Puede consumirse a cualquier hora del d\u00eda. No provoca somnolencia.<\/p>\n<h4><span style=\"color: #ff6600;\">Propiedades del polen CBG Skuff 13%<\/span><\/h4>\n<p>Lo que hace que este polen sea tan popular son los numerosos terpenos que lo componen. Encontrar\u00e1 muchos sabores naturales muy intensos. Perfecto para los consumidores que buscan sabores distintos para disfrutar de un buen rato de relajaci\u00f3n. Encontrar\u00e1 todos los beneficios del cannabis legal: Relajaci\u00f3n muscular, relajaci\u00f3n, sedaci\u00f3n&#8230;<\/p>\n<h4><span style=\"color: #ff6600;\">\u00bfEs el polen CBG limpio y sano?<\/span><\/h4>\n<p>Todo nuestro polen procede de cultivos ecol\u00f3gicos. All\u00ed no encontrar\u00e1 pesticidas.<br \/>\nNuestros proveedores son seleccionados a mano para ofrecerte los mejores productos. Si te gusta el polen natural, tambi\u00e9n te recomendamos el<a href=\"https:\/\/blumiz.com\/producto\/caramelo-cbd-hash-20\/\">Hach\u00eds Caramelo<\/a>, que creemos que es uno de los mejores hach\u00eds del mercado y adem\u00e1s es 100% natural, ya que se extrae mediante t\u00e9cnicas tradicionales.<\/p>\n<h4><span style=\"color: #ff6600;\">Descubre tambi\u00e9n nuestra <a style=\"color: #ff6600;\" href=\"\/?product_cat=cbd-blueten\">CBD Flower Shop<\/a> para completar tu hach\u00eds<\/span><\/h4>\n<p>Flores CBD est\u00e1n disponibles en diferentes sabores y concentraciones de CBD. Nuestras flores de CBD se someten a estrictos criterios externos de calidad. Se venden como materias primas y no contienen aditivos qu\u00edmicos ni impurezas.<\/p>\n<p>Descubre nuestros <a href=\"https:\/\/blumiz.com\/es\/category\/headshop-es\/\">productos y accesorios Headshop<\/a> para disfrutar de tus variedades favoritas<\/p>\n<h4><span style=\"color: #ff6600;\">Hacer un pedido a Blumiz significa:<\/span><\/h4>\n<p>&#8211; Entrega r\u00e1pida, discreta e inodora<br \/>\n&#8211; Productos de calidad y certificados por laboratorios<br \/>\n&#8211; Precios inmejorables, ya que fabricamos nuestros productos nosotros mismos<\/p>\n<p>Descubra tambi\u00e9n aqu\u00ed nuestras <a href=\"\/?product_cat=cbd-blueten\">Flores CBD<\/a><\/p>\n<p>Una pregunta, \u00bfnecesitas ayuda?  <a href=\"https:\/\/blumiz.com\/hilfe-und-faqs\/\">Haga clic aqu\u00ed para descubrir nuestro centro de ayuda.<\/a><\/p>\n","protected":false},"excerpt":{"rendered":"<h4><span style=\"color: #107d85;\">CBG Skuff Polen 13% <\/span><\/h4>\n<p>Encuentra todo el sabor fresco e intenso de CBG Kush en su versi\u00f3n Skuff CBG 13%.<\/p>\n<p>Skuff CBG es el polen m\u00e1s natural que existe, recogido a trav\u00e9s de un tamiz y filtrado varias veces durante m\u00e1s de una hora, se obtiene un polen 100% natural y muy pulverulento.<\/p>\n<p>\u00a1Sucumbe a los sabores de la famosa CBG Kush! Aromas naturales de fruta, menta y pimienta. Algo para complacer las papilas gustativas y las fosas nasales de los consumidores m\u00e1s avezados con la flor CBG Amnesia. Este polen CBG de predominancia sativa tiene un efecto estimulante y energizante. Consumir a cualquier hora del d\u00eda.<\/p>\n","protected":false},"featured_media":10425,"comment_status":"open","ping_status":"closed","template":"","meta":{"site-sidebar-layout":"default","site-content-layout":"default","ast-site-content-layout":"default","site-content-style":"default","site-sidebar-style":"default","ast-global-header-display":"","ast-banner-title-visibility":"","ast-main-header-display":"","ast-hfb-above-header-display":"","ast-hfb-below-header-display":"","ast-hfb-mobile-header-display":"","site-post-title":"","ast-breadcrumbs-content":"","ast-featured-img":"","footer-sml-layout":"","ast-disable-related-posts":"","theme-transparent-header-meta":"default","adv-header-id-meta":"","stick-header-meta":"default","header-above-stick-meta":"","header-main-stick-meta":"","header-below-stick-meta":"","astra-migrate-meta-layouts":"default","ast-page-background-enabled":"default","ast-page-background-meta":{"desktop":{"background-color":"","background-image":"","background-repeat":"repeat","background-position":"center center","background-size":"auto","background-attachment":"scroll","background-type":"","background-media":"","overlay-type":"","overlay-color":"","overlay-opacity":"","overlay-gradient":""},"tablet":{"background-color":"","background-image":"","background-repeat":"repeat","background-position":"center center","background-size":"auto","background-attachment":"scroll","background-type":"","background-media":"","overlay-type":"","overlay-color":"","overlay-opacity":"","overlay-gradient":""},"mobile":{"background-color":"","background-image":"","background-repeat":"repeat","background-position":"center center","background-size":"auto","background-attachment":"scroll","background-type":"","background-media":"","overlay-type":"","overlay-color":"","overlay-opacity":"","overlay-gradient":""}},"ast-content-background-meta":{"desktop":{"background-color":"var(--ast-global-color-5)","background-image":"","background-repeat":"repeat","background-position":"center center","background-size":"auto","background-attachment":"scroll","background-type":"","background-media":"","overlay-type":"","overlay-color":"","overlay-opacity":"","overlay-gradient":""},"tablet":{"background-color":"var(--ast-global-color-5)","background-image":"","background-repeat":"repeat","background-position":"center center","background-size":"auto","background-attachment":"scroll","background-type":"","background-media":"","overlay-type":"","overlay-color":"","overlay-opacity":"","overlay-gradient":""},"mobile":{"background-color":"var(--ast-global-color-5)","background-image":"","background-repeat":"repeat","background-position":"center center","background-size":"auto","background-attachment":"scroll","background-type":"","background-media":"","overlay-type":"","overlay-color":"","overlay-opacity":"","overlay-gradient":""}}},"product_brand":[],"product_cat":[305,266,262],"product_tag":[237,236],"class_list":{"0":"post-11335","1":"product","2":"type-product","3":"status-publish","4":"has-post-thumbnail","6":"product_cat-cbd-es","7":"product_cat-hachis-cbd","8":"product_cat-hachis-y-concentrados","9":"product_tag-flores-cbd-baratas","10":"product_tag-poderosas-flores-de-cbd","11":"pa_cbd-rate-10-a-20-cbd-es","12":"pa_kategorie-greenhouse-cbd-es","13":"desktop-align-left","14":"tablet-align-center","15":"mobile-align-left","16":"ast-product-gallery-layout-vertical","17":"ast-product-gallery-with-no-image","18":"ast-magnify-disabled","19":"ast-product-single-variable","20":"ast-product-tabs-layout-horizontal","22":"first","23":"instock","24":"taxable","25":"shipping-taxable","26":"purchasable","27":"product-type-variable"},"yoast_head":"<!-- This site is optimized with the Yoast SEO Premium plugin v27.2 (Yoast SEO v27.5) - https:\/\/yoast.com\/product\/yoast-seo-premium-wordpress\/ -->\n<title>Polen CBG \/ CBD : Extracci\u00f3n de CBG Kief 13% a partir de 1,80\u20ac\/g CBG Kief<\/title>\n<meta name=\"description\" content=\"Polen \/ Skuff \/ Kief CBG...Calidad...Extra\u00eddo a mano para acompa\u00f1ar tus porros...Extracci\u00f3n CBG en Espa\u00f1a legalmente...Entrega r\u00e1pida y discreta.\" \/>\n<meta name=\"robots\" content=\"index, follow, max-snippet:-1, max-image-preview:large, max-video-preview:-1\" \/>\n<link rel=\"canonical\" href=\"https:\/\/blumiz.com\/es\/producto\/polen-cbg-skuff-pollen-13\/\" \/>\n<meta property=\"og:locale\" content=\"es_ES\" \/>\n<meta property=\"og:type\" content=\"article\" \/>\n<meta property=\"og:title\" content=\"CBG Skuff Polen 13%\" \/>\n<meta property=\"og:description\" content=\"CBG Skuff Polen 13% Blumiz - Premium CBD\" \/>\n<meta property=\"og:url\" content=\"https:\/\/blumiz.com\/es\/producto\/polen-cbg-skuff-pollen-13\/\" \/>\n<meta property=\"og:site_name\" content=\"Blumiz - Premium CBD\" \/>\n<meta property=\"article:modified_time\" content=\"2025-02-11T12:03:12+00:00\" \/>\n<meta property=\"og:image\" content=\"https:\/\/blumiz.com\/wp-content\/uploads\/2022\/09\/CBD-POLLEN-1.webp\" \/>\n\t<meta property=\"og:image:width\" content=\"600\" \/>\n\t<meta property=\"og:image:height\" content=\"600\" \/>\n\t<meta property=\"og:image:type\" content=\"image\/webp\" \/>\n<meta name=\"twitter:card\" content=\"summary_large_image\" \/>\n<meta name=\"twitter:label1\" content=\"Disponibilidad\" \/>\n\t<meta name=\"twitter:data1\" content=\"Disponible\" \/>\n<script type=\"application\/ld+json\" class=\"yoast-schema-graph\">{\"@context\":\"https:\\\/\\\/schema.org\",\"@graph\":[{\"@type\":\"WebPage\",\"@id\":\"https:\\\/\\\/blumiz.com\\\/es\\\/producto\\\/polen-cbg-skuff-pollen-13\\\/\",\"url\":\"https:\\\/\\\/blumiz.com\\\/es\\\/producto\\\/polen-cbg-skuff-pollen-13\\\/\",\"name\":\"Polen CBG \\\/ CBD : Extracci\u00f3n de CBG Kief 13% a partir de 1,80\u20ac\\\/g CBG Kief\",\"isPartOf\":{\"@id\":\"https:\\\/\\\/blumiz.com\\\/es\\\/#website\"},\"primaryImageOfPage\":{\"@id\":\"https:\\\/\\\/blumiz.com\\\/es\\\/producto\\\/polen-cbg-skuff-pollen-13\\\/#primaryimage\"},\"image\":{\"@id\":\"https:\\\/\\\/blumiz.com\\\/es\\\/producto\\\/polen-cbg-skuff-pollen-13\\\/#primaryimage\"},\"thumbnailUrl\":\"https:\\\/\\\/blumiz.com\\\/wp-content\\\/uploads\\\/2022\\\/09\\\/CBD-POLLEN-1.webp\",\"datePublished\":\"2020-09-06T05:46:32+00:00\",\"dateModified\":\"2025-02-11T12:03:12+00:00\",\"description\":\"Polen \\\/ Skuff \\\/ Kief CBG...Calidad...Extra\u00eddo a mano para acompa\u00f1ar tus porros...Extracci\u00f3n CBG en Espa\u00f1a legalmente...Entrega r\u00e1pida y discreta.\",\"breadcrumb\":{\"@id\":\"https:\\\/\\\/blumiz.com\\\/es\\\/producto\\\/polen-cbg-skuff-pollen-13\\\/#breadcrumb\"},\"inLanguage\":\"es\",\"potentialAction\":[{\"@type\":\"ReadAction\",\"target\":[\"https:\\\/\\\/blumiz.com\\\/es\\\/producto\\\/polen-cbg-skuff-pollen-13\\\/\"]}]},{\"@type\":\"ImageObject\",\"inLanguage\":\"es\",\"@id\":\"https:\\\/\\\/blumiz.com\\\/es\\\/producto\\\/polen-cbg-skuff-pollen-13\\\/#primaryimage\",\"url\":\"https:\\\/\\\/blumiz.com\\\/wp-content\\\/uploads\\\/2022\\\/09\\\/CBD-POLLEN-1.webp\",\"contentUrl\":\"https:\\\/\\\/blumiz.com\\\/wp-content\\\/uploads\\\/2022\\\/09\\\/CBD-POLLEN-1.webp\",\"width\":600,\"height\":600},{\"@type\":\"BreadcrumbList\",\"@id\":\"https:\\\/\\\/blumiz.com\\\/es\\\/producto\\\/polen-cbg-skuff-pollen-13\\\/#breadcrumb\",\"itemListElement\":[{\"@type\":\"ListItem\",\"position\":1,\"name\":\"Blumiz\",\"item\":\"https:\\\/\\\/blumiz.com\\\/es\\\/\"},{\"@type\":\"ListItem\",\"position\":2,\"name\":\"CBD Shop\",\"item\":\"https:\\\/\\\/blumiz.com\\\/es\\\/tienda\\\/\"},{\"@type\":\"ListItem\",\"position\":3,\"name\":\"Hachis y concentrados\",\"item\":\"https:\\\/\\\/blumiz.com\\\/es\\\/category\\\/hachis-y-concentrados\\\/\"},{\"@type\":\"ListItem\",\"position\":4,\"name\":\"CBG Skuff Polen 13%\"}]},{\"@type\":\"WebSite\",\"@id\":\"https:\\\/\\\/blumiz.com\\\/es\\\/#website\",\"url\":\"https:\\\/\\\/blumiz.com\\\/es\\\/\",\"name\":\"Blumiz - Premium CBD\",\"description\":\"Un CBD al mejor precio y de calidad superior\",\"publisher\":{\"@id\":\"https:\\\/\\\/blumiz.com\\\/es\\\/#organization\"},\"alternateName\":\"Blumiz\",\"potentialAction\":[{\"@type\":\"SearchAction\",\"target\":{\"@type\":\"EntryPoint\",\"urlTemplate\":\"https:\\\/\\\/blumiz.com\\\/es\\\/?s={search_term_string}\"},\"query-input\":{\"@type\":\"PropertyValueSpecification\",\"valueRequired\":true,\"valueName\":\"search_term_string\"}}],\"inLanguage\":\"es\"},{\"@type\":\"Organization\",\"@id\":\"https:\\\/\\\/blumiz.com\\\/es\\\/#organization\",\"name\":\"Blumiz CBD\",\"alternateName\":\"Blumiz\",\"url\":\"https:\\\/\\\/blumiz.com\\\/es\\\/\",\"logo\":{\"@type\":\"ImageObject\",\"inLanguage\":\"es\",\"@id\":\"https:\\\/\\\/blumiz.com\\\/es\\\/#\\\/schema\\\/logo\\\/image\\\/\",\"url\":\"https:\\\/\\\/blumiz.com\\\/wp-content\\\/uploads\\\/2026\\\/02\\\/cropped-Blumiz-CBD-logo.webp\",\"contentUrl\":\"https:\\\/\\\/blumiz.com\\\/wp-content\\\/uploads\\\/2026\\\/02\\\/cropped-Blumiz-CBD-logo.webp\",\"width\":2547,\"height\":778,\"caption\":\"Blumiz CBD\"},\"image\":{\"@id\":\"https:\\\/\\\/blumiz.com\\\/es\\\/#\\\/schema\\\/logo\\\/image\\\/\"}}]}<\/script>\n<meta property=\"og:availability\" content=\"instock\" \/>\n<meta property=\"product:availability\" content=\"instock\" \/>\n<meta property=\"product:retailer_item_id\" content=\"9882946\" \/>\n<meta property=\"product:condition\" content=\"new\" \/>\n<!-- \/ Yoast SEO Premium plugin. -->","yoast_head_json":{"title":"Polen CBG \/ CBD : Extracci\u00f3n de CBG Kief 13% a partir de 1,80\u20ac\/g CBG Kief","description":"Polen \/ Skuff \/ Kief CBG...Calidad...Extra\u00eddo a mano para acompa\u00f1ar tus porros...Extracci\u00f3n CBG en Espa\u00f1a legalmente...Entrega r\u00e1pida y discreta.","robots":{"index":"index","follow":"follow","max-snippet":"max-snippet:-1","max-image-preview":"max-image-preview:large","max-video-preview":"max-video-preview:-1"},"canonical":"https:\/\/blumiz.com\/es\/producto\/polen-cbg-skuff-pollen-13\/","og_locale":"es_ES","og_type":"article","og_title":"CBG Skuff Polen 13%","og_description":"CBG Skuff Polen 13% Blumiz - Premium CBD","og_url":"https:\/\/blumiz.com\/es\/producto\/polen-cbg-skuff-pollen-13\/","og_site_name":"Blumiz - Premium CBD","article_modified_time":"2025-02-11T12:03:12+00:00","og_image":[{"width":600,"height":600,"url":"https:\/\/blumiz.com\/wp-content\/uploads\/2022\/09\/CBD-POLLEN-1.webp","type":"image\/webp"}],"twitter_card":"summary_large_image","twitter_misc":{"Disponibilidad":"Disponible"},"schema":{"@context":"https:\/\/schema.org","@graph":[{"@type":"WebPage","@id":"https:\/\/blumiz.com\/es\/producto\/polen-cbg-skuff-pollen-13\/","url":"https:\/\/blumiz.com\/es\/producto\/polen-cbg-skuff-pollen-13\/","name":"Polen CBG \/ CBD : Extracci\u00f3n de CBG Kief 13% a partir de 1,80\u20ac\/g CBG Kief","isPartOf":{"@id":"https:\/\/blumiz.com\/es\/#website"},"primaryImageOfPage":{"@id":"https:\/\/blumiz.com\/es\/producto\/polen-cbg-skuff-pollen-13\/#primaryimage"},"image":{"@id":"https:\/\/blumiz.com\/es\/producto\/polen-cbg-skuff-pollen-13\/#primaryimage"},"thumbnailUrl":"https:\/\/blumiz.com\/wp-content\/uploads\/2022\/09\/CBD-POLLEN-1.webp","datePublished":"2020-09-06T05:46:32+00:00","dateModified":"2025-02-11T12:03:12+00:00","description":"Polen \/ Skuff \/ Kief CBG...Calidad...Extra\u00eddo a mano para acompa\u00f1ar tus porros...Extracci\u00f3n CBG en Espa\u00f1a legalmente...Entrega r\u00e1pida y discreta.","breadcrumb":{"@id":"https:\/\/blumiz.com\/es\/producto\/polen-cbg-skuff-pollen-13\/#breadcrumb"},"inLanguage":"es","potentialAction":[{"@type":"ReadAction","target":["https:\/\/blumiz.com\/es\/producto\/polen-cbg-skuff-pollen-13\/"]}]},{"@type":"ImageObject","inLanguage":"es","@id":"https:\/\/blumiz.com\/es\/producto\/polen-cbg-skuff-pollen-13\/#primaryimage","url":"https:\/\/blumiz.com\/wp-content\/uploads\/2022\/09\/CBD-POLLEN-1.webp","contentUrl":"https:\/\/blumiz.com\/wp-content\/uploads\/2022\/09\/CBD-POLLEN-1.webp","width":600,"height":600},{"@type":"BreadcrumbList","@id":"https:\/\/blumiz.com\/es\/producto\/polen-cbg-skuff-pollen-13\/#breadcrumb","itemListElement":[{"@type":"ListItem","position":1,"name":"Blumiz","item":"https:\/\/blumiz.com\/es\/"},{"@type":"ListItem","position":2,"name":"CBD Shop","item":"https:\/\/blumiz.com\/es\/tienda\/"},{"@type":"ListItem","position":3,"name":"Hachis y concentrados","item":"https:\/\/blumiz.com\/es\/category\/hachis-y-concentrados\/"},{"@type":"ListItem","position":4,"name":"CBG Skuff Polen 13%"}]},{"@type":"WebSite","@id":"https:\/\/blumiz.com\/es\/#website","url":"https:\/\/blumiz.com\/es\/","name":"Blumiz - Premium CBD","description":"Un CBD al mejor precio y de calidad superior","publisher":{"@id":"https:\/\/blumiz.com\/es\/#organization"},"alternateName":"Blumiz","potentialAction":[{"@type":"SearchAction","target":{"@type":"EntryPoint","urlTemplate":"https:\/\/blumiz.com\/es\/?s={search_term_string}"},"query-input":{"@type":"PropertyValueSpecification","valueRequired":true,"valueName":"search_term_string"}}],"inLanguage":"es"},{"@type":"Organization","@id":"https:\/\/blumiz.com\/es\/#organization","name":"Blumiz CBD","alternateName":"Blumiz","url":"https:\/\/blumiz.com\/es\/","logo":{"@type":"ImageObject","inLanguage":"es","@id":"https:\/\/blumiz.com\/es\/#\/schema\/logo\/image\/","url":"https:\/\/blumiz.com\/wp-content\/uploads\/2026\/02\/cropped-Blumiz-CBD-logo.webp","contentUrl":"https:\/\/blumiz.com\/wp-content\/uploads\/2026\/02\/cropped-Blumiz-CBD-logo.webp","width":2547,"height":778,"caption":"Blumiz CBD"},"image":{"@id":"https:\/\/blumiz.com\/es\/#\/schema\/logo\/image\/"}}]},"og_availability":"instock","product_availability":"instock","product_retailer_item_id":"9882946","product_condition":"new"},"_links":{"self":[{"href":"https:\/\/blumiz.com\/es\/wp-json\/wp\/v2\/product\/11335","targetHints":{"allow":["GET"]}}],"collection":[{"href":"https:\/\/blumiz.com\/es\/wp-json\/wp\/v2\/product"}],"about":[{"href":"https:\/\/blumiz.com\/es\/wp-json\/wp\/v2\/types\/product"}],"replies":[{"embeddable":true,"href":"https:\/\/blumiz.com\/es\/wp-json\/wp\/v2\/comments?post=11335"}],"version-history":[{"count":0,"href":"https:\/\/blumiz.com\/es\/wp-json\/wp\/v2\/product\/11335\/revisions"}],"wp:featuredmedia":[{"embeddable":true,"href":"https:\/\/blumiz.com\/es\/wp-json\/wp\/v2\/media\/10425"}],"wp:attachment":[{"href":"https:\/\/blumiz.com\/es\/wp-json\/wp\/v2\/media?parent=11335"}],"wp:term":[{"taxonomy":"product_brand","embeddable":true,"href":"https:\/\/blumiz.com\/es\/wp-json\/wp\/v2\/product_brand?post=11335"},{"taxonomy":"product_cat","embeddable":true,"href":"https:\/\/blumiz.com\/es\/wp-json\/wp\/v2\/product_cat?post=11335"},{"taxonomy":"product_tag","embeddable":true,"href":"https:\/\/blumiz.com\/es\/wp-json\/wp\/v2\/product_tag?post=11335"}],"curies":[{"name":"wp","href":"https:\/\/api.w.org\/{rel}","templated":true}]}}