{"id":11342,"date":"2020-09-06T06:51:28","date_gmt":"2020-09-06T06:51:28","guid":{"rendered":"https:\/\/blumiz.com\/produkt\/charas-amnesia-25\/"},"modified":"2025-10-07T09:59:20","modified_gmt":"2025-10-07T08:59:20","slug":"charas-cbd-hash-amnesia-25","status":"publish","type":"product","link":"https:\/\/blumiz.com\/es\/producto\/charas-cbd-hash-amnesia-25\/","title":{"rendered":"Charas Amnesia 25%"},"content":{"rendered":"<h2><span style=\"color: #107d85;\">Hachis CBD Charas Amnesia 25%<\/span><\/h2>\n<h4><span style=\"color: #ff6600;\">Rel\u00e1jate con un concentrado de Charas Hachis CBDAmnesia<\/span><\/h4>\n<p>Este Charas Hachis CBDAmnesia 25% se compone del polen de la planta de c\u00e1\u00f1amo y se vende en bolsitas de 2 gramos o 10 gramos. Muy f\u00e1cil de trabajar, gracias a su textura maleable es f\u00e1cil de usar. Puedes a\u00f1adirlo a tus recetas, consumirlo en infusi\u00f3n o incluso vaporizarlo. Esta resina no contiene m\u00e1s de 0,2 de THC y no tiene ning\u00fan efecto psicotr\u00f3pico.<\/p>\n<p>Este hach\u00eds CBD est\u00e1 muy concentrado en cannabidiol y tiene sabores fuertes que atraen a los entusiastas del consumo de c\u00e1\u00f1amo.<\/p>\n<h4><span style=\"color: #ff6600;\">Propiedades del Charas Hachis CBDAmnesia 25%.<\/span><\/h4>\n<p>Tiene propiedades calmantes<br \/>\nFormulado con menos del 0,2 THC<br \/>\nPara vaporizar, infusionar o cocinar<br \/>\nPotente fragancia<br \/>\nContiene un 25% de CBD<br \/>\nMuy maleable y, por tanto, f\u00e1cil de procesar<\/p>\n<h4><span style=\"color: #ff6600;\">Ventajas de Charas Amnesia 25% CBD Hash<\/span><\/h4>\n<p>Este hach\u00eds deCharas amnesia 25% CBD est\u00e1 destinado a los consumidores habituales de CBD. Formulado con un 50% de CBD, permite disfrutar de los beneficios de la mol\u00e9cula del c\u00e1\u00f1amo. Este producto puede ayudarte a aliviar el estr\u00e9s o ciertos dolores. Tambi\u00e9n puede facilitarle el sue\u00f1o.<\/p>\n<h4><span style=\"color: #ff6600;\">Consejos para usar este concentrado de Charas Hachis CBDAmnesia<\/span><\/h4>\n<p>Para consumir este hach\u00eds, tienes varias opciones. Basta con preparar una infusi\u00f3n. Para ello, calienta un poco de agua y deja que una parte de tu resina se infusione en el l\u00edquido. Considera a\u00f1adir una sustancia grasa como nata, leche o aceite para obtener todos los beneficios del CBD. Tambi\u00e9n puedes consumir tu hach\u00eds en forma de vape. Todo lo que tienes que hacer es sacar un poco de tu producto y ponerlo en el tanque de tu vaporizador.<\/p>\n<p>Lista de ingredientes Charas Amnesia<br \/>\nExtracto de cannabis<br \/>\n25 % CBD<br \/>\nTambi\u00e9n puede descubrir el mismo Charas con <a href=\"https:\/\/blumiz.com\/producto\/charas-mango-cbd-20\/\">sabor a MANGO<\/a> o en su <a href=\"https:\/\/blumiz.com\/producto\/charas-cbd-hash-30\/\">versi\u00f3n cl\u00e1sica<\/a><\/p>\n<h4><span style=\"color: #ff6600;\">Descubre tambi\u00e9n nuestra <a style=\"color: #ff6600;\" href=\"\/?product_cat=cbd-blueten\">CBD Flower Shop<\/a> para completar tu hach\u00eds<\/span><\/h4>\n<p>Flores CBD est\u00e1n disponibles en diferentes sabores y concentraciones de CBD. Nuestras flores de CBD se someten a estrictos criterios externos de calidad. Se venden como materias primas y no contienen aditivos qu\u00edmicos ni impurezas.<\/p>\n<p>Descubre nuestros <a href=\"https:\/\/blumiz.com\/es\/category\/headshop-es\/\">productos y accesorios Headshop<\/a> para disfrutar de tus variedades favoritas<\/p>\n<h4><span style=\"color: #ff6600;\">Hacer un pedido a Blumiz significa:<\/span><\/h4>\n<p>&#8211; Entrega r\u00e1pida, discreta e inodora<br \/>\n&#8211; Productos de calidad y certificados por laboratorios<br \/>\n&#8211; Precios inmejorables, ya que fabricamos nuestros productos nosotros mismos<\/p>\n<p>Descubra tambi\u00e9n aqu\u00ed nuestras <a href=\"\/?product_cat=cbd-blueten\">Flores CBD<\/a><\/p>\n<p>Una pregunta, \u00bfnecesitas ayuda?  <a href=\"https:\/\/blumiz.com\/hilfe-und-faqs\/\">Haga clic aqu\u00ed para descubrir nuestro centro de ayuda.<\/a><\/p>\n","protected":false},"excerpt":{"rendered":"<h4><span style=\"color: #107d85;\">Hachis CBD Charas Amnesia 25%<\/span><\/h4>\n<p>Charas Amnesia 25% CBD Hash: una resina altamente concentrada<\/p>\n<p>Textura muy maleable, intensa concentraci\u00f3n de cannabidiol, aroma muy marcado: \u00a1Charas Amnesia 25% CBD lo tiene todo para seducir a los asiduos al consumo de CBD! En infusi\u00f3n o vaporizaci\u00f3n, ayuda a relajarse.<\/p>\n","protected":false},"featured_media":10423,"comment_status":"open","ping_status":"closed","template":"","meta":{"site-sidebar-layout":"default","site-content-layout":"default","ast-site-content-layout":"default","site-content-style":"default","site-sidebar-style":"default","ast-global-header-display":"","ast-banner-title-visibility":"","ast-main-header-display":"","ast-hfb-above-header-display":"","ast-hfb-below-header-display":"","ast-hfb-mobile-header-display":"","site-post-title":"","ast-breadcrumbs-content":"","ast-featured-img":"","footer-sml-layout":"","ast-disable-related-posts":"","theme-transparent-header-meta":"default","adv-header-id-meta":"","stick-header-meta":"default","header-above-stick-meta":"","header-main-stick-meta":"","header-below-stick-meta":"","astra-migrate-meta-layouts":"default","ast-page-background-enabled":"default","ast-page-background-meta":{"desktop":{"background-color":"","background-image":"","background-repeat":"repeat","background-position":"center center","background-size":"auto","background-attachment":"scroll","background-type":"","background-media":"","overlay-type":"","overlay-color":"","overlay-opacity":"","overlay-gradient":""},"tablet":{"background-color":"","background-image":"","background-repeat":"repeat","background-position":"center center","background-size":"auto","background-attachment":"scroll","background-type":"","background-media":"","overlay-type":"","overlay-color":"","overlay-opacity":"","overlay-gradient":""},"mobile":{"background-color":"","background-image":"","background-repeat":"repeat","background-position":"center center","background-size":"auto","background-attachment":"scroll","background-type":"","background-media":"","overlay-type":"","overlay-color":"","overlay-opacity":"","overlay-gradient":""}},"ast-content-background-meta":{"desktop":{"background-color":"var(--ast-global-color-5)","background-image":"","background-repeat":"repeat","background-position":"center center","background-size":"auto","background-attachment":"scroll","background-type":"","background-media":"","overlay-type":"","overlay-color":"","overlay-opacity":"","overlay-gradient":""},"tablet":{"background-color":"var(--ast-global-color-5)","background-image":"","background-repeat":"repeat","background-position":"center center","background-size":"auto","background-attachment":"scroll","background-type":"","background-media":"","overlay-type":"","overlay-color":"","overlay-opacity":"","overlay-gradient":""},"mobile":{"background-color":"var(--ast-global-color-5)","background-image":"","background-repeat":"repeat","background-position":"center center","background-size":"auto","background-attachment":"scroll","background-type":"","background-media":"","overlay-type":"","overlay-color":"","overlay-opacity":"","overlay-gradient":""}}},"product_brand":[],"product_cat":[305,266,262],"product_tag":[237,236],"class_list":{"0":"post-11342","1":"product","2":"type-product","3":"status-publish","4":"has-post-thumbnail","6":"product_cat-cbd-es","7":"product_cat-hachis-cbd","8":"product_cat-hachis-y-concentrados","9":"product_tag-flores-cbd-baratas","10":"product_tag-poderosas-flores-de-cbd","11":"pa_cbd-rate-mas-del-20-de-cbd","12":"pa_kategorie-greenhouse-cbd-es","13":"desktop-align-left","14":"tablet-align-center","15":"mobile-align-left","16":"ast-product-gallery-layout-vertical","17":"ast-product-gallery-with-no-image","18":"ast-magnify-disabled","19":"ast-product-single-variable","20":"ast-product-tabs-layout-horizontal","22":"first","23":"outofstock","24":"taxable","25":"shipping-taxable","26":"purchasable","27":"product-type-variable"},"yoast_head":"<!-- This site is optimized with the Yoast SEO Premium plugin v27.2 (Yoast SEO v27.5) - https:\/\/yoast.com\/product\/yoast-seo-premium-wordpress\/ -->\n<title>Charas CBD hash Amnesia 25% desde3,4\u20ac\/g..Potente CBD<\/title>\n<meta name=\"description\" content=\"Charas CBD hash Amnesia 25% desde 3,4\u20ac\/g....Charas Amnesia es un hach\u00eds CBD muy fuerte..apreciado por su sabor Amnesia..Legal en Espa\u00f1a Prem\" \/>\n<meta name=\"robots\" content=\"index, follow, max-snippet:-1, max-image-preview:large, max-video-preview:-1\" \/>\n<link rel=\"canonical\" href=\"https:\/\/blumiz.com\/es\/producto\/charas-cbd-hash-amnesia-25\/\" \/>\n<meta property=\"og:locale\" content=\"es_ES\" \/>\n<meta property=\"og:type\" content=\"article\" \/>\n<meta property=\"og:title\" content=\"Charas Amnesia 25%\" \/>\n<meta property=\"og:description\" content=\"Charas Amnesia 25% Blumiz - Premium CBD\" \/>\n<meta property=\"og:url\" content=\"https:\/\/blumiz.com\/es\/producto\/charas-cbd-hash-amnesia-25\/\" \/>\n<meta property=\"og:site_name\" content=\"Blumiz - Premium CBD\" \/>\n<meta property=\"article:modified_time\" content=\"2025-10-07T08:59:20+00:00\" \/>\n<meta property=\"og:image\" content=\"https:\/\/blumiz.com\/wp-content\/uploads\/2022\/09\/Charas-amnesia-Blumiz.webp\" \/>\n\t<meta property=\"og:image:width\" content=\"600\" \/>\n\t<meta property=\"og:image:height\" content=\"600\" \/>\n\t<meta property=\"og:image:type\" content=\"image\/webp\" \/>\n<meta name=\"twitter:card\" content=\"summary_large_image\" \/>\n<meta name=\"twitter:label1\" content=\"Disponibilidad\" \/>\n\t<meta name=\"twitter:data1\" content=\"Sin existencias\" \/>\n<script type=\"application\/ld+json\" class=\"yoast-schema-graph\">{\"@context\":\"https:\\\/\\\/schema.org\",\"@graph\":[{\"@type\":\"WebPage\",\"@id\":\"https:\\\/\\\/blumiz.com\\\/es\\\/producto\\\/charas-cbd-hash-amnesia-25\\\/\",\"url\":\"https:\\\/\\\/blumiz.com\\\/es\\\/producto\\\/charas-cbd-hash-amnesia-25\\\/\",\"name\":\"Charas CBD hash Amnesia 25% desde3,4\u20ac\\\/g..Potente CBD\",\"isPartOf\":{\"@id\":\"https:\\\/\\\/blumiz.com\\\/es\\\/#website\"},\"primaryImageOfPage\":{\"@id\":\"https:\\\/\\\/blumiz.com\\\/es\\\/producto\\\/charas-cbd-hash-amnesia-25\\\/#primaryimage\"},\"image\":{\"@id\":\"https:\\\/\\\/blumiz.com\\\/es\\\/producto\\\/charas-cbd-hash-amnesia-25\\\/#primaryimage\"},\"thumbnailUrl\":\"https:\\\/\\\/blumiz.com\\\/wp-content\\\/uploads\\\/2022\\\/09\\\/Charas-amnesia-Blumiz.webp\",\"datePublished\":\"2020-09-06T06:51:28+00:00\",\"dateModified\":\"2025-10-07T08:59:20+00:00\",\"description\":\"Charas CBD hash Amnesia 25% desde 3,4\u20ac\\\/g....Charas Amnesia es un hach\u00eds CBD muy fuerte..apreciado por su sabor Amnesia..Legal en Espa\u00f1a Prem\",\"breadcrumb\":{\"@id\":\"https:\\\/\\\/blumiz.com\\\/es\\\/producto\\\/charas-cbd-hash-amnesia-25\\\/#breadcrumb\"},\"inLanguage\":\"es\",\"potentialAction\":[{\"@type\":\"ReadAction\",\"target\":[\"https:\\\/\\\/blumiz.com\\\/es\\\/producto\\\/charas-cbd-hash-amnesia-25\\\/\"]}]},{\"@type\":\"ImageObject\",\"inLanguage\":\"es\",\"@id\":\"https:\\\/\\\/blumiz.com\\\/es\\\/producto\\\/charas-cbd-hash-amnesia-25\\\/#primaryimage\",\"url\":\"https:\\\/\\\/blumiz.com\\\/wp-content\\\/uploads\\\/2022\\\/09\\\/Charas-amnesia-Blumiz.webp\",\"contentUrl\":\"https:\\\/\\\/blumiz.com\\\/wp-content\\\/uploads\\\/2022\\\/09\\\/Charas-amnesia-Blumiz.webp\",\"width\":600,\"height\":600},{\"@type\":\"BreadcrumbList\",\"@id\":\"https:\\\/\\\/blumiz.com\\\/es\\\/producto\\\/charas-cbd-hash-amnesia-25\\\/#breadcrumb\",\"itemListElement\":[{\"@type\":\"ListItem\",\"position\":1,\"name\":\"Blumiz\",\"item\":\"https:\\\/\\\/blumiz.com\\\/es\\\/\"},{\"@type\":\"ListItem\",\"position\":2,\"name\":\"CBD Shop\",\"item\":\"https:\\\/\\\/blumiz.com\\\/es\\\/tienda\\\/\"},{\"@type\":\"ListItem\",\"position\":3,\"name\":\"Hachis y concentrados\",\"item\":\"https:\\\/\\\/blumiz.com\\\/es\\\/category\\\/hachis-y-concentrados\\\/\"},{\"@type\":\"ListItem\",\"position\":4,\"name\":\"Charas Amnesia 25%\"}]},{\"@type\":\"WebSite\",\"@id\":\"https:\\\/\\\/blumiz.com\\\/es\\\/#website\",\"url\":\"https:\\\/\\\/blumiz.com\\\/es\\\/\",\"name\":\"Blumiz - Premium CBD\",\"description\":\"Un CBD al mejor precio y de calidad superior\",\"publisher\":{\"@id\":\"https:\\\/\\\/blumiz.com\\\/es\\\/#organization\"},\"alternateName\":\"Blumiz\",\"potentialAction\":[{\"@type\":\"SearchAction\",\"target\":{\"@type\":\"EntryPoint\",\"urlTemplate\":\"https:\\\/\\\/blumiz.com\\\/es\\\/?s={search_term_string}\"},\"query-input\":{\"@type\":\"PropertyValueSpecification\",\"valueRequired\":true,\"valueName\":\"search_term_string\"}}],\"inLanguage\":\"es\"},{\"@type\":\"Organization\",\"@id\":\"https:\\\/\\\/blumiz.com\\\/es\\\/#organization\",\"name\":\"Blumiz CBD\",\"alternateName\":\"Blumiz\",\"url\":\"https:\\\/\\\/blumiz.com\\\/es\\\/\",\"logo\":{\"@type\":\"ImageObject\",\"inLanguage\":\"es\",\"@id\":\"https:\\\/\\\/blumiz.com\\\/es\\\/#\\\/schema\\\/logo\\\/image\\\/\",\"url\":\"https:\\\/\\\/blumiz.com\\\/wp-content\\\/uploads\\\/2026\\\/02\\\/cropped-Blumiz-CBD-logo.webp\",\"contentUrl\":\"https:\\\/\\\/blumiz.com\\\/wp-content\\\/uploads\\\/2026\\\/02\\\/cropped-Blumiz-CBD-logo.webp\",\"width\":2547,\"height\":778,\"caption\":\"Blumiz CBD\"},\"image\":{\"@id\":\"https:\\\/\\\/blumiz.com\\\/es\\\/#\\\/schema\\\/logo\\\/image\\\/\"}}]}<\/script>\n<meta property=\"og:availability\" content=\"out of stock\" \/>\n<meta property=\"product:availability\" content=\"out of stock\" \/>\n<meta property=\"product:retailer_item_id\" content=\"91841\" \/>\n<meta property=\"product:condition\" content=\"new\" \/>\n<!-- \/ Yoast SEO Premium plugin. -->","yoast_head_json":{"title":"Charas CBD hash Amnesia 25% desde3,4\u20ac\/g..Potente CBD","description":"Charas CBD hash Amnesia 25% desde 3,4\u20ac\/g....Charas Amnesia es un hach\u00eds CBD muy fuerte..apreciado por su sabor Amnesia..Legal en Espa\u00f1a Prem","robots":{"index":"index","follow":"follow","max-snippet":"max-snippet:-1","max-image-preview":"max-image-preview:large","max-video-preview":"max-video-preview:-1"},"canonical":"https:\/\/blumiz.com\/es\/producto\/charas-cbd-hash-amnesia-25\/","og_locale":"es_ES","og_type":"article","og_title":"Charas Amnesia 25%","og_description":"Charas Amnesia 25% Blumiz - Premium CBD","og_url":"https:\/\/blumiz.com\/es\/producto\/charas-cbd-hash-amnesia-25\/","og_site_name":"Blumiz - Premium CBD","article_modified_time":"2025-10-07T08:59:20+00:00","og_image":[{"width":600,"height":600,"url":"https:\/\/blumiz.com\/wp-content\/uploads\/2022\/09\/Charas-amnesia-Blumiz.webp","type":"image\/webp"}],"twitter_card":"summary_large_image","twitter_misc":{"Disponibilidad":"Sin existencias"},"schema":{"@context":"https:\/\/schema.org","@graph":[{"@type":"WebPage","@id":"https:\/\/blumiz.com\/es\/producto\/charas-cbd-hash-amnesia-25\/","url":"https:\/\/blumiz.com\/es\/producto\/charas-cbd-hash-amnesia-25\/","name":"Charas CBD hash Amnesia 25% desde3,4\u20ac\/g..Potente CBD","isPartOf":{"@id":"https:\/\/blumiz.com\/es\/#website"},"primaryImageOfPage":{"@id":"https:\/\/blumiz.com\/es\/producto\/charas-cbd-hash-amnesia-25\/#primaryimage"},"image":{"@id":"https:\/\/blumiz.com\/es\/producto\/charas-cbd-hash-amnesia-25\/#primaryimage"},"thumbnailUrl":"https:\/\/blumiz.com\/wp-content\/uploads\/2022\/09\/Charas-amnesia-Blumiz.webp","datePublished":"2020-09-06T06:51:28+00:00","dateModified":"2025-10-07T08:59:20+00:00","description":"Charas CBD hash Amnesia 25% desde 3,4\u20ac\/g....Charas Amnesia es un hach\u00eds CBD muy fuerte..apreciado por su sabor Amnesia..Legal en Espa\u00f1a Prem","breadcrumb":{"@id":"https:\/\/blumiz.com\/es\/producto\/charas-cbd-hash-amnesia-25\/#breadcrumb"},"inLanguage":"es","potentialAction":[{"@type":"ReadAction","target":["https:\/\/blumiz.com\/es\/producto\/charas-cbd-hash-amnesia-25\/"]}]},{"@type":"ImageObject","inLanguage":"es","@id":"https:\/\/blumiz.com\/es\/producto\/charas-cbd-hash-amnesia-25\/#primaryimage","url":"https:\/\/blumiz.com\/wp-content\/uploads\/2022\/09\/Charas-amnesia-Blumiz.webp","contentUrl":"https:\/\/blumiz.com\/wp-content\/uploads\/2022\/09\/Charas-amnesia-Blumiz.webp","width":600,"height":600},{"@type":"BreadcrumbList","@id":"https:\/\/blumiz.com\/es\/producto\/charas-cbd-hash-amnesia-25\/#breadcrumb","itemListElement":[{"@type":"ListItem","position":1,"name":"Blumiz","item":"https:\/\/blumiz.com\/es\/"},{"@type":"ListItem","position":2,"name":"CBD Shop","item":"https:\/\/blumiz.com\/es\/tienda\/"},{"@type":"ListItem","position":3,"name":"Hachis y concentrados","item":"https:\/\/blumiz.com\/es\/category\/hachis-y-concentrados\/"},{"@type":"ListItem","position":4,"name":"Charas Amnesia 25%"}]},{"@type":"WebSite","@id":"https:\/\/blumiz.com\/es\/#website","url":"https:\/\/blumiz.com\/es\/","name":"Blumiz - Premium CBD","description":"Un CBD al mejor precio y de calidad superior","publisher":{"@id":"https:\/\/blumiz.com\/es\/#organization"},"alternateName":"Blumiz","potentialAction":[{"@type":"SearchAction","target":{"@type":"EntryPoint","urlTemplate":"https:\/\/blumiz.com\/es\/?s={search_term_string}"},"query-input":{"@type":"PropertyValueSpecification","valueRequired":true,"valueName":"search_term_string"}}],"inLanguage":"es"},{"@type":"Organization","@id":"https:\/\/blumiz.com\/es\/#organization","name":"Blumiz CBD","alternateName":"Blumiz","url":"https:\/\/blumiz.com\/es\/","logo":{"@type":"ImageObject","inLanguage":"es","@id":"https:\/\/blumiz.com\/es\/#\/schema\/logo\/image\/","url":"https:\/\/blumiz.com\/wp-content\/uploads\/2026\/02\/cropped-Blumiz-CBD-logo.webp","contentUrl":"https:\/\/blumiz.com\/wp-content\/uploads\/2026\/02\/cropped-Blumiz-CBD-logo.webp","width":2547,"height":778,"caption":"Blumiz CBD"},"image":{"@id":"https:\/\/blumiz.com\/es\/#\/schema\/logo\/image\/"}}]},"og_availability":"out of stock","product_availability":"out of stock","product_retailer_item_id":"91841","product_condition":"new"},"_links":{"self":[{"href":"https:\/\/blumiz.com\/es\/wp-json\/wp\/v2\/product\/11342","targetHints":{"allow":["GET"]}}],"collection":[{"href":"https:\/\/blumiz.com\/es\/wp-json\/wp\/v2\/product"}],"about":[{"href":"https:\/\/blumiz.com\/es\/wp-json\/wp\/v2\/types\/product"}],"replies":[{"embeddable":true,"href":"https:\/\/blumiz.com\/es\/wp-json\/wp\/v2\/comments?post=11342"}],"version-history":[{"count":0,"href":"https:\/\/blumiz.com\/es\/wp-json\/wp\/v2\/product\/11342\/revisions"}],"wp:featuredmedia":[{"embeddable":true,"href":"https:\/\/blumiz.com\/es\/wp-json\/wp\/v2\/media\/10423"}],"wp:attachment":[{"href":"https:\/\/blumiz.com\/es\/wp-json\/wp\/v2\/media?parent=11342"}],"wp:term":[{"taxonomy":"product_brand","embeddable":true,"href":"https:\/\/blumiz.com\/es\/wp-json\/wp\/v2\/product_brand?post=11342"},{"taxonomy":"product_cat","embeddable":true,"href":"https:\/\/blumiz.com\/es\/wp-json\/wp\/v2\/product_cat?post=11342"},{"taxonomy":"product_tag","embeddable":true,"href":"https:\/\/blumiz.com\/es\/wp-json\/wp\/v2\/product_tag?post=11342"}],"curies":[{"name":"wp","href":"https:\/\/api.w.org\/{rel}","templated":true}]}}