{"id":11343,"date":"2020-09-06T06:40:23","date_gmt":"2020-09-06T06:40:23","guid":{"rendered":"https:\/\/blumiz.com\/produkt\/charas-hachis-cbd30\/"},"modified":"2025-10-07T10:04:08","modified_gmt":"2025-10-07T09:04:08","slug":"charas-cbd-hash-30","status":"publish","type":"product","link":"https:\/\/blumiz.com\/es\/producto\/charas-cbd-hash-30\/","title":{"rendered":"Charas Hachis CBD30%"},"content":{"rendered":"<h2><span style=\"color: #107d85;\">Hachis CBD Charas 30% <\/span><\/h2>\n<h4><span style=\"color: #ff6600;\">Origen<\/span><\/h4>\n<p>Los or\u00edgenes del Charas son antiguos y se remontan a la mitolog\u00eda india. Seg\u00fan una leyenda nepalesa, el propio dios Shiva consum\u00eda c\u00e1\u00f1amo por su lado afrodis\u00edaco. La producci\u00f3n de charas ya no s\u00f3lo tiene lugar en los confines del Himalaya. Desde hace algunos a\u00f1os, cruza las fronteras para llegar a Europa, donde esta resina de CBD es garant\u00eda de calidad.<\/p>\n<h4><span style=\"color: #ff6600;\">Cultura<\/span><\/h4>\n<p>En Europa, el Charas es com\u00fan en la Toscana (Italia). Este lugar de cultivo incluso se ha hecho famoso en los \u00faltimos a\u00f1os porque contiene principalmente especies de cannabis CBD que se cultivan espec\u00edficamente para la extracci\u00f3n de aceite y la producci\u00f3n de hach\u00eds con una alta concentraci\u00f3n de CBD. El charas es la \u00fanica variedad de hach\u00eds que se elabora con marihuana a\u00fan fresca, raspando la parte inferior de los cogollos. Las plantas de las que se extrae la resina se pueden cultivar tanto al aire libre como en invernadero, teniendo en cuenta la normativa ecol\u00f3gica.<\/p>\n<h4><span style=\"color: #ff6600;\">Aspecto<\/span><\/h4>\n<p>En apariencia, el Charas tiene un delicado matiz que recuerda al color del caramelo. Esta coloraci\u00f3n clara procede directamente de los colores de la resina extra\u00edda de la planta. Al tacto, el Charas sigue siendo maleable y suave a la vez que denso.<\/p>\n<p>Pruebe<\/p>\n<p>El sabor de esta resina CBD es realmente una caracter\u00edstica que la distingue de todas las dem\u00e1s. Su aroma es t\u00edpico de las resinas que se han encontrado en Estados Unidos en los \u00faltimos a\u00f1os. Su olor es intenso, fuerte y envolvente, con notas tambi\u00e9n afrutadas mezcladas con aromas punzantes de menta, tierra y maderas.<\/p>\n<p>Puedes experimentar un hach\u00eds similar, pero m\u00e1s barato, con <a href=\"https:\/\/blumiz.com\/producto\/malana-cbd-hash-30\/\">Malana CBD Hash<\/a>.<\/p>\n<p>Tambi\u00e9n puedes descubrir estas charas en sabor <a href=\"https:\/\/blumiz.com\/producto\/charas-mango-cbd-20\/\">MANGO<\/a><br \/>o <a href=\"https:\/\/blumiz.com\/producto\/charas-cbd-hash-amnesia-25\/\">AMNESIA .<\/a><\/p>\n<h4><span style=\"color: #ff6600;\">Descubre tambi\u00e9n nuestra <a style=\"color: #ff6600;\" href=\"\/?product_cat=cbd-blueten\">CBD Flower Shop<\/a> para completar tu hach\u00eds<\/span><\/h4>\n<p>Flores CBD est\u00e1n disponibles en diferentes sabores y concentraciones de CBD. Nuestras flores de CBD se someten a estrictos criterios externos de calidad. Se venden como materias primas y no contienen aditivos qu\u00edmicos ni impurezas.<\/p>\n<p>Este charas tiene una consistencia muy suave y pegajosa. La consistencia es comparable a la de la masilla para ventanas. Este charas es \u00fanico y no se puede comparar con otros productos de charas CBD del mercado. El aroma es muy fino como a mango. Garantizamos la plena satisfacci\u00f3n con este producto. Charas tiene al menos un 18-22% de CBD y est\u00e1 por debajo del 0,1% de THC. Este producto hace que todos los corazones CBD latan m\u00e1s r\u00e1pido.<\/p>\n<p>Descubre nuestros <a href=\"https:\/\/blumiz.com\/es\/category\/headshop-es\/\">productos y accesorios Headshop<\/a> para disfrutar de tus variedades favoritas<\/p>\n<h4><span style=\"color: #ff6600;\">Hacer un pedido a Blumiz significa:<\/span><\/h4>\n<p>&#8211; Entrega r\u00e1pida, discreta e inodora<br \/>\n&#8211; Productos de calidad y certificados por laboratorios<br \/>\n&#8211; Precios inmejorables, ya que fabricamos nuestros productos nosotros mismos<\/p>\n<p>Descubra tambi\u00e9n aqu\u00ed nuestras <a href=\"\/?product_cat=cbd-blueten\">Flores CBD<\/a><\/p>\n<p>Una pregunta, \u00bfnecesitas ayuda?  <a href=\"https:\/\/blumiz.com\/hilfe-und-faqs\/\">Haga clic aqu\u00ed para descubrir nuestro centro de ayuda.<\/a><\/p>\n","protected":false},"excerpt":{"rendered":"<h4><span style=\"color: #107d85;\">Hachis CBD Charas 30%<\/span><\/h4>\n<p>\u00a1Charas es una resina CBD excepcional!<\/p>\n<p>Charas es probablemente una de las mejores resinas de CBD disponibles en el mercado legal. La planta de cannabis de la que se deriva crece de forma natural en las laderas del Himalaya, pero tambi\u00e9n se produce en Europa. Su especial m\u00e9todo de extracci\u00f3n la ha hecho famosa.<\/p>\n","protected":false},"featured_media":10424,"comment_status":"open","ping_status":"closed","template":"","meta":{"site-sidebar-layout":"default","site-content-layout":"default","ast-site-content-layout":"default","site-content-style":"default","site-sidebar-style":"default","ast-global-header-display":"","ast-banner-title-visibility":"","ast-main-header-display":"","ast-hfb-above-header-display":"","ast-hfb-below-header-display":"","ast-hfb-mobile-header-display":"","site-post-title":"","ast-breadcrumbs-content":"","ast-featured-img":"","footer-sml-layout":"","ast-disable-related-posts":"","theme-transparent-header-meta":"default","adv-header-id-meta":"","stick-header-meta":"default","header-above-stick-meta":"","header-main-stick-meta":"","header-below-stick-meta":"","astra-migrate-meta-layouts":"default","ast-page-background-enabled":"default","ast-page-background-meta":{"desktop":{"background-color":"","background-image":"","background-repeat":"repeat","background-position":"center center","background-size":"auto","background-attachment":"scroll","background-type":"","background-media":"","overlay-type":"","overlay-color":"","overlay-opacity":"","overlay-gradient":""},"tablet":{"background-color":"","background-image":"","background-repeat":"repeat","background-position":"center center","background-size":"auto","background-attachment":"scroll","background-type":"","background-media":"","overlay-type":"","overlay-color":"","overlay-opacity":"","overlay-gradient":""},"mobile":{"background-color":"","background-image":"","background-repeat":"repeat","background-position":"center center","background-size":"auto","background-attachment":"scroll","background-type":"","background-media":"","overlay-type":"","overlay-color":"","overlay-opacity":"","overlay-gradient":""}},"ast-content-background-meta":{"desktop":{"background-color":"var(--ast-global-color-5)","background-image":"","background-repeat":"repeat","background-position":"center center","background-size":"auto","background-attachment":"scroll","background-type":"","background-media":"","overlay-type":"","overlay-color":"","overlay-opacity":"","overlay-gradient":""},"tablet":{"background-color":"var(--ast-global-color-5)","background-image":"","background-repeat":"repeat","background-position":"center center","background-size":"auto","background-attachment":"scroll","background-type":"","background-media":"","overlay-type":"","overlay-color":"","overlay-opacity":"","overlay-gradient":""},"mobile":{"background-color":"var(--ast-global-color-5)","background-image":"","background-repeat":"repeat","background-position":"center center","background-size":"auto","background-attachment":"scroll","background-type":"","background-media":"","overlay-type":"","overlay-color":"","overlay-opacity":"","overlay-gradient":""}}},"product_brand":[],"product_cat":[305,266,262],"product_tag":[237,236],"class_list":{"0":"post-11343","1":"product","2":"type-product","3":"status-publish","4":"has-post-thumbnail","6":"product_cat-cbd-es","7":"product_cat-hachis-cbd","8":"product_cat-hachis-y-concentrados","9":"product_tag-flores-cbd-baratas","10":"product_tag-poderosas-flores-de-cbd","11":"pa_cbd-rate-mas-del-20-de-cbd","12":"pa_kategorie-greenhouse-cbd-es","13":"desktop-align-left","14":"tablet-align-center","15":"mobile-align-left","16":"ast-product-gallery-layout-vertical","17":"ast-product-gallery-with-no-image","18":"ast-magnify-disabled","19":"ast-product-single-variable","20":"ast-product-tabs-layout-horizontal","22":"first","23":"instock","24":"taxable","25":"shipping-taxable","26":"purchasable","27":"product-type-variable"},"yoast_head":"<!-- This site is optimized with the Yoast SEO Premium plugin v27.2 (Yoast SEO v27.4) - https:\/\/yoast.com\/product\/yoast-seo-premium-wordpress\/ -->\n<title>Charas Hachis CBD30% 3,5\u20ac\/g...CBD Hash &amp; Extract..Espa\u00f1a<\/title>\n<meta name=\"description\" content=\"Charas Hachis CBD30% 3,5\u20ac\/g Producido como el Charas original..encuentra sabores puros de resina en nuestro Charas CBD..entrega discreta y r\u00e1pida en alem\u00e1n.\" \/>\n<meta name=\"robots\" content=\"index, follow, max-snippet:-1, max-image-preview:large, max-video-preview:-1\" \/>\n<link rel=\"canonical\" href=\"https:\/\/blumiz.com\/es\/producto\/charas-cbd-hash-30\/\" \/>\n<meta property=\"og:locale\" content=\"es_ES\" \/>\n<meta property=\"og:type\" content=\"article\" \/>\n<meta property=\"og:title\" content=\"Charas Hachis CBD30%\" \/>\n<meta property=\"og:description\" content=\"Charas Hachis CBD30% Blumiz - Premium CBD\" \/>\n<meta property=\"og:url\" content=\"https:\/\/blumiz.com\/es\/producto\/charas-cbd-hash-30\/\" \/>\n<meta property=\"og:site_name\" content=\"Blumiz - Premium CBD\" \/>\n<meta property=\"article:modified_time\" content=\"2025-10-07T09:04:08+00:00\" \/>\n<meta property=\"og:image\" content=\"https:\/\/blumiz.com\/wp-content\/uploads\/2022\/09\/Charras-Blumiz.webp\" \/>\n\t<meta property=\"og:image:width\" content=\"600\" \/>\n\t<meta property=\"og:image:height\" content=\"600\" \/>\n\t<meta property=\"og:image:type\" content=\"image\/webp\" \/>\n<meta name=\"twitter:card\" content=\"summary_large_image\" \/>\n<meta name=\"twitter:label1\" content=\"Disponibilidad\" \/>\n\t<meta name=\"twitter:data1\" content=\"Disponible\" \/>\n<script type=\"application\/ld+json\" class=\"yoast-schema-graph\">{\"@context\":\"https:\\\/\\\/schema.org\",\"@graph\":[{\"@type\":\"WebPage\",\"@id\":\"https:\\\/\\\/blumiz.com\\\/es\\\/producto\\\/charas-cbd-hash-30\\\/\",\"url\":\"https:\\\/\\\/blumiz.com\\\/es\\\/producto\\\/charas-cbd-hash-30\\\/\",\"name\":\"Charas Hachis CBD30% 3,5\u20ac\\\/g...CBD Hash & Extract..Espa\u00f1a\",\"isPartOf\":{\"@id\":\"https:\\\/\\\/blumiz.com\\\/es\\\/#website\"},\"primaryImageOfPage\":{\"@id\":\"https:\\\/\\\/blumiz.com\\\/es\\\/producto\\\/charas-cbd-hash-30\\\/#primaryimage\"},\"image\":{\"@id\":\"https:\\\/\\\/blumiz.com\\\/es\\\/producto\\\/charas-cbd-hash-30\\\/#primaryimage\"},\"thumbnailUrl\":\"https:\\\/\\\/blumiz.com\\\/wp-content\\\/uploads\\\/2022\\\/09\\\/Charras-Blumiz.webp\",\"datePublished\":\"2020-09-06T06:40:23+00:00\",\"dateModified\":\"2025-10-07T09:04:08+00:00\",\"description\":\"Charas Hachis CBD30% 3,5\u20ac\\\/g Producido como el Charas original..encuentra sabores puros de resina en nuestro Charas CBD..entrega discreta y r\u00e1pida en alem\u00e1n.\",\"breadcrumb\":{\"@id\":\"https:\\\/\\\/blumiz.com\\\/es\\\/producto\\\/charas-cbd-hash-30\\\/#breadcrumb\"},\"inLanguage\":\"es\",\"potentialAction\":[{\"@type\":\"ReadAction\",\"target\":[\"https:\\\/\\\/blumiz.com\\\/es\\\/producto\\\/charas-cbd-hash-30\\\/\"]}]},{\"@type\":\"ImageObject\",\"inLanguage\":\"es\",\"@id\":\"https:\\\/\\\/blumiz.com\\\/es\\\/producto\\\/charas-cbd-hash-30\\\/#primaryimage\",\"url\":\"https:\\\/\\\/blumiz.com\\\/wp-content\\\/uploads\\\/2022\\\/09\\\/Charras-Blumiz.webp\",\"contentUrl\":\"https:\\\/\\\/blumiz.com\\\/wp-content\\\/uploads\\\/2022\\\/09\\\/Charras-Blumiz.webp\",\"width\":600,\"height\":600},{\"@type\":\"BreadcrumbList\",\"@id\":\"https:\\\/\\\/blumiz.com\\\/es\\\/producto\\\/charas-cbd-hash-30\\\/#breadcrumb\",\"itemListElement\":[{\"@type\":\"ListItem\",\"position\":1,\"name\":\"Blumiz\",\"item\":\"https:\\\/\\\/blumiz.com\\\/es\\\/\"},{\"@type\":\"ListItem\",\"position\":2,\"name\":\"CBD Shop\",\"item\":\"https:\\\/\\\/blumiz.com\\\/es\\\/tienda\\\/\"},{\"@type\":\"ListItem\",\"position\":3,\"name\":\"Hachis y concentrados\",\"item\":\"https:\\\/\\\/blumiz.com\\\/es\\\/category\\\/hachis-y-concentrados\\\/\"},{\"@type\":\"ListItem\",\"position\":4,\"name\":\"Charas Hachis CBD30%\"}]},{\"@type\":\"WebSite\",\"@id\":\"https:\\\/\\\/blumiz.com\\\/es\\\/#website\",\"url\":\"https:\\\/\\\/blumiz.com\\\/es\\\/\",\"name\":\"Blumiz - Premium CBD\",\"description\":\"Un CBD al mejor precio y de calidad superior\",\"publisher\":{\"@id\":\"https:\\\/\\\/blumiz.com\\\/es\\\/#organization\"},\"alternateName\":\"Blumiz\",\"potentialAction\":[{\"@type\":\"SearchAction\",\"target\":{\"@type\":\"EntryPoint\",\"urlTemplate\":\"https:\\\/\\\/blumiz.com\\\/es\\\/?s={search_term_string}\"},\"query-input\":{\"@type\":\"PropertyValueSpecification\",\"valueRequired\":true,\"valueName\":\"search_term_string\"}}],\"inLanguage\":\"es\"},{\"@type\":\"Organization\",\"@id\":\"https:\\\/\\\/blumiz.com\\\/es\\\/#organization\",\"name\":\"Blumiz CBD\",\"alternateName\":\"Blumiz\",\"url\":\"https:\\\/\\\/blumiz.com\\\/es\\\/\",\"logo\":{\"@type\":\"ImageObject\",\"inLanguage\":\"es\",\"@id\":\"https:\\\/\\\/blumiz.com\\\/es\\\/#\\\/schema\\\/logo\\\/image\\\/\",\"url\":\"https:\\\/\\\/blumiz.com\\\/wp-content\\\/uploads\\\/2026\\\/02\\\/cropped-Blumiz-CBD-logo.webp\",\"contentUrl\":\"https:\\\/\\\/blumiz.com\\\/wp-content\\\/uploads\\\/2026\\\/02\\\/cropped-Blumiz-CBD-logo.webp\",\"width\":2547,\"height\":778,\"caption\":\"Blumiz CBD\"},\"image\":{\"@id\":\"https:\\\/\\\/blumiz.com\\\/es\\\/#\\\/schema\\\/logo\\\/image\\\/\"}}]}<\/script>\n<meta property=\"og:availability\" content=\"instock\" \/>\n<meta property=\"product:availability\" content=\"instock\" \/>\n<meta property=\"product:retailer_item_id\" content=\"783444\" \/>\n<meta property=\"product:condition\" content=\"new\" \/>\n<!-- \/ Yoast SEO Premium plugin. -->","yoast_head_json":{"title":"Charas Hachis CBD30% 3,5\u20ac\/g...CBD Hash & Extract..Espa\u00f1a","description":"Charas Hachis CBD30% 3,5\u20ac\/g Producido como el Charas original..encuentra sabores puros de resina en nuestro Charas CBD..entrega discreta y r\u00e1pida en alem\u00e1n.","robots":{"index":"index","follow":"follow","max-snippet":"max-snippet:-1","max-image-preview":"max-image-preview:large","max-video-preview":"max-video-preview:-1"},"canonical":"https:\/\/blumiz.com\/es\/producto\/charas-cbd-hash-30\/","og_locale":"es_ES","og_type":"article","og_title":"Charas Hachis CBD30%","og_description":"Charas Hachis CBD30% Blumiz - Premium CBD","og_url":"https:\/\/blumiz.com\/es\/producto\/charas-cbd-hash-30\/","og_site_name":"Blumiz - Premium CBD","article_modified_time":"2025-10-07T09:04:08+00:00","og_image":[{"width":600,"height":600,"url":"https:\/\/blumiz.com\/wp-content\/uploads\/2022\/09\/Charras-Blumiz.webp","type":"image\/webp"}],"twitter_card":"summary_large_image","twitter_misc":{"Disponibilidad":"Disponible"},"schema":{"@context":"https:\/\/schema.org","@graph":[{"@type":"WebPage","@id":"https:\/\/blumiz.com\/es\/producto\/charas-cbd-hash-30\/","url":"https:\/\/blumiz.com\/es\/producto\/charas-cbd-hash-30\/","name":"Charas Hachis CBD30% 3,5\u20ac\/g...CBD Hash & Extract..Espa\u00f1a","isPartOf":{"@id":"https:\/\/blumiz.com\/es\/#website"},"primaryImageOfPage":{"@id":"https:\/\/blumiz.com\/es\/producto\/charas-cbd-hash-30\/#primaryimage"},"image":{"@id":"https:\/\/blumiz.com\/es\/producto\/charas-cbd-hash-30\/#primaryimage"},"thumbnailUrl":"https:\/\/blumiz.com\/wp-content\/uploads\/2022\/09\/Charras-Blumiz.webp","datePublished":"2020-09-06T06:40:23+00:00","dateModified":"2025-10-07T09:04:08+00:00","description":"Charas Hachis CBD30% 3,5\u20ac\/g Producido como el Charas original..encuentra sabores puros de resina en nuestro Charas CBD..entrega discreta y r\u00e1pida en alem\u00e1n.","breadcrumb":{"@id":"https:\/\/blumiz.com\/es\/producto\/charas-cbd-hash-30\/#breadcrumb"},"inLanguage":"es","potentialAction":[{"@type":"ReadAction","target":["https:\/\/blumiz.com\/es\/producto\/charas-cbd-hash-30\/"]}]},{"@type":"ImageObject","inLanguage":"es","@id":"https:\/\/blumiz.com\/es\/producto\/charas-cbd-hash-30\/#primaryimage","url":"https:\/\/blumiz.com\/wp-content\/uploads\/2022\/09\/Charras-Blumiz.webp","contentUrl":"https:\/\/blumiz.com\/wp-content\/uploads\/2022\/09\/Charras-Blumiz.webp","width":600,"height":600},{"@type":"BreadcrumbList","@id":"https:\/\/blumiz.com\/es\/producto\/charas-cbd-hash-30\/#breadcrumb","itemListElement":[{"@type":"ListItem","position":1,"name":"Blumiz","item":"https:\/\/blumiz.com\/es\/"},{"@type":"ListItem","position":2,"name":"CBD Shop","item":"https:\/\/blumiz.com\/es\/tienda\/"},{"@type":"ListItem","position":3,"name":"Hachis y concentrados","item":"https:\/\/blumiz.com\/es\/category\/hachis-y-concentrados\/"},{"@type":"ListItem","position":4,"name":"Charas Hachis CBD30%"}]},{"@type":"WebSite","@id":"https:\/\/blumiz.com\/es\/#website","url":"https:\/\/blumiz.com\/es\/","name":"Blumiz - Premium CBD","description":"Un CBD al mejor precio y de calidad superior","publisher":{"@id":"https:\/\/blumiz.com\/es\/#organization"},"alternateName":"Blumiz","potentialAction":[{"@type":"SearchAction","target":{"@type":"EntryPoint","urlTemplate":"https:\/\/blumiz.com\/es\/?s={search_term_string}"},"query-input":{"@type":"PropertyValueSpecification","valueRequired":true,"valueName":"search_term_string"}}],"inLanguage":"es"},{"@type":"Organization","@id":"https:\/\/blumiz.com\/es\/#organization","name":"Blumiz CBD","alternateName":"Blumiz","url":"https:\/\/blumiz.com\/es\/","logo":{"@type":"ImageObject","inLanguage":"es","@id":"https:\/\/blumiz.com\/es\/#\/schema\/logo\/image\/","url":"https:\/\/blumiz.com\/wp-content\/uploads\/2026\/02\/cropped-Blumiz-CBD-logo.webp","contentUrl":"https:\/\/blumiz.com\/wp-content\/uploads\/2026\/02\/cropped-Blumiz-CBD-logo.webp","width":2547,"height":778,"caption":"Blumiz CBD"},"image":{"@id":"https:\/\/blumiz.com\/es\/#\/schema\/logo\/image\/"}}]},"og_availability":"instock","product_availability":"instock","product_retailer_item_id":"783444","product_condition":"new"},"_links":{"self":[{"href":"https:\/\/blumiz.com\/es\/wp-json\/wp\/v2\/product\/11343","targetHints":{"allow":["GET"]}}],"collection":[{"href":"https:\/\/blumiz.com\/es\/wp-json\/wp\/v2\/product"}],"about":[{"href":"https:\/\/blumiz.com\/es\/wp-json\/wp\/v2\/types\/product"}],"replies":[{"embeddable":true,"href":"https:\/\/blumiz.com\/es\/wp-json\/wp\/v2\/comments?post=11343"}],"version-history":[{"count":0,"href":"https:\/\/blumiz.com\/es\/wp-json\/wp\/v2\/product\/11343\/revisions"}],"wp:featuredmedia":[{"embeddable":true,"href":"https:\/\/blumiz.com\/es\/wp-json\/wp\/v2\/media\/10424"}],"wp:attachment":[{"href":"https:\/\/blumiz.com\/es\/wp-json\/wp\/v2\/media?parent=11343"}],"wp:term":[{"taxonomy":"product_brand","embeddable":true,"href":"https:\/\/blumiz.com\/es\/wp-json\/wp\/v2\/product_brand?post=11343"},{"taxonomy":"product_cat","embeddable":true,"href":"https:\/\/blumiz.com\/es\/wp-json\/wp\/v2\/product_cat?post=11343"},{"taxonomy":"product_tag","embeddable":true,"href":"https:\/\/blumiz.com\/es\/wp-json\/wp\/v2\/product_tag?post=11343"}],"curies":[{"name":"wp","href":"https:\/\/api.w.org\/{rel}","templated":true}]}}