{"id":11356,"date":"2020-08-28T17:08:26","date_gmt":"2020-08-28T17:08:26","guid":{"rendered":"https:\/\/blumiz.com\/produkt\/pur-cbg-extract-96-cbg-herdol\/"},"modified":"2025-10-07T10:00:30","modified_gmt":"2025-10-07T09:00:30","slug":"pur-cbg-extracto-96-cbg-herdol","status":"publish","type":"product","link":"https:\/\/blumiz.com\/es\/producto\/pur-cbg-extracto-96-cbg-herdol\/","title":{"rendered":"PUR-CBG-EXTRACT 96% CBG herdol"},"content":{"rendered":"<h2>DESCRIPCI\u00d3N<\/h2>\n<p>El CBG (cannabigerol) aislado es un cannabinoide, como el CBD, que ha sido aislado y extra\u00eddo de los cogollos de c\u00e1\u00f1amo de la planta de cannabis. El CBG aislado es la forma m\u00e1s pura de CBG que encontrar\u00e1s, contiene un 99,8% de CBG y trazas indetectables de otros cannabinoides que se encuentran en la planta de cannabis.<\/p>\n<p>El CBG es tambi\u00e9n el primer cannabinoide que crece en el c\u00e1\u00f1amo, por lo que es el precursor del CBD y el THC, raz\u00f3n por la que a veces se le llama &#8220;c\u00e9lula madre&#8221;. Esto significa que el CBG est\u00e1 presente en grandes cantidades al principio de la floraci\u00f3n de la planta.<\/p>\n<p>Para obtener plantas con una alta concentraci\u00f3n de CBG, deben cosecharse muy pronto. A medida que la planta crece, el CBG se convierte gradualmente en otro cannabinoide (CBD, THC, CBC).<\/p>\n<p>Sin terpenos, el CBG no tiene sabor ni olor, lo que resulta pr\u00e1ctico para elaborar tus propios productos o hacer tu propio aceite a base de CBG. Es un producto utilizado especialmente por personas sensibles a ciertos cannabinoides y en la industria farmac\u00e9utica. Su alto contenido en CBG tendr\u00e1 efectos extraordinarios en tu organismo.<\/p>\n<h2>Impacto<\/h2>\n<ul>\n<li>Relajante<\/li>\n<li>Mejora el estado de \u00e1nimo<\/li>\n<li>Reduce los s\u00edntomas de estr\u00e9s, ansiedad y depresi\u00f3n leve<\/li>\n<li>Ayuda para dormir mejor<\/li>\n<li>Tiene propiedades antif\u00fangicas, es decir, contra los hongos<\/li>\n<li>Lucha contra las infecciones bacterianas<\/li>\n<li>Alivia el dolor gracias a su acci\u00f3n antiinflamatoria y su efecto analg\u00e9sico<\/li>\n<li>Contiene propiedades anticancer\u00edgenas al ralentizar la progresi\u00f3n de los tumores e impedir su crecimiento en el organismo<\/li>\n<li>Combate el estr\u00e9s oxidativo de las c\u00e9lulas y, por tanto, el envejecimiento del organismo gracias a sus propiedades antioxidantes<\/li>\n<li>Es neuroprotector y contribuye al tratamiento de enfermedades degenerativas como la enfermedad de Huntington, la enfermedad de Parkinson o la enfermedad de Alzheimer.<\/li>\n<\/ul>\n<h2>Consejos de uso<\/h2>\n<p>Al igual que con el CBD, la cantidad de CBG a tomar es diferente para cada persona, lo mejor es empezar con peque\u00f1as dosis y ver los diferentes efectos que el consumo de CBG aporta a tu cuerpo y bienestar.<\/p>\n<p>Para ingesta sublingual: dejar que se funda bajo la lengua y esperar 30 segundos antes de tragar. Tambi\u00e9n puede mezclar el polvo con alimentos o bebidas.<br \/>\nDiluido: A\u00f1ada algunos cristales a una sustancia grasa (aceite de cocina, aceite de oliva, aguacate, aceite de palma) u otro alimento de su elecci\u00f3n para uso culinario.<br \/>\nMezclado en una crema o ung\u00fcento.<br \/>\nCOMPOSICI\u00d3N DEL AISLADO DE CBG: 96 %<\/p>\n<p>Tasa de CBG: +\/- 96%<br \/>\nContenido de THC: 0%<\/p>\n<p>Cantidad: 1 g<\/p>\n<p>Nota: Nuestras extracciones se realizan con CO2 supercr\u00edtico, lo que garantiza una calidad \u00f3ptima y una pureza perfecta de los extractos.<\/p>\n","protected":false},"excerpt":{"rendered":"<h2><span class=\"\">EXTRACTO DE PUR CBG 96<\/span><\/h2>\n<p>El extracto puro de CBG se presenta en un fino polvo blanco que contiene CBG en su forma m\u00e1s pura y concentrada, denominada aislado.<br \/>\nEl aislado ha sido refinado para eliminar todos los aceites, ceras, cannabinoides, terpenos, flavonoides y otros compuestos de la planta, dejando s\u00f3lo un 96% de cannabigerol.<\/p>\n<p>Cantidad: 1 g<\/p>\n","protected":false},"featured_media":10397,"comment_status":"open","ping_status":"closed","template":"","meta":{"site-sidebar-layout":"default","site-content-layout":"default","ast-site-content-layout":"default","site-content-style":"default","site-sidebar-style":"default","ast-global-header-display":"","ast-banner-title-visibility":"","ast-main-header-display":"","ast-hfb-above-header-display":"","ast-hfb-below-header-display":"","ast-hfb-mobile-header-display":"","site-post-title":"","ast-breadcrumbs-content":"","ast-featured-img":"","footer-sml-layout":"","ast-disable-related-posts":"","theme-transparent-header-meta":"default","adv-header-id-meta":"","stick-header-meta":"default","header-above-stick-meta":"","header-main-stick-meta":"","header-below-stick-meta":"","astra-migrate-meta-layouts":"default","ast-page-background-enabled":"default","ast-page-background-meta":{"desktop":{"background-color":"","background-image":"","background-repeat":"repeat","background-position":"center center","background-size":"auto","background-attachment":"scroll","background-type":"","background-media":"","overlay-type":"","overlay-color":"","overlay-opacity":"","overlay-gradient":""},"tablet":{"background-color":"","background-image":"","background-repeat":"repeat","background-position":"center center","background-size":"auto","background-attachment":"scroll","background-type":"","background-media":"","overlay-type":"","overlay-color":"","overlay-opacity":"","overlay-gradient":""},"mobile":{"background-color":"","background-image":"","background-repeat":"repeat","background-position":"center center","background-size":"auto","background-attachment":"scroll","background-type":"","background-media":"","overlay-type":"","overlay-color":"","overlay-opacity":"","overlay-gradient":""}},"ast-content-background-meta":{"desktop":{"background-color":"var(--ast-global-color-5)","background-image":"","background-repeat":"repeat","background-position":"center center","background-size":"auto","background-attachment":"scroll","background-type":"","background-media":"","overlay-type":"","overlay-color":"","overlay-opacity":"","overlay-gradient":""},"tablet":{"background-color":"var(--ast-global-color-5)","background-image":"","background-repeat":"repeat","background-position":"center center","background-size":"auto","background-attachment":"scroll","background-type":"","background-media":"","overlay-type":"","overlay-color":"","overlay-opacity":"","overlay-gradient":""},"mobile":{"background-color":"var(--ast-global-color-5)","background-image":"","background-repeat":"repeat","background-position":"center center","background-size":"auto","background-attachment":"scroll","background-type":"","background-media":"","overlay-type":"","overlay-color":"","overlay-opacity":"","overlay-gradient":""}}},"product_brand":[],"product_cat":[305,264,262],"product_tag":[],"class_list":{"0":"post-11356","1":"product","2":"type-product","3":"status-publish","4":"has-post-thumbnail","6":"product_cat-cbd-es","7":"product_cat-concentrados-cbd","8":"product_cat-hachis-y-concentrados","9":"desktop-align-left","10":"tablet-align-center","11":"mobile-align-left","12":"ast-product-gallery-layout-vertical","13":"ast-product-gallery-with-no-image","14":"ast-magnify-disabled","15":"ast-product-tabs-layout-horizontal","17":"first","18":"instock","19":"taxable","20":"shipping-taxable","21":"purchasable","22":"product-type-simple"},"yoast_head":"<!-- This site is optimized with the Yoast SEO Premium plugin v27.2 (Yoast SEO v27.4) - https:\/\/yoast.com\/product\/yoast-seo-premium-wordpress\/ -->\n<title>PUR-CBG-EXTRACT 96% CBG herdol - Blumiz - Premium CBD<\/title>\n<meta name=\"description\" content=\"PUR-CBG-EXTRACT 96% CBG herdol - Blumiz - Premium CBD\" \/>\n<meta name=\"robots\" content=\"index, follow, max-snippet:-1, max-image-preview:large, max-video-preview:-1\" \/>\n<link rel=\"canonical\" href=\"https:\/\/blumiz.com\/es\/producto\/pur-cbg-extracto-96-cbg-herdol\/\" \/>\n<meta property=\"og:locale\" content=\"es_ES\" \/>\n<meta property=\"og:type\" content=\"article\" \/>\n<meta property=\"og:title\" content=\"PUR-CBG-EXTRACT 96% CBG herdol\" \/>\n<meta property=\"og:description\" content=\"PUR-CBG-EXTRACT 96% CBG herdol Blumiz - Premium CBD\" \/>\n<meta property=\"og:url\" content=\"https:\/\/blumiz.com\/es\/producto\/pur-cbg-extracto-96-cbg-herdol\/\" \/>\n<meta property=\"og:site_name\" content=\"Blumiz - Premium CBD\" \/>\n<meta property=\"article:modified_time\" content=\"2025-10-07T09:00:30+00:00\" \/>\n<meta property=\"og:image\" content=\"https:\/\/blumiz.com\/wp-content\/uploads\/2022\/08\/CBG-ISOLAT-96-HERDOL-1.webp\" \/>\n\t<meta property=\"og:image:width\" content=\"600\" \/>\n\t<meta property=\"og:image:height\" content=\"600\" \/>\n\t<meta property=\"og:image:type\" content=\"image\/webp\" \/>\n<meta name=\"twitter:card\" content=\"summary_large_image\" \/>\n<meta name=\"twitter:label1\" content=\"Precio\" \/>\n\t<meta name=\"twitter:data1\" content=\"19,90&nbsp;&euro;\" \/>\n\t<meta name=\"twitter:label2\" content=\"Disponibilidad\" \/>\n\t<meta name=\"twitter:data2\" content=\"Disponible\" \/>\n<script type=\"application\/ld+json\" class=\"yoast-schema-graph\">{\"@context\":\"https:\\\/\\\/schema.org\",\"@graph\":[{\"@type\":\"WebPage\",\"@id\":\"https:\\\/\\\/blumiz.com\\\/es\\\/producto\\\/pur-cbg-extracto-96-cbg-herdol\\\/\",\"url\":\"https:\\\/\\\/blumiz.com\\\/es\\\/producto\\\/pur-cbg-extracto-96-cbg-herdol\\\/\",\"name\":\"PUR-CBG-EXTRACT 96% CBG herdol - Blumiz - Premium CBD\",\"isPartOf\":{\"@id\":\"https:\\\/\\\/blumiz.com\\\/es\\\/#website\"},\"primaryImageOfPage\":{\"@id\":\"https:\\\/\\\/blumiz.com\\\/es\\\/producto\\\/pur-cbg-extracto-96-cbg-herdol\\\/#primaryimage\"},\"image\":{\"@id\":\"https:\\\/\\\/blumiz.com\\\/es\\\/producto\\\/pur-cbg-extracto-96-cbg-herdol\\\/#primaryimage\"},\"thumbnailUrl\":\"https:\\\/\\\/blumiz.com\\\/wp-content\\\/uploads\\\/2022\\\/08\\\/CBG-ISOLAT-96-HERDOL-1.webp\",\"datePublished\":\"2020-08-28T17:08:26+00:00\",\"dateModified\":\"2025-10-07T09:00:30+00:00\",\"description\":\"PUR-CBG-EXTRACT 96% CBG herdol - Blumiz - Premium CBD\",\"breadcrumb\":{\"@id\":\"https:\\\/\\\/blumiz.com\\\/es\\\/producto\\\/pur-cbg-extracto-96-cbg-herdol\\\/#breadcrumb\"},\"inLanguage\":\"es\",\"potentialAction\":[{\"@type\":\"ReadAction\",\"target\":[\"https:\\\/\\\/blumiz.com\\\/es\\\/producto\\\/pur-cbg-extracto-96-cbg-herdol\\\/\"]}]},{\"@type\":\"ImageObject\",\"inLanguage\":\"es\",\"@id\":\"https:\\\/\\\/blumiz.com\\\/es\\\/producto\\\/pur-cbg-extracto-96-cbg-herdol\\\/#primaryimage\",\"url\":\"https:\\\/\\\/blumiz.com\\\/wp-content\\\/uploads\\\/2022\\\/08\\\/CBG-ISOLAT-96-HERDOL-1.webp\",\"contentUrl\":\"https:\\\/\\\/blumiz.com\\\/wp-content\\\/uploads\\\/2022\\\/08\\\/CBG-ISOLAT-96-HERDOL-1.webp\",\"width\":600,\"height\":600},{\"@type\":\"BreadcrumbList\",\"@id\":\"https:\\\/\\\/blumiz.com\\\/es\\\/producto\\\/pur-cbg-extracto-96-cbg-herdol\\\/#breadcrumb\",\"itemListElement\":[{\"@type\":\"ListItem\",\"position\":1,\"name\":\"Blumiz\",\"item\":\"https:\\\/\\\/blumiz.com\\\/es\\\/\"},{\"@type\":\"ListItem\",\"position\":2,\"name\":\"CBD Shop\",\"item\":\"https:\\\/\\\/blumiz.com\\\/es\\\/tienda\\\/\"},{\"@type\":\"ListItem\",\"position\":3,\"name\":\"Hachis y concentrados\",\"item\":\"https:\\\/\\\/blumiz.com\\\/es\\\/category\\\/hachis-y-concentrados\\\/\"},{\"@type\":\"ListItem\",\"position\":4,\"name\":\"Concentrados CBD\",\"item\":\"https:\\\/\\\/blumiz.com\\\/es\\\/category\\\/hachis-y-concentrados\\\/concentrados-cbd\\\/\"},{\"@type\":\"ListItem\",\"position\":5,\"name\":\"PUR-CBG-EXTRACT 96% CBG herdol\"}]},{\"@type\":\"WebSite\",\"@id\":\"https:\\\/\\\/blumiz.com\\\/es\\\/#website\",\"url\":\"https:\\\/\\\/blumiz.com\\\/es\\\/\",\"name\":\"Blumiz - Premium CBD\",\"description\":\"Un CBD al mejor precio y de calidad superior\",\"publisher\":{\"@id\":\"https:\\\/\\\/blumiz.com\\\/es\\\/#organization\"},\"alternateName\":\"Blumiz\",\"potentialAction\":[{\"@type\":\"SearchAction\",\"target\":{\"@type\":\"EntryPoint\",\"urlTemplate\":\"https:\\\/\\\/blumiz.com\\\/es\\\/?s={search_term_string}\"},\"query-input\":{\"@type\":\"PropertyValueSpecification\",\"valueRequired\":true,\"valueName\":\"search_term_string\"}}],\"inLanguage\":\"es\"},{\"@type\":\"Organization\",\"@id\":\"https:\\\/\\\/blumiz.com\\\/es\\\/#organization\",\"name\":\"Blumiz CBD\",\"alternateName\":\"Blumiz\",\"url\":\"https:\\\/\\\/blumiz.com\\\/es\\\/\",\"logo\":{\"@type\":\"ImageObject\",\"inLanguage\":\"es\",\"@id\":\"https:\\\/\\\/blumiz.com\\\/es\\\/#\\\/schema\\\/logo\\\/image\\\/\",\"url\":\"https:\\\/\\\/blumiz.com\\\/wp-content\\\/uploads\\\/2026\\\/02\\\/cropped-Blumiz-CBD-logo.webp\",\"contentUrl\":\"https:\\\/\\\/blumiz.com\\\/wp-content\\\/uploads\\\/2026\\\/02\\\/cropped-Blumiz-CBD-logo.webp\",\"width\":2547,\"height\":778,\"caption\":\"Blumiz CBD\"},\"image\":{\"@id\":\"https:\\\/\\\/blumiz.com\\\/es\\\/#\\\/schema\\\/logo\\\/image\\\/\"}}]}<\/script>\n<meta property=\"product:price:amount\" content=\"19.90\" \/>\n<meta property=\"product:price:currency\" content=\"EUR\" \/>\n<meta property=\"og:availability\" content=\"instock\" \/>\n<meta property=\"product:availability\" content=\"instock\" \/>\n<meta property=\"product:retailer_item_id\" content=\"2457991\" \/>\n<meta property=\"product:condition\" content=\"new\" \/>\n<!-- \/ Yoast SEO Premium plugin. -->","yoast_head_json":{"title":"PUR-CBG-EXTRACT 96% CBG herdol - Blumiz - Premium CBD","description":"PUR-CBG-EXTRACT 96% CBG herdol - Blumiz - Premium CBD","robots":{"index":"index","follow":"follow","max-snippet":"max-snippet:-1","max-image-preview":"max-image-preview:large","max-video-preview":"max-video-preview:-1"},"canonical":"https:\/\/blumiz.com\/es\/producto\/pur-cbg-extracto-96-cbg-herdol\/","og_locale":"es_ES","og_type":"article","og_title":"PUR-CBG-EXTRACT 96% CBG herdol","og_description":"PUR-CBG-EXTRACT 96% CBG herdol Blumiz - Premium CBD","og_url":"https:\/\/blumiz.com\/es\/producto\/pur-cbg-extracto-96-cbg-herdol\/","og_site_name":"Blumiz - Premium CBD","article_modified_time":"2025-10-07T09:00:30+00:00","og_image":[{"width":600,"height":600,"url":"https:\/\/blumiz.com\/wp-content\/uploads\/2022\/08\/CBG-ISOLAT-96-HERDOL-1.webp","type":"image\/webp"}],"twitter_card":"summary_large_image","twitter_misc":{"Precio":"19,90&nbsp;&euro;","Disponibilidad":"Disponible"},"schema":{"@context":"https:\/\/schema.org","@graph":[{"@type":"WebPage","@id":"https:\/\/blumiz.com\/es\/producto\/pur-cbg-extracto-96-cbg-herdol\/","url":"https:\/\/blumiz.com\/es\/producto\/pur-cbg-extracto-96-cbg-herdol\/","name":"PUR-CBG-EXTRACT 96% CBG herdol - Blumiz - Premium CBD","isPartOf":{"@id":"https:\/\/blumiz.com\/es\/#website"},"primaryImageOfPage":{"@id":"https:\/\/blumiz.com\/es\/producto\/pur-cbg-extracto-96-cbg-herdol\/#primaryimage"},"image":{"@id":"https:\/\/blumiz.com\/es\/producto\/pur-cbg-extracto-96-cbg-herdol\/#primaryimage"},"thumbnailUrl":"https:\/\/blumiz.com\/wp-content\/uploads\/2022\/08\/CBG-ISOLAT-96-HERDOL-1.webp","datePublished":"2020-08-28T17:08:26+00:00","dateModified":"2025-10-07T09:00:30+00:00","description":"PUR-CBG-EXTRACT 96% CBG herdol - Blumiz - Premium CBD","breadcrumb":{"@id":"https:\/\/blumiz.com\/es\/producto\/pur-cbg-extracto-96-cbg-herdol\/#breadcrumb"},"inLanguage":"es","potentialAction":[{"@type":"ReadAction","target":["https:\/\/blumiz.com\/es\/producto\/pur-cbg-extracto-96-cbg-herdol\/"]}]},{"@type":"ImageObject","inLanguage":"es","@id":"https:\/\/blumiz.com\/es\/producto\/pur-cbg-extracto-96-cbg-herdol\/#primaryimage","url":"https:\/\/blumiz.com\/wp-content\/uploads\/2022\/08\/CBG-ISOLAT-96-HERDOL-1.webp","contentUrl":"https:\/\/blumiz.com\/wp-content\/uploads\/2022\/08\/CBG-ISOLAT-96-HERDOL-1.webp","width":600,"height":600},{"@type":"BreadcrumbList","@id":"https:\/\/blumiz.com\/es\/producto\/pur-cbg-extracto-96-cbg-herdol\/#breadcrumb","itemListElement":[{"@type":"ListItem","position":1,"name":"Blumiz","item":"https:\/\/blumiz.com\/es\/"},{"@type":"ListItem","position":2,"name":"CBD Shop","item":"https:\/\/blumiz.com\/es\/tienda\/"},{"@type":"ListItem","position":3,"name":"Hachis y concentrados","item":"https:\/\/blumiz.com\/es\/category\/hachis-y-concentrados\/"},{"@type":"ListItem","position":4,"name":"Concentrados CBD","item":"https:\/\/blumiz.com\/es\/category\/hachis-y-concentrados\/concentrados-cbd\/"},{"@type":"ListItem","position":5,"name":"PUR-CBG-EXTRACT 96% CBG herdol"}]},{"@type":"WebSite","@id":"https:\/\/blumiz.com\/es\/#website","url":"https:\/\/blumiz.com\/es\/","name":"Blumiz - Premium CBD","description":"Un CBD al mejor precio y de calidad superior","publisher":{"@id":"https:\/\/blumiz.com\/es\/#organization"},"alternateName":"Blumiz","potentialAction":[{"@type":"SearchAction","target":{"@type":"EntryPoint","urlTemplate":"https:\/\/blumiz.com\/es\/?s={search_term_string}"},"query-input":{"@type":"PropertyValueSpecification","valueRequired":true,"valueName":"search_term_string"}}],"inLanguage":"es"},{"@type":"Organization","@id":"https:\/\/blumiz.com\/es\/#organization","name":"Blumiz CBD","alternateName":"Blumiz","url":"https:\/\/blumiz.com\/es\/","logo":{"@type":"ImageObject","inLanguage":"es","@id":"https:\/\/blumiz.com\/es\/#\/schema\/logo\/image\/","url":"https:\/\/blumiz.com\/wp-content\/uploads\/2026\/02\/cropped-Blumiz-CBD-logo.webp","contentUrl":"https:\/\/blumiz.com\/wp-content\/uploads\/2026\/02\/cropped-Blumiz-CBD-logo.webp","width":2547,"height":778,"caption":"Blumiz CBD"},"image":{"@id":"https:\/\/blumiz.com\/es\/#\/schema\/logo\/image\/"}}]},"product_price_amount":"19.90","product_price_currency":"EUR","og_availability":"instock","product_availability":"instock","product_retailer_item_id":"2457991","product_condition":"new"},"_links":{"self":[{"href":"https:\/\/blumiz.com\/es\/wp-json\/wp\/v2\/product\/11356","targetHints":{"allow":["GET"]}}],"collection":[{"href":"https:\/\/blumiz.com\/es\/wp-json\/wp\/v2\/product"}],"about":[{"href":"https:\/\/blumiz.com\/es\/wp-json\/wp\/v2\/types\/product"}],"replies":[{"embeddable":true,"href":"https:\/\/blumiz.com\/es\/wp-json\/wp\/v2\/comments?post=11356"}],"version-history":[{"count":0,"href":"https:\/\/blumiz.com\/es\/wp-json\/wp\/v2\/product\/11356\/revisions"}],"wp:featuredmedia":[{"embeddable":true,"href":"https:\/\/blumiz.com\/es\/wp-json\/wp\/v2\/media\/10397"}],"wp:attachment":[{"href":"https:\/\/blumiz.com\/es\/wp-json\/wp\/v2\/media?parent=11356"}],"wp:term":[{"taxonomy":"product_brand","embeddable":true,"href":"https:\/\/blumiz.com\/es\/wp-json\/wp\/v2\/product_brand?post=11356"},{"taxonomy":"product_cat","embeddable":true,"href":"https:\/\/blumiz.com\/es\/wp-json\/wp\/v2\/product_cat?post=11356"},{"taxonomy":"product_tag","embeddable":true,"href":"https:\/\/blumiz.com\/es\/wp-json\/wp\/v2\/product_tag?post=11356"}],"curies":[{"name":"wp","href":"https:\/\/api.w.org\/{rel}","templated":true}]}}