{"id":11364,"date":"2020-09-07T09:23:46","date_gmt":"2020-09-07T08:23:46","guid":{"rendered":"https:\/\/blumiz.com\/produkt\/aceite-de-cbd-en-spray-sabor-menta-150mg-harmony\/"},"modified":"2025-08-05T09:40:46","modified_gmt":"2025-08-05T08:40:46","slug":"cbd-aceite-spray-con-sabor-menta-menta-cbd-aceite-spray-150mg-15ml-harmony","status":"publish","type":"product","link":"https:\/\/blumiz.com\/es\/producto\/cbd-aceite-spray-con-sabor-menta-menta-cbd-aceite-spray-150mg-15ml-harmony\/","title":{"rendered":"Aceite de CBD en Spray Sabor Menta &#8211; 150mg Harmony"},"content":{"rendered":"<p>Descripci\u00f3n<\/p>\n<p>Spray bucal diferente<\/p>\n<p>La caracter\u00edstica m\u00e1s llamativa de este Spray CBD Harmony Mint 150 mg es que, a diferencia de otros sprays, no s\u00f3lo te mantiene fresco. El frescor mentolado de este spray de CBD es s\u00f3lo uno de sus muchos beneficios potenciales.<\/p>\n<p>Frasco de 15 ml<\/p>\n<p>Debido al suave contenido de CBD de 150 mg, tambi\u00e9n se ver\u00e1 obligado a comprar este spray. Seg\u00fan diversos estudios, el CBD tiene numerosos beneficios para la salud que lo convertir\u00e1n r\u00e1pidamente en uno de tus favoritos. El hecho m\u00e1s interesante es que el extracto de CBD contenido en Harmony Mint CBD Spray 150 mg es el &#8220;CBD de amplio espectro&#8221;. Este tipo de CBD no s\u00f3lo contiene cannabidiol, sino tambi\u00e9n CBG, otros fitocannabinoides, flavonoides y terpenos. La interacci\u00f3n de todos estos compuestos puede aumentar la probabilidad de que experimentes los probables beneficios potenciales del CBD para la salud.<\/p>\n<p>Cuestiones de envasado El Spray de CBD Armon\u00eda Menta 150 mg suele estar envasado de forma est\u00e9ticamente agradable y atraer\u00e1 tu atenci\u00f3n. La portabilidad de este spray de CBD tambi\u00e9n es una ventaja a\u00f1adida, ya que hace que este producto sea f\u00e1cil de llevar en un bolso, bolsillo o cartera. Sin embargo, el bonito envoltorio exterior no hace sino complementar el cuidado envoltorio interior.<\/p>\n<p>El Spray CBD Menta de Harmony ha sido desarrollado con una boquilla dise\u00f1ada para pulverizar exactamente 0,1ml de producto con cada r\u00e1faga. Esto es para ayudarte con la dosis y asegurarte de que conocen la cantidad de CBD que contiene este producto. Como este producto no contiene THC, no tienen que preocuparse por los efectos psicoactivos.<\/p>\n<p>Ingredientes:<\/p>\n<p>Triglic\u00e9rido Capr\u00edlico\/C\u00e1prico (Aceite MCT de Coco), Aceite de Fruta Olea Europaea (Oliva), Extracto de C\u00e1\u00f1amo de Amplio Espectro (CBD-150 mg, CBG-4 mg), Aceite de Cannabis Sativa, Limoneno, Aceite de Menta.<\/p>\n","protected":false},"excerpt":{"rendered":"<p>El aceite de CBD en spray con delicado sabor a c\u00e1\u00f1amo te relaja para que descanses d\u00edas y noches.<br \/>\nLa sinergia de ingredientes naturales y extractos de c\u00e1\u00f1amo tiene un efecto duradero en tu bienestar mental y te ayuda a combatir los golpes del estr\u00e9s. Frasco de 15 ml<\/p>\n","protected":false},"featured_media":10462,"comment_status":"open","ping_status":"closed","template":"","meta":{"site-sidebar-layout":"default","site-content-layout":"default","ast-site-content-layout":"default","site-content-style":"default","site-sidebar-style":"default","ast-global-header-display":"","ast-banner-title-visibility":"","ast-main-header-display":"","ast-hfb-above-header-display":"","ast-hfb-below-header-display":"","ast-hfb-mobile-header-display":"","site-post-title":"","ast-breadcrumbs-content":"","ast-featured-img":"","footer-sml-layout":"","ast-disable-related-posts":"","theme-transparent-header-meta":"default","adv-header-id-meta":"","stick-header-meta":"default","header-above-stick-meta":"","header-main-stick-meta":"","header-below-stick-meta":"","astra-migrate-meta-layouts":"default","ast-page-background-enabled":"default","ast-page-background-meta":{"desktop":{"background-color":"","background-image":"","background-repeat":"repeat","background-position":"center center","background-size":"auto","background-attachment":"scroll","background-type":"","background-media":"","overlay-type":"","overlay-color":"","overlay-opacity":"","overlay-gradient":""},"tablet":{"background-color":"","background-image":"","background-repeat":"repeat","background-position":"center center","background-size":"auto","background-attachment":"scroll","background-type":"","background-media":"","overlay-type":"","overlay-color":"","overlay-opacity":"","overlay-gradient":""},"mobile":{"background-color":"","background-image":"","background-repeat":"repeat","background-position":"center center","background-size":"auto","background-attachment":"scroll","background-type":"","background-media":"","overlay-type":"","overlay-color":"","overlay-opacity":"","overlay-gradient":""}},"ast-content-background-meta":{"desktop":{"background-color":"var(--ast-global-color-5)","background-image":"","background-repeat":"repeat","background-position":"center center","background-size":"auto","background-attachment":"scroll","background-type":"","background-media":"","overlay-type":"","overlay-color":"","overlay-opacity":"","overlay-gradient":""},"tablet":{"background-color":"var(--ast-global-color-5)","background-image":"","background-repeat":"repeat","background-position":"center center","background-size":"auto","background-attachment":"scroll","background-type":"","background-media":"","overlay-type":"","overlay-color":"","overlay-opacity":"","overlay-gradient":""},"mobile":{"background-color":"var(--ast-global-color-5)","background-image":"","background-repeat":"repeat","background-position":"center center","background-size":"auto","background-attachment":"scroll","background-type":"","background-media":"","overlay-type":"","overlay-color":"","overlay-opacity":"","overlay-gradient":""}}},"product_brand":[],"product_cat":[273,271,305],"product_tag":[],"class_list":{"0":"post-11364","1":"product","2":"type-product","3":"status-publish","4":"has-post-thumbnail","6":"product_cat-aceites-y-capsulas","7":"product_cat-bienestar-cbd","8":"product_cat-cbd-es","9":"pa_cbd-rate-mas-del-20-de-cbd","10":"desktop-align-left","11":"tablet-align-center","12":"mobile-align-left","13":"ast-product-gallery-layout-vertical","14":"ast-product-gallery-with-no-image","15":"ast-magnify-disabled","16":"ast-product-tabs-layout-horizontal","18":"first","19":"instock","20":"taxable","21":"shipping-taxable","22":"purchasable","23":"product-type-simple"},"yoast_head":"<!-- This site is optimized with the Yoast SEO Premium plugin v27.2 (Yoast SEO v27.4) - https:\/\/yoast.com\/product\/yoast-seo-premium-wordpress\/ -->\n<title>Aceite de CBD en Spray Sabor Menta - 150mg Harmony - Blumiz - Premium CBD<\/title>\n<meta name=\"description\" content=\"Aceite de CBD en Spray Sabor Menta - 150mg Harmony - Blumiz - Premium CBD\" \/>\n<meta name=\"robots\" content=\"index, follow, max-snippet:-1, max-image-preview:large, max-video-preview:-1\" \/>\n<link rel=\"canonical\" href=\"https:\/\/blumiz.com\/es\/producto\/cbd-aceite-spray-con-sabor-menta-menta-cbd-aceite-spray-150mg-15ml-harmony\/\" \/>\n<meta property=\"og:locale\" content=\"es_ES\" \/>\n<meta property=\"og:type\" content=\"article\" \/>\n<meta property=\"og:title\" content=\"Aceite de CBD en Spray Sabor Menta - 150mg Harmony\" \/>\n<meta property=\"og:description\" content=\"Aceite de CBD en Spray Sabor Menta - 150mg Harmony Blumiz - Premium CBD\" \/>\n<meta property=\"og:url\" content=\"https:\/\/blumiz.com\/es\/producto\/cbd-aceite-spray-con-sabor-menta-menta-cbd-aceite-spray-150mg-15ml-harmony\/\" \/>\n<meta property=\"og:site_name\" content=\"Blumiz - Premium CBD\" \/>\n<meta property=\"article:modified_time\" content=\"2025-08-05T08:40:46+00:00\" \/>\n<meta property=\"og:image\" content=\"https:\/\/blumiz.com\/wp-content\/uploads\/2022\/09\/Harmony-Minze-CBD-Spray-150mg-15ml.webp\" \/>\n\t<meta property=\"og:image:width\" content=\"600\" \/>\n\t<meta property=\"og:image:height\" content=\"600\" \/>\n\t<meta property=\"og:image:type\" content=\"image\/webp\" \/>\n<meta name=\"twitter:card\" content=\"summary_large_image\" \/>\n<meta name=\"twitter:label1\" content=\"Precio\" \/>\n\t<meta name=\"twitter:data1\" content=\"17,99&nbsp;&euro;\" \/>\n\t<meta name=\"twitter:label2\" content=\"Disponibilidad\" \/>\n\t<meta name=\"twitter:data2\" content=\"Disponible\" \/>\n<script type=\"application\/ld+json\" class=\"yoast-schema-graph\">{\"@context\":\"https:\\\/\\\/schema.org\",\"@graph\":[{\"@type\":\"WebPage\",\"@id\":\"https:\\\/\\\/blumiz.com\\\/es\\\/producto\\\/cbd-aceite-spray-con-sabor-menta-menta-cbd-aceite-spray-150mg-15ml-harmony\\\/\",\"url\":\"https:\\\/\\\/blumiz.com\\\/es\\\/producto\\\/cbd-aceite-spray-con-sabor-menta-menta-cbd-aceite-spray-150mg-15ml-harmony\\\/\",\"name\":\"Aceite de CBD en Spray Sabor Menta - 150mg Harmony - Blumiz - Premium CBD\",\"isPartOf\":{\"@id\":\"https:\\\/\\\/blumiz.com\\\/es\\\/#website\"},\"primaryImageOfPage\":{\"@id\":\"https:\\\/\\\/blumiz.com\\\/es\\\/producto\\\/cbd-aceite-spray-con-sabor-menta-menta-cbd-aceite-spray-150mg-15ml-harmony\\\/#primaryimage\"},\"image\":{\"@id\":\"https:\\\/\\\/blumiz.com\\\/es\\\/producto\\\/cbd-aceite-spray-con-sabor-menta-menta-cbd-aceite-spray-150mg-15ml-harmony\\\/#primaryimage\"},\"thumbnailUrl\":\"https:\\\/\\\/blumiz.com\\\/wp-content\\\/uploads\\\/2022\\\/09\\\/Harmony-Minze-CBD-Spray-150mg-15ml.webp\",\"datePublished\":\"2020-09-07T08:23:46+00:00\",\"dateModified\":\"2025-08-05T08:40:46+00:00\",\"description\":\"Aceite de CBD en Spray Sabor Menta - 150mg Harmony - Blumiz - Premium CBD\",\"breadcrumb\":{\"@id\":\"https:\\\/\\\/blumiz.com\\\/es\\\/producto\\\/cbd-aceite-spray-con-sabor-menta-menta-cbd-aceite-spray-150mg-15ml-harmony\\\/#breadcrumb\"},\"inLanguage\":\"es\",\"potentialAction\":[{\"@type\":\"ReadAction\",\"target\":[\"https:\\\/\\\/blumiz.com\\\/es\\\/producto\\\/cbd-aceite-spray-con-sabor-menta-menta-cbd-aceite-spray-150mg-15ml-harmony\\\/\"]}]},{\"@type\":\"ImageObject\",\"inLanguage\":\"es\",\"@id\":\"https:\\\/\\\/blumiz.com\\\/es\\\/producto\\\/cbd-aceite-spray-con-sabor-menta-menta-cbd-aceite-spray-150mg-15ml-harmony\\\/#primaryimage\",\"url\":\"https:\\\/\\\/blumiz.com\\\/wp-content\\\/uploads\\\/2022\\\/09\\\/Harmony-Minze-CBD-Spray-150mg-15ml.webp\",\"contentUrl\":\"https:\\\/\\\/blumiz.com\\\/wp-content\\\/uploads\\\/2022\\\/09\\\/Harmony-Minze-CBD-Spray-150mg-15ml.webp\",\"width\":600,\"height\":600},{\"@type\":\"BreadcrumbList\",\"@id\":\"https:\\\/\\\/blumiz.com\\\/es\\\/producto\\\/cbd-aceite-spray-con-sabor-menta-menta-cbd-aceite-spray-150mg-15ml-harmony\\\/#breadcrumb\",\"itemListElement\":[{\"@type\":\"ListItem\",\"position\":1,\"name\":\"Blumiz\",\"item\":\"https:\\\/\\\/blumiz.com\\\/es\\\/\"},{\"@type\":\"ListItem\",\"position\":2,\"name\":\"CBD Shop\",\"item\":\"https:\\\/\\\/blumiz.com\\\/es\\\/tienda\\\/\"},{\"@type\":\"ListItem\",\"position\":3,\"name\":\"Bienestar CBD\",\"item\":\"https:\\\/\\\/blumiz.com\\\/es\\\/category\\\/bienestar-cbd\\\/\"},{\"@type\":\"ListItem\",\"position\":4,\"name\":\"Aceites y c\u00e1psulas\",\"item\":\"https:\\\/\\\/blumiz.com\\\/es\\\/category\\\/bienestar-cbd\\\/aceites-y-capsulas\\\/\"},{\"@type\":\"ListItem\",\"position\":5,\"name\":\"Aceite de CBD en Spray Sabor Menta &#8211; 150mg Harmony\"}]},{\"@type\":\"WebSite\",\"@id\":\"https:\\\/\\\/blumiz.com\\\/es\\\/#website\",\"url\":\"https:\\\/\\\/blumiz.com\\\/es\\\/\",\"name\":\"Blumiz - Premium CBD\",\"description\":\"Un CBD al mejor precio y de calidad superior\",\"publisher\":{\"@id\":\"https:\\\/\\\/blumiz.com\\\/es\\\/#organization\"},\"alternateName\":\"Blumiz\",\"potentialAction\":[{\"@type\":\"SearchAction\",\"target\":{\"@type\":\"EntryPoint\",\"urlTemplate\":\"https:\\\/\\\/blumiz.com\\\/es\\\/?s={search_term_string}\"},\"query-input\":{\"@type\":\"PropertyValueSpecification\",\"valueRequired\":true,\"valueName\":\"search_term_string\"}}],\"inLanguage\":\"es\"},{\"@type\":\"Organization\",\"@id\":\"https:\\\/\\\/blumiz.com\\\/es\\\/#organization\",\"name\":\"Blumiz CBD\",\"alternateName\":\"Blumiz\",\"url\":\"https:\\\/\\\/blumiz.com\\\/es\\\/\",\"logo\":{\"@type\":\"ImageObject\",\"inLanguage\":\"es\",\"@id\":\"https:\\\/\\\/blumiz.com\\\/es\\\/#\\\/schema\\\/logo\\\/image\\\/\",\"url\":\"https:\\\/\\\/blumiz.com\\\/wp-content\\\/uploads\\\/2026\\\/02\\\/cropped-Blumiz-CBD-logo.webp\",\"contentUrl\":\"https:\\\/\\\/blumiz.com\\\/wp-content\\\/uploads\\\/2026\\\/02\\\/cropped-Blumiz-CBD-logo.webp\",\"width\":2547,\"height\":778,\"caption\":\"Blumiz CBD\"},\"image\":{\"@id\":\"https:\\\/\\\/blumiz.com\\\/es\\\/#\\\/schema\\\/logo\\\/image\\\/\"}}]}<\/script>\n<meta property=\"product:price:amount\" content=\"17.99\" \/>\n<meta property=\"product:price:currency\" content=\"EUR\" \/>\n<meta property=\"og:availability\" content=\"instock\" \/>\n<meta property=\"product:availability\" content=\"instock\" \/>\n<meta property=\"product:retailer_item_id\" content=\"89121\" \/>\n<meta property=\"product:condition\" content=\"new\" \/>\n<!-- \/ Yoast SEO Premium plugin. -->","yoast_head_json":{"title":"Aceite de CBD en Spray Sabor Menta - 150mg Harmony - Blumiz - Premium CBD","description":"Aceite de CBD en Spray Sabor Menta - 150mg Harmony - Blumiz - Premium CBD","robots":{"index":"index","follow":"follow","max-snippet":"max-snippet:-1","max-image-preview":"max-image-preview:large","max-video-preview":"max-video-preview:-1"},"canonical":"https:\/\/blumiz.com\/es\/producto\/cbd-aceite-spray-con-sabor-menta-menta-cbd-aceite-spray-150mg-15ml-harmony\/","og_locale":"es_ES","og_type":"article","og_title":"Aceite de CBD en Spray Sabor Menta - 150mg Harmony","og_description":"Aceite de CBD en Spray Sabor Menta - 150mg Harmony Blumiz - Premium CBD","og_url":"https:\/\/blumiz.com\/es\/producto\/cbd-aceite-spray-con-sabor-menta-menta-cbd-aceite-spray-150mg-15ml-harmony\/","og_site_name":"Blumiz - Premium CBD","article_modified_time":"2025-08-05T08:40:46+00:00","og_image":[{"width":600,"height":600,"url":"https:\/\/blumiz.com\/wp-content\/uploads\/2022\/09\/Harmony-Minze-CBD-Spray-150mg-15ml.webp","type":"image\/webp"}],"twitter_card":"summary_large_image","twitter_misc":{"Precio":"17,99&nbsp;&euro;","Disponibilidad":"Disponible"},"schema":{"@context":"https:\/\/schema.org","@graph":[{"@type":"WebPage","@id":"https:\/\/blumiz.com\/es\/producto\/cbd-aceite-spray-con-sabor-menta-menta-cbd-aceite-spray-150mg-15ml-harmony\/","url":"https:\/\/blumiz.com\/es\/producto\/cbd-aceite-spray-con-sabor-menta-menta-cbd-aceite-spray-150mg-15ml-harmony\/","name":"Aceite de CBD en Spray Sabor Menta - 150mg Harmony - Blumiz - Premium CBD","isPartOf":{"@id":"https:\/\/blumiz.com\/es\/#website"},"primaryImageOfPage":{"@id":"https:\/\/blumiz.com\/es\/producto\/cbd-aceite-spray-con-sabor-menta-menta-cbd-aceite-spray-150mg-15ml-harmony\/#primaryimage"},"image":{"@id":"https:\/\/blumiz.com\/es\/producto\/cbd-aceite-spray-con-sabor-menta-menta-cbd-aceite-spray-150mg-15ml-harmony\/#primaryimage"},"thumbnailUrl":"https:\/\/blumiz.com\/wp-content\/uploads\/2022\/09\/Harmony-Minze-CBD-Spray-150mg-15ml.webp","datePublished":"2020-09-07T08:23:46+00:00","dateModified":"2025-08-05T08:40:46+00:00","description":"Aceite de CBD en Spray Sabor Menta - 150mg Harmony - Blumiz - Premium CBD","breadcrumb":{"@id":"https:\/\/blumiz.com\/es\/producto\/cbd-aceite-spray-con-sabor-menta-menta-cbd-aceite-spray-150mg-15ml-harmony\/#breadcrumb"},"inLanguage":"es","potentialAction":[{"@type":"ReadAction","target":["https:\/\/blumiz.com\/es\/producto\/cbd-aceite-spray-con-sabor-menta-menta-cbd-aceite-spray-150mg-15ml-harmony\/"]}]},{"@type":"ImageObject","inLanguage":"es","@id":"https:\/\/blumiz.com\/es\/producto\/cbd-aceite-spray-con-sabor-menta-menta-cbd-aceite-spray-150mg-15ml-harmony\/#primaryimage","url":"https:\/\/blumiz.com\/wp-content\/uploads\/2022\/09\/Harmony-Minze-CBD-Spray-150mg-15ml.webp","contentUrl":"https:\/\/blumiz.com\/wp-content\/uploads\/2022\/09\/Harmony-Minze-CBD-Spray-150mg-15ml.webp","width":600,"height":600},{"@type":"BreadcrumbList","@id":"https:\/\/blumiz.com\/es\/producto\/cbd-aceite-spray-con-sabor-menta-menta-cbd-aceite-spray-150mg-15ml-harmony\/#breadcrumb","itemListElement":[{"@type":"ListItem","position":1,"name":"Blumiz","item":"https:\/\/blumiz.com\/es\/"},{"@type":"ListItem","position":2,"name":"CBD Shop","item":"https:\/\/blumiz.com\/es\/tienda\/"},{"@type":"ListItem","position":3,"name":"Bienestar CBD","item":"https:\/\/blumiz.com\/es\/category\/bienestar-cbd\/"},{"@type":"ListItem","position":4,"name":"Aceites y c\u00e1psulas","item":"https:\/\/blumiz.com\/es\/category\/bienestar-cbd\/aceites-y-capsulas\/"},{"@type":"ListItem","position":5,"name":"Aceite de CBD en Spray Sabor Menta &#8211; 150mg Harmony"}]},{"@type":"WebSite","@id":"https:\/\/blumiz.com\/es\/#website","url":"https:\/\/blumiz.com\/es\/","name":"Blumiz - Premium CBD","description":"Un CBD al mejor precio y de calidad superior","publisher":{"@id":"https:\/\/blumiz.com\/es\/#organization"},"alternateName":"Blumiz","potentialAction":[{"@type":"SearchAction","target":{"@type":"EntryPoint","urlTemplate":"https:\/\/blumiz.com\/es\/?s={search_term_string}"},"query-input":{"@type":"PropertyValueSpecification","valueRequired":true,"valueName":"search_term_string"}}],"inLanguage":"es"},{"@type":"Organization","@id":"https:\/\/blumiz.com\/es\/#organization","name":"Blumiz CBD","alternateName":"Blumiz","url":"https:\/\/blumiz.com\/es\/","logo":{"@type":"ImageObject","inLanguage":"es","@id":"https:\/\/blumiz.com\/es\/#\/schema\/logo\/image\/","url":"https:\/\/blumiz.com\/wp-content\/uploads\/2026\/02\/cropped-Blumiz-CBD-logo.webp","contentUrl":"https:\/\/blumiz.com\/wp-content\/uploads\/2026\/02\/cropped-Blumiz-CBD-logo.webp","width":2547,"height":778,"caption":"Blumiz CBD"},"image":{"@id":"https:\/\/blumiz.com\/es\/#\/schema\/logo\/image\/"}}]},"product_price_amount":"17.99","product_price_currency":"EUR","og_availability":"instock","product_availability":"instock","product_retailer_item_id":"89121","product_condition":"new"},"_links":{"self":[{"href":"https:\/\/blumiz.com\/es\/wp-json\/wp\/v2\/product\/11364","targetHints":{"allow":["GET"]}}],"collection":[{"href":"https:\/\/blumiz.com\/es\/wp-json\/wp\/v2\/product"}],"about":[{"href":"https:\/\/blumiz.com\/es\/wp-json\/wp\/v2\/types\/product"}],"replies":[{"embeddable":true,"href":"https:\/\/blumiz.com\/es\/wp-json\/wp\/v2\/comments?post=11364"}],"version-history":[{"count":0,"href":"https:\/\/blumiz.com\/es\/wp-json\/wp\/v2\/product\/11364\/revisions"}],"wp:featuredmedia":[{"embeddable":true,"href":"https:\/\/blumiz.com\/es\/wp-json\/wp\/v2\/media\/10462"}],"wp:attachment":[{"href":"https:\/\/blumiz.com\/es\/wp-json\/wp\/v2\/media?parent=11364"}],"wp:term":[{"taxonomy":"product_brand","embeddable":true,"href":"https:\/\/blumiz.com\/es\/wp-json\/wp\/v2\/product_brand?post=11364"},{"taxonomy":"product_cat","embeddable":true,"href":"https:\/\/blumiz.com\/es\/wp-json\/wp\/v2\/product_cat?post=11364"},{"taxonomy":"product_tag","embeddable":true,"href":"https:\/\/blumiz.com\/es\/wp-json\/wp\/v2\/product_tag?post=11364"}],"curies":[{"name":"wp","href":"https:\/\/api.w.org\/{rel}","templated":true}]}}