{"id":11366,"date":"2020-09-07T07:13:42","date_gmt":"2020-09-07T06:13:42","guid":{"rendered":"https:\/\/blumiz.com\/produkt\/bascula-digital-nuevo-mexico-01-g-600-g\/"},"modified":"2025-08-05T09:15:40","modified_gmt":"2025-08-05T08:15:40","slug":"bascula-digital-nuevo-mexico-01-g-600-g","status":"publish","type":"product","link":"https:\/\/blumiz.com\/es\/producto\/bascula-digital-nuevo-mexico-01-g-600-g\/","title":{"rendered":"B\u00e1scula digital Boston 0,1 g &#8211; 100 g"},"content":{"rendered":"<p>Descripci\u00f3n<br \/>\n\u00a1Medidas precisas en un abrir y cerrar de ojos!<\/p>\n<p>La b\u00e1scula digital USA Weight Boston 0,1 g &#8211; 100 g tiene un dise\u00f1o moderno, una elegante superficie de cristal y una pantalla LCD de f\u00e1cil lectura. Sus avanzados sensores de alta precisi\u00f3n proporcionan mediciones exactas en varios modos. La b\u00e1scula dispone de una funci\u00f3n de tara que resta el peso del recipiente.<\/p>\n<p>Es de acero inoxidable y puede pesar hasta 100 g de objetos a la vez. Dispone de funciones adicionales como tara, apagado autom\u00e1tico, indicador de nivel de bater\u00eda y retenci\u00f3n. Adem\u00e1s, la b\u00e1scula se apaga autom\u00e1ticamente tras 2 minutos de inactividad y funciona con 2 pilas AAA (incluidas). Esta b\u00e1scula multifunci\u00f3n de alta precisi\u00f3n de 2 \u00d7 2 pies est\u00e1 fabricada con pl\u00e1stico ABS de alta calidad y vidrio templado. Es muy f\u00e1cil de usar y puede dar resultados inmediatos. Esta b\u00e1scula sirve para pesar cosas en casa, en la cl\u00ednica o en la consulta del m\u00e9dico, dondequiera que vaya.<\/p>\n<p>Esta b\u00e1scula digital puede utilizarse para pesar caf\u00e9, hierbas, especias, t\u00e9, medicamentos, joyas, oro y metales preciosos y otros objetos peque\u00f1os.<\/p>\n","protected":false},"excerpt":{"rendered":"<h2>BALANZA ELECTR\u00d3NICA BOSTON | 0,01 &#8211; 100g<\/h2>\n<p>Un peso exacto puede ser indispensable cuando se juega con hierbas secas. Gracias a ello, puede elegir libremente distintas proporciones de su material favorito y hacer exactamente las conexiones que desee. Para evitar errores y fallos, elige aparatos fiables, como las b\u00e1sculas electr\u00f3nicas Boston de 0,01-100 g. A primera vista, se puede ver que este peso es algo diferente de los otros modelos. El tama\u00f1o ligeramente mayor le permite pesar m\u00e1s seco al mismo tiempo, por lo que es una soluci\u00f3n mucho m\u00e1s pragm\u00e1tica y r\u00e1pida. Este modelo tambi\u00e9n es extremadamente preciso, ya que muestra el peso con una exactitud de una cent\u00e9sima de gramo.<\/p>\n","protected":false},"featured_media":10458,"comment_status":"open","ping_status":"closed","template":"","meta":{"site-sidebar-layout":"default","site-content-layout":"default","ast-site-content-layout":"default","site-content-style":"default","site-sidebar-style":"default","ast-global-header-display":"","ast-banner-title-visibility":"","ast-main-header-display":"","ast-hfb-above-header-display":"","ast-hfb-below-header-display":"","ast-hfb-mobile-header-display":"","site-post-title":"","ast-breadcrumbs-content":"","ast-featured-img":"","footer-sml-layout":"","ast-disable-related-posts":"","theme-transparent-header-meta":"default","adv-header-id-meta":"","stick-header-meta":"default","header-above-stick-meta":"","header-main-stick-meta":"","header-below-stick-meta":"","astra-migrate-meta-layouts":"default","ast-page-background-enabled":"default","ast-page-background-meta":{"desktop":{"background-color":"","background-image":"","background-repeat":"repeat","background-position":"center center","background-size":"auto","background-attachment":"scroll","background-type":"","background-media":"","overlay-type":"","overlay-color":"","overlay-opacity":"","overlay-gradient":""},"tablet":{"background-color":"","background-image":"","background-repeat":"repeat","background-position":"center center","background-size":"auto","background-attachment":"scroll","background-type":"","background-media":"","overlay-type":"","overlay-color":"","overlay-opacity":"","overlay-gradient":""},"mobile":{"background-color":"","background-image":"","background-repeat":"repeat","background-position":"center center","background-size":"auto","background-attachment":"scroll","background-type":"","background-media":"","overlay-type":"","overlay-color":"","overlay-opacity":"","overlay-gradient":""}},"ast-content-background-meta":{"desktop":{"background-color":"var(--ast-global-color-5)","background-image":"","background-repeat":"repeat","background-position":"center center","background-size":"auto","background-attachment":"scroll","background-type":"","background-media":"","overlay-type":"","overlay-color":"","overlay-opacity":"","overlay-gradient":""},"tablet":{"background-color":"var(--ast-global-color-5)","background-image":"","background-repeat":"repeat","background-position":"center center","background-size":"auto","background-attachment":"scroll","background-type":"","background-media":"","overlay-type":"","overlay-color":"","overlay-opacity":"","overlay-gradient":""},"mobile":{"background-color":"var(--ast-global-color-5)","background-image":"","background-repeat":"repeat","background-position":"center center","background-size":"auto","background-attachment":"scroll","background-type":"","background-media":"","overlay-type":"","overlay-color":"","overlay-opacity":"","overlay-gradient":""}}},"product_brand":[],"product_cat":[267],"product_tag":[],"class_list":{"0":"post-11366","1":"product","2":"type-product","3":"status-publish","4":"has-post-thumbnail","6":"product_cat-headshop-es","7":"desktop-align-left","8":"tablet-align-center","9":"mobile-align-left","10":"ast-product-gallery-layout-vertical","11":"ast-product-gallery-with-no-image","12":"ast-magnify-disabled","13":"ast-product-tabs-layout-horizontal","15":"first","16":"instock","17":"taxable","18":"shipping-taxable","19":"purchasable","20":"product-type-simple"},"yoast_head":"<!-- This site is optimized with the Yoast SEO Premium plugin v27.2 (Yoast SEO v27.5) - https:\/\/yoast.com\/product\/yoast-seo-premium-wordpress\/ -->\n<title>B\u00e1scula digital Boston 0,1 g - 100 g - Blumiz - Premium CBD<\/title>\n<meta name=\"description\" content=\"B\u00e1scula digital Boston 0,1 g - 100 g - Blumiz - Premium CBD\" \/>\n<meta name=\"robots\" content=\"index, follow, max-snippet:-1, max-image-preview:large, max-video-preview:-1\" \/>\n<link rel=\"canonical\" href=\"https:\/\/blumiz.com\/es\/producto\/bascula-digital-nuevo-mexico-01-g-600-g\/\" \/>\n<meta property=\"og:locale\" content=\"es_ES\" \/>\n<meta property=\"og:type\" content=\"article\" \/>\n<meta property=\"og:title\" content=\"B\u00e1scula digital Boston 0,1 g - 100 g\" \/>\n<meta property=\"og:description\" content=\"B\u00e1scula digital Boston 0,1 g - 100 g Blumiz - Premium CBD\" \/>\n<meta property=\"og:url\" content=\"https:\/\/blumiz.com\/es\/producto\/bascula-digital-nuevo-mexico-01-g-600-g\/\" \/>\n<meta property=\"og:site_name\" content=\"Blumiz - Premium CBD\" \/>\n<meta property=\"article:modified_time\" content=\"2025-08-05T08:15:40+00:00\" \/>\n<meta property=\"og:image\" content=\"https:\/\/blumiz.com\/wp-content\/uploads\/2022\/09\/Gewicht-Digitalwaage-New-Mexico-01-g-\u2013-600-g.webp\" \/>\n\t<meta property=\"og:image:width\" content=\"600\" \/>\n\t<meta property=\"og:image:height\" content=\"600\" \/>\n\t<meta property=\"og:image:type\" content=\"image\/webp\" \/>\n<meta name=\"twitter:card\" content=\"summary_large_image\" \/>\n<meta name=\"twitter:label1\" content=\"Precio\" \/>\n\t<meta name=\"twitter:data1\" content=\"9,90&nbsp;&euro;\" \/>\n\t<meta name=\"twitter:label2\" content=\"Disponibilidad\" \/>\n\t<meta name=\"twitter:data2\" content=\"Disponible\" \/>\n<script type=\"application\/ld+json\" class=\"yoast-schema-graph\">{\"@context\":\"https:\\\/\\\/schema.org\",\"@graph\":[{\"@type\":\"WebPage\",\"@id\":\"https:\\\/\\\/blumiz.com\\\/es\\\/producto\\\/bascula-digital-nuevo-mexico-01-g-600-g\\\/\",\"url\":\"https:\\\/\\\/blumiz.com\\\/es\\\/producto\\\/bascula-digital-nuevo-mexico-01-g-600-g\\\/\",\"name\":\"B\u00e1scula digital Boston 0,1 g - 100 g - Blumiz - Premium CBD\",\"isPartOf\":{\"@id\":\"https:\\\/\\\/blumiz.com\\\/es\\\/#website\"},\"primaryImageOfPage\":{\"@id\":\"https:\\\/\\\/blumiz.com\\\/es\\\/producto\\\/bascula-digital-nuevo-mexico-01-g-600-g\\\/#primaryimage\"},\"image\":{\"@id\":\"https:\\\/\\\/blumiz.com\\\/es\\\/producto\\\/bascula-digital-nuevo-mexico-01-g-600-g\\\/#primaryimage\"},\"thumbnailUrl\":\"https:\\\/\\\/blumiz.com\\\/wp-content\\\/uploads\\\/2022\\\/09\\\/Gewicht-Digitalwaage-New-Mexico-01-g-\u2013-600-g.webp\",\"datePublished\":\"2020-09-07T06:13:42+00:00\",\"dateModified\":\"2025-08-05T08:15:40+00:00\",\"description\":\"B\u00e1scula digital Boston 0,1 g - 100 g - Blumiz - Premium CBD\",\"breadcrumb\":{\"@id\":\"https:\\\/\\\/blumiz.com\\\/es\\\/producto\\\/bascula-digital-nuevo-mexico-01-g-600-g\\\/#breadcrumb\"},\"inLanguage\":\"es\",\"potentialAction\":[{\"@type\":\"ReadAction\",\"target\":[\"https:\\\/\\\/blumiz.com\\\/es\\\/producto\\\/bascula-digital-nuevo-mexico-01-g-600-g\\\/\"]}]},{\"@type\":\"ImageObject\",\"inLanguage\":\"es\",\"@id\":\"https:\\\/\\\/blumiz.com\\\/es\\\/producto\\\/bascula-digital-nuevo-mexico-01-g-600-g\\\/#primaryimage\",\"url\":\"https:\\\/\\\/blumiz.com\\\/wp-content\\\/uploads\\\/2022\\\/09\\\/Gewicht-Digitalwaage-New-Mexico-01-g-\u2013-600-g.webp\",\"contentUrl\":\"https:\\\/\\\/blumiz.com\\\/wp-content\\\/uploads\\\/2022\\\/09\\\/Gewicht-Digitalwaage-New-Mexico-01-g-\u2013-600-g.webp\",\"width\":600,\"height\":600},{\"@type\":\"BreadcrumbList\",\"@id\":\"https:\\\/\\\/blumiz.com\\\/es\\\/producto\\\/bascula-digital-nuevo-mexico-01-g-600-g\\\/#breadcrumb\",\"itemListElement\":[{\"@type\":\"ListItem\",\"position\":1,\"name\":\"Blumiz\",\"item\":\"https:\\\/\\\/blumiz.com\\\/es\\\/\"},{\"@type\":\"ListItem\",\"position\":2,\"name\":\"CBD Shop\",\"item\":\"https:\\\/\\\/blumiz.com\\\/es\\\/tienda\\\/\"},{\"@type\":\"ListItem\",\"position\":3,\"name\":\"HeadShop\",\"item\":\"https:\\\/\\\/blumiz.com\\\/es\\\/category\\\/headshop-es\\\/\"},{\"@type\":\"ListItem\",\"position\":4,\"name\":\"B\u00e1scula digital Boston 0,1 g &#8211; 100 g\"}]},{\"@type\":\"WebSite\",\"@id\":\"https:\\\/\\\/blumiz.com\\\/es\\\/#website\",\"url\":\"https:\\\/\\\/blumiz.com\\\/es\\\/\",\"name\":\"Blumiz - Premium CBD\",\"description\":\"Un CBD al mejor precio y de calidad superior\",\"publisher\":{\"@id\":\"https:\\\/\\\/blumiz.com\\\/es\\\/#organization\"},\"alternateName\":\"Blumiz\",\"potentialAction\":[{\"@type\":\"SearchAction\",\"target\":{\"@type\":\"EntryPoint\",\"urlTemplate\":\"https:\\\/\\\/blumiz.com\\\/es\\\/?s={search_term_string}\"},\"query-input\":{\"@type\":\"PropertyValueSpecification\",\"valueRequired\":true,\"valueName\":\"search_term_string\"}}],\"inLanguage\":\"es\"},{\"@type\":\"Organization\",\"@id\":\"https:\\\/\\\/blumiz.com\\\/es\\\/#organization\",\"name\":\"Blumiz CBD\",\"alternateName\":\"Blumiz\",\"url\":\"https:\\\/\\\/blumiz.com\\\/es\\\/\",\"logo\":{\"@type\":\"ImageObject\",\"inLanguage\":\"es\",\"@id\":\"https:\\\/\\\/blumiz.com\\\/es\\\/#\\\/schema\\\/logo\\\/image\\\/\",\"url\":\"https:\\\/\\\/blumiz.com\\\/wp-content\\\/uploads\\\/2026\\\/02\\\/cropped-Blumiz-CBD-logo.webp\",\"contentUrl\":\"https:\\\/\\\/blumiz.com\\\/wp-content\\\/uploads\\\/2026\\\/02\\\/cropped-Blumiz-CBD-logo.webp\",\"width\":2547,\"height\":778,\"caption\":\"Blumiz CBD\"},\"image\":{\"@id\":\"https:\\\/\\\/blumiz.com\\\/es\\\/#\\\/schema\\\/logo\\\/image\\\/\"}}]}<\/script>\n<meta property=\"product:price:amount\" content=\"9.90\" \/>\n<meta property=\"product:price:currency\" content=\"EUR\" \/>\n<meta property=\"og:availability\" content=\"instock\" \/>\n<meta property=\"product:availability\" content=\"instock\" \/>\n<meta property=\"product:retailer_item_id\" content=\"52854\" \/>\n<meta property=\"product:condition\" content=\"new\" \/>\n<!-- \/ Yoast SEO Premium plugin. -->","yoast_head_json":{"title":"B\u00e1scula digital Boston 0,1 g - 100 g - Blumiz - Premium CBD","description":"B\u00e1scula digital Boston 0,1 g - 100 g - Blumiz - Premium CBD","robots":{"index":"index","follow":"follow","max-snippet":"max-snippet:-1","max-image-preview":"max-image-preview:large","max-video-preview":"max-video-preview:-1"},"canonical":"https:\/\/blumiz.com\/es\/producto\/bascula-digital-nuevo-mexico-01-g-600-g\/","og_locale":"es_ES","og_type":"article","og_title":"B\u00e1scula digital Boston 0,1 g - 100 g","og_description":"B\u00e1scula digital Boston 0,1 g - 100 g Blumiz - Premium CBD","og_url":"https:\/\/blumiz.com\/es\/producto\/bascula-digital-nuevo-mexico-01-g-600-g\/","og_site_name":"Blumiz - Premium CBD","article_modified_time":"2025-08-05T08:15:40+00:00","og_image":[{"width":600,"height":600,"url":"https:\/\/blumiz.com\/wp-content\/uploads\/2022\/09\/Gewicht-Digitalwaage-New-Mexico-01-g-\u2013-600-g.webp","type":"image\/webp"}],"twitter_card":"summary_large_image","twitter_misc":{"Precio":"9,90&nbsp;&euro;","Disponibilidad":"Disponible"},"schema":{"@context":"https:\/\/schema.org","@graph":[{"@type":"WebPage","@id":"https:\/\/blumiz.com\/es\/producto\/bascula-digital-nuevo-mexico-01-g-600-g\/","url":"https:\/\/blumiz.com\/es\/producto\/bascula-digital-nuevo-mexico-01-g-600-g\/","name":"B\u00e1scula digital Boston 0,1 g - 100 g - Blumiz - Premium CBD","isPartOf":{"@id":"https:\/\/blumiz.com\/es\/#website"},"primaryImageOfPage":{"@id":"https:\/\/blumiz.com\/es\/producto\/bascula-digital-nuevo-mexico-01-g-600-g\/#primaryimage"},"image":{"@id":"https:\/\/blumiz.com\/es\/producto\/bascula-digital-nuevo-mexico-01-g-600-g\/#primaryimage"},"thumbnailUrl":"https:\/\/blumiz.com\/wp-content\/uploads\/2022\/09\/Gewicht-Digitalwaage-New-Mexico-01-g-\u2013-600-g.webp","datePublished":"2020-09-07T06:13:42+00:00","dateModified":"2025-08-05T08:15:40+00:00","description":"B\u00e1scula digital Boston 0,1 g - 100 g - Blumiz - Premium CBD","breadcrumb":{"@id":"https:\/\/blumiz.com\/es\/producto\/bascula-digital-nuevo-mexico-01-g-600-g\/#breadcrumb"},"inLanguage":"es","potentialAction":[{"@type":"ReadAction","target":["https:\/\/blumiz.com\/es\/producto\/bascula-digital-nuevo-mexico-01-g-600-g\/"]}]},{"@type":"ImageObject","inLanguage":"es","@id":"https:\/\/blumiz.com\/es\/producto\/bascula-digital-nuevo-mexico-01-g-600-g\/#primaryimage","url":"https:\/\/blumiz.com\/wp-content\/uploads\/2022\/09\/Gewicht-Digitalwaage-New-Mexico-01-g-\u2013-600-g.webp","contentUrl":"https:\/\/blumiz.com\/wp-content\/uploads\/2022\/09\/Gewicht-Digitalwaage-New-Mexico-01-g-\u2013-600-g.webp","width":600,"height":600},{"@type":"BreadcrumbList","@id":"https:\/\/blumiz.com\/es\/producto\/bascula-digital-nuevo-mexico-01-g-600-g\/#breadcrumb","itemListElement":[{"@type":"ListItem","position":1,"name":"Blumiz","item":"https:\/\/blumiz.com\/es\/"},{"@type":"ListItem","position":2,"name":"CBD Shop","item":"https:\/\/blumiz.com\/es\/tienda\/"},{"@type":"ListItem","position":3,"name":"HeadShop","item":"https:\/\/blumiz.com\/es\/category\/headshop-es\/"},{"@type":"ListItem","position":4,"name":"B\u00e1scula digital Boston 0,1 g &#8211; 100 g"}]},{"@type":"WebSite","@id":"https:\/\/blumiz.com\/es\/#website","url":"https:\/\/blumiz.com\/es\/","name":"Blumiz - Premium CBD","description":"Un CBD al mejor precio y de calidad superior","publisher":{"@id":"https:\/\/blumiz.com\/es\/#organization"},"alternateName":"Blumiz","potentialAction":[{"@type":"SearchAction","target":{"@type":"EntryPoint","urlTemplate":"https:\/\/blumiz.com\/es\/?s={search_term_string}"},"query-input":{"@type":"PropertyValueSpecification","valueRequired":true,"valueName":"search_term_string"}}],"inLanguage":"es"},{"@type":"Organization","@id":"https:\/\/blumiz.com\/es\/#organization","name":"Blumiz CBD","alternateName":"Blumiz","url":"https:\/\/blumiz.com\/es\/","logo":{"@type":"ImageObject","inLanguage":"es","@id":"https:\/\/blumiz.com\/es\/#\/schema\/logo\/image\/","url":"https:\/\/blumiz.com\/wp-content\/uploads\/2026\/02\/cropped-Blumiz-CBD-logo.webp","contentUrl":"https:\/\/blumiz.com\/wp-content\/uploads\/2026\/02\/cropped-Blumiz-CBD-logo.webp","width":2547,"height":778,"caption":"Blumiz CBD"},"image":{"@id":"https:\/\/blumiz.com\/es\/#\/schema\/logo\/image\/"}}]},"product_price_amount":"9.90","product_price_currency":"EUR","og_availability":"instock","product_availability":"instock","product_retailer_item_id":"52854","product_condition":"new"},"_links":{"self":[{"href":"https:\/\/blumiz.com\/es\/wp-json\/wp\/v2\/product\/11366","targetHints":{"allow":["GET"]}}],"collection":[{"href":"https:\/\/blumiz.com\/es\/wp-json\/wp\/v2\/product"}],"about":[{"href":"https:\/\/blumiz.com\/es\/wp-json\/wp\/v2\/types\/product"}],"replies":[{"embeddable":true,"href":"https:\/\/blumiz.com\/es\/wp-json\/wp\/v2\/comments?post=11366"}],"version-history":[{"count":0,"href":"https:\/\/blumiz.com\/es\/wp-json\/wp\/v2\/product\/11366\/revisions"}],"wp:featuredmedia":[{"embeddable":true,"href":"https:\/\/blumiz.com\/es\/wp-json\/wp\/v2\/media\/10458"}],"wp:attachment":[{"href":"https:\/\/blumiz.com\/es\/wp-json\/wp\/v2\/media?parent=11366"}],"wp:term":[{"taxonomy":"product_brand","embeddable":true,"href":"https:\/\/blumiz.com\/es\/wp-json\/wp\/v2\/product_brand?post=11366"},{"taxonomy":"product_cat","embeddable":true,"href":"https:\/\/blumiz.com\/es\/wp-json\/wp\/v2\/product_cat?post=11366"},{"taxonomy":"product_tag","embeddable":true,"href":"https:\/\/blumiz.com\/es\/wp-json\/wp\/v2\/product_tag?post=11366"}],"curies":[{"name":"wp","href":"https:\/\/api.w.org\/{rel}","templated":true}]}}