{"id":11388,"date":"2020-09-07T08:50:06","date_gmt":"2020-09-07T07:50:06","guid":{"rendered":"https:\/\/blumiz.com\/produkt\/jabon-suave-de-aceite-de-canamo-hemp-nature-100g\/"},"modified":"2025-02-11T13:31:14","modified_gmt":"2025-02-11T12:31:14","slug":"jabon-suave-de-aceite-de-canamo-hemp-nature-100g","status":"publish","type":"product","link":"https:\/\/blumiz.com\/es\/producto\/jabon-suave-de-aceite-de-canamo-hemp-nature-100g\/","title":{"rendered":"Jab\u00f3n suave de aceite de c\u00e1\u00f1amo Hemp Nature 100g"},"content":{"rendered":"<p>Los jabones de Hemp&amp;Nature se elaboran seg\u00fan una antigua receta tradicional de cocci\u00f3n del jab\u00f3n.<br \/>\nEl aceite de c\u00e1\u00f1amo 100% puro sirve de base. El suave m\u00e9todo de elaboraci\u00f3n conserva una elevada proporci\u00f3n de glicerina nutritiva y reguladora de la humedad. Los valiosos componentes insaponificados del aceite de c\u00e1\u00f1amo protegen la piel de las influencias nocivas del medio ambiente.<\/p>\n<p>E <strong>l Jab\u00f3n Suave de Aceite de C\u00e1\u00f1amo<\/strong> es un jab\u00f3n natural especialmente suave para la limpieza diaria. La piel se limpia con suavidad y no se estresa gracias al alto contenido en aceite de c\u00e1\u00f1amo.<br \/>\nEl contenido de glicerina natural tiene un efecto positivo en el equilibrio de hidrataci\u00f3n de la piel. El jab\u00f3n tambi\u00e9n es ideal para pieles especialmente sensibles, ya que no contiene conservantes ni fragancias. <\/p>\n<p>Ingredientes: Palmato de sodio, almendra de palma de sodio, agua, aceite de semilla de Cannabis Sativa, glicerina, cloruro de sodio, EDTA tetras\u00f3dico, etidronato tetras\u00f3dico.<\/p>\n","protected":false},"excerpt":{"rendered":"<h2>Jab\u00f3n suave de aceite de c\u00e1\u00f1amo 100g de Hemp&amp;Nature<\/h2>\n<p>100% natural<\/p>\n","protected":false},"featured_media":10491,"comment_status":"open","ping_status":"closed","template":"","meta":{"site-sidebar-layout":"default","site-content-layout":"default","ast-site-content-layout":"default","site-content-style":"default","site-sidebar-style":"default","ast-global-header-display":"","ast-banner-title-visibility":"","ast-main-header-display":"","ast-hfb-above-header-display":"","ast-hfb-below-header-display":"","ast-hfb-mobile-header-display":"","site-post-title":"","ast-breadcrumbs-content":"","ast-featured-img":"","footer-sml-layout":"","ast-disable-related-posts":"","theme-transparent-header-meta":"default","adv-header-id-meta":"","stick-header-meta":"default","header-above-stick-meta":"","header-main-stick-meta":"","header-below-stick-meta":"","astra-migrate-meta-layouts":"default","ast-page-background-enabled":"default","ast-page-background-meta":{"desktop":{"background-color":"","background-image":"","background-repeat":"repeat","background-position":"center center","background-size":"auto","background-attachment":"scroll","background-type":"","background-media":"","overlay-type":"","overlay-color":"","overlay-opacity":"","overlay-gradient":""},"tablet":{"background-color":"","background-image":"","background-repeat":"repeat","background-position":"center center","background-size":"auto","background-attachment":"scroll","background-type":"","background-media":"","overlay-type":"","overlay-color":"","overlay-opacity":"","overlay-gradient":""},"mobile":{"background-color":"","background-image":"","background-repeat":"repeat","background-position":"center center","background-size":"auto","background-attachment":"scroll","background-type":"","background-media":"","overlay-type":"","overlay-color":"","overlay-opacity":"","overlay-gradient":""}},"ast-content-background-meta":{"desktop":{"background-color":"var(--ast-global-color-5)","background-image":"","background-repeat":"repeat","background-position":"center center","background-size":"auto","background-attachment":"scroll","background-type":"","background-media":"","overlay-type":"","overlay-color":"","overlay-opacity":"","overlay-gradient":""},"tablet":{"background-color":"var(--ast-global-color-5)","background-image":"","background-repeat":"repeat","background-position":"center center","background-size":"auto","background-attachment":"scroll","background-type":"","background-media":"","overlay-type":"","overlay-color":"","overlay-opacity":"","overlay-gradient":""},"mobile":{"background-color":"var(--ast-global-color-5)","background-image":"","background-repeat":"repeat","background-position":"center center","background-size":"auto","background-attachment":"scroll","background-type":"","background-media":"","overlay-type":"","overlay-color":"","overlay-opacity":"","overlay-gradient":""}}},"product_brand":[],"product_cat":[274],"product_tag":[],"class_list":{"0":"post-11388","1":"product","2":"type-product","3":"status-publish","4":"has-post-thumbnail","6":"product_cat-cosmeticos-cbd","7":"desktop-align-left","8":"tablet-align-center","9":"mobile-align-left","10":"ast-product-gallery-layout-vertical","11":"ast-product-gallery-with-no-image","12":"ast-magnify-disabled","13":"ast-product-tabs-layout-horizontal","15":"first","16":"instock","17":"taxable","18":"shipping-taxable","19":"purchasable","20":"product-type-simple"},"yoast_head":"<!-- This site is optimized with the Yoast SEO Premium plugin v27.2 (Yoast SEO v27.4) - https:\/\/yoast.com\/product\/yoast-seo-premium-wordpress\/ -->\n<title>Jab\u00f3n suave de aceite de c\u00e1\u00f1amo Hemp Nature 100g - Blumiz - Premium CBD<\/title>\n<meta name=\"description\" content=\"Jab\u00f3n suave de aceite de c\u00e1\u00f1amo Hemp Nature 100g - Blumiz - Premium CBD\" \/>\n<meta name=\"robots\" content=\"index, follow, max-snippet:-1, max-image-preview:large, max-video-preview:-1\" \/>\n<link rel=\"canonical\" href=\"https:\/\/blumiz.com\/es\/producto\/jabon-suave-de-aceite-de-canamo-hemp-nature-100g\/\" \/>\n<meta property=\"og:locale\" content=\"es_ES\" \/>\n<meta property=\"og:type\" content=\"article\" \/>\n<meta property=\"og:title\" content=\"Jab\u00f3n suave de aceite de c\u00e1\u00f1amo Hemp Nature 100g\" \/>\n<meta property=\"og:description\" content=\"Jab\u00f3n suave de aceite de c\u00e1\u00f1amo Hemp Nature 100g Blumiz - Premium CBD\" \/>\n<meta property=\"og:url\" content=\"https:\/\/blumiz.com\/es\/producto\/jabon-suave-de-aceite-de-canamo-hemp-nature-100g\/\" \/>\n<meta property=\"og:site_name\" content=\"Blumiz - Premium CBD\" \/>\n<meta property=\"article:modified_time\" content=\"2025-02-11T12:31:14+00:00\" \/>\n<meta property=\"og:image\" content=\"https:\/\/blumiz.com\/wp-content\/uploads\/2022\/09\/Hanf-Nature-Hanfo\u0308l-Sanfte-Seife-100g.webp\" \/>\n\t<meta property=\"og:image:width\" content=\"600\" \/>\n\t<meta property=\"og:image:height\" content=\"600\" \/>\n\t<meta property=\"og:image:type\" content=\"image\/webp\" \/>\n<meta name=\"twitter:card\" content=\"summary_large_image\" \/>\n<meta name=\"twitter:label1\" content=\"Precio\" \/>\n\t<meta name=\"twitter:data1\" content=\"2,99&nbsp;&euro;\" \/>\n\t<meta name=\"twitter:label2\" content=\"Disponibilidad\" \/>\n\t<meta name=\"twitter:data2\" content=\"Disponible\" \/>\n<script type=\"application\/ld+json\" class=\"yoast-schema-graph\">{\"@context\":\"https:\\\/\\\/schema.org\",\"@graph\":[{\"@type\":\"WebPage\",\"@id\":\"https:\\\/\\\/blumiz.com\\\/es\\\/producto\\\/jabon-suave-de-aceite-de-canamo-hemp-nature-100g\\\/\",\"url\":\"https:\\\/\\\/blumiz.com\\\/es\\\/producto\\\/jabon-suave-de-aceite-de-canamo-hemp-nature-100g\\\/\",\"name\":\"Jab\u00f3n suave de aceite de c\u00e1\u00f1amo Hemp Nature 100g - Blumiz - Premium CBD\",\"isPartOf\":{\"@id\":\"https:\\\/\\\/blumiz.com\\\/es\\\/#website\"},\"primaryImageOfPage\":{\"@id\":\"https:\\\/\\\/blumiz.com\\\/es\\\/producto\\\/jabon-suave-de-aceite-de-canamo-hemp-nature-100g\\\/#primaryimage\"},\"image\":{\"@id\":\"https:\\\/\\\/blumiz.com\\\/es\\\/producto\\\/jabon-suave-de-aceite-de-canamo-hemp-nature-100g\\\/#primaryimage\"},\"thumbnailUrl\":\"https:\\\/\\\/blumiz.com\\\/wp-content\\\/uploads\\\/2022\\\/09\\\/Hanf-Nature-Hanfo\u0308l-Sanfte-Seife-100g.webp\",\"datePublished\":\"2020-09-07T07:50:06+00:00\",\"dateModified\":\"2025-02-11T12:31:14+00:00\",\"description\":\"Jab\u00f3n suave de aceite de c\u00e1\u00f1amo Hemp Nature 100g - Blumiz - Premium CBD\",\"breadcrumb\":{\"@id\":\"https:\\\/\\\/blumiz.com\\\/es\\\/producto\\\/jabon-suave-de-aceite-de-canamo-hemp-nature-100g\\\/#breadcrumb\"},\"inLanguage\":\"es\",\"potentialAction\":[{\"@type\":\"ReadAction\",\"target\":[\"https:\\\/\\\/blumiz.com\\\/es\\\/producto\\\/jabon-suave-de-aceite-de-canamo-hemp-nature-100g\\\/\"]}]},{\"@type\":\"ImageObject\",\"inLanguage\":\"es\",\"@id\":\"https:\\\/\\\/blumiz.com\\\/es\\\/producto\\\/jabon-suave-de-aceite-de-canamo-hemp-nature-100g\\\/#primaryimage\",\"url\":\"https:\\\/\\\/blumiz.com\\\/wp-content\\\/uploads\\\/2022\\\/09\\\/Hanf-Nature-Hanfo\u0308l-Sanfte-Seife-100g.webp\",\"contentUrl\":\"https:\\\/\\\/blumiz.com\\\/wp-content\\\/uploads\\\/2022\\\/09\\\/Hanf-Nature-Hanfo\u0308l-Sanfte-Seife-100g.webp\",\"width\":600,\"height\":600},{\"@type\":\"BreadcrumbList\",\"@id\":\"https:\\\/\\\/blumiz.com\\\/es\\\/producto\\\/jabon-suave-de-aceite-de-canamo-hemp-nature-100g\\\/#breadcrumb\",\"itemListElement\":[{\"@type\":\"ListItem\",\"position\":1,\"name\":\"Blumiz\",\"item\":\"https:\\\/\\\/blumiz.com\\\/es\\\/\"},{\"@type\":\"ListItem\",\"position\":2,\"name\":\"CBD Shop\",\"item\":\"https:\\\/\\\/blumiz.com\\\/es\\\/tienda\\\/\"},{\"@type\":\"ListItem\",\"position\":3,\"name\":\"Bienestar CBD\",\"item\":\"https:\\\/\\\/blumiz.com\\\/es\\\/category\\\/bienestar-cbd\\\/\"},{\"@type\":\"ListItem\",\"position\":4,\"name\":\"Cosm\u00e9ticos CBD\",\"item\":\"https:\\\/\\\/blumiz.com\\\/es\\\/category\\\/bienestar-cbd\\\/cosmeticos-cbd\\\/\"},{\"@type\":\"ListItem\",\"position\":5,\"name\":\"Jab\u00f3n suave de aceite de c\u00e1\u00f1amo Hemp Nature 100g\"}]},{\"@type\":\"WebSite\",\"@id\":\"https:\\\/\\\/blumiz.com\\\/es\\\/#website\",\"url\":\"https:\\\/\\\/blumiz.com\\\/es\\\/\",\"name\":\"Blumiz - Premium CBD\",\"description\":\"Un CBD al mejor precio y de calidad superior\",\"publisher\":{\"@id\":\"https:\\\/\\\/blumiz.com\\\/es\\\/#organization\"},\"alternateName\":\"Blumiz\",\"potentialAction\":[{\"@type\":\"SearchAction\",\"target\":{\"@type\":\"EntryPoint\",\"urlTemplate\":\"https:\\\/\\\/blumiz.com\\\/es\\\/?s={search_term_string}\"},\"query-input\":{\"@type\":\"PropertyValueSpecification\",\"valueRequired\":true,\"valueName\":\"search_term_string\"}}],\"inLanguage\":\"es\"},{\"@type\":\"Organization\",\"@id\":\"https:\\\/\\\/blumiz.com\\\/es\\\/#organization\",\"name\":\"Blumiz CBD\",\"alternateName\":\"Blumiz\",\"url\":\"https:\\\/\\\/blumiz.com\\\/es\\\/\",\"logo\":{\"@type\":\"ImageObject\",\"inLanguage\":\"es\",\"@id\":\"https:\\\/\\\/blumiz.com\\\/es\\\/#\\\/schema\\\/logo\\\/image\\\/\",\"url\":\"https:\\\/\\\/blumiz.com\\\/wp-content\\\/uploads\\\/2026\\\/02\\\/cropped-Blumiz-CBD-logo.webp\",\"contentUrl\":\"https:\\\/\\\/blumiz.com\\\/wp-content\\\/uploads\\\/2026\\\/02\\\/cropped-Blumiz-CBD-logo.webp\",\"width\":2547,\"height\":778,\"caption\":\"Blumiz CBD\"},\"image\":{\"@id\":\"https:\\\/\\\/blumiz.com\\\/es\\\/#\\\/schema\\\/logo\\\/image\\\/\"}}]}<\/script>\n<meta property=\"product:price:amount\" content=\"2.99\" \/>\n<meta property=\"product:price:currency\" content=\"EUR\" \/>\n<meta property=\"og:availability\" content=\"instock\" \/>\n<meta property=\"product:availability\" content=\"instock\" \/>\n<meta property=\"product:retailer_item_id\" content=\"656849\" \/>\n<meta property=\"product:condition\" content=\"new\" \/>\n<!-- \/ Yoast SEO Premium plugin. -->","yoast_head_json":{"title":"Jab\u00f3n suave de aceite de c\u00e1\u00f1amo Hemp Nature 100g - Blumiz - Premium CBD","description":"Jab\u00f3n suave de aceite de c\u00e1\u00f1amo Hemp Nature 100g - Blumiz - Premium CBD","robots":{"index":"index","follow":"follow","max-snippet":"max-snippet:-1","max-image-preview":"max-image-preview:large","max-video-preview":"max-video-preview:-1"},"canonical":"https:\/\/blumiz.com\/es\/producto\/jabon-suave-de-aceite-de-canamo-hemp-nature-100g\/","og_locale":"es_ES","og_type":"article","og_title":"Jab\u00f3n suave de aceite de c\u00e1\u00f1amo Hemp Nature 100g","og_description":"Jab\u00f3n suave de aceite de c\u00e1\u00f1amo Hemp Nature 100g Blumiz - Premium CBD","og_url":"https:\/\/blumiz.com\/es\/producto\/jabon-suave-de-aceite-de-canamo-hemp-nature-100g\/","og_site_name":"Blumiz - Premium CBD","article_modified_time":"2025-02-11T12:31:14+00:00","og_image":[{"width":600,"height":600,"url":"https:\/\/blumiz.com\/wp-content\/uploads\/2022\/09\/Hanf-Nature-Hanfo\u0308l-Sanfte-Seife-100g.webp","type":"image\/webp"}],"twitter_card":"summary_large_image","twitter_misc":{"Precio":"2,99&nbsp;&euro;","Disponibilidad":"Disponible"},"schema":{"@context":"https:\/\/schema.org","@graph":[{"@type":"WebPage","@id":"https:\/\/blumiz.com\/es\/producto\/jabon-suave-de-aceite-de-canamo-hemp-nature-100g\/","url":"https:\/\/blumiz.com\/es\/producto\/jabon-suave-de-aceite-de-canamo-hemp-nature-100g\/","name":"Jab\u00f3n suave de aceite de c\u00e1\u00f1amo Hemp Nature 100g - Blumiz - Premium CBD","isPartOf":{"@id":"https:\/\/blumiz.com\/es\/#website"},"primaryImageOfPage":{"@id":"https:\/\/blumiz.com\/es\/producto\/jabon-suave-de-aceite-de-canamo-hemp-nature-100g\/#primaryimage"},"image":{"@id":"https:\/\/blumiz.com\/es\/producto\/jabon-suave-de-aceite-de-canamo-hemp-nature-100g\/#primaryimage"},"thumbnailUrl":"https:\/\/blumiz.com\/wp-content\/uploads\/2022\/09\/Hanf-Nature-Hanfo\u0308l-Sanfte-Seife-100g.webp","datePublished":"2020-09-07T07:50:06+00:00","dateModified":"2025-02-11T12:31:14+00:00","description":"Jab\u00f3n suave de aceite de c\u00e1\u00f1amo Hemp Nature 100g - Blumiz - Premium CBD","breadcrumb":{"@id":"https:\/\/blumiz.com\/es\/producto\/jabon-suave-de-aceite-de-canamo-hemp-nature-100g\/#breadcrumb"},"inLanguage":"es","potentialAction":[{"@type":"ReadAction","target":["https:\/\/blumiz.com\/es\/producto\/jabon-suave-de-aceite-de-canamo-hemp-nature-100g\/"]}]},{"@type":"ImageObject","inLanguage":"es","@id":"https:\/\/blumiz.com\/es\/producto\/jabon-suave-de-aceite-de-canamo-hemp-nature-100g\/#primaryimage","url":"https:\/\/blumiz.com\/wp-content\/uploads\/2022\/09\/Hanf-Nature-Hanfo\u0308l-Sanfte-Seife-100g.webp","contentUrl":"https:\/\/blumiz.com\/wp-content\/uploads\/2022\/09\/Hanf-Nature-Hanfo\u0308l-Sanfte-Seife-100g.webp","width":600,"height":600},{"@type":"BreadcrumbList","@id":"https:\/\/blumiz.com\/es\/producto\/jabon-suave-de-aceite-de-canamo-hemp-nature-100g\/#breadcrumb","itemListElement":[{"@type":"ListItem","position":1,"name":"Blumiz","item":"https:\/\/blumiz.com\/es\/"},{"@type":"ListItem","position":2,"name":"CBD Shop","item":"https:\/\/blumiz.com\/es\/tienda\/"},{"@type":"ListItem","position":3,"name":"Bienestar CBD","item":"https:\/\/blumiz.com\/es\/category\/bienestar-cbd\/"},{"@type":"ListItem","position":4,"name":"Cosm\u00e9ticos CBD","item":"https:\/\/blumiz.com\/es\/category\/bienestar-cbd\/cosmeticos-cbd\/"},{"@type":"ListItem","position":5,"name":"Jab\u00f3n suave de aceite de c\u00e1\u00f1amo Hemp Nature 100g"}]},{"@type":"WebSite","@id":"https:\/\/blumiz.com\/es\/#website","url":"https:\/\/blumiz.com\/es\/","name":"Blumiz - Premium CBD","description":"Un CBD al mejor precio y de calidad superior","publisher":{"@id":"https:\/\/blumiz.com\/es\/#organization"},"alternateName":"Blumiz","potentialAction":[{"@type":"SearchAction","target":{"@type":"EntryPoint","urlTemplate":"https:\/\/blumiz.com\/es\/?s={search_term_string}"},"query-input":{"@type":"PropertyValueSpecification","valueRequired":true,"valueName":"search_term_string"}}],"inLanguage":"es"},{"@type":"Organization","@id":"https:\/\/blumiz.com\/es\/#organization","name":"Blumiz CBD","alternateName":"Blumiz","url":"https:\/\/blumiz.com\/es\/","logo":{"@type":"ImageObject","inLanguage":"es","@id":"https:\/\/blumiz.com\/es\/#\/schema\/logo\/image\/","url":"https:\/\/blumiz.com\/wp-content\/uploads\/2026\/02\/cropped-Blumiz-CBD-logo.webp","contentUrl":"https:\/\/blumiz.com\/wp-content\/uploads\/2026\/02\/cropped-Blumiz-CBD-logo.webp","width":2547,"height":778,"caption":"Blumiz CBD"},"image":{"@id":"https:\/\/blumiz.com\/es\/#\/schema\/logo\/image\/"}}]},"product_price_amount":"2.99","product_price_currency":"EUR","og_availability":"instock","product_availability":"instock","product_retailer_item_id":"656849","product_condition":"new"},"_links":{"self":[{"href":"https:\/\/blumiz.com\/es\/wp-json\/wp\/v2\/product\/11388","targetHints":{"allow":["GET"]}}],"collection":[{"href":"https:\/\/blumiz.com\/es\/wp-json\/wp\/v2\/product"}],"about":[{"href":"https:\/\/blumiz.com\/es\/wp-json\/wp\/v2\/types\/product"}],"replies":[{"embeddable":true,"href":"https:\/\/blumiz.com\/es\/wp-json\/wp\/v2\/comments?post=11388"}],"version-history":[{"count":0,"href":"https:\/\/blumiz.com\/es\/wp-json\/wp\/v2\/product\/11388\/revisions"}],"wp:featuredmedia":[{"embeddable":true,"href":"https:\/\/blumiz.com\/es\/wp-json\/wp\/v2\/media\/10491"}],"wp:attachment":[{"href":"https:\/\/blumiz.com\/es\/wp-json\/wp\/v2\/media?parent=11388"}],"wp:term":[{"taxonomy":"product_brand","embeddable":true,"href":"https:\/\/blumiz.com\/es\/wp-json\/wp\/v2\/product_brand?post=11388"},{"taxonomy":"product_cat","embeddable":true,"href":"https:\/\/blumiz.com\/es\/wp-json\/wp\/v2\/product_cat?post=11388"},{"taxonomy":"product_tag","embeddable":true,"href":"https:\/\/blumiz.com\/es\/wp-json\/wp\/v2\/product_tag?post=11388"}],"curies":[{"name":"wp","href":"https:\/\/api.w.org\/{rel}","templated":true}]}}