{"id":11391,"date":"2020-10-05T14:17:05","date_gmt":"2020-10-05T13:17:05","guid":{"rendered":"https:\/\/blumiz.com\/produkt\/sandia-flores-cbd-16\/"},"modified":"2025-02-25T11:48:14","modified_gmt":"2025-02-25T10:48:14","slug":"watermelon-cbd","status":"publish","type":"product","link":"https:\/\/blumiz.com\/es\/producto\/watermelon-cbd\/","title":{"rendered":"Watermelon &#8211; Flores CBD 16%"},"content":{"rendered":"<h2><span style=\"color: #107d85;\">Flores CBD Watermelon Greenhouse 16%<\/span><\/h2>\n<p>Si eliges esta variedad de CBD Watermelon OG, no te decepcionar\u00e1. Estas flores de cannabis fueron premiadas por su excepcional calidad en la Scandinavian North Grow Cup en septiembre de 2019. Estas flores de predominancia \u00edndica te proporcionan un agradable sabor dulce, mezclando notas de sand\u00eda y galleta.<\/p>\n<p>Cultivada en interior, podr\u00e1s disfrutar de estos bonitos cogollos compactos y resinosos. Adem\u00e1s, podr\u00e1 encontrar notas especiadas y, a veces, incluso terrosas, seg\u00fan informan algunos consumidores. Esta variedad CBD har\u00e1 las delicias de todos los entendidos, incluso de los m\u00e1s experimentados. Puede consumirse en diferentes momentos.<\/p>\n<p>Esta variedad CBD es excepcional y te proporcionar\u00e1 un placer sin igual. En todos los sentidos, no se arrepentir\u00e1.<\/p>\n<h4><span style=\"color: #ff6600;\"><strong>Aroma flores Watermelon <\/strong><\/span><\/h4>\n<p>\u00bfTe apetece un mel\u00f3n? La Watermelon es una hermosa variedad morada procedente del cultivo en invernadero.<\/p>\n<p>\u00a1Un nuevo \u00e9xito de ventas y en una calidad asombrosa!<\/p>\n<p>El aspecto, el aroma y la consistencia pueden calificarse de muy buenos.<\/p>\n<p>Las flores de aroma <strong>Sand\u00eda <\/strong>encantan no s\u00f3lo por su fragancia y aspecto.<\/p>\n<p>En el cultivo de <strong>la Watermelon<\/strong> se procura que no haya pesticidas, productos qu\u00edmicos u otros contaminantes. El valor de THC no supera el m\u00e1ximo 0,2, lo que hace que la cepa pueda venderse en la UE.<\/p>\n<h4><span style=\"color: #ff6600;\"><strong>Instrucciones de uso de las flores arom\u00e1ticas de Watermelon:<\/strong><\/span><\/h4>\n<ul>\n<li>Guarde las flores de <strong>Watermelon<\/strong> en un lugar fresco, oscuro y seco.<\/li>\n<li>Mantener fuera del alcance de los ni\u00f1os.<\/li>\n<li>La venta se realiza exclusivamente a mayores de 18 a\u00f1os.<\/li>\n<li>Este producto no es apto para mujeres embarazadas o en per\u00edodo de lactancia ni para ni\u00f1os.<\/li>\n<\/ul>\n<h4><span style=\"color: #ff6600;\"><strong>Nota sobre las flores de aroma de Watermelon:<\/strong><\/span><\/h4>\n<p>Las flores de aroma de <strong>Watermelon<\/strong> est\u00e1n sujetas a variaciones naturales y pueden variar en textura, apariencia y valor CBD de un lote a otro.<\/p>\n<p>Este producto no es apto para el consumo.<\/p>\n<p>Las im\u00e1genes mostradas son s\u00f3lo de referencia, el aspecto real del producto puede variar.<\/p>\n<p>Si buscas otras variedades a buen precio, tambi\u00e9n te recomendamos probar nuestra <a href=\"https:\/\/blumiz.com\/producto\/trim-cbd-indoor-mix-7\/\">TRIM<\/a> o nuestra <a href=\"https:\/\/blumiz.com\/producto\/cbd-small-bud-indoor-mix-9\/\">Small Buds Mix Indoor<\/a>.<\/p>\n<p>Si buscas una variedad de la m\u00e1xima calidad, te recomendamos <a href=\"https:\/\/blumiz.com\/producto\/ivory-cbd\/\">Ivory<\/a>, <a href=\"https:\/\/blumiz.com\/producto\/mango-kush-cbd\/\">Mango Kush<\/a> o <a href=\"https:\/\/blumiz.com\/producto\/amnesia-cbd\/\">Amnesia<\/a>.<\/p>\n<p><span style=\"color: #ff6600; font-size: 20.8px;\">Nuestra<\/span> <a style=\"color: #ff6600;\" href=\"\/?product_cat=cbd-blueten\">Flores CBD es sin\u00f3nimo<\/a> <span style=\"color: #ff6600; font-size: 20.8px;\">de altos est\u00e1ndares de calidad y productos seleccionados a mano<\/span><\/p>\n<p>Flores CBD est\u00e1n disponibles en diferentes sabores y concentraciones de CBD. Nuestras Flores CBD se someten a estrictos criterios externos de calidad. Se venden como materias primas y no contienen aditivos qu\u00edmicos ni impurezas.<\/p>\n<p>Descubra aqu\u00ed tambi\u00e9n nuestro <a href=\"https:\/\/blumiz.com\/es\/category\/hachis-y-concentrados\/\">CBD Hachis<\/a><\/p>\n<p>Una pregunta, \u00bfnecesitas ayuda?  <a href=\"https:\/\/blumiz.com\/hilfe-und-faqs\/\">Haga clic aqu\u00ed para descubrir nuestro centro de ayuda.<\/a><\/p>\n<p>Descubre nuestros <a href=\"https:\/\/blumiz.com\/es\/category\/headshop-es\/\">productos y accesorios Headshop<\/a> para disfrutar de tus variedades favoritas<\/p>\n<h4><span style=\"color: #ff6600;\">Hacer un pedido a Blumiz significa:<\/span><\/h4>\n<p>&#8211; Entrega r\u00e1pida, discreta e inodora<br \/>\n&#8211; Productos de calidad y certificados por laboratorios<br \/>\n&#8211; Precios inmejorables, ya que fabricamos nuestros propios productos<\/p>\n","protected":false},"excerpt":{"rendered":"<h4><span style=\"color: #107d85;\">Flores CBD Watermelon Greenhouse 16%<\/span><\/h4>\n<p>\u00a1El \u00e9xito ya no se puede probar! Uno de nuestros grandes favoritos.<\/p>\n<p>Ganadora de la Cannabis Cup, Watermelon OG tiene un sabor dulce y a galleta. Esta deliciosa variedad con sabor a Watermelon le convencer\u00e1. Adem\u00e1s, hay notas especiadas y, a veces, incluso terrosas.<\/p>\n","protected":false},"featured_media":10394,"comment_status":"open","ping_status":"closed","template":"","meta":{"site-sidebar-layout":"default","site-content-layout":"default","ast-site-content-layout":"default","site-content-style":"default","site-sidebar-style":"default","ast-global-header-display":"","ast-banner-title-visibility":"","ast-main-header-display":"","ast-hfb-above-header-display":"","ast-hfb-below-header-display":"","ast-hfb-mobile-header-display":"","site-post-title":"","ast-breadcrumbs-content":"","ast-featured-img":"","footer-sml-layout":"","ast-disable-related-posts":"","theme-transparent-header-meta":"default","adv-header-id-meta":"","stick-header-meta":"default","header-above-stick-meta":"","header-main-stick-meta":"","header-below-stick-meta":"","astra-migrate-meta-layouts":"default","ast-page-background-enabled":"default","ast-page-background-meta":{"desktop":{"background-color":"","background-image":"","background-repeat":"repeat","background-position":"center center","background-size":"auto","background-attachment":"scroll","background-type":"","background-media":"","overlay-type":"","overlay-color":"","overlay-opacity":"","overlay-gradient":""},"tablet":{"background-color":"","background-image":"","background-repeat":"repeat","background-position":"center center","background-size":"auto","background-attachment":"scroll","background-type":"","background-media":"","overlay-type":"","overlay-color":"","overlay-opacity":"","overlay-gradient":""},"mobile":{"background-color":"","background-image":"","background-repeat":"repeat","background-position":"center center","background-size":"auto","background-attachment":"scroll","background-type":"","background-media":"","overlay-type":"","overlay-color":"","overlay-opacity":"","overlay-gradient":""}},"ast-content-background-meta":{"desktop":{"background-color":"var(--ast-global-color-5)","background-image":"","background-repeat":"repeat","background-position":"center center","background-size":"auto","background-attachment":"scroll","background-type":"","background-media":"","overlay-type":"","overlay-color":"","overlay-opacity":"","overlay-gradient":""},"tablet":{"background-color":"var(--ast-global-color-5)","background-image":"","background-repeat":"repeat","background-position":"center center","background-size":"auto","background-attachment":"scroll","background-type":"","background-media":"","overlay-type":"","overlay-color":"","overlay-opacity":"","overlay-gradient":""},"mobile":{"background-color":"var(--ast-global-color-5)","background-image":"","background-repeat":"repeat","background-position":"center center","background-size":"auto","background-attachment":"scroll","background-type":"","background-media":"","overlay-type":"","overlay-color":"","overlay-opacity":"","overlay-gradient":""}}},"product_brand":[],"product_cat":[305,261,270,268],"product_tag":[237,231],"class_list":{"0":"post-11391","1":"product","2":"type-product","3":"status-publish","4":"has-post-thumbnail","6":"product_cat-cbd-es","7":"product_cat-flores-cbd","8":"product_cat-flores-cbd-baratas","9":"product_cat-greenhouse-flores-cbd","10":"product_tag-flores-cbd-baratas","11":"product_tag-greenhouse-cbd-es","12":"pa_cbd-rate-10-a-20-cbd-es","13":"pa_kategorie-flores-de-cbd-baratas","14":"pa_kategorie-greenhouse-cbd-es","15":"desktop-align-left","16":"tablet-align-center","17":"mobile-align-left","18":"ast-product-gallery-layout-vertical","19":"ast-magnify-disabled","20":"ast-product-single-variable","21":"ast-product-tabs-layout-horizontal","23":"first","24":"instock","25":"taxable","26":"shipping-taxable","27":"purchasable","28":"product-type-variable"},"yoast_head":"<!-- This site is optimized with the Yoast SEO Premium plugin v27.2 (Yoast SEO v27.4) - https:\/\/yoast.com\/product\/yoast-seo-premium-wordpress\/ -->\n<title>Watermelon CBD 15% A partir de 2,60\u20ac\/g - legal en Espa\u00f1a<\/title>\n<meta name=\"description\" content=\"Watermelon CBD 15% Greenhouse Desde 2,60\u20ac\/g - legal en Espa\u00f1a. Esta gen\u00e9tica tan especial aporta un toque de ligereza a su vida. Watermelon cbd\" \/>\n<meta name=\"robots\" content=\"index, follow, max-snippet:-1, max-image-preview:large, max-video-preview:-1\" \/>\n<link rel=\"canonical\" href=\"https:\/\/blumiz.com\/es\/producto\/watermelon-cbd\/\" \/>\n<meta property=\"og:locale\" content=\"es_ES\" \/>\n<meta property=\"og:type\" content=\"article\" \/>\n<meta property=\"og:title\" content=\"Watermelon - Flores CBD 16%\" \/>\n<meta property=\"og:description\" content=\"Watermelon - Flores CBD 16% Blumiz - Premium CBD\" \/>\n<meta property=\"og:url\" content=\"https:\/\/blumiz.com\/es\/producto\/watermelon-cbd\/\" \/>\n<meta property=\"og:site_name\" content=\"Blumiz - Premium CBD\" \/>\n<meta property=\"article:modified_time\" content=\"2025-02-25T10:48:14+00:00\" \/>\n<meta property=\"og:image\" content=\"https:\/\/blumiz.com\/wp-content\/uploads\/2022\/08\/WATERMELON-OG-BAG-BLUMIZ.webp\" \/>\n\t<meta property=\"og:image:width\" content=\"600\" \/>\n\t<meta property=\"og:image:height\" content=\"600\" \/>\n\t<meta property=\"og:image:type\" content=\"image\/webp\" \/>\n<meta name=\"twitter:card\" content=\"summary_large_image\" \/>\n<meta name=\"twitter:label1\" content=\"Disponibilidad\" \/>\n\t<meta name=\"twitter:data1\" content=\"Disponible\" \/>\n<script type=\"application\/ld+json\" class=\"yoast-schema-graph\">{\"@context\":\"https:\\\/\\\/schema.org\",\"@graph\":[{\"@type\":\"WebPage\",\"@id\":\"https:\\\/\\\/blumiz.com\\\/es\\\/producto\\\/watermelon-cbd\\\/\",\"url\":\"https:\\\/\\\/blumiz.com\\\/es\\\/producto\\\/watermelon-cbd\\\/\",\"name\":\"Watermelon CBD 15% A partir de 2,60\u20ac\\\/g - legal en Espa\u00f1a\",\"isPartOf\":{\"@id\":\"https:\\\/\\\/blumiz.com\\\/es\\\/#website\"},\"primaryImageOfPage\":{\"@id\":\"https:\\\/\\\/blumiz.com\\\/es\\\/producto\\\/watermelon-cbd\\\/#primaryimage\"},\"image\":{\"@id\":\"https:\\\/\\\/blumiz.com\\\/es\\\/producto\\\/watermelon-cbd\\\/#primaryimage\"},\"thumbnailUrl\":\"https:\\\/\\\/blumiz.com\\\/wp-content\\\/uploads\\\/2022\\\/08\\\/WATERMELON-OG-BAG-BLUMIZ.webp\",\"datePublished\":\"2020-10-05T13:17:05+00:00\",\"dateModified\":\"2025-02-25T10:48:14+00:00\",\"description\":\"Watermelon CBD 15% Greenhouse Desde 2,60\u20ac\\\/g - legal en Espa\u00f1a. Esta gen\u00e9tica tan especial aporta un toque de ligereza a su vida. Watermelon cbd\",\"breadcrumb\":{\"@id\":\"https:\\\/\\\/blumiz.com\\\/es\\\/producto\\\/watermelon-cbd\\\/#breadcrumb\"},\"inLanguage\":\"es\",\"potentialAction\":[{\"@type\":\"ReadAction\",\"target\":[\"https:\\\/\\\/blumiz.com\\\/es\\\/producto\\\/watermelon-cbd\\\/\"]}]},{\"@type\":\"ImageObject\",\"inLanguage\":\"es\",\"@id\":\"https:\\\/\\\/blumiz.com\\\/es\\\/producto\\\/watermelon-cbd\\\/#primaryimage\",\"url\":\"https:\\\/\\\/blumiz.com\\\/wp-content\\\/uploads\\\/2022\\\/08\\\/WATERMELON-OG-BAG-BLUMIZ.webp\",\"contentUrl\":\"https:\\\/\\\/blumiz.com\\\/wp-content\\\/uploads\\\/2022\\\/08\\\/WATERMELON-OG-BAG-BLUMIZ.webp\",\"width\":600,\"height\":600},{\"@type\":\"BreadcrumbList\",\"@id\":\"https:\\\/\\\/blumiz.com\\\/es\\\/producto\\\/watermelon-cbd\\\/#breadcrumb\",\"itemListElement\":[{\"@type\":\"ListItem\",\"position\":1,\"name\":\"Blumiz\",\"item\":\"https:\\\/\\\/blumiz.com\\\/es\\\/\"},{\"@type\":\"ListItem\",\"position\":2,\"name\":\"CBD Shop\",\"item\":\"https:\\\/\\\/blumiz.com\\\/es\\\/tienda\\\/\"},{\"@type\":\"ListItem\",\"position\":3,\"name\":\"Flores CBD\",\"item\":\"https:\\\/\\\/blumiz.com\\\/es\\\/category\\\/flores-cbd\\\/\"},{\"@type\":\"ListItem\",\"position\":4,\"name\":\"Watermelon &#8211; Flores CBD 16%\"}]},{\"@type\":\"WebSite\",\"@id\":\"https:\\\/\\\/blumiz.com\\\/es\\\/#website\",\"url\":\"https:\\\/\\\/blumiz.com\\\/es\\\/\",\"name\":\"Blumiz - Premium CBD\",\"description\":\"Un CBD al mejor precio y de calidad superior\",\"publisher\":{\"@id\":\"https:\\\/\\\/blumiz.com\\\/es\\\/#organization\"},\"alternateName\":\"Blumiz\",\"potentialAction\":[{\"@type\":\"SearchAction\",\"target\":{\"@type\":\"EntryPoint\",\"urlTemplate\":\"https:\\\/\\\/blumiz.com\\\/es\\\/?s={search_term_string}\"},\"query-input\":{\"@type\":\"PropertyValueSpecification\",\"valueRequired\":true,\"valueName\":\"search_term_string\"}}],\"inLanguage\":\"es\"},{\"@type\":\"Organization\",\"@id\":\"https:\\\/\\\/blumiz.com\\\/es\\\/#organization\",\"name\":\"Blumiz CBD\",\"alternateName\":\"Blumiz\",\"url\":\"https:\\\/\\\/blumiz.com\\\/es\\\/\",\"logo\":{\"@type\":\"ImageObject\",\"inLanguage\":\"es\",\"@id\":\"https:\\\/\\\/blumiz.com\\\/es\\\/#\\\/schema\\\/logo\\\/image\\\/\",\"url\":\"https:\\\/\\\/blumiz.com\\\/wp-content\\\/uploads\\\/2026\\\/02\\\/cropped-Blumiz-CBD-logo.webp\",\"contentUrl\":\"https:\\\/\\\/blumiz.com\\\/wp-content\\\/uploads\\\/2026\\\/02\\\/cropped-Blumiz-CBD-logo.webp\",\"width\":2547,\"height\":778,\"caption\":\"Blumiz CBD\"},\"image\":{\"@id\":\"https:\\\/\\\/blumiz.com\\\/es\\\/#\\\/schema\\\/logo\\\/image\\\/\"}}]}<\/script>\n<meta property=\"og:availability\" content=\"instock\" \/>\n<meta property=\"product:availability\" content=\"instock\" \/>\n<meta property=\"product:retailer_item_id\" content=\"244763\" \/>\n<meta property=\"product:condition\" content=\"new\" \/>\n<!-- \/ Yoast SEO Premium plugin. -->","yoast_head_json":{"title":"Watermelon CBD 15% A partir de 2,60\u20ac\/g - legal en Espa\u00f1a","description":"Watermelon CBD 15% Greenhouse Desde 2,60\u20ac\/g - legal en Espa\u00f1a. Esta gen\u00e9tica tan especial aporta un toque de ligereza a su vida. Watermelon cbd","robots":{"index":"index","follow":"follow","max-snippet":"max-snippet:-1","max-image-preview":"max-image-preview:large","max-video-preview":"max-video-preview:-1"},"canonical":"https:\/\/blumiz.com\/es\/producto\/watermelon-cbd\/","og_locale":"es_ES","og_type":"article","og_title":"Watermelon - Flores CBD 16%","og_description":"Watermelon - Flores CBD 16% Blumiz - Premium CBD","og_url":"https:\/\/blumiz.com\/es\/producto\/watermelon-cbd\/","og_site_name":"Blumiz - Premium CBD","article_modified_time":"2025-02-25T10:48:14+00:00","og_image":[{"width":600,"height":600,"url":"https:\/\/blumiz.com\/wp-content\/uploads\/2022\/08\/WATERMELON-OG-BAG-BLUMIZ.webp","type":"image\/webp"}],"twitter_card":"summary_large_image","twitter_misc":{"Disponibilidad":"Disponible"},"schema":{"@context":"https:\/\/schema.org","@graph":[{"@type":"WebPage","@id":"https:\/\/blumiz.com\/es\/producto\/watermelon-cbd\/","url":"https:\/\/blumiz.com\/es\/producto\/watermelon-cbd\/","name":"Watermelon CBD 15% A partir de 2,60\u20ac\/g - legal en Espa\u00f1a","isPartOf":{"@id":"https:\/\/blumiz.com\/es\/#website"},"primaryImageOfPage":{"@id":"https:\/\/blumiz.com\/es\/producto\/watermelon-cbd\/#primaryimage"},"image":{"@id":"https:\/\/blumiz.com\/es\/producto\/watermelon-cbd\/#primaryimage"},"thumbnailUrl":"https:\/\/blumiz.com\/wp-content\/uploads\/2022\/08\/WATERMELON-OG-BAG-BLUMIZ.webp","datePublished":"2020-10-05T13:17:05+00:00","dateModified":"2025-02-25T10:48:14+00:00","description":"Watermelon CBD 15% Greenhouse Desde 2,60\u20ac\/g - legal en Espa\u00f1a. Esta gen\u00e9tica tan especial aporta un toque de ligereza a su vida. Watermelon cbd","breadcrumb":{"@id":"https:\/\/blumiz.com\/es\/producto\/watermelon-cbd\/#breadcrumb"},"inLanguage":"es","potentialAction":[{"@type":"ReadAction","target":["https:\/\/blumiz.com\/es\/producto\/watermelon-cbd\/"]}]},{"@type":"ImageObject","inLanguage":"es","@id":"https:\/\/blumiz.com\/es\/producto\/watermelon-cbd\/#primaryimage","url":"https:\/\/blumiz.com\/wp-content\/uploads\/2022\/08\/WATERMELON-OG-BAG-BLUMIZ.webp","contentUrl":"https:\/\/blumiz.com\/wp-content\/uploads\/2022\/08\/WATERMELON-OG-BAG-BLUMIZ.webp","width":600,"height":600},{"@type":"BreadcrumbList","@id":"https:\/\/blumiz.com\/es\/producto\/watermelon-cbd\/#breadcrumb","itemListElement":[{"@type":"ListItem","position":1,"name":"Blumiz","item":"https:\/\/blumiz.com\/es\/"},{"@type":"ListItem","position":2,"name":"CBD Shop","item":"https:\/\/blumiz.com\/es\/tienda\/"},{"@type":"ListItem","position":3,"name":"Flores CBD","item":"https:\/\/blumiz.com\/es\/category\/flores-cbd\/"},{"@type":"ListItem","position":4,"name":"Watermelon &#8211; Flores CBD 16%"}]},{"@type":"WebSite","@id":"https:\/\/blumiz.com\/es\/#website","url":"https:\/\/blumiz.com\/es\/","name":"Blumiz - Premium CBD","description":"Un CBD al mejor precio y de calidad superior","publisher":{"@id":"https:\/\/blumiz.com\/es\/#organization"},"alternateName":"Blumiz","potentialAction":[{"@type":"SearchAction","target":{"@type":"EntryPoint","urlTemplate":"https:\/\/blumiz.com\/es\/?s={search_term_string}"},"query-input":{"@type":"PropertyValueSpecification","valueRequired":true,"valueName":"search_term_string"}}],"inLanguage":"es"},{"@type":"Organization","@id":"https:\/\/blumiz.com\/es\/#organization","name":"Blumiz CBD","alternateName":"Blumiz","url":"https:\/\/blumiz.com\/es\/","logo":{"@type":"ImageObject","inLanguage":"es","@id":"https:\/\/blumiz.com\/es\/#\/schema\/logo\/image\/","url":"https:\/\/blumiz.com\/wp-content\/uploads\/2026\/02\/cropped-Blumiz-CBD-logo.webp","contentUrl":"https:\/\/blumiz.com\/wp-content\/uploads\/2026\/02\/cropped-Blumiz-CBD-logo.webp","width":2547,"height":778,"caption":"Blumiz CBD"},"image":{"@id":"https:\/\/blumiz.com\/es\/#\/schema\/logo\/image\/"}}]},"og_availability":"instock","product_availability":"instock","product_retailer_item_id":"244763","product_condition":"new"},"_links":{"self":[{"href":"https:\/\/blumiz.com\/es\/wp-json\/wp\/v2\/product\/11391","targetHints":{"allow":["GET"]}}],"collection":[{"href":"https:\/\/blumiz.com\/es\/wp-json\/wp\/v2\/product"}],"about":[{"href":"https:\/\/blumiz.com\/es\/wp-json\/wp\/v2\/types\/product"}],"replies":[{"embeddable":true,"href":"https:\/\/blumiz.com\/es\/wp-json\/wp\/v2\/comments?post=11391"}],"version-history":[{"count":0,"href":"https:\/\/blumiz.com\/es\/wp-json\/wp\/v2\/product\/11391\/revisions"}],"wp:featuredmedia":[{"embeddable":true,"href":"https:\/\/blumiz.com\/es\/wp-json\/wp\/v2\/media\/10394"}],"wp:attachment":[{"href":"https:\/\/blumiz.com\/es\/wp-json\/wp\/v2\/media?parent=11391"}],"wp:term":[{"taxonomy":"product_brand","embeddable":true,"href":"https:\/\/blumiz.com\/es\/wp-json\/wp\/v2\/product_brand?post=11391"},{"taxonomy":"product_cat","embeddable":true,"href":"https:\/\/blumiz.com\/es\/wp-json\/wp\/v2\/product_cat?post=11391"},{"taxonomy":"product_tag","embeddable":true,"href":"https:\/\/blumiz.com\/es\/wp-json\/wp\/v2\/product_tag?post=11391"}],"curies":[{"name":"wp","href":"https:\/\/api.w.org\/{rel}","templated":true}]}}