{"id":11394,"date":"2020-09-07T11:12:18","date_gmt":"2020-09-07T10:12:18","guid":{"rendered":"https:\/\/blumiz.com\/produkt\/aceite-para-dormir-aceite-completo-para-dormir-5-cbn-25-cbd-cibdol\/"},"modified":"2025-02-11T13:33:24","modified_gmt":"2025-02-11T12:33:24","slug":"oil-for-sleep-complete-sleep-oil-5-cbn-2-5-cbd-cibdol","status":"publish","type":"product","link":"https:\/\/blumiz.com\/es\/producto\/oil-for-sleep-complete-sleep-oil-5-cbn-2-5-cbd-cibdol\/","title":{"rendered":"Aceite para dormir : Aceite completo para dormir 5% CBN + 2,5% CBD Cibdol"},"content":{"rendered":"<h2>Una soluci\u00f3n natural para dormir bien<\/h2>\n<p>Una noche de sue\u00f1o reparador proporciona al cuerpo y a la mente el descanso que tanto necesitan y nos prepara para los retos que nos esperan. Sentirse lleno de vida, motivado y preparado para afrontar el d\u00eda con toda la energ\u00eda empieza por la calidad del sue\u00f1o del d\u00eda anterior. Pero en un mundo que nunca se detiene, conciliar el sue\u00f1o y permanecer dormido no es tan f\u00e1cil como crees &#8211; por eso hemos creado Complete Sleep.<\/p>\n<p>Aunque la mayor\u00eda de los somn\u00edferos contienen melatonina -un compuesto excelente para recuperar la calidad del sue\u00f1o a corto plazo-, su consumo noche tras noche puede provocar trastornos. Complete Sleep es una soluci\u00f3n a largo plazo para un sue\u00f1o reparador que no contiene melatonina. En su lugar, hemos optado por una sofisticada mezcla de cannabinoides e ingredientes naturales.<\/p>\n<p>Empecemos por la base de nuestra f\u00f3rmula Sue\u00f1o Completo: nuestro codiciado extracto de c\u00e1\u00f1amo. El est\u00e1ndar de oro CBD permanece en la parte superior de nuestro extracto de espectro completo; sin embargo, hemos refinado las proporciones para incluir niveles m\u00e1s altos de CBN (5%). Juntos, estos elementos favorecen un estado de relajaci\u00f3n necesario para lograr un descanso nocturno pleno.<\/p>\n<p>Adem\u00e1s de CBD y CBN, la f\u00f3rmula Complete Sleep utiliza lavanda y manzanilla. Ambos son muy apreciados por su influencia en el sue\u00f1o y pueden ayudar a conciliar el sue\u00f1o m\u00e1s r\u00e1pidamente, al tiempo que favorecen un ciclo de sue\u00f1o saludable. Transportados por el aceite MCT, todos estos elementos circulan f\u00e1cilmente por el organismo y deben consumirse preferentemente 30 minutos antes de acostarse.<\/p>\n<p>Respaldada por pruebas independientes, ingredientes de la m\u00e1s alta calidad y una garant\u00eda de calidad l\u00edder en el sector, nuestra f\u00f3rmula patentada es una soluci\u00f3n de calidad que puede tomar noche tras noche. Pruebe Complete Sleep hoy mismo para dormir como se merece.<\/p>\n<h2>\u00bfC\u00f3mo debe utilizarse Cibdol Sue\u00f1o Completo?<\/h2>\n<p>Tomar una pipeta llena (1 ml) unos 30 minutos antes de acostarse. Repite el proceso cada noche para favorecer un sue\u00f1o reparador.<\/p>\n<p>Para preservar la integridad del Sue\u00f1o Completo, cons\u00e9rvelo a temperatura ambiente en un lugar seco y protegido de la luz.<\/p>\n<p>Caracter\u00edsticas y beneficios: Una mezcla \u00fanica de hierbas y cannabinoides Una soluci\u00f3n a largo plazo, sin melatonina Contiene lavanda y manzanilla La lavanda contribuye a un sue\u00f1o reparador La manzanilla favorece la relajaci\u00f3n Adecuado para el consumo a largo plazo<\/p>\n","protected":false},"excerpt":{"rendered":"<p>Para un sue\u00f1o profundo y reparador, pruebe Sue\u00f1o Completo de Cibdol. Nuestra f\u00f3rmula no contiene melatonina, sino una sofisticada mezcla de CBD, CBN, manzanilla y lavanda para conciliar el sue\u00f1o. Complete Sleep puede ayudarle a encontrar el descanso que se merece para que pueda empezar cada d\u00eda lleno de energ\u00eda y vida.<\/p>\n<p>5% CBN + 2,5% CBD<\/p>\n","protected":false},"featured_media":10447,"comment_status":"open","ping_status":"closed","template":"","meta":{"site-sidebar-layout":"default","site-content-layout":"default","ast-site-content-layout":"default","site-content-style":"default","site-sidebar-style":"default","ast-global-header-display":"","ast-banner-title-visibility":"","ast-main-header-display":"","ast-hfb-above-header-display":"","ast-hfb-below-header-display":"","ast-hfb-mobile-header-display":"","site-post-title":"","ast-breadcrumbs-content":"","ast-featured-img":"","footer-sml-layout":"","ast-disable-related-posts":"","theme-transparent-header-meta":"default","adv-header-id-meta":"","stick-header-meta":"default","header-above-stick-meta":"","header-main-stick-meta":"","header-below-stick-meta":"","astra-migrate-meta-layouts":"default","ast-page-background-enabled":"default","ast-page-background-meta":{"desktop":{"background-color":"","background-image":"","background-repeat":"repeat","background-position":"center center","background-size":"auto","background-attachment":"scroll","background-type":"","background-media":"","overlay-type":"","overlay-color":"","overlay-opacity":"","overlay-gradient":""},"tablet":{"background-color":"","background-image":"","background-repeat":"repeat","background-position":"center center","background-size":"auto","background-attachment":"scroll","background-type":"","background-media":"","overlay-type":"","overlay-color":"","overlay-opacity":"","overlay-gradient":""},"mobile":{"background-color":"","background-image":"","background-repeat":"repeat","background-position":"center center","background-size":"auto","background-attachment":"scroll","background-type":"","background-media":"","overlay-type":"","overlay-color":"","overlay-opacity":"","overlay-gradient":""}},"ast-content-background-meta":{"desktop":{"background-color":"var(--ast-global-color-5)","background-image":"","background-repeat":"repeat","background-position":"center center","background-size":"auto","background-attachment":"scroll","background-type":"","background-media":"","overlay-type":"","overlay-color":"","overlay-opacity":"","overlay-gradient":""},"tablet":{"background-color":"var(--ast-global-color-5)","background-image":"","background-repeat":"repeat","background-position":"center center","background-size":"auto","background-attachment":"scroll","background-type":"","background-media":"","overlay-type":"","overlay-color":"","overlay-opacity":"","overlay-gradient":""},"mobile":{"background-color":"var(--ast-global-color-5)","background-image":"","background-repeat":"repeat","background-position":"center center","background-size":"auto","background-attachment":"scroll","background-type":"","background-media":"","overlay-type":"","overlay-color":"","overlay-opacity":"","overlay-gradient":""}}},"product_brand":[],"product_cat":[273,271,305],"product_tag":[],"class_list":{"0":"post-11394","1":"product","2":"type-product","3":"status-publish","4":"has-post-thumbnail","6":"product_cat-aceites-y-capsulas","7":"product_cat-bienestar-cbd","8":"product_cat-cbd-es","9":"pa_cbd-rate-mas-del-20-de-cbd","10":"desktop-align-left","11":"tablet-align-center","12":"mobile-align-left","13":"ast-product-gallery-layout-vertical","14":"ast-product-gallery-with-no-image","15":"ast-magnify-disabled","16":"ast-product-tabs-layout-horizontal","18":"first","19":"instock","20":"taxable","21":"shipping-taxable","22":"purchasable","23":"product-type-simple"},"yoast_head":"<!-- This site is optimized with the Yoast SEO Premium plugin v27.2 (Yoast SEO v27.5) - https:\/\/yoast.com\/product\/yoast-seo-premium-wordpress\/ -->\n<title>Aceite para dormir : Aceite completo para dormir 5% CBN + 2,5% CBD Cibdol - Blumiz - Premium CBD<\/title>\n<meta name=\"description\" content=\"Aceite para dormir : Aceite completo para dormir 5% CBN + 2,5% CBD Cibdol - Blumiz - Premium CBD\" \/>\n<meta name=\"robots\" content=\"index, follow, max-snippet:-1, max-image-preview:large, max-video-preview:-1\" \/>\n<link rel=\"canonical\" href=\"https:\/\/blumiz.com\/es\/producto\/oil-for-sleep-complete-sleep-oil-5-cbn-2-5-cbd-cibdol\/\" \/>\n<meta property=\"og:locale\" content=\"es_ES\" \/>\n<meta property=\"og:type\" content=\"article\" \/>\n<meta property=\"og:title\" content=\"Aceite para dormir : Aceite completo para dormir 5% CBN + 2,5% CBD Cibdol\" \/>\n<meta property=\"og:description\" content=\"Aceite para dormir : Aceite completo para dormir 5% CBN + 2,5% CBD Cibdol Blumiz - Premium CBD\" \/>\n<meta property=\"og:url\" content=\"https:\/\/blumiz.com\/es\/producto\/oil-for-sleep-complete-sleep-oil-5-cbn-2-5-cbd-cibdol\/\" \/>\n<meta property=\"og:site_name\" content=\"Blumiz - Premium CBD\" \/>\n<meta property=\"article:modified_time\" content=\"2025-02-11T12:33:24+00:00\" \/>\n<meta property=\"og:image\" content=\"https:\/\/blumiz.com\/wp-content\/uploads\/2022\/09\/Cibdol-Complete-Sleep-Oil-5-CBN-2.5-CBD-10ml-Verbessert-den-Schlaf.webp\" \/>\n\t<meta property=\"og:image:width\" content=\"600\" \/>\n\t<meta property=\"og:image:height\" content=\"600\" \/>\n\t<meta property=\"og:image:type\" content=\"image\/webp\" \/>\n<meta name=\"twitter:card\" content=\"summary_large_image\" \/>\n<meta name=\"twitter:label1\" content=\"Precio\" \/>\n\t<meta name=\"twitter:data1\" content=\"39,95&nbsp;&euro;\" \/>\n\t<meta name=\"twitter:label2\" content=\"Disponibilidad\" \/>\n\t<meta name=\"twitter:data2\" content=\"Disponible\" \/>\n<script type=\"application\/ld+json\" class=\"yoast-schema-graph\">{\"@context\":\"https:\\\/\\\/schema.org\",\"@graph\":[{\"@type\":\"WebPage\",\"@id\":\"https:\\\/\\\/blumiz.com\\\/es\\\/producto\\\/oil-for-sleep-complete-sleep-oil-5-cbn-2-5-cbd-cibdol\\\/\",\"url\":\"https:\\\/\\\/blumiz.com\\\/es\\\/producto\\\/oil-for-sleep-complete-sleep-oil-5-cbn-2-5-cbd-cibdol\\\/\",\"name\":\"Aceite para dormir : Aceite completo para dormir 5% CBN + 2,5% CBD Cibdol - Blumiz - Premium CBD\",\"isPartOf\":{\"@id\":\"https:\\\/\\\/blumiz.com\\\/es\\\/#website\"},\"primaryImageOfPage\":{\"@id\":\"https:\\\/\\\/blumiz.com\\\/es\\\/producto\\\/oil-for-sleep-complete-sleep-oil-5-cbn-2-5-cbd-cibdol\\\/#primaryimage\"},\"image\":{\"@id\":\"https:\\\/\\\/blumiz.com\\\/es\\\/producto\\\/oil-for-sleep-complete-sleep-oil-5-cbn-2-5-cbd-cibdol\\\/#primaryimage\"},\"thumbnailUrl\":\"https:\\\/\\\/blumiz.com\\\/wp-content\\\/uploads\\\/2022\\\/09\\\/Cibdol-Complete-Sleep-Oil-5-CBN-2.5-CBD-10ml-Verbessert-den-Schlaf.webp\",\"datePublished\":\"2020-09-07T10:12:18+00:00\",\"dateModified\":\"2025-02-11T12:33:24+00:00\",\"description\":\"Aceite para dormir : Aceite completo para dormir 5% CBN + 2,5% CBD Cibdol - Blumiz - Premium CBD\",\"breadcrumb\":{\"@id\":\"https:\\\/\\\/blumiz.com\\\/es\\\/producto\\\/oil-for-sleep-complete-sleep-oil-5-cbn-2-5-cbd-cibdol\\\/#breadcrumb\"},\"inLanguage\":\"es\",\"potentialAction\":[{\"@type\":\"ReadAction\",\"target\":[\"https:\\\/\\\/blumiz.com\\\/es\\\/producto\\\/oil-for-sleep-complete-sleep-oil-5-cbn-2-5-cbd-cibdol\\\/\"]}]},{\"@type\":\"ImageObject\",\"inLanguage\":\"es\",\"@id\":\"https:\\\/\\\/blumiz.com\\\/es\\\/producto\\\/oil-for-sleep-complete-sleep-oil-5-cbn-2-5-cbd-cibdol\\\/#primaryimage\",\"url\":\"https:\\\/\\\/blumiz.com\\\/wp-content\\\/uploads\\\/2022\\\/09\\\/Cibdol-Complete-Sleep-Oil-5-CBN-2.5-CBD-10ml-Verbessert-den-Schlaf.webp\",\"contentUrl\":\"https:\\\/\\\/blumiz.com\\\/wp-content\\\/uploads\\\/2022\\\/09\\\/Cibdol-Complete-Sleep-Oil-5-CBN-2.5-CBD-10ml-Verbessert-den-Schlaf.webp\",\"width\":600,\"height\":600},{\"@type\":\"BreadcrumbList\",\"@id\":\"https:\\\/\\\/blumiz.com\\\/es\\\/producto\\\/oil-for-sleep-complete-sleep-oil-5-cbn-2-5-cbd-cibdol\\\/#breadcrumb\",\"itemListElement\":[{\"@type\":\"ListItem\",\"position\":1,\"name\":\"Blumiz\",\"item\":\"https:\\\/\\\/blumiz.com\\\/es\\\/\"},{\"@type\":\"ListItem\",\"position\":2,\"name\":\"CBD Shop\",\"item\":\"https:\\\/\\\/blumiz.com\\\/es\\\/tienda\\\/\"},{\"@type\":\"ListItem\",\"position\":3,\"name\":\"Bienestar CBD\",\"item\":\"https:\\\/\\\/blumiz.com\\\/es\\\/category\\\/bienestar-cbd\\\/\"},{\"@type\":\"ListItem\",\"position\":4,\"name\":\"Aceites y c\u00e1psulas\",\"item\":\"https:\\\/\\\/blumiz.com\\\/es\\\/category\\\/bienestar-cbd\\\/aceites-y-capsulas\\\/\"},{\"@type\":\"ListItem\",\"position\":5,\"name\":\"Aceite para dormir : Aceite completo para dormir 5% CBN + 2,5% CBD Cibdol\"}]},{\"@type\":\"WebSite\",\"@id\":\"https:\\\/\\\/blumiz.com\\\/es\\\/#website\",\"url\":\"https:\\\/\\\/blumiz.com\\\/es\\\/\",\"name\":\"Blumiz - Premium CBD\",\"description\":\"Un CBD al mejor precio y de calidad superior\",\"publisher\":{\"@id\":\"https:\\\/\\\/blumiz.com\\\/es\\\/#organization\"},\"alternateName\":\"Blumiz\",\"potentialAction\":[{\"@type\":\"SearchAction\",\"target\":{\"@type\":\"EntryPoint\",\"urlTemplate\":\"https:\\\/\\\/blumiz.com\\\/es\\\/?s={search_term_string}\"},\"query-input\":{\"@type\":\"PropertyValueSpecification\",\"valueRequired\":true,\"valueName\":\"search_term_string\"}}],\"inLanguage\":\"es\"},{\"@type\":\"Organization\",\"@id\":\"https:\\\/\\\/blumiz.com\\\/es\\\/#organization\",\"name\":\"Blumiz CBD\",\"alternateName\":\"Blumiz\",\"url\":\"https:\\\/\\\/blumiz.com\\\/es\\\/\",\"logo\":{\"@type\":\"ImageObject\",\"inLanguage\":\"es\",\"@id\":\"https:\\\/\\\/blumiz.com\\\/es\\\/#\\\/schema\\\/logo\\\/image\\\/\",\"url\":\"https:\\\/\\\/blumiz.com\\\/wp-content\\\/uploads\\\/2026\\\/02\\\/cropped-Blumiz-CBD-logo.webp\",\"contentUrl\":\"https:\\\/\\\/blumiz.com\\\/wp-content\\\/uploads\\\/2026\\\/02\\\/cropped-Blumiz-CBD-logo.webp\",\"width\":2547,\"height\":778,\"caption\":\"Blumiz CBD\"},\"image\":{\"@id\":\"https:\\\/\\\/blumiz.com\\\/es\\\/#\\\/schema\\\/logo\\\/image\\\/\"}}]}<\/script>\n<meta property=\"product:price:amount\" content=\"39.95\" \/>\n<meta property=\"product:price:currency\" content=\"EUR\" \/>\n<meta property=\"og:availability\" content=\"instock\" \/>\n<meta property=\"product:availability\" content=\"instock\" \/>\n<meta property=\"product:retailer_item_id\" content=\"7248\" \/>\n<meta property=\"product:condition\" content=\"new\" \/>\n<!-- \/ Yoast SEO Premium plugin. -->","yoast_head_json":{"title":"Aceite para dormir : Aceite completo para dormir 5% CBN + 2,5% CBD Cibdol - Blumiz - Premium CBD","description":"Aceite para dormir : Aceite completo para dormir 5% CBN + 2,5% CBD Cibdol - Blumiz - Premium CBD","robots":{"index":"index","follow":"follow","max-snippet":"max-snippet:-1","max-image-preview":"max-image-preview:large","max-video-preview":"max-video-preview:-1"},"canonical":"https:\/\/blumiz.com\/es\/producto\/oil-for-sleep-complete-sleep-oil-5-cbn-2-5-cbd-cibdol\/","og_locale":"es_ES","og_type":"article","og_title":"Aceite para dormir : Aceite completo para dormir 5% CBN + 2,5% CBD Cibdol","og_description":"Aceite para dormir : Aceite completo para dormir 5% CBN + 2,5% CBD Cibdol Blumiz - Premium CBD","og_url":"https:\/\/blumiz.com\/es\/producto\/oil-for-sleep-complete-sleep-oil-5-cbn-2-5-cbd-cibdol\/","og_site_name":"Blumiz - Premium CBD","article_modified_time":"2025-02-11T12:33:24+00:00","og_image":[{"width":600,"height":600,"url":"https:\/\/blumiz.com\/wp-content\/uploads\/2022\/09\/Cibdol-Complete-Sleep-Oil-5-CBN-2.5-CBD-10ml-Verbessert-den-Schlaf.webp","type":"image\/webp"}],"twitter_card":"summary_large_image","twitter_misc":{"Precio":"39,95&nbsp;&euro;","Disponibilidad":"Disponible"},"schema":{"@context":"https:\/\/schema.org","@graph":[{"@type":"WebPage","@id":"https:\/\/blumiz.com\/es\/producto\/oil-for-sleep-complete-sleep-oil-5-cbn-2-5-cbd-cibdol\/","url":"https:\/\/blumiz.com\/es\/producto\/oil-for-sleep-complete-sleep-oil-5-cbn-2-5-cbd-cibdol\/","name":"Aceite para dormir : Aceite completo para dormir 5% CBN + 2,5% CBD Cibdol - Blumiz - Premium CBD","isPartOf":{"@id":"https:\/\/blumiz.com\/es\/#website"},"primaryImageOfPage":{"@id":"https:\/\/blumiz.com\/es\/producto\/oil-for-sleep-complete-sleep-oil-5-cbn-2-5-cbd-cibdol\/#primaryimage"},"image":{"@id":"https:\/\/blumiz.com\/es\/producto\/oil-for-sleep-complete-sleep-oil-5-cbn-2-5-cbd-cibdol\/#primaryimage"},"thumbnailUrl":"https:\/\/blumiz.com\/wp-content\/uploads\/2022\/09\/Cibdol-Complete-Sleep-Oil-5-CBN-2.5-CBD-10ml-Verbessert-den-Schlaf.webp","datePublished":"2020-09-07T10:12:18+00:00","dateModified":"2025-02-11T12:33:24+00:00","description":"Aceite para dormir : Aceite completo para dormir 5% CBN + 2,5% CBD Cibdol - Blumiz - Premium CBD","breadcrumb":{"@id":"https:\/\/blumiz.com\/es\/producto\/oil-for-sleep-complete-sleep-oil-5-cbn-2-5-cbd-cibdol\/#breadcrumb"},"inLanguage":"es","potentialAction":[{"@type":"ReadAction","target":["https:\/\/blumiz.com\/es\/producto\/oil-for-sleep-complete-sleep-oil-5-cbn-2-5-cbd-cibdol\/"]}]},{"@type":"ImageObject","inLanguage":"es","@id":"https:\/\/blumiz.com\/es\/producto\/oil-for-sleep-complete-sleep-oil-5-cbn-2-5-cbd-cibdol\/#primaryimage","url":"https:\/\/blumiz.com\/wp-content\/uploads\/2022\/09\/Cibdol-Complete-Sleep-Oil-5-CBN-2.5-CBD-10ml-Verbessert-den-Schlaf.webp","contentUrl":"https:\/\/blumiz.com\/wp-content\/uploads\/2022\/09\/Cibdol-Complete-Sleep-Oil-5-CBN-2.5-CBD-10ml-Verbessert-den-Schlaf.webp","width":600,"height":600},{"@type":"BreadcrumbList","@id":"https:\/\/blumiz.com\/es\/producto\/oil-for-sleep-complete-sleep-oil-5-cbn-2-5-cbd-cibdol\/#breadcrumb","itemListElement":[{"@type":"ListItem","position":1,"name":"Blumiz","item":"https:\/\/blumiz.com\/es\/"},{"@type":"ListItem","position":2,"name":"CBD Shop","item":"https:\/\/blumiz.com\/es\/tienda\/"},{"@type":"ListItem","position":3,"name":"Bienestar CBD","item":"https:\/\/blumiz.com\/es\/category\/bienestar-cbd\/"},{"@type":"ListItem","position":4,"name":"Aceites y c\u00e1psulas","item":"https:\/\/blumiz.com\/es\/category\/bienestar-cbd\/aceites-y-capsulas\/"},{"@type":"ListItem","position":5,"name":"Aceite para dormir : Aceite completo para dormir 5% CBN + 2,5% CBD Cibdol"}]},{"@type":"WebSite","@id":"https:\/\/blumiz.com\/es\/#website","url":"https:\/\/blumiz.com\/es\/","name":"Blumiz - Premium CBD","description":"Un CBD al mejor precio y de calidad superior","publisher":{"@id":"https:\/\/blumiz.com\/es\/#organization"},"alternateName":"Blumiz","potentialAction":[{"@type":"SearchAction","target":{"@type":"EntryPoint","urlTemplate":"https:\/\/blumiz.com\/es\/?s={search_term_string}"},"query-input":{"@type":"PropertyValueSpecification","valueRequired":true,"valueName":"search_term_string"}}],"inLanguage":"es"},{"@type":"Organization","@id":"https:\/\/blumiz.com\/es\/#organization","name":"Blumiz CBD","alternateName":"Blumiz","url":"https:\/\/blumiz.com\/es\/","logo":{"@type":"ImageObject","inLanguage":"es","@id":"https:\/\/blumiz.com\/es\/#\/schema\/logo\/image\/","url":"https:\/\/blumiz.com\/wp-content\/uploads\/2026\/02\/cropped-Blumiz-CBD-logo.webp","contentUrl":"https:\/\/blumiz.com\/wp-content\/uploads\/2026\/02\/cropped-Blumiz-CBD-logo.webp","width":2547,"height":778,"caption":"Blumiz CBD"},"image":{"@id":"https:\/\/blumiz.com\/es\/#\/schema\/logo\/image\/"}}]},"product_price_amount":"39.95","product_price_currency":"EUR","og_availability":"instock","product_availability":"instock","product_retailer_item_id":"7248","product_condition":"new"},"_links":{"self":[{"href":"https:\/\/blumiz.com\/es\/wp-json\/wp\/v2\/product\/11394","targetHints":{"allow":["GET"]}}],"collection":[{"href":"https:\/\/blumiz.com\/es\/wp-json\/wp\/v2\/product"}],"about":[{"href":"https:\/\/blumiz.com\/es\/wp-json\/wp\/v2\/types\/product"}],"replies":[{"embeddable":true,"href":"https:\/\/blumiz.com\/es\/wp-json\/wp\/v2\/comments?post=11394"}],"version-history":[{"count":0,"href":"https:\/\/blumiz.com\/es\/wp-json\/wp\/v2\/product\/11394\/revisions"}],"wp:featuredmedia":[{"embeddable":true,"href":"https:\/\/blumiz.com\/es\/wp-json\/wp\/v2\/media\/10447"}],"wp:attachment":[{"href":"https:\/\/blumiz.com\/es\/wp-json\/wp\/v2\/media?parent=11394"}],"wp:term":[{"taxonomy":"product_brand","embeddable":true,"href":"https:\/\/blumiz.com\/es\/wp-json\/wp\/v2\/product_brand?post=11394"},{"taxonomy":"product_cat","embeddable":true,"href":"https:\/\/blumiz.com\/es\/wp-json\/wp\/v2\/product_cat?post=11394"},{"taxonomy":"product_tag","embeddable":true,"href":"https:\/\/blumiz.com\/es\/wp-json\/wp\/v2\/product_tag?post=11394"}],"curies":[{"name":"wp","href":"https:\/\/api.w.org\/{rel}","templated":true}]}}