{"id":11409,"date":"2020-09-20T13:48:43","date_gmt":"2020-09-20T12:48:43","guid":{"rendered":"https:\/\/blumiz.com\/produkt\/mango-kush-flores-cbd-14\/"},"modified":"2025-02-06T21:38:44","modified_gmt":"2025-02-06T20:38:44","slug":"mango-kush-cbd","status":"publish","type":"product","link":"https:\/\/blumiz.com\/es\/producto\/mango-kush-cbd\/","title":{"rendered":"Mango kush &#8211; Flores CBD 14%"},"content":{"rendered":"<h2><span style=\"color: #107d85;\">Flores CBD Mango Kush Greenhouse 14<\/span><\/h2>\n<p>Mango Kush CBD: Ideal para los que quieren probar nuevos sabores o para los que se inician en el consumo de Flores CBD. Esta variedad de flores CBD es un cruce entre Mango y Hindu Kush. Es muy popular entre los amantes del cannabis Kush. Esta flor de cbd es muy rica y sabrosa.<\/p>\n<p>Te lo pasar\u00e1s en grande relaj\u00e1ndote con sus aromas \u00fanicos, unidos a los beneficios del cannabidiol al consumir Mango Kush CBD.Especialmente recomendado para trastornos del sue\u00f1o y contra el estr\u00e9s. Consumir por la noche, preferiblemente antes de acostarse, para relajarse y tener un sue\u00f1o reparador.<\/p>\n<p>Esta variedad de Flores CBD es una flor de invernadero: cultivada en un invernadero. Protegida de los pesticidas y de las inclemencias del tiempo, esta flor CBD es un excelente compromiso para aprovechar al m\u00e1ximo el c\u00e1\u00f1amo en toda su autenticidad con la mejor relaci\u00f3n calidad-precio.<\/p>\n<p>Si buscas otras variedades a buen precio, tambi\u00e9n te recomendamos probar nuestra <a href=\"https:\/\/blumiz.com\/producto\/trim-cbd-indoor-mix-7\/\">TRIM<\/a> o nuestra <a href=\"https:\/\/blumiz.com\/producto\/cbd-small-bud-indoor-mix-9\/\">Small Buds Mix Indoor<\/a>.<\/p>\n<p>Si busca una variedad de la m\u00e1xima calidad, le recomendamos <a href=\"https:\/\/blumiz.com\/producto\/ivory-cbd\/\">Ivory<\/a> o <a href=\"https:\/\/blumiz.com\/producto\/amnesia-cbd\/\">Amnesia<\/a><\/p>\n<h4><\/h4>\n<h4><span style=\"color: #ff6600;\">Nuestros consejos para consumir esta flor de CBD<\/span><\/h4>\n<p>Puedes consumir estas Flores CBD como infusi\u00f3n a\u00f1adiendo leche o nata. Tomar media hora antes de acostarse.<\/p>\n<p>La vaporizaci\u00f3n es una alternativa interesante al consumo de Flores CBD. Conserva todos los sabores y muestra r\u00e1pidamente los efectos de los cannabinoides.<\/p>\n<p>Para los gourmets, puedes incorporar tus Flores CBD picadas o mezcladas a un preparado alimenticio. El chocolate combina de maravilla con las flores de CBD. Para hacer galletas, fondant de chocolate o brownie.<\/p>\n<p>Descubra aqu\u00ed tambi\u00e9n nuestro <a href=\"https:\/\/blumiz.com\/es\/category\/hachis-y-concentrados\/\">CBD Hachis<\/a><\/p>\n<p>Una pregunta, \u00bfnecesitas ayuda?  <a href=\"https:\/\/blumiz.com\/hilfe-und-faqs\/\">Haga clic aqu\u00ed para descubrir nuestro centro de ayuda.<\/a><\/p>\n<p>Descubre nuestros <a href=\"https:\/\/blumiz.com\/es\/category\/headshop-es\/\">productos y accesorios Headshop<\/a> para disfrutar de tus variedades favoritas<\/p>\n<h4><span style=\"color: #ff6600;\">Las ventajas de esta variedad barata de CBD<\/span><\/h4>\n<p>En primer lugar, se dice que el CBD tiene efectos antiinflamatorios, antioxidantes y neuroprotectores. Adem\u00e1s, el CBD tiene la ventaja de que se produce de forma natural y casi no causa efectos secundarios.<\/p>\n<h6><span style=\"color: #ff6600;\">M\u00e1s informaci\u00f3n :<\/span><\/h6>\n<p>Estos productos naturales de CBD no est\u00e1n contaminados con herbicidas, pesticidas ni fertilizantes qu\u00edmicos y se envasan en bolsitas opacas de olor neutro.<\/p>\n<p>Descubre nuestros <a href=\"https:\/\/blumiz.com\/es\/category\/headshop-es\/\">productos y accesorios Headshop<\/a> para disfrutar de tus variedades favoritas<\/p>\n","protected":false},"excerpt":{"rendered":"<h4><span style=\"color: #107d85;\">Marihuana CBD Mango Kush Greenhouse 14<\/span><\/h4>\n<p>La flor de CBD con notas dulces y afrutadas para viajes al tr\u00f3pico.<\/p>\n<p>Emprendamos un extraordinario viaje gustativo al coraz\u00f3n de los tr\u00f3picos con la flor CBD Mango Kush. Le encantar\u00e1 el aroma del mango mezclado con los aromas especiados de la canela y las bayas. Esta flor de invernadero CBD har\u00e1 las delicias de los gourmets y los principiantes. Explosi\u00f3n de sabores dulces<\/p>\n","protected":false},"featured_media":10388,"comment_status":"open","ping_status":"closed","template":"","meta":{"site-sidebar-layout":"default","site-content-layout":"default","ast-site-content-layout":"default","site-content-style":"default","site-sidebar-style":"default","ast-global-header-display":"","ast-banner-title-visibility":"","ast-main-header-display":"","ast-hfb-above-header-display":"","ast-hfb-below-header-display":"","ast-hfb-mobile-header-display":"","site-post-title":"","ast-breadcrumbs-content":"","ast-featured-img":"","footer-sml-layout":"","ast-disable-related-posts":"","theme-transparent-header-meta":"default","adv-header-id-meta":"","stick-header-meta":"default","header-above-stick-meta":"","header-main-stick-meta":"","header-below-stick-meta":"","astra-migrate-meta-layouts":"default","ast-page-background-enabled":"default","ast-page-background-meta":{"desktop":{"background-color":"","background-image":"","background-repeat":"repeat","background-position":"center center","background-size":"auto","background-attachment":"scroll","background-type":"","background-media":"","overlay-type":"","overlay-color":"","overlay-opacity":"","overlay-gradient":""},"tablet":{"background-color":"","background-image":"","background-repeat":"repeat","background-position":"center center","background-size":"auto","background-attachment":"scroll","background-type":"","background-media":"","overlay-type":"","overlay-color":"","overlay-opacity":"","overlay-gradient":""},"mobile":{"background-color":"","background-image":"","background-repeat":"repeat","background-position":"center center","background-size":"auto","background-attachment":"scroll","background-type":"","background-media":"","overlay-type":"","overlay-color":"","overlay-opacity":"","overlay-gradient":""}},"ast-content-background-meta":{"desktop":{"background-color":"var(--ast-global-color-5)","background-image":"","background-repeat":"repeat","background-position":"center center","background-size":"auto","background-attachment":"scroll","background-type":"","background-media":"","overlay-type":"","overlay-color":"","overlay-opacity":"","overlay-gradient":""},"tablet":{"background-color":"var(--ast-global-color-5)","background-image":"","background-repeat":"repeat","background-position":"center center","background-size":"auto","background-attachment":"scroll","background-type":"","background-media":"","overlay-type":"","overlay-color":"","overlay-opacity":"","overlay-gradient":""},"mobile":{"background-color":"var(--ast-global-color-5)","background-image":"","background-repeat":"repeat","background-position":"center center","background-size":"auto","background-attachment":"scroll","background-type":"","background-media":"","overlay-type":"","overlay-color":"","overlay-opacity":"","overlay-gradient":""}}},"product_brand":[],"product_cat":[305,261,270,268],"product_tag":[237,231],"class_list":{"0":"post-11409","1":"product","2":"type-product","3":"status-publish","4":"has-post-thumbnail","6":"product_cat-cbd-es","7":"product_cat-flores-cbd","8":"product_cat-flores-cbd-baratas","9":"product_cat-greenhouse-flores-cbd","10":"product_tag-flores-cbd-baratas","11":"product_tag-greenhouse-cbd-es","12":"pa_cbd-rate-10-a-20-cbd-es","13":"pa_kategorie-greenhouse-cbd-es","14":"desktop-align-left","15":"tablet-align-center","16":"mobile-align-left","17":"ast-product-gallery-layout-vertical","18":"ast-magnify-disabled","19":"ast-product-single-variable","20":"ast-product-tabs-layout-horizontal","22":"first","23":"instock","24":"taxable","25":"shipping-taxable","26":"purchasable","27":"product-type-variable"},"yoast_head":"<!-- This site is optimized with the Yoast SEO Premium plugin v27.2 (Yoast SEO v27.4) - https:\/\/yoast.com\/product\/yoast-seo-premium-wordpress\/ -->\n<title>Mango Kush CBD - Blumiz - Premium CBD%<\/title>\n<meta name=\"description\" content=\"Flores CBD Mango Kush Flores CBD ofrecen altas concentraciones de CBD sin THC ... Flores CBD es una opci\u00f3n ideal para quienes buscan un producto con un elevado ab2,40\u20ac\/g\" \/>\n<meta name=\"robots\" content=\"index, follow, max-snippet:-1, max-image-preview:large, max-video-preview:-1\" \/>\n<link rel=\"canonical\" href=\"https:\/\/blumiz.com\/es\/producto\/mango-kush-cbd\/\" \/>\n<meta property=\"og:locale\" content=\"es_ES\" \/>\n<meta property=\"og:type\" content=\"article\" \/>\n<meta property=\"og:title\" content=\"Mango kush - Flores CBD 14%\" \/>\n<meta property=\"og:description\" content=\"Mango kush - Flores CBD 14% Blumiz - Premium CBD\" \/>\n<meta property=\"og:url\" content=\"https:\/\/blumiz.com\/es\/producto\/mango-kush-cbd\/\" \/>\n<meta property=\"og:site_name\" content=\"Blumiz - Premium CBD\" \/>\n<meta property=\"article:modified_time\" content=\"2025-02-06T20:38:44+00:00\" \/>\n<meta property=\"og:image\" content=\"https:\/\/blumiz.com\/wp-content\/uploads\/2022\/08\/MANGO-BAG-BLUMIZ.webp\" \/>\n\t<meta property=\"og:image:width\" content=\"600\" \/>\n\t<meta property=\"og:image:height\" content=\"600\" \/>\n\t<meta property=\"og:image:type\" content=\"image\/webp\" \/>\n<meta name=\"twitter:card\" content=\"summary_large_image\" \/>\n<meta name=\"twitter:label1\" content=\"Disponibilidad\" \/>\n\t<meta name=\"twitter:data1\" content=\"Disponible\" \/>\n<script type=\"application\/ld+json\" class=\"yoast-schema-graph\">{\"@context\":\"https:\\\/\\\/schema.org\",\"@graph\":[{\"@type\":\"WebPage\",\"@id\":\"https:\\\/\\\/blumiz.com\\\/es\\\/producto\\\/mango-kush-cbd\\\/\",\"url\":\"https:\\\/\\\/blumiz.com\\\/es\\\/producto\\\/mango-kush-cbd\\\/\",\"name\":\"Mango Kush CBD - Blumiz - Premium CBD%\",\"isPartOf\":{\"@id\":\"https:\\\/\\\/blumiz.com\\\/es\\\/#website\"},\"primaryImageOfPage\":{\"@id\":\"https:\\\/\\\/blumiz.com\\\/es\\\/producto\\\/mango-kush-cbd\\\/#primaryimage\"},\"image\":{\"@id\":\"https:\\\/\\\/blumiz.com\\\/es\\\/producto\\\/mango-kush-cbd\\\/#primaryimage\"},\"thumbnailUrl\":\"https:\\\/\\\/blumiz.com\\\/wp-content\\\/uploads\\\/2022\\\/08\\\/MANGO-BAG-BLUMIZ.webp\",\"datePublished\":\"2020-09-20T12:48:43+00:00\",\"dateModified\":\"2025-02-06T20:38:44+00:00\",\"description\":\"Flores CBD Mango Kush Flores CBD ofrecen altas concentraciones de CBD sin THC ... Flores CBD es una opci\u00f3n ideal para quienes buscan un producto con un elevado ab2,40\u20ac\\\/g\",\"breadcrumb\":{\"@id\":\"https:\\\/\\\/blumiz.com\\\/es\\\/producto\\\/mango-kush-cbd\\\/#breadcrumb\"},\"inLanguage\":\"es\",\"potentialAction\":[{\"@type\":\"ReadAction\",\"target\":[\"https:\\\/\\\/blumiz.com\\\/es\\\/producto\\\/mango-kush-cbd\\\/\"]}]},{\"@type\":\"ImageObject\",\"inLanguage\":\"es\",\"@id\":\"https:\\\/\\\/blumiz.com\\\/es\\\/producto\\\/mango-kush-cbd\\\/#primaryimage\",\"url\":\"https:\\\/\\\/blumiz.com\\\/wp-content\\\/uploads\\\/2022\\\/08\\\/MANGO-BAG-BLUMIZ.webp\",\"contentUrl\":\"https:\\\/\\\/blumiz.com\\\/wp-content\\\/uploads\\\/2022\\\/08\\\/MANGO-BAG-BLUMIZ.webp\",\"width\":600,\"height\":600},{\"@type\":\"BreadcrumbList\",\"@id\":\"https:\\\/\\\/blumiz.com\\\/es\\\/producto\\\/mango-kush-cbd\\\/#breadcrumb\",\"itemListElement\":[{\"@type\":\"ListItem\",\"position\":1,\"name\":\"Blumiz\",\"item\":\"https:\\\/\\\/blumiz.com\\\/es\\\/\"},{\"@type\":\"ListItem\",\"position\":2,\"name\":\"CBD Shop\",\"item\":\"https:\\\/\\\/blumiz.com\\\/es\\\/tienda\\\/\"},{\"@type\":\"ListItem\",\"position\":3,\"name\":\"Flores CBD\",\"item\":\"https:\\\/\\\/blumiz.com\\\/es\\\/category\\\/flores-cbd\\\/\"},{\"@type\":\"ListItem\",\"position\":4,\"name\":\"Mango kush &#8211; Flores CBD 14%\"}]},{\"@type\":\"WebSite\",\"@id\":\"https:\\\/\\\/blumiz.com\\\/es\\\/#website\",\"url\":\"https:\\\/\\\/blumiz.com\\\/es\\\/\",\"name\":\"Blumiz - Premium CBD\",\"description\":\"Un CBD al mejor precio y de calidad superior\",\"publisher\":{\"@id\":\"https:\\\/\\\/blumiz.com\\\/es\\\/#organization\"},\"alternateName\":\"Blumiz\",\"potentialAction\":[{\"@type\":\"SearchAction\",\"target\":{\"@type\":\"EntryPoint\",\"urlTemplate\":\"https:\\\/\\\/blumiz.com\\\/es\\\/?s={search_term_string}\"},\"query-input\":{\"@type\":\"PropertyValueSpecification\",\"valueRequired\":true,\"valueName\":\"search_term_string\"}}],\"inLanguage\":\"es\"},{\"@type\":\"Organization\",\"@id\":\"https:\\\/\\\/blumiz.com\\\/es\\\/#organization\",\"name\":\"Blumiz CBD\",\"alternateName\":\"Blumiz\",\"url\":\"https:\\\/\\\/blumiz.com\\\/es\\\/\",\"logo\":{\"@type\":\"ImageObject\",\"inLanguage\":\"es\",\"@id\":\"https:\\\/\\\/blumiz.com\\\/es\\\/#\\\/schema\\\/logo\\\/image\\\/\",\"url\":\"https:\\\/\\\/blumiz.com\\\/wp-content\\\/uploads\\\/2026\\\/02\\\/cropped-Blumiz-CBD-logo.webp\",\"contentUrl\":\"https:\\\/\\\/blumiz.com\\\/wp-content\\\/uploads\\\/2026\\\/02\\\/cropped-Blumiz-CBD-logo.webp\",\"width\":2547,\"height\":778,\"caption\":\"Blumiz CBD\"},\"image\":{\"@id\":\"https:\\\/\\\/blumiz.com\\\/es\\\/#\\\/schema\\\/logo\\\/image\\\/\"}}]}<\/script>\n<meta property=\"og:availability\" content=\"instock\" \/>\n<meta property=\"product:availability\" content=\"instock\" \/>\n<meta property=\"product:retailer_item_id\" content=\"5178\" \/>\n<meta property=\"product:condition\" content=\"new\" \/>\n<!-- \/ Yoast SEO Premium plugin. -->","yoast_head_json":{"title":"Mango Kush CBD - Blumiz - Premium CBD%","description":"Flores CBD Mango Kush Flores CBD ofrecen altas concentraciones de CBD sin THC ... Flores CBD es una opci\u00f3n ideal para quienes buscan un producto con un elevado ab2,40\u20ac\/g","robots":{"index":"index","follow":"follow","max-snippet":"max-snippet:-1","max-image-preview":"max-image-preview:large","max-video-preview":"max-video-preview:-1"},"canonical":"https:\/\/blumiz.com\/es\/producto\/mango-kush-cbd\/","og_locale":"es_ES","og_type":"article","og_title":"Mango kush - Flores CBD 14%","og_description":"Mango kush - Flores CBD 14% Blumiz - Premium CBD","og_url":"https:\/\/blumiz.com\/es\/producto\/mango-kush-cbd\/","og_site_name":"Blumiz - Premium CBD","article_modified_time":"2025-02-06T20:38:44+00:00","og_image":[{"width":600,"height":600,"url":"https:\/\/blumiz.com\/wp-content\/uploads\/2022\/08\/MANGO-BAG-BLUMIZ.webp","type":"image\/webp"}],"twitter_card":"summary_large_image","twitter_misc":{"Disponibilidad":"Disponible"},"schema":{"@context":"https:\/\/schema.org","@graph":[{"@type":"WebPage","@id":"https:\/\/blumiz.com\/es\/producto\/mango-kush-cbd\/","url":"https:\/\/blumiz.com\/es\/producto\/mango-kush-cbd\/","name":"Mango Kush CBD - Blumiz - Premium CBD%","isPartOf":{"@id":"https:\/\/blumiz.com\/es\/#website"},"primaryImageOfPage":{"@id":"https:\/\/blumiz.com\/es\/producto\/mango-kush-cbd\/#primaryimage"},"image":{"@id":"https:\/\/blumiz.com\/es\/producto\/mango-kush-cbd\/#primaryimage"},"thumbnailUrl":"https:\/\/blumiz.com\/wp-content\/uploads\/2022\/08\/MANGO-BAG-BLUMIZ.webp","datePublished":"2020-09-20T12:48:43+00:00","dateModified":"2025-02-06T20:38:44+00:00","description":"Flores CBD Mango Kush Flores CBD ofrecen altas concentraciones de CBD sin THC ... Flores CBD es una opci\u00f3n ideal para quienes buscan un producto con un elevado ab2,40\u20ac\/g","breadcrumb":{"@id":"https:\/\/blumiz.com\/es\/producto\/mango-kush-cbd\/#breadcrumb"},"inLanguage":"es","potentialAction":[{"@type":"ReadAction","target":["https:\/\/blumiz.com\/es\/producto\/mango-kush-cbd\/"]}]},{"@type":"ImageObject","inLanguage":"es","@id":"https:\/\/blumiz.com\/es\/producto\/mango-kush-cbd\/#primaryimage","url":"https:\/\/blumiz.com\/wp-content\/uploads\/2022\/08\/MANGO-BAG-BLUMIZ.webp","contentUrl":"https:\/\/blumiz.com\/wp-content\/uploads\/2022\/08\/MANGO-BAG-BLUMIZ.webp","width":600,"height":600},{"@type":"BreadcrumbList","@id":"https:\/\/blumiz.com\/es\/producto\/mango-kush-cbd\/#breadcrumb","itemListElement":[{"@type":"ListItem","position":1,"name":"Blumiz","item":"https:\/\/blumiz.com\/es\/"},{"@type":"ListItem","position":2,"name":"CBD Shop","item":"https:\/\/blumiz.com\/es\/tienda\/"},{"@type":"ListItem","position":3,"name":"Flores CBD","item":"https:\/\/blumiz.com\/es\/category\/flores-cbd\/"},{"@type":"ListItem","position":4,"name":"Mango kush &#8211; Flores CBD 14%"}]},{"@type":"WebSite","@id":"https:\/\/blumiz.com\/es\/#website","url":"https:\/\/blumiz.com\/es\/","name":"Blumiz - Premium CBD","description":"Un CBD al mejor precio y de calidad superior","publisher":{"@id":"https:\/\/blumiz.com\/es\/#organization"},"alternateName":"Blumiz","potentialAction":[{"@type":"SearchAction","target":{"@type":"EntryPoint","urlTemplate":"https:\/\/blumiz.com\/es\/?s={search_term_string}"},"query-input":{"@type":"PropertyValueSpecification","valueRequired":true,"valueName":"search_term_string"}}],"inLanguage":"es"},{"@type":"Organization","@id":"https:\/\/blumiz.com\/es\/#organization","name":"Blumiz CBD","alternateName":"Blumiz","url":"https:\/\/blumiz.com\/es\/","logo":{"@type":"ImageObject","inLanguage":"es","@id":"https:\/\/blumiz.com\/es\/#\/schema\/logo\/image\/","url":"https:\/\/blumiz.com\/wp-content\/uploads\/2026\/02\/cropped-Blumiz-CBD-logo.webp","contentUrl":"https:\/\/blumiz.com\/wp-content\/uploads\/2026\/02\/cropped-Blumiz-CBD-logo.webp","width":2547,"height":778,"caption":"Blumiz CBD"},"image":{"@id":"https:\/\/blumiz.com\/es\/#\/schema\/logo\/image\/"}}]},"og_availability":"instock","product_availability":"instock","product_retailer_item_id":"5178","product_condition":"new"},"_links":{"self":[{"href":"https:\/\/blumiz.com\/es\/wp-json\/wp\/v2\/product\/11409","targetHints":{"allow":["GET"]}}],"collection":[{"href":"https:\/\/blumiz.com\/es\/wp-json\/wp\/v2\/product"}],"about":[{"href":"https:\/\/blumiz.com\/es\/wp-json\/wp\/v2\/types\/product"}],"replies":[{"embeddable":true,"href":"https:\/\/blumiz.com\/es\/wp-json\/wp\/v2\/comments?post=11409"}],"version-history":[{"count":0,"href":"https:\/\/blumiz.com\/es\/wp-json\/wp\/v2\/product\/11409\/revisions"}],"wp:featuredmedia":[{"embeddable":true,"href":"https:\/\/blumiz.com\/es\/wp-json\/wp\/v2\/media\/10388"}],"wp:attachment":[{"href":"https:\/\/blumiz.com\/es\/wp-json\/wp\/v2\/media?parent=11409"}],"wp:term":[{"taxonomy":"product_brand","embeddable":true,"href":"https:\/\/blumiz.com\/es\/wp-json\/wp\/v2\/product_brand?post=11409"},{"taxonomy":"product_cat","embeddable":true,"href":"https:\/\/blumiz.com\/es\/wp-json\/wp\/v2\/product_cat?post=11409"},{"taxonomy":"product_tag","embeddable":true,"href":"https:\/\/blumiz.com\/es\/wp-json\/wp\/v2\/product_tag?post=11409"}],"curies":[{"name":"wp","href":"https:\/\/api.w.org\/{rel}","templated":true}]}}