{"id":11412,"date":"2020-09-07T11:19:07","date_gmt":"2020-09-07T10:19:07","guid":{"rendered":"https:\/\/blumiz.com\/produkt\/restful-sleep-capsulas-capsulas-stay-asleep-cibdol-x30\/"},"modified":"2025-02-11T13:33:25","modified_gmt":"2025-02-11T12:33:25","slug":"restful-sleep-capsules-stay-asleep-cibdol","status":"publish","type":"product","link":"https:\/\/blumiz.com\/es\/producto\/restful-sleep-capsules-stay-asleep-cibdol\/","title":{"rendered":"Restful Sleep C\u00e1psulas &#8211; C\u00e1psulas Stay Asleep Cibdol x30"},"content":{"rendered":"<h2>La forma natural de dormir sano<\/h2>\n<p>Es fundamental dar tiempo al cuerpo para que descanse y se recupere a fin de disfrutar de la vida al m\u00e1ximo. As\u00ed que disfrute de un ma\u00f1ana mejor empezando hoy mismo a dormir bien con las c\u00e1psulas Stay Asleep. Hemos combinado proporciones equivalentes de CBD y CBN (12,5 mg) con l\u00fapulo y 5-HTP para proporcionar una experiencia de sue\u00f1o completamente natural.<\/p>\n<p>Trabajando juntos, estos cannabinoides se benefician del efecto s\u00e9quito, mientras que cada compuesto ayuda a tu cuerpo de la cabeza a los pies. Por su parte, el l\u00fapulo contiene una sofisticada mezcla de terpenos que potencian el efecto general, mientras que el 5-HTP desempe\u00f1a un papel crucial en la producci\u00f3n de serotonina: un neuroqu\u00edmico implicado en el sue\u00f1o, el apetito y los trastornos del estado de \u00e1nimo.<\/p>\n<p>Sin sue\u00f1o, nuestro organismo no tiene tiempo de reparar las c\u00e9lulas da\u00f1adas, restablecer los niveles de energ\u00eda, regular nuestras emociones y procesar la gran cantidad de informaci\u00f3n ingerida durante el d\u00eda. En resumen, el sue\u00f1o es fundamental para funcionar y sentirse bien. Sin embargo, dados los peligros de nuestra vida moderna, no siempre es f\u00e1cil dormir toda la noche, y ah\u00ed es donde entran en juego las c\u00e1psulas Stay-Asleep.<\/p>\n<p>Su f\u00f3rmula exclusiva act\u00faa calmando el organismo y contribuyendo a un sue\u00f1o saludable, al tiempo que le ayuda a encontrar un merecido descanso.<\/p>\n<h2>\u00bfC\u00f3mo deben utilizarse las c\u00e1psulas Cibdol Stay Asleep?<\/h2>\n<p>Tomar 1 c\u00e1psula (al d\u00eda) con un vaso de agua antes de acostarse.<\/p>\n<p>Las c\u00e1psulas Cibdol Stay Asleep son perecederas, por lo que debe conservar el frasco en un lugar fresco y seco despu\u00e9s de abrirlo.<\/p>\n<p>&nbsp;<\/p>\n<h3>Caracter\u00edsticas y ventajas:<\/h3>\n<p>F\u00f3rmula innovadora para un efecto \u00f3ptimo<br \/>\nContiene CBD y CBN<br \/>\nEl l\u00fapulo favorece un sue\u00f1o reparador*.<br \/>\nLa Griffonia contribuye a un sue\u00f1o saludable*.<br \/>\nLa Griffonia simplicifolia puede influir positivamente en el sistema nervioso*.<\/p>\n","protected":false},"excerpt":{"rendered":"<p>Deje que el efecto calmante de las c\u00e1psulas Stay-Asleep contribuya a un sue\u00f1o saludable y a una ma\u00f1ana mejor. Como dormir bien es fundamental para sentirse y pensar bien, nuestra mezcla patentada de CBD, CBN, l\u00fapulo y 5-HTP trabaja con tu cuerpo para promover un merecido descanso.<\/p>\n<p>30 c\u00e1psulas<\/p>\n","protected":false},"featured_media":10449,"comment_status":"open","ping_status":"closed","template":"","meta":{"site-sidebar-layout":"default","site-content-layout":"default","ast-site-content-layout":"default","site-content-style":"default","site-sidebar-style":"default","ast-global-header-display":"","ast-banner-title-visibility":"","ast-main-header-display":"","ast-hfb-above-header-display":"","ast-hfb-below-header-display":"","ast-hfb-mobile-header-display":"","site-post-title":"","ast-breadcrumbs-content":"","ast-featured-img":"","footer-sml-layout":"","ast-disable-related-posts":"","theme-transparent-header-meta":"default","adv-header-id-meta":"","stick-header-meta":"default","header-above-stick-meta":"","header-main-stick-meta":"","header-below-stick-meta":"","astra-migrate-meta-layouts":"default","ast-page-background-enabled":"default","ast-page-background-meta":{"desktop":{"background-color":"","background-image":"","background-repeat":"repeat","background-position":"center center","background-size":"auto","background-attachment":"scroll","background-type":"","background-media":"","overlay-type":"","overlay-color":"","overlay-opacity":"","overlay-gradient":""},"tablet":{"background-color":"","background-image":"","background-repeat":"repeat","background-position":"center center","background-size":"auto","background-attachment":"scroll","background-type":"","background-media":"","overlay-type":"","overlay-color":"","overlay-opacity":"","overlay-gradient":""},"mobile":{"background-color":"","background-image":"","background-repeat":"repeat","background-position":"center center","background-size":"auto","background-attachment":"scroll","background-type":"","background-media":"","overlay-type":"","overlay-color":"","overlay-opacity":"","overlay-gradient":""}},"ast-content-background-meta":{"desktop":{"background-color":"var(--ast-global-color-5)","background-image":"","background-repeat":"repeat","background-position":"center center","background-size":"auto","background-attachment":"scroll","background-type":"","background-media":"","overlay-type":"","overlay-color":"","overlay-opacity":"","overlay-gradient":""},"tablet":{"background-color":"var(--ast-global-color-5)","background-image":"","background-repeat":"repeat","background-position":"center center","background-size":"auto","background-attachment":"scroll","background-type":"","background-media":"","overlay-type":"","overlay-color":"","overlay-opacity":"","overlay-gradient":""},"mobile":{"background-color":"var(--ast-global-color-5)","background-image":"","background-repeat":"repeat","background-position":"center center","background-size":"auto","background-attachment":"scroll","background-type":"","background-media":"","overlay-type":"","overlay-color":"","overlay-opacity":"","overlay-gradient":""}}},"product_brand":[],"product_cat":[273,271,305],"product_tag":[],"class_list":{"0":"post-11412","1":"product","2":"type-product","3":"status-publish","4":"has-post-thumbnail","6":"product_cat-aceites-y-capsulas","7":"product_cat-bienestar-cbd","8":"product_cat-cbd-es","9":"desktop-align-left","10":"tablet-align-center","11":"mobile-align-left","12":"ast-product-gallery-layout-vertical","13":"ast-product-gallery-with-no-image","14":"ast-magnify-disabled","15":"ast-product-tabs-layout-horizontal","17":"first","18":"outofstock","19":"taxable","20":"shipping-taxable","21":"purchasable","22":"product-type-simple"},"yoast_head":"<!-- This site is optimized with the Yoast SEO Premium plugin v27.2 (Yoast SEO v27.4) - https:\/\/yoast.com\/product\/yoast-seo-premium-wordpress\/ -->\n<title>Restful Sleep C\u00e1psulas - C\u00e1psulas Stay Asleep Cibdol x30 - Blumiz - Premium CBD<\/title>\n<meta name=\"description\" content=\"Restful Sleep C\u00e1psulas - C\u00e1psulas Stay Asleep Cibdol x30 - Blumiz - Premium CBD\" \/>\n<meta name=\"robots\" content=\"index, follow, max-snippet:-1, max-image-preview:large, max-video-preview:-1\" \/>\n<link rel=\"canonical\" href=\"https:\/\/blumiz.com\/es\/producto\/restful-sleep-capsules-stay-asleep-cibdol\/\" \/>\n<meta property=\"og:locale\" content=\"es_ES\" \/>\n<meta property=\"og:type\" content=\"article\" \/>\n<meta property=\"og:title\" content=\"Restful Sleep C\u00e1psulas - C\u00e1psulas Stay Asleep Cibdol x30\" \/>\n<meta property=\"og:description\" content=\"Restful Sleep C\u00e1psulas - C\u00e1psulas Stay Asleep Cibdol x30 Blumiz - Premium CBD\" \/>\n<meta property=\"og:url\" content=\"https:\/\/blumiz.com\/es\/producto\/restful-sleep-capsules-stay-asleep-cibdol\/\" \/>\n<meta property=\"og:site_name\" content=\"Blumiz - Premium CBD\" \/>\n<meta property=\"article:modified_time\" content=\"2025-02-11T12:33:25+00:00\" \/>\n<meta property=\"og:image\" content=\"https:\/\/blumiz.com\/wp-content\/uploads\/2022\/09\/Cibdol-Stay-Asleep-Capsules-avec-CBD-CBN-Houblon-et-Griffonia-5-HTP.webp\" \/>\n\t<meta property=\"og:image:width\" content=\"600\" \/>\n\t<meta property=\"og:image:height\" content=\"600\" \/>\n\t<meta property=\"og:image:type\" content=\"image\/webp\" \/>\n<meta name=\"twitter:card\" content=\"summary_large_image\" \/>\n<meta name=\"twitter:label1\" content=\"Precio\" \/>\n\t<meta name=\"twitter:data1\" content=\"39,95&nbsp;&euro;\" \/>\n\t<meta name=\"twitter:label2\" content=\"Disponibilidad\" \/>\n\t<meta name=\"twitter:data2\" content=\"Sin existencias\" \/>\n<script type=\"application\/ld+json\" class=\"yoast-schema-graph\">{\"@context\":\"https:\\\/\\\/schema.org\",\"@graph\":[{\"@type\":\"WebPage\",\"@id\":\"https:\\\/\\\/blumiz.com\\\/es\\\/producto\\\/restful-sleep-capsules-stay-asleep-cibdol\\\/\",\"url\":\"https:\\\/\\\/blumiz.com\\\/es\\\/producto\\\/restful-sleep-capsules-stay-asleep-cibdol\\\/\",\"name\":\"Restful Sleep C\u00e1psulas - C\u00e1psulas Stay Asleep Cibdol x30 - Blumiz - Premium CBD\",\"isPartOf\":{\"@id\":\"https:\\\/\\\/blumiz.com\\\/es\\\/#website\"},\"primaryImageOfPage\":{\"@id\":\"https:\\\/\\\/blumiz.com\\\/es\\\/producto\\\/restful-sleep-capsules-stay-asleep-cibdol\\\/#primaryimage\"},\"image\":{\"@id\":\"https:\\\/\\\/blumiz.com\\\/es\\\/producto\\\/restful-sleep-capsules-stay-asleep-cibdol\\\/#primaryimage\"},\"thumbnailUrl\":\"https:\\\/\\\/blumiz.com\\\/wp-content\\\/uploads\\\/2022\\\/09\\\/Cibdol-Stay-Asleep-Capsules-avec-CBD-CBN-Houblon-et-Griffonia-5-HTP.webp\",\"datePublished\":\"2020-09-07T10:19:07+00:00\",\"dateModified\":\"2025-02-11T12:33:25+00:00\",\"description\":\"Restful Sleep C\u00e1psulas - C\u00e1psulas Stay Asleep Cibdol x30 - Blumiz - Premium CBD\",\"breadcrumb\":{\"@id\":\"https:\\\/\\\/blumiz.com\\\/es\\\/producto\\\/restful-sleep-capsules-stay-asleep-cibdol\\\/#breadcrumb\"},\"inLanguage\":\"es\",\"potentialAction\":[{\"@type\":\"ReadAction\",\"target\":[\"https:\\\/\\\/blumiz.com\\\/es\\\/producto\\\/restful-sleep-capsules-stay-asleep-cibdol\\\/\"]}]},{\"@type\":\"ImageObject\",\"inLanguage\":\"es\",\"@id\":\"https:\\\/\\\/blumiz.com\\\/es\\\/producto\\\/restful-sleep-capsules-stay-asleep-cibdol\\\/#primaryimage\",\"url\":\"https:\\\/\\\/blumiz.com\\\/wp-content\\\/uploads\\\/2022\\\/09\\\/Cibdol-Stay-Asleep-Capsules-avec-CBD-CBN-Houblon-et-Griffonia-5-HTP.webp\",\"contentUrl\":\"https:\\\/\\\/blumiz.com\\\/wp-content\\\/uploads\\\/2022\\\/09\\\/Cibdol-Stay-Asleep-Capsules-avec-CBD-CBN-Houblon-et-Griffonia-5-HTP.webp\",\"width\":600,\"height\":600},{\"@type\":\"BreadcrumbList\",\"@id\":\"https:\\\/\\\/blumiz.com\\\/es\\\/producto\\\/restful-sleep-capsules-stay-asleep-cibdol\\\/#breadcrumb\",\"itemListElement\":[{\"@type\":\"ListItem\",\"position\":1,\"name\":\"Blumiz\",\"item\":\"https:\\\/\\\/blumiz.com\\\/es\\\/\"},{\"@type\":\"ListItem\",\"position\":2,\"name\":\"CBD Shop\",\"item\":\"https:\\\/\\\/blumiz.com\\\/es\\\/tienda\\\/\"},{\"@type\":\"ListItem\",\"position\":3,\"name\":\"Bienestar CBD\",\"item\":\"https:\\\/\\\/blumiz.com\\\/es\\\/category\\\/bienestar-cbd\\\/\"},{\"@type\":\"ListItem\",\"position\":4,\"name\":\"Aceites y c\u00e1psulas\",\"item\":\"https:\\\/\\\/blumiz.com\\\/es\\\/category\\\/bienestar-cbd\\\/aceites-y-capsulas\\\/\"},{\"@type\":\"ListItem\",\"position\":5,\"name\":\"Restful Sleep C\u00e1psulas &#8211; C\u00e1psulas Stay Asleep Cibdol x30\"}]},{\"@type\":\"WebSite\",\"@id\":\"https:\\\/\\\/blumiz.com\\\/es\\\/#website\",\"url\":\"https:\\\/\\\/blumiz.com\\\/es\\\/\",\"name\":\"Blumiz - Premium CBD\",\"description\":\"Un CBD al mejor precio y de calidad superior\",\"publisher\":{\"@id\":\"https:\\\/\\\/blumiz.com\\\/es\\\/#organization\"},\"alternateName\":\"Blumiz\",\"potentialAction\":[{\"@type\":\"SearchAction\",\"target\":{\"@type\":\"EntryPoint\",\"urlTemplate\":\"https:\\\/\\\/blumiz.com\\\/es\\\/?s={search_term_string}\"},\"query-input\":{\"@type\":\"PropertyValueSpecification\",\"valueRequired\":true,\"valueName\":\"search_term_string\"}}],\"inLanguage\":\"es\"},{\"@type\":\"Organization\",\"@id\":\"https:\\\/\\\/blumiz.com\\\/es\\\/#organization\",\"name\":\"Blumiz CBD\",\"alternateName\":\"Blumiz\",\"url\":\"https:\\\/\\\/blumiz.com\\\/es\\\/\",\"logo\":{\"@type\":\"ImageObject\",\"inLanguage\":\"es\",\"@id\":\"https:\\\/\\\/blumiz.com\\\/es\\\/#\\\/schema\\\/logo\\\/image\\\/\",\"url\":\"https:\\\/\\\/blumiz.com\\\/wp-content\\\/uploads\\\/2026\\\/02\\\/cropped-Blumiz-CBD-logo.webp\",\"contentUrl\":\"https:\\\/\\\/blumiz.com\\\/wp-content\\\/uploads\\\/2026\\\/02\\\/cropped-Blumiz-CBD-logo.webp\",\"width\":2547,\"height\":778,\"caption\":\"Blumiz CBD\"},\"image\":{\"@id\":\"https:\\\/\\\/blumiz.com\\\/es\\\/#\\\/schema\\\/logo\\\/image\\\/\"}}]}<\/script>\n<meta property=\"product:price:amount\" content=\"39.95\" \/>\n<meta property=\"product:price:currency\" content=\"EUR\" \/>\n<meta property=\"og:availability\" content=\"out of stock\" \/>\n<meta property=\"product:availability\" content=\"out of stock\" \/>\n<meta property=\"product:retailer_item_id\" content=\"2895\" \/>\n<meta property=\"product:condition\" content=\"new\" \/>\n<!-- \/ Yoast SEO Premium plugin. -->","yoast_head_json":{"title":"Restful Sleep C\u00e1psulas - C\u00e1psulas Stay Asleep Cibdol x30 - Blumiz - Premium CBD","description":"Restful Sleep C\u00e1psulas - C\u00e1psulas Stay Asleep Cibdol x30 - Blumiz - Premium CBD","robots":{"index":"index","follow":"follow","max-snippet":"max-snippet:-1","max-image-preview":"max-image-preview:large","max-video-preview":"max-video-preview:-1"},"canonical":"https:\/\/blumiz.com\/es\/producto\/restful-sleep-capsules-stay-asleep-cibdol\/","og_locale":"es_ES","og_type":"article","og_title":"Restful Sleep C\u00e1psulas - C\u00e1psulas Stay Asleep Cibdol x30","og_description":"Restful Sleep C\u00e1psulas - C\u00e1psulas Stay Asleep Cibdol x30 Blumiz - Premium CBD","og_url":"https:\/\/blumiz.com\/es\/producto\/restful-sleep-capsules-stay-asleep-cibdol\/","og_site_name":"Blumiz - Premium CBD","article_modified_time":"2025-02-11T12:33:25+00:00","og_image":[{"width":600,"height":600,"url":"https:\/\/blumiz.com\/wp-content\/uploads\/2022\/09\/Cibdol-Stay-Asleep-Capsules-avec-CBD-CBN-Houblon-et-Griffonia-5-HTP.webp","type":"image\/webp"}],"twitter_card":"summary_large_image","twitter_misc":{"Precio":"39,95&nbsp;&euro;","Disponibilidad":"Sin existencias"},"schema":{"@context":"https:\/\/schema.org","@graph":[{"@type":"WebPage","@id":"https:\/\/blumiz.com\/es\/producto\/restful-sleep-capsules-stay-asleep-cibdol\/","url":"https:\/\/blumiz.com\/es\/producto\/restful-sleep-capsules-stay-asleep-cibdol\/","name":"Restful Sleep C\u00e1psulas - C\u00e1psulas Stay Asleep Cibdol x30 - Blumiz - Premium CBD","isPartOf":{"@id":"https:\/\/blumiz.com\/es\/#website"},"primaryImageOfPage":{"@id":"https:\/\/blumiz.com\/es\/producto\/restful-sleep-capsules-stay-asleep-cibdol\/#primaryimage"},"image":{"@id":"https:\/\/blumiz.com\/es\/producto\/restful-sleep-capsules-stay-asleep-cibdol\/#primaryimage"},"thumbnailUrl":"https:\/\/blumiz.com\/wp-content\/uploads\/2022\/09\/Cibdol-Stay-Asleep-Capsules-avec-CBD-CBN-Houblon-et-Griffonia-5-HTP.webp","datePublished":"2020-09-07T10:19:07+00:00","dateModified":"2025-02-11T12:33:25+00:00","description":"Restful Sleep C\u00e1psulas - C\u00e1psulas Stay Asleep Cibdol x30 - Blumiz - Premium CBD","breadcrumb":{"@id":"https:\/\/blumiz.com\/es\/producto\/restful-sleep-capsules-stay-asleep-cibdol\/#breadcrumb"},"inLanguage":"es","potentialAction":[{"@type":"ReadAction","target":["https:\/\/blumiz.com\/es\/producto\/restful-sleep-capsules-stay-asleep-cibdol\/"]}]},{"@type":"ImageObject","inLanguage":"es","@id":"https:\/\/blumiz.com\/es\/producto\/restful-sleep-capsules-stay-asleep-cibdol\/#primaryimage","url":"https:\/\/blumiz.com\/wp-content\/uploads\/2022\/09\/Cibdol-Stay-Asleep-Capsules-avec-CBD-CBN-Houblon-et-Griffonia-5-HTP.webp","contentUrl":"https:\/\/blumiz.com\/wp-content\/uploads\/2022\/09\/Cibdol-Stay-Asleep-Capsules-avec-CBD-CBN-Houblon-et-Griffonia-5-HTP.webp","width":600,"height":600},{"@type":"BreadcrumbList","@id":"https:\/\/blumiz.com\/es\/producto\/restful-sleep-capsules-stay-asleep-cibdol\/#breadcrumb","itemListElement":[{"@type":"ListItem","position":1,"name":"Blumiz","item":"https:\/\/blumiz.com\/es\/"},{"@type":"ListItem","position":2,"name":"CBD Shop","item":"https:\/\/blumiz.com\/es\/tienda\/"},{"@type":"ListItem","position":3,"name":"Bienestar CBD","item":"https:\/\/blumiz.com\/es\/category\/bienestar-cbd\/"},{"@type":"ListItem","position":4,"name":"Aceites y c\u00e1psulas","item":"https:\/\/blumiz.com\/es\/category\/bienestar-cbd\/aceites-y-capsulas\/"},{"@type":"ListItem","position":5,"name":"Restful Sleep C\u00e1psulas &#8211; C\u00e1psulas Stay Asleep Cibdol x30"}]},{"@type":"WebSite","@id":"https:\/\/blumiz.com\/es\/#website","url":"https:\/\/blumiz.com\/es\/","name":"Blumiz - Premium CBD","description":"Un CBD al mejor precio y de calidad superior","publisher":{"@id":"https:\/\/blumiz.com\/es\/#organization"},"alternateName":"Blumiz","potentialAction":[{"@type":"SearchAction","target":{"@type":"EntryPoint","urlTemplate":"https:\/\/blumiz.com\/es\/?s={search_term_string}"},"query-input":{"@type":"PropertyValueSpecification","valueRequired":true,"valueName":"search_term_string"}}],"inLanguage":"es"},{"@type":"Organization","@id":"https:\/\/blumiz.com\/es\/#organization","name":"Blumiz CBD","alternateName":"Blumiz","url":"https:\/\/blumiz.com\/es\/","logo":{"@type":"ImageObject","inLanguage":"es","@id":"https:\/\/blumiz.com\/es\/#\/schema\/logo\/image\/","url":"https:\/\/blumiz.com\/wp-content\/uploads\/2026\/02\/cropped-Blumiz-CBD-logo.webp","contentUrl":"https:\/\/blumiz.com\/wp-content\/uploads\/2026\/02\/cropped-Blumiz-CBD-logo.webp","width":2547,"height":778,"caption":"Blumiz CBD"},"image":{"@id":"https:\/\/blumiz.com\/es\/#\/schema\/logo\/image\/"}}]},"product_price_amount":"39.95","product_price_currency":"EUR","og_availability":"out of stock","product_availability":"out of stock","product_retailer_item_id":"2895","product_condition":"new"},"_links":{"self":[{"href":"https:\/\/blumiz.com\/es\/wp-json\/wp\/v2\/product\/11412","targetHints":{"allow":["GET"]}}],"collection":[{"href":"https:\/\/blumiz.com\/es\/wp-json\/wp\/v2\/product"}],"about":[{"href":"https:\/\/blumiz.com\/es\/wp-json\/wp\/v2\/types\/product"}],"replies":[{"embeddable":true,"href":"https:\/\/blumiz.com\/es\/wp-json\/wp\/v2\/comments?post=11412"}],"version-history":[{"count":0,"href":"https:\/\/blumiz.com\/es\/wp-json\/wp\/v2\/product\/11412\/revisions"}],"wp:featuredmedia":[{"embeddable":true,"href":"https:\/\/blumiz.com\/es\/wp-json\/wp\/v2\/media\/10449"}],"wp:attachment":[{"href":"https:\/\/blumiz.com\/es\/wp-json\/wp\/v2\/media?parent=11412"}],"wp:term":[{"taxonomy":"product_brand","embeddable":true,"href":"https:\/\/blumiz.com\/es\/wp-json\/wp\/v2\/product_brand?post=11412"},{"taxonomy":"product_cat","embeddable":true,"href":"https:\/\/blumiz.com\/es\/wp-json\/wp\/v2\/product_cat?post=11412"},{"taxonomy":"product_tag","embeddable":true,"href":"https:\/\/blumiz.com\/es\/wp-json\/wp\/v2\/product_tag?post=11412"}],"curies":[{"name":"wp","href":"https:\/\/api.w.org\/{rel}","templated":true}]}}