{"id":11413,"date":"2020-10-07T11:59:17","date_gmt":"2020-10-07T10:59:17","guid":{"rendered":"https:\/\/blumiz.com\/produkt\/cbd-soft-gel-15-mg-x30-herdol\/"},"modified":"2025-02-11T13:34:10","modified_gmt":"2025-02-11T12:34:10","slug":"cbd-softgel-15-mg-x30-herdol","status":"publish","type":"product","link":"https:\/\/blumiz.com\/es\/producto\/cbd-softgel-15-mg-x30-herdol\/","title":{"rendered":"CBD SOFT GEL 15 mg x30 herdol"},"content":{"rendered":"<h2>BIO CBD C\u00e1psulas &#8211; CONCENTRADO 15mg con 30 c\u00e1psulas &#8211; CALIDAD PREMIUM<\/h2>\n<h3>C\u00e1psulas de CBD ayudan con la ansiedad, la depresi\u00f3n, el acn\u00e9 y las enfermedades card\u00edacas.<\/h3>\n<p>El CBD se ha estudiado por su posible papel en el tratamiento de muchos problemas de salud comunes. Para las personas con c\u00e1ncer, puede ser incluso una alternativa natural para aliviar el dolor y los s\u00edntomas.<\/p>\n<p>La investigaci\u00f3n sobre los posibles beneficios para la salud del CBD es continua, por lo que es seguro que se descubrir\u00e1n nuevas aplicaciones terap\u00e9uticas para este remedio natural.<\/p>\n<p>&nbsp;<\/p>\n<h3>Relajantes y calmantes, herdol ha desarrollado c\u00e1psulas de CBD de espectro completo 100% naturales.<\/h3>\n<p>Aunque a\u00fan queda mucho por aprender sobre la eficacia y seguridad del CBD, los resultados de estudios recientes sugieren que puede ser un tratamiento natural seguro y eficaz para muchos problemas de salud. La c\u00e1psula de CBD se elabora extrayendo en fr\u00edo los cannabinoides de la planta de cannabis, diluy\u00e9ndolos despu\u00e9s con un aceite portador como el aceite de coco o de semillas de c\u00e1\u00f1amo y encapsul\u00e1ndolos en una c\u00e1psula de gel.<\/p>\n<p>La ventaja del aceite de c\u00e1\u00f1amo es que tiene muchas propiedades. De hecho, el aceite de c\u00e1\u00f1amo es rico en vitamina E, OMEGA 6 y 3. Todos nuestros aceites est\u00e1n hechos de un % de CBD con un sabor natural a c\u00e1\u00f1amo que var\u00eda seg\u00fan sus necesidades y deseos.<\/p>\n<h3>Aproveche al m\u00e1ximo los beneficios del CBD:<\/h3>\n<p>Para aprovechar eficazmente los beneficios del CBD, es necesario seguir unas instrucciones muy espec\u00edficas. Aseg\u00farese de estar en ayunas 10 minutos antes y despu\u00e9s de tomar el medicamento. Deja las C\u00e1psulas de CBD durante 90 segundos para que puedan tener el mejor efecto en tu cuerpo.<\/p>\n<h3>Una c\u00e1psula de CBD contra&#8230;<\/h3>\n<p><strong>Antiinflamatorio<\/strong>: El CBD ayuda a reducir la inflamaci\u00f3n. Gracias a los \u00e1cidos grasos omega-3, el aceite de c\u00e1\u00f1amo CBD ayuda a reducir los niveles de colesterol, fortalece el sistema inmunol\u00f3gico y protege el coraz\u00f3n.<\/p>\n<p><strong>Ansiol\u00edtico<\/strong>: El CBD regula los cambios de humor y ayuda a aliviar la depresi\u00f3n estimulando y liberando serotonina y dopamina.<\/p>\n<p><strong>Antipsic\u00f3ticos<\/strong>: Se ha investigado mucho sobre las personas con psicosis. Los investigadores pudieron demostrar que el CBD se dirige con precisi\u00f3n a una parte del cerebro implicada en las psicosis.<\/p>\n<p><strong>Antioxidante<\/strong>: El CBD es un excelente antioxidante, evita que los radicales libres se unan y causen problemas en la piel, como el envejecimiento prematuro debido al estr\u00e9s oxidativo o la aparici\u00f3n de ciertas patolog\u00edas. Todos tenemos antioxidantes naturales para combatir estas complicaciones, pero es importante potenciarlos, especialmente con la ayuda del CBD.<\/p>\n<p><strong>Capacidad<\/strong>: 30 c\u00e1psulas con 15 mg de CBD cada una<\/p>\n<p>&nbsp;<\/p>\n<h3>INFORMACI\u00d3N Y COMPOSICI\u00d3N:<\/h3>\n<p>Ingredientes: Aceite de c\u00e1\u00f1amo, extracto de Cannabis sativa L. rico en cannabidiol (CBD), gel neutro.<\/p>\n<p>Recomendaci\u00f3n: 1 a 3 veces al d\u00eda 1 c\u00e1psula<\/p>\n<p>M\u00e9todo de extracci\u00f3n: CO2 supercr\u00edtico Aceite certificado: Aceite de c\u00e1\u00f1amo certificado Etiqueta AB Consumo<\/p>\n<p>Tipo de CBD: espectro completo<\/p>\n<p>Concentraci\u00f3n de cannabinoides: 15 mg por c\u00e1psula \/ 450 mg \/ Concentraci\u00f3n de CBD en una c\u00e1psula: 15 mg de CBD<\/p>\n<p>N\u00famero de c\u00e1psulas por caja: 30<\/p>\n<p>Fabricado en Francia<\/p>\n","protected":false},"excerpt":{"rendered":"<p>Las c\u00e1psulas de CBD revolucionar\u00e1n tu consumo diario de CBD. Con la misma f\u00f3rmula potente que nuestros renombrados aceites de CBD, este nuevo producto contiene potentes cannabinoides en un gel ins\u00edpido y f\u00e1cil de tragar que es port\u00e1til y hace que la dosificaci\u00f3n sea m\u00e1s f\u00e1cil que nunca. Cada caja contiene 450 mg de CBD, 30 c\u00e1psulas con 15 mg de CBD por c\u00e1psula.<\/p>\n<h2>C\u00e1psulas de CBD 25 mg Org\u00e1nicas \u2013 30 c\u00e1psulas<\/h2>\n<ul>\n<li>Espectro completo, contiene CBD y otros cannabinoides.<\/li>\n<li>Probado en laboratorio. Garantizado sin THC.<\/li>\n<li>Caja de 30 c\u00e1psulas<\/li>\n<li>Una c\u00e1psula contiene 15 mg de CBD<\/li>\n<li>1 c\u00e1psula 1-3 veces al d\u00eda<\/li>\n<\/ul>\n","protected":false},"featured_media":10958,"comment_status":"open","ping_status":"closed","template":"","meta":{"site-sidebar-layout":"default","site-content-layout":"default","ast-site-content-layout":"default","site-content-style":"default","site-sidebar-style":"default","ast-global-header-display":"","ast-banner-title-visibility":"","ast-main-header-display":"","ast-hfb-above-header-display":"","ast-hfb-below-header-display":"","ast-hfb-mobile-header-display":"","site-post-title":"","ast-breadcrumbs-content":"","ast-featured-img":"","footer-sml-layout":"","ast-disable-related-posts":"","theme-transparent-header-meta":"default","adv-header-id-meta":"","stick-header-meta":"default","header-above-stick-meta":"","header-main-stick-meta":"","header-below-stick-meta":"","astra-migrate-meta-layouts":"default","ast-page-background-enabled":"default","ast-page-background-meta":{"desktop":{"background-color":"","background-image":"","background-repeat":"repeat","background-position":"center center","background-size":"auto","background-attachment":"scroll","background-type":"","background-media":"","overlay-type":"","overlay-color":"","overlay-opacity":"","overlay-gradient":""},"tablet":{"background-color":"","background-image":"","background-repeat":"repeat","background-position":"center center","background-size":"auto","background-attachment":"scroll","background-type":"","background-media":"","overlay-type":"","overlay-color":"","overlay-opacity":"","overlay-gradient":""},"mobile":{"background-color":"","background-image":"","background-repeat":"repeat","background-position":"center center","background-size":"auto","background-attachment":"scroll","background-type":"","background-media":"","overlay-type":"","overlay-color":"","overlay-opacity":"","overlay-gradient":""}},"ast-content-background-meta":{"desktop":{"background-color":"var(--ast-global-color-5)","background-image":"","background-repeat":"repeat","background-position":"center center","background-size":"auto","background-attachment":"scroll","background-type":"","background-media":"","overlay-type":"","overlay-color":"","overlay-opacity":"","overlay-gradient":""},"tablet":{"background-color":"var(--ast-global-color-5)","background-image":"","background-repeat":"repeat","background-position":"center center","background-size":"auto","background-attachment":"scroll","background-type":"","background-media":"","overlay-type":"","overlay-color":"","overlay-opacity":"","overlay-gradient":""},"mobile":{"background-color":"var(--ast-global-color-5)","background-image":"","background-repeat":"repeat","background-position":"center center","background-size":"auto","background-attachment":"scroll","background-type":"","background-media":"","overlay-type":"","overlay-color":"","overlay-opacity":"","overlay-gradient":""}}},"product_brand":[],"product_cat":[273,271,305],"product_tag":[],"class_list":{"0":"post-11413","1":"product","2":"type-product","3":"status-publish","4":"has-post-thumbnail","6":"product_cat-aceites-y-capsulas","7":"product_cat-bienestar-cbd","8":"product_cat-cbd-es","9":"desktop-align-left","10":"tablet-align-center","11":"mobile-align-left","12":"ast-product-gallery-layout-vertical","13":"ast-product-gallery-with-no-image","14":"ast-magnify-disabled","15":"ast-product-tabs-layout-horizontal","17":"first","18":"instock","19":"featured","20":"taxable","21":"shipping-taxable","22":"purchasable","23":"product-type-simple"},"yoast_head":"<!-- This site is optimized with the Yoast SEO Premium plugin v27.2 (Yoast SEO v27.3) - https:\/\/yoast.com\/product\/yoast-seo-premium-wordpress\/ -->\n<title>CBD SOFT GEL 15 mg x30 herdol - Blumiz - Premium CBD<\/title>\n<meta name=\"description\" content=\"CBD SOFT GEL 15 mg x30 herdol - Blumiz - Premium CBD\" \/>\n<meta name=\"robots\" content=\"index, follow, max-snippet:-1, max-image-preview:large, max-video-preview:-1\" \/>\n<link rel=\"canonical\" href=\"https:\/\/blumiz.com\/es\/producto\/cbd-softgel-15-mg-x30-herdol\/\" \/>\n<meta property=\"og:locale\" content=\"es_ES\" \/>\n<meta property=\"og:type\" content=\"article\" \/>\n<meta property=\"og:title\" content=\"CBD SOFT GEL 15 mg x30 herdol\" \/>\n<meta property=\"og:description\" content=\"CBD SOFT GEL 15 mg x30 herdol Blumiz - Premium CBD\" \/>\n<meta property=\"og:url\" content=\"https:\/\/blumiz.com\/es\/producto\/cbd-softgel-15-mg-x30-herdol\/\" \/>\n<meta property=\"og:site_name\" content=\"Blumiz - Premium CBD\" \/>\n<meta property=\"article:modified_time\" content=\"2025-02-11T12:34:10+00:00\" \/>\n<meta property=\"og:image\" content=\"https:\/\/blumiz.com\/wp-content\/uploads\/2022\/10\/CBD-SOFTGEL-HERDOL-15MG-450MG-BLANC.webp\" \/>\n\t<meta property=\"og:image:width\" content=\"600\" \/>\n\t<meta property=\"og:image:height\" content=\"600\" \/>\n\t<meta property=\"og:image:type\" content=\"image\/webp\" \/>\n<meta name=\"twitter:card\" content=\"summary_large_image\" \/>\n<meta name=\"twitter:label1\" content=\"Precio\" \/>\n\t<meta name=\"twitter:data1\" content=\"19,90&nbsp;&euro;\" \/>\n\t<meta name=\"twitter:label2\" content=\"Disponibilidad\" \/>\n\t<meta name=\"twitter:data2\" content=\"Disponible\" \/>\n<script type=\"application\/ld+json\" class=\"yoast-schema-graph\">{\"@context\":\"https:\\\/\\\/schema.org\",\"@graph\":[{\"@type\":\"WebPage\",\"@id\":\"https:\\\/\\\/blumiz.com\\\/es\\\/producto\\\/cbd-softgel-15-mg-x30-herdol\\\/\",\"url\":\"https:\\\/\\\/blumiz.com\\\/es\\\/producto\\\/cbd-softgel-15-mg-x30-herdol\\\/\",\"name\":\"CBD SOFT GEL 15 mg x30 herdol - Blumiz - Premium CBD\",\"isPartOf\":{\"@id\":\"https:\\\/\\\/blumiz.com\\\/es\\\/#website\"},\"primaryImageOfPage\":{\"@id\":\"https:\\\/\\\/blumiz.com\\\/es\\\/producto\\\/cbd-softgel-15-mg-x30-herdol\\\/#primaryimage\"},\"image\":{\"@id\":\"https:\\\/\\\/blumiz.com\\\/es\\\/producto\\\/cbd-softgel-15-mg-x30-herdol\\\/#primaryimage\"},\"thumbnailUrl\":\"https:\\\/\\\/blumiz.com\\\/wp-content\\\/uploads\\\/2022\\\/10\\\/CBD-SOFTGEL-HERDOL-15MG-450MG-BLANC.webp\",\"datePublished\":\"2020-10-07T10:59:17+00:00\",\"dateModified\":\"2025-02-11T12:34:10+00:00\",\"description\":\"CBD SOFT GEL 15 mg x30 herdol - Blumiz - Premium CBD\",\"breadcrumb\":{\"@id\":\"https:\\\/\\\/blumiz.com\\\/es\\\/producto\\\/cbd-softgel-15-mg-x30-herdol\\\/#breadcrumb\"},\"inLanguage\":\"es\",\"potentialAction\":[{\"@type\":\"ReadAction\",\"target\":[\"https:\\\/\\\/blumiz.com\\\/es\\\/producto\\\/cbd-softgel-15-mg-x30-herdol\\\/\"]}]},{\"@type\":\"ImageObject\",\"inLanguage\":\"es\",\"@id\":\"https:\\\/\\\/blumiz.com\\\/es\\\/producto\\\/cbd-softgel-15-mg-x30-herdol\\\/#primaryimage\",\"url\":\"https:\\\/\\\/blumiz.com\\\/wp-content\\\/uploads\\\/2022\\\/10\\\/CBD-SOFTGEL-HERDOL-15MG-450MG-BLANC.webp\",\"contentUrl\":\"https:\\\/\\\/blumiz.com\\\/wp-content\\\/uploads\\\/2022\\\/10\\\/CBD-SOFTGEL-HERDOL-15MG-450MG-BLANC.webp\",\"width\":600,\"height\":600},{\"@type\":\"BreadcrumbList\",\"@id\":\"https:\\\/\\\/blumiz.com\\\/es\\\/producto\\\/cbd-softgel-15-mg-x30-herdol\\\/#breadcrumb\",\"itemListElement\":[{\"@type\":\"ListItem\",\"position\":1,\"name\":\"Blumiz\",\"item\":\"https:\\\/\\\/blumiz.com\\\/es\\\/\"},{\"@type\":\"ListItem\",\"position\":2,\"name\":\"CBD Shop\",\"item\":\"https:\\\/\\\/blumiz.com\\\/es\\\/tienda\\\/\"},{\"@type\":\"ListItem\",\"position\":3,\"name\":\"Bienestar CBD\",\"item\":\"https:\\\/\\\/blumiz.com\\\/es\\\/category\\\/bienestar-cbd\\\/\"},{\"@type\":\"ListItem\",\"position\":4,\"name\":\"Aceites y c\u00e1psulas\",\"item\":\"https:\\\/\\\/blumiz.com\\\/es\\\/category\\\/bienestar-cbd\\\/aceites-y-capsulas\\\/\"},{\"@type\":\"ListItem\",\"position\":5,\"name\":\"CBD SOFT GEL 15 mg x30 herdol\"}]},{\"@type\":\"WebSite\",\"@id\":\"https:\\\/\\\/blumiz.com\\\/es\\\/#website\",\"url\":\"https:\\\/\\\/blumiz.com\\\/es\\\/\",\"name\":\"Blumiz - Premium CBD\",\"description\":\"Un CBD al mejor precio y de calidad superior\",\"publisher\":{\"@id\":\"https:\\\/\\\/blumiz.com\\\/es\\\/#organization\"},\"alternateName\":\"Blumiz\",\"potentialAction\":[{\"@type\":\"SearchAction\",\"target\":{\"@type\":\"EntryPoint\",\"urlTemplate\":\"https:\\\/\\\/blumiz.com\\\/es\\\/?s={search_term_string}\"},\"query-input\":{\"@type\":\"PropertyValueSpecification\",\"valueRequired\":true,\"valueName\":\"search_term_string\"}}],\"inLanguage\":\"es\"},{\"@type\":\"Organization\",\"@id\":\"https:\\\/\\\/blumiz.com\\\/es\\\/#organization\",\"name\":\"Blumiz CBD\",\"alternateName\":\"Blumiz\",\"url\":\"https:\\\/\\\/blumiz.com\\\/es\\\/\",\"logo\":{\"@type\":\"ImageObject\",\"inLanguage\":\"es\",\"@id\":\"https:\\\/\\\/blumiz.com\\\/es\\\/#\\\/schema\\\/logo\\\/image\\\/\",\"url\":\"https:\\\/\\\/blumiz.com\\\/wp-content\\\/uploads\\\/2026\\\/02\\\/cropped-Blumiz-CBD-logo.webp\",\"contentUrl\":\"https:\\\/\\\/blumiz.com\\\/wp-content\\\/uploads\\\/2026\\\/02\\\/cropped-Blumiz-CBD-logo.webp\",\"width\":2547,\"height\":778,\"caption\":\"Blumiz CBD\"},\"image\":{\"@id\":\"https:\\\/\\\/blumiz.com\\\/es\\\/#\\\/schema\\\/logo\\\/image\\\/\"}}]}<\/script>\n<meta property=\"product:price:amount\" content=\"19.90\" \/>\n<meta property=\"product:price:currency\" content=\"EUR\" \/>\n<meta property=\"og:availability\" content=\"instock\" \/>\n<meta property=\"product:availability\" content=\"instock\" \/>\n<meta property=\"product:retailer_item_id\" content=\"22-175\" \/>\n<meta property=\"product:condition\" content=\"new\" \/>\n<!-- \/ Yoast SEO Premium plugin. -->","yoast_head_json":{"title":"CBD SOFT GEL 15 mg x30 herdol - Blumiz - Premium CBD","description":"CBD SOFT GEL 15 mg x30 herdol - Blumiz - Premium CBD","robots":{"index":"index","follow":"follow","max-snippet":"max-snippet:-1","max-image-preview":"max-image-preview:large","max-video-preview":"max-video-preview:-1"},"canonical":"https:\/\/blumiz.com\/es\/producto\/cbd-softgel-15-mg-x30-herdol\/","og_locale":"es_ES","og_type":"article","og_title":"CBD SOFT GEL 15 mg x30 herdol","og_description":"CBD SOFT GEL 15 mg x30 herdol Blumiz - Premium CBD","og_url":"https:\/\/blumiz.com\/es\/producto\/cbd-softgel-15-mg-x30-herdol\/","og_site_name":"Blumiz - Premium CBD","article_modified_time":"2025-02-11T12:34:10+00:00","og_image":[{"width":600,"height":600,"url":"https:\/\/blumiz.com\/wp-content\/uploads\/2022\/10\/CBD-SOFTGEL-HERDOL-15MG-450MG-BLANC.webp","type":"image\/webp"}],"twitter_card":"summary_large_image","twitter_misc":{"Precio":"19,90&nbsp;&euro;","Disponibilidad":"Disponible"},"schema":{"@context":"https:\/\/schema.org","@graph":[{"@type":"WebPage","@id":"https:\/\/blumiz.com\/es\/producto\/cbd-softgel-15-mg-x30-herdol\/","url":"https:\/\/blumiz.com\/es\/producto\/cbd-softgel-15-mg-x30-herdol\/","name":"CBD SOFT GEL 15 mg x30 herdol - Blumiz - Premium CBD","isPartOf":{"@id":"https:\/\/blumiz.com\/es\/#website"},"primaryImageOfPage":{"@id":"https:\/\/blumiz.com\/es\/producto\/cbd-softgel-15-mg-x30-herdol\/#primaryimage"},"image":{"@id":"https:\/\/blumiz.com\/es\/producto\/cbd-softgel-15-mg-x30-herdol\/#primaryimage"},"thumbnailUrl":"https:\/\/blumiz.com\/wp-content\/uploads\/2022\/10\/CBD-SOFTGEL-HERDOL-15MG-450MG-BLANC.webp","datePublished":"2020-10-07T10:59:17+00:00","dateModified":"2025-02-11T12:34:10+00:00","description":"CBD SOFT GEL 15 mg x30 herdol - Blumiz - Premium CBD","breadcrumb":{"@id":"https:\/\/blumiz.com\/es\/producto\/cbd-softgel-15-mg-x30-herdol\/#breadcrumb"},"inLanguage":"es","potentialAction":[{"@type":"ReadAction","target":["https:\/\/blumiz.com\/es\/producto\/cbd-softgel-15-mg-x30-herdol\/"]}]},{"@type":"ImageObject","inLanguage":"es","@id":"https:\/\/blumiz.com\/es\/producto\/cbd-softgel-15-mg-x30-herdol\/#primaryimage","url":"https:\/\/blumiz.com\/wp-content\/uploads\/2022\/10\/CBD-SOFTGEL-HERDOL-15MG-450MG-BLANC.webp","contentUrl":"https:\/\/blumiz.com\/wp-content\/uploads\/2022\/10\/CBD-SOFTGEL-HERDOL-15MG-450MG-BLANC.webp","width":600,"height":600},{"@type":"BreadcrumbList","@id":"https:\/\/blumiz.com\/es\/producto\/cbd-softgel-15-mg-x30-herdol\/#breadcrumb","itemListElement":[{"@type":"ListItem","position":1,"name":"Blumiz","item":"https:\/\/blumiz.com\/es\/"},{"@type":"ListItem","position":2,"name":"CBD Shop","item":"https:\/\/blumiz.com\/es\/tienda\/"},{"@type":"ListItem","position":3,"name":"Bienestar CBD","item":"https:\/\/blumiz.com\/es\/category\/bienestar-cbd\/"},{"@type":"ListItem","position":4,"name":"Aceites y c\u00e1psulas","item":"https:\/\/blumiz.com\/es\/category\/bienestar-cbd\/aceites-y-capsulas\/"},{"@type":"ListItem","position":5,"name":"CBD SOFT GEL 15 mg x30 herdol"}]},{"@type":"WebSite","@id":"https:\/\/blumiz.com\/es\/#website","url":"https:\/\/blumiz.com\/es\/","name":"Blumiz - Premium CBD","description":"Un CBD al mejor precio y de calidad superior","publisher":{"@id":"https:\/\/blumiz.com\/es\/#organization"},"alternateName":"Blumiz","potentialAction":[{"@type":"SearchAction","target":{"@type":"EntryPoint","urlTemplate":"https:\/\/blumiz.com\/es\/?s={search_term_string}"},"query-input":{"@type":"PropertyValueSpecification","valueRequired":true,"valueName":"search_term_string"}}],"inLanguage":"es"},{"@type":"Organization","@id":"https:\/\/blumiz.com\/es\/#organization","name":"Blumiz CBD","alternateName":"Blumiz","url":"https:\/\/blumiz.com\/es\/","logo":{"@type":"ImageObject","inLanguage":"es","@id":"https:\/\/blumiz.com\/es\/#\/schema\/logo\/image\/","url":"https:\/\/blumiz.com\/wp-content\/uploads\/2026\/02\/cropped-Blumiz-CBD-logo.webp","contentUrl":"https:\/\/blumiz.com\/wp-content\/uploads\/2026\/02\/cropped-Blumiz-CBD-logo.webp","width":2547,"height":778,"caption":"Blumiz CBD"},"image":{"@id":"https:\/\/blumiz.com\/es\/#\/schema\/logo\/image\/"}}]},"product_price_amount":"19.90","product_price_currency":"EUR","og_availability":"instock","product_availability":"instock","product_retailer_item_id":"22-175","product_condition":"new"},"_links":{"self":[{"href":"https:\/\/blumiz.com\/es\/wp-json\/wp\/v2\/product\/11413","targetHints":{"allow":["GET"]}}],"collection":[{"href":"https:\/\/blumiz.com\/es\/wp-json\/wp\/v2\/product"}],"about":[{"href":"https:\/\/blumiz.com\/es\/wp-json\/wp\/v2\/types\/product"}],"replies":[{"embeddable":true,"href":"https:\/\/blumiz.com\/es\/wp-json\/wp\/v2\/comments?post=11413"}],"version-history":[{"count":0,"href":"https:\/\/blumiz.com\/es\/wp-json\/wp\/v2\/product\/11413\/revisions"}],"wp:featuredmedia":[{"embeddable":true,"href":"https:\/\/blumiz.com\/es\/wp-json\/wp\/v2\/media\/10958"}],"wp:attachment":[{"href":"https:\/\/blumiz.com\/es\/wp-json\/wp\/v2\/media?parent=11413"}],"wp:term":[{"taxonomy":"product_brand","embeddable":true,"href":"https:\/\/blumiz.com\/es\/wp-json\/wp\/v2\/product_brand?post=11413"},{"taxonomy":"product_cat","embeddable":true,"href":"https:\/\/blumiz.com\/es\/wp-json\/wp\/v2\/product_cat?post=11413"},{"taxonomy":"product_tag","embeddable":true,"href":"https:\/\/blumiz.com\/es\/wp-json\/wp\/v2\/product_tag?post=11413"}],"curies":[{"name":"wp","href":"https:\/\/api.w.org\/{rel}","templated":true}]}}