{"id":11435,"date":"2020-10-07T12:03:14","date_gmt":"2020-10-07T11:03:14","guid":{"rendered":"https:\/\/blumiz.com\/produkt\/aceite-de-cbd-20-herdol\/"},"modified":"2025-02-11T13:34:26","modified_gmt":"2025-02-11T12:34:26","slug":"cbd-oel-20-herdol","status":"publish","type":"product","link":"https:\/\/blumiz.com\/es\/producto\/cbd-oel-20-herdol\/","title":{"rendered":"ACEITE DE CBD 20 % herdol"},"content":{"rendered":"<h2>ACEITE DE CBD ORG\u00c1NICO &#8211; 20% CONCENTRADO &#8211; CALIDAD SUPERIOR<\/h2>\n<h3>El aceite de CBD ayuda con la ansiedad, la depresi\u00f3n, el acn\u00e9 y las enfermedades card\u00edacas.<\/h3>\n<p>El CBD se ha estudiado por su posible papel en el tratamiento de muchos problemas de salud comunes. Para las personas con c\u00e1ncer, puede ser incluso una alternativa natural para aliviar el dolor y los s\u00edntomas.<\/p>\n<p>La investigaci\u00f3n sobre los posibles beneficios para la salud del aceite de CBD est\u00e1 en curso, por lo que seguramente se descubrir\u00e1n nuevos usos terap\u00e9uticos de este remedio natural.<\/p>\n<p>&nbsp;<\/p>\n<h3>Relajante y calmante, herdol ha desarrollado aceites sublinguales de espectro completo 100 % naturales.<\/h3>\n<p>&nbsp;<\/p>\n<p>Aunque a\u00fan queda mucho por aprender sobre la eficacia y seguridad del CBD, los resultados de estudios recientes sugieren que puede ser un tratamiento natural seguro y eficaz para muchos problemas de salud. El aceite de CBD se elabora extrayendo en fr\u00edo los cannabinoides de la planta de cannabis y diluy\u00e9ndolos despu\u00e9s con un aceite portador como el de coco o el de semillas de c\u00e1\u00f1amo.<\/p>\n<p>La ventaja del aceite de c\u00e1\u00f1amo es que tiene muchas propiedades. De hecho, el aceite de c\u00e1\u00f1amo es rico en vitamina E, OMEGA 6 y 3. Todos nuestros aceites est\u00e1n hechos de un % de CBD con un sabor natural a c\u00e1\u00f1amo que var\u00eda seg\u00fan sus necesidades y deseos.<\/p>\n<p>Aprovecha al m\u00e1ximo los beneficios del CBD: Para utilizar eficazmente los beneficios del CBD, debes seguir unas instrucciones muy espec\u00edficas. Aseg\u00farese de estar en ayunas 10 minutos antes y despu\u00e9s de tomar el medicamento. Deja actuar el aceite de CBD durante 90 segundos para que pueda tener los mejores efectos en tu organismo.<\/p>\n<h3>Un anti&#8230;<\/h3>\n<p><strong>Antiinflamatorio<\/strong>: El CBD ayuda a reducir la inflamaci\u00f3n. Gracias a los \u00e1cidos grasos omega-3, el aceite de c\u00e1\u00f1amo CBD ayuda a reducir los niveles de colesterol, fortalece el sistema inmunol\u00f3gico y protege el coraz\u00f3n.<\/p>\n<p><strong>Ansiol\u00edtico<\/strong>: El CBD regula los cambios de humor y ayuda a aliviar la depresi\u00f3n estimulando y liberando serotonina y dopamina.<\/p>\n<p><strong>Antipsic\u00f3ticos<\/strong>: Se ha investigado mucho sobre las personas con psicosis. Los investigadores pudieron demostrar que el CBD se dirige con precisi\u00f3n a una parte del cerebro implicada en las psicosis.<\/p>\n<p><strong>Antioxidante<\/strong>: El CBD es un excelente antioxidante, evita que los radicales libres se unan y causen problemas en la piel, como el envejecimiento prematuro debido al estr\u00e9s oxidativo o la aparici\u00f3n de ciertas patolog\u00edas. Todos tenemos antioxidantes naturales para combatir estas complicaciones, pero es importante potenciarlos, especialmente con la ayuda del CBD.<\/p>\n<p><strong>Capacidad<\/strong>: 200 gotas de aceite por frasco de 10 ml.<\/p>\n<h3>INFORMACI\u00d3N Y COMPOSICI\u00d3N:<\/h3>\n<p>Ingredientes: Aceite de c\u00e1\u00f1amo, extracto de Cannabis sativa L., rico en cannabidiol (CBD).<\/p>\n<p>Recomendaci\u00f3n: 1 a 3 gotas de 1 a 3 veces al d\u00eda<\/p>\n<p>M\u00e9todo de extracci\u00f3n: CO2 supercr\u00edtico Aceite certificado: aceite de c\u00e1\u00f1amo certificado Label AB Consumo: 100 % vegetal, 100 % natural, 100 % vegano<\/p>\n<p>Capacidad: 10 ml<\/p>\n<p>Tipo de CBD: espectro total \/ espectro completo<\/p>\n<p>Concentraci\u00f3n de cannabinoides: 20 % \/ 2000 mg \/ Concentraci\u00f3n de CBD en una gota: 20 mg de CBD<\/p>\n<p>N\u00famero de gotas por frasco: 200<\/p>\n<p>Fabricado en Francia<\/p>\n","protected":false},"excerpt":{"rendered":"<h2>Aceite de CBD 20 % org\u00e1nico &#8211; 10 ml<\/h2>\n<ul>\n<li>Espectro completo, contiene CBD y otros cannabinoides<\/li>\n<li>Probado en laboratorio. Garantizado sin THC<\/li>\n<li>Frasco de 10 ml con pipeta<\/li>\n<li>Una gota de aceite de CBD contiene 10 mg de CBD<\/li>\n<li>El contenido unas 200 gotas<\/li>\n<li>1 a 3 gotas de 1 a 3 veces al d\u00eda<\/li>\n<\/ul>\n","protected":false},"featured_media":10404,"comment_status":"open","ping_status":"closed","template":"","meta":{"site-sidebar-layout":"default","site-content-layout":"default","ast-site-content-layout":"default","site-content-style":"default","site-sidebar-style":"default","ast-global-header-display":"","ast-banner-title-visibility":"","ast-main-header-display":"","ast-hfb-above-header-display":"","ast-hfb-below-header-display":"","ast-hfb-mobile-header-display":"","site-post-title":"","ast-breadcrumbs-content":"","ast-featured-img":"","footer-sml-layout":"","ast-disable-related-posts":"","theme-transparent-header-meta":"default","adv-header-id-meta":"","stick-header-meta":"default","header-above-stick-meta":"","header-main-stick-meta":"","header-below-stick-meta":"","astra-migrate-meta-layouts":"default","ast-page-background-enabled":"default","ast-page-background-meta":{"desktop":{"background-color":"","background-image":"","background-repeat":"repeat","background-position":"center center","background-size":"auto","background-attachment":"scroll","background-type":"","background-media":"","overlay-type":"","overlay-color":"","overlay-opacity":"","overlay-gradient":""},"tablet":{"background-color":"","background-image":"","background-repeat":"repeat","background-position":"center center","background-size":"auto","background-attachment":"scroll","background-type":"","background-media":"","overlay-type":"","overlay-color":"","overlay-opacity":"","overlay-gradient":""},"mobile":{"background-color":"","background-image":"","background-repeat":"repeat","background-position":"center center","background-size":"auto","background-attachment":"scroll","background-type":"","background-media":"","overlay-type":"","overlay-color":"","overlay-opacity":"","overlay-gradient":""}},"ast-content-background-meta":{"desktop":{"background-color":"var(--ast-global-color-5)","background-image":"","background-repeat":"repeat","background-position":"center center","background-size":"auto","background-attachment":"scroll","background-type":"","background-media":"","overlay-type":"","overlay-color":"","overlay-opacity":"","overlay-gradient":""},"tablet":{"background-color":"var(--ast-global-color-5)","background-image":"","background-repeat":"repeat","background-position":"center center","background-size":"auto","background-attachment":"scroll","background-type":"","background-media":"","overlay-type":"","overlay-color":"","overlay-opacity":"","overlay-gradient":""},"mobile":{"background-color":"var(--ast-global-color-5)","background-image":"","background-repeat":"repeat","background-position":"center center","background-size":"auto","background-attachment":"scroll","background-type":"","background-media":"","overlay-type":"","overlay-color":"","overlay-opacity":"","overlay-gradient":""}}},"product_brand":[],"product_cat":[273,271,305],"product_tag":[],"class_list":{"0":"post-11435","1":"product","2":"type-product","3":"status-publish","4":"has-post-thumbnail","6":"product_cat-aceites-y-capsulas","7":"product_cat-bienestar-cbd","8":"product_cat-cbd-es","9":"desktop-align-left","10":"tablet-align-center","11":"mobile-align-left","12":"ast-product-gallery-layout-vertical","13":"ast-product-gallery-with-no-image","14":"ast-magnify-disabled","15":"ast-product-tabs-layout-horizontal","17":"first","18":"instock","19":"featured","20":"taxable","21":"shipping-taxable","22":"purchasable","23":"product-type-simple"},"yoast_head":"<!-- This site is optimized with the Yoast SEO Premium plugin v27.2 (Yoast SEO v27.5) - https:\/\/yoast.com\/product\/yoast-seo-premium-wordpress\/ -->\n<title>ACEITE DE CBD 20 % herdol - Blumiz - Premium CBD<\/title>\n<meta name=\"description\" content=\"ACEITE DE CBD 20 % herdol - Blumiz - Premium CBD\" \/>\n<meta name=\"robots\" content=\"index, follow, max-snippet:-1, max-image-preview:large, max-video-preview:-1\" \/>\n<link rel=\"canonical\" href=\"https:\/\/blumiz.com\/es\/producto\/cbd-oel-20-herdol\/\" \/>\n<meta property=\"og:locale\" content=\"es_ES\" \/>\n<meta property=\"og:type\" content=\"article\" \/>\n<meta property=\"og:title\" content=\"ACEITE DE CBD 20 % herdol\" \/>\n<meta property=\"og:description\" content=\"ACEITE DE CBD 20 % herdol Blumiz - Premium CBD\" \/>\n<meta property=\"og:url\" content=\"https:\/\/blumiz.com\/es\/producto\/cbd-oel-20-herdol\/\" \/>\n<meta property=\"og:site_name\" content=\"Blumiz - Premium CBD\" \/>\n<meta property=\"article:modified_time\" content=\"2025-02-11T12:34:26+00:00\" \/>\n<meta property=\"og:image\" content=\"https:\/\/blumiz.com\/wp-content\/uploads\/2022\/08\/CBD-OIL-20-HERDOL.webp\" \/>\n\t<meta property=\"og:image:width\" content=\"600\" \/>\n\t<meta property=\"og:image:height\" content=\"600\" \/>\n\t<meta property=\"og:image:type\" content=\"image\/webp\" \/>\n<meta name=\"twitter:card\" content=\"summary_large_image\" \/>\n<meta name=\"twitter:label1\" content=\"Precio\" \/>\n\t<meta name=\"twitter:data1\" content=\"36,90&nbsp;&euro;\" \/>\n\t<meta name=\"twitter:label2\" content=\"Disponibilidad\" \/>\n\t<meta name=\"twitter:data2\" content=\"Disponible\" \/>\n<script type=\"application\/ld+json\" class=\"yoast-schema-graph\">{\"@context\":\"https:\\\/\\\/schema.org\",\"@graph\":[{\"@type\":\"WebPage\",\"@id\":\"https:\\\/\\\/blumiz.com\\\/es\\\/producto\\\/cbd-oel-20-herdol\\\/\",\"url\":\"https:\\\/\\\/blumiz.com\\\/es\\\/producto\\\/cbd-oel-20-herdol\\\/\",\"name\":\"ACEITE DE CBD 20 % herdol - Blumiz - Premium CBD\",\"isPartOf\":{\"@id\":\"https:\\\/\\\/blumiz.com\\\/es\\\/#website\"},\"primaryImageOfPage\":{\"@id\":\"https:\\\/\\\/blumiz.com\\\/es\\\/producto\\\/cbd-oel-20-herdol\\\/#primaryimage\"},\"image\":{\"@id\":\"https:\\\/\\\/blumiz.com\\\/es\\\/producto\\\/cbd-oel-20-herdol\\\/#primaryimage\"},\"thumbnailUrl\":\"https:\\\/\\\/blumiz.com\\\/wp-content\\\/uploads\\\/2022\\\/08\\\/CBD-OIL-20-HERDOL.webp\",\"datePublished\":\"2020-10-07T11:03:14+00:00\",\"dateModified\":\"2025-02-11T12:34:26+00:00\",\"description\":\"ACEITE DE CBD 20 % herdol - Blumiz - Premium CBD\",\"breadcrumb\":{\"@id\":\"https:\\\/\\\/blumiz.com\\\/es\\\/producto\\\/cbd-oel-20-herdol\\\/#breadcrumb\"},\"inLanguage\":\"es\",\"potentialAction\":[{\"@type\":\"ReadAction\",\"target\":[\"https:\\\/\\\/blumiz.com\\\/es\\\/producto\\\/cbd-oel-20-herdol\\\/\"]}]},{\"@type\":\"ImageObject\",\"inLanguage\":\"es\",\"@id\":\"https:\\\/\\\/blumiz.com\\\/es\\\/producto\\\/cbd-oel-20-herdol\\\/#primaryimage\",\"url\":\"https:\\\/\\\/blumiz.com\\\/wp-content\\\/uploads\\\/2022\\\/08\\\/CBD-OIL-20-HERDOL.webp\",\"contentUrl\":\"https:\\\/\\\/blumiz.com\\\/wp-content\\\/uploads\\\/2022\\\/08\\\/CBD-OIL-20-HERDOL.webp\",\"width\":600,\"height\":600},{\"@type\":\"BreadcrumbList\",\"@id\":\"https:\\\/\\\/blumiz.com\\\/es\\\/producto\\\/cbd-oel-20-herdol\\\/#breadcrumb\",\"itemListElement\":[{\"@type\":\"ListItem\",\"position\":1,\"name\":\"Blumiz\",\"item\":\"https:\\\/\\\/blumiz.com\\\/es\\\/\"},{\"@type\":\"ListItem\",\"position\":2,\"name\":\"CBD Shop\",\"item\":\"https:\\\/\\\/blumiz.com\\\/es\\\/tienda\\\/\"},{\"@type\":\"ListItem\",\"position\":3,\"name\":\"Bienestar CBD\",\"item\":\"https:\\\/\\\/blumiz.com\\\/es\\\/category\\\/bienestar-cbd\\\/\"},{\"@type\":\"ListItem\",\"position\":4,\"name\":\"Aceites y c\u00e1psulas\",\"item\":\"https:\\\/\\\/blumiz.com\\\/es\\\/category\\\/bienestar-cbd\\\/aceites-y-capsulas\\\/\"},{\"@type\":\"ListItem\",\"position\":5,\"name\":\"ACEITE DE CBD 20 % herdol\"}]},{\"@type\":\"WebSite\",\"@id\":\"https:\\\/\\\/blumiz.com\\\/es\\\/#website\",\"url\":\"https:\\\/\\\/blumiz.com\\\/es\\\/\",\"name\":\"Blumiz - Premium CBD\",\"description\":\"Un CBD al mejor precio y de calidad superior\",\"publisher\":{\"@id\":\"https:\\\/\\\/blumiz.com\\\/es\\\/#organization\"},\"alternateName\":\"Blumiz\",\"potentialAction\":[{\"@type\":\"SearchAction\",\"target\":{\"@type\":\"EntryPoint\",\"urlTemplate\":\"https:\\\/\\\/blumiz.com\\\/es\\\/?s={search_term_string}\"},\"query-input\":{\"@type\":\"PropertyValueSpecification\",\"valueRequired\":true,\"valueName\":\"search_term_string\"}}],\"inLanguage\":\"es\"},{\"@type\":\"Organization\",\"@id\":\"https:\\\/\\\/blumiz.com\\\/es\\\/#organization\",\"name\":\"Blumiz CBD\",\"alternateName\":\"Blumiz\",\"url\":\"https:\\\/\\\/blumiz.com\\\/es\\\/\",\"logo\":{\"@type\":\"ImageObject\",\"inLanguage\":\"es\",\"@id\":\"https:\\\/\\\/blumiz.com\\\/es\\\/#\\\/schema\\\/logo\\\/image\\\/\",\"url\":\"https:\\\/\\\/blumiz.com\\\/wp-content\\\/uploads\\\/2026\\\/02\\\/cropped-Blumiz-CBD-logo.webp\",\"contentUrl\":\"https:\\\/\\\/blumiz.com\\\/wp-content\\\/uploads\\\/2026\\\/02\\\/cropped-Blumiz-CBD-logo.webp\",\"width\":2547,\"height\":778,\"caption\":\"Blumiz CBD\"},\"image\":{\"@id\":\"https:\\\/\\\/blumiz.com\\\/es\\\/#\\\/schema\\\/logo\\\/image\\\/\"}}]}<\/script>\n<meta property=\"product:price:amount\" content=\"36.90\" \/>\n<meta property=\"product:price:currency\" content=\"EUR\" \/>\n<meta property=\"og:availability\" content=\"instock\" \/>\n<meta property=\"product:availability\" content=\"instock\" \/>\n<meta property=\"product:retailer_item_id\" content=\"528497\" \/>\n<meta property=\"product:condition\" content=\"new\" \/>\n<!-- \/ Yoast SEO Premium plugin. -->","yoast_head_json":{"title":"ACEITE DE CBD 20 % herdol - Blumiz - Premium CBD","description":"ACEITE DE CBD 20 % herdol - Blumiz - Premium CBD","robots":{"index":"index","follow":"follow","max-snippet":"max-snippet:-1","max-image-preview":"max-image-preview:large","max-video-preview":"max-video-preview:-1"},"canonical":"https:\/\/blumiz.com\/es\/producto\/cbd-oel-20-herdol\/","og_locale":"es_ES","og_type":"article","og_title":"ACEITE DE CBD 20 % herdol","og_description":"ACEITE DE CBD 20 % herdol Blumiz - Premium CBD","og_url":"https:\/\/blumiz.com\/es\/producto\/cbd-oel-20-herdol\/","og_site_name":"Blumiz - Premium CBD","article_modified_time":"2025-02-11T12:34:26+00:00","og_image":[{"width":600,"height":600,"url":"https:\/\/blumiz.com\/wp-content\/uploads\/2022\/08\/CBD-OIL-20-HERDOL.webp","type":"image\/webp"}],"twitter_card":"summary_large_image","twitter_misc":{"Precio":"36,90&nbsp;&euro;","Disponibilidad":"Disponible"},"schema":{"@context":"https:\/\/schema.org","@graph":[{"@type":"WebPage","@id":"https:\/\/blumiz.com\/es\/producto\/cbd-oel-20-herdol\/","url":"https:\/\/blumiz.com\/es\/producto\/cbd-oel-20-herdol\/","name":"ACEITE DE CBD 20 % herdol - Blumiz - Premium CBD","isPartOf":{"@id":"https:\/\/blumiz.com\/es\/#website"},"primaryImageOfPage":{"@id":"https:\/\/blumiz.com\/es\/producto\/cbd-oel-20-herdol\/#primaryimage"},"image":{"@id":"https:\/\/blumiz.com\/es\/producto\/cbd-oel-20-herdol\/#primaryimage"},"thumbnailUrl":"https:\/\/blumiz.com\/wp-content\/uploads\/2022\/08\/CBD-OIL-20-HERDOL.webp","datePublished":"2020-10-07T11:03:14+00:00","dateModified":"2025-02-11T12:34:26+00:00","description":"ACEITE DE CBD 20 % herdol - Blumiz - Premium CBD","breadcrumb":{"@id":"https:\/\/blumiz.com\/es\/producto\/cbd-oel-20-herdol\/#breadcrumb"},"inLanguage":"es","potentialAction":[{"@type":"ReadAction","target":["https:\/\/blumiz.com\/es\/producto\/cbd-oel-20-herdol\/"]}]},{"@type":"ImageObject","inLanguage":"es","@id":"https:\/\/blumiz.com\/es\/producto\/cbd-oel-20-herdol\/#primaryimage","url":"https:\/\/blumiz.com\/wp-content\/uploads\/2022\/08\/CBD-OIL-20-HERDOL.webp","contentUrl":"https:\/\/blumiz.com\/wp-content\/uploads\/2022\/08\/CBD-OIL-20-HERDOL.webp","width":600,"height":600},{"@type":"BreadcrumbList","@id":"https:\/\/blumiz.com\/es\/producto\/cbd-oel-20-herdol\/#breadcrumb","itemListElement":[{"@type":"ListItem","position":1,"name":"Blumiz","item":"https:\/\/blumiz.com\/es\/"},{"@type":"ListItem","position":2,"name":"CBD Shop","item":"https:\/\/blumiz.com\/es\/tienda\/"},{"@type":"ListItem","position":3,"name":"Bienestar CBD","item":"https:\/\/blumiz.com\/es\/category\/bienestar-cbd\/"},{"@type":"ListItem","position":4,"name":"Aceites y c\u00e1psulas","item":"https:\/\/blumiz.com\/es\/category\/bienestar-cbd\/aceites-y-capsulas\/"},{"@type":"ListItem","position":5,"name":"ACEITE DE CBD 20 % herdol"}]},{"@type":"WebSite","@id":"https:\/\/blumiz.com\/es\/#website","url":"https:\/\/blumiz.com\/es\/","name":"Blumiz - Premium CBD","description":"Un CBD al mejor precio y de calidad superior","publisher":{"@id":"https:\/\/blumiz.com\/es\/#organization"},"alternateName":"Blumiz","potentialAction":[{"@type":"SearchAction","target":{"@type":"EntryPoint","urlTemplate":"https:\/\/blumiz.com\/es\/?s={search_term_string}"},"query-input":{"@type":"PropertyValueSpecification","valueRequired":true,"valueName":"search_term_string"}}],"inLanguage":"es"},{"@type":"Organization","@id":"https:\/\/blumiz.com\/es\/#organization","name":"Blumiz CBD","alternateName":"Blumiz","url":"https:\/\/blumiz.com\/es\/","logo":{"@type":"ImageObject","inLanguage":"es","@id":"https:\/\/blumiz.com\/es\/#\/schema\/logo\/image\/","url":"https:\/\/blumiz.com\/wp-content\/uploads\/2026\/02\/cropped-Blumiz-CBD-logo.webp","contentUrl":"https:\/\/blumiz.com\/wp-content\/uploads\/2026\/02\/cropped-Blumiz-CBD-logo.webp","width":2547,"height":778,"caption":"Blumiz CBD"},"image":{"@id":"https:\/\/blumiz.com\/es\/#\/schema\/logo\/image\/"}}]},"product_price_amount":"36.90","product_price_currency":"EUR","og_availability":"instock","product_availability":"instock","product_retailer_item_id":"528497","product_condition":"new"},"_links":{"self":[{"href":"https:\/\/blumiz.com\/es\/wp-json\/wp\/v2\/product\/11435","targetHints":{"allow":["GET"]}}],"collection":[{"href":"https:\/\/blumiz.com\/es\/wp-json\/wp\/v2\/product"}],"about":[{"href":"https:\/\/blumiz.com\/es\/wp-json\/wp\/v2\/types\/product"}],"replies":[{"embeddable":true,"href":"https:\/\/blumiz.com\/es\/wp-json\/wp\/v2\/comments?post=11435"}],"version-history":[{"count":0,"href":"https:\/\/blumiz.com\/es\/wp-json\/wp\/v2\/product\/11435\/revisions"}],"wp:featuredmedia":[{"embeddable":true,"href":"https:\/\/blumiz.com\/es\/wp-json\/wp\/v2\/media\/10404"}],"wp:attachment":[{"href":"https:\/\/blumiz.com\/es\/wp-json\/wp\/v2\/media?parent=11435"}],"wp:term":[{"taxonomy":"product_brand","embeddable":true,"href":"https:\/\/blumiz.com\/es\/wp-json\/wp\/v2\/product_brand?post=11435"},{"taxonomy":"product_cat","embeddable":true,"href":"https:\/\/blumiz.com\/es\/wp-json\/wp\/v2\/product_cat?post=11435"},{"taxonomy":"product_tag","embeddable":true,"href":"https:\/\/blumiz.com\/es\/wp-json\/wp\/v2\/product_tag?post=11435"}],"curies":[{"name":"wp","href":"https:\/\/api.w.org\/{rel}","templated":true}]}}