{"id":11441,"date":"2020-09-13T14:17:03","date_gmt":"2020-09-13T13:17:03","guid":{"rendered":"https:\/\/blumiz.com\/produkt\/white-widow-flores-cbd-13\/"},"modified":"2025-02-06T21:39:26","modified_gmt":"2025-02-06T20:39:26","slug":"white-widow-cbd","status":"publish","type":"product","link":"https:\/\/blumiz.com\/es\/producto\/white-widow-cbd\/","title":{"rendered":"White Widow &#8211; Flores CBD 13%"},"content":{"rendered":"<h2><span style=\"color: #107d85;\">Marihuana CBD-Bud White Widow Greenhouse 13%.<\/span><\/h2>\n<h4 class=\"h2\"><span style=\"color: #ff6600; font-size: 20.799999px;\">El origen de la variedad White Widow CBD<\/span><\/h4>\n<div>\n<p>Resultado de un cruce gen\u00e9tico entre las variedades The White y Widow, White Widow es una <strong>variedad h\u00edbrida potente y sabrosa<\/strong>. Muy apreciada por sus <strong>aromas penetrantes y terrosos<\/strong>, la White Widow es a la vez <strong>amaderada, dulce y especiada<\/strong>. Debido a su composici\u00f3n gen\u00e9tica, White Widow tiene una <strong>alta concentraci\u00f3n de CBD del 13%.<\/strong> Tambi\u00e9n conocida como &#8220;WiFi OF&#8221;, esta variedad de cannabis combina los numerosos beneficios de sus 2 padres.<\/p>\n<p>Cultivadas por profesionales que respetan las normas europeas vigentes, estas flores de CBD White Widow est\u00e1n completamente libres de THC (tetrahidrocannabinol), la mol\u00e9cula responsable de los efectos psicoactivos del cannabis. Adem\u00e1s, cada brote se somete a un riguroso proceso de selecci\u00f3n antes de present\u00e1rselo. De este modo, tiene la garant\u00eda de recibir flores de CBD legales de primera calidad que no son perjudiciales para la salud. Por el contrario, con esta flor White Fire OG y su 13% de CBD, s\u00f3lo se te ofrecen los <strong>efectos positivos del cannabis terap\u00e9utico<\/strong>.<\/p>\n<h4><span style=\"color: #ff6600;\">El efecto relajante de la variedad White Widow<\/span><\/h4>\n<p>Esta variedad White Widow tiene un <strong>alto contenido en CBD<\/strong> y una <b>herencia<\/b> <strong>sativa <\/strong>(40%) e <b>\u00edndica<\/b> (60%), lo que la hace especialmente <strong>estimulante<\/strong> a nivel <strong>cerebral<\/strong>.  Ideal para deshacerse del estr\u00e9s y la ansiedad. White Widow te ayuda a pasar los d\u00edas con la mente mucho m\u00e1s ligera. Esto significa que no te sentir\u00e1s cansado ni excesivamente euf\u00f3rico cuando consumas CBD. A diferencia del THC, el CBD no provoca ese efecto de &#8220;coloc\u00f3n&#8221; que te hace cualquier cosa menos productivo.<\/p>\n<p>Con el CBD simplemente est\u00e1s <strong>m\u00e1s alegre y de buen humor<\/strong>, porque el <strong>dolor f\u00edsico y la tensi\u00f3n mental se disuelven<\/strong> durante unas horas. Aunque la flor White Widow CBD es estimulante, puedes consumirla muy bien al final del d\u00eda para <strong>combatir el insomnio y disfrutar de un sue\u00f1o reparador<\/strong>. De nuevo, el CBD no act\u00faa como sedante, sino como regulador que restablece el equilibrio de tu sistema endocannabinoide.<\/p>\n<h4><span style=\"color: #ff6600;\">El perfume de la viuda blanca<\/span><\/h4>\n<p>El aroma de la Viuda Blanca se caracteriza por <strong>notas terrosas, picantes y dulces<\/strong>. <strong>Sabores aut\u00e9nticos y con car\u00e1cter<\/strong> que atraen a la mayor\u00eda de los amantes del c\u00e1\u00f1amo.  Para disfrutar de tu White Widow de forma saludable, puedes preparar <strong>platos e infusiones a base de CBD<\/strong>. Para preparar una infusi\u00f3n de CBD, todo lo que necesitas es un poco de grasa, agua hirviendo y flores de White Widow desmenuzadas como t\u00e9. Si prefieres el m\u00e9todo m\u00e1s tradicional de<strong> inhalaci\u00f3n<\/strong>, siempre puedes invertir en un vaporizador de alta calidad para disfrutar de una <strong>fumada fresca y controlada de White Widow<\/strong>.<\/p>\n<p>\u00bfBusca otras variedades a buen precio? Tambi\u00e9n te recomendamos que pruebes nuestro <a href=\"https:\/\/blumiz.com\/producto\/trim-cbd-indoor-mix-7\/\">TRIM<\/a> o nuestro <a href=\"https:\/\/blumiz.com\/producto\/cbd-small-bud-indoor-mix-9\/\">Small buds Mix Indoor<\/a>.<\/p>\n<p>Si buscas una variedad de la m\u00e1xima calidad, te recomendamos <a href=\"https:\/\/blumiz.com\/producto\/ivory-cbd\/\">Ivory<\/a>, <a href=\"https:\/\/blumiz.com\/producto\/mango-kush-cbd\/\">Mango Kush<\/a> o <a href=\"https:\/\/blumiz.com\/producto\/amnesia-cbd\/\">Amnesia<\/a>.<\/p>\n<h4><span style=\"color: #ff6600;\">Cultivo de la variedad White Widow<\/span><\/h4>\n<p>Estas plantas se producen en interiores, exteriores e invernaderos. El cultivo en interior permite estabilizar la utilidad de la planta y la calidad del cogollo.<\/p>\n<h4><span style=\"color: #ff6600;\">Una flor de cbd con un aroma embriagador que recuerda a la naturaleza<\/span><\/h4>\n<p>La White Widow CBD de flores de invernadero es muy popular por su aroma \u00fanico que te ofrece una hermosa experiencia gustativa gracias a su sabor ambarino, nota de incienso y peque\u00f1os toques de lim\u00f3n y frutas ex\u00f3ticas. Recuerda a hermosos paseos por el bosque con olor a tierra y pino. Un aroma a la vez picante y dulce que har\u00e1 las delicias de los gourmets.<\/p>\n<p>Se cultiva en invernadero para preservar todos los aromas y terpenos de la flor del c\u00e1\u00f1amo. Bajo en CBD, con una concentraci\u00f3n del 13%, est\u00e1 dirigido tanto a consumidores principiantes como experimentados. Esta variedad de Flores CBD combina todos los beneficios del cannabidiol. Calma, relajaci\u00f3n y descanso te esperan sin los efectos psicoactivos o adictivos del THC, ya que esta flor CBD est\u00e1 libre de \u00e9l. Diga adi\u00f3s al estr\u00e9s<\/p>\n<h4><span style=\"color: #ff6600;\">Nuestra <a style=\"color: #ff6600;\" href=\"\/?product_cat=cbd-blueten\">Flores CBD<\/a> es sin\u00f3nimo de altos est\u00e1ndares de calidad y productos seleccionados a mano<\/span><\/h4>\n<p>Flores CBD est\u00e1n disponibles en diferentes sabores y concentraciones de CBD. Nuestras Flores CBD se someten a estrictos criterios externos de calidad. Se venden como materias primas y no contienen aditivos qu\u00edmicos ni impurezas.<\/p>\n<p>Descubra aqu\u00ed tambi\u00e9n nuestro <a href=\"https:\/\/blumiz.com\/es\/category\/hachis-y-concentrados\/\">CBD Hachis<\/a><\/p>\n<p>Una pregunta, \u00bfnecesitas ayuda?  <a href=\"https:\/\/blumiz.com\/hilfe-und-faqs\/\">Haga clic aqu\u00ed para descubrir nuestro centro de ayuda.<\/a><\/p>\n<p>Descubre nuestros <a href=\"https:\/\/blumiz.com\/es\/category\/headshop-es\/\">productos y accesorios Headshop<\/a> para disfrutar de tus variedades favoritas<\/p>\n<h4><span style=\"color: #ff6600;\">Hacer un pedido a Blumiz significa:<\/span><\/h4>\n<p>&#8211; Entrega r\u00e1pida, discreta e inodora<br \/>\n&#8211; Productos de calidad y certificados por laboratorios<br \/>\n&#8211; Precios inmejorables, ya que fabricamos nuestros propios productos<\/p>\n<\/div>\n","protected":false},"excerpt":{"rendered":"<h4><span style=\"color: #107d85;\">Marihuana CBD-Bud White Widow Greenhouse 13%.<\/span><\/h4>\n<p>La famosa variedad floral CBD con aromas a \u00e1mbar, incienso y lim\u00f3n.<\/p>\n<p>Uno de nuestros favoritos. Nos encanta su aspecto elegante, con sus cogollos verde oscuro, tanto como su at\u00edpico sabor ambarino, emparejado con notas de lim\u00f3n, incienso y frutas ex\u00f3ticas. Una fragancia \u00fanica que despertar\u00e1 todos sus sentidos y le recordar\u00e1 a la Madre Naturaleza en todo su esplendor.<\/p>\n<p>&nbsp;<\/p>\n","protected":false},"featured_media":10393,"comment_status":"open","ping_status":"closed","template":"","meta":{"site-sidebar-layout":"default","site-content-layout":"default","ast-site-content-layout":"default","site-content-style":"default","site-sidebar-style":"default","ast-global-header-display":"","ast-banner-title-visibility":"","ast-main-header-display":"","ast-hfb-above-header-display":"","ast-hfb-below-header-display":"","ast-hfb-mobile-header-display":"","site-post-title":"","ast-breadcrumbs-content":"","ast-featured-img":"","footer-sml-layout":"","ast-disable-related-posts":"","theme-transparent-header-meta":"default","adv-header-id-meta":"","stick-header-meta":"default","header-above-stick-meta":"","header-main-stick-meta":"","header-below-stick-meta":"","astra-migrate-meta-layouts":"default","ast-page-background-enabled":"default","ast-page-background-meta":{"desktop":{"background-color":"","background-image":"","background-repeat":"repeat","background-position":"center center","background-size":"auto","background-attachment":"scroll","background-type":"","background-media":"","overlay-type":"","overlay-color":"","overlay-opacity":"","overlay-gradient":""},"tablet":{"background-color":"","background-image":"","background-repeat":"repeat","background-position":"center center","background-size":"auto","background-attachment":"scroll","background-type":"","background-media":"","overlay-type":"","overlay-color":"","overlay-opacity":"","overlay-gradient":""},"mobile":{"background-color":"","background-image":"","background-repeat":"repeat","background-position":"center center","background-size":"auto","background-attachment":"scroll","background-type":"","background-media":"","overlay-type":"","overlay-color":"","overlay-opacity":"","overlay-gradient":""}},"ast-content-background-meta":{"desktop":{"background-color":"var(--ast-global-color-5)","background-image":"","background-repeat":"repeat","background-position":"center center","background-size":"auto","background-attachment":"scroll","background-type":"","background-media":"","overlay-type":"","overlay-color":"","overlay-opacity":"","overlay-gradient":""},"tablet":{"background-color":"var(--ast-global-color-5)","background-image":"","background-repeat":"repeat","background-position":"center center","background-size":"auto","background-attachment":"scroll","background-type":"","background-media":"","overlay-type":"","overlay-color":"","overlay-opacity":"","overlay-gradient":""},"mobile":{"background-color":"var(--ast-global-color-5)","background-image":"","background-repeat":"repeat","background-position":"center center","background-size":"auto","background-attachment":"scroll","background-type":"","background-media":"","overlay-type":"","overlay-color":"","overlay-opacity":"","overlay-gradient":""}}},"product_brand":[],"product_cat":[305,261,270,268],"product_tag":[237,231],"class_list":{"0":"post-11441","1":"product","2":"type-product","3":"status-publish","4":"has-post-thumbnail","6":"product_cat-cbd-es","7":"product_cat-flores-cbd","8":"product_cat-flores-cbd-baratas","9":"product_cat-greenhouse-flores-cbd","10":"product_tag-flores-cbd-baratas","11":"product_tag-greenhouse-cbd-es","12":"pa_cbd-rate-10-a-20-cbd-es","13":"pa_kategorie-flores-de-cbd-baratas","14":"pa_kategorie-greenhouse-cbd-es","15":"desktop-align-left","16":"tablet-align-center","17":"mobile-align-left","18":"ast-product-gallery-layout-vertical","19":"ast-magnify-disabled","20":"ast-product-single-variable","21":"ast-product-tabs-layout-horizontal","23":"first","24":"instock","25":"taxable","26":"shipping-taxable","27":"purchasable","28":"product-type-variable"},"yoast_head":"<!-- This site is optimized with the Yoast SEO Premium plugin v27.2 (Yoast SEO v27.3) - https:\/\/yoast.com\/product\/yoast-seo-premium-wordpress\/ -->\n<title>White Widow CBD 13% A partir de 2,30\u20ac\/g Cannabis legal en Espa\u00f1a<\/title>\n<meta name=\"description\" content=\"White Widow CBD 13% Greenhouse Desde 2,30\u20ac\/g Cannabis legal en Espa\u00f1a... Variedad de olor fuerte y apreciada por su calidad y precio\" \/>\n<meta name=\"robots\" content=\"index, follow, max-snippet:-1, max-image-preview:large, max-video-preview:-1\" \/>\n<link rel=\"canonical\" href=\"https:\/\/blumiz.com\/es\/producto\/white-widow-cbd\/\" \/>\n<meta property=\"og:locale\" content=\"es_ES\" \/>\n<meta property=\"og:type\" content=\"article\" \/>\n<meta property=\"og:title\" content=\"White Widow - Flores CBD 13%\" \/>\n<meta property=\"og:description\" content=\"White Widow - Flores CBD 13% Blumiz - Premium CBD\" \/>\n<meta property=\"og:url\" content=\"https:\/\/blumiz.com\/es\/producto\/white-widow-cbd\/\" \/>\n<meta property=\"og:site_name\" content=\"Blumiz - Premium CBD\" \/>\n<meta property=\"article:modified_time\" content=\"2025-02-06T20:39:26+00:00\" \/>\n<meta property=\"og:image\" content=\"https:\/\/blumiz.com\/wp-content\/uploads\/2022\/08\/WALTER-WHITE-BAG-BLUMIZ.webp\" \/>\n\t<meta property=\"og:image:width\" content=\"600\" \/>\n\t<meta property=\"og:image:height\" content=\"600\" \/>\n\t<meta property=\"og:image:type\" content=\"image\/webp\" \/>\n<meta name=\"twitter:card\" content=\"summary_large_image\" \/>\n<meta name=\"twitter:label1\" content=\"Disponibilidad\" \/>\n\t<meta name=\"twitter:data1\" content=\"Disponible\" \/>\n<script type=\"application\/ld+json\" class=\"yoast-schema-graph\">{\"@context\":\"https:\\\/\\\/schema.org\",\"@graph\":[{\"@type\":\"WebPage\",\"@id\":\"https:\\\/\\\/blumiz.com\\\/es\\\/producto\\\/white-widow-cbd\\\/\",\"url\":\"https:\\\/\\\/blumiz.com\\\/es\\\/producto\\\/white-widow-cbd\\\/\",\"name\":\"White Widow CBD 13% A partir de 2,30\u20ac\\\/g Cannabis legal en Espa\u00f1a\",\"isPartOf\":{\"@id\":\"https:\\\/\\\/blumiz.com\\\/es\\\/#website\"},\"primaryImageOfPage\":{\"@id\":\"https:\\\/\\\/blumiz.com\\\/es\\\/producto\\\/white-widow-cbd\\\/#primaryimage\"},\"image\":{\"@id\":\"https:\\\/\\\/blumiz.com\\\/es\\\/producto\\\/white-widow-cbd\\\/#primaryimage\"},\"thumbnailUrl\":\"https:\\\/\\\/blumiz.com\\\/wp-content\\\/uploads\\\/2022\\\/08\\\/WALTER-WHITE-BAG-BLUMIZ.webp\",\"datePublished\":\"2020-09-13T13:17:03+00:00\",\"dateModified\":\"2025-02-06T20:39:26+00:00\",\"description\":\"White Widow CBD 13% Greenhouse Desde 2,30\u20ac\\\/g Cannabis legal en Espa\u00f1a... Variedad de olor fuerte y apreciada por su calidad y precio\",\"breadcrumb\":{\"@id\":\"https:\\\/\\\/blumiz.com\\\/es\\\/producto\\\/white-widow-cbd\\\/#breadcrumb\"},\"inLanguage\":\"es\",\"potentialAction\":[{\"@type\":\"ReadAction\",\"target\":[\"https:\\\/\\\/blumiz.com\\\/es\\\/producto\\\/white-widow-cbd\\\/\"]}]},{\"@type\":\"ImageObject\",\"inLanguage\":\"es\",\"@id\":\"https:\\\/\\\/blumiz.com\\\/es\\\/producto\\\/white-widow-cbd\\\/#primaryimage\",\"url\":\"https:\\\/\\\/blumiz.com\\\/wp-content\\\/uploads\\\/2022\\\/08\\\/WALTER-WHITE-BAG-BLUMIZ.webp\",\"contentUrl\":\"https:\\\/\\\/blumiz.com\\\/wp-content\\\/uploads\\\/2022\\\/08\\\/WALTER-WHITE-BAG-BLUMIZ.webp\",\"width\":600,\"height\":600},{\"@type\":\"BreadcrumbList\",\"@id\":\"https:\\\/\\\/blumiz.com\\\/es\\\/producto\\\/white-widow-cbd\\\/#breadcrumb\",\"itemListElement\":[{\"@type\":\"ListItem\",\"position\":1,\"name\":\"Blumiz\",\"item\":\"https:\\\/\\\/blumiz.com\\\/es\\\/\"},{\"@type\":\"ListItem\",\"position\":2,\"name\":\"CBD Shop\",\"item\":\"https:\\\/\\\/blumiz.com\\\/es\\\/tienda\\\/\"},{\"@type\":\"ListItem\",\"position\":3,\"name\":\"Flores CBD\",\"item\":\"https:\\\/\\\/blumiz.com\\\/es\\\/category\\\/flores-cbd\\\/\"},{\"@type\":\"ListItem\",\"position\":4,\"name\":\"White Widow &#8211; Flores CBD 13%\"}]},{\"@type\":\"WebSite\",\"@id\":\"https:\\\/\\\/blumiz.com\\\/es\\\/#website\",\"url\":\"https:\\\/\\\/blumiz.com\\\/es\\\/\",\"name\":\"Blumiz - Premium CBD\",\"description\":\"Un CBD al mejor precio y de calidad superior\",\"publisher\":{\"@id\":\"https:\\\/\\\/blumiz.com\\\/es\\\/#organization\"},\"alternateName\":\"Blumiz\",\"potentialAction\":[{\"@type\":\"SearchAction\",\"target\":{\"@type\":\"EntryPoint\",\"urlTemplate\":\"https:\\\/\\\/blumiz.com\\\/es\\\/?s={search_term_string}\"},\"query-input\":{\"@type\":\"PropertyValueSpecification\",\"valueRequired\":true,\"valueName\":\"search_term_string\"}}],\"inLanguage\":\"es\"},{\"@type\":\"Organization\",\"@id\":\"https:\\\/\\\/blumiz.com\\\/es\\\/#organization\",\"name\":\"Blumiz CBD\",\"alternateName\":\"Blumiz\",\"url\":\"https:\\\/\\\/blumiz.com\\\/es\\\/\",\"logo\":{\"@type\":\"ImageObject\",\"inLanguage\":\"es\",\"@id\":\"https:\\\/\\\/blumiz.com\\\/es\\\/#\\\/schema\\\/logo\\\/image\\\/\",\"url\":\"https:\\\/\\\/blumiz.com\\\/wp-content\\\/uploads\\\/2026\\\/02\\\/cropped-Blumiz-CBD-logo.webp\",\"contentUrl\":\"https:\\\/\\\/blumiz.com\\\/wp-content\\\/uploads\\\/2026\\\/02\\\/cropped-Blumiz-CBD-logo.webp\",\"width\":2547,\"height\":778,\"caption\":\"Blumiz CBD\"},\"image\":{\"@id\":\"https:\\\/\\\/blumiz.com\\\/es\\\/#\\\/schema\\\/logo\\\/image\\\/\"}}]}<\/script>\n<meta property=\"og:availability\" content=\"instock\" \/>\n<meta property=\"product:availability\" content=\"instock\" \/>\n<meta property=\"product:retailer_item_id\" content=\"2175977\" \/>\n<meta property=\"product:condition\" content=\"new\" \/>\n<!-- \/ Yoast SEO Premium plugin. -->","yoast_head_json":{"title":"White Widow CBD 13% A partir de 2,30\u20ac\/g Cannabis legal en Espa\u00f1a","description":"White Widow CBD 13% Greenhouse Desde 2,30\u20ac\/g Cannabis legal en Espa\u00f1a... Variedad de olor fuerte y apreciada por su calidad y precio","robots":{"index":"index","follow":"follow","max-snippet":"max-snippet:-1","max-image-preview":"max-image-preview:large","max-video-preview":"max-video-preview:-1"},"canonical":"https:\/\/blumiz.com\/es\/producto\/white-widow-cbd\/","og_locale":"es_ES","og_type":"article","og_title":"White Widow - Flores CBD 13%","og_description":"White Widow - Flores CBD 13% Blumiz - Premium CBD","og_url":"https:\/\/blumiz.com\/es\/producto\/white-widow-cbd\/","og_site_name":"Blumiz - Premium CBD","article_modified_time":"2025-02-06T20:39:26+00:00","og_image":[{"width":600,"height":600,"url":"https:\/\/blumiz.com\/wp-content\/uploads\/2022\/08\/WALTER-WHITE-BAG-BLUMIZ.webp","type":"image\/webp"}],"twitter_card":"summary_large_image","twitter_misc":{"Disponibilidad":"Disponible"},"schema":{"@context":"https:\/\/schema.org","@graph":[{"@type":"WebPage","@id":"https:\/\/blumiz.com\/es\/producto\/white-widow-cbd\/","url":"https:\/\/blumiz.com\/es\/producto\/white-widow-cbd\/","name":"White Widow CBD 13% A partir de 2,30\u20ac\/g Cannabis legal en Espa\u00f1a","isPartOf":{"@id":"https:\/\/blumiz.com\/es\/#website"},"primaryImageOfPage":{"@id":"https:\/\/blumiz.com\/es\/producto\/white-widow-cbd\/#primaryimage"},"image":{"@id":"https:\/\/blumiz.com\/es\/producto\/white-widow-cbd\/#primaryimage"},"thumbnailUrl":"https:\/\/blumiz.com\/wp-content\/uploads\/2022\/08\/WALTER-WHITE-BAG-BLUMIZ.webp","datePublished":"2020-09-13T13:17:03+00:00","dateModified":"2025-02-06T20:39:26+00:00","description":"White Widow CBD 13% Greenhouse Desde 2,30\u20ac\/g Cannabis legal en Espa\u00f1a... Variedad de olor fuerte y apreciada por su calidad y precio","breadcrumb":{"@id":"https:\/\/blumiz.com\/es\/producto\/white-widow-cbd\/#breadcrumb"},"inLanguage":"es","potentialAction":[{"@type":"ReadAction","target":["https:\/\/blumiz.com\/es\/producto\/white-widow-cbd\/"]}]},{"@type":"ImageObject","inLanguage":"es","@id":"https:\/\/blumiz.com\/es\/producto\/white-widow-cbd\/#primaryimage","url":"https:\/\/blumiz.com\/wp-content\/uploads\/2022\/08\/WALTER-WHITE-BAG-BLUMIZ.webp","contentUrl":"https:\/\/blumiz.com\/wp-content\/uploads\/2022\/08\/WALTER-WHITE-BAG-BLUMIZ.webp","width":600,"height":600},{"@type":"BreadcrumbList","@id":"https:\/\/blumiz.com\/es\/producto\/white-widow-cbd\/#breadcrumb","itemListElement":[{"@type":"ListItem","position":1,"name":"Blumiz","item":"https:\/\/blumiz.com\/es\/"},{"@type":"ListItem","position":2,"name":"CBD Shop","item":"https:\/\/blumiz.com\/es\/tienda\/"},{"@type":"ListItem","position":3,"name":"Flores CBD","item":"https:\/\/blumiz.com\/es\/category\/flores-cbd\/"},{"@type":"ListItem","position":4,"name":"White Widow &#8211; Flores CBD 13%"}]},{"@type":"WebSite","@id":"https:\/\/blumiz.com\/es\/#website","url":"https:\/\/blumiz.com\/es\/","name":"Blumiz - Premium CBD","description":"Un CBD al mejor precio y de calidad superior","publisher":{"@id":"https:\/\/blumiz.com\/es\/#organization"},"alternateName":"Blumiz","potentialAction":[{"@type":"SearchAction","target":{"@type":"EntryPoint","urlTemplate":"https:\/\/blumiz.com\/es\/?s={search_term_string}"},"query-input":{"@type":"PropertyValueSpecification","valueRequired":true,"valueName":"search_term_string"}}],"inLanguage":"es"},{"@type":"Organization","@id":"https:\/\/blumiz.com\/es\/#organization","name":"Blumiz CBD","alternateName":"Blumiz","url":"https:\/\/blumiz.com\/es\/","logo":{"@type":"ImageObject","inLanguage":"es","@id":"https:\/\/blumiz.com\/es\/#\/schema\/logo\/image\/","url":"https:\/\/blumiz.com\/wp-content\/uploads\/2026\/02\/cropped-Blumiz-CBD-logo.webp","contentUrl":"https:\/\/blumiz.com\/wp-content\/uploads\/2026\/02\/cropped-Blumiz-CBD-logo.webp","width":2547,"height":778,"caption":"Blumiz CBD"},"image":{"@id":"https:\/\/blumiz.com\/es\/#\/schema\/logo\/image\/"}}]},"og_availability":"instock","product_availability":"instock","product_retailer_item_id":"2175977","product_condition":"new"},"_links":{"self":[{"href":"https:\/\/blumiz.com\/es\/wp-json\/wp\/v2\/product\/11441","targetHints":{"allow":["GET"]}}],"collection":[{"href":"https:\/\/blumiz.com\/es\/wp-json\/wp\/v2\/product"}],"about":[{"href":"https:\/\/blumiz.com\/es\/wp-json\/wp\/v2\/types\/product"}],"replies":[{"embeddable":true,"href":"https:\/\/blumiz.com\/es\/wp-json\/wp\/v2\/comments?post=11441"}],"version-history":[{"count":0,"href":"https:\/\/blumiz.com\/es\/wp-json\/wp\/v2\/product\/11441\/revisions"}],"wp:featuredmedia":[{"embeddable":true,"href":"https:\/\/blumiz.com\/es\/wp-json\/wp\/v2\/media\/10393"}],"wp:attachment":[{"href":"https:\/\/blumiz.com\/es\/wp-json\/wp\/v2\/media?parent=11441"}],"wp:term":[{"taxonomy":"product_brand","embeddable":true,"href":"https:\/\/blumiz.com\/es\/wp-json\/wp\/v2\/product_brand?post=11441"},{"taxonomy":"product_cat","embeddable":true,"href":"https:\/\/blumiz.com\/es\/wp-json\/wp\/v2\/product_cat?post=11441"},{"taxonomy":"product_tag","embeddable":true,"href":"https:\/\/blumiz.com\/es\/wp-json\/wp\/v2\/product_tag?post=11441"}],"curies":[{"name":"wp","href":"https:\/\/api.w.org\/{rel}","templated":true}]}}