{"id":11447,"date":"2020-09-07T11:23:44","date_gmt":"2020-09-07T10:23:44","guid":{"rendered":"https:\/\/blumiz.com\/produkt\/dormirse-rapido-dormirse-cbdmelatonina-cibdol-x30\/"},"modified":"2025-08-05T09:32:22","modified_gmt":"2025-08-05T08:32:22","slug":"fast-asleep-stay-asleep-capsules-cbd-cbn-hops-and-griffonia-5-htp-cibdol","status":"publish","type":"product","link":"https:\/\/blumiz.com\/es\/producto\/fast-asleep-stay-asleep-capsules-cbd-cbn-hops-and-griffonia-5-htp-cibdol\/","title":{"rendered":"Dormirse r\u00e1pido &#8211; Dormirse (CBD+melatonina) Cibdol x30"},"content":{"rendered":"<p>Nuestra f\u00f3rmula exclusiva de Meladol en un c\u00f3modo formato Si necesitas ayuda para conciliar el sue\u00f1o m\u00e1s r\u00e1pidamente, nuestras c\u00e1psulas para dormir son justo lo que necesitas. Con nuestra exclusiva f\u00f3rmula Meladol, es una forma f\u00e1cil y c\u00f3moda de reducir el tiempo que se tarda en conciliar el sue\u00f1o. Cada c\u00e1psula es inodora, ins\u00edpida y dosificada con precisi\u00f3n. Contiene una sofisticada mezcla de CBD (2,5 mg) y melatonina (1,5 mg), la hormona del sue\u00f1o esencial para mantener un ciclo sue\u00f1o-vigilia saludable.<\/p>\n<p>A muchos de nosotros nos resulta dif\u00edcil descansar adecuadamente debido a los horarios de trabajo, los dispositivos electr\u00f3nicos y las presiones de la vida moderna. Todos estos factores pueden alterar la producci\u00f3n natural de melatonina del organismo. Sin ella, nuestro cuerpo no sabe realmente cu\u00e1ndo es hora de dormir o de despertarse.<\/p>\n<p>Aqu\u00ed es donde entran en juego las c\u00e1psulas Fall Sleep. La hormona no s\u00f3lo contiene melatonina y ayuda a nuestro cuerpo a recuperar un patr\u00f3n de sue\u00f1o adecuado, sino que tambi\u00e9n funciona junto con nuestro CBD de alta calidad para un apoyo integral al bienestar.<\/p>\n<p>Recupere el control sobre su sue\u00f1o y consiga el est\u00edmulo que necesita para dormirse m\u00e1s r\u00e1pido con Cibdol C\u00e1psulas Somn\u00edferas.<\/p>\n<p>Concilia el sue\u00f1o r\u00e1pidamente con la ayuda de la melatonina (18+) Contiene 30 c\u00e1psulas Puede ayudar con el jet lag Sin gluten y vegano Sin sabor Sin riesgo de p\u00e9rdidas ni desperdicios<\/p>\n","protected":false},"excerpt":{"rendered":"<p>Las c\u00e1psulas Fall Sleep contienen nuestra exclusiva f\u00f3rmula Meladol para facilitarle a\u00fan m\u00e1s el acceso al sue\u00f1o que se merece. Aprovechando el poder del CBD y la melatonina, esta f\u00f3rmula trabaja con tu cuerpo para reducir el tiempo que tardas en quedarte dormido. Cada caja contiene 30 c\u00e1psulas de apoyo a corto plazo para un sue\u00f1o reparador.<\/p>\n<p>30 c\u00e1psulas<\/p>\n","protected":false},"featured_media":10443,"comment_status":"open","ping_status":"closed","template":"","meta":{"site-sidebar-layout":"default","site-content-layout":"default","ast-site-content-layout":"default","site-content-style":"default","site-sidebar-style":"default","ast-global-header-display":"","ast-banner-title-visibility":"","ast-main-header-display":"","ast-hfb-above-header-display":"","ast-hfb-below-header-display":"","ast-hfb-mobile-header-display":"","site-post-title":"","ast-breadcrumbs-content":"","ast-featured-img":"","footer-sml-layout":"","ast-disable-related-posts":"","theme-transparent-header-meta":"default","adv-header-id-meta":"","stick-header-meta":"default","header-above-stick-meta":"","header-main-stick-meta":"","header-below-stick-meta":"","astra-migrate-meta-layouts":"default","ast-page-background-enabled":"default","ast-page-background-meta":{"desktop":{"background-color":"","background-image":"","background-repeat":"repeat","background-position":"center center","background-size":"auto","background-attachment":"scroll","background-type":"","background-media":"","overlay-type":"","overlay-color":"","overlay-opacity":"","overlay-gradient":""},"tablet":{"background-color":"","background-image":"","background-repeat":"repeat","background-position":"center center","background-size":"auto","background-attachment":"scroll","background-type":"","background-media":"","overlay-type":"","overlay-color":"","overlay-opacity":"","overlay-gradient":""},"mobile":{"background-color":"","background-image":"","background-repeat":"repeat","background-position":"center center","background-size":"auto","background-attachment":"scroll","background-type":"","background-media":"","overlay-type":"","overlay-color":"","overlay-opacity":"","overlay-gradient":""}},"ast-content-background-meta":{"desktop":{"background-color":"var(--ast-global-color-5)","background-image":"","background-repeat":"repeat","background-position":"center center","background-size":"auto","background-attachment":"scroll","background-type":"","background-media":"","overlay-type":"","overlay-color":"","overlay-opacity":"","overlay-gradient":""},"tablet":{"background-color":"var(--ast-global-color-5)","background-image":"","background-repeat":"repeat","background-position":"center center","background-size":"auto","background-attachment":"scroll","background-type":"","background-media":"","overlay-type":"","overlay-color":"","overlay-opacity":"","overlay-gradient":""},"mobile":{"background-color":"var(--ast-global-color-5)","background-image":"","background-repeat":"repeat","background-position":"center center","background-size":"auto","background-attachment":"scroll","background-type":"","background-media":"","overlay-type":"","overlay-color":"","overlay-opacity":"","overlay-gradient":""}}},"product_brand":[],"product_cat":[273,271,305],"product_tag":[],"class_list":{"0":"post-11447","1":"product","2":"type-product","3":"status-publish","4":"has-post-thumbnail","6":"product_cat-aceites-y-capsulas","7":"product_cat-bienestar-cbd","8":"product_cat-cbd-es","9":"desktop-align-left","10":"tablet-align-center","11":"mobile-align-left","12":"ast-product-gallery-layout-vertical","13":"ast-product-gallery-with-no-image","14":"ast-magnify-disabled","15":"ast-product-tabs-layout-horizontal","17":"first","18":"instock","19":"taxable","20":"shipping-taxable","21":"purchasable","22":"product-type-simple"},"yoast_head":"<!-- This site is optimized with the Yoast SEO Premium plugin v27.2 (Yoast SEO v27.5) - https:\/\/yoast.com\/product\/yoast-seo-premium-wordpress\/ -->\n<title>Dormirse r\u00e1pido - Dormirse (CBD+melatonina) Cibdol x30 - Blumiz - Premium CBD<\/title>\n<meta name=\"description\" content=\"Dormirse r\u00e1pido - Dormirse (CBD+melatonina) Cibdol x30 - Blumiz - Premium CBD\" \/>\n<meta name=\"robots\" content=\"index, follow, max-snippet:-1, max-image-preview:large, max-video-preview:-1\" \/>\n<link rel=\"canonical\" href=\"https:\/\/blumiz.com\/es\/producto\/fast-asleep-stay-asleep-capsules-cbd-cbn-hops-and-griffonia-5-htp-cibdol\/\" \/>\n<meta property=\"og:locale\" content=\"es_ES\" \/>\n<meta property=\"og:type\" content=\"article\" \/>\n<meta property=\"og:title\" content=\"Dormirse r\u00e1pido - Dormirse (CBD+melatonina) Cibdol x30\" \/>\n<meta property=\"og:description\" content=\"Dormirse r\u00e1pido - Dormirse (CBD+melatonina) Cibdol x30 Blumiz - Premium CBD\" \/>\n<meta property=\"og:url\" content=\"https:\/\/blumiz.com\/es\/producto\/fast-asleep-stay-asleep-capsules-cbd-cbn-hops-and-griffonia-5-htp-cibdol\/\" \/>\n<meta property=\"og:site_name\" content=\"Blumiz - Premium CBD\" \/>\n<meta property=\"article:modified_time\" content=\"2025-08-05T08:32:22+00:00\" \/>\n<meta property=\"og:image\" content=\"https:\/\/blumiz.com\/wp-content\/uploads\/2022\/09\/Cibdol-Capsules-Endormez-vous-Formule-Meladol-30-Capsules.webp\" \/>\n\t<meta property=\"og:image:width\" content=\"600\" \/>\n\t<meta property=\"og:image:height\" content=\"600\" \/>\n\t<meta property=\"og:image:type\" content=\"image\/webp\" \/>\n<meta name=\"twitter:card\" content=\"summary_large_image\" \/>\n<meta name=\"twitter:label1\" content=\"Precio\" \/>\n\t<meta name=\"twitter:data1\" content=\"25,00&nbsp;&euro;\" \/>\n\t<meta name=\"twitter:label2\" content=\"Disponibilidad\" \/>\n\t<meta name=\"twitter:data2\" content=\"Disponible\" \/>\n<script type=\"application\/ld+json\" class=\"yoast-schema-graph\">{\"@context\":\"https:\\\/\\\/schema.org\",\"@graph\":[{\"@type\":\"WebPage\",\"@id\":\"https:\\\/\\\/blumiz.com\\\/es\\\/producto\\\/fast-asleep-stay-asleep-capsules-cbd-cbn-hops-and-griffonia-5-htp-cibdol\\\/\",\"url\":\"https:\\\/\\\/blumiz.com\\\/es\\\/producto\\\/fast-asleep-stay-asleep-capsules-cbd-cbn-hops-and-griffonia-5-htp-cibdol\\\/\",\"name\":\"Dormirse r\u00e1pido - Dormirse (CBD+melatonina) Cibdol x30 - Blumiz - Premium CBD\",\"isPartOf\":{\"@id\":\"https:\\\/\\\/blumiz.com\\\/es\\\/#website\"},\"primaryImageOfPage\":{\"@id\":\"https:\\\/\\\/blumiz.com\\\/es\\\/producto\\\/fast-asleep-stay-asleep-capsules-cbd-cbn-hops-and-griffonia-5-htp-cibdol\\\/#primaryimage\"},\"image\":{\"@id\":\"https:\\\/\\\/blumiz.com\\\/es\\\/producto\\\/fast-asleep-stay-asleep-capsules-cbd-cbn-hops-and-griffonia-5-htp-cibdol\\\/#primaryimage\"},\"thumbnailUrl\":\"https:\\\/\\\/blumiz.com\\\/wp-content\\\/uploads\\\/2022\\\/09\\\/Cibdol-Capsules-Endormez-vous-Formule-Meladol-30-Capsules.webp\",\"datePublished\":\"2020-09-07T10:23:44+00:00\",\"dateModified\":\"2025-08-05T08:32:22+00:00\",\"description\":\"Dormirse r\u00e1pido - Dormirse (CBD+melatonina) Cibdol x30 - Blumiz - Premium CBD\",\"breadcrumb\":{\"@id\":\"https:\\\/\\\/blumiz.com\\\/es\\\/producto\\\/fast-asleep-stay-asleep-capsules-cbd-cbn-hops-and-griffonia-5-htp-cibdol\\\/#breadcrumb\"},\"inLanguage\":\"es\",\"potentialAction\":[{\"@type\":\"ReadAction\",\"target\":[\"https:\\\/\\\/blumiz.com\\\/es\\\/producto\\\/fast-asleep-stay-asleep-capsules-cbd-cbn-hops-and-griffonia-5-htp-cibdol\\\/\"]}]},{\"@type\":\"ImageObject\",\"inLanguage\":\"es\",\"@id\":\"https:\\\/\\\/blumiz.com\\\/es\\\/producto\\\/fast-asleep-stay-asleep-capsules-cbd-cbn-hops-and-griffonia-5-htp-cibdol\\\/#primaryimage\",\"url\":\"https:\\\/\\\/blumiz.com\\\/wp-content\\\/uploads\\\/2022\\\/09\\\/Cibdol-Capsules-Endormez-vous-Formule-Meladol-30-Capsules.webp\",\"contentUrl\":\"https:\\\/\\\/blumiz.com\\\/wp-content\\\/uploads\\\/2022\\\/09\\\/Cibdol-Capsules-Endormez-vous-Formule-Meladol-30-Capsules.webp\",\"width\":600,\"height\":600},{\"@type\":\"BreadcrumbList\",\"@id\":\"https:\\\/\\\/blumiz.com\\\/es\\\/producto\\\/fast-asleep-stay-asleep-capsules-cbd-cbn-hops-and-griffonia-5-htp-cibdol\\\/#breadcrumb\",\"itemListElement\":[{\"@type\":\"ListItem\",\"position\":1,\"name\":\"Blumiz\",\"item\":\"https:\\\/\\\/blumiz.com\\\/es\\\/\"},{\"@type\":\"ListItem\",\"position\":2,\"name\":\"CBD Shop\",\"item\":\"https:\\\/\\\/blumiz.com\\\/es\\\/tienda\\\/\"},{\"@type\":\"ListItem\",\"position\":3,\"name\":\"Bienestar CBD\",\"item\":\"https:\\\/\\\/blumiz.com\\\/es\\\/category\\\/bienestar-cbd\\\/\"},{\"@type\":\"ListItem\",\"position\":4,\"name\":\"Aceites y c\u00e1psulas\",\"item\":\"https:\\\/\\\/blumiz.com\\\/es\\\/category\\\/bienestar-cbd\\\/aceites-y-capsulas\\\/\"},{\"@type\":\"ListItem\",\"position\":5,\"name\":\"Dormirse r\u00e1pido &#8211; Dormirse (CBD+melatonina) Cibdol x30\"}]},{\"@type\":\"WebSite\",\"@id\":\"https:\\\/\\\/blumiz.com\\\/es\\\/#website\",\"url\":\"https:\\\/\\\/blumiz.com\\\/es\\\/\",\"name\":\"Blumiz - Premium CBD\",\"description\":\"Un CBD al mejor precio y de calidad superior\",\"publisher\":{\"@id\":\"https:\\\/\\\/blumiz.com\\\/es\\\/#organization\"},\"alternateName\":\"Blumiz\",\"potentialAction\":[{\"@type\":\"SearchAction\",\"target\":{\"@type\":\"EntryPoint\",\"urlTemplate\":\"https:\\\/\\\/blumiz.com\\\/es\\\/?s={search_term_string}\"},\"query-input\":{\"@type\":\"PropertyValueSpecification\",\"valueRequired\":true,\"valueName\":\"search_term_string\"}}],\"inLanguage\":\"es\"},{\"@type\":\"Organization\",\"@id\":\"https:\\\/\\\/blumiz.com\\\/es\\\/#organization\",\"name\":\"Blumiz CBD\",\"alternateName\":\"Blumiz\",\"url\":\"https:\\\/\\\/blumiz.com\\\/es\\\/\",\"logo\":{\"@type\":\"ImageObject\",\"inLanguage\":\"es\",\"@id\":\"https:\\\/\\\/blumiz.com\\\/es\\\/#\\\/schema\\\/logo\\\/image\\\/\",\"url\":\"https:\\\/\\\/blumiz.com\\\/wp-content\\\/uploads\\\/2026\\\/02\\\/cropped-Blumiz-CBD-logo.webp\",\"contentUrl\":\"https:\\\/\\\/blumiz.com\\\/wp-content\\\/uploads\\\/2026\\\/02\\\/cropped-Blumiz-CBD-logo.webp\",\"width\":2547,\"height\":778,\"caption\":\"Blumiz CBD\"},\"image\":{\"@id\":\"https:\\\/\\\/blumiz.com\\\/es\\\/#\\\/schema\\\/logo\\\/image\\\/\"}}]}<\/script>\n<meta property=\"product:price:amount\" content=\"25.00\" \/>\n<meta property=\"product:price:currency\" content=\"EUR\" \/>\n<meta property=\"og:availability\" content=\"instock\" \/>\n<meta property=\"product:availability\" content=\"instock\" \/>\n<meta property=\"product:retailer_item_id\" content=\"7266\" \/>\n<meta property=\"product:condition\" content=\"new\" \/>\n<!-- \/ Yoast SEO Premium plugin. -->","yoast_head_json":{"title":"Dormirse r\u00e1pido - Dormirse (CBD+melatonina) Cibdol x30 - Blumiz - Premium CBD","description":"Dormirse r\u00e1pido - Dormirse (CBD+melatonina) Cibdol x30 - Blumiz - Premium CBD","robots":{"index":"index","follow":"follow","max-snippet":"max-snippet:-1","max-image-preview":"max-image-preview:large","max-video-preview":"max-video-preview:-1"},"canonical":"https:\/\/blumiz.com\/es\/producto\/fast-asleep-stay-asleep-capsules-cbd-cbn-hops-and-griffonia-5-htp-cibdol\/","og_locale":"es_ES","og_type":"article","og_title":"Dormirse r\u00e1pido - Dormirse (CBD+melatonina) Cibdol x30","og_description":"Dormirse r\u00e1pido - Dormirse (CBD+melatonina) Cibdol x30 Blumiz - Premium CBD","og_url":"https:\/\/blumiz.com\/es\/producto\/fast-asleep-stay-asleep-capsules-cbd-cbn-hops-and-griffonia-5-htp-cibdol\/","og_site_name":"Blumiz - Premium CBD","article_modified_time":"2025-08-05T08:32:22+00:00","og_image":[{"width":600,"height":600,"url":"https:\/\/blumiz.com\/wp-content\/uploads\/2022\/09\/Cibdol-Capsules-Endormez-vous-Formule-Meladol-30-Capsules.webp","type":"image\/webp"}],"twitter_card":"summary_large_image","twitter_misc":{"Precio":"25,00&nbsp;&euro;","Disponibilidad":"Disponible"},"schema":{"@context":"https:\/\/schema.org","@graph":[{"@type":"WebPage","@id":"https:\/\/blumiz.com\/es\/producto\/fast-asleep-stay-asleep-capsules-cbd-cbn-hops-and-griffonia-5-htp-cibdol\/","url":"https:\/\/blumiz.com\/es\/producto\/fast-asleep-stay-asleep-capsules-cbd-cbn-hops-and-griffonia-5-htp-cibdol\/","name":"Dormirse r\u00e1pido - Dormirse (CBD+melatonina) Cibdol x30 - Blumiz - Premium CBD","isPartOf":{"@id":"https:\/\/blumiz.com\/es\/#website"},"primaryImageOfPage":{"@id":"https:\/\/blumiz.com\/es\/producto\/fast-asleep-stay-asleep-capsules-cbd-cbn-hops-and-griffonia-5-htp-cibdol\/#primaryimage"},"image":{"@id":"https:\/\/blumiz.com\/es\/producto\/fast-asleep-stay-asleep-capsules-cbd-cbn-hops-and-griffonia-5-htp-cibdol\/#primaryimage"},"thumbnailUrl":"https:\/\/blumiz.com\/wp-content\/uploads\/2022\/09\/Cibdol-Capsules-Endormez-vous-Formule-Meladol-30-Capsules.webp","datePublished":"2020-09-07T10:23:44+00:00","dateModified":"2025-08-05T08:32:22+00:00","description":"Dormirse r\u00e1pido - Dormirse (CBD+melatonina) Cibdol x30 - Blumiz - Premium CBD","breadcrumb":{"@id":"https:\/\/blumiz.com\/es\/producto\/fast-asleep-stay-asleep-capsules-cbd-cbn-hops-and-griffonia-5-htp-cibdol\/#breadcrumb"},"inLanguage":"es","potentialAction":[{"@type":"ReadAction","target":["https:\/\/blumiz.com\/es\/producto\/fast-asleep-stay-asleep-capsules-cbd-cbn-hops-and-griffonia-5-htp-cibdol\/"]}]},{"@type":"ImageObject","inLanguage":"es","@id":"https:\/\/blumiz.com\/es\/producto\/fast-asleep-stay-asleep-capsules-cbd-cbn-hops-and-griffonia-5-htp-cibdol\/#primaryimage","url":"https:\/\/blumiz.com\/wp-content\/uploads\/2022\/09\/Cibdol-Capsules-Endormez-vous-Formule-Meladol-30-Capsules.webp","contentUrl":"https:\/\/blumiz.com\/wp-content\/uploads\/2022\/09\/Cibdol-Capsules-Endormez-vous-Formule-Meladol-30-Capsules.webp","width":600,"height":600},{"@type":"BreadcrumbList","@id":"https:\/\/blumiz.com\/es\/producto\/fast-asleep-stay-asleep-capsules-cbd-cbn-hops-and-griffonia-5-htp-cibdol\/#breadcrumb","itemListElement":[{"@type":"ListItem","position":1,"name":"Blumiz","item":"https:\/\/blumiz.com\/es\/"},{"@type":"ListItem","position":2,"name":"CBD Shop","item":"https:\/\/blumiz.com\/es\/tienda\/"},{"@type":"ListItem","position":3,"name":"Bienestar CBD","item":"https:\/\/blumiz.com\/es\/category\/bienestar-cbd\/"},{"@type":"ListItem","position":4,"name":"Aceites y c\u00e1psulas","item":"https:\/\/blumiz.com\/es\/category\/bienestar-cbd\/aceites-y-capsulas\/"},{"@type":"ListItem","position":5,"name":"Dormirse r\u00e1pido &#8211; Dormirse (CBD+melatonina) Cibdol x30"}]},{"@type":"WebSite","@id":"https:\/\/blumiz.com\/es\/#website","url":"https:\/\/blumiz.com\/es\/","name":"Blumiz - Premium CBD","description":"Un CBD al mejor precio y de calidad superior","publisher":{"@id":"https:\/\/blumiz.com\/es\/#organization"},"alternateName":"Blumiz","potentialAction":[{"@type":"SearchAction","target":{"@type":"EntryPoint","urlTemplate":"https:\/\/blumiz.com\/es\/?s={search_term_string}"},"query-input":{"@type":"PropertyValueSpecification","valueRequired":true,"valueName":"search_term_string"}}],"inLanguage":"es"},{"@type":"Organization","@id":"https:\/\/blumiz.com\/es\/#organization","name":"Blumiz CBD","alternateName":"Blumiz","url":"https:\/\/blumiz.com\/es\/","logo":{"@type":"ImageObject","inLanguage":"es","@id":"https:\/\/blumiz.com\/es\/#\/schema\/logo\/image\/","url":"https:\/\/blumiz.com\/wp-content\/uploads\/2026\/02\/cropped-Blumiz-CBD-logo.webp","contentUrl":"https:\/\/blumiz.com\/wp-content\/uploads\/2026\/02\/cropped-Blumiz-CBD-logo.webp","width":2547,"height":778,"caption":"Blumiz CBD"},"image":{"@id":"https:\/\/blumiz.com\/es\/#\/schema\/logo\/image\/"}}]},"product_price_amount":"25.00","product_price_currency":"EUR","og_availability":"instock","product_availability":"instock","product_retailer_item_id":"7266","product_condition":"new"},"_links":{"self":[{"href":"https:\/\/blumiz.com\/es\/wp-json\/wp\/v2\/product\/11447","targetHints":{"allow":["GET"]}}],"collection":[{"href":"https:\/\/blumiz.com\/es\/wp-json\/wp\/v2\/product"}],"about":[{"href":"https:\/\/blumiz.com\/es\/wp-json\/wp\/v2\/types\/product"}],"replies":[{"embeddable":true,"href":"https:\/\/blumiz.com\/es\/wp-json\/wp\/v2\/comments?post=11447"}],"version-history":[{"count":0,"href":"https:\/\/blumiz.com\/es\/wp-json\/wp\/v2\/product\/11447\/revisions"}],"wp:featuredmedia":[{"embeddable":true,"href":"https:\/\/blumiz.com\/es\/wp-json\/wp\/v2\/media\/10443"}],"wp:attachment":[{"href":"https:\/\/blumiz.com\/es\/wp-json\/wp\/v2\/media?parent=11447"}],"wp:term":[{"taxonomy":"product_brand","embeddable":true,"href":"https:\/\/blumiz.com\/es\/wp-json\/wp\/v2\/product_brand?post=11447"},{"taxonomy":"product_cat","embeddable":true,"href":"https:\/\/blumiz.com\/es\/wp-json\/wp\/v2\/product_cat?post=11447"},{"taxonomy":"product_tag","embeddable":true,"href":"https:\/\/blumiz.com\/es\/wp-json\/wp\/v2\/product_tag?post=11447"}],"curies":[{"name":"wp","href":"https:\/\/api.w.org\/{rel}","templated":true}]}}