{"id":11450,"date":"2020-10-25T14:16:42","date_gmt":"2020-10-25T13:16:42","guid":{"rendered":"https:\/\/blumiz.com\/produkt\/super-lemon-haze-flores-cbd-12\/"},"modified":"2025-08-11T17:55:59","modified_gmt":"2025-08-11T16:55:59","slug":"super-lemon-haze-cbd","status":"publish","type":"product","link":"https:\/\/blumiz.com\/es\/producto\/super-lemon-haze-cbd\/","title":{"rendered":"Super Lemon Haze &#8211; Flores CBD 12%"},"content":{"rendered":"<h2><span style=\"color: #107d85;\">Flores CBD Super Lemon Haze 12% Greenhouse<\/span><\/h2>\n<h4><span style=\"color: #ff6600;\">Descubre la variedad Super Lemon Haze<\/span><\/h4>\n<p>Nuestra flor CBD Super Lemon Haze es la culminaci\u00f3n del trabajo sobre una cepa m\u00edtica.<br \/>\nEl original &#8220;Super Lemon Haze&#8221; es realmente un nombre familiar para todos los conocedores de cannabis entre Amsterdam y Los Angeles y es particularmente apreciado por su aroma afrutado-dulce, adem\u00e1s de su alto contenido de ingrediente activo y hermosa apariencia.<\/p>\n<h4><span style=\"color: #ff6600;\">Descripci\u00f3n de Super Lemon Haze<\/span><\/h4>\n<p>Nuestra <strong>&#8220;Super Lemon Haze<\/strong> &#8221; consiste en<strong> flores<\/strong> recogidas a mano con un <strong>contenido de CBD<\/strong> extremadamente alto <strong>, de entre el 10% y el 12%<\/strong>. El aroma de estas <strong>flores de CBD<\/strong> de alta calidad puede describirse como especialmente afrutado, con una agradable nota dulce. <strong> Greenhouse <\/strong>greenhouse La excepcional calidad de nuestras <strong> flores de<\/strong> <strong>&#8220;Super Lemon Haze<\/strong> &#8221; tambi\u00e9n queda patente al observar los hermosos cogollos de <strong> &#8220;Super Lemon Haze<\/strong> &#8220;, recortados a mano, cuyo <strong>color verde claro<\/strong> est\u00e1 <strong>salpicado de pelos anaranjados<\/strong> y parece estar <strong>cubierto<\/strong> de un sorprendente <strong>n\u00famero de tricomas de CBD<\/strong>.<\/p>\n<h4><span style=\"color: #ff6600;\">Producci\u00f3n de CBD Super Lemon Haze<\/span><\/h4>\n<p>Nuestra &#8220;Super Lemon Haze&#8221; procede de la Greenhouse, que evita deliberadamente el uso de pesticidas, herbicidas y fertilizantes qu\u00edmicos para resaltar de forma \u00f3ptima los aromas contenidos en la planta. Gracias a las perfectas condiciones de cultivo y a la fase de fermentaci\u00f3n de cuatro semanas tras la cosecha, las caracter\u00edsticas individuales de estos cogollos de alta calidad pasan a primer plano y hacen de nuestros cogollos &#8220;Super Lemon Haze&#8221; Greenhouse un producto realmente excepcional. Tanto los novatos como los entendidos quedar\u00e1n cautivados al instante por esta variedad, potenciada con CBD aislado y terpenos genuinos de Super Lemon Haze.<\/p>\n<p>Variedad Haze legendaria. \u00a1Sabor a lim\u00f3n y pomelo combinado con sabor a Haze !<\/p>\n<h4><span style=\"color: #ff6600;\">Forma de consumir<\/span><\/h4>\n<p>Nuestras flores pueden consumirse de diferentes maneras:<\/p>\n<p>Al vaporizar: a m\u00e1s de 170 grados. Como infusi\u00f3n: infusiona durante 10 minutos con una sustancia grasa (aceite, leche de soja). En la cocina: para tus mejores recetas.<\/p>\n<p>Si buscas otras variedades a buen precio, tambi\u00e9n te recomendamos probar nuestra <a href=\"https:\/\/blumiz.com\/producto\/trim-cbd-indoor-mix-7\/\">TRIM<\/a> o nuestra <a href=\"https:\/\/blumiz.com\/producto\/cbd-small-bud-indoor-mix-9\/\">Small Buds Mix Indoor<\/a>.<\/p>\n<p>Si busca una variedad de primera calidad, le recomendamos <a href=\"https:\/\/blumiz.com\/producto\/skywalker-cbd\/\">Skywalker<\/a>, <a href=\"https:\/\/blumiz.com\/producto\/gelato-cbd\/\">Gelato<\/a> o <a href=\"https:\/\/blumiz.com\/producto\/amnesia-cbd\/\">Amnesia<\/a>.<\/p>\n<h4><span style=\"color: #ff6600;\">Nuestra <a style=\"color: #ff6600;\" href=\"\/?product_cat=cbd-blueten\">Flores CBD<\/a> es sin\u00f3nimo de altos est\u00e1ndares de calidad y productos seleccionados a mano<\/span><\/h4>\n<p>Flores CBD est\u00e1n disponibles en diferentes sabores y concentraciones de CBD. Nuestras Flores CBD se someten a estrictos criterios externos de calidad. Se venden como materias primas y no contienen aditivos qu\u00edmicos ni impurezas.<\/p>\n<p>Descubra aqu\u00ed tambi\u00e9n nuestro <a href=\"https:\/\/blumiz.com\/es\/category\/hachis-y-concentrados\/\">CBD Hachis<\/a><\/p>\n<p>Una pregunta, \u00bfnecesitas ayuda?  <a href=\"https:\/\/blumiz.com\/hilfe-und-faqs\/\">Haga clic aqu\u00ed para descubrir nuestro centro de ayuda.<\/a><\/p>\n<p>Descubre nuestros <a href=\"https:\/\/blumiz.com\/es\/category\/headshop-es\/\">productos y accesorios Headshop<\/a> para disfrutar de tus variedades favoritas<\/p>\n<h4><span style=\"color: #ff6600;\">Hacer un pedido a Blumiz significa:<\/span><\/h4>\n<p>&#8211; Entrega r\u00e1pida, discreta e inodora<br \/>\n&#8211; Productos de calidad y certificados por laboratorios<br \/>\n&#8211; Precios inmejorables, ya que fabricamos nuestros propios productos<\/p>\n","protected":false},"excerpt":{"rendered":"<h4><span style=\"color: #107d85;\">CBD Bud Super Lemon Haze <\/span><span style=\"color: #107d85;\">Greenhouse<\/span><span style=\"color: #107d85;\"> 12%<\/span><\/h4>\n","protected":false},"featured_media":10416,"comment_status":"open","ping_status":"closed","template":"","meta":{"site-sidebar-layout":"default","site-content-layout":"default","ast-site-content-layout":"default","site-content-style":"default","site-sidebar-style":"default","ast-global-header-display":"","ast-banner-title-visibility":"","ast-main-header-display":"","ast-hfb-above-header-display":"","ast-hfb-below-header-display":"","ast-hfb-mobile-header-display":"","site-post-title":"","ast-breadcrumbs-content":"","ast-featured-img":"","footer-sml-layout":"","ast-disable-related-posts":"","theme-transparent-header-meta":"default","adv-header-id-meta":"","stick-header-meta":"default","header-above-stick-meta":"","header-main-stick-meta":"","header-below-stick-meta":"","astra-migrate-meta-layouts":"default","ast-page-background-enabled":"default","ast-page-background-meta":{"desktop":{"background-color":"","background-image":"","background-repeat":"repeat","background-position":"center center","background-size":"auto","background-attachment":"scroll","background-type":"","background-media":"","overlay-type":"","overlay-color":"","overlay-opacity":"","overlay-gradient":""},"tablet":{"background-color":"","background-image":"","background-repeat":"repeat","background-position":"center center","background-size":"auto","background-attachment":"scroll","background-type":"","background-media":"","overlay-type":"","overlay-color":"","overlay-opacity":"","overlay-gradient":""},"mobile":{"background-color":"","background-image":"","background-repeat":"repeat","background-position":"center center","background-size":"auto","background-attachment":"scroll","background-type":"","background-media":"","overlay-type":"","overlay-color":"","overlay-opacity":"","overlay-gradient":""}},"ast-content-background-meta":{"desktop":{"background-color":"var(--ast-global-color-5)","background-image":"","background-repeat":"repeat","background-position":"center center","background-size":"auto","background-attachment":"scroll","background-type":"","background-media":"","overlay-type":"","overlay-color":"","overlay-opacity":"","overlay-gradient":""},"tablet":{"background-color":"var(--ast-global-color-5)","background-image":"","background-repeat":"repeat","background-position":"center center","background-size":"auto","background-attachment":"scroll","background-type":"","background-media":"","overlay-type":"","overlay-color":"","overlay-opacity":"","overlay-gradient":""},"mobile":{"background-color":"var(--ast-global-color-5)","background-image":"","background-repeat":"repeat","background-position":"center center","background-size":"auto","background-attachment":"scroll","background-type":"","background-media":"","overlay-type":"","overlay-color":"","overlay-opacity":"","overlay-gradient":""}}},"product_brand":[],"product_cat":[305,261,270,268],"product_tag":[237,231],"class_list":{"0":"post-11450","1":"product","2":"type-product","3":"status-publish","4":"has-post-thumbnail","6":"product_cat-cbd-es","7":"product_cat-flores-cbd","8":"product_cat-flores-cbd-baratas","9":"product_cat-greenhouse-flores-cbd","10":"product_tag-flores-cbd-baratas","11":"product_tag-greenhouse-cbd-es","12":"pa_cbd-rate-10-a-20-cbd-es","13":"pa_kategorie-flores-de-cbd-baratas","14":"pa_kategorie-greenhouse-cbd-es","15":"desktop-align-left","16":"tablet-align-center","17":"mobile-align-left","18":"ast-product-gallery-layout-vertical","19":"ast-magnify-disabled","20":"ast-product-single-variable","21":"ast-product-tabs-layout-horizontal","23":"first","24":"instock","25":"taxable","26":"shipping-taxable","27":"purchasable","28":"product-type-variable"},"yoast_head":"<!-- This site is optimized with the Yoast SEO Premium plugin v27.2 (Yoast SEO v27.4) - https:\/\/yoast.com\/product\/yoast-seo-premium-wordpress\/ -->\n<title>Super Lemon Haze CBD 12% Greenhouse desde 2,2\u20ac\/g - Espa\u00f1a<\/title>\n<meta name=\"description\" content=\"Super Lemon Haze - Flores CBD 12% CBD 12% Greenhouse desde 2,2 \u20ac\/g - Cannabis legal...Variedad muy popular con sabor a lim\u00f3n..Entrega r\u00e1pida y discreta.\" \/>\n<meta name=\"robots\" content=\"index, follow, max-snippet:-1, max-image-preview:large, max-video-preview:-1\" \/>\n<link rel=\"canonical\" href=\"https:\/\/blumiz.com\/es\/producto\/super-lemon-haze-cbd\/\" \/>\n<meta property=\"og:locale\" content=\"es_ES\" \/>\n<meta property=\"og:type\" content=\"article\" \/>\n<meta property=\"og:title\" content=\"Super Lemon Haze - Flores CBD 12%\" \/>\n<meta property=\"og:description\" content=\"Super Lemon Haze - Flores CBD 12% Blumiz - Premium CBD\" \/>\n<meta property=\"og:url\" content=\"https:\/\/blumiz.com\/es\/producto\/super-lemon-haze-cbd\/\" \/>\n<meta property=\"og:site_name\" content=\"Blumiz - Premium CBD\" \/>\n<meta property=\"article:modified_time\" content=\"2025-08-11T16:55:59+00:00\" \/>\n<meta property=\"og:image\" content=\"https:\/\/blumiz.com\/wp-content\/uploads\/2022\/08\/SUPER-LEMON-HAZE-BAG-BLUMIZ.webp\" \/>\n\t<meta property=\"og:image:width\" content=\"600\" \/>\n\t<meta property=\"og:image:height\" content=\"600\" \/>\n\t<meta property=\"og:image:type\" content=\"image\/webp\" \/>\n<meta name=\"twitter:card\" content=\"summary_large_image\" \/>\n<meta name=\"twitter:label1\" content=\"Disponibilidad\" \/>\n\t<meta name=\"twitter:data1\" content=\"Disponible\" \/>\n<script type=\"application\/ld+json\" class=\"yoast-schema-graph\">{\"@context\":\"https:\\\/\\\/schema.org\",\"@graph\":[{\"@type\":\"WebPage\",\"@id\":\"https:\\\/\\\/blumiz.com\\\/es\\\/producto\\\/super-lemon-haze-cbd\\\/\",\"url\":\"https:\\\/\\\/blumiz.com\\\/es\\\/producto\\\/super-lemon-haze-cbd\\\/\",\"name\":\"Super Lemon Haze CBD 12% Greenhouse desde 2,2\u20ac\\\/g - Espa\u00f1a\",\"isPartOf\":{\"@id\":\"https:\\\/\\\/blumiz.com\\\/es\\\/#website\"},\"primaryImageOfPage\":{\"@id\":\"https:\\\/\\\/blumiz.com\\\/es\\\/producto\\\/super-lemon-haze-cbd\\\/#primaryimage\"},\"image\":{\"@id\":\"https:\\\/\\\/blumiz.com\\\/es\\\/producto\\\/super-lemon-haze-cbd\\\/#primaryimage\"},\"thumbnailUrl\":\"https:\\\/\\\/blumiz.com\\\/wp-content\\\/uploads\\\/2022\\\/08\\\/SUPER-LEMON-HAZE-BAG-BLUMIZ.webp\",\"datePublished\":\"2020-10-25T13:16:42+00:00\",\"dateModified\":\"2025-08-11T16:55:59+00:00\",\"description\":\"Super Lemon Haze - Flores CBD 12% CBD 12% Greenhouse desde 2,2 \u20ac\\\/g - Cannabis legal...Variedad muy popular con sabor a lim\u00f3n..Entrega r\u00e1pida y discreta.\",\"breadcrumb\":{\"@id\":\"https:\\\/\\\/blumiz.com\\\/es\\\/producto\\\/super-lemon-haze-cbd\\\/#breadcrumb\"},\"inLanguage\":\"es\",\"potentialAction\":[{\"@type\":\"ReadAction\",\"target\":[\"https:\\\/\\\/blumiz.com\\\/es\\\/producto\\\/super-lemon-haze-cbd\\\/\"]}]},{\"@type\":\"ImageObject\",\"inLanguage\":\"es\",\"@id\":\"https:\\\/\\\/blumiz.com\\\/es\\\/producto\\\/super-lemon-haze-cbd\\\/#primaryimage\",\"url\":\"https:\\\/\\\/blumiz.com\\\/wp-content\\\/uploads\\\/2022\\\/08\\\/SUPER-LEMON-HAZE-BAG-BLUMIZ.webp\",\"contentUrl\":\"https:\\\/\\\/blumiz.com\\\/wp-content\\\/uploads\\\/2022\\\/08\\\/SUPER-LEMON-HAZE-BAG-BLUMIZ.webp\",\"width\":600,\"height\":600},{\"@type\":\"BreadcrumbList\",\"@id\":\"https:\\\/\\\/blumiz.com\\\/es\\\/producto\\\/super-lemon-haze-cbd\\\/#breadcrumb\",\"itemListElement\":[{\"@type\":\"ListItem\",\"position\":1,\"name\":\"Blumiz\",\"item\":\"https:\\\/\\\/blumiz.com\\\/es\\\/\"},{\"@type\":\"ListItem\",\"position\":2,\"name\":\"CBD Shop\",\"item\":\"https:\\\/\\\/blumiz.com\\\/es\\\/tienda\\\/\"},{\"@type\":\"ListItem\",\"position\":3,\"name\":\"Flores CBD\",\"item\":\"https:\\\/\\\/blumiz.com\\\/es\\\/category\\\/flores-cbd\\\/\"},{\"@type\":\"ListItem\",\"position\":4,\"name\":\"Super Lemon Haze &#8211; Flores CBD 12%\"}]},{\"@type\":\"WebSite\",\"@id\":\"https:\\\/\\\/blumiz.com\\\/es\\\/#website\",\"url\":\"https:\\\/\\\/blumiz.com\\\/es\\\/\",\"name\":\"Blumiz - Premium CBD\",\"description\":\"Un CBD al mejor precio y de calidad superior\",\"publisher\":{\"@id\":\"https:\\\/\\\/blumiz.com\\\/es\\\/#organization\"},\"alternateName\":\"Blumiz\",\"potentialAction\":[{\"@type\":\"SearchAction\",\"target\":{\"@type\":\"EntryPoint\",\"urlTemplate\":\"https:\\\/\\\/blumiz.com\\\/es\\\/?s={search_term_string}\"},\"query-input\":{\"@type\":\"PropertyValueSpecification\",\"valueRequired\":true,\"valueName\":\"search_term_string\"}}],\"inLanguage\":\"es\"},{\"@type\":\"Organization\",\"@id\":\"https:\\\/\\\/blumiz.com\\\/es\\\/#organization\",\"name\":\"Blumiz CBD\",\"alternateName\":\"Blumiz\",\"url\":\"https:\\\/\\\/blumiz.com\\\/es\\\/\",\"logo\":{\"@type\":\"ImageObject\",\"inLanguage\":\"es\",\"@id\":\"https:\\\/\\\/blumiz.com\\\/es\\\/#\\\/schema\\\/logo\\\/image\\\/\",\"url\":\"https:\\\/\\\/blumiz.com\\\/wp-content\\\/uploads\\\/2026\\\/02\\\/cropped-Blumiz-CBD-logo.webp\",\"contentUrl\":\"https:\\\/\\\/blumiz.com\\\/wp-content\\\/uploads\\\/2026\\\/02\\\/cropped-Blumiz-CBD-logo.webp\",\"width\":2547,\"height\":778,\"caption\":\"Blumiz CBD\"},\"image\":{\"@id\":\"https:\\\/\\\/blumiz.com\\\/es\\\/#\\\/schema\\\/logo\\\/image\\\/\"}}]}<\/script>\n<meta property=\"og:availability\" content=\"instock\" \/>\n<meta property=\"product:availability\" content=\"instock\" \/>\n<meta property=\"product:retailer_item_id\" content=\"37969\" \/>\n<meta property=\"product:condition\" content=\"new\" \/>\n<!-- \/ Yoast SEO Premium plugin. -->","yoast_head_json":{"title":"Super Lemon Haze CBD 12% Greenhouse desde 2,2\u20ac\/g - Espa\u00f1a","description":"Super Lemon Haze - Flores CBD 12% CBD 12% Greenhouse desde 2,2 \u20ac\/g - Cannabis legal...Variedad muy popular con sabor a lim\u00f3n..Entrega r\u00e1pida y discreta.","robots":{"index":"index","follow":"follow","max-snippet":"max-snippet:-1","max-image-preview":"max-image-preview:large","max-video-preview":"max-video-preview:-1"},"canonical":"https:\/\/blumiz.com\/es\/producto\/super-lemon-haze-cbd\/","og_locale":"es_ES","og_type":"article","og_title":"Super Lemon Haze - Flores CBD 12%","og_description":"Super Lemon Haze - Flores CBD 12% Blumiz - Premium CBD","og_url":"https:\/\/blumiz.com\/es\/producto\/super-lemon-haze-cbd\/","og_site_name":"Blumiz - Premium CBD","article_modified_time":"2025-08-11T16:55:59+00:00","og_image":[{"width":600,"height":600,"url":"https:\/\/blumiz.com\/wp-content\/uploads\/2022\/08\/SUPER-LEMON-HAZE-BAG-BLUMIZ.webp","type":"image\/webp"}],"twitter_card":"summary_large_image","twitter_misc":{"Disponibilidad":"Disponible"},"schema":{"@context":"https:\/\/schema.org","@graph":[{"@type":"WebPage","@id":"https:\/\/blumiz.com\/es\/producto\/super-lemon-haze-cbd\/","url":"https:\/\/blumiz.com\/es\/producto\/super-lemon-haze-cbd\/","name":"Super Lemon Haze CBD 12% Greenhouse desde 2,2\u20ac\/g - Espa\u00f1a","isPartOf":{"@id":"https:\/\/blumiz.com\/es\/#website"},"primaryImageOfPage":{"@id":"https:\/\/blumiz.com\/es\/producto\/super-lemon-haze-cbd\/#primaryimage"},"image":{"@id":"https:\/\/blumiz.com\/es\/producto\/super-lemon-haze-cbd\/#primaryimage"},"thumbnailUrl":"https:\/\/blumiz.com\/wp-content\/uploads\/2022\/08\/SUPER-LEMON-HAZE-BAG-BLUMIZ.webp","datePublished":"2020-10-25T13:16:42+00:00","dateModified":"2025-08-11T16:55:59+00:00","description":"Super Lemon Haze - Flores CBD 12% CBD 12% Greenhouse desde 2,2 \u20ac\/g - Cannabis legal...Variedad muy popular con sabor a lim\u00f3n..Entrega r\u00e1pida y discreta.","breadcrumb":{"@id":"https:\/\/blumiz.com\/es\/producto\/super-lemon-haze-cbd\/#breadcrumb"},"inLanguage":"es","potentialAction":[{"@type":"ReadAction","target":["https:\/\/blumiz.com\/es\/producto\/super-lemon-haze-cbd\/"]}]},{"@type":"ImageObject","inLanguage":"es","@id":"https:\/\/blumiz.com\/es\/producto\/super-lemon-haze-cbd\/#primaryimage","url":"https:\/\/blumiz.com\/wp-content\/uploads\/2022\/08\/SUPER-LEMON-HAZE-BAG-BLUMIZ.webp","contentUrl":"https:\/\/blumiz.com\/wp-content\/uploads\/2022\/08\/SUPER-LEMON-HAZE-BAG-BLUMIZ.webp","width":600,"height":600},{"@type":"BreadcrumbList","@id":"https:\/\/blumiz.com\/es\/producto\/super-lemon-haze-cbd\/#breadcrumb","itemListElement":[{"@type":"ListItem","position":1,"name":"Blumiz","item":"https:\/\/blumiz.com\/es\/"},{"@type":"ListItem","position":2,"name":"CBD Shop","item":"https:\/\/blumiz.com\/es\/tienda\/"},{"@type":"ListItem","position":3,"name":"Flores CBD","item":"https:\/\/blumiz.com\/es\/category\/flores-cbd\/"},{"@type":"ListItem","position":4,"name":"Super Lemon Haze &#8211; Flores CBD 12%"}]},{"@type":"WebSite","@id":"https:\/\/blumiz.com\/es\/#website","url":"https:\/\/blumiz.com\/es\/","name":"Blumiz - Premium CBD","description":"Un CBD al mejor precio y de calidad superior","publisher":{"@id":"https:\/\/blumiz.com\/es\/#organization"},"alternateName":"Blumiz","potentialAction":[{"@type":"SearchAction","target":{"@type":"EntryPoint","urlTemplate":"https:\/\/blumiz.com\/es\/?s={search_term_string}"},"query-input":{"@type":"PropertyValueSpecification","valueRequired":true,"valueName":"search_term_string"}}],"inLanguage":"es"},{"@type":"Organization","@id":"https:\/\/blumiz.com\/es\/#organization","name":"Blumiz CBD","alternateName":"Blumiz","url":"https:\/\/blumiz.com\/es\/","logo":{"@type":"ImageObject","inLanguage":"es","@id":"https:\/\/blumiz.com\/es\/#\/schema\/logo\/image\/","url":"https:\/\/blumiz.com\/wp-content\/uploads\/2026\/02\/cropped-Blumiz-CBD-logo.webp","contentUrl":"https:\/\/blumiz.com\/wp-content\/uploads\/2026\/02\/cropped-Blumiz-CBD-logo.webp","width":2547,"height":778,"caption":"Blumiz CBD"},"image":{"@id":"https:\/\/blumiz.com\/es\/#\/schema\/logo\/image\/"}}]},"og_availability":"instock","product_availability":"instock","product_retailer_item_id":"37969","product_condition":"new"},"_links":{"self":[{"href":"https:\/\/blumiz.com\/es\/wp-json\/wp\/v2\/product\/11450","targetHints":{"allow":["GET"]}}],"collection":[{"href":"https:\/\/blumiz.com\/es\/wp-json\/wp\/v2\/product"}],"about":[{"href":"https:\/\/blumiz.com\/es\/wp-json\/wp\/v2\/types\/product"}],"replies":[{"embeddable":true,"href":"https:\/\/blumiz.com\/es\/wp-json\/wp\/v2\/comments?post=11450"}],"version-history":[{"count":0,"href":"https:\/\/blumiz.com\/es\/wp-json\/wp\/v2\/product\/11450\/revisions"}],"wp:featuredmedia":[{"embeddable":true,"href":"https:\/\/blumiz.com\/es\/wp-json\/wp\/v2\/media\/10416"}],"wp:attachment":[{"href":"https:\/\/blumiz.com\/es\/wp-json\/wp\/v2\/media?parent=11450"}],"wp:term":[{"taxonomy":"product_brand","embeddable":true,"href":"https:\/\/blumiz.com\/es\/wp-json\/wp\/v2\/product_brand?post=11450"},{"taxonomy":"product_cat","embeddable":true,"href":"https:\/\/blumiz.com\/es\/wp-json\/wp\/v2\/product_cat?post=11450"},{"taxonomy":"product_tag","embeddable":true,"href":"https:\/\/blumiz.com\/es\/wp-json\/wp\/v2\/product_tag?post=11450"}],"curies":[{"name":"wp","href":"https:\/\/api.w.org\/{rel}","templated":true}]}}