{"id":11463,"date":"2022-09-07T07:44:36","date_gmt":"2022-09-07T06:44:36","guid":{"rendered":"https:\/\/blumiz.com\/?post_type=product&#038;p=11463"},"modified":"2025-10-07T09:46:24","modified_gmt":"2025-10-07T08:46:24","slug":"bandeja-fumador-metalica-con-magnetico-afilador-tarjeta-morada-pequena","status":"publish","type":"product","link":"https:\/\/blumiz.com\/es\/producto\/bandeja-fumador-metalica-con-magnetico-afilador-tarjeta-morada-pequena\/","title":{"rendered":"Bandeja fumador &#8211; Metal con tarjeta magn\u00e9tica para molinillo &#8211; Purple Haze &#8211; Tama\u00f1o peque\u00f1o"},"content":{"rendered":"<h2>Bandeja fumador &#8211; Metal con tarjeta magn\u00e9tica para molinillo &#8211; Purple Haze &#8211; Tama\u00f1o peque\u00f1o<\/h2>\n<p>\u00bfBusca una nueva bandeja para rodar?<br \/>\nBest Buds Purple Haze Bandeja Met\u00e1lica Peque\u00f1a para Liar son las mejores bandejas del mercado. Est\u00e1n fabricadas con materiales de alta calidad y tienen muchas caracter\u00edsticas que las diferencian de otras bandejas. Incluso vienen con un rascador magn\u00e9tico unido al lateral para que puedas cortar tus cogollos con facilidad. Disponible en varios dise\u00f1os.<br \/>\nDise\u00f1os coloridos para todos los gustos<br \/>\nNo encontrar\u00e1 una bandeja comparable en el mercado actual. No es s\u00f3lo un producto asombroso, sino tambi\u00e9n una experiencia incre\u00edble que puedes vivir todos los d\u00edas de tu vida. \u00a1Consiga el suyo ahora!<br \/>\nCompra hoy mismo la bandeja de metal para liar Best Buds Purple Haze.<\/p>\n<div id=\"wd-61dda6fdd8068\" class=\"title-wrapper wd-wpb set-mb-s reset-last-child wd-rs-61dda6fdd8068 wd-title-color-default wd-title-style-default text-left vc_custom_1641916174475 wd-underline-colored\">\n<div class=\"liner-continer\">\n<h2 class=\"woodmart-title-container title wd-font-weight- wd-fontsize-l\">Dimensiones de la bandeja para rodillos Best Buds<\/h2>\n<\/div>\n<\/div>\n<div id=\"wd-61dedc734f35a\" class=\"wd-text-block-wrapper wd-wpb wd-rs-61dedc734f35a color-scheme-custom text-left vc_custom_1641995420686\">\n<div class=\"woodmart-title-container woodmart-text-block reset-last-child font-primary wd-font-weight- \"><img fetchpriority=\"high\" decoding=\"async\" class=\"aligncenter wp-image-45574 size-full\" title=\"Best Buds Bandeja de metal peque\u00f1a para liar con grinder magn\u00e9tico Tarjeta 1\" src=\"https:\/\/simplygreentrade.com\/wp-content\/uploads\/2021\/01\/MOCKUP-ROLLING-TRAY-SMALL-e1641995410308.png\" alt=\"MOCKUP BANDEJA ENROLLABLE PEQUE\u00d1A e1641995410308\" width=\"354\" height=\"269\"><\/div>\n<\/div>\n","protected":false},"excerpt":{"rendered":"<h2>Bandeja fumador Purple Haze, de calidad y no cara<\/h2>\n<p>Tama\u00f1o: 14 x 18 cm<\/p>\n","protected":false},"featured_media":10437,"comment_status":"open","ping_status":"closed","template":"","meta":{"site-sidebar-layout":"default","site-content-layout":"default","ast-site-content-layout":"default","site-content-style":"default","site-sidebar-style":"default","ast-global-header-display":"","ast-banner-title-visibility":"","ast-main-header-display":"","ast-hfb-above-header-display":"","ast-hfb-below-header-display":"","ast-hfb-mobile-header-display":"","site-post-title":"","ast-breadcrumbs-content":"","ast-featured-img":"","footer-sml-layout":"","ast-disable-related-posts":"","theme-transparent-header-meta":"default","adv-header-id-meta":"","stick-header-meta":"default","header-above-stick-meta":"","header-main-stick-meta":"","header-below-stick-meta":"","astra-migrate-meta-layouts":"default","ast-page-background-enabled":"default","ast-page-background-meta":{"desktop":{"background-color":"","background-image":"","background-repeat":"repeat","background-position":"center center","background-size":"auto","background-attachment":"scroll","background-type":"","background-media":"","overlay-type":"","overlay-color":"","overlay-opacity":"","overlay-gradient":""},"tablet":{"background-color":"","background-image":"","background-repeat":"repeat","background-position":"center center","background-size":"auto","background-attachment":"scroll","background-type":"","background-media":"","overlay-type":"","overlay-color":"","overlay-opacity":"","overlay-gradient":""},"mobile":{"background-color":"","background-image":"","background-repeat":"repeat","background-position":"center center","background-size":"auto","background-attachment":"scroll","background-type":"","background-media":"","overlay-type":"","overlay-color":"","overlay-opacity":"","overlay-gradient":""}},"ast-content-background-meta":{"desktop":{"background-color":"var(--ast-global-color-5)","background-image":"","background-repeat":"repeat","background-position":"center center","background-size":"auto","background-attachment":"scroll","background-type":"","background-media":"","overlay-type":"","overlay-color":"","overlay-opacity":"","overlay-gradient":""},"tablet":{"background-color":"var(--ast-global-color-5)","background-image":"","background-repeat":"repeat","background-position":"center center","background-size":"auto","background-attachment":"scroll","background-type":"","background-media":"","overlay-type":"","overlay-color":"","overlay-opacity":"","overlay-gradient":""},"mobile":{"background-color":"var(--ast-global-color-5)","background-image":"","background-repeat":"repeat","background-position":"center center","background-size":"auto","background-attachment":"scroll","background-type":"","background-media":"","overlay-type":"","overlay-color":"","overlay-opacity":"","overlay-gradient":""}}},"product_brand":[],"product_cat":[267],"product_tag":[],"class_list":{"0":"post-11463","1":"product","2":"type-product","3":"status-publish","4":"has-post-thumbnail","6":"product_cat-headshop-es","7":"desktop-align-left","8":"tablet-align-center","9":"mobile-align-left","10":"ast-product-gallery-layout-vertical","11":"ast-product-gallery-with-no-image","12":"ast-magnify-disabled","13":"ast-product-tabs-layout-horizontal","15":"first","16":"instock","17":"taxable","18":"shipping-taxable","19":"purchasable","20":"product-type-simple"},"yoast_head":"<!-- This site is optimized with the Yoast SEO Premium plugin v27.2 (Yoast SEO v27.5) - https:\/\/yoast.com\/product\/yoast-seo-premium-wordpress\/ -->\n<title>Bandeja fumador - Metal con tarjeta magn\u00e9tica para molinillo - Purple Haze<\/title>\n<meta name=\"description\" content=\"Bandeja fumador - Metal con tarjeta magn\u00e9tica para grinder - Purple Haze - Productos para fumadores - Headshop Espa\u00f1a - grinders, prospectos y mucho m\u00e1s\" \/>\n<meta name=\"robots\" content=\"index, follow, max-snippet:-1, max-image-preview:large, max-video-preview:-1\" \/>\n<link rel=\"canonical\" href=\"https:\/\/blumiz.com\/es\/producto\/bandeja-fumador-metalica-con-magnetico-afilador-tarjeta-morada-pequena\/\" \/>\n<meta property=\"og:locale\" content=\"es_ES\" \/>\n<meta property=\"og:type\" content=\"article\" \/>\n<meta property=\"og:title\" content=\"Bandeja fumador - Metal con tarjeta magn\u00e9tica para molinillo - Purple Haze - Tama\u00f1o peque\u00f1o\" \/>\n<meta property=\"og:description\" content=\"Bandeja fumador - Metal con tarjeta magn\u00e9tica para molinillo - Purple Haze - Tama\u00f1o peque\u00f1o Blumiz - Premium CBD\" \/>\n<meta property=\"og:url\" content=\"https:\/\/blumiz.com\/es\/producto\/bandeja-fumador-metalica-con-magnetico-afilador-tarjeta-morada-pequena\/\" \/>\n<meta property=\"og:site_name\" content=\"Blumiz - Premium CBD\" \/>\n<meta property=\"article:modified_time\" content=\"2025-10-07T08:46:24+00:00\" \/>\n<meta property=\"og:image\" content=\"https:\/\/blumiz.com\/wp-content\/uploads\/2022\/09\/Best-Buds-Purple-Haze-kleines-Drehtablett-aus-Metall-mit-magnetischer-Grinder-Karte.webp\" \/>\n\t<meta property=\"og:image:width\" content=\"600\" \/>\n\t<meta property=\"og:image:height\" content=\"600\" \/>\n\t<meta property=\"og:image:type\" content=\"image\/webp\" \/>\n<meta name=\"twitter:card\" content=\"summary_large_image\" \/>\n<meta name=\"twitter:label1\" content=\"Precio\" \/>\n\t<meta name=\"twitter:data1\" content=\"6,90&nbsp;&euro;\" \/>\n\t<meta name=\"twitter:label2\" content=\"Disponibilidad\" \/>\n\t<meta name=\"twitter:data2\" content=\"Disponible\" \/>\n<script type=\"application\/ld+json\" class=\"yoast-schema-graph\">{\"@context\":\"https:\\\/\\\/schema.org\",\"@graph\":[{\"@type\":\"WebPage\",\"@id\":\"https:\\\/\\\/blumiz.com\\\/es\\\/producto\\\/bandeja-fumador-metalica-con-magnetico-afilador-tarjeta-morada-pequena\\\/\",\"url\":\"https:\\\/\\\/blumiz.com\\\/es\\\/producto\\\/bandeja-fumador-metalica-con-magnetico-afilador-tarjeta-morada-pequena\\\/\",\"name\":\"Bandeja fumador - Metal con tarjeta magn\u00e9tica para molinillo - Purple Haze\",\"isPartOf\":{\"@id\":\"https:\\\/\\\/blumiz.com\\\/es\\\/#website\"},\"primaryImageOfPage\":{\"@id\":\"https:\\\/\\\/blumiz.com\\\/es\\\/producto\\\/bandeja-fumador-metalica-con-magnetico-afilador-tarjeta-morada-pequena\\\/#primaryimage\"},\"image\":{\"@id\":\"https:\\\/\\\/blumiz.com\\\/es\\\/producto\\\/bandeja-fumador-metalica-con-magnetico-afilador-tarjeta-morada-pequena\\\/#primaryimage\"},\"thumbnailUrl\":\"https:\\\/\\\/blumiz.com\\\/wp-content\\\/uploads\\\/2022\\\/09\\\/Best-Buds-Purple-Haze-kleines-Drehtablett-aus-Metall-mit-magnetischer-Grinder-Karte.webp\",\"datePublished\":\"2022-09-07T06:44:36+00:00\",\"dateModified\":\"2025-10-07T08:46:24+00:00\",\"description\":\"Bandeja fumador - Metal con tarjeta magn\u00e9tica para grinder - Purple Haze - Productos para fumadores - Headshop Espa\u00f1a - grinders, prospectos y mucho m\u00e1s\",\"breadcrumb\":{\"@id\":\"https:\\\/\\\/blumiz.com\\\/es\\\/producto\\\/bandeja-fumador-metalica-con-magnetico-afilador-tarjeta-morada-pequena\\\/#breadcrumb\"},\"inLanguage\":\"es\",\"potentialAction\":[{\"@type\":\"ReadAction\",\"target\":[\"https:\\\/\\\/blumiz.com\\\/es\\\/producto\\\/bandeja-fumador-metalica-con-magnetico-afilador-tarjeta-morada-pequena\\\/\"]}]},{\"@type\":\"ImageObject\",\"inLanguage\":\"es\",\"@id\":\"https:\\\/\\\/blumiz.com\\\/es\\\/producto\\\/bandeja-fumador-metalica-con-magnetico-afilador-tarjeta-morada-pequena\\\/#primaryimage\",\"url\":\"https:\\\/\\\/blumiz.com\\\/wp-content\\\/uploads\\\/2022\\\/09\\\/Best-Buds-Purple-Haze-kleines-Drehtablett-aus-Metall-mit-magnetischer-Grinder-Karte.webp\",\"contentUrl\":\"https:\\\/\\\/blumiz.com\\\/wp-content\\\/uploads\\\/2022\\\/09\\\/Best-Buds-Purple-Haze-kleines-Drehtablett-aus-Metall-mit-magnetischer-Grinder-Karte.webp\",\"width\":600,\"height\":600},{\"@type\":\"BreadcrumbList\",\"@id\":\"https:\\\/\\\/blumiz.com\\\/es\\\/producto\\\/bandeja-fumador-metalica-con-magnetico-afilador-tarjeta-morada-pequena\\\/#breadcrumb\",\"itemListElement\":[{\"@type\":\"ListItem\",\"position\":1,\"name\":\"Blumiz\",\"item\":\"https:\\\/\\\/blumiz.com\\\/es\\\/\"},{\"@type\":\"ListItem\",\"position\":2,\"name\":\"CBD Shop\",\"item\":\"https:\\\/\\\/blumiz.com\\\/es\\\/tienda\\\/\"},{\"@type\":\"ListItem\",\"position\":3,\"name\":\"HeadShop\",\"item\":\"https:\\\/\\\/blumiz.com\\\/es\\\/category\\\/headshop-es\\\/\"},{\"@type\":\"ListItem\",\"position\":4,\"name\":\"Bandeja fumador &#8211; Metal con tarjeta magn\u00e9tica para molinillo &#8211; Purple Haze &#8211; Tama\u00f1o peque\u00f1o\"}]},{\"@type\":\"WebSite\",\"@id\":\"https:\\\/\\\/blumiz.com\\\/es\\\/#website\",\"url\":\"https:\\\/\\\/blumiz.com\\\/es\\\/\",\"name\":\"Blumiz - Premium CBD\",\"description\":\"Un CBD al mejor precio y de calidad superior\",\"publisher\":{\"@id\":\"https:\\\/\\\/blumiz.com\\\/es\\\/#organization\"},\"alternateName\":\"Blumiz\",\"potentialAction\":[{\"@type\":\"SearchAction\",\"target\":{\"@type\":\"EntryPoint\",\"urlTemplate\":\"https:\\\/\\\/blumiz.com\\\/es\\\/?s={search_term_string}\"},\"query-input\":{\"@type\":\"PropertyValueSpecification\",\"valueRequired\":true,\"valueName\":\"search_term_string\"}}],\"inLanguage\":\"es\"},{\"@type\":\"Organization\",\"@id\":\"https:\\\/\\\/blumiz.com\\\/es\\\/#organization\",\"name\":\"Blumiz CBD\",\"alternateName\":\"Blumiz\",\"url\":\"https:\\\/\\\/blumiz.com\\\/es\\\/\",\"logo\":{\"@type\":\"ImageObject\",\"inLanguage\":\"es\",\"@id\":\"https:\\\/\\\/blumiz.com\\\/es\\\/#\\\/schema\\\/logo\\\/image\\\/\",\"url\":\"https:\\\/\\\/blumiz.com\\\/wp-content\\\/uploads\\\/2026\\\/02\\\/cropped-Blumiz-CBD-logo.webp\",\"contentUrl\":\"https:\\\/\\\/blumiz.com\\\/wp-content\\\/uploads\\\/2026\\\/02\\\/cropped-Blumiz-CBD-logo.webp\",\"width\":2547,\"height\":778,\"caption\":\"Blumiz CBD\"},\"image\":{\"@id\":\"https:\\\/\\\/blumiz.com\\\/es\\\/#\\\/schema\\\/logo\\\/image\\\/\"}}]}<\/script>\n<meta property=\"product:price:amount\" content=\"6.90\" \/>\n<meta property=\"product:price:currency\" content=\"EUR\" \/>\n<meta property=\"og:availability\" content=\"instock\" \/>\n<meta property=\"product:availability\" content=\"instock\" \/>\n<meta property=\"product:retailer_item_id\" content=\"6897\" \/>\n<meta property=\"product:condition\" content=\"new\" \/>\n<!-- \/ Yoast SEO Premium plugin. -->","yoast_head_json":{"title":"Bandeja fumador - Metal con tarjeta magn\u00e9tica para molinillo - Purple Haze","description":"Bandeja fumador - Metal con tarjeta magn\u00e9tica para grinder - Purple Haze - Productos para fumadores - Headshop Espa\u00f1a - grinders, prospectos y mucho m\u00e1s","robots":{"index":"index","follow":"follow","max-snippet":"max-snippet:-1","max-image-preview":"max-image-preview:large","max-video-preview":"max-video-preview:-1"},"canonical":"https:\/\/blumiz.com\/es\/producto\/bandeja-fumador-metalica-con-magnetico-afilador-tarjeta-morada-pequena\/","og_locale":"es_ES","og_type":"article","og_title":"Bandeja fumador - Metal con tarjeta magn\u00e9tica para molinillo - Purple Haze - Tama\u00f1o peque\u00f1o","og_description":"Bandeja fumador - Metal con tarjeta magn\u00e9tica para molinillo - Purple Haze - Tama\u00f1o peque\u00f1o Blumiz - Premium CBD","og_url":"https:\/\/blumiz.com\/es\/producto\/bandeja-fumador-metalica-con-magnetico-afilador-tarjeta-morada-pequena\/","og_site_name":"Blumiz - Premium CBD","article_modified_time":"2025-10-07T08:46:24+00:00","og_image":[{"width":600,"height":600,"url":"https:\/\/blumiz.com\/wp-content\/uploads\/2022\/09\/Best-Buds-Purple-Haze-kleines-Drehtablett-aus-Metall-mit-magnetischer-Grinder-Karte.webp","type":"image\/webp"}],"twitter_card":"summary_large_image","twitter_misc":{"Precio":"6,90&nbsp;&euro;","Disponibilidad":"Disponible"},"schema":{"@context":"https:\/\/schema.org","@graph":[{"@type":"WebPage","@id":"https:\/\/blumiz.com\/es\/producto\/bandeja-fumador-metalica-con-magnetico-afilador-tarjeta-morada-pequena\/","url":"https:\/\/blumiz.com\/es\/producto\/bandeja-fumador-metalica-con-magnetico-afilador-tarjeta-morada-pequena\/","name":"Bandeja fumador - Metal con tarjeta magn\u00e9tica para molinillo - Purple Haze","isPartOf":{"@id":"https:\/\/blumiz.com\/es\/#website"},"primaryImageOfPage":{"@id":"https:\/\/blumiz.com\/es\/producto\/bandeja-fumador-metalica-con-magnetico-afilador-tarjeta-morada-pequena\/#primaryimage"},"image":{"@id":"https:\/\/blumiz.com\/es\/producto\/bandeja-fumador-metalica-con-magnetico-afilador-tarjeta-morada-pequena\/#primaryimage"},"thumbnailUrl":"https:\/\/blumiz.com\/wp-content\/uploads\/2022\/09\/Best-Buds-Purple-Haze-kleines-Drehtablett-aus-Metall-mit-magnetischer-Grinder-Karte.webp","datePublished":"2022-09-07T06:44:36+00:00","dateModified":"2025-10-07T08:46:24+00:00","description":"Bandeja fumador - Metal con tarjeta magn\u00e9tica para grinder - Purple Haze - Productos para fumadores - Headshop Espa\u00f1a - grinders, prospectos y mucho m\u00e1s","breadcrumb":{"@id":"https:\/\/blumiz.com\/es\/producto\/bandeja-fumador-metalica-con-magnetico-afilador-tarjeta-morada-pequena\/#breadcrumb"},"inLanguage":"es","potentialAction":[{"@type":"ReadAction","target":["https:\/\/blumiz.com\/es\/producto\/bandeja-fumador-metalica-con-magnetico-afilador-tarjeta-morada-pequena\/"]}]},{"@type":"ImageObject","inLanguage":"es","@id":"https:\/\/blumiz.com\/es\/producto\/bandeja-fumador-metalica-con-magnetico-afilador-tarjeta-morada-pequena\/#primaryimage","url":"https:\/\/blumiz.com\/wp-content\/uploads\/2022\/09\/Best-Buds-Purple-Haze-kleines-Drehtablett-aus-Metall-mit-magnetischer-Grinder-Karte.webp","contentUrl":"https:\/\/blumiz.com\/wp-content\/uploads\/2022\/09\/Best-Buds-Purple-Haze-kleines-Drehtablett-aus-Metall-mit-magnetischer-Grinder-Karte.webp","width":600,"height":600},{"@type":"BreadcrumbList","@id":"https:\/\/blumiz.com\/es\/producto\/bandeja-fumador-metalica-con-magnetico-afilador-tarjeta-morada-pequena\/#breadcrumb","itemListElement":[{"@type":"ListItem","position":1,"name":"Blumiz","item":"https:\/\/blumiz.com\/es\/"},{"@type":"ListItem","position":2,"name":"CBD Shop","item":"https:\/\/blumiz.com\/es\/tienda\/"},{"@type":"ListItem","position":3,"name":"HeadShop","item":"https:\/\/blumiz.com\/es\/category\/headshop-es\/"},{"@type":"ListItem","position":4,"name":"Bandeja fumador &#8211; Metal con tarjeta magn\u00e9tica para molinillo &#8211; Purple Haze &#8211; Tama\u00f1o peque\u00f1o"}]},{"@type":"WebSite","@id":"https:\/\/blumiz.com\/es\/#website","url":"https:\/\/blumiz.com\/es\/","name":"Blumiz - Premium CBD","description":"Un CBD al mejor precio y de calidad superior","publisher":{"@id":"https:\/\/blumiz.com\/es\/#organization"},"alternateName":"Blumiz","potentialAction":[{"@type":"SearchAction","target":{"@type":"EntryPoint","urlTemplate":"https:\/\/blumiz.com\/es\/?s={search_term_string}"},"query-input":{"@type":"PropertyValueSpecification","valueRequired":true,"valueName":"search_term_string"}}],"inLanguage":"es"},{"@type":"Organization","@id":"https:\/\/blumiz.com\/es\/#organization","name":"Blumiz CBD","alternateName":"Blumiz","url":"https:\/\/blumiz.com\/es\/","logo":{"@type":"ImageObject","inLanguage":"es","@id":"https:\/\/blumiz.com\/es\/#\/schema\/logo\/image\/","url":"https:\/\/blumiz.com\/wp-content\/uploads\/2026\/02\/cropped-Blumiz-CBD-logo.webp","contentUrl":"https:\/\/blumiz.com\/wp-content\/uploads\/2026\/02\/cropped-Blumiz-CBD-logo.webp","width":2547,"height":778,"caption":"Blumiz CBD"},"image":{"@id":"https:\/\/blumiz.com\/es\/#\/schema\/logo\/image\/"}}]},"product_price_amount":"6.90","product_price_currency":"EUR","og_availability":"instock","product_availability":"instock","product_retailer_item_id":"6897","product_condition":"new"},"_links":{"self":[{"href":"https:\/\/blumiz.com\/es\/wp-json\/wp\/v2\/product\/11463","targetHints":{"allow":["GET"]}}],"collection":[{"href":"https:\/\/blumiz.com\/es\/wp-json\/wp\/v2\/product"}],"about":[{"href":"https:\/\/blumiz.com\/es\/wp-json\/wp\/v2\/types\/product"}],"replies":[{"embeddable":true,"href":"https:\/\/blumiz.com\/es\/wp-json\/wp\/v2\/comments?post=11463"}],"version-history":[{"count":0,"href":"https:\/\/blumiz.com\/es\/wp-json\/wp\/v2\/product\/11463\/revisions"}],"wp:featuredmedia":[{"embeddable":true,"href":"https:\/\/blumiz.com\/es\/wp-json\/wp\/v2\/media\/10437"}],"wp:attachment":[{"href":"https:\/\/blumiz.com\/es\/wp-json\/wp\/v2\/media?parent=11463"}],"wp:term":[{"taxonomy":"product_brand","embeddable":true,"href":"https:\/\/blumiz.com\/es\/wp-json\/wp\/v2\/product_brand?post=11463"},{"taxonomy":"product_cat","embeddable":true,"href":"https:\/\/blumiz.com\/es\/wp-json\/wp\/v2\/product_cat?post=11463"},{"taxonomy":"product_tag","embeddable":true,"href":"https:\/\/blumiz.com\/es\/wp-json\/wp\/v2\/product_tag?post=11463"}],"curies":[{"name":"wp","href":"https:\/\/api.w.org\/{rel}","templated":true}]}}