{"id":11468,"date":"2021-03-07T09:00:55","date_gmt":"2021-03-07T08:00:55","guid":{"rendered":"https:\/\/blumiz.com\/produkt\/aceite-de-cbd-3-enecta\/"},"modified":"2025-02-11T13:34:12","modified_gmt":"2025-02-11T12:34:12","slug":"cbd-oel-3-enecta","status":"publish","type":"product","link":"https:\/\/blumiz.com\/es\/producto\/cbd-oel-3-enecta\/","title":{"rendered":"ACEITE DE CBD 3% Enecta"},"content":{"rendered":"<h2>Descripci\u00f3n ACEITE DE CBD 3% Enecta<\/h2>\n<p>Enecta es un extracto de c\u00e1\u00f1amo de alta calidad con un 3% de CBD. Es ideal para los consumidores de CBD que buscan un producto con cannabidiol a un precio asequible. El aceite de CBD Enecta 3% se extrae cuidadosamente de plantas de c\u00e1\u00f1amo cultivadas en Italia. Las plantas se cultivan org\u00e1nicamente para mantenerlas libres de herbicidas que podr\u00edan envenenar el aceite, garantizando que los extractos sean aceite de c\u00e1\u00f1amo puro y terpenos naturales. Tras la extracci\u00f3n, se comprueba el contenido de THC del aceite antes de envasarlo en botellas de 10 ml.<\/p>\n<p>Los estudios confirman los beneficios del CBD para mejorar el estado de \u00e1nimo y reducir la ansiedad y el miedo. Podr\u00edamos decir que este producto es ideal para refrescar y energizar el cuerpo en cualquier momento del d\u00eda.<\/p>\n<p>Este producto es f\u00e1cil de usar, y como ya se ha mencionado, su<\/p>\n","protected":false},"excerpt":{"rendered":"<h2>Aceite de CBD Enecta 3%.<\/h2>\n<p>El aceite de CBD Enecta 3% puede describirse como nuestro &#8220;nivel de entrada&#8221;, m\u00e1s bien un producto especialmente adecuado para nuevos clientes que a\u00fan no han probado los beneficios del CBD.<\/p>\n<p>El producto CBD puede utilizarse como suplemento natural, gracias a su efecto beneficioso es ideal para lograr el bienestar diario.<\/p>\n","protected":false},"featured_media":10452,"comment_status":"open","ping_status":"closed","template":"","meta":{"site-sidebar-layout":"default","site-content-layout":"default","ast-site-content-layout":"default","site-content-style":"default","site-sidebar-style":"default","ast-global-header-display":"","ast-banner-title-visibility":"","ast-main-header-display":"","ast-hfb-above-header-display":"","ast-hfb-below-header-display":"","ast-hfb-mobile-header-display":"","site-post-title":"","ast-breadcrumbs-content":"","ast-featured-img":"","footer-sml-layout":"","ast-disable-related-posts":"","theme-transparent-header-meta":"default","adv-header-id-meta":"","stick-header-meta":"default","header-above-stick-meta":"","header-main-stick-meta":"","header-below-stick-meta":"","astra-migrate-meta-layouts":"default","ast-page-background-enabled":"default","ast-page-background-meta":{"desktop":{"background-color":"","background-image":"","background-repeat":"repeat","background-position":"center center","background-size":"auto","background-attachment":"scroll","background-type":"","background-media":"","overlay-type":"","overlay-color":"","overlay-opacity":"","overlay-gradient":""},"tablet":{"background-color":"","background-image":"","background-repeat":"repeat","background-position":"center center","background-size":"auto","background-attachment":"scroll","background-type":"","background-media":"","overlay-type":"","overlay-color":"","overlay-opacity":"","overlay-gradient":""},"mobile":{"background-color":"","background-image":"","background-repeat":"repeat","background-position":"center center","background-size":"auto","background-attachment":"scroll","background-type":"","background-media":"","overlay-type":"","overlay-color":"","overlay-opacity":"","overlay-gradient":""}},"ast-content-background-meta":{"desktop":{"background-color":"var(--ast-global-color-5)","background-image":"","background-repeat":"repeat","background-position":"center center","background-size":"auto","background-attachment":"scroll","background-type":"","background-media":"","overlay-type":"","overlay-color":"","overlay-opacity":"","overlay-gradient":""},"tablet":{"background-color":"var(--ast-global-color-5)","background-image":"","background-repeat":"repeat","background-position":"center center","background-size":"auto","background-attachment":"scroll","background-type":"","background-media":"","overlay-type":"","overlay-color":"","overlay-opacity":"","overlay-gradient":""},"mobile":{"background-color":"var(--ast-global-color-5)","background-image":"","background-repeat":"repeat","background-position":"center center","background-size":"auto","background-attachment":"scroll","background-type":"","background-media":"","overlay-type":"","overlay-color":"","overlay-opacity":"","overlay-gradient":""}}},"product_brand":[],"product_cat":[273,271,305],"product_tag":[],"class_list":{"0":"post-11468","1":"product","2":"type-product","3":"status-publish","4":"has-post-thumbnail","6":"product_cat-aceites-y-capsulas","7":"product_cat-bienestar-cbd","8":"product_cat-cbd-es","9":"pa_cbd-rate-mas-del-20-de-cbd","10":"desktop-align-left","11":"tablet-align-center","12":"mobile-align-left","13":"ast-product-gallery-layout-vertical","14":"ast-product-gallery-with-no-image","15":"ast-magnify-disabled","16":"ast-product-tabs-layout-horizontal","18":"first","19":"instock","20":"taxable","21":"shipping-taxable","22":"purchasable","23":"product-type-simple"},"yoast_head":"<!-- This site is optimized with the Yoast SEO Premium plugin v27.2 (Yoast SEO v27.4) - https:\/\/yoast.com\/product\/yoast-seo-premium-wordpress\/ -->\n<title>Aceite de CBD Enecta 3% - Calidad al mejor precio - Blumiz CBD<\/title>\n<meta name=\"description\" content=\"Aceite de CBD Enecta 3% - Aceite de CBD barato - Calidad al mejor precio -\u00a1Entrega r\u00e1pida! Aceite de CBD en Espa\u00f1a - Blumiz CBD - Blumiz - Premium CBD.\" \/>\n<meta name=\"robots\" content=\"index, follow, max-snippet:-1, max-image-preview:large, max-video-preview:-1\" \/>\n<link rel=\"canonical\" href=\"https:\/\/blumiz.com\/es\/producto\/cbd-oel-3-enecta\/\" \/>\n<meta property=\"og:locale\" content=\"es_ES\" \/>\n<meta property=\"og:type\" content=\"article\" \/>\n<meta property=\"og:title\" content=\"ACEITE DE CBD 3% Enecta\" \/>\n<meta property=\"og:description\" content=\"ACEITE DE CBD 3% Enecta Blumiz - Premium CBD\" \/>\n<meta property=\"og:url\" content=\"https:\/\/blumiz.com\/es\/producto\/cbd-oel-3-enecta\/\" \/>\n<meta property=\"og:site_name\" content=\"Blumiz - Premium CBD\" \/>\n<meta property=\"article:modified_time\" content=\"2025-02-11T12:34:12+00:00\" \/>\n<meta property=\"og:image\" content=\"https:\/\/blumiz.com\/wp-content\/uploads\/2022\/09\/Enecta-3-CBD-O\u0308l-300-mg-10-ml.webp\" \/>\n\t<meta property=\"og:image:width\" content=\"600\" \/>\n\t<meta property=\"og:image:height\" content=\"598\" \/>\n\t<meta property=\"og:image:type\" content=\"image\/webp\" \/>\n<meta name=\"twitter:card\" content=\"summary_large_image\" \/>\n<meta name=\"twitter:label1\" content=\"Precio\" \/>\n\t<meta name=\"twitter:data1\" content=\"12,95&nbsp;&euro;\" \/>\n\t<meta name=\"twitter:label2\" content=\"Disponibilidad\" \/>\n\t<meta name=\"twitter:data2\" content=\"Disponible\" \/>\n<script type=\"application\/ld+json\" class=\"yoast-schema-graph\">{\"@context\":\"https:\\\/\\\/schema.org\",\"@graph\":[{\"@type\":\"WebPage\",\"@id\":\"https:\\\/\\\/blumiz.com\\\/es\\\/producto\\\/cbd-oel-3-enecta\\\/\",\"url\":\"https:\\\/\\\/blumiz.com\\\/es\\\/producto\\\/cbd-oel-3-enecta\\\/\",\"name\":\"Aceite de CBD Enecta 3% - Calidad al mejor precio - Blumiz CBD\",\"isPartOf\":{\"@id\":\"https:\\\/\\\/blumiz.com\\\/es\\\/#website\"},\"primaryImageOfPage\":{\"@id\":\"https:\\\/\\\/blumiz.com\\\/es\\\/producto\\\/cbd-oel-3-enecta\\\/#primaryimage\"},\"image\":{\"@id\":\"https:\\\/\\\/blumiz.com\\\/es\\\/producto\\\/cbd-oel-3-enecta\\\/#primaryimage\"},\"thumbnailUrl\":\"https:\\\/\\\/blumiz.com\\\/wp-content\\\/uploads\\\/2022\\\/09\\\/Enecta-3-CBD-O\u0308l-300-mg-10-ml.webp\",\"datePublished\":\"2021-03-07T08:00:55+00:00\",\"dateModified\":\"2025-02-11T12:34:12+00:00\",\"description\":\"Aceite de CBD Enecta 3% - Aceite de CBD barato - Calidad al mejor precio -\u00a1Entrega r\u00e1pida! Aceite de CBD en Espa\u00f1a - Blumiz CBD - Blumiz - Premium CBD.\",\"breadcrumb\":{\"@id\":\"https:\\\/\\\/blumiz.com\\\/es\\\/producto\\\/cbd-oel-3-enecta\\\/#breadcrumb\"},\"inLanguage\":\"es\",\"potentialAction\":[{\"@type\":\"ReadAction\",\"target\":[\"https:\\\/\\\/blumiz.com\\\/es\\\/producto\\\/cbd-oel-3-enecta\\\/\"]}]},{\"@type\":\"ImageObject\",\"inLanguage\":\"es\",\"@id\":\"https:\\\/\\\/blumiz.com\\\/es\\\/producto\\\/cbd-oel-3-enecta\\\/#primaryimage\",\"url\":\"https:\\\/\\\/blumiz.com\\\/wp-content\\\/uploads\\\/2022\\\/09\\\/Enecta-3-CBD-O\u0308l-300-mg-10-ml.webp\",\"contentUrl\":\"https:\\\/\\\/blumiz.com\\\/wp-content\\\/uploads\\\/2022\\\/09\\\/Enecta-3-CBD-O\u0308l-300-mg-10-ml.webp\",\"width\":600,\"height\":598},{\"@type\":\"BreadcrumbList\",\"@id\":\"https:\\\/\\\/blumiz.com\\\/es\\\/producto\\\/cbd-oel-3-enecta\\\/#breadcrumb\",\"itemListElement\":[{\"@type\":\"ListItem\",\"position\":1,\"name\":\"Blumiz\",\"item\":\"https:\\\/\\\/blumiz.com\\\/es\\\/\"},{\"@type\":\"ListItem\",\"position\":2,\"name\":\"CBD Shop\",\"item\":\"https:\\\/\\\/blumiz.com\\\/es\\\/tienda\\\/\"},{\"@type\":\"ListItem\",\"position\":3,\"name\":\"Bienestar CBD\",\"item\":\"https:\\\/\\\/blumiz.com\\\/es\\\/category\\\/bienestar-cbd\\\/\"},{\"@type\":\"ListItem\",\"position\":4,\"name\":\"Aceites y c\u00e1psulas\",\"item\":\"https:\\\/\\\/blumiz.com\\\/es\\\/category\\\/bienestar-cbd\\\/aceites-y-capsulas\\\/\"},{\"@type\":\"ListItem\",\"position\":5,\"name\":\"ACEITE DE CBD 3% Enecta\"}]},{\"@type\":\"WebSite\",\"@id\":\"https:\\\/\\\/blumiz.com\\\/es\\\/#website\",\"url\":\"https:\\\/\\\/blumiz.com\\\/es\\\/\",\"name\":\"Blumiz - Premium CBD\",\"description\":\"Un CBD al mejor precio y de calidad superior\",\"publisher\":{\"@id\":\"https:\\\/\\\/blumiz.com\\\/es\\\/#organization\"},\"alternateName\":\"Blumiz\",\"potentialAction\":[{\"@type\":\"SearchAction\",\"target\":{\"@type\":\"EntryPoint\",\"urlTemplate\":\"https:\\\/\\\/blumiz.com\\\/es\\\/?s={search_term_string}\"},\"query-input\":{\"@type\":\"PropertyValueSpecification\",\"valueRequired\":true,\"valueName\":\"search_term_string\"}}],\"inLanguage\":\"es\"},{\"@type\":\"Organization\",\"@id\":\"https:\\\/\\\/blumiz.com\\\/es\\\/#organization\",\"name\":\"Blumiz CBD\",\"alternateName\":\"Blumiz\",\"url\":\"https:\\\/\\\/blumiz.com\\\/es\\\/\",\"logo\":{\"@type\":\"ImageObject\",\"inLanguage\":\"es\",\"@id\":\"https:\\\/\\\/blumiz.com\\\/es\\\/#\\\/schema\\\/logo\\\/image\\\/\",\"url\":\"https:\\\/\\\/blumiz.com\\\/wp-content\\\/uploads\\\/2026\\\/02\\\/cropped-Blumiz-CBD-logo.webp\",\"contentUrl\":\"https:\\\/\\\/blumiz.com\\\/wp-content\\\/uploads\\\/2026\\\/02\\\/cropped-Blumiz-CBD-logo.webp\",\"width\":2547,\"height\":778,\"caption\":\"Blumiz CBD\"},\"image\":{\"@id\":\"https:\\\/\\\/blumiz.com\\\/es\\\/#\\\/schema\\\/logo\\\/image\\\/\"}}]}<\/script>\n<meta property=\"product:price:amount\" content=\"12.95\" \/>\n<meta property=\"product:price:currency\" content=\"EUR\" \/>\n<meta property=\"og:availability\" content=\"instock\" \/>\n<meta property=\"product:availability\" content=\"instock\" \/>\n<meta property=\"product:retailer_item_id\" content=\"11935\" \/>\n<meta property=\"product:condition\" content=\"new\" \/>\n<!-- \/ Yoast SEO Premium plugin. -->","yoast_head_json":{"title":"Aceite de CBD Enecta 3% - Calidad al mejor precio - Blumiz CBD","description":"Aceite de CBD Enecta 3% - Aceite de CBD barato - Calidad al mejor precio -\u00a1Entrega r\u00e1pida! Aceite de CBD en Espa\u00f1a - Blumiz CBD - Blumiz - Premium CBD.","robots":{"index":"index","follow":"follow","max-snippet":"max-snippet:-1","max-image-preview":"max-image-preview:large","max-video-preview":"max-video-preview:-1"},"canonical":"https:\/\/blumiz.com\/es\/producto\/cbd-oel-3-enecta\/","og_locale":"es_ES","og_type":"article","og_title":"ACEITE DE CBD 3% Enecta","og_description":"ACEITE DE CBD 3% Enecta Blumiz - Premium CBD","og_url":"https:\/\/blumiz.com\/es\/producto\/cbd-oel-3-enecta\/","og_site_name":"Blumiz - Premium CBD","article_modified_time":"2025-02-11T12:34:12+00:00","og_image":[{"width":600,"height":598,"url":"https:\/\/blumiz.com\/wp-content\/uploads\/2022\/09\/Enecta-3-CBD-O\u0308l-300-mg-10-ml.webp","type":"image\/webp"}],"twitter_card":"summary_large_image","twitter_misc":{"Precio":"12,95&nbsp;&euro;","Disponibilidad":"Disponible"},"schema":{"@context":"https:\/\/schema.org","@graph":[{"@type":"WebPage","@id":"https:\/\/blumiz.com\/es\/producto\/cbd-oel-3-enecta\/","url":"https:\/\/blumiz.com\/es\/producto\/cbd-oel-3-enecta\/","name":"Aceite de CBD Enecta 3% - Calidad al mejor precio - Blumiz CBD","isPartOf":{"@id":"https:\/\/blumiz.com\/es\/#website"},"primaryImageOfPage":{"@id":"https:\/\/blumiz.com\/es\/producto\/cbd-oel-3-enecta\/#primaryimage"},"image":{"@id":"https:\/\/blumiz.com\/es\/producto\/cbd-oel-3-enecta\/#primaryimage"},"thumbnailUrl":"https:\/\/blumiz.com\/wp-content\/uploads\/2022\/09\/Enecta-3-CBD-O\u0308l-300-mg-10-ml.webp","datePublished":"2021-03-07T08:00:55+00:00","dateModified":"2025-02-11T12:34:12+00:00","description":"Aceite de CBD Enecta 3% - Aceite de CBD barato - Calidad al mejor precio -\u00a1Entrega r\u00e1pida! Aceite de CBD en Espa\u00f1a - Blumiz CBD - Blumiz - Premium CBD.","breadcrumb":{"@id":"https:\/\/blumiz.com\/es\/producto\/cbd-oel-3-enecta\/#breadcrumb"},"inLanguage":"es","potentialAction":[{"@type":"ReadAction","target":["https:\/\/blumiz.com\/es\/producto\/cbd-oel-3-enecta\/"]}]},{"@type":"ImageObject","inLanguage":"es","@id":"https:\/\/blumiz.com\/es\/producto\/cbd-oel-3-enecta\/#primaryimage","url":"https:\/\/blumiz.com\/wp-content\/uploads\/2022\/09\/Enecta-3-CBD-O\u0308l-300-mg-10-ml.webp","contentUrl":"https:\/\/blumiz.com\/wp-content\/uploads\/2022\/09\/Enecta-3-CBD-O\u0308l-300-mg-10-ml.webp","width":600,"height":598},{"@type":"BreadcrumbList","@id":"https:\/\/blumiz.com\/es\/producto\/cbd-oel-3-enecta\/#breadcrumb","itemListElement":[{"@type":"ListItem","position":1,"name":"Blumiz","item":"https:\/\/blumiz.com\/es\/"},{"@type":"ListItem","position":2,"name":"CBD Shop","item":"https:\/\/blumiz.com\/es\/tienda\/"},{"@type":"ListItem","position":3,"name":"Bienestar CBD","item":"https:\/\/blumiz.com\/es\/category\/bienestar-cbd\/"},{"@type":"ListItem","position":4,"name":"Aceites y c\u00e1psulas","item":"https:\/\/blumiz.com\/es\/category\/bienestar-cbd\/aceites-y-capsulas\/"},{"@type":"ListItem","position":5,"name":"ACEITE DE CBD 3% Enecta"}]},{"@type":"WebSite","@id":"https:\/\/blumiz.com\/es\/#website","url":"https:\/\/blumiz.com\/es\/","name":"Blumiz - Premium CBD","description":"Un CBD al mejor precio y de calidad superior","publisher":{"@id":"https:\/\/blumiz.com\/es\/#organization"},"alternateName":"Blumiz","potentialAction":[{"@type":"SearchAction","target":{"@type":"EntryPoint","urlTemplate":"https:\/\/blumiz.com\/es\/?s={search_term_string}"},"query-input":{"@type":"PropertyValueSpecification","valueRequired":true,"valueName":"search_term_string"}}],"inLanguage":"es"},{"@type":"Organization","@id":"https:\/\/blumiz.com\/es\/#organization","name":"Blumiz CBD","alternateName":"Blumiz","url":"https:\/\/blumiz.com\/es\/","logo":{"@type":"ImageObject","inLanguage":"es","@id":"https:\/\/blumiz.com\/es\/#\/schema\/logo\/image\/","url":"https:\/\/blumiz.com\/wp-content\/uploads\/2026\/02\/cropped-Blumiz-CBD-logo.webp","contentUrl":"https:\/\/blumiz.com\/wp-content\/uploads\/2026\/02\/cropped-Blumiz-CBD-logo.webp","width":2547,"height":778,"caption":"Blumiz CBD"},"image":{"@id":"https:\/\/blumiz.com\/es\/#\/schema\/logo\/image\/"}}]},"product_price_amount":"12.95","product_price_currency":"EUR","og_availability":"instock","product_availability":"instock","product_retailer_item_id":"11935","product_condition":"new"},"_links":{"self":[{"href":"https:\/\/blumiz.com\/es\/wp-json\/wp\/v2\/product\/11468","targetHints":{"allow":["GET"]}}],"collection":[{"href":"https:\/\/blumiz.com\/es\/wp-json\/wp\/v2\/product"}],"about":[{"href":"https:\/\/blumiz.com\/es\/wp-json\/wp\/v2\/types\/product"}],"replies":[{"embeddable":true,"href":"https:\/\/blumiz.com\/es\/wp-json\/wp\/v2\/comments?post=11468"}],"version-history":[{"count":0,"href":"https:\/\/blumiz.com\/es\/wp-json\/wp\/v2\/product\/11468\/revisions"}],"wp:featuredmedia":[{"embeddable":true,"href":"https:\/\/blumiz.com\/es\/wp-json\/wp\/v2\/media\/10452"}],"wp:attachment":[{"href":"https:\/\/blumiz.com\/es\/wp-json\/wp\/v2\/media?parent=11468"}],"wp:term":[{"taxonomy":"product_brand","embeddable":true,"href":"https:\/\/blumiz.com\/es\/wp-json\/wp\/v2\/product_brand?post=11468"},{"taxonomy":"product_cat","embeddable":true,"href":"https:\/\/blumiz.com\/es\/wp-json\/wp\/v2\/product_cat?post=11468"},{"taxonomy":"product_tag","embeddable":true,"href":"https:\/\/blumiz.com\/es\/wp-json\/wp\/v2\/product_tag?post=11468"}],"curies":[{"name":"wp","href":"https:\/\/api.w.org\/{rel}","templated":true}]}}