{"id":11469,"date":"2021-12-20T14:16:44","date_gmt":"2021-12-20T13:16:44","guid":{"rendered":"https:\/\/blumiz.com\/produkt\/acdc-cbd-flores-cbd-13\/"},"modified":"2025-02-06T21:37:02","modified_gmt":"2025-02-06T20:37:02","slug":"acdc-cbd","status":"publish","type":"product","link":"https:\/\/blumiz.com\/es\/producto\/acdc-cbd\/","title":{"rendered":"ACDC CBD &#8211; Flores CBD 13%"},"content":{"rendered":"<h2><span style=\"color: #107d85;\">Flores CBD ACDC CBD Outdoor 13  <\/span><\/h2>\n<h4><span style=\"color: #ff6600;\">El origen de ACDC CBD  <\/span><\/h4>\n<p>Originaria de California, la variedad de cannabis ACDC CBD es un <strong>h\u00edbrido naturalmente rico en CBD<\/strong>. Nacido de un cruce cient\u00edfico entre Ruderalis y Cannatonic, ACDC es conocido por <strong>su efecto relajante y su efecto positivo contra el dolor y la ansiedad<\/strong>. Gracias a su <strong>dominancia sativa<\/strong>, esta cepa es ideal para el consumo diurno.<\/p>\n<p>Adem\u00e1s, es importante destacar que esta flor de ACDC est\u00e1 completamente libre de THC (tetrahidrocannabinol), la mol\u00e9cula responsable de los efectos psicoactivos del cannabis. S\u00f3lo CBD (cannabidiol) y por lo tanto las <strong>virtudes terap\u00e9uticas del c\u00e1\u00f1amo<\/strong> se ofrecen a usted con esta flor ACDC. Cultivadas seg\u00fan las leyes europeas y las reglas del arte, Flores CBD de ACDC pasan por varios controles que certifican su \u00f3ptima calidad.<\/p>\n<h4><span style=\"color: #ff6600;\">Las ventajas del ACDC<\/span><\/h4>\n<p>Con su <strong>13% de CBD<\/strong>, la variedad ACDC est\u00e1 perfectamente equilibrada y puede satisfacer a la mayor\u00eda de los consumidores. <strong>Ni demasiado fuerte ni demasiado d\u00e9bil<\/strong>, este contenido en CBD te ofrece un <strong>efecto relajante casi inmediato<\/strong>, sin efectos psicoactivos ni sedantes.  Gracias a su <strong>herencia sativa<\/strong>, no te quedar\u00e1s dormido. Por el contrario, esta variedad de cannabis es bastante <strong>estimulante a nivel cerebral<\/strong>. Suele utilizarse para <strong>aliviar el dolor cr\u00f3nico, relajar los m\u00fasculos y combatir el estr\u00e9s y la ansiedad<\/strong>.<\/p>\n<p>Consumido a lo largo del d\u00eda, <strong>mejora<\/strong> <strong>la concentraci\u00f3n, la motivaci\u00f3n y la productividad<\/strong>. Tomado por la noche, <strong>favorece el sue\u00f1o y permite un sue\u00f1o reparador<\/strong>. Suave y relajante, la flor ACDC CBD simplemente te hace sentir m\u00e1s feliz y mucho menos estresado.<\/p>\n<h4><span style=\"color: #ff6600;\">Sabores de la ACDC<\/span><\/h4>\n<p>ACDC Flower presenta <strong>delicadas notas de miel y lim\u00f3n<\/strong>, realzadas por un <strong>regusto terroso y amaderado<\/strong>.<\/p>\n<p>Si tienes un olfato lo suficientemente fino, podr\u00e1s oler el <strong>aroma a c\u00edtricos y gas\u00f3leo<\/strong> incluso mientras lo desmenuzas. Para consumir sus flores de ACDC de forma saludable, puede <strong>infusionarlas en una bebida caliente<\/strong> o <strong>utilizar un vaporizador de alta calidad<\/strong> si prefiere la inhalaci\u00f3n. De cualquier forma, te seducir\u00e1n sus <strong>notas dulces y a la vez especiadas<\/strong> que embriagan la habitaci\u00f3n. <strong>Aromas calmantes y fuertes efectos relajantes<\/strong> es lo que puedes esperar de la incre\u00edble flor CBD ACDC.<\/p>\n<p>Si buscas otras variedades a buen precio, tambi\u00e9n te recomendamos que pruebes nuestra <a href=\"https:\/\/blumiz.com\/producto\/skunk-cbd-original\/\">Skunk Original<\/a> o nuestra <a href=\"https:\/\/blumiz.com\/producto\/cbd-small-bud-indoor-mix-9\/\">Small buds Mix Indoor<\/a>.<\/p>\n<p>Si busca una variedad de la m\u00e1xima calidad, le recomendamos <a href=\"https:\/\/blumiz.com\/producto\/ivory-cbd\/\">Ivory<\/a> o <a href=\"https:\/\/blumiz.com\/producto\/amnesia-cbd\/\">Amnesia<\/a><\/p>\n<h4><\/h4>\n<h4><span style=\"color: #ff6600;\">M\u00e1s informaci\u00f3n :<\/span><\/h4>\n<p>Estos productos naturales de CBD no est\u00e1n contaminados con herbicidas, pesticidas ni fertilizantes qu\u00edmicos y se envasan en bolsitas opacas de olor neutro.<\/p>\n<p>Descubra aqu\u00ed tambi\u00e9n nuestro <a href=\"https:\/\/blumiz.com\/es\/category\/hachis-y-concentrados\/\">CBD Hachis<\/a><\/p>\n<p>Una pregunta, \u00bfnecesitas ayuda?  <a href=\"https:\/\/blumiz.com\/hilfe-und-faqs\/\">Haga clic aqu\u00ed para descubrir nuestro centro de ayuda.<\/a><\/p>\n<p>Descubre nuestros <a href=\"https:\/\/blumiz.com\/es\/category\/headshop-es\/\">productos y accesorios Headshop<\/a> para disfrutar de tus variedades favoritas<\/p>\n<p>&nbsp;<\/p>\n<p>&nbsp;<\/p>\n","protected":false},"excerpt":{"rendered":"<h4><span style=\"color: #107d85;\">Marihuana CBD <\/span><span style=\"color: #107d85;\">ACDC CBD Outdoor 13 <\/span> <\/h4>\n<p>Efecto y sabor en la cita con el Bud de CBD ACDC<\/p>\n<p>Enriquecidas con un 13% de CBD, las Flores CBD ACDC Flores CBD son perfectas para relajarse. Outdoor Esta cepa cultivada en contiene menos de un 0,2 % de THC y revela sabores de pino y lim\u00f3n.<\/p>\n","protected":false},"featured_media":10413,"comment_status":"open","ping_status":"closed","template":"","meta":{"site-sidebar-layout":"default","site-content-layout":"default","ast-site-content-layout":"default","site-content-style":"default","site-sidebar-style":"default","ast-global-header-display":"","ast-banner-title-visibility":"","ast-main-header-display":"","ast-hfb-above-header-display":"","ast-hfb-below-header-display":"","ast-hfb-mobile-header-display":"","site-post-title":"","ast-breadcrumbs-content":"","ast-featured-img":"","footer-sml-layout":"","ast-disable-related-posts":"","theme-transparent-header-meta":"default","adv-header-id-meta":"","stick-header-meta":"default","header-above-stick-meta":"","header-main-stick-meta":"","header-below-stick-meta":"","astra-migrate-meta-layouts":"default","ast-page-background-enabled":"default","ast-page-background-meta":{"desktop":{"background-color":"","background-image":"","background-repeat":"repeat","background-position":"center center","background-size":"auto","background-attachment":"scroll","background-type":"","background-media":"","overlay-type":"","overlay-color":"","overlay-opacity":"","overlay-gradient":""},"tablet":{"background-color":"","background-image":"","background-repeat":"repeat","background-position":"center center","background-size":"auto","background-attachment":"scroll","background-type":"","background-media":"","overlay-type":"","overlay-color":"","overlay-opacity":"","overlay-gradient":""},"mobile":{"background-color":"","background-image":"","background-repeat":"repeat","background-position":"center center","background-size":"auto","background-attachment":"scroll","background-type":"","background-media":"","overlay-type":"","overlay-color":"","overlay-opacity":"","overlay-gradient":""}},"ast-content-background-meta":{"desktop":{"background-color":"var(--ast-global-color-5)","background-image":"","background-repeat":"repeat","background-position":"center center","background-size":"auto","background-attachment":"scroll","background-type":"","background-media":"","overlay-type":"","overlay-color":"","overlay-opacity":"","overlay-gradient":""},"tablet":{"background-color":"var(--ast-global-color-5)","background-image":"","background-repeat":"repeat","background-position":"center center","background-size":"auto","background-attachment":"scroll","background-type":"","background-media":"","overlay-type":"","overlay-color":"","overlay-opacity":"","overlay-gradient":""},"mobile":{"background-color":"var(--ast-global-color-5)","background-image":"","background-repeat":"repeat","background-position":"center center","background-size":"auto","background-attachment":"scroll","background-type":"","background-media":"","overlay-type":"","overlay-color":"","overlay-opacity":"","overlay-gradient":""}}},"product_brand":[],"product_cat":[305,261,270,275],"product_tag":[237,233],"class_list":{"0":"post-11469","1":"product","2":"type-product","3":"status-publish","4":"has-post-thumbnail","6":"product_cat-cbd-es","7":"product_cat-flores-cbd","8":"product_cat-flores-cbd-baratas","9":"product_cat-outdoor-flores-cbd","10":"product_tag-flores-cbd-baratas","11":"product_tag-outdoor-cbd-es","12":"pa_cbd-rate-10-a-20-cbd-es","13":"pa_kategorie-flores-de-cbd-baratas","14":"pa_kategorie-outdoor-cbd-es","15":"desktop-align-left","16":"tablet-align-center","17":"mobile-align-left","18":"ast-product-gallery-layout-vertical","19":"ast-magnify-disabled","20":"ast-product-single-variable","21":"ast-product-tabs-layout-horizontal","23":"first","24":"instock","25":"taxable","26":"shipping-taxable","27":"purchasable","28":"product-type-variable"},"yoast_head":"<!-- This site is optimized with the Yoast SEO Premium plugin v27.2 (Yoast SEO v27.4) - https:\/\/yoast.com\/product\/yoast-seo-premium-wordpress\/ -->\n<title>ACDC CBD 13% Outdoor Desde1,80\u20ac\/g CBD Barato Espa\u00f1a<\/title>\n<meta name=\"description\" content=\"ACDC CBD 13% Outdoor Desde 1,80\u20ac\/g CBD barato legal en Espa\u00f1a. Esta flor es una de las variedades m\u00e1s populares. Calidad superior en Espa\u00f1a\" \/>\n<meta name=\"robots\" content=\"index, follow, max-snippet:-1, max-image-preview:large, max-video-preview:-1\" \/>\n<link rel=\"canonical\" href=\"https:\/\/blumiz.com\/es\/producto\/acdc-cbd\/\" \/>\n<meta property=\"og:locale\" content=\"es_ES\" \/>\n<meta property=\"og:type\" content=\"article\" \/>\n<meta property=\"og:title\" content=\"ACDC CBD - Flores CBD 13%\" \/>\n<meta property=\"og:description\" content=\"ACDC CBD - Flores CBD 13% Blumiz - Premium CBD\" \/>\n<meta property=\"og:url\" content=\"https:\/\/blumiz.com\/es\/producto\/acdc-cbd\/\" \/>\n<meta property=\"og:site_name\" content=\"Blumiz - Premium CBD\" \/>\n<meta property=\"article:modified_time\" content=\"2025-02-06T20:37:02+00:00\" \/>\n<meta property=\"og:image\" content=\"https:\/\/blumiz.com\/wp-content\/uploads\/2022\/08\/ACDC-BAG-BLUMIZ.webp\" \/>\n\t<meta property=\"og:image:width\" content=\"600\" \/>\n\t<meta property=\"og:image:height\" content=\"600\" \/>\n\t<meta property=\"og:image:type\" content=\"image\/webp\" \/>\n<meta name=\"twitter:card\" content=\"summary_large_image\" \/>\n<meta name=\"twitter:label1\" content=\"Disponibilidad\" \/>\n\t<meta name=\"twitter:data1\" content=\"Disponible\" \/>\n<script type=\"application\/ld+json\" class=\"yoast-schema-graph\">{\"@context\":\"https:\\\/\\\/schema.org\",\"@graph\":[{\"@type\":\"WebPage\",\"@id\":\"https:\\\/\\\/blumiz.com\\\/es\\\/producto\\\/acdc-cbd\\\/\",\"url\":\"https:\\\/\\\/blumiz.com\\\/es\\\/producto\\\/acdc-cbd\\\/\",\"name\":\"ACDC CBD 13% Outdoor Desde1,80\u20ac\\\/g CBD Barato Espa\u00f1a\",\"isPartOf\":{\"@id\":\"https:\\\/\\\/blumiz.com\\\/es\\\/#website\"},\"primaryImageOfPage\":{\"@id\":\"https:\\\/\\\/blumiz.com\\\/es\\\/producto\\\/acdc-cbd\\\/#primaryimage\"},\"image\":{\"@id\":\"https:\\\/\\\/blumiz.com\\\/es\\\/producto\\\/acdc-cbd\\\/#primaryimage\"},\"thumbnailUrl\":\"https:\\\/\\\/blumiz.com\\\/wp-content\\\/uploads\\\/2022\\\/08\\\/ACDC-BAG-BLUMIZ.webp\",\"datePublished\":\"2021-12-20T13:16:44+00:00\",\"dateModified\":\"2025-02-06T20:37:02+00:00\",\"description\":\"ACDC CBD 13% Outdoor Desde 1,80\u20ac\\\/g CBD barato legal en Espa\u00f1a. Esta flor es una de las variedades m\u00e1s populares. Calidad superior en Espa\u00f1a\",\"breadcrumb\":{\"@id\":\"https:\\\/\\\/blumiz.com\\\/es\\\/producto\\\/acdc-cbd\\\/#breadcrumb\"},\"inLanguage\":\"es\",\"potentialAction\":[{\"@type\":\"ReadAction\",\"target\":[\"https:\\\/\\\/blumiz.com\\\/es\\\/producto\\\/acdc-cbd\\\/\"]}]},{\"@type\":\"ImageObject\",\"inLanguage\":\"es\",\"@id\":\"https:\\\/\\\/blumiz.com\\\/es\\\/producto\\\/acdc-cbd\\\/#primaryimage\",\"url\":\"https:\\\/\\\/blumiz.com\\\/wp-content\\\/uploads\\\/2022\\\/08\\\/ACDC-BAG-BLUMIZ.webp\",\"contentUrl\":\"https:\\\/\\\/blumiz.com\\\/wp-content\\\/uploads\\\/2022\\\/08\\\/ACDC-BAG-BLUMIZ.webp\",\"width\":600,\"height\":600},{\"@type\":\"BreadcrumbList\",\"@id\":\"https:\\\/\\\/blumiz.com\\\/es\\\/producto\\\/acdc-cbd\\\/#breadcrumb\",\"itemListElement\":[{\"@type\":\"ListItem\",\"position\":1,\"name\":\"Blumiz\",\"item\":\"https:\\\/\\\/blumiz.com\\\/es\\\/\"},{\"@type\":\"ListItem\",\"position\":2,\"name\":\"CBD Shop\",\"item\":\"https:\\\/\\\/blumiz.com\\\/es\\\/tienda\\\/\"},{\"@type\":\"ListItem\",\"position\":3,\"name\":\"Flores CBD\",\"item\":\"https:\\\/\\\/blumiz.com\\\/es\\\/category\\\/flores-cbd\\\/\"},{\"@type\":\"ListItem\",\"position\":4,\"name\":\"ACDC CBD &#8211; Flores CBD 13%\"}]},{\"@type\":\"WebSite\",\"@id\":\"https:\\\/\\\/blumiz.com\\\/es\\\/#website\",\"url\":\"https:\\\/\\\/blumiz.com\\\/es\\\/\",\"name\":\"Blumiz - Premium CBD\",\"description\":\"Un CBD al mejor precio y de calidad superior\",\"publisher\":{\"@id\":\"https:\\\/\\\/blumiz.com\\\/es\\\/#organization\"},\"alternateName\":\"Blumiz\",\"potentialAction\":[{\"@type\":\"SearchAction\",\"target\":{\"@type\":\"EntryPoint\",\"urlTemplate\":\"https:\\\/\\\/blumiz.com\\\/es\\\/?s={search_term_string}\"},\"query-input\":{\"@type\":\"PropertyValueSpecification\",\"valueRequired\":true,\"valueName\":\"search_term_string\"}}],\"inLanguage\":\"es\"},{\"@type\":\"Organization\",\"@id\":\"https:\\\/\\\/blumiz.com\\\/es\\\/#organization\",\"name\":\"Blumiz CBD\",\"alternateName\":\"Blumiz\",\"url\":\"https:\\\/\\\/blumiz.com\\\/es\\\/\",\"logo\":{\"@type\":\"ImageObject\",\"inLanguage\":\"es\",\"@id\":\"https:\\\/\\\/blumiz.com\\\/es\\\/#\\\/schema\\\/logo\\\/image\\\/\",\"url\":\"https:\\\/\\\/blumiz.com\\\/wp-content\\\/uploads\\\/2026\\\/02\\\/cropped-Blumiz-CBD-logo.webp\",\"contentUrl\":\"https:\\\/\\\/blumiz.com\\\/wp-content\\\/uploads\\\/2026\\\/02\\\/cropped-Blumiz-CBD-logo.webp\",\"width\":2547,\"height\":778,\"caption\":\"Blumiz CBD\"},\"image\":{\"@id\":\"https:\\\/\\\/blumiz.com\\\/es\\\/#\\\/schema\\\/logo\\\/image\\\/\"}}]}<\/script>\n<meta property=\"og:availability\" content=\"instock\" \/>\n<meta property=\"product:availability\" content=\"instock\" \/>\n<meta property=\"product:retailer_item_id\" content=\"28892\" \/>\n<meta property=\"product:condition\" content=\"new\" \/>\n<!-- \/ Yoast SEO Premium plugin. -->","yoast_head_json":{"title":"ACDC CBD 13% Outdoor Desde1,80\u20ac\/g CBD Barato Espa\u00f1a","description":"ACDC CBD 13% Outdoor Desde 1,80\u20ac\/g CBD barato legal en Espa\u00f1a. Esta flor es una de las variedades m\u00e1s populares. Calidad superior en Espa\u00f1a","robots":{"index":"index","follow":"follow","max-snippet":"max-snippet:-1","max-image-preview":"max-image-preview:large","max-video-preview":"max-video-preview:-1"},"canonical":"https:\/\/blumiz.com\/es\/producto\/acdc-cbd\/","og_locale":"es_ES","og_type":"article","og_title":"ACDC CBD - Flores CBD 13%","og_description":"ACDC CBD - Flores CBD 13% Blumiz - Premium CBD","og_url":"https:\/\/blumiz.com\/es\/producto\/acdc-cbd\/","og_site_name":"Blumiz - Premium CBD","article_modified_time":"2025-02-06T20:37:02+00:00","og_image":[{"width":600,"height":600,"url":"https:\/\/blumiz.com\/wp-content\/uploads\/2022\/08\/ACDC-BAG-BLUMIZ.webp","type":"image\/webp"}],"twitter_card":"summary_large_image","twitter_misc":{"Disponibilidad":"Disponible"},"schema":{"@context":"https:\/\/schema.org","@graph":[{"@type":"WebPage","@id":"https:\/\/blumiz.com\/es\/producto\/acdc-cbd\/","url":"https:\/\/blumiz.com\/es\/producto\/acdc-cbd\/","name":"ACDC CBD 13% Outdoor Desde1,80\u20ac\/g CBD Barato Espa\u00f1a","isPartOf":{"@id":"https:\/\/blumiz.com\/es\/#website"},"primaryImageOfPage":{"@id":"https:\/\/blumiz.com\/es\/producto\/acdc-cbd\/#primaryimage"},"image":{"@id":"https:\/\/blumiz.com\/es\/producto\/acdc-cbd\/#primaryimage"},"thumbnailUrl":"https:\/\/blumiz.com\/wp-content\/uploads\/2022\/08\/ACDC-BAG-BLUMIZ.webp","datePublished":"2021-12-20T13:16:44+00:00","dateModified":"2025-02-06T20:37:02+00:00","description":"ACDC CBD 13% Outdoor Desde 1,80\u20ac\/g CBD barato legal en Espa\u00f1a. Esta flor es una de las variedades m\u00e1s populares. Calidad superior en Espa\u00f1a","breadcrumb":{"@id":"https:\/\/blumiz.com\/es\/producto\/acdc-cbd\/#breadcrumb"},"inLanguage":"es","potentialAction":[{"@type":"ReadAction","target":["https:\/\/blumiz.com\/es\/producto\/acdc-cbd\/"]}]},{"@type":"ImageObject","inLanguage":"es","@id":"https:\/\/blumiz.com\/es\/producto\/acdc-cbd\/#primaryimage","url":"https:\/\/blumiz.com\/wp-content\/uploads\/2022\/08\/ACDC-BAG-BLUMIZ.webp","contentUrl":"https:\/\/blumiz.com\/wp-content\/uploads\/2022\/08\/ACDC-BAG-BLUMIZ.webp","width":600,"height":600},{"@type":"BreadcrumbList","@id":"https:\/\/blumiz.com\/es\/producto\/acdc-cbd\/#breadcrumb","itemListElement":[{"@type":"ListItem","position":1,"name":"Blumiz","item":"https:\/\/blumiz.com\/es\/"},{"@type":"ListItem","position":2,"name":"CBD Shop","item":"https:\/\/blumiz.com\/es\/tienda\/"},{"@type":"ListItem","position":3,"name":"Flores CBD","item":"https:\/\/blumiz.com\/es\/category\/flores-cbd\/"},{"@type":"ListItem","position":4,"name":"ACDC CBD &#8211; Flores CBD 13%"}]},{"@type":"WebSite","@id":"https:\/\/blumiz.com\/es\/#website","url":"https:\/\/blumiz.com\/es\/","name":"Blumiz - Premium CBD","description":"Un CBD al mejor precio y de calidad superior","publisher":{"@id":"https:\/\/blumiz.com\/es\/#organization"},"alternateName":"Blumiz","potentialAction":[{"@type":"SearchAction","target":{"@type":"EntryPoint","urlTemplate":"https:\/\/blumiz.com\/es\/?s={search_term_string}"},"query-input":{"@type":"PropertyValueSpecification","valueRequired":true,"valueName":"search_term_string"}}],"inLanguage":"es"},{"@type":"Organization","@id":"https:\/\/blumiz.com\/es\/#organization","name":"Blumiz CBD","alternateName":"Blumiz","url":"https:\/\/blumiz.com\/es\/","logo":{"@type":"ImageObject","inLanguage":"es","@id":"https:\/\/blumiz.com\/es\/#\/schema\/logo\/image\/","url":"https:\/\/blumiz.com\/wp-content\/uploads\/2026\/02\/cropped-Blumiz-CBD-logo.webp","contentUrl":"https:\/\/blumiz.com\/wp-content\/uploads\/2026\/02\/cropped-Blumiz-CBD-logo.webp","width":2547,"height":778,"caption":"Blumiz CBD"},"image":{"@id":"https:\/\/blumiz.com\/es\/#\/schema\/logo\/image\/"}}]},"og_availability":"instock","product_availability":"instock","product_retailer_item_id":"28892","product_condition":"new"},"_links":{"self":[{"href":"https:\/\/blumiz.com\/es\/wp-json\/wp\/v2\/product\/11469","targetHints":{"allow":["GET"]}}],"collection":[{"href":"https:\/\/blumiz.com\/es\/wp-json\/wp\/v2\/product"}],"about":[{"href":"https:\/\/blumiz.com\/es\/wp-json\/wp\/v2\/types\/product"}],"replies":[{"embeddable":true,"href":"https:\/\/blumiz.com\/es\/wp-json\/wp\/v2\/comments?post=11469"}],"version-history":[{"count":0,"href":"https:\/\/blumiz.com\/es\/wp-json\/wp\/v2\/product\/11469\/revisions"}],"wp:featuredmedia":[{"embeddable":true,"href":"https:\/\/blumiz.com\/es\/wp-json\/wp\/v2\/media\/10413"}],"wp:attachment":[{"href":"https:\/\/blumiz.com\/es\/wp-json\/wp\/v2\/media?parent=11469"}],"wp:term":[{"taxonomy":"product_brand","embeddable":true,"href":"https:\/\/blumiz.com\/es\/wp-json\/wp\/v2\/product_brand?post=11469"},{"taxonomy":"product_cat","embeddable":true,"href":"https:\/\/blumiz.com\/es\/wp-json\/wp\/v2\/product_cat?post=11469"},{"taxonomy":"product_tag","embeddable":true,"href":"https:\/\/blumiz.com\/es\/wp-json\/wp\/v2\/product_tag?post=11469"}],"curies":[{"name":"wp","href":"https:\/\/api.w.org\/{rel}","templated":true}]}}