{"id":11470,"date":"2021-01-30T13:44:14","date_gmt":"2021-01-30T12:44:14","guid":{"rendered":"https:\/\/blumiz.com\/produkt\/jack-herer-flores-cbd-21\/"},"modified":"2025-06-02T19:15:05","modified_gmt":"2025-06-02T18:15:05","slug":"jack-herer-cbd","status":"publish","type":"product","link":"https:\/\/blumiz.com\/es\/producto\/jack-herer-cbd\/","title":{"rendered":"Jack Herer &#8211; Flores CBD 21%"},"content":{"rendered":"<h2><span style=\"color: #107d85;\">Flores CBD Jack Herer Indoor 21%.<\/span><\/h2>\n<h4><span style=\"color: #ff6600;\">Una flor con notas c\u00edtricas, perfecta para recargar las pilas<\/span><\/h4>\n<p>IndoorLa Jack Herer es una flor -CBD que puedes consumir para recargar las pilas. Esta flor de CBD, que puede consumirse en infusi\u00f3n o vaporizada, toma su nombre de un famoso activista muy implicado en el desarrollo del cannabis en Estados Unidos. Vendido en sobres de 2,5, 10, 20 o 100 gramos, permite disfrutar de los beneficios del cannabidiol.<\/p>\n<p>Sin duda habr\u00e1 o\u00eddo hablar del m\u00edtico Jack Herer. De hecho, esta legendaria flor de CBD ha ganado m\u00faltiples premios y sigue haciendo las delicias de los mejores entendidos.<\/p>\n<p>Sus aromas surfean sobre notas afrutadas, amaderadas y especiadas y le ofrecen una experiencia olfativa \u00fanica.<\/p>\n<p>El Jack Herer le ayudar\u00e1 a aliviar el estr\u00e9s y la ansiedad, a la vez que le dar\u00e1 un impulso de energ\u00eda y buen humor.<\/p>\n<p>Esta variedad contiene menos del 0,2 de THC.<\/p>\n<h4><span style=\"color: #ff6600;\">Propiedades de las flores de CBD Jack Herer<\/span><\/h4>\n<p>Indoor<\/p>\n<p>C<strong>ontenido del 21 % de CBD<\/strong> Contiene menos del 0,2 % de THC &#8211; Variedad floreciente Efecto relajante Se vende en bolsas de 2,5, 10, 20 o 100 gramos Sabores c\u00edtricos Los beneficios de esta variedad Jack Herer Esta flor h\u00edbrida de predominancia \u00edndica tiene cogollos densos de color verde claro con pelos de color \u00f3xido. Los tricomas de la flor de Jack Herer son ligeramente pegajosos. Sus aromas, que combinan sabores c\u00edtricos y frutales con notas herb\u00e1ceas, se revelan en una tisana o se consumen vaporizados.<\/p>\n<p>Esta flor CBD cultivada en interior tiene una concentraci\u00f3n de cannabidiol del 21%.<\/p>\n<p>Si buscas otras variedades a buen precio, tambi\u00e9n te recomendamos que pruebes nuestra <a href=\"https:\/\/blumiz.com\/producto\/skunk-cbd-original\/\">Skunk Original<\/a> o nuestra <a href=\"https:\/\/blumiz.com\/producto\/cbd-small-bud-indoor-mix-9\/\">Small buds Mix Indoor<\/a>.<\/p>\n<p>Si busca una variedad de la m\u00e1xima calidad, le recomendamos <a href=\"https:\/\/blumiz.com\/producto\/ivory-cbd\/\">Ivory<\/a> o <a href=\"https:\/\/blumiz.com\/producto\/amnesia-cbd\/\">Amnesia<\/a><\/p>\n<h4><span style=\"color: #ff6600;\">Consejos de aplicaci\u00f3n para la flor Jack Herer<\/span><\/h4>\n<p>Dependiendo de tus preferencias, puedes consumir la flor de CBD Jack Herer en forma de infusi\u00f3n o vaporizaci\u00f3n. En infusi\u00f3n, se puede verter agua hirviendo y dejar reposar unos minutos antes de tomar la bebida. Al vaporizar, aseg\u00farese de no superar los 180\u00b0C para obtener un efecto \u00f3ptimo.<\/p>\n<h4><\/h4>\n<p>Descubra aqu\u00ed tambi\u00e9n nuestro <a href=\"https:\/\/blumiz.com\/es\/category\/hachis-y-concentrados\/\">CBD Hachis<\/a><\/p>\n<p>Una pregunta, \u00bfnecesitas ayuda?  <a href=\"https:\/\/blumiz.com\/hilfe-und-faqs\/\">Haga clic aqu\u00ed para descubrir nuestro centro de ayuda.<\/a><\/p>\n<p>Descubre nuestros <a href=\"https:\/\/blumiz.com\/es\/category\/headshop-es\/\">productos y accesorios Headshop<\/a> para disfrutar de tus variedades favoritas<\/p>\n<p>&nbsp;<\/p>\n","protected":false},"excerpt":{"rendered":"<h4><span style=\"color: #107d85;\">Marihuana CBD-Bud Jack Herer Indoor 21%.<\/span><\/h4>\n<p>La flor de CBD Jack Herer y sus aromas alimonados<\/p>\n<p>Con una concentraci\u00f3n del 21% de CBD, la flor Jack Herer CBD es perfecta para relajarse. Esta variedad h\u00edbrida de predominancia \u00edndica revela un sabor a la vez alimonado y dulce con notas vegetales.<\/p>\n","protected":false},"featured_media":10386,"comment_status":"open","ping_status":"closed","template":"","meta":{"site-sidebar-layout":"default","site-content-layout":"default","ast-site-content-layout":"default","site-content-style":"default","site-sidebar-style":"default","ast-global-header-display":"","ast-banner-title-visibility":"","ast-main-header-display":"","ast-hfb-above-header-display":"","ast-hfb-below-header-display":"","ast-hfb-mobile-header-display":"","site-post-title":"","ast-breadcrumbs-content":"","ast-featured-img":"","footer-sml-layout":"","ast-disable-related-posts":"","theme-transparent-header-meta":"default","adv-header-id-meta":"","stick-header-meta":"default","header-above-stick-meta":"","header-main-stick-meta":"","header-below-stick-meta":"","astra-migrate-meta-layouts":"default","ast-page-background-enabled":"default","ast-page-background-meta":{"desktop":{"background-color":"","background-image":"","background-repeat":"repeat","background-position":"center center","background-size":"auto","background-attachment":"scroll","background-type":"","background-media":"","overlay-type":"","overlay-color":"","overlay-opacity":"","overlay-gradient":""},"tablet":{"background-color":"","background-image":"","background-repeat":"repeat","background-position":"center center","background-size":"auto","background-attachment":"scroll","background-type":"","background-media":"","overlay-type":"","overlay-color":"","overlay-opacity":"","overlay-gradient":""},"mobile":{"background-color":"","background-image":"","background-repeat":"repeat","background-position":"center center","background-size":"auto","background-attachment":"scroll","background-type":"","background-media":"","overlay-type":"","overlay-color":"","overlay-opacity":"","overlay-gradient":""}},"ast-content-background-meta":{"desktop":{"background-color":"var(--ast-global-color-5)","background-image":"","background-repeat":"repeat","background-position":"center center","background-size":"auto","background-attachment":"scroll","background-type":"","background-media":"","overlay-type":"","overlay-color":"","overlay-opacity":"","overlay-gradient":""},"tablet":{"background-color":"var(--ast-global-color-5)","background-image":"","background-repeat":"repeat","background-position":"center center","background-size":"auto","background-attachment":"scroll","background-type":"","background-media":"","overlay-type":"","overlay-color":"","overlay-opacity":"","overlay-gradient":""},"mobile":{"background-color":"var(--ast-global-color-5)","background-image":"","background-repeat":"repeat","background-position":"center center","background-size":"auto","background-attachment":"scroll","background-type":"","background-media":"","overlay-type":"","overlay-color":"","overlay-opacity":"","overlay-gradient":""}}},"product_brand":[],"product_cat":[305,261,265,276],"product_tag":[232,236],"class_list":{"0":"post-11470","1":"product","2":"type-product","3":"status-publish","4":"has-post-thumbnail","6":"product_cat-cbd-es","7":"product_cat-flores-cbd","8":"product_cat-flores-cbd-efecto-fuerte","9":"product_cat-indoor-flores-cbd","10":"product_tag-indoor-cbd-es","11":"product_tag-poderosas-flores-de-cbd","12":"pa_cbd-rate-mas-del-20-de-cbd","13":"pa_kategorie-indoor-cbd-es","14":"pa_kategorie-poderosas-flores-de-cbd","15":"desktop-align-left","16":"tablet-align-center","17":"mobile-align-left","18":"ast-product-gallery-layout-vertical","19":"ast-magnify-disabled","20":"ast-product-single-variable","21":"ast-product-tabs-layout-horizontal","23":"first","24":"instock","25":"featured","26":"taxable","27":"shipping-taxable","28":"purchasable","29":"product-type-variable"},"yoast_head":"<!-- This site is optimized with the Yoast SEO Premium plugin v27.2 (Yoast SEO v27.5) - https:\/\/yoast.com\/product\/yoast-seo-premium-wordpress\/ -->\n<title>Jack herer CBD Indoor a partir de 3,4\u20ac\/g - Flores potentes<\/title>\n<meta name=\"description\" content=\"Flores CBD indoor Jack Herer : CBD Indoor 18% a partir de 3,4\u20ac\/g - Potentes flores CBD indoor : efecto relajante de alta calidad a buen precio\" \/>\n<meta name=\"robots\" content=\"index, follow, max-snippet:-1, max-image-preview:large, max-video-preview:-1\" \/>\n<link rel=\"canonical\" href=\"https:\/\/blumiz.com\/es\/producto\/jack-herer-cbd\/\" \/>\n<meta property=\"og:locale\" content=\"es_ES\" \/>\n<meta property=\"og:type\" content=\"article\" \/>\n<meta property=\"og:title\" content=\"Jack Herer - Flores CBD 21%\" \/>\n<meta property=\"og:description\" content=\"Jack Herer - Flores CBD 21% Blumiz - Premium CBD\" \/>\n<meta property=\"og:url\" content=\"https:\/\/blumiz.com\/es\/producto\/jack-herer-cbd\/\" \/>\n<meta property=\"og:site_name\" content=\"Blumiz - Premium CBD\" \/>\n<meta property=\"article:modified_time\" content=\"2025-06-02T18:15:05+00:00\" \/>\n<meta property=\"og:image\" content=\"https:\/\/blumiz.com\/wp-content\/uploads\/2022\/08\/JACK-H-BAG-BLUMIZ.webp\" \/>\n\t<meta property=\"og:image:width\" content=\"600\" \/>\n\t<meta property=\"og:image:height\" content=\"600\" \/>\n\t<meta property=\"og:image:type\" content=\"image\/webp\" \/>\n<meta name=\"twitter:card\" content=\"summary_large_image\" \/>\n<meta name=\"twitter:label1\" content=\"Disponibilidad\" \/>\n\t<meta name=\"twitter:data1\" content=\"Disponible\" \/>\n<script type=\"application\/ld+json\" class=\"yoast-schema-graph\">{\"@context\":\"https:\\\/\\\/schema.org\",\"@graph\":[{\"@type\":\"WebPage\",\"@id\":\"https:\\\/\\\/blumiz.com\\\/es\\\/producto\\\/jack-herer-cbd\\\/\",\"url\":\"https:\\\/\\\/blumiz.com\\\/es\\\/producto\\\/jack-herer-cbd\\\/\",\"name\":\"Jack herer CBD Indoor a partir de 3,4\u20ac\\\/g - Flores potentes\",\"isPartOf\":{\"@id\":\"https:\\\/\\\/blumiz.com\\\/es\\\/#website\"},\"primaryImageOfPage\":{\"@id\":\"https:\\\/\\\/blumiz.com\\\/es\\\/producto\\\/jack-herer-cbd\\\/#primaryimage\"},\"image\":{\"@id\":\"https:\\\/\\\/blumiz.com\\\/es\\\/producto\\\/jack-herer-cbd\\\/#primaryimage\"},\"thumbnailUrl\":\"https:\\\/\\\/blumiz.com\\\/wp-content\\\/uploads\\\/2022\\\/08\\\/JACK-H-BAG-BLUMIZ.webp\",\"datePublished\":\"2021-01-30T12:44:14+00:00\",\"dateModified\":\"2025-06-02T18:15:05+00:00\",\"description\":\"Flores CBD indoor Jack Herer : CBD Indoor 18% a partir de 3,4\u20ac\\\/g - Potentes flores CBD indoor : efecto relajante de alta calidad a buen precio\",\"breadcrumb\":{\"@id\":\"https:\\\/\\\/blumiz.com\\\/es\\\/producto\\\/jack-herer-cbd\\\/#breadcrumb\"},\"inLanguage\":\"es\",\"potentialAction\":[{\"@type\":\"ReadAction\",\"target\":[\"https:\\\/\\\/blumiz.com\\\/es\\\/producto\\\/jack-herer-cbd\\\/\"]}]},{\"@type\":\"ImageObject\",\"inLanguage\":\"es\",\"@id\":\"https:\\\/\\\/blumiz.com\\\/es\\\/producto\\\/jack-herer-cbd\\\/#primaryimage\",\"url\":\"https:\\\/\\\/blumiz.com\\\/wp-content\\\/uploads\\\/2022\\\/08\\\/JACK-H-BAG-BLUMIZ.webp\",\"contentUrl\":\"https:\\\/\\\/blumiz.com\\\/wp-content\\\/uploads\\\/2022\\\/08\\\/JACK-H-BAG-BLUMIZ.webp\",\"width\":600,\"height\":600},{\"@type\":\"BreadcrumbList\",\"@id\":\"https:\\\/\\\/blumiz.com\\\/es\\\/producto\\\/jack-herer-cbd\\\/#breadcrumb\",\"itemListElement\":[{\"@type\":\"ListItem\",\"position\":1,\"name\":\"Blumiz\",\"item\":\"https:\\\/\\\/blumiz.com\\\/es\\\/\"},{\"@type\":\"ListItem\",\"position\":2,\"name\":\"CBD Shop\",\"item\":\"https:\\\/\\\/blumiz.com\\\/es\\\/tienda\\\/\"},{\"@type\":\"ListItem\",\"position\":3,\"name\":\"Flores CBD\",\"item\":\"https:\\\/\\\/blumiz.com\\\/es\\\/category\\\/flores-cbd\\\/\"},{\"@type\":\"ListItem\",\"position\":4,\"name\":\"Jack Herer &#8211; Flores CBD 21%\"}]},{\"@type\":\"WebSite\",\"@id\":\"https:\\\/\\\/blumiz.com\\\/es\\\/#website\",\"url\":\"https:\\\/\\\/blumiz.com\\\/es\\\/\",\"name\":\"Blumiz - Premium CBD\",\"description\":\"Un CBD al mejor precio y de calidad superior\",\"publisher\":{\"@id\":\"https:\\\/\\\/blumiz.com\\\/es\\\/#organization\"},\"alternateName\":\"Blumiz\",\"potentialAction\":[{\"@type\":\"SearchAction\",\"target\":{\"@type\":\"EntryPoint\",\"urlTemplate\":\"https:\\\/\\\/blumiz.com\\\/es\\\/?s={search_term_string}\"},\"query-input\":{\"@type\":\"PropertyValueSpecification\",\"valueRequired\":true,\"valueName\":\"search_term_string\"}}],\"inLanguage\":\"es\"},{\"@type\":\"Organization\",\"@id\":\"https:\\\/\\\/blumiz.com\\\/es\\\/#organization\",\"name\":\"Blumiz CBD\",\"alternateName\":\"Blumiz\",\"url\":\"https:\\\/\\\/blumiz.com\\\/es\\\/\",\"logo\":{\"@type\":\"ImageObject\",\"inLanguage\":\"es\",\"@id\":\"https:\\\/\\\/blumiz.com\\\/es\\\/#\\\/schema\\\/logo\\\/image\\\/\",\"url\":\"https:\\\/\\\/blumiz.com\\\/wp-content\\\/uploads\\\/2026\\\/02\\\/cropped-Blumiz-CBD-logo.webp\",\"contentUrl\":\"https:\\\/\\\/blumiz.com\\\/wp-content\\\/uploads\\\/2026\\\/02\\\/cropped-Blumiz-CBD-logo.webp\",\"width\":2547,\"height\":778,\"caption\":\"Blumiz CBD\"},\"image\":{\"@id\":\"https:\\\/\\\/blumiz.com\\\/es\\\/#\\\/schema\\\/logo\\\/image\\\/\"}}]}<\/script>\n<meta property=\"og:availability\" content=\"instock\" \/>\n<meta property=\"product:availability\" content=\"instock\" \/>\n<meta property=\"product:retailer_item_id\" content=\"68994\" \/>\n<meta property=\"product:condition\" content=\"new\" \/>\n<!-- \/ Yoast SEO Premium plugin. -->","yoast_head_json":{"title":"Jack herer CBD Indoor a partir de 3,4\u20ac\/g - Flores potentes","description":"Flores CBD indoor Jack Herer : CBD Indoor 18% a partir de 3,4\u20ac\/g - Potentes flores CBD indoor : efecto relajante de alta calidad a buen precio","robots":{"index":"index","follow":"follow","max-snippet":"max-snippet:-1","max-image-preview":"max-image-preview:large","max-video-preview":"max-video-preview:-1"},"canonical":"https:\/\/blumiz.com\/es\/producto\/jack-herer-cbd\/","og_locale":"es_ES","og_type":"article","og_title":"Jack Herer - Flores CBD 21%","og_description":"Jack Herer - Flores CBD 21% Blumiz - Premium CBD","og_url":"https:\/\/blumiz.com\/es\/producto\/jack-herer-cbd\/","og_site_name":"Blumiz - Premium CBD","article_modified_time":"2025-06-02T18:15:05+00:00","og_image":[{"width":600,"height":600,"url":"https:\/\/blumiz.com\/wp-content\/uploads\/2022\/08\/JACK-H-BAG-BLUMIZ.webp","type":"image\/webp"}],"twitter_card":"summary_large_image","twitter_misc":{"Disponibilidad":"Disponible"},"schema":{"@context":"https:\/\/schema.org","@graph":[{"@type":"WebPage","@id":"https:\/\/blumiz.com\/es\/producto\/jack-herer-cbd\/","url":"https:\/\/blumiz.com\/es\/producto\/jack-herer-cbd\/","name":"Jack herer CBD Indoor a partir de 3,4\u20ac\/g - Flores potentes","isPartOf":{"@id":"https:\/\/blumiz.com\/es\/#website"},"primaryImageOfPage":{"@id":"https:\/\/blumiz.com\/es\/producto\/jack-herer-cbd\/#primaryimage"},"image":{"@id":"https:\/\/blumiz.com\/es\/producto\/jack-herer-cbd\/#primaryimage"},"thumbnailUrl":"https:\/\/blumiz.com\/wp-content\/uploads\/2022\/08\/JACK-H-BAG-BLUMIZ.webp","datePublished":"2021-01-30T12:44:14+00:00","dateModified":"2025-06-02T18:15:05+00:00","description":"Flores CBD indoor Jack Herer : CBD Indoor 18% a partir de 3,4\u20ac\/g - Potentes flores CBD indoor : efecto relajante de alta calidad a buen precio","breadcrumb":{"@id":"https:\/\/blumiz.com\/es\/producto\/jack-herer-cbd\/#breadcrumb"},"inLanguage":"es","potentialAction":[{"@type":"ReadAction","target":["https:\/\/blumiz.com\/es\/producto\/jack-herer-cbd\/"]}]},{"@type":"ImageObject","inLanguage":"es","@id":"https:\/\/blumiz.com\/es\/producto\/jack-herer-cbd\/#primaryimage","url":"https:\/\/blumiz.com\/wp-content\/uploads\/2022\/08\/JACK-H-BAG-BLUMIZ.webp","contentUrl":"https:\/\/blumiz.com\/wp-content\/uploads\/2022\/08\/JACK-H-BAG-BLUMIZ.webp","width":600,"height":600},{"@type":"BreadcrumbList","@id":"https:\/\/blumiz.com\/es\/producto\/jack-herer-cbd\/#breadcrumb","itemListElement":[{"@type":"ListItem","position":1,"name":"Blumiz","item":"https:\/\/blumiz.com\/es\/"},{"@type":"ListItem","position":2,"name":"CBD Shop","item":"https:\/\/blumiz.com\/es\/tienda\/"},{"@type":"ListItem","position":3,"name":"Flores CBD","item":"https:\/\/blumiz.com\/es\/category\/flores-cbd\/"},{"@type":"ListItem","position":4,"name":"Jack Herer &#8211; Flores CBD 21%"}]},{"@type":"WebSite","@id":"https:\/\/blumiz.com\/es\/#website","url":"https:\/\/blumiz.com\/es\/","name":"Blumiz - Premium CBD","description":"Un CBD al mejor precio y de calidad superior","publisher":{"@id":"https:\/\/blumiz.com\/es\/#organization"},"alternateName":"Blumiz","potentialAction":[{"@type":"SearchAction","target":{"@type":"EntryPoint","urlTemplate":"https:\/\/blumiz.com\/es\/?s={search_term_string}"},"query-input":{"@type":"PropertyValueSpecification","valueRequired":true,"valueName":"search_term_string"}}],"inLanguage":"es"},{"@type":"Organization","@id":"https:\/\/blumiz.com\/es\/#organization","name":"Blumiz CBD","alternateName":"Blumiz","url":"https:\/\/blumiz.com\/es\/","logo":{"@type":"ImageObject","inLanguage":"es","@id":"https:\/\/blumiz.com\/es\/#\/schema\/logo\/image\/","url":"https:\/\/blumiz.com\/wp-content\/uploads\/2026\/02\/cropped-Blumiz-CBD-logo.webp","contentUrl":"https:\/\/blumiz.com\/wp-content\/uploads\/2026\/02\/cropped-Blumiz-CBD-logo.webp","width":2547,"height":778,"caption":"Blumiz CBD"},"image":{"@id":"https:\/\/blumiz.com\/es\/#\/schema\/logo\/image\/"}}]},"og_availability":"instock","product_availability":"instock","product_retailer_item_id":"68994","product_condition":"new"},"_links":{"self":[{"href":"https:\/\/blumiz.com\/es\/wp-json\/wp\/v2\/product\/11470","targetHints":{"allow":["GET"]}}],"collection":[{"href":"https:\/\/blumiz.com\/es\/wp-json\/wp\/v2\/product"}],"about":[{"href":"https:\/\/blumiz.com\/es\/wp-json\/wp\/v2\/types\/product"}],"replies":[{"embeddable":true,"href":"https:\/\/blumiz.com\/es\/wp-json\/wp\/v2\/comments?post=11470"}],"version-history":[{"count":0,"href":"https:\/\/blumiz.com\/es\/wp-json\/wp\/v2\/product\/11470\/revisions"}],"wp:featuredmedia":[{"embeddable":true,"href":"https:\/\/blumiz.com\/es\/wp-json\/wp\/v2\/media\/10386"}],"wp:attachment":[{"href":"https:\/\/blumiz.com\/es\/wp-json\/wp\/v2\/media?parent=11470"}],"wp:term":[{"taxonomy":"product_brand","embeddable":true,"href":"https:\/\/blumiz.com\/es\/wp-json\/wp\/v2\/product_brand?post=11470"},{"taxonomy":"product_cat","embeddable":true,"href":"https:\/\/blumiz.com\/es\/wp-json\/wp\/v2\/product_cat?post=11470"},{"taxonomy":"product_tag","embeddable":true,"href":"https:\/\/blumiz.com\/es\/wp-json\/wp\/v2\/product_tag?post=11470"}],"curies":[{"name":"wp","href":"https:\/\/api.w.org\/{rel}","templated":true}]}}