{"id":11471,"date":"2020-10-20T14:16:46","date_gmt":"2020-10-20T13:16:46","guid":{"rendered":"https:\/\/blumiz.com\/produkt\/gelato-flores-cbd-21\/"},"modified":"2025-06-02T19:16:50","modified_gmt":"2025-06-02T18:16:50","slug":"gelato-cbd","status":"publish","type":"product","link":"https:\/\/blumiz.com\/es\/producto\/gelato-cbd\/","title":{"rendered":"Gelato &#8211; Flores CBD 21%"},"content":{"rendered":"<h2><span style=\"color: #107d85;\">Flores CBD Gelato Indoor 21<\/span><\/h2>\n<h4><span style=\"color: #ff6600;\">La flor de CBD Gelato con un delicioso sabor a galleta y un toque de menta, \u00a1uno de los productos m\u00e1s vendidos en Blumiz!<\/span><\/h4>\n<p>La flor de invernadero del helado de CBD tiene muchos trucos bajo la manga. Esto explica su gran popularidad. Adem\u00e1s de sus dulces aromas, tambi\u00e9n se cuestionan sus densas y compactas cabezas florales. Su bella textura le ofrece sabores muy marcados. Sin duda le encantar\u00e1.<\/p>\n<p>CBD Gelato Flower es una variedad de calidad con una concentraci\u00f3n de cannabidiol<span style=\"color: #ff6600;\"><strong> concentraci\u00f3n de cannabidiol del 21<\/strong><\/span>.. As\u00ed, esta variedad de flor est\u00e1 llena de sol, lo que permite obtener sabores intensos gracias a los terpenos presentes en gran cantidad. Los par\u00e1metros de cultivo de esta variedad floral se controlan para que no sufra las inclemencias del tiempo ni los par\u00e1sitos, ofreciendo flores densas y compactas. Se trata, por tanto, de un producto de calidad que ofrecemos en excelentes condiciones.<\/p>\n<p>Con Gelato, puedes disfrutar de todos los beneficios del cannabidiol. Apreciar\u00e1 su efecto relajante, que alivia el estr\u00e9s y las n\u00e1useas. Su concentraci\u00f3n media de CBD permite que pueda ser consumido por cualquier persona. Sin embargo, hay que tener cuidado con las dosis para principiantes.<\/p>\n<p>Esta flor de gelato de CBD no tiene ning\u00fan efecto psicotr\u00f3pico ya que no contiene ning\u00fan rastro de THC. Puede consumirlo a su antojo en infusi\u00f3n o vaporizaci\u00f3n. Adem\u00e1s, nuestras Flores CBD proceden de cultivo ecol\u00f3gico, sin pesticidas. Con nosotros, las flores se benefician de una trazabilidad \u00f3ptima. Sin riesgo para la salud.<\/p>\n<p>Si buscas otras variedades a buen precio, tambi\u00e9n te recomendamos que pruebes nuestra <a href=\"https:\/\/blumiz.com\/producto\/skunk-cbd-original\/\">Skunk Original<\/a> o nuestra <a href=\"https:\/\/blumiz.com\/producto\/cbd-small-bud-indoor-mix-9\/\">Small buds Mix Indoor<\/a>.<\/p>\n<p>Si busca una variedad de la m\u00e1xima calidad, le recomendamos <a href=\"https:\/\/blumiz.com\/producto\/ivory-cbd\/\">Ivory<\/a> o <a href=\"https:\/\/blumiz.com\/producto\/amnesia-cbd\/\">Amnesia<\/a><\/p>\n<h4><span style=\"color: #ff6600;\">\u00a1Esta flor de CBD te sorprender\u00e1!<\/span><\/h4>\n<p>Esta variedad de hach\u00eds se reconoce por su caracter\u00edstico aspecto oscuro.<\/p>\n<h4><span style=\"color: #ff6600;\">Nuestra <a style=\"color: #ff6600;\" href=\"\/?product_cat=cbd-blueten\">Flores CBD<\/a> es sin\u00f3nimo de altos est\u00e1ndares de calidad y productos seleccionados a mano<\/span><\/h4>\n<p>Flores CBD est\u00e1n disponibles en diferentes sabores y concentraciones de CBD. Nuestras Flores CBD se someten a estrictos criterios externos de calidad. Se venden como materias primas y no contienen aditivos qu\u00edmicos ni impurezas.<\/p>\n<p>Descubra aqu\u00ed tambi\u00e9n nuestro <a href=\"https:\/\/blumiz.com\/es\/category\/hachis-y-concentrados\/\">CBD Hachis<\/a><\/p>\n<p>Una pregunta, \u00bfnecesitas ayuda?  <a href=\"https:\/\/blumiz.com\/hilfe-und-faqs\/\">Haga clic aqu\u00ed para descubrir nuestro centro de ayuda.<\/a><\/p>\n<p>Descubre nuestros <a href=\"https:\/\/blumiz.com\/es\/category\/headshop-es\/\">productos y accesorios Headshop<\/a> para disfrutar de tus variedades favoritas<\/p>\n<h4><span style=\"color: #ff6600;\">Hacer un pedido a Blumiz significa:<\/span><\/h4>\n<p>&#8211; Entrega r\u00e1pida, discreta e inodora<br \/>\n&#8211; Productos de calidad y certificados por laboratorios<br \/>\n&#8211; Precios inmejorables, ya que fabricamos nuestros propios productos<\/p>\n","protected":false},"excerpt":{"rendered":"<h4><span style=\"color: #107d85;\">Gelato de marihuana CBD Indoor 21%.<\/span><\/h4>\n<p>Helado, \u00a1nos encanta! Esta variedad de Flores CBD seducir\u00e1 a la mayor\u00eda de los gourmets y amantes de los peque\u00f1os dulces. Sus cogollos densos y compactos lo convierten en un producto indispensable que despertar\u00e1 las papilas gustativas tanto de los principiantes como de los consumidores experimentados. Pru\u00e9belo, no le decepcionar\u00e1.<\/p>\n","protected":false},"featured_media":10383,"comment_status":"open","ping_status":"closed","template":"","meta":{"site-sidebar-layout":"default","site-content-layout":"default","ast-site-content-layout":"default","site-content-style":"default","site-sidebar-style":"default","ast-global-header-display":"","ast-banner-title-visibility":"","ast-main-header-display":"","ast-hfb-above-header-display":"","ast-hfb-below-header-display":"","ast-hfb-mobile-header-display":"","site-post-title":"","ast-breadcrumbs-content":"","ast-featured-img":"","footer-sml-layout":"","ast-disable-related-posts":"","theme-transparent-header-meta":"default","adv-header-id-meta":"","stick-header-meta":"default","header-above-stick-meta":"","header-main-stick-meta":"","header-below-stick-meta":"","astra-migrate-meta-layouts":"default","ast-page-background-enabled":"default","ast-page-background-meta":{"desktop":{"background-color":"","background-image":"","background-repeat":"repeat","background-position":"center center","background-size":"auto","background-attachment":"scroll","background-type":"","background-media":"","overlay-type":"","overlay-color":"","overlay-opacity":"","overlay-gradient":""},"tablet":{"background-color":"","background-image":"","background-repeat":"repeat","background-position":"center center","background-size":"auto","background-attachment":"scroll","background-type":"","background-media":"","overlay-type":"","overlay-color":"","overlay-opacity":"","overlay-gradient":""},"mobile":{"background-color":"","background-image":"","background-repeat":"repeat","background-position":"center center","background-size":"auto","background-attachment":"scroll","background-type":"","background-media":"","overlay-type":"","overlay-color":"","overlay-opacity":"","overlay-gradient":""}},"ast-content-background-meta":{"desktop":{"background-color":"var(--ast-global-color-5)","background-image":"","background-repeat":"repeat","background-position":"center center","background-size":"auto","background-attachment":"scroll","background-type":"","background-media":"","overlay-type":"","overlay-color":"","overlay-opacity":"","overlay-gradient":""},"tablet":{"background-color":"var(--ast-global-color-5)","background-image":"","background-repeat":"repeat","background-position":"center center","background-size":"auto","background-attachment":"scroll","background-type":"","background-media":"","overlay-type":"","overlay-color":"","overlay-opacity":"","overlay-gradient":""},"mobile":{"background-color":"var(--ast-global-color-5)","background-image":"","background-repeat":"repeat","background-position":"center center","background-size":"auto","background-attachment":"scroll","background-type":"","background-media":"","overlay-type":"","overlay-color":"","overlay-opacity":"","overlay-gradient":""}}},"product_brand":[],"product_cat":[305,261,265,276],"product_tag":[232,236],"class_list":{"0":"post-11471","1":"product","2":"type-product","3":"status-publish","4":"has-post-thumbnail","6":"product_cat-cbd-es","7":"product_cat-flores-cbd","8":"product_cat-flores-cbd-efecto-fuerte","9":"product_cat-indoor-flores-cbd","10":"product_tag-indoor-cbd-es","11":"product_tag-poderosas-flores-de-cbd","12":"pa_cbd-rate-mas-del-20-de-cbd","13":"pa_kategorie-flores-de-cbd-baratas","14":"pa_kategorie-outdoor-cbd-es","15":"pa_kategorie-poderosas-flores-de-cbd","16":"desktop-align-left","17":"tablet-align-center","18":"mobile-align-left","19":"ast-product-gallery-layout-vertical","20":"ast-magnify-disabled","21":"ast-product-single-variable","22":"ast-product-tabs-layout-horizontal","24":"first","25":"instock","26":"taxable","27":"shipping-taxable","28":"purchasable","29":"product-type-variable"},"yoast_head":"<!-- This site is optimized with the Yoast SEO Premium plugin v27.2 (Yoast SEO v27.4) - https:\/\/yoast.com\/product\/yoast-seo-premium-wordpress\/ -->\n<title>Gelato CBD 21% A partir de 3,6 \u20ac\/g - Blumiz - Premium CBD<\/title>\n<meta name=\"description\" content=\"Gelato CBD 21% Desde 3,6\u20ac\/g - Gelato es una flor de cannabis legal en Espa\u00f1a, discreta y sin olor. Blumiz experto en CBD\" \/>\n<meta name=\"robots\" content=\"index, follow, max-snippet:-1, max-image-preview:large, max-video-preview:-1\" \/>\n<link rel=\"canonical\" href=\"https:\/\/blumiz.com\/es\/producto\/gelato-cbd\/\" \/>\n<meta property=\"og:locale\" content=\"es_ES\" \/>\n<meta property=\"og:type\" content=\"article\" \/>\n<meta property=\"og:title\" content=\"Gelato - Flores CBD 21%\" \/>\n<meta property=\"og:description\" content=\"Gelato - Flores CBD 21% Blumiz - Premium CBD\" \/>\n<meta property=\"og:url\" content=\"https:\/\/blumiz.com\/es\/producto\/gelato-cbd\/\" \/>\n<meta property=\"og:site_name\" content=\"Blumiz - Premium CBD\" \/>\n<meta property=\"article:modified_time\" content=\"2025-06-02T18:16:50+00:00\" \/>\n<meta property=\"og:image\" content=\"https:\/\/blumiz.com\/wp-content\/uploads\/2022\/08\/GELATO-BAG-BLUMIZ.webp\" \/>\n\t<meta property=\"og:image:width\" content=\"600\" \/>\n\t<meta property=\"og:image:height\" content=\"600\" \/>\n\t<meta property=\"og:image:type\" content=\"image\/webp\" \/>\n<meta name=\"twitter:card\" content=\"summary_large_image\" \/>\n<meta name=\"twitter:label1\" content=\"Disponibilidad\" \/>\n\t<meta name=\"twitter:data1\" content=\"Disponible\" \/>\n<script type=\"application\/ld+json\" class=\"yoast-schema-graph\">{\"@context\":\"https:\\\/\\\/schema.org\",\"@graph\":[{\"@type\":\"WebPage\",\"@id\":\"https:\\\/\\\/blumiz.com\\\/es\\\/producto\\\/gelato-cbd\\\/\",\"url\":\"https:\\\/\\\/blumiz.com\\\/es\\\/producto\\\/gelato-cbd\\\/\",\"name\":\"Gelato CBD 21% A partir de 3,6 \u20ac\\\/g - Blumiz - Premium CBD\",\"isPartOf\":{\"@id\":\"https:\\\/\\\/blumiz.com\\\/es\\\/#website\"},\"primaryImageOfPage\":{\"@id\":\"https:\\\/\\\/blumiz.com\\\/es\\\/producto\\\/gelato-cbd\\\/#primaryimage\"},\"image\":{\"@id\":\"https:\\\/\\\/blumiz.com\\\/es\\\/producto\\\/gelato-cbd\\\/#primaryimage\"},\"thumbnailUrl\":\"https:\\\/\\\/blumiz.com\\\/wp-content\\\/uploads\\\/2022\\\/08\\\/GELATO-BAG-BLUMIZ.webp\",\"datePublished\":\"2020-10-20T13:16:46+00:00\",\"dateModified\":\"2025-06-02T18:16:50+00:00\",\"description\":\"Gelato CBD 21% Desde 3,6\u20ac\\\/g - Gelato es una flor de cannabis legal en Espa\u00f1a, discreta y sin olor. Blumiz experto en CBD\",\"breadcrumb\":{\"@id\":\"https:\\\/\\\/blumiz.com\\\/es\\\/producto\\\/gelato-cbd\\\/#breadcrumb\"},\"inLanguage\":\"es\",\"potentialAction\":[{\"@type\":\"ReadAction\",\"target\":[\"https:\\\/\\\/blumiz.com\\\/es\\\/producto\\\/gelato-cbd\\\/\"]}]},{\"@type\":\"ImageObject\",\"inLanguage\":\"es\",\"@id\":\"https:\\\/\\\/blumiz.com\\\/es\\\/producto\\\/gelato-cbd\\\/#primaryimage\",\"url\":\"https:\\\/\\\/blumiz.com\\\/wp-content\\\/uploads\\\/2022\\\/08\\\/GELATO-BAG-BLUMIZ.webp\",\"contentUrl\":\"https:\\\/\\\/blumiz.com\\\/wp-content\\\/uploads\\\/2022\\\/08\\\/GELATO-BAG-BLUMIZ.webp\",\"width\":600,\"height\":600},{\"@type\":\"BreadcrumbList\",\"@id\":\"https:\\\/\\\/blumiz.com\\\/es\\\/producto\\\/gelato-cbd\\\/#breadcrumb\",\"itemListElement\":[{\"@type\":\"ListItem\",\"position\":1,\"name\":\"Blumiz\",\"item\":\"https:\\\/\\\/blumiz.com\\\/es\\\/\"},{\"@type\":\"ListItem\",\"position\":2,\"name\":\"CBD Shop\",\"item\":\"https:\\\/\\\/blumiz.com\\\/es\\\/tienda\\\/\"},{\"@type\":\"ListItem\",\"position\":3,\"name\":\"Flores CBD\",\"item\":\"https:\\\/\\\/blumiz.com\\\/es\\\/category\\\/flores-cbd\\\/\"},{\"@type\":\"ListItem\",\"position\":4,\"name\":\"Gelato &#8211; Flores CBD 21%\"}]},{\"@type\":\"WebSite\",\"@id\":\"https:\\\/\\\/blumiz.com\\\/es\\\/#website\",\"url\":\"https:\\\/\\\/blumiz.com\\\/es\\\/\",\"name\":\"Blumiz - Premium CBD\",\"description\":\"Un CBD al mejor precio y de calidad superior\",\"publisher\":{\"@id\":\"https:\\\/\\\/blumiz.com\\\/es\\\/#organization\"},\"alternateName\":\"Blumiz\",\"potentialAction\":[{\"@type\":\"SearchAction\",\"target\":{\"@type\":\"EntryPoint\",\"urlTemplate\":\"https:\\\/\\\/blumiz.com\\\/es\\\/?s={search_term_string}\"},\"query-input\":{\"@type\":\"PropertyValueSpecification\",\"valueRequired\":true,\"valueName\":\"search_term_string\"}}],\"inLanguage\":\"es\"},{\"@type\":\"Organization\",\"@id\":\"https:\\\/\\\/blumiz.com\\\/es\\\/#organization\",\"name\":\"Blumiz CBD\",\"alternateName\":\"Blumiz\",\"url\":\"https:\\\/\\\/blumiz.com\\\/es\\\/\",\"logo\":{\"@type\":\"ImageObject\",\"inLanguage\":\"es\",\"@id\":\"https:\\\/\\\/blumiz.com\\\/es\\\/#\\\/schema\\\/logo\\\/image\\\/\",\"url\":\"https:\\\/\\\/blumiz.com\\\/wp-content\\\/uploads\\\/2026\\\/02\\\/cropped-Blumiz-CBD-logo.webp\",\"contentUrl\":\"https:\\\/\\\/blumiz.com\\\/wp-content\\\/uploads\\\/2026\\\/02\\\/cropped-Blumiz-CBD-logo.webp\",\"width\":2547,\"height\":778,\"caption\":\"Blumiz CBD\"},\"image\":{\"@id\":\"https:\\\/\\\/blumiz.com\\\/es\\\/#\\\/schema\\\/logo\\\/image\\\/\"}}]}<\/script>\n<meta property=\"og:availability\" content=\"instock\" \/>\n<meta property=\"product:availability\" content=\"instock\" \/>\n<meta property=\"product:retailer_item_id\" content=\"57325\" \/>\n<meta property=\"product:condition\" content=\"new\" \/>\n<!-- \/ Yoast SEO Premium plugin. -->","yoast_head_json":{"title":"Gelato CBD 21% A partir de 3,6 \u20ac\/g - Blumiz - Premium CBD","description":"Gelato CBD 21% Desde 3,6\u20ac\/g - Gelato es una flor de cannabis legal en Espa\u00f1a, discreta y sin olor. Blumiz experto en CBD","robots":{"index":"index","follow":"follow","max-snippet":"max-snippet:-1","max-image-preview":"max-image-preview:large","max-video-preview":"max-video-preview:-1"},"canonical":"https:\/\/blumiz.com\/es\/producto\/gelato-cbd\/","og_locale":"es_ES","og_type":"article","og_title":"Gelato - Flores CBD 21%","og_description":"Gelato - Flores CBD 21% Blumiz - Premium CBD","og_url":"https:\/\/blumiz.com\/es\/producto\/gelato-cbd\/","og_site_name":"Blumiz - Premium CBD","article_modified_time":"2025-06-02T18:16:50+00:00","og_image":[{"width":600,"height":600,"url":"https:\/\/blumiz.com\/wp-content\/uploads\/2022\/08\/GELATO-BAG-BLUMIZ.webp","type":"image\/webp"}],"twitter_card":"summary_large_image","twitter_misc":{"Disponibilidad":"Disponible"},"schema":{"@context":"https:\/\/schema.org","@graph":[{"@type":"WebPage","@id":"https:\/\/blumiz.com\/es\/producto\/gelato-cbd\/","url":"https:\/\/blumiz.com\/es\/producto\/gelato-cbd\/","name":"Gelato CBD 21% A partir de 3,6 \u20ac\/g - Blumiz - Premium CBD","isPartOf":{"@id":"https:\/\/blumiz.com\/es\/#website"},"primaryImageOfPage":{"@id":"https:\/\/blumiz.com\/es\/producto\/gelato-cbd\/#primaryimage"},"image":{"@id":"https:\/\/blumiz.com\/es\/producto\/gelato-cbd\/#primaryimage"},"thumbnailUrl":"https:\/\/blumiz.com\/wp-content\/uploads\/2022\/08\/GELATO-BAG-BLUMIZ.webp","datePublished":"2020-10-20T13:16:46+00:00","dateModified":"2025-06-02T18:16:50+00:00","description":"Gelato CBD 21% Desde 3,6\u20ac\/g - Gelato es una flor de cannabis legal en Espa\u00f1a, discreta y sin olor. Blumiz experto en CBD","breadcrumb":{"@id":"https:\/\/blumiz.com\/es\/producto\/gelato-cbd\/#breadcrumb"},"inLanguage":"es","potentialAction":[{"@type":"ReadAction","target":["https:\/\/blumiz.com\/es\/producto\/gelato-cbd\/"]}]},{"@type":"ImageObject","inLanguage":"es","@id":"https:\/\/blumiz.com\/es\/producto\/gelato-cbd\/#primaryimage","url":"https:\/\/blumiz.com\/wp-content\/uploads\/2022\/08\/GELATO-BAG-BLUMIZ.webp","contentUrl":"https:\/\/blumiz.com\/wp-content\/uploads\/2022\/08\/GELATO-BAG-BLUMIZ.webp","width":600,"height":600},{"@type":"BreadcrumbList","@id":"https:\/\/blumiz.com\/es\/producto\/gelato-cbd\/#breadcrumb","itemListElement":[{"@type":"ListItem","position":1,"name":"Blumiz","item":"https:\/\/blumiz.com\/es\/"},{"@type":"ListItem","position":2,"name":"CBD Shop","item":"https:\/\/blumiz.com\/es\/tienda\/"},{"@type":"ListItem","position":3,"name":"Flores CBD","item":"https:\/\/blumiz.com\/es\/category\/flores-cbd\/"},{"@type":"ListItem","position":4,"name":"Gelato &#8211; Flores CBD 21%"}]},{"@type":"WebSite","@id":"https:\/\/blumiz.com\/es\/#website","url":"https:\/\/blumiz.com\/es\/","name":"Blumiz - Premium CBD","description":"Un CBD al mejor precio y de calidad superior","publisher":{"@id":"https:\/\/blumiz.com\/es\/#organization"},"alternateName":"Blumiz","potentialAction":[{"@type":"SearchAction","target":{"@type":"EntryPoint","urlTemplate":"https:\/\/blumiz.com\/es\/?s={search_term_string}"},"query-input":{"@type":"PropertyValueSpecification","valueRequired":true,"valueName":"search_term_string"}}],"inLanguage":"es"},{"@type":"Organization","@id":"https:\/\/blumiz.com\/es\/#organization","name":"Blumiz CBD","alternateName":"Blumiz","url":"https:\/\/blumiz.com\/es\/","logo":{"@type":"ImageObject","inLanguage":"es","@id":"https:\/\/blumiz.com\/es\/#\/schema\/logo\/image\/","url":"https:\/\/blumiz.com\/wp-content\/uploads\/2026\/02\/cropped-Blumiz-CBD-logo.webp","contentUrl":"https:\/\/blumiz.com\/wp-content\/uploads\/2026\/02\/cropped-Blumiz-CBD-logo.webp","width":2547,"height":778,"caption":"Blumiz CBD"},"image":{"@id":"https:\/\/blumiz.com\/es\/#\/schema\/logo\/image\/"}}]},"og_availability":"instock","product_availability":"instock","product_retailer_item_id":"57325","product_condition":"new"},"_links":{"self":[{"href":"https:\/\/blumiz.com\/es\/wp-json\/wp\/v2\/product\/11471","targetHints":{"allow":["GET"]}}],"collection":[{"href":"https:\/\/blumiz.com\/es\/wp-json\/wp\/v2\/product"}],"about":[{"href":"https:\/\/blumiz.com\/es\/wp-json\/wp\/v2\/types\/product"}],"replies":[{"embeddable":true,"href":"https:\/\/blumiz.com\/es\/wp-json\/wp\/v2\/comments?post=11471"}],"version-history":[{"count":0,"href":"https:\/\/blumiz.com\/es\/wp-json\/wp\/v2\/product\/11471\/revisions"}],"wp:featuredmedia":[{"embeddable":true,"href":"https:\/\/blumiz.com\/es\/wp-json\/wp\/v2\/media\/10383"}],"wp:attachment":[{"href":"https:\/\/blumiz.com\/es\/wp-json\/wp\/v2\/media?parent=11471"}],"wp:term":[{"taxonomy":"product_brand","embeddable":true,"href":"https:\/\/blumiz.com\/es\/wp-json\/wp\/v2\/product_brand?post=11471"},{"taxonomy":"product_cat","embeddable":true,"href":"https:\/\/blumiz.com\/es\/wp-json\/wp\/v2\/product_cat?post=11471"},{"taxonomy":"product_tag","embeddable":true,"href":"https:\/\/blumiz.com\/es\/wp-json\/wp\/v2\/product_tag?post=11471"}],"curies":[{"name":"wp","href":"https:\/\/api.w.org\/{rel}","templated":true}]}}