{"id":11474,"date":"2021-03-01T07:51:29","date_gmt":"2021-03-01T06:51:29","guid":{"rendered":"https:\/\/blumiz.com\/produkt\/bubba-kush-flores-cbd-8\/"},"modified":"2025-02-06T21:37:02","modified_gmt":"2025-02-06T20:37:02","slug":"bubba-kush-cbd","status":"publish","type":"product","link":"https:\/\/blumiz.com\/es\/producto\/bubba-kush-cbd\/","title":{"rendered":"Bubba Kush &#8211; Flores CBD 8%"},"content":{"rendered":"<h2><span style=\"color: #107d85;\">Flores CBD Bubba Kush Outdoor 8%.<\/span><\/h2>\n<h4><span style=\"color: #ff6600;\">excepcional <strong>combinaci\u00f3n de<\/strong> cepas bubble gum y kush de predominancia \u00edndica<\/span><\/h4>\n<p>OutdoorSucumbir\u00e1s a esta variedad de Flores CBD, \u00a1que no alcanzaron su fama por casualidad!<br \/>\nBubba Kush es una variedad h\u00edbrida procedente directamente de los Estados Unidos. Procede de un cruce entre la flor cbd Bubble Gum y Kush, lo que le confiere ese sabor \u00fanico, con aromas a caf\u00e9 especiado y frutas ex\u00f3ticas, con peque\u00f1as notas terrosas. Otra ventaja de la Bubba Kush CBD son sus cogollos densos y compactos y las hojas de color p\u00farpura tan caracter\u00edsticas de esta especie.<\/p>\n<p>Esta Bubba Kush CBD de concentraci\u00f3n media con un 8% de cannabidiol est\u00e1 dirigida tanto a consumidores m\u00e1s experimentados como a novatos. El sabor del c\u00e1\u00f1amo no es pronunciado, lo que seducir\u00e1 a las papilas gustativas m\u00e1s \u00e1vidas de sabores dulces y gourmet.<\/p>\n<p>Cuando se infunde con leche para realzar el sabor o se vaporiza, la flor cbd Bubba Kush te dar\u00e1 una satisfacci\u00f3n completa.<\/p>\n<h4><span style=\"color: #ff6600;\">Sabor Bubba Kush CBD<\/span><\/h4>\n<p>Outdoor Bubba Kush es una flor con sabores distintivos gracias a su cultivo en exterior. Esta flor estaba a pleno sol. Por eso se beneficia de hojas y tricomas tan coloridos. Esta flor de cultivo ecol\u00f3gico controlado no contiene pesticidas.<\/p>\n<h4><span style=\"color: #ff6600;\">Efectos de Bubba Kush<\/span><\/h4>\n<p>Bubba Kush relaja el cuerpo y la mente, pero no tiene efectos psicoactivos.<\/p>\n<p>Nuestras Flores CBD no tienen ning\u00fan efecto narc\u00f3tico: no s\u00f3lo no crean adicci\u00f3n al cannabidiol, sino que calman y relajan el cuerpo y la mente de forma natural y saludable. \u00bfY por qu\u00e9? Porque no contienen ni rastro de THC.<\/p>\n<p>Si buscas otras variedades a buen precio, tambi\u00e9n te recomendamos que pruebes nuestra <a href=\"https:\/\/blumiz.com\/producto\/skunk-cbd-original\/\">Skunk Original<\/a> o nuestra <a href=\"https:\/\/blumiz.com\/producto\/cbd-small-bud-indoor-mix-9\/\">Small buds Mix Indoor<\/a>.<\/p>\n<p>Si busca una variedad de la m\u00e1xima calidad, le recomendamos <a href=\"https:\/\/blumiz.com\/producto\/ivory-cbd\/\">Ivory<\/a> o <a href=\"https:\/\/blumiz.com\/producto\/amnesia-cbd\/\">Amnesia<\/a><\/p>\n<h4><\/h4>\n<h4><span style=\"color: #ff6600;\">Nuestra <strong><a style=\"color: #ff6600;\" href=\"\/?product_cat=cbd-blueten\">Flores CBD<\/a><\/strong> es sin\u00f3nimo de altos est\u00e1ndares de calidad y productos seleccionados a mano<\/span><\/h4>\n<p>Flores CBD est\u00e1n disponibles en diferentes sabores y concentraciones de CBD. Nuestras Flores CBD se someten a estrictos criterios externos de calidad. Se venden como materias primas y no contienen aditivos qu\u00edmicos ni impurezas.<\/p>\n<p>Descubra aqu\u00ed tambi\u00e9n nuestro <a href=\"https:\/\/blumiz.com\/es\/category\/hachis-y-concentrados\/\">CBD Hachis<\/a><\/p>\n<p>Una pregunta, \u00bfnecesitas ayuda?  <a href=\"https:\/\/blumiz.com\/hilfe-und-faqs\/\">Haga clic aqu\u00ed para descubrir nuestro centro de ayuda.<\/a><\/p>\n<p>Descubre nuestros <a href=\"https:\/\/blumiz.com\/es\/category\/headshop-es\/\">productos y accesorios Headshop<\/a> para disfrutar de tus variedades favoritas<\/p>\n<h4><span style=\"color: #ff6600;\">Hacer un pedido a Blumiz significa:<\/span><\/h4>\n<p>&#8211; Entrega r\u00e1pida, discreta e inodora<br \/>\n&#8211; Productos de calidad y certificados por laboratorios<br \/>\n&#8211; Precios inmejorables, ya que fabricamos nuestros propios productos<\/p>\n","protected":false},"excerpt":{"rendered":"<h4><span style=\"color: #107d85;\">CBD-Bud Bubba Kush Outdoor 8% (en ingl\u00e9s)<\/span><\/h4>\n<p>OutdoorEl h\u00edbrido Bubba Kush CBD 8% de flor con ex\u00f3ticos sabores a caf\u00e9 especiado<\/p>\n<p>Bubba Kush, una flor CBD en el podio de nuestras superventas. Probablemente este nombre le resulte familiar. Esta variedad \u00fanica se caracteriza por su aroma a caf\u00e9 especiado y sus deliciosos sabores ex\u00f3ticos con ligeras notas terrosas. Ni los paladares m\u00e1s finos podr\u00e1n prescindir de \u00e9l.<\/p>\n","protected":false},"featured_media":10414,"comment_status":"open","ping_status":"closed","template":"","meta":{"site-sidebar-layout":"default","site-content-layout":"default","ast-site-content-layout":"default","site-content-style":"default","site-sidebar-style":"default","ast-global-header-display":"","ast-banner-title-visibility":"","ast-main-header-display":"","ast-hfb-above-header-display":"","ast-hfb-below-header-display":"","ast-hfb-mobile-header-display":"","site-post-title":"","ast-breadcrumbs-content":"","ast-featured-img":"","footer-sml-layout":"","ast-disable-related-posts":"","theme-transparent-header-meta":"default","adv-header-id-meta":"","stick-header-meta":"default","header-above-stick-meta":"","header-main-stick-meta":"","header-below-stick-meta":"","astra-migrate-meta-layouts":"default","ast-page-background-enabled":"default","ast-page-background-meta":{"desktop":{"background-color":"","background-image":"","background-repeat":"repeat","background-position":"center center","background-size":"auto","background-attachment":"scroll","background-type":"","background-media":"","overlay-type":"","overlay-color":"","overlay-opacity":"","overlay-gradient":""},"tablet":{"background-color":"","background-image":"","background-repeat":"repeat","background-position":"center center","background-size":"auto","background-attachment":"scroll","background-type":"","background-media":"","overlay-type":"","overlay-color":"","overlay-opacity":"","overlay-gradient":""},"mobile":{"background-color":"","background-image":"","background-repeat":"repeat","background-position":"center center","background-size":"auto","background-attachment":"scroll","background-type":"","background-media":"","overlay-type":"","overlay-color":"","overlay-opacity":"","overlay-gradient":""}},"ast-content-background-meta":{"desktop":{"background-color":"var(--ast-global-color-5)","background-image":"","background-repeat":"repeat","background-position":"center center","background-size":"auto","background-attachment":"scroll","background-type":"","background-media":"","overlay-type":"","overlay-color":"","overlay-opacity":"","overlay-gradient":""},"tablet":{"background-color":"var(--ast-global-color-5)","background-image":"","background-repeat":"repeat","background-position":"center center","background-size":"auto","background-attachment":"scroll","background-type":"","background-media":"","overlay-type":"","overlay-color":"","overlay-opacity":"","overlay-gradient":""},"mobile":{"background-color":"var(--ast-global-color-5)","background-image":"","background-repeat":"repeat","background-position":"center center","background-size":"auto","background-attachment":"scroll","background-type":"","background-media":"","overlay-type":"","overlay-color":"","overlay-opacity":"","overlay-gradient":""}}},"product_brand":[],"product_cat":[305,261,270,265,275],"product_tag":[233,236],"class_list":{"0":"post-11474","1":"product","2":"type-product","3":"status-publish","4":"has-post-thumbnail","6":"product_cat-cbd-es","7":"product_cat-flores-cbd","8":"product_cat-flores-cbd-baratas","9":"product_cat-flores-cbd-efecto-fuerte","10":"product_cat-outdoor-flores-cbd","11":"product_tag-outdoor-cbd-es","12":"product_tag-poderosas-flores-de-cbd","13":"pa_cbd-rate-0-a-10-cbd-es","14":"pa_kategorie-indoor-cbd-es","15":"pa_kategorie-poderosas-flores-de-cbd","16":"desktop-align-left","17":"tablet-align-center","18":"mobile-align-left","19":"ast-product-gallery-layout-vertical","20":"ast-magnify-disabled","21":"ast-product-single-variable","22":"ast-product-tabs-layout-horizontal","24":"first","25":"instock","26":"taxable","27":"shipping-taxable","28":"purchasable","29":"product-type-variable"},"yoast_head":"<!-- This site is optimized with the Yoast SEO Premium plugin v27.2 (Yoast SEO v27.4) - https:\/\/yoast.com\/product\/yoast-seo-premium-wordpress\/ -->\n<title>Bubba Kush CBD 8% Outdoor desde 1,9 \u20ac\/g - El mejor cannabis CBD legal<\/title>\n<meta name=\"description\" content=\"Bubba Kush BCBD 8% Outdoor desde 1,9\u20ac\/g - Bubba Kush, una variedad h\u00edbrida procedente de EE.UU., resultado del cruce entre la cbd Bubble Gum y la Kush\" \/>\n<meta name=\"robots\" content=\"index, follow, max-snippet:-1, max-image-preview:large, max-video-preview:-1\" \/>\n<link rel=\"canonical\" href=\"https:\/\/blumiz.com\/es\/producto\/bubba-kush-cbd\/\" \/>\n<meta property=\"og:locale\" content=\"es_ES\" \/>\n<meta property=\"og:type\" content=\"article\" \/>\n<meta property=\"og:title\" content=\"Bubba Kush - Flores CBD 8%\" \/>\n<meta property=\"og:description\" content=\"Bubba Kush - Flores CBD 8% Blumiz - Premium CBD\" \/>\n<meta property=\"og:url\" content=\"https:\/\/blumiz.com\/es\/producto\/bubba-kush-cbd\/\" \/>\n<meta property=\"og:site_name\" content=\"Blumiz - Premium CBD\" \/>\n<meta property=\"article:modified_time\" content=\"2025-02-06T20:37:02+00:00\" \/>\n<meta property=\"og:image\" content=\"https:\/\/blumiz.com\/wp-content\/uploads\/2022\/08\/BUBBA-KUSH-BLUMIZ.webp\" \/>\n\t<meta property=\"og:image:width\" content=\"600\" \/>\n\t<meta property=\"og:image:height\" content=\"600\" \/>\n\t<meta property=\"og:image:type\" content=\"image\/webp\" \/>\n<meta name=\"twitter:card\" content=\"summary_large_image\" \/>\n<meta name=\"twitter:label1\" content=\"Disponibilidad\" \/>\n\t<meta name=\"twitter:data1\" content=\"Disponible\" \/>\n<script type=\"application\/ld+json\" class=\"yoast-schema-graph\">{\"@context\":\"https:\\\/\\\/schema.org\",\"@graph\":[{\"@type\":\"WebPage\",\"@id\":\"https:\\\/\\\/blumiz.com\\\/es\\\/producto\\\/bubba-kush-cbd\\\/\",\"url\":\"https:\\\/\\\/blumiz.com\\\/es\\\/producto\\\/bubba-kush-cbd\\\/\",\"name\":\"Bubba Kush CBD 8% Outdoor desde 1,9 \u20ac\\\/g - El mejor cannabis CBD legal\",\"isPartOf\":{\"@id\":\"https:\\\/\\\/blumiz.com\\\/es\\\/#website\"},\"primaryImageOfPage\":{\"@id\":\"https:\\\/\\\/blumiz.com\\\/es\\\/producto\\\/bubba-kush-cbd\\\/#primaryimage\"},\"image\":{\"@id\":\"https:\\\/\\\/blumiz.com\\\/es\\\/producto\\\/bubba-kush-cbd\\\/#primaryimage\"},\"thumbnailUrl\":\"https:\\\/\\\/blumiz.com\\\/wp-content\\\/uploads\\\/2022\\\/08\\\/BUBBA-KUSH-BLUMIZ.webp\",\"datePublished\":\"2021-03-01T06:51:29+00:00\",\"dateModified\":\"2025-02-06T20:37:02+00:00\",\"description\":\"Bubba Kush BCBD 8% Outdoor desde 1,9\u20ac\\\/g - Bubba Kush, una variedad h\u00edbrida procedente de EE.UU., resultado del cruce entre la cbd Bubble Gum y la Kush\",\"breadcrumb\":{\"@id\":\"https:\\\/\\\/blumiz.com\\\/es\\\/producto\\\/bubba-kush-cbd\\\/#breadcrumb\"},\"inLanguage\":\"es\",\"potentialAction\":[{\"@type\":\"ReadAction\",\"target\":[\"https:\\\/\\\/blumiz.com\\\/es\\\/producto\\\/bubba-kush-cbd\\\/\"]}]},{\"@type\":\"ImageObject\",\"inLanguage\":\"es\",\"@id\":\"https:\\\/\\\/blumiz.com\\\/es\\\/producto\\\/bubba-kush-cbd\\\/#primaryimage\",\"url\":\"https:\\\/\\\/blumiz.com\\\/wp-content\\\/uploads\\\/2022\\\/08\\\/BUBBA-KUSH-BLUMIZ.webp\",\"contentUrl\":\"https:\\\/\\\/blumiz.com\\\/wp-content\\\/uploads\\\/2022\\\/08\\\/BUBBA-KUSH-BLUMIZ.webp\",\"width\":600,\"height\":600},{\"@type\":\"BreadcrumbList\",\"@id\":\"https:\\\/\\\/blumiz.com\\\/es\\\/producto\\\/bubba-kush-cbd\\\/#breadcrumb\",\"itemListElement\":[{\"@type\":\"ListItem\",\"position\":1,\"name\":\"Blumiz\",\"item\":\"https:\\\/\\\/blumiz.com\\\/es\\\/\"},{\"@type\":\"ListItem\",\"position\":2,\"name\":\"CBD Shop\",\"item\":\"https:\\\/\\\/blumiz.com\\\/es\\\/tienda\\\/\"},{\"@type\":\"ListItem\",\"position\":3,\"name\":\"Flores CBD\",\"item\":\"https:\\\/\\\/blumiz.com\\\/es\\\/category\\\/flores-cbd\\\/\"},{\"@type\":\"ListItem\",\"position\":4,\"name\":\"Bubba Kush &#8211; Flores CBD 8%\"}]},{\"@type\":\"WebSite\",\"@id\":\"https:\\\/\\\/blumiz.com\\\/es\\\/#website\",\"url\":\"https:\\\/\\\/blumiz.com\\\/es\\\/\",\"name\":\"Blumiz - Premium CBD\",\"description\":\"Un CBD al mejor precio y de calidad superior\",\"publisher\":{\"@id\":\"https:\\\/\\\/blumiz.com\\\/es\\\/#organization\"},\"alternateName\":\"Blumiz\",\"potentialAction\":[{\"@type\":\"SearchAction\",\"target\":{\"@type\":\"EntryPoint\",\"urlTemplate\":\"https:\\\/\\\/blumiz.com\\\/es\\\/?s={search_term_string}\"},\"query-input\":{\"@type\":\"PropertyValueSpecification\",\"valueRequired\":true,\"valueName\":\"search_term_string\"}}],\"inLanguage\":\"es\"},{\"@type\":\"Organization\",\"@id\":\"https:\\\/\\\/blumiz.com\\\/es\\\/#organization\",\"name\":\"Blumiz CBD\",\"alternateName\":\"Blumiz\",\"url\":\"https:\\\/\\\/blumiz.com\\\/es\\\/\",\"logo\":{\"@type\":\"ImageObject\",\"inLanguage\":\"es\",\"@id\":\"https:\\\/\\\/blumiz.com\\\/es\\\/#\\\/schema\\\/logo\\\/image\\\/\",\"url\":\"https:\\\/\\\/blumiz.com\\\/wp-content\\\/uploads\\\/2026\\\/02\\\/cropped-Blumiz-CBD-logo.webp\",\"contentUrl\":\"https:\\\/\\\/blumiz.com\\\/wp-content\\\/uploads\\\/2026\\\/02\\\/cropped-Blumiz-CBD-logo.webp\",\"width\":2547,\"height\":778,\"caption\":\"Blumiz CBD\"},\"image\":{\"@id\":\"https:\\\/\\\/blumiz.com\\\/es\\\/#\\\/schema\\\/logo\\\/image\\\/\"}}]}<\/script>\n<meta property=\"og:availability\" content=\"instock\" \/>\n<meta property=\"product:availability\" content=\"instock\" \/>\n<meta property=\"product:retailer_item_id\" content=\"396454\" \/>\n<meta property=\"product:condition\" content=\"new\" \/>\n<!-- \/ Yoast SEO Premium plugin. -->","yoast_head_json":{"title":"Bubba Kush CBD 8% Outdoor desde 1,9 \u20ac\/g - El mejor cannabis CBD legal","description":"Bubba Kush BCBD 8% Outdoor desde 1,9\u20ac\/g - Bubba Kush, una variedad h\u00edbrida procedente de EE.UU., resultado del cruce entre la cbd Bubble Gum y la Kush","robots":{"index":"index","follow":"follow","max-snippet":"max-snippet:-1","max-image-preview":"max-image-preview:large","max-video-preview":"max-video-preview:-1"},"canonical":"https:\/\/blumiz.com\/es\/producto\/bubba-kush-cbd\/","og_locale":"es_ES","og_type":"article","og_title":"Bubba Kush - Flores CBD 8%","og_description":"Bubba Kush - Flores CBD 8% Blumiz - Premium CBD","og_url":"https:\/\/blumiz.com\/es\/producto\/bubba-kush-cbd\/","og_site_name":"Blumiz - Premium CBD","article_modified_time":"2025-02-06T20:37:02+00:00","og_image":[{"width":600,"height":600,"url":"https:\/\/blumiz.com\/wp-content\/uploads\/2022\/08\/BUBBA-KUSH-BLUMIZ.webp","type":"image\/webp"}],"twitter_card":"summary_large_image","twitter_misc":{"Disponibilidad":"Disponible"},"schema":{"@context":"https:\/\/schema.org","@graph":[{"@type":"WebPage","@id":"https:\/\/blumiz.com\/es\/producto\/bubba-kush-cbd\/","url":"https:\/\/blumiz.com\/es\/producto\/bubba-kush-cbd\/","name":"Bubba Kush CBD 8% Outdoor desde 1,9 \u20ac\/g - El mejor cannabis CBD legal","isPartOf":{"@id":"https:\/\/blumiz.com\/es\/#website"},"primaryImageOfPage":{"@id":"https:\/\/blumiz.com\/es\/producto\/bubba-kush-cbd\/#primaryimage"},"image":{"@id":"https:\/\/blumiz.com\/es\/producto\/bubba-kush-cbd\/#primaryimage"},"thumbnailUrl":"https:\/\/blumiz.com\/wp-content\/uploads\/2022\/08\/BUBBA-KUSH-BLUMIZ.webp","datePublished":"2021-03-01T06:51:29+00:00","dateModified":"2025-02-06T20:37:02+00:00","description":"Bubba Kush BCBD 8% Outdoor desde 1,9\u20ac\/g - Bubba Kush, una variedad h\u00edbrida procedente de EE.UU., resultado del cruce entre la cbd Bubble Gum y la Kush","breadcrumb":{"@id":"https:\/\/blumiz.com\/es\/producto\/bubba-kush-cbd\/#breadcrumb"},"inLanguage":"es","potentialAction":[{"@type":"ReadAction","target":["https:\/\/blumiz.com\/es\/producto\/bubba-kush-cbd\/"]}]},{"@type":"ImageObject","inLanguage":"es","@id":"https:\/\/blumiz.com\/es\/producto\/bubba-kush-cbd\/#primaryimage","url":"https:\/\/blumiz.com\/wp-content\/uploads\/2022\/08\/BUBBA-KUSH-BLUMIZ.webp","contentUrl":"https:\/\/blumiz.com\/wp-content\/uploads\/2022\/08\/BUBBA-KUSH-BLUMIZ.webp","width":600,"height":600},{"@type":"BreadcrumbList","@id":"https:\/\/blumiz.com\/es\/producto\/bubba-kush-cbd\/#breadcrumb","itemListElement":[{"@type":"ListItem","position":1,"name":"Blumiz","item":"https:\/\/blumiz.com\/es\/"},{"@type":"ListItem","position":2,"name":"CBD Shop","item":"https:\/\/blumiz.com\/es\/tienda\/"},{"@type":"ListItem","position":3,"name":"Flores CBD","item":"https:\/\/blumiz.com\/es\/category\/flores-cbd\/"},{"@type":"ListItem","position":4,"name":"Bubba Kush &#8211; Flores CBD 8%"}]},{"@type":"WebSite","@id":"https:\/\/blumiz.com\/es\/#website","url":"https:\/\/blumiz.com\/es\/","name":"Blumiz - Premium CBD","description":"Un CBD al mejor precio y de calidad superior","publisher":{"@id":"https:\/\/blumiz.com\/es\/#organization"},"alternateName":"Blumiz","potentialAction":[{"@type":"SearchAction","target":{"@type":"EntryPoint","urlTemplate":"https:\/\/blumiz.com\/es\/?s={search_term_string}"},"query-input":{"@type":"PropertyValueSpecification","valueRequired":true,"valueName":"search_term_string"}}],"inLanguage":"es"},{"@type":"Organization","@id":"https:\/\/blumiz.com\/es\/#organization","name":"Blumiz CBD","alternateName":"Blumiz","url":"https:\/\/blumiz.com\/es\/","logo":{"@type":"ImageObject","inLanguage":"es","@id":"https:\/\/blumiz.com\/es\/#\/schema\/logo\/image\/","url":"https:\/\/blumiz.com\/wp-content\/uploads\/2026\/02\/cropped-Blumiz-CBD-logo.webp","contentUrl":"https:\/\/blumiz.com\/wp-content\/uploads\/2026\/02\/cropped-Blumiz-CBD-logo.webp","width":2547,"height":778,"caption":"Blumiz CBD"},"image":{"@id":"https:\/\/blumiz.com\/es\/#\/schema\/logo\/image\/"}}]},"og_availability":"instock","product_availability":"instock","product_retailer_item_id":"396454","product_condition":"new"},"_links":{"self":[{"href":"https:\/\/blumiz.com\/es\/wp-json\/wp\/v2\/product\/11474","targetHints":{"allow":["GET"]}}],"collection":[{"href":"https:\/\/blumiz.com\/es\/wp-json\/wp\/v2\/product"}],"about":[{"href":"https:\/\/blumiz.com\/es\/wp-json\/wp\/v2\/types\/product"}],"replies":[{"embeddable":true,"href":"https:\/\/blumiz.com\/es\/wp-json\/wp\/v2\/comments?post=11474"}],"version-history":[{"count":0,"href":"https:\/\/blumiz.com\/es\/wp-json\/wp\/v2\/product\/11474\/revisions"}],"wp:featuredmedia":[{"embeddable":true,"href":"https:\/\/blumiz.com\/es\/wp-json\/wp\/v2\/media\/10414"}],"wp:attachment":[{"href":"https:\/\/blumiz.com\/es\/wp-json\/wp\/v2\/media?parent=11474"}],"wp:term":[{"taxonomy":"product_brand","embeddable":true,"href":"https:\/\/blumiz.com\/es\/wp-json\/wp\/v2\/product_brand?post=11474"},{"taxonomy":"product_cat","embeddable":true,"href":"https:\/\/blumiz.com\/es\/wp-json\/wp\/v2\/product_cat?post=11474"},{"taxonomy":"product_tag","embeddable":true,"href":"https:\/\/blumiz.com\/es\/wp-json\/wp\/v2\/product_tag?post=11474"}],"curies":[{"name":"wp","href":"https:\/\/api.w.org\/{rel}","templated":true}]}}