{"id":11488,"date":"2021-12-10T14:16:47","date_gmt":"2021-12-10T13:16:47","guid":{"rendered":"https:\/\/blumiz.com\/produkt\/gorilla-glue-flores-cbd-17\/"},"modified":"2025-02-06T21:38:23","modified_gmt":"2025-02-06T20:38:23","slug":"gorilla-glue-cbd","status":"publish","type":"product","link":"https:\/\/blumiz.com\/es\/producto\/gorilla-glue-cbd\/","title":{"rendered":"Gorilla Glue &#8211; Flores CBD 17%"},"content":{"rendered":"<h2 class=\"h2\"><span style=\"color: #107d85;\">Flores CBD Gorilla Glue Greenhouse 17<\/span><\/h2>\n<div><span style=\"font-size: 16px;\">La flor es un cruce de varias variedades de cannabis con tonos afrutados de caf\u00e9. Nuestra variedad Greenhouse, que tiene un alto contenido de cannabidiol y un fresco aroma a pino, es apreciada por la abundancia de sus tricomas y su fresca fragancia.<\/span><\/div>\n<div>\n<p>Cultivamos esta cepa m\u00edtica Gorilla Glue cbd en el invernadero y tiene un contenido de CBD muy interesante del 17%.<\/p>\n<p>Los consumidores aprecian Gorilla Glue porque combina potencia y sabor en una sola flor.<\/p>\n<p>Gorilla Glue es una fragancia amaderada de pino con un suave toque terroso. La nota dulce que nos distingue es la adici\u00f3n de c\u00edtricos: \u00a1no nos cansamos de esta flor \u00fanica!<\/p>\n<p>El aroma de Gorilla Glue es fuerte, intenso y fresco. Las cepas se caracterizan por un alto contenido de THC. El sabor es suave y envolvente. Gorilla Glue tiene un regusto amaderado con notas de pino y c\u00edtricos y un intenso sabor a fruta madura. El efecto de Gorilla Glue no te dejar\u00e1 indiferente, entre otras cosas por su alto contenido en CBD.<\/p>\n<p>El efecto especial del CBD en la variedad Gorilla Glue es un efecto relajante r\u00e1pido y fuerte. Puedes utilizarla para combatir el insomnio y la ansiedad tomando esta variedad de CBD. Las propiedades analg\u00e9sicas y relajantes de Gorilla Glue son especialmente apreciadas por los clientes.<\/p>\n<h4 class=\"h2\"><span style=\"color: #ff6600;\">Gorilla Glue CBD Efectos :<\/span><\/h4>\n<div class=\"effects\">\n<div class=\"effect\">\n<ul>\n<li class=\"effect-label\">Potencia arom\u00e1tica<\/li>\n<li class=\"effect-label\">Efecto ansiol\u00edtico<\/li>\n<li class=\"effect-label\">Efecto relajante<\/li>\n<li class=\"effect-label\">Recuperaci\u00f3n muscular<\/li>\n<\/ul>\n<p>Si buscas otras variedades a buen precio, tambi\u00e9n te recomendamos probar nuestra <a href=\"https:\/\/blumiz.com\/producto\/trim-cbd-indoor-mix-7\/\">TRIM<\/a> o nuestra <a href=\"https:\/\/blumiz.com\/producto\/cbd-small-bud-indoor-mix-9\/\">Small Buds Mix Indoor<\/a>.<\/p>\n<p>Si busca una variedad de primera calidad, le recomendamos <a href=\"https:\/\/blumiz.com\/producto\/skywalker-cbd\/\">Skywalker<\/a>, <a href=\"https:\/\/blumiz.com\/producto\/gelato-cbd\/\">Gelato<\/a> o <a href=\"https:\/\/blumiz.com\/producto\/amnesia-cbd\/\">Amnesia<\/a>.<\/p>\n<h4><\/h4>\n<\/div>\n<\/div>\n<\/div>\n<p>Se cultiva en invernadero. La planta se beneficia de los suelos de Greenhouse, que proporcionan un entorno de cultivo \u00f3ptimo para estas densas flores. Al mismo tiempo, las plantas de cannabis del invernadero consumen el sol, lo que produce flores ricas en terpenos que ayudan a revelar los intensos aromas de Gorilla Blue. Con este cultivo h\u00edbrido, 100% ecol\u00f3gico y sin OMG, tendr\u00e1 la mejor relaci\u00f3n calidad-precio.<\/p>\n<p>Descubra aqu\u00ed tambi\u00e9n nuestro <a href=\"https:\/\/blumiz.com\/es\/category\/hachis-y-concentrados\/\">CBD Hachis<\/a><\/p>\n<p>Una pregunta, \u00bfnecesitas ayuda?  <a href=\"https:\/\/blumiz.com\/hilfe-und-faqs\/\">Haga clic aqu\u00ed para descubrir nuestro centro de ayuda.<\/a><\/p>\n<p>Descubre nuestros <a href=\"https:\/\/blumiz.com\/es\/category\/headshop-es\/\">productos y accesorios Headshop<\/a> para disfrutar de tus variedades favoritas<\/p>\n","protected":false},"excerpt":{"rendered":"<h4><span style=\"color: #107d85;\">Cola de Gorila CBD-Bud Greenhouse 17<\/span><\/h4>\n<p>Cultivamos esta m\u00edtica variedad Gorilla Glue cbd en el invernadero y tiene un contenido de CBD muy interesante del 17%.Cultivamos esta m\u00edtica variedad Gorilla Glue cbd en el invernadero y tiene un contenido de CBD muy interesante del 17%.<\/p>\n<p>\u00a1Deja paso a las sensaciones con esta incre\u00edble mezcla de flores! Esta variedad es el resultado del cruce entre tres gigantes del CBD: Chems Sister, Sour Dubb y Chocolate Diesel. Nota para los aficionados, esta cepa con un intenso sabor a c\u00edtricos y frutas combinado con las notas amaderadas del pino, \u00a1vale la pena divertirse!<\/p>\n","protected":false},"featured_media":10415,"comment_status":"open","ping_status":"closed","template":"","meta":{"site-sidebar-layout":"default","site-content-layout":"default","ast-site-content-layout":"default","site-content-style":"default","site-sidebar-style":"default","ast-global-header-display":"","ast-banner-title-visibility":"","ast-main-header-display":"","ast-hfb-above-header-display":"","ast-hfb-below-header-display":"","ast-hfb-mobile-header-display":"","site-post-title":"","ast-breadcrumbs-content":"","ast-featured-img":"","footer-sml-layout":"","ast-disable-related-posts":"","theme-transparent-header-meta":"default","adv-header-id-meta":"","stick-header-meta":"default","header-above-stick-meta":"","header-main-stick-meta":"","header-below-stick-meta":"","astra-migrate-meta-layouts":"default","ast-page-background-enabled":"default","ast-page-background-meta":{"desktop":{"background-color":"","background-image":"","background-repeat":"repeat","background-position":"center center","background-size":"auto","background-attachment":"scroll","background-type":"","background-media":"","overlay-type":"","overlay-color":"","overlay-opacity":"","overlay-gradient":""},"tablet":{"background-color":"","background-image":"","background-repeat":"repeat","background-position":"center center","background-size":"auto","background-attachment":"scroll","background-type":"","background-media":"","overlay-type":"","overlay-color":"","overlay-opacity":"","overlay-gradient":""},"mobile":{"background-color":"","background-image":"","background-repeat":"repeat","background-position":"center center","background-size":"auto","background-attachment":"scroll","background-type":"","background-media":"","overlay-type":"","overlay-color":"","overlay-opacity":"","overlay-gradient":""}},"ast-content-background-meta":{"desktop":{"background-color":"var(--ast-global-color-5)","background-image":"","background-repeat":"repeat","background-position":"center center","background-size":"auto","background-attachment":"scroll","background-type":"","background-media":"","overlay-type":"","overlay-color":"","overlay-opacity":"","overlay-gradient":""},"tablet":{"background-color":"var(--ast-global-color-5)","background-image":"","background-repeat":"repeat","background-position":"center center","background-size":"auto","background-attachment":"scroll","background-type":"","background-media":"","overlay-type":"","overlay-color":"","overlay-opacity":"","overlay-gradient":""},"mobile":{"background-color":"var(--ast-global-color-5)","background-image":"","background-repeat":"repeat","background-position":"center center","background-size":"auto","background-attachment":"scroll","background-type":"","background-media":"","overlay-type":"","overlay-color":"","overlay-opacity":"","overlay-gradient":""}}},"product_brand":[],"product_cat":[305,261,265,268],"product_tag":[232,236],"class_list":{"0":"post-11488","1":"product","2":"type-product","3":"status-publish","4":"has-post-thumbnail","6":"product_cat-cbd-es","7":"product_cat-flores-cbd","8":"product_cat-flores-cbd-efecto-fuerte","9":"product_cat-greenhouse-flores-cbd","10":"product_tag-indoor-cbd-es","11":"product_tag-poderosas-flores-de-cbd","12":"pa_cbd-rate-10-a-20-cbd-es","13":"pa_kategorie-indoor-cbd-es","14":"pa_kategorie-poderosas-flores-de-cbd","15":"desktop-align-left","16":"tablet-align-center","17":"mobile-align-left","18":"ast-product-gallery-layout-vertical","19":"ast-magnify-disabled","20":"ast-product-single-variable","21":"ast-product-tabs-layout-horizontal","23":"first","24":"instock","25":"taxable","26":"shipping-taxable","27":"purchasable","28":"product-type-variable"},"yoast_head":"<!-- This site is optimized with the Yoast SEO Premium plugin v27.2 (Yoast SEO v27.4) - https:\/\/yoast.com\/product\/yoast-seo-premium-wordpress\/ -->\n<title>Gorilla Glue CBD 17% Desde 2,6\u20ac\/g - Greenhouse - CBD fuerte y biligero<\/title>\n<meta name=\"description\" content=\"Gorilla Glue CBD 17% Desde 2,6\u20ac\/g - Greenhouse - CBD fuerte y bilig. Gorilla Glue es una de las variedades legales m\u00e1s admiradas entre los amantes del cannabis CBD\" \/>\n<meta name=\"robots\" content=\"index, follow, max-snippet:-1, max-image-preview:large, max-video-preview:-1\" \/>\n<link rel=\"canonical\" href=\"https:\/\/blumiz.com\/es\/producto\/gorilla-glue-cbd\/\" \/>\n<meta property=\"og:locale\" content=\"es_ES\" \/>\n<meta property=\"og:type\" content=\"article\" \/>\n<meta property=\"og:title\" content=\"Gorilla Glue - Flores CBD 17%\" \/>\n<meta property=\"og:description\" content=\"Gorilla Glue - Flores CBD 17% Blumiz - Premium CBD\" \/>\n<meta property=\"og:url\" content=\"https:\/\/blumiz.com\/es\/producto\/gorilla-glue-cbd\/\" \/>\n<meta property=\"og:site_name\" content=\"Blumiz - Premium CBD\" \/>\n<meta property=\"article:modified_time\" content=\"2025-02-06T20:38:23+00:00\" \/>\n<meta property=\"og:image\" content=\"https:\/\/blumiz.com\/wp-content\/uploads\/2022\/08\/GORILLA-GLUE-BLUMIZ.webp\" \/>\n\t<meta property=\"og:image:width\" content=\"600\" \/>\n\t<meta property=\"og:image:height\" content=\"600\" \/>\n\t<meta property=\"og:image:type\" content=\"image\/webp\" \/>\n<meta name=\"twitter:card\" content=\"summary_large_image\" \/>\n<meta name=\"twitter:label1\" content=\"Disponibilidad\" \/>\n\t<meta name=\"twitter:data1\" content=\"Disponible\" \/>\n<script type=\"application\/ld+json\" class=\"yoast-schema-graph\">{\"@context\":\"https:\\\/\\\/schema.org\",\"@graph\":[{\"@type\":\"WebPage\",\"@id\":\"https:\\\/\\\/blumiz.com\\\/es\\\/producto\\\/gorilla-glue-cbd\\\/\",\"url\":\"https:\\\/\\\/blumiz.com\\\/es\\\/producto\\\/gorilla-glue-cbd\\\/\",\"name\":\"Gorilla Glue CBD 17% Desde 2,6\u20ac\\\/g - Greenhouse - CBD fuerte y biligero\",\"isPartOf\":{\"@id\":\"https:\\\/\\\/blumiz.com\\\/es\\\/#website\"},\"primaryImageOfPage\":{\"@id\":\"https:\\\/\\\/blumiz.com\\\/es\\\/producto\\\/gorilla-glue-cbd\\\/#primaryimage\"},\"image\":{\"@id\":\"https:\\\/\\\/blumiz.com\\\/es\\\/producto\\\/gorilla-glue-cbd\\\/#primaryimage\"},\"thumbnailUrl\":\"https:\\\/\\\/blumiz.com\\\/wp-content\\\/uploads\\\/2022\\\/08\\\/GORILLA-GLUE-BLUMIZ.webp\",\"datePublished\":\"2021-12-10T13:16:47+00:00\",\"dateModified\":\"2025-02-06T20:38:23+00:00\",\"description\":\"Gorilla Glue CBD 17% Desde 2,6\u20ac\\\/g - Greenhouse - CBD fuerte y bilig. Gorilla Glue es una de las variedades legales m\u00e1s admiradas entre los amantes del cannabis CBD\",\"breadcrumb\":{\"@id\":\"https:\\\/\\\/blumiz.com\\\/es\\\/producto\\\/gorilla-glue-cbd\\\/#breadcrumb\"},\"inLanguage\":\"es\",\"potentialAction\":[{\"@type\":\"ReadAction\",\"target\":[\"https:\\\/\\\/blumiz.com\\\/es\\\/producto\\\/gorilla-glue-cbd\\\/\"]}]},{\"@type\":\"ImageObject\",\"inLanguage\":\"es\",\"@id\":\"https:\\\/\\\/blumiz.com\\\/es\\\/producto\\\/gorilla-glue-cbd\\\/#primaryimage\",\"url\":\"https:\\\/\\\/blumiz.com\\\/wp-content\\\/uploads\\\/2022\\\/08\\\/GORILLA-GLUE-BLUMIZ.webp\",\"contentUrl\":\"https:\\\/\\\/blumiz.com\\\/wp-content\\\/uploads\\\/2022\\\/08\\\/GORILLA-GLUE-BLUMIZ.webp\",\"width\":600,\"height\":600},{\"@type\":\"BreadcrumbList\",\"@id\":\"https:\\\/\\\/blumiz.com\\\/es\\\/producto\\\/gorilla-glue-cbd\\\/#breadcrumb\",\"itemListElement\":[{\"@type\":\"ListItem\",\"position\":1,\"name\":\"Blumiz\",\"item\":\"https:\\\/\\\/blumiz.com\\\/es\\\/\"},{\"@type\":\"ListItem\",\"position\":2,\"name\":\"CBD Shop\",\"item\":\"https:\\\/\\\/blumiz.com\\\/es\\\/tienda\\\/\"},{\"@type\":\"ListItem\",\"position\":3,\"name\":\"Flores CBD\",\"item\":\"https:\\\/\\\/blumiz.com\\\/es\\\/category\\\/flores-cbd\\\/\"},{\"@type\":\"ListItem\",\"position\":4,\"name\":\"Gorilla Glue &#8211; Flores CBD 17%\"}]},{\"@type\":\"WebSite\",\"@id\":\"https:\\\/\\\/blumiz.com\\\/es\\\/#website\",\"url\":\"https:\\\/\\\/blumiz.com\\\/es\\\/\",\"name\":\"Blumiz - Premium CBD\",\"description\":\"Un CBD al mejor precio y de calidad superior\",\"publisher\":{\"@id\":\"https:\\\/\\\/blumiz.com\\\/es\\\/#organization\"},\"alternateName\":\"Blumiz\",\"potentialAction\":[{\"@type\":\"SearchAction\",\"target\":{\"@type\":\"EntryPoint\",\"urlTemplate\":\"https:\\\/\\\/blumiz.com\\\/es\\\/?s={search_term_string}\"},\"query-input\":{\"@type\":\"PropertyValueSpecification\",\"valueRequired\":true,\"valueName\":\"search_term_string\"}}],\"inLanguage\":\"es\"},{\"@type\":\"Organization\",\"@id\":\"https:\\\/\\\/blumiz.com\\\/es\\\/#organization\",\"name\":\"Blumiz CBD\",\"alternateName\":\"Blumiz\",\"url\":\"https:\\\/\\\/blumiz.com\\\/es\\\/\",\"logo\":{\"@type\":\"ImageObject\",\"inLanguage\":\"es\",\"@id\":\"https:\\\/\\\/blumiz.com\\\/es\\\/#\\\/schema\\\/logo\\\/image\\\/\",\"url\":\"https:\\\/\\\/blumiz.com\\\/wp-content\\\/uploads\\\/2026\\\/02\\\/cropped-Blumiz-CBD-logo.webp\",\"contentUrl\":\"https:\\\/\\\/blumiz.com\\\/wp-content\\\/uploads\\\/2026\\\/02\\\/cropped-Blumiz-CBD-logo.webp\",\"width\":2547,\"height\":778,\"caption\":\"Blumiz CBD\"},\"image\":{\"@id\":\"https:\\\/\\\/blumiz.com\\\/es\\\/#\\\/schema\\\/logo\\\/image\\\/\"}}]}<\/script>\n<meta property=\"og:availability\" content=\"instock\" \/>\n<meta property=\"product:availability\" content=\"instock\" \/>\n<meta property=\"product:retailer_item_id\" content=\"8293714\" \/>\n<meta property=\"product:condition\" content=\"new\" \/>\n<!-- \/ Yoast SEO Premium plugin. -->","yoast_head_json":{"title":"Gorilla Glue CBD 17% Desde 2,6\u20ac\/g - Greenhouse - CBD fuerte y biligero","description":"Gorilla Glue CBD 17% Desde 2,6\u20ac\/g - Greenhouse - CBD fuerte y bilig. Gorilla Glue es una de las variedades legales m\u00e1s admiradas entre los amantes del cannabis CBD","robots":{"index":"index","follow":"follow","max-snippet":"max-snippet:-1","max-image-preview":"max-image-preview:large","max-video-preview":"max-video-preview:-1"},"canonical":"https:\/\/blumiz.com\/es\/producto\/gorilla-glue-cbd\/","og_locale":"es_ES","og_type":"article","og_title":"Gorilla Glue - Flores CBD 17%","og_description":"Gorilla Glue - Flores CBD 17% Blumiz - Premium CBD","og_url":"https:\/\/blumiz.com\/es\/producto\/gorilla-glue-cbd\/","og_site_name":"Blumiz - Premium CBD","article_modified_time":"2025-02-06T20:38:23+00:00","og_image":[{"width":600,"height":600,"url":"https:\/\/blumiz.com\/wp-content\/uploads\/2022\/08\/GORILLA-GLUE-BLUMIZ.webp","type":"image\/webp"}],"twitter_card":"summary_large_image","twitter_misc":{"Disponibilidad":"Disponible"},"schema":{"@context":"https:\/\/schema.org","@graph":[{"@type":"WebPage","@id":"https:\/\/blumiz.com\/es\/producto\/gorilla-glue-cbd\/","url":"https:\/\/blumiz.com\/es\/producto\/gorilla-glue-cbd\/","name":"Gorilla Glue CBD 17% Desde 2,6\u20ac\/g - Greenhouse - CBD fuerte y biligero","isPartOf":{"@id":"https:\/\/blumiz.com\/es\/#website"},"primaryImageOfPage":{"@id":"https:\/\/blumiz.com\/es\/producto\/gorilla-glue-cbd\/#primaryimage"},"image":{"@id":"https:\/\/blumiz.com\/es\/producto\/gorilla-glue-cbd\/#primaryimage"},"thumbnailUrl":"https:\/\/blumiz.com\/wp-content\/uploads\/2022\/08\/GORILLA-GLUE-BLUMIZ.webp","datePublished":"2021-12-10T13:16:47+00:00","dateModified":"2025-02-06T20:38:23+00:00","description":"Gorilla Glue CBD 17% Desde 2,6\u20ac\/g - Greenhouse - CBD fuerte y bilig. Gorilla Glue es una de las variedades legales m\u00e1s admiradas entre los amantes del cannabis CBD","breadcrumb":{"@id":"https:\/\/blumiz.com\/es\/producto\/gorilla-glue-cbd\/#breadcrumb"},"inLanguage":"es","potentialAction":[{"@type":"ReadAction","target":["https:\/\/blumiz.com\/es\/producto\/gorilla-glue-cbd\/"]}]},{"@type":"ImageObject","inLanguage":"es","@id":"https:\/\/blumiz.com\/es\/producto\/gorilla-glue-cbd\/#primaryimage","url":"https:\/\/blumiz.com\/wp-content\/uploads\/2022\/08\/GORILLA-GLUE-BLUMIZ.webp","contentUrl":"https:\/\/blumiz.com\/wp-content\/uploads\/2022\/08\/GORILLA-GLUE-BLUMIZ.webp","width":600,"height":600},{"@type":"BreadcrumbList","@id":"https:\/\/blumiz.com\/es\/producto\/gorilla-glue-cbd\/#breadcrumb","itemListElement":[{"@type":"ListItem","position":1,"name":"Blumiz","item":"https:\/\/blumiz.com\/es\/"},{"@type":"ListItem","position":2,"name":"CBD Shop","item":"https:\/\/blumiz.com\/es\/tienda\/"},{"@type":"ListItem","position":3,"name":"Flores CBD","item":"https:\/\/blumiz.com\/es\/category\/flores-cbd\/"},{"@type":"ListItem","position":4,"name":"Gorilla Glue &#8211; Flores CBD 17%"}]},{"@type":"WebSite","@id":"https:\/\/blumiz.com\/es\/#website","url":"https:\/\/blumiz.com\/es\/","name":"Blumiz - Premium CBD","description":"Un CBD al mejor precio y de calidad superior","publisher":{"@id":"https:\/\/blumiz.com\/es\/#organization"},"alternateName":"Blumiz","potentialAction":[{"@type":"SearchAction","target":{"@type":"EntryPoint","urlTemplate":"https:\/\/blumiz.com\/es\/?s={search_term_string}"},"query-input":{"@type":"PropertyValueSpecification","valueRequired":true,"valueName":"search_term_string"}}],"inLanguage":"es"},{"@type":"Organization","@id":"https:\/\/blumiz.com\/es\/#organization","name":"Blumiz CBD","alternateName":"Blumiz","url":"https:\/\/blumiz.com\/es\/","logo":{"@type":"ImageObject","inLanguage":"es","@id":"https:\/\/blumiz.com\/es\/#\/schema\/logo\/image\/","url":"https:\/\/blumiz.com\/wp-content\/uploads\/2026\/02\/cropped-Blumiz-CBD-logo.webp","contentUrl":"https:\/\/blumiz.com\/wp-content\/uploads\/2026\/02\/cropped-Blumiz-CBD-logo.webp","width":2547,"height":778,"caption":"Blumiz CBD"},"image":{"@id":"https:\/\/blumiz.com\/es\/#\/schema\/logo\/image\/"}}]},"og_availability":"instock","product_availability":"instock","product_retailer_item_id":"8293714","product_condition":"new"},"_links":{"self":[{"href":"https:\/\/blumiz.com\/es\/wp-json\/wp\/v2\/product\/11488","targetHints":{"allow":["GET"]}}],"collection":[{"href":"https:\/\/blumiz.com\/es\/wp-json\/wp\/v2\/product"}],"about":[{"href":"https:\/\/blumiz.com\/es\/wp-json\/wp\/v2\/types\/product"}],"replies":[{"embeddable":true,"href":"https:\/\/blumiz.com\/es\/wp-json\/wp\/v2\/comments?post=11488"}],"version-history":[{"count":0,"href":"https:\/\/blumiz.com\/es\/wp-json\/wp\/v2\/product\/11488\/revisions"}],"wp:featuredmedia":[{"embeddable":true,"href":"https:\/\/blumiz.com\/es\/wp-json\/wp\/v2\/media\/10415"}],"wp:attachment":[{"href":"https:\/\/blumiz.com\/es\/wp-json\/wp\/v2\/media?parent=11488"}],"wp:term":[{"taxonomy":"product_brand","embeddable":true,"href":"https:\/\/blumiz.com\/es\/wp-json\/wp\/v2\/product_brand?post=11488"},{"taxonomy":"product_cat","embeddable":true,"href":"https:\/\/blumiz.com\/es\/wp-json\/wp\/v2\/product_cat?post=11488"},{"taxonomy":"product_tag","embeddable":true,"href":"https:\/\/blumiz.com\/es\/wp-json\/wp\/v2\/product_tag?post=11488"}],"curies":[{"name":"wp","href":"https:\/\/api.w.org\/{rel}","templated":true}]}}