{"id":11501,"date":"2021-02-23T14:16:50","date_gmt":"2021-02-23T13:16:50","guid":{"rendered":"https:\/\/blumiz.com\/produkt\/skunk-cbd-original-flores-cbd-19\/"},"modified":"2025-06-02T19:13:04","modified_gmt":"2025-06-02T18:13:04","slug":"skunk-cbd-original","status":"publish","type":"product","link":"https:\/\/blumiz.com\/es\/producto\/skunk-cbd-original\/","title":{"rendered":"Skunk CBD Original &#8211; Flores CBD 19%"},"content":{"rendered":"<h2><span style=\"color: #107d85;\">Flores CBD Skunk Original Outdoor 19% (en ingl\u00e9s)  <\/span><\/h2>\n<p>Nuestra famosa variedad: Skunk Original CBD es una de las variedades m\u00e1s vendidas gracias a su alto contenido en CBD y a su bajo precio.<\/p>\n<h4><span style=\"color: #ff6600;\">\u00bfSkunk, la variedad de cannabis m\u00e1s famosa?<\/span><\/h4>\n<p>CBD Flower Skunk es una de las mejores variedades de CBD. Contiene un alto CBD y un contenido de THC inferior al 0,2. No tiene efectos psicotr\u00f3picos, pero s\u00ed muchos beneficios terap\u00e9uticos para la salud y una mayor sensaci\u00f3n de bienestar.<\/p>\n<h4><span style=\"color: #ff6600;\">Historia de Skunk<\/span><\/h4>\n<p>CBD Skunk Flower es uno de los grandes cl\u00e1sicos en el mundo del cannabidiol. Su olor fuerte y penetrante es caracter\u00edstico y f\u00e1cilmente reconocible. Skunk es una variedad Categor\u00eda que proviene de una planta que desciende de Skunk #1 y fue creada por Sam the Skunkman y su equipo, Sacred Seeds.<\/p>\n<p>Por ello se fund\u00f3 en California en la d\u00e9cada de 1980. Cuando el t\u00e9rmino &#8220;skunk&#8221; es utilizado habitualmente por los periodistas para referirse al cannabis cargado de THC, la flor de CBD Skunk tiene un bajo contenido en THC y muchas virtudes.<\/p>\n<h4><span style=\"color: #ff6600;\">Gen\u00e9tica y sabores<\/span><\/h4>\n<p>Es un tipo de CBD aut\u00e9ntico y cl\u00e1sico. Procede de una mezcla de variedades mexicanas, afganas y colombianas. Se compone de un 80% de Indica y un 20% de Sativa. Esta variedad h\u00edbrida est\u00e1 especialmente bien equilibrada.<\/p>\n<p>Tiene aromas afrutados con notas de lim\u00f3n, especias y unos ligeros matices terrosos en el retrogusto. Estos sabores la convierten en una flor CBD \u00fanica y atractiva.<\/p>\n<h4><span style=\"color: #ff6600;\">El efecto de CBD Skunk 19% Outdoor<\/span><\/h4>\n<p>La flor Skunk muestra efectos calmantes, relajantes y euf\u00f3ricos. <\/p>\n<p>O relaja los m\u00fasculos, evita la tensi\u00f3n y alivia el dolor. Por \u00faltimo, sus suaves efectos euforizantes estimulan el cerebro.<\/p>\n<p>Dependiendo de su patr\u00f3n de consumo preferido, se beneficiar\u00e1 r\u00e1pidamente de los efectos de la flor de Skunk y sentir\u00e1 inmediatamente una sensaci\u00f3n de alivio y relajaci\u00f3n, especialmente en momentos de estr\u00e9s.<\/p>\n<p>Si buscas otras variedades a buen precio, tambi\u00e9n te recomendamos que pruebes nuestra <a href=\"https:\/\/blumiz.com\/producto\/bubba-kush-cbd\/\">Bubba Kush<\/a>, <a href=\"https:\/\/blumiz.com\/producto\/chocolate-cbd\/\">Chocolate<\/a> o nuestra <a href=\"https:\/\/blumiz.com\/producto\/cbd-small-bud-indoor-mix-9\/\">Small buds Mix Indoor<\/a>.<\/p>\n<p>Si busca una variedad de la m\u00e1xima calidad, le recomendamos <a href=\"https:\/\/blumiz.com\/producto\/ivory-cbd\/\">Ivory<\/a> o <a href=\"https:\/\/blumiz.com\/producto\/amnesia-cbd\/\">Amnesia<\/a><\/p>\n<h4><\/h4>\n<h4><span style=\"color: #ff6600;\">C\u00f3mo consumir CBD Skunk Flower<\/span><\/h4>\n<p>La flor de CBD puede consumirse en infusi\u00f3n o vaporizada, seg\u00fan tus preferencias.<br \/>\nSi optas por la infusi\u00f3n, simplemente vierte una taza de agua hirviendo sobre 1 gramo de flor de CBD. Dejar en infusi\u00f3n durante unos diez minutos para disfrutar de todos los beneficios del CBD. <\/p>\n<p>Puedes a\u00f1adir una cucharadita de aceite vegetal para facilitar la asimilaci\u00f3n. Puedes vaporizar Flores CBD en forma de polen, cristales, resina o flores secas. En ambos casos, la temperatura de calentamiento debe permanecer entre 160 y 220 grados para aprovechar plenamente todos los beneficios del CBD.<\/p>\n<h4><span style=\"color: #ff6600;\">Nuestra <a style=\"color: #ff6600;\" href=\"\/?product_cat=cbd-blueten\">Flores CBD<\/a> es sin\u00f3nimo de altos est\u00e1ndares de calidad y productos seleccionados a mano<\/span><\/h4>\n<p>Flores CBD est\u00e1n disponibles en diferentes sabores y concentraciones de CBD. Nuestras Flores CBD se someten a estrictos criterios externos de calidad. Se venden como materias primas y no contienen aditivos qu\u00edmicos ni impurezas.<\/p>\n<p>Descubra aqu\u00ed tambi\u00e9n nuestro <a href=\"https:\/\/blumiz.com\/es\/category\/hachis-y-concentrados\/\">CBD Hachis<\/a><\/p>\n<p>Una pregunta, \u00bfnecesitas ayuda?  <a href=\"https:\/\/blumiz.com\/hilfe-und-faqs\/\">Haga clic aqu\u00ed para descubrir nuestro centro de ayuda.<\/a><\/p>\n<p>Descubre nuestros <a href=\"https:\/\/blumiz.com\/es\/category\/headshop-es\/\">productos y accesorios Headshop<\/a> para disfrutar de tus variedades favoritas<\/p>\n<h4><span style=\"color: #ff6600;\">Hacer un pedido a Blumiz significa:<\/span><\/h4>\n<p>&#8211; Entrega r\u00e1pida, discreta e inodora<br \/>\n&#8211; Productos de calidad y certificados por laboratorios<br \/>\n&#8211; Precios inmejorables, ya que fabricamos nuestros propios productos<\/p>\n","protected":false},"excerpt":{"rendered":"<h4><span style=\"color: #107d85;\">Marihuana CBD-Bud Skunk Original Outdoor 19%.<\/span><\/h4>\n<p>Nuestra famosa variedad: Skunk Original CBD es una de las variedades m\u00e1s vendidas gracias a su alto contenido en CBD y a su bajo precio.<\/p>\n","protected":false},"featured_media":10390,"comment_status":"open","ping_status":"closed","template":"","meta":{"site-sidebar-layout":"default","site-content-layout":"default","ast-site-content-layout":"default","site-content-style":"default","site-sidebar-style":"default","ast-global-header-display":"","ast-banner-title-visibility":"","ast-main-header-display":"","ast-hfb-above-header-display":"","ast-hfb-below-header-display":"","ast-hfb-mobile-header-display":"","site-post-title":"","ast-breadcrumbs-content":"","ast-featured-img":"","footer-sml-layout":"","ast-disable-related-posts":"","theme-transparent-header-meta":"default","adv-header-id-meta":"","stick-header-meta":"default","header-above-stick-meta":"","header-main-stick-meta":"","header-below-stick-meta":"","astra-migrate-meta-layouts":"default","ast-page-background-enabled":"default","ast-page-background-meta":{"desktop":{"background-color":"","background-image":"","background-repeat":"repeat","background-position":"center center","background-size":"auto","background-attachment":"scroll","background-type":"","background-media":"","overlay-type":"","overlay-color":"","overlay-opacity":"","overlay-gradient":""},"tablet":{"background-color":"","background-image":"","background-repeat":"repeat","background-position":"center center","background-size":"auto","background-attachment":"scroll","background-type":"","background-media":"","overlay-type":"","overlay-color":"","overlay-opacity":"","overlay-gradient":""},"mobile":{"background-color":"","background-image":"","background-repeat":"repeat","background-position":"center center","background-size":"auto","background-attachment":"scroll","background-type":"","background-media":"","overlay-type":"","overlay-color":"","overlay-opacity":"","overlay-gradient":""}},"ast-content-background-meta":{"desktop":{"background-color":"var(--ast-global-color-5)","background-image":"","background-repeat":"repeat","background-position":"center center","background-size":"auto","background-attachment":"scroll","background-type":"","background-media":"","overlay-type":"","overlay-color":"","overlay-opacity":"","overlay-gradient":""},"tablet":{"background-color":"var(--ast-global-color-5)","background-image":"","background-repeat":"repeat","background-position":"center center","background-size":"auto","background-attachment":"scroll","background-type":"","background-media":"","overlay-type":"","overlay-color":"","overlay-opacity":"","overlay-gradient":""},"mobile":{"background-color":"var(--ast-global-color-5)","background-image":"","background-repeat":"repeat","background-position":"center center","background-size":"auto","background-attachment":"scroll","background-type":"","background-media":"","overlay-type":"","overlay-color":"","overlay-opacity":"","overlay-gradient":""}}},"product_brand":[],"product_cat":[305,261,270,265,275],"product_tag":[233,236],"class_list":{"0":"post-11501","1":"product","2":"type-product","3":"status-publish","4":"has-post-thumbnail","6":"product_cat-cbd-es","7":"product_cat-flores-cbd","8":"product_cat-flores-cbd-baratas","9":"product_cat-flores-cbd-efecto-fuerte","10":"product_cat-outdoor-flores-cbd","11":"product_tag-outdoor-cbd-es","12":"product_tag-poderosas-flores-de-cbd","13":"pa_cbd-rate-10-a-20-cbd-es","14":"pa_kategorie-flores-de-cbd-baratas","15":"pa_kategorie-outdoor-cbd-es","16":"pa_kategorie-poderosas-flores-de-cbd","17":"desktop-align-left","18":"tablet-align-center","19":"mobile-align-left","20":"ast-product-gallery-layout-vertical","21":"ast-magnify-disabled","22":"ast-product-single-variable","23":"ast-product-tabs-layout-horizontal","25":"first","26":"instock","27":"taxable","28":"shipping-taxable","29":"purchasable","30":"product-type-variable"},"yoast_head":"<!-- This site is optimized with the Yoast SEO Premium plugin v27.2 (Yoast SEO v27.3) - https:\/\/yoast.com\/product\/yoast-seo-premium-wordpress\/ -->\n<title>Skunk CBD original 19% Outdoor desde 1,90\u20ac\/g Precio imbatible<\/title>\n<meta name=\"description\" content=\"Skunk CBD original 19% Outdoor desde 1,90\u20ac\/g Alto CBD y bajo precio....Una variedad m\u00edtica, hemos reproducido la Skunk Original en versi\u00f3n CBD.\" \/>\n<meta name=\"robots\" content=\"index, follow, max-snippet:-1, max-image-preview:large, max-video-preview:-1\" \/>\n<link rel=\"canonical\" href=\"https:\/\/blumiz.com\/es\/producto\/skunk-cbd-original\/\" \/>\n<meta property=\"og:locale\" content=\"es_ES\" \/>\n<meta property=\"og:type\" content=\"article\" \/>\n<meta property=\"og:title\" content=\"Skunk CBD Original - Flores CBD 19%\" \/>\n<meta property=\"og:description\" content=\"Skunk CBD Original - Flores CBD 19% Blumiz - Premium CBD\" \/>\n<meta property=\"og:url\" content=\"https:\/\/blumiz.com\/es\/producto\/skunk-cbd-original\/\" \/>\n<meta property=\"og:site_name\" content=\"Blumiz - Premium CBD\" \/>\n<meta property=\"article:modified_time\" content=\"2025-06-02T18:13:04+00:00\" \/>\n<meta property=\"og:image\" content=\"https:\/\/blumiz.com\/wp-content\/uploads\/2022\/08\/SKUNK-BAG-BLUMIZ.webp\" \/>\n\t<meta property=\"og:image:width\" content=\"600\" \/>\n\t<meta property=\"og:image:height\" content=\"600\" \/>\n\t<meta property=\"og:image:type\" content=\"image\/webp\" \/>\n<meta name=\"twitter:card\" content=\"summary_large_image\" \/>\n<meta name=\"twitter:label1\" content=\"Disponibilidad\" \/>\n\t<meta name=\"twitter:data1\" content=\"Disponible\" \/>\n<script type=\"application\/ld+json\" class=\"yoast-schema-graph\">{\"@context\":\"https:\\\/\\\/schema.org\",\"@graph\":[{\"@type\":\"WebPage\",\"@id\":\"https:\\\/\\\/blumiz.com\\\/es\\\/producto\\\/skunk-cbd-original\\\/\",\"url\":\"https:\\\/\\\/blumiz.com\\\/es\\\/producto\\\/skunk-cbd-original\\\/\",\"name\":\"Skunk CBD original 19% Outdoor desde 1,90\u20ac\\\/g Precio imbatible\",\"isPartOf\":{\"@id\":\"https:\\\/\\\/blumiz.com\\\/es\\\/#website\"},\"primaryImageOfPage\":{\"@id\":\"https:\\\/\\\/blumiz.com\\\/es\\\/producto\\\/skunk-cbd-original\\\/#primaryimage\"},\"image\":{\"@id\":\"https:\\\/\\\/blumiz.com\\\/es\\\/producto\\\/skunk-cbd-original\\\/#primaryimage\"},\"thumbnailUrl\":\"https:\\\/\\\/blumiz.com\\\/wp-content\\\/uploads\\\/2022\\\/08\\\/SKUNK-BAG-BLUMIZ.webp\",\"datePublished\":\"2021-02-23T13:16:50+00:00\",\"dateModified\":\"2025-06-02T18:13:04+00:00\",\"description\":\"Skunk CBD original 19% Outdoor desde 1,90\u20ac\\\/g Alto CBD y bajo precio....Una variedad m\u00edtica, hemos reproducido la Skunk Original en versi\u00f3n CBD.\",\"breadcrumb\":{\"@id\":\"https:\\\/\\\/blumiz.com\\\/es\\\/producto\\\/skunk-cbd-original\\\/#breadcrumb\"},\"inLanguage\":\"es\",\"potentialAction\":[{\"@type\":\"ReadAction\",\"target\":[\"https:\\\/\\\/blumiz.com\\\/es\\\/producto\\\/skunk-cbd-original\\\/\"]}]},{\"@type\":\"ImageObject\",\"inLanguage\":\"es\",\"@id\":\"https:\\\/\\\/blumiz.com\\\/es\\\/producto\\\/skunk-cbd-original\\\/#primaryimage\",\"url\":\"https:\\\/\\\/blumiz.com\\\/wp-content\\\/uploads\\\/2022\\\/08\\\/SKUNK-BAG-BLUMIZ.webp\",\"contentUrl\":\"https:\\\/\\\/blumiz.com\\\/wp-content\\\/uploads\\\/2022\\\/08\\\/SKUNK-BAG-BLUMIZ.webp\",\"width\":600,\"height\":600},{\"@type\":\"BreadcrumbList\",\"@id\":\"https:\\\/\\\/blumiz.com\\\/es\\\/producto\\\/skunk-cbd-original\\\/#breadcrumb\",\"itemListElement\":[{\"@type\":\"ListItem\",\"position\":1,\"name\":\"Blumiz\",\"item\":\"https:\\\/\\\/blumiz.com\\\/es\\\/\"},{\"@type\":\"ListItem\",\"position\":2,\"name\":\"CBD Shop\",\"item\":\"https:\\\/\\\/blumiz.com\\\/es\\\/tienda\\\/\"},{\"@type\":\"ListItem\",\"position\":3,\"name\":\"Flores CBD\",\"item\":\"https:\\\/\\\/blumiz.com\\\/es\\\/category\\\/flores-cbd\\\/\"},{\"@type\":\"ListItem\",\"position\":4,\"name\":\"Skunk CBD Original &#8211; Flores CBD 19%\"}]},{\"@type\":\"WebSite\",\"@id\":\"https:\\\/\\\/blumiz.com\\\/es\\\/#website\",\"url\":\"https:\\\/\\\/blumiz.com\\\/es\\\/\",\"name\":\"Blumiz - Premium CBD\",\"description\":\"Un CBD al mejor precio y de calidad superior\",\"publisher\":{\"@id\":\"https:\\\/\\\/blumiz.com\\\/es\\\/#organization\"},\"alternateName\":\"Blumiz\",\"potentialAction\":[{\"@type\":\"SearchAction\",\"target\":{\"@type\":\"EntryPoint\",\"urlTemplate\":\"https:\\\/\\\/blumiz.com\\\/es\\\/?s={search_term_string}\"},\"query-input\":{\"@type\":\"PropertyValueSpecification\",\"valueRequired\":true,\"valueName\":\"search_term_string\"}}],\"inLanguage\":\"es\"},{\"@type\":\"Organization\",\"@id\":\"https:\\\/\\\/blumiz.com\\\/es\\\/#organization\",\"name\":\"Blumiz CBD\",\"alternateName\":\"Blumiz\",\"url\":\"https:\\\/\\\/blumiz.com\\\/es\\\/\",\"logo\":{\"@type\":\"ImageObject\",\"inLanguage\":\"es\",\"@id\":\"https:\\\/\\\/blumiz.com\\\/es\\\/#\\\/schema\\\/logo\\\/image\\\/\",\"url\":\"https:\\\/\\\/blumiz.com\\\/wp-content\\\/uploads\\\/2026\\\/02\\\/cropped-Blumiz-CBD-logo.webp\",\"contentUrl\":\"https:\\\/\\\/blumiz.com\\\/wp-content\\\/uploads\\\/2026\\\/02\\\/cropped-Blumiz-CBD-logo.webp\",\"width\":2547,\"height\":778,\"caption\":\"Blumiz CBD\"},\"image\":{\"@id\":\"https:\\\/\\\/blumiz.com\\\/es\\\/#\\\/schema\\\/logo\\\/image\\\/\"}}]}<\/script>\n<meta property=\"og:availability\" content=\"instock\" \/>\n<meta property=\"product:availability\" content=\"instock\" \/>\n<meta property=\"product:retailer_item_id\" content=\"43722\" \/>\n<meta property=\"product:condition\" content=\"new\" \/>\n<!-- \/ Yoast SEO Premium plugin. -->","yoast_head_json":{"title":"Skunk CBD original 19% Outdoor desde 1,90\u20ac\/g Precio imbatible","description":"Skunk CBD original 19% Outdoor desde 1,90\u20ac\/g Alto CBD y bajo precio....Una variedad m\u00edtica, hemos reproducido la Skunk Original en versi\u00f3n CBD.","robots":{"index":"index","follow":"follow","max-snippet":"max-snippet:-1","max-image-preview":"max-image-preview:large","max-video-preview":"max-video-preview:-1"},"canonical":"https:\/\/blumiz.com\/es\/producto\/skunk-cbd-original\/","og_locale":"es_ES","og_type":"article","og_title":"Skunk CBD Original - Flores CBD 19%","og_description":"Skunk CBD Original - Flores CBD 19% Blumiz - Premium CBD","og_url":"https:\/\/blumiz.com\/es\/producto\/skunk-cbd-original\/","og_site_name":"Blumiz - Premium CBD","article_modified_time":"2025-06-02T18:13:04+00:00","og_image":[{"width":600,"height":600,"url":"https:\/\/blumiz.com\/wp-content\/uploads\/2022\/08\/SKUNK-BAG-BLUMIZ.webp","type":"image\/webp"}],"twitter_card":"summary_large_image","twitter_misc":{"Disponibilidad":"Disponible"},"schema":{"@context":"https:\/\/schema.org","@graph":[{"@type":"WebPage","@id":"https:\/\/blumiz.com\/es\/producto\/skunk-cbd-original\/","url":"https:\/\/blumiz.com\/es\/producto\/skunk-cbd-original\/","name":"Skunk CBD original 19% Outdoor desde 1,90\u20ac\/g Precio imbatible","isPartOf":{"@id":"https:\/\/blumiz.com\/es\/#website"},"primaryImageOfPage":{"@id":"https:\/\/blumiz.com\/es\/producto\/skunk-cbd-original\/#primaryimage"},"image":{"@id":"https:\/\/blumiz.com\/es\/producto\/skunk-cbd-original\/#primaryimage"},"thumbnailUrl":"https:\/\/blumiz.com\/wp-content\/uploads\/2022\/08\/SKUNK-BAG-BLUMIZ.webp","datePublished":"2021-02-23T13:16:50+00:00","dateModified":"2025-06-02T18:13:04+00:00","description":"Skunk CBD original 19% Outdoor desde 1,90\u20ac\/g Alto CBD y bajo precio....Una variedad m\u00edtica, hemos reproducido la Skunk Original en versi\u00f3n CBD.","breadcrumb":{"@id":"https:\/\/blumiz.com\/es\/producto\/skunk-cbd-original\/#breadcrumb"},"inLanguage":"es","potentialAction":[{"@type":"ReadAction","target":["https:\/\/blumiz.com\/es\/producto\/skunk-cbd-original\/"]}]},{"@type":"ImageObject","inLanguage":"es","@id":"https:\/\/blumiz.com\/es\/producto\/skunk-cbd-original\/#primaryimage","url":"https:\/\/blumiz.com\/wp-content\/uploads\/2022\/08\/SKUNK-BAG-BLUMIZ.webp","contentUrl":"https:\/\/blumiz.com\/wp-content\/uploads\/2022\/08\/SKUNK-BAG-BLUMIZ.webp","width":600,"height":600},{"@type":"BreadcrumbList","@id":"https:\/\/blumiz.com\/es\/producto\/skunk-cbd-original\/#breadcrumb","itemListElement":[{"@type":"ListItem","position":1,"name":"Blumiz","item":"https:\/\/blumiz.com\/es\/"},{"@type":"ListItem","position":2,"name":"CBD Shop","item":"https:\/\/blumiz.com\/es\/tienda\/"},{"@type":"ListItem","position":3,"name":"Flores CBD","item":"https:\/\/blumiz.com\/es\/category\/flores-cbd\/"},{"@type":"ListItem","position":4,"name":"Skunk CBD Original &#8211; Flores CBD 19%"}]},{"@type":"WebSite","@id":"https:\/\/blumiz.com\/es\/#website","url":"https:\/\/blumiz.com\/es\/","name":"Blumiz - Premium CBD","description":"Un CBD al mejor precio y de calidad superior","publisher":{"@id":"https:\/\/blumiz.com\/es\/#organization"},"alternateName":"Blumiz","potentialAction":[{"@type":"SearchAction","target":{"@type":"EntryPoint","urlTemplate":"https:\/\/blumiz.com\/es\/?s={search_term_string}"},"query-input":{"@type":"PropertyValueSpecification","valueRequired":true,"valueName":"search_term_string"}}],"inLanguage":"es"},{"@type":"Organization","@id":"https:\/\/blumiz.com\/es\/#organization","name":"Blumiz CBD","alternateName":"Blumiz","url":"https:\/\/blumiz.com\/es\/","logo":{"@type":"ImageObject","inLanguage":"es","@id":"https:\/\/blumiz.com\/es\/#\/schema\/logo\/image\/","url":"https:\/\/blumiz.com\/wp-content\/uploads\/2026\/02\/cropped-Blumiz-CBD-logo.webp","contentUrl":"https:\/\/blumiz.com\/wp-content\/uploads\/2026\/02\/cropped-Blumiz-CBD-logo.webp","width":2547,"height":778,"caption":"Blumiz CBD"},"image":{"@id":"https:\/\/blumiz.com\/es\/#\/schema\/logo\/image\/"}}]},"og_availability":"instock","product_availability":"instock","product_retailer_item_id":"43722","product_condition":"new"},"_links":{"self":[{"href":"https:\/\/blumiz.com\/es\/wp-json\/wp\/v2\/product\/11501","targetHints":{"allow":["GET"]}}],"collection":[{"href":"https:\/\/blumiz.com\/es\/wp-json\/wp\/v2\/product"}],"about":[{"href":"https:\/\/blumiz.com\/es\/wp-json\/wp\/v2\/types\/product"}],"replies":[{"embeddable":true,"href":"https:\/\/blumiz.com\/es\/wp-json\/wp\/v2\/comments?post=11501"}],"version-history":[{"count":0,"href":"https:\/\/blumiz.com\/es\/wp-json\/wp\/v2\/product\/11501\/revisions"}],"wp:featuredmedia":[{"embeddable":true,"href":"https:\/\/blumiz.com\/es\/wp-json\/wp\/v2\/media\/10390"}],"wp:attachment":[{"href":"https:\/\/blumiz.com\/es\/wp-json\/wp\/v2\/media?parent=11501"}],"wp:term":[{"taxonomy":"product_brand","embeddable":true,"href":"https:\/\/blumiz.com\/es\/wp-json\/wp\/v2\/product_brand?post=11501"},{"taxonomy":"product_cat","embeddable":true,"href":"https:\/\/blumiz.com\/es\/wp-json\/wp\/v2\/product_cat?post=11501"},{"taxonomy":"product_tag","embeddable":true,"href":"https:\/\/blumiz.com\/es\/wp-json\/wp\/v2\/product_tag?post=11501"}],"curies":[{"name":"wp","href":"https:\/\/api.w.org\/{rel}","templated":true}]}}