{"id":11508,"date":"2020-12-13T14:16:08","date_gmt":"2020-12-13T13:16:08","guid":{"rendered":"https:\/\/blumiz.com\/produkt\/cherry-pie-flores-cbd-19\/"},"modified":"2025-02-06T21:37:00","modified_gmt":"2025-02-06T20:37:00","slug":"cereza-pastel-cbd","status":"publish","type":"product","link":"https:\/\/blumiz.com\/es\/producto\/cereza-pastel-cbd\/","title":{"rendered":"Cherry Pie &#8211; Flores CBD 19%"},"content":{"rendered":"<h2><span style=\"color: #107d85;\">Flores CBD Cherry Pie Greenhouse 19<\/span><\/h2>\n<h4><span style=\"color: #ff6600;\">Our Cherry Pie 19% &#8211; Flor de CBD para interior : \u00a1Enam\u00f3rate de nuestro bestseller con aromas afrutados!<\/span><\/h4>\n<p>La floraci\u00f3n de CBD Cherry Pie es hipnotizante y seductora, con sus pistilos anaranjados que contrastan con sus aromas, que recuerdan el confort de una tarta de cerezas reci\u00e9n salida del horno.<br \/>\nIndoor La Cherry Pie tambi\u00e9n tiene cogollos compactos, muy arom\u00e1ticos. Cultivada, cosechada y limpiada totalmente a mano.<\/p>\n<p>Cherry Pie, el efecto y el sabor de la variedad<\/p>\n<h4><span style=\"color: #ff6600;\">Virtudes \/ Ventajas:<\/span><\/h4>\n<p>El efecto relajante del CBD permite dormir mejor sin adicci\u00f3n:<\/p>\n<ul>\n<li>profundamente dormido<\/li>\n<li>Disminuci\u00f3n de los despertares nocturnos<\/li>\n<li>sue\u00f1o m\u00e1s reparador<\/li>\n<\/ul>\n<h4><span style=\"color: #ff6600;\">Sabores:<\/span><\/h4>\n<p>La flor de cannabis Cherry Pie CBD te permite descubrir nuevos horizontes de bienestar. La tipicidad de sus aromas a bayas rojas terrosas se fusiona con los efectos del cannabidiol para proporcionarte una sensaci\u00f3n de serenidad. Ligera, estimula el buen humor gracias a su efecto sobre la serotonina, as\u00ed como la creatividad. Ayuda a mantener la cabeza despejada. Descubre todos sus efectos positivos sobre tu psique. Aleja el estr\u00e9s, la tensi\u00f3n y los pensamientos negativos.<\/p>\n<h4><span style=\"color: #ff6600;\">Los or\u00edgenes de las Flores CBD Cherry Pie Indoor :<\/span><\/h4>\n<p>La tarta de cerezas es gula, es el sabor de un postre que recuerda a la infancia, es una regresi\u00f3n tranquilizadora. Son estas dulces sensaciones las que han guiado la hibridaci\u00f3n de esta flor de cannabis CBD.<\/p>\n<p>Proviene de la gen\u00e9tica Kush. Su originalidad proviene de sus or\u00edgenes en el matrimonio entre Poison CBD y Granddaddy CBD, plantas de cannabis sativa la primera e \u00edndica la segunda. Durban fue elegida por su efecto estimulante, mientras que Granddaddy es conocida por sus t\u00edpicos aromas de uva.<\/p>\n<h4><span style=\"color: #ff6600;\">Flores de tarta de cerezas &#8211; Legislaci\u00f3n alemana<\/span><\/h4>\n<p>Nuestra variedad de Cherry Pie con CBD est\u00e1 garantizada sin efectos psicoactivos, con un contenido de THC inferior al 0,2 seg\u00fan la normativa alemana y europea.<\/p>\n<p>\u00a1Disfrutemos de un momento de relax tan relajante como delicioso!<\/p>\n<p>Si buscas otras variedades a buen precio, tambi\u00e9n te recomendamos probar nuestra <a href=\"https:\/\/blumiz.com\/producto\/trim-cbd-indoor-mix-7\/\">TRIM<\/a> o nuestra <a href=\"https:\/\/blumiz.com\/producto\/cbd-small-bud-indoor-mix-9\/\">Small Buds Mix Indoor<\/a>.<\/p>\n<p>Si busca una variedad de primera calidad, le recomendamos <a href=\"https:\/\/blumiz.com\/producto\/skywalker-cbd\/\">Skywalker<\/a>, <a href=\"https:\/\/blumiz.com\/producto\/gelato-cbd\/\">Gelato<\/a> o <a href=\"https:\/\/blumiz.com\/producto\/amnesia-cbd\/\">Amnesia<\/a>.<\/p>\n<h4><span style=\"color: #ff6600;\">Nuestra <a style=\"color: #ff6600;\" href=\"\/?product_cat=cbd-blueten\">Flores CBD<\/a> es sin\u00f3nimo de altos est\u00e1ndares de calidad y productos seleccionados a mano<\/span><\/h4>\n<p>Flores CBD est\u00e1n disponibles en diferentes sabores y concentraciones de CBD. Nuestras Flores CBD se someten a estrictos criterios externos de calidad. Se venden como materias primas y no contienen aditivos qu\u00edmicos ni impurezas.<\/p>\n<p>Descubra aqu\u00ed tambi\u00e9n nuestro <a href=\"https:\/\/blumiz.com\/es\/category\/hachis-y-concentrados\/\">CBD Hachis<\/a><\/p>\n<p>Una pregunta, \u00bfnecesitas ayuda?  <a href=\"https:\/\/blumiz.com\/hilfe-und-faqs\/\">Haga clic aqu\u00ed para descubrir nuestro centro de ayuda.<\/a><\/p>\n<p>Descubre nuestros <a href=\"https:\/\/blumiz.com\/es\/category\/headshop-es\/\">productos y accesorios Headshop<\/a> para disfrutar de tus variedades favoritas<\/p>\n<h4><span style=\"color: #ff6600;\">Hacer un pedido a Blumiz significa:<\/span><\/h4>\n<p>&#8211; Entrega r\u00e1pida, discreta e inodora<br \/>\n&#8211; Productos de calidad y certificados por laboratorios<br \/>\n&#8211; Precios inmejorables, ya que fabricamos nuestros propios productos<\/p>\n","protected":false},"excerpt":{"rendered":"<h4><span style=\"color: #107d85;\">CBD-Bud Cherry Pie Greenhouse 19% (tarta de cereza)<\/span><\/h4>\n<p>La flor CBD con notas afrutadas de cereza y lim\u00f3n<\/p>\n<p>Y aqu\u00ed tenemos una flor CBD directamente desde la Costa Oeste. Esta flor es conocida por sus aromas afrutados que har\u00e1n las delicias de los m\u00e1s golosos. Sus notas de bayas, cerezas y regusto terroso despertar\u00e1n sus papilas gustativas. \u00a1Sensaciones garantizadas!<\/p>\n","protected":false},"featured_media":10379,"comment_status":"open","ping_status":"closed","template":"","meta":{"site-sidebar-layout":"default","site-content-layout":"default","ast-site-content-layout":"default","site-content-style":"default","site-sidebar-style":"default","ast-global-header-display":"","ast-banner-title-visibility":"","ast-main-header-display":"","ast-hfb-above-header-display":"","ast-hfb-below-header-display":"","ast-hfb-mobile-header-display":"","site-post-title":"","ast-breadcrumbs-content":"","ast-featured-img":"","footer-sml-layout":"","ast-disable-related-posts":"","theme-transparent-header-meta":"default","adv-header-id-meta":"","stick-header-meta":"default","header-above-stick-meta":"","header-main-stick-meta":"","header-below-stick-meta":"","astra-migrate-meta-layouts":"default","ast-page-background-enabled":"default","ast-page-background-meta":{"desktop":{"background-color":"","background-image":"","background-repeat":"repeat","background-position":"center center","background-size":"auto","background-attachment":"scroll","background-type":"","background-media":"","overlay-type":"","overlay-color":"","overlay-opacity":"","overlay-gradient":""},"tablet":{"background-color":"","background-image":"","background-repeat":"repeat","background-position":"center center","background-size":"auto","background-attachment":"scroll","background-type":"","background-media":"","overlay-type":"","overlay-color":"","overlay-opacity":"","overlay-gradient":""},"mobile":{"background-color":"","background-image":"","background-repeat":"repeat","background-position":"center center","background-size":"auto","background-attachment":"scroll","background-type":"","background-media":"","overlay-type":"","overlay-color":"","overlay-opacity":"","overlay-gradient":""}},"ast-content-background-meta":{"desktop":{"background-color":"var(--ast-global-color-5)","background-image":"","background-repeat":"repeat","background-position":"center center","background-size":"auto","background-attachment":"scroll","background-type":"","background-media":"","overlay-type":"","overlay-color":"","overlay-opacity":"","overlay-gradient":""},"tablet":{"background-color":"var(--ast-global-color-5)","background-image":"","background-repeat":"repeat","background-position":"center center","background-size":"auto","background-attachment":"scroll","background-type":"","background-media":"","overlay-type":"","overlay-color":"","overlay-opacity":"","overlay-gradient":""},"mobile":{"background-color":"var(--ast-global-color-5)","background-image":"","background-repeat":"repeat","background-position":"center center","background-size":"auto","background-attachment":"scroll","background-type":"","background-media":"","overlay-type":"","overlay-color":"","overlay-opacity":"","overlay-gradient":""}}},"product_brand":[],"product_cat":[305,261,270,265,268],"product_tag":[237,231,236],"class_list":{"0":"post-11508","1":"product","2":"type-product","3":"status-publish","4":"has-post-thumbnail","6":"product_cat-cbd-es","7":"product_cat-flores-cbd","8":"product_cat-flores-cbd-baratas","9":"product_cat-flores-cbd-efecto-fuerte","10":"product_cat-greenhouse-flores-cbd","11":"product_tag-flores-cbd-baratas","12":"product_tag-greenhouse-cbd-es","13":"product_tag-poderosas-flores-de-cbd","14":"pa_cbd-rate-10-a-20-cbd-es","15":"pa_kategorie-flores-de-cbd-baratas","16":"pa_kategorie-greenhouse-cbd-es","17":"pa_kategorie-poderosas-flores-de-cbd","18":"desktop-align-left","19":"tablet-align-center","20":"mobile-align-left","21":"ast-product-gallery-layout-vertical","22":"ast-magnify-disabled","23":"ast-product-single-variable","24":"ast-product-tabs-layout-horizontal","26":"first","27":"instock","28":"taxable","29":"shipping-taxable","30":"purchasable","31":"product-type-variable"},"yoast_head":"<!-- This site is optimized with the Yoast SEO Premium plugin v27.2 (Yoast SEO v27.4) - https:\/\/yoast.com\/product\/yoast-seo-premium-wordpress\/ -->\n<title>Cherry Pie CBD 19% Indoor Desde3\u20ac\/g - Cannabis legal Espa\u00f1a<\/title>\n<meta name=\"description\" content=\"Cherry Pie - Flores CBD 19% CBD : El efecto de Cherry Pie podr\u00eda ser fuerte, ya que tiene un contenido de cannabidiol bastante alto, de aproximadamente un 20% de CBD. Legal\" \/>\n<meta name=\"robots\" content=\"index, follow, max-snippet:-1, max-image-preview:large, max-video-preview:-1\" \/>\n<link rel=\"canonical\" href=\"https:\/\/blumiz.com\/es\/producto\/cereza-pastel-cbd\/\" \/>\n<meta property=\"og:locale\" content=\"es_ES\" \/>\n<meta property=\"og:type\" content=\"article\" \/>\n<meta property=\"og:title\" content=\"Cherry Pie - Flores CBD 19%\" \/>\n<meta property=\"og:description\" content=\"Cherry Pie - Flores CBD 19% Blumiz - Premium CBD\" \/>\n<meta property=\"og:url\" content=\"https:\/\/blumiz.com\/es\/producto\/cereza-pastel-cbd\/\" \/>\n<meta property=\"og:site_name\" content=\"Blumiz - Premium CBD\" \/>\n<meta property=\"article:modified_time\" content=\"2025-02-06T20:37:00+00:00\" \/>\n<meta property=\"og:image\" content=\"https:\/\/blumiz.com\/wp-content\/uploads\/2022\/08\/CHERRY-PIE-BAG-BLUMIZ.webp\" \/>\n\t<meta property=\"og:image:width\" content=\"600\" \/>\n\t<meta property=\"og:image:height\" content=\"600\" \/>\n\t<meta property=\"og:image:type\" content=\"image\/webp\" \/>\n<meta name=\"twitter:card\" content=\"summary_large_image\" \/>\n<meta name=\"twitter:label1\" content=\"Disponibilidad\" \/>\n\t<meta name=\"twitter:data1\" content=\"Disponible\" \/>\n<script type=\"application\/ld+json\" class=\"yoast-schema-graph\">{\"@context\":\"https:\\\/\\\/schema.org\",\"@graph\":[{\"@type\":\"WebPage\",\"@id\":\"https:\\\/\\\/blumiz.com\\\/es\\\/producto\\\/cereza-pastel-cbd\\\/\",\"url\":\"https:\\\/\\\/blumiz.com\\\/es\\\/producto\\\/cereza-pastel-cbd\\\/\",\"name\":\"Cherry Pie CBD 19% Indoor Desde3\u20ac\\\/g - Cannabis legal Espa\u00f1a\",\"isPartOf\":{\"@id\":\"https:\\\/\\\/blumiz.com\\\/es\\\/#website\"},\"primaryImageOfPage\":{\"@id\":\"https:\\\/\\\/blumiz.com\\\/es\\\/producto\\\/cereza-pastel-cbd\\\/#primaryimage\"},\"image\":{\"@id\":\"https:\\\/\\\/blumiz.com\\\/es\\\/producto\\\/cereza-pastel-cbd\\\/#primaryimage\"},\"thumbnailUrl\":\"https:\\\/\\\/blumiz.com\\\/wp-content\\\/uploads\\\/2022\\\/08\\\/CHERRY-PIE-BAG-BLUMIZ.webp\",\"datePublished\":\"2020-12-13T13:16:08+00:00\",\"dateModified\":\"2025-02-06T20:37:00+00:00\",\"description\":\"Cherry Pie - Flores CBD 19% CBD : El efecto de Cherry Pie podr\u00eda ser fuerte, ya que tiene un contenido de cannabidiol bastante alto, de aproximadamente un 20% de CBD. Legal\",\"breadcrumb\":{\"@id\":\"https:\\\/\\\/blumiz.com\\\/es\\\/producto\\\/cereza-pastel-cbd\\\/#breadcrumb\"},\"inLanguage\":\"es\",\"potentialAction\":[{\"@type\":\"ReadAction\",\"target\":[\"https:\\\/\\\/blumiz.com\\\/es\\\/producto\\\/cereza-pastel-cbd\\\/\"]}]},{\"@type\":\"ImageObject\",\"inLanguage\":\"es\",\"@id\":\"https:\\\/\\\/blumiz.com\\\/es\\\/producto\\\/cereza-pastel-cbd\\\/#primaryimage\",\"url\":\"https:\\\/\\\/blumiz.com\\\/wp-content\\\/uploads\\\/2022\\\/08\\\/CHERRY-PIE-BAG-BLUMIZ.webp\",\"contentUrl\":\"https:\\\/\\\/blumiz.com\\\/wp-content\\\/uploads\\\/2022\\\/08\\\/CHERRY-PIE-BAG-BLUMIZ.webp\",\"width\":600,\"height\":600},{\"@type\":\"BreadcrumbList\",\"@id\":\"https:\\\/\\\/blumiz.com\\\/es\\\/producto\\\/cereza-pastel-cbd\\\/#breadcrumb\",\"itemListElement\":[{\"@type\":\"ListItem\",\"position\":1,\"name\":\"Blumiz\",\"item\":\"https:\\\/\\\/blumiz.com\\\/es\\\/\"},{\"@type\":\"ListItem\",\"position\":2,\"name\":\"CBD Shop\",\"item\":\"https:\\\/\\\/blumiz.com\\\/es\\\/tienda\\\/\"},{\"@type\":\"ListItem\",\"position\":3,\"name\":\"Flores CBD\",\"item\":\"https:\\\/\\\/blumiz.com\\\/es\\\/category\\\/flores-cbd\\\/\"},{\"@type\":\"ListItem\",\"position\":4,\"name\":\"Cherry Pie &#8211; Flores CBD 19%\"}]},{\"@type\":\"WebSite\",\"@id\":\"https:\\\/\\\/blumiz.com\\\/es\\\/#website\",\"url\":\"https:\\\/\\\/blumiz.com\\\/es\\\/\",\"name\":\"Blumiz - Premium CBD\",\"description\":\"Un CBD al mejor precio y de calidad superior\",\"publisher\":{\"@id\":\"https:\\\/\\\/blumiz.com\\\/es\\\/#organization\"},\"alternateName\":\"Blumiz\",\"potentialAction\":[{\"@type\":\"SearchAction\",\"target\":{\"@type\":\"EntryPoint\",\"urlTemplate\":\"https:\\\/\\\/blumiz.com\\\/es\\\/?s={search_term_string}\"},\"query-input\":{\"@type\":\"PropertyValueSpecification\",\"valueRequired\":true,\"valueName\":\"search_term_string\"}}],\"inLanguage\":\"es\"},{\"@type\":\"Organization\",\"@id\":\"https:\\\/\\\/blumiz.com\\\/es\\\/#organization\",\"name\":\"Blumiz CBD\",\"alternateName\":\"Blumiz\",\"url\":\"https:\\\/\\\/blumiz.com\\\/es\\\/\",\"logo\":{\"@type\":\"ImageObject\",\"inLanguage\":\"es\",\"@id\":\"https:\\\/\\\/blumiz.com\\\/es\\\/#\\\/schema\\\/logo\\\/image\\\/\",\"url\":\"https:\\\/\\\/blumiz.com\\\/wp-content\\\/uploads\\\/2026\\\/02\\\/cropped-Blumiz-CBD-logo.webp\",\"contentUrl\":\"https:\\\/\\\/blumiz.com\\\/wp-content\\\/uploads\\\/2026\\\/02\\\/cropped-Blumiz-CBD-logo.webp\",\"width\":2547,\"height\":778,\"caption\":\"Blumiz CBD\"},\"image\":{\"@id\":\"https:\\\/\\\/blumiz.com\\\/es\\\/#\\\/schema\\\/logo\\\/image\\\/\"}}]}<\/script>\n<meta property=\"og:availability\" content=\"instock\" \/>\n<meta property=\"product:availability\" content=\"instock\" \/>\n<meta property=\"product:retailer_item_id\" content=\"8449\" \/>\n<meta property=\"product:condition\" content=\"new\" \/>\n<!-- \/ Yoast SEO Premium plugin. -->","yoast_head_json":{"title":"Cherry Pie CBD 19% Indoor Desde3\u20ac\/g - Cannabis legal Espa\u00f1a","description":"Cherry Pie - Flores CBD 19% CBD : El efecto de Cherry Pie podr\u00eda ser fuerte, ya que tiene un contenido de cannabidiol bastante alto, de aproximadamente un 20% de CBD. Legal","robots":{"index":"index","follow":"follow","max-snippet":"max-snippet:-1","max-image-preview":"max-image-preview:large","max-video-preview":"max-video-preview:-1"},"canonical":"https:\/\/blumiz.com\/es\/producto\/cereza-pastel-cbd\/","og_locale":"es_ES","og_type":"article","og_title":"Cherry Pie - Flores CBD 19%","og_description":"Cherry Pie - Flores CBD 19% Blumiz - Premium CBD","og_url":"https:\/\/blumiz.com\/es\/producto\/cereza-pastel-cbd\/","og_site_name":"Blumiz - Premium CBD","article_modified_time":"2025-02-06T20:37:00+00:00","og_image":[{"width":600,"height":600,"url":"https:\/\/blumiz.com\/wp-content\/uploads\/2022\/08\/CHERRY-PIE-BAG-BLUMIZ.webp","type":"image\/webp"}],"twitter_card":"summary_large_image","twitter_misc":{"Disponibilidad":"Disponible"},"schema":{"@context":"https:\/\/schema.org","@graph":[{"@type":"WebPage","@id":"https:\/\/blumiz.com\/es\/producto\/cereza-pastel-cbd\/","url":"https:\/\/blumiz.com\/es\/producto\/cereza-pastel-cbd\/","name":"Cherry Pie CBD 19% Indoor Desde3\u20ac\/g - Cannabis legal Espa\u00f1a","isPartOf":{"@id":"https:\/\/blumiz.com\/es\/#website"},"primaryImageOfPage":{"@id":"https:\/\/blumiz.com\/es\/producto\/cereza-pastel-cbd\/#primaryimage"},"image":{"@id":"https:\/\/blumiz.com\/es\/producto\/cereza-pastel-cbd\/#primaryimage"},"thumbnailUrl":"https:\/\/blumiz.com\/wp-content\/uploads\/2022\/08\/CHERRY-PIE-BAG-BLUMIZ.webp","datePublished":"2020-12-13T13:16:08+00:00","dateModified":"2025-02-06T20:37:00+00:00","description":"Cherry Pie - Flores CBD 19% CBD : El efecto de Cherry Pie podr\u00eda ser fuerte, ya que tiene un contenido de cannabidiol bastante alto, de aproximadamente un 20% de CBD. Legal","breadcrumb":{"@id":"https:\/\/blumiz.com\/es\/producto\/cereza-pastel-cbd\/#breadcrumb"},"inLanguage":"es","potentialAction":[{"@type":"ReadAction","target":["https:\/\/blumiz.com\/es\/producto\/cereza-pastel-cbd\/"]}]},{"@type":"ImageObject","inLanguage":"es","@id":"https:\/\/blumiz.com\/es\/producto\/cereza-pastel-cbd\/#primaryimage","url":"https:\/\/blumiz.com\/wp-content\/uploads\/2022\/08\/CHERRY-PIE-BAG-BLUMIZ.webp","contentUrl":"https:\/\/blumiz.com\/wp-content\/uploads\/2022\/08\/CHERRY-PIE-BAG-BLUMIZ.webp","width":600,"height":600},{"@type":"BreadcrumbList","@id":"https:\/\/blumiz.com\/es\/producto\/cereza-pastel-cbd\/#breadcrumb","itemListElement":[{"@type":"ListItem","position":1,"name":"Blumiz","item":"https:\/\/blumiz.com\/es\/"},{"@type":"ListItem","position":2,"name":"CBD Shop","item":"https:\/\/blumiz.com\/es\/tienda\/"},{"@type":"ListItem","position":3,"name":"Flores CBD","item":"https:\/\/blumiz.com\/es\/category\/flores-cbd\/"},{"@type":"ListItem","position":4,"name":"Cherry Pie &#8211; Flores CBD 19%"}]},{"@type":"WebSite","@id":"https:\/\/blumiz.com\/es\/#website","url":"https:\/\/blumiz.com\/es\/","name":"Blumiz - Premium CBD","description":"Un CBD al mejor precio y de calidad superior","publisher":{"@id":"https:\/\/blumiz.com\/es\/#organization"},"alternateName":"Blumiz","potentialAction":[{"@type":"SearchAction","target":{"@type":"EntryPoint","urlTemplate":"https:\/\/blumiz.com\/es\/?s={search_term_string}"},"query-input":{"@type":"PropertyValueSpecification","valueRequired":true,"valueName":"search_term_string"}}],"inLanguage":"es"},{"@type":"Organization","@id":"https:\/\/blumiz.com\/es\/#organization","name":"Blumiz CBD","alternateName":"Blumiz","url":"https:\/\/blumiz.com\/es\/","logo":{"@type":"ImageObject","inLanguage":"es","@id":"https:\/\/blumiz.com\/es\/#\/schema\/logo\/image\/","url":"https:\/\/blumiz.com\/wp-content\/uploads\/2026\/02\/cropped-Blumiz-CBD-logo.webp","contentUrl":"https:\/\/blumiz.com\/wp-content\/uploads\/2026\/02\/cropped-Blumiz-CBD-logo.webp","width":2547,"height":778,"caption":"Blumiz CBD"},"image":{"@id":"https:\/\/blumiz.com\/es\/#\/schema\/logo\/image\/"}}]},"og_availability":"instock","product_availability":"instock","product_retailer_item_id":"8449","product_condition":"new"},"_links":{"self":[{"href":"https:\/\/blumiz.com\/es\/wp-json\/wp\/v2\/product\/11508","targetHints":{"allow":["GET"]}}],"collection":[{"href":"https:\/\/blumiz.com\/es\/wp-json\/wp\/v2\/product"}],"about":[{"href":"https:\/\/blumiz.com\/es\/wp-json\/wp\/v2\/types\/product"}],"replies":[{"embeddable":true,"href":"https:\/\/blumiz.com\/es\/wp-json\/wp\/v2\/comments?post=11508"}],"version-history":[{"count":0,"href":"https:\/\/blumiz.com\/es\/wp-json\/wp\/v2\/product\/11508\/revisions"}],"wp:featuredmedia":[{"embeddable":true,"href":"https:\/\/blumiz.com\/es\/wp-json\/wp\/v2\/media\/10379"}],"wp:attachment":[{"href":"https:\/\/blumiz.com\/es\/wp-json\/wp\/v2\/media?parent=11508"}],"wp:term":[{"taxonomy":"product_brand","embeddable":true,"href":"https:\/\/blumiz.com\/es\/wp-json\/wp\/v2\/product_brand?post=11508"},{"taxonomy":"product_cat","embeddable":true,"href":"https:\/\/blumiz.com\/es\/wp-json\/wp\/v2\/product_cat?post=11508"},{"taxonomy":"product_tag","embeddable":true,"href":"https:\/\/blumiz.com\/es\/wp-json\/wp\/v2\/product_tag?post=11508"}],"curies":[{"name":"wp","href":"https:\/\/api.w.org\/{rel}","templated":true}]}}