{"id":11524,"date":"2020-12-05T17:44:16","date_gmt":"2020-12-05T16:44:16","guid":{"rendered":"https:\/\/blumiz.com\/produkt\/caramelo-hachis-cbd20\/"},"modified":"2025-02-11T13:03:11","modified_gmt":"2025-02-11T12:03:11","slug":"caramelo-cbd-hash-20","status":"publish","type":"product","link":"https:\/\/blumiz.com\/es\/producto\/caramelo-cbd-hash-20\/","title":{"rendered":"Caramelo Hachis CBD20%"},"content":{"rendered":"<h2><span style=\"color: #107d85;\">Hachis CBD Caramelo 20%<\/span><\/h2>\n<h2><span style=\"color: #ff6600;\">Un hach\u00eds perfecto antes de acostarse<\/span><\/h2>\n<p>Este hach\u00eds de CBD Caramelo tiene una textura moldeable que lo hace c\u00f3modo de usar. Este producto de c\u00e1\u00f1amo se vende en botes de 2 \u00f3 10 gramos y permite beneficiarse de todas las ventajas de la planta. Enriquecido con cannabinoides, este producto te permite disfrutar del efecto s\u00e9quito. En realidad, los distintos componentes de la planta de cannabis sativa act\u00faan de forma sin\u00e9rgica para producir un efecto mayor.<\/p>\n<h4><span style=\"color: #ff6600;\">Propiedades del hash Caramelo<\/span><\/h4>\n<p>Contiene un 20% de CBD<br \/>\nConsumo en infusi\u00f3n o vaporizaci\u00f3n<\/p>\n<p>Textura cremosa Menos del 0,2 % de THC Te ayuda a relajarte y a conciliar el sue\u00f1o Los beneficios de este hach\u00eds CBD Este hach\u00eds de c\u00e1\u00f1amo est\u00e1 enriquecido con cannabinoides. Contiene un 20 % de CBD. El cannabidiol es cada vez m\u00e1s reconocido por sus beneficios y es una mol\u00e9cula con muchas ventajas. En particular, tendr\u00eda un efecto ansiol\u00edtico.<\/p>\n<p>El hach\u00eds se prensa de forma tradicional con una prensa manual.<\/p>\n<p>Consejos para usar tu hach\u00eds Caramelo 20% CBD Este hach\u00eds es f\u00e1cil de preparar. Para consumirlo, basta con tomar un poco y diluirlo en agua caliente. Al infusionar, recuerde a\u00f1adir una cucharada de nata, leche o aceite. En efecto, el CBD se absorbe mejor cuando se toma con una sustancia grasa. Tambi\u00e9n puedes vaporizar este hach\u00eds con tu vaporizador.<\/p>\n<h4><span style=\"color: #ff6600;\">Lista de ingredientes<\/span><\/h4>\n<p>Cannabis Sativa L. extracto natural 20 % CBD<\/p>\n<h4><span style=\"color: #ff6600;\">\u00bfQu\u00e9 es el hach\u00eds Power Caramello?<\/span><\/h4>\n<p>El hach\u00eds Caramello es, en primer lugar, s\u00f3lo el nombre varietal de uno de los muchos tipos de hach\u00eds que se producen a base de CBD. El Hachis CBDCaramello disponible con nosotros tiene un contenido de CBD de &gt; 18% y, , un contenido de THC de menos del 0,2.<\/p>\n<p>Outdoor<br \/>\nSe trata de una mezcla cultivada con esmero y en condiciones org\u00e1nicas que, con su contenido relativamente alto de CBD, libera una cantidad especialmente elevada de cannabidiol cuando se consume. Si te gusta el hach\u00eds natural a buen precio, tambi\u00e9n puedes probar nuestro<a href=\"https:\/\/blumiz.com\/producto\/pollen-cbg-skuff-pollen-13\/\">CBG Skuff<\/a>, un polen 100% natural sin prensar.<\/p>\n<h4><span style=\"color: #ff6600;\">Descubre tambi\u00e9n nuestra <a style=\"color: #ff6600;\" href=\"\/?product_cat=cbd-blueten\">CBD Flower Shop<\/a> para completar tu hach\u00eds<\/span><\/h4>\n<p>Flores CBD est\u00e1n disponibles en diferentes sabores y concentraciones de CBD. Nuestras flores de CBD se someten a estrictos criterios externos de calidad. Se venden como materias primas y no contienen aditivos qu\u00edmicos ni impurezas.<\/p>\n<p>Descubre nuestros <a href=\"https:\/\/blumiz.com\/es\/category\/headshop-es\/\">productos y accesorios Headshop<\/a> para disfrutar de tus variedades favoritas<\/p>\n<h4><span style=\"color: #ff6600;\">Hacer un pedido a Blumiz significa:<\/span><\/h4>\n<p>&#8211; Entrega r\u00e1pida, discreta e inodora<br \/>\n&#8211; Productos de calidad y certificados por laboratorios<br \/>\n&#8211; Precios inmejorables, ya que fabricamos nuestros productos nosotros mismos<\/p>\n<p>Descubra tambi\u00e9n aqu\u00ed nuestras <a href=\"\/?product_cat=cbd-blueten\">Flores CBD<\/a><\/p>\n<p>Una pregunta, \u00bfnecesitas ayuda?  <a href=\"https:\/\/blumiz.com\/hilfe-und-faqs\/\">Haga clic aqu\u00ed para descubrir nuestro centro de ayuda.<\/a><\/p>\n","protected":false},"excerpt":{"rendered":"<h4><span style=\"color: #107d85;\">Hachis CBD Caramelo 20%<\/span><\/h4>\n<p>Un hach\u00eds de caramelo con un 20% de CBD, enriquecido con cannabinoides.<\/p>\n<p>El hach\u00eds Caramelo 20% CBD est\u00e1 enriquecido con varios cannabinoides esenciales que componen la planta de c\u00e1\u00f1amo. Con un contenido de THC inferior al 0,2, podr\u00e1s disfrutar del efecto s\u00e9quito y relajarte.<\/p>\n","protected":false},"featured_media":10431,"comment_status":"open","ping_status":"closed","template":"","meta":{"site-sidebar-layout":"default","site-content-layout":"default","ast-site-content-layout":"default","site-content-style":"default","site-sidebar-style":"default","ast-global-header-display":"","ast-banner-title-visibility":"","ast-main-header-display":"","ast-hfb-above-header-display":"","ast-hfb-below-header-display":"","ast-hfb-mobile-header-display":"","site-post-title":"","ast-breadcrumbs-content":"","ast-featured-img":"","footer-sml-layout":"","ast-disable-related-posts":"","theme-transparent-header-meta":"default","adv-header-id-meta":"","stick-header-meta":"default","header-above-stick-meta":"","header-main-stick-meta":"","header-below-stick-meta":"","astra-migrate-meta-layouts":"default","ast-page-background-enabled":"default","ast-page-background-meta":{"desktop":{"background-color":"","background-image":"","background-repeat":"repeat","background-position":"center center","background-size":"auto","background-attachment":"scroll","background-type":"","background-media":"","overlay-type":"","overlay-color":"","overlay-opacity":"","overlay-gradient":""},"tablet":{"background-color":"","background-image":"","background-repeat":"repeat","background-position":"center center","background-size":"auto","background-attachment":"scroll","background-type":"","background-media":"","overlay-type":"","overlay-color":"","overlay-opacity":"","overlay-gradient":""},"mobile":{"background-color":"","background-image":"","background-repeat":"repeat","background-position":"center center","background-size":"auto","background-attachment":"scroll","background-type":"","background-media":"","overlay-type":"","overlay-color":"","overlay-opacity":"","overlay-gradient":""}},"ast-content-background-meta":{"desktop":{"background-color":"var(--ast-global-color-5)","background-image":"","background-repeat":"repeat","background-position":"center center","background-size":"auto","background-attachment":"scroll","background-type":"","background-media":"","overlay-type":"","overlay-color":"","overlay-opacity":"","overlay-gradient":""},"tablet":{"background-color":"var(--ast-global-color-5)","background-image":"","background-repeat":"repeat","background-position":"center center","background-size":"auto","background-attachment":"scroll","background-type":"","background-media":"","overlay-type":"","overlay-color":"","overlay-opacity":"","overlay-gradient":""},"mobile":{"background-color":"var(--ast-global-color-5)","background-image":"","background-repeat":"repeat","background-position":"center center","background-size":"auto","background-attachment":"scroll","background-type":"","background-media":"","overlay-type":"","overlay-color":"","overlay-opacity":"","overlay-gradient":""}}},"product_brand":[],"product_cat":[305,266,262],"product_tag":[237,236],"class_list":{"0":"post-11524","1":"product","2":"type-product","3":"status-publish","4":"has-post-thumbnail","6":"product_cat-cbd-es","7":"product_cat-hachis-cbd","8":"product_cat-hachis-y-concentrados","9":"product_tag-flores-cbd-baratas","10":"product_tag-poderosas-flores-de-cbd","11":"pa_cbd-rate-10-a-20-cbd-es","12":"pa_kategorie-greenhouse-cbd-es","13":"desktop-align-left","14":"tablet-align-center","15":"mobile-align-left","16":"ast-product-gallery-layout-vertical","17":"ast-product-gallery-with-no-image","18":"ast-magnify-disabled","19":"ast-product-single-variable","20":"ast-product-tabs-layout-horizontal","22":"first","23":"instock","24":"taxable","25":"shipping-taxable","26":"purchasable","27":"product-type-variable"},"yoast_head":"<!-- This site is optimized with the Yoast SEO Premium plugin v27.2 (Yoast SEO v27.4) - https:\/\/yoast.com\/product\/yoast-seo-premium-wordpress\/ -->\n<title>Caramelo Hachis CBDa partir de 2 \u20ac\/g- Blumiz - Premium CBD<\/title>\n<meta name=\"description\" content=\"Caramelo CBD hash 20% desde 2\u20ac\/g....Caramelo hash es un CBD hash muy fuerte..apreciado por su sabor a caramelo..Legal en Espa\u00f1a Premium\" \/>\n<meta name=\"robots\" content=\"index, follow, max-snippet:-1, max-image-preview:large, max-video-preview:-1\" \/>\n<link rel=\"canonical\" href=\"https:\/\/blumiz.com\/es\/producto\/caramelo-cbd-hash-20\/\" \/>\n<meta property=\"og:locale\" content=\"es_ES\" \/>\n<meta property=\"og:type\" content=\"article\" \/>\n<meta property=\"og:title\" content=\"Caramelo Hachis CBD20%\" \/>\n<meta property=\"og:description\" content=\"Caramelo Hachis CBD20% Blumiz - Premium CBD\" \/>\n<meta property=\"og:url\" content=\"https:\/\/blumiz.com\/es\/producto\/caramelo-cbd-hash-20\/\" \/>\n<meta property=\"og:site_name\" content=\"Blumiz - Premium CBD\" \/>\n<meta property=\"article:modified_time\" content=\"2025-02-11T12:03:11+00:00\" \/>\n<meta property=\"og:image\" content=\"https:\/\/blumiz.com\/wp-content\/uploads\/2022\/09\/Caramelo-Hash-1.webp\" \/>\n\t<meta property=\"og:image:width\" content=\"600\" \/>\n\t<meta property=\"og:image:height\" content=\"600\" \/>\n\t<meta property=\"og:image:type\" content=\"image\/webp\" \/>\n<meta name=\"twitter:card\" content=\"summary_large_image\" \/>\n<meta name=\"twitter:label1\" content=\"Disponibilidad\" \/>\n\t<meta name=\"twitter:data1\" content=\"Disponible\" \/>\n<script type=\"application\/ld+json\" class=\"yoast-schema-graph\">{\"@context\":\"https:\\\/\\\/schema.org\",\"@graph\":[{\"@type\":\"WebPage\",\"@id\":\"https:\\\/\\\/blumiz.com\\\/es\\\/producto\\\/caramelo-cbd-hash-20\\\/\",\"url\":\"https:\\\/\\\/blumiz.com\\\/es\\\/producto\\\/caramelo-cbd-hash-20\\\/\",\"name\":\"Caramelo Hachis CBDa partir de 2 \u20ac\\\/g- Blumiz - Premium CBD\",\"isPartOf\":{\"@id\":\"https:\\\/\\\/blumiz.com\\\/es\\\/#website\"},\"primaryImageOfPage\":{\"@id\":\"https:\\\/\\\/blumiz.com\\\/es\\\/producto\\\/caramelo-cbd-hash-20\\\/#primaryimage\"},\"image\":{\"@id\":\"https:\\\/\\\/blumiz.com\\\/es\\\/producto\\\/caramelo-cbd-hash-20\\\/#primaryimage\"},\"thumbnailUrl\":\"https:\\\/\\\/blumiz.com\\\/wp-content\\\/uploads\\\/2022\\\/09\\\/Caramelo-Hash-1.webp\",\"datePublished\":\"2020-12-05T16:44:16+00:00\",\"dateModified\":\"2025-02-11T12:03:11+00:00\",\"description\":\"Caramelo CBD hash 20% desde 2\u20ac\\\/g....Caramelo hash es un CBD hash muy fuerte..apreciado por su sabor a caramelo..Legal en Espa\u00f1a Premium\",\"breadcrumb\":{\"@id\":\"https:\\\/\\\/blumiz.com\\\/es\\\/producto\\\/caramelo-cbd-hash-20\\\/#breadcrumb\"},\"inLanguage\":\"es\",\"potentialAction\":[{\"@type\":\"ReadAction\",\"target\":[\"https:\\\/\\\/blumiz.com\\\/es\\\/producto\\\/caramelo-cbd-hash-20\\\/\"]}]},{\"@type\":\"ImageObject\",\"inLanguage\":\"es\",\"@id\":\"https:\\\/\\\/blumiz.com\\\/es\\\/producto\\\/caramelo-cbd-hash-20\\\/#primaryimage\",\"url\":\"https:\\\/\\\/blumiz.com\\\/wp-content\\\/uploads\\\/2022\\\/09\\\/Caramelo-Hash-1.webp\",\"contentUrl\":\"https:\\\/\\\/blumiz.com\\\/wp-content\\\/uploads\\\/2022\\\/09\\\/Caramelo-Hash-1.webp\",\"width\":600,\"height\":600},{\"@type\":\"BreadcrumbList\",\"@id\":\"https:\\\/\\\/blumiz.com\\\/es\\\/producto\\\/caramelo-cbd-hash-20\\\/#breadcrumb\",\"itemListElement\":[{\"@type\":\"ListItem\",\"position\":1,\"name\":\"Blumiz\",\"item\":\"https:\\\/\\\/blumiz.com\\\/es\\\/\"},{\"@type\":\"ListItem\",\"position\":2,\"name\":\"CBD Shop\",\"item\":\"https:\\\/\\\/blumiz.com\\\/es\\\/tienda\\\/\"},{\"@type\":\"ListItem\",\"position\":3,\"name\":\"Hachis y concentrados\",\"item\":\"https:\\\/\\\/blumiz.com\\\/es\\\/category\\\/hachis-y-concentrados\\\/\"},{\"@type\":\"ListItem\",\"position\":4,\"name\":\"Caramelo Hachis CBD20%\"}]},{\"@type\":\"WebSite\",\"@id\":\"https:\\\/\\\/blumiz.com\\\/es\\\/#website\",\"url\":\"https:\\\/\\\/blumiz.com\\\/es\\\/\",\"name\":\"Blumiz - Premium CBD\",\"description\":\"Un CBD al mejor precio y de calidad superior\",\"publisher\":{\"@id\":\"https:\\\/\\\/blumiz.com\\\/es\\\/#organization\"},\"alternateName\":\"Blumiz\",\"potentialAction\":[{\"@type\":\"SearchAction\",\"target\":{\"@type\":\"EntryPoint\",\"urlTemplate\":\"https:\\\/\\\/blumiz.com\\\/es\\\/?s={search_term_string}\"},\"query-input\":{\"@type\":\"PropertyValueSpecification\",\"valueRequired\":true,\"valueName\":\"search_term_string\"}}],\"inLanguage\":\"es\"},{\"@type\":\"Organization\",\"@id\":\"https:\\\/\\\/blumiz.com\\\/es\\\/#organization\",\"name\":\"Blumiz CBD\",\"alternateName\":\"Blumiz\",\"url\":\"https:\\\/\\\/blumiz.com\\\/es\\\/\",\"logo\":{\"@type\":\"ImageObject\",\"inLanguage\":\"es\",\"@id\":\"https:\\\/\\\/blumiz.com\\\/es\\\/#\\\/schema\\\/logo\\\/image\\\/\",\"url\":\"https:\\\/\\\/blumiz.com\\\/wp-content\\\/uploads\\\/2026\\\/02\\\/cropped-Blumiz-CBD-logo.webp\",\"contentUrl\":\"https:\\\/\\\/blumiz.com\\\/wp-content\\\/uploads\\\/2026\\\/02\\\/cropped-Blumiz-CBD-logo.webp\",\"width\":2547,\"height\":778,\"caption\":\"Blumiz CBD\"},\"image\":{\"@id\":\"https:\\\/\\\/blumiz.com\\\/es\\\/#\\\/schema\\\/logo\\\/image\\\/\"}}]}<\/script>\n<meta property=\"og:availability\" content=\"instock\" \/>\n<meta property=\"product:availability\" content=\"instock\" \/>\n<meta property=\"product:retailer_item_id\" content=\"6921376\" \/>\n<meta property=\"product:condition\" content=\"new\" \/>\n<!-- \/ Yoast SEO Premium plugin. -->","yoast_head_json":{"title":"Caramelo Hachis CBDa partir de 2 \u20ac\/g- Blumiz - Premium CBD","description":"Caramelo CBD hash 20% desde 2\u20ac\/g....Caramelo hash es un CBD hash muy fuerte..apreciado por su sabor a caramelo..Legal en Espa\u00f1a Premium","robots":{"index":"index","follow":"follow","max-snippet":"max-snippet:-1","max-image-preview":"max-image-preview:large","max-video-preview":"max-video-preview:-1"},"canonical":"https:\/\/blumiz.com\/es\/producto\/caramelo-cbd-hash-20\/","og_locale":"es_ES","og_type":"article","og_title":"Caramelo Hachis CBD20%","og_description":"Caramelo Hachis CBD20% Blumiz - Premium CBD","og_url":"https:\/\/blumiz.com\/es\/producto\/caramelo-cbd-hash-20\/","og_site_name":"Blumiz - Premium CBD","article_modified_time":"2025-02-11T12:03:11+00:00","og_image":[{"width":600,"height":600,"url":"https:\/\/blumiz.com\/wp-content\/uploads\/2022\/09\/Caramelo-Hash-1.webp","type":"image\/webp"}],"twitter_card":"summary_large_image","twitter_misc":{"Disponibilidad":"Disponible"},"schema":{"@context":"https:\/\/schema.org","@graph":[{"@type":"WebPage","@id":"https:\/\/blumiz.com\/es\/producto\/caramelo-cbd-hash-20\/","url":"https:\/\/blumiz.com\/es\/producto\/caramelo-cbd-hash-20\/","name":"Caramelo Hachis CBDa partir de 2 \u20ac\/g- Blumiz - Premium CBD","isPartOf":{"@id":"https:\/\/blumiz.com\/es\/#website"},"primaryImageOfPage":{"@id":"https:\/\/blumiz.com\/es\/producto\/caramelo-cbd-hash-20\/#primaryimage"},"image":{"@id":"https:\/\/blumiz.com\/es\/producto\/caramelo-cbd-hash-20\/#primaryimage"},"thumbnailUrl":"https:\/\/blumiz.com\/wp-content\/uploads\/2022\/09\/Caramelo-Hash-1.webp","datePublished":"2020-12-05T16:44:16+00:00","dateModified":"2025-02-11T12:03:11+00:00","description":"Caramelo CBD hash 20% desde 2\u20ac\/g....Caramelo hash es un CBD hash muy fuerte..apreciado por su sabor a caramelo..Legal en Espa\u00f1a Premium","breadcrumb":{"@id":"https:\/\/blumiz.com\/es\/producto\/caramelo-cbd-hash-20\/#breadcrumb"},"inLanguage":"es","potentialAction":[{"@type":"ReadAction","target":["https:\/\/blumiz.com\/es\/producto\/caramelo-cbd-hash-20\/"]}]},{"@type":"ImageObject","inLanguage":"es","@id":"https:\/\/blumiz.com\/es\/producto\/caramelo-cbd-hash-20\/#primaryimage","url":"https:\/\/blumiz.com\/wp-content\/uploads\/2022\/09\/Caramelo-Hash-1.webp","contentUrl":"https:\/\/blumiz.com\/wp-content\/uploads\/2022\/09\/Caramelo-Hash-1.webp","width":600,"height":600},{"@type":"BreadcrumbList","@id":"https:\/\/blumiz.com\/es\/producto\/caramelo-cbd-hash-20\/#breadcrumb","itemListElement":[{"@type":"ListItem","position":1,"name":"Blumiz","item":"https:\/\/blumiz.com\/es\/"},{"@type":"ListItem","position":2,"name":"CBD Shop","item":"https:\/\/blumiz.com\/es\/tienda\/"},{"@type":"ListItem","position":3,"name":"Hachis y concentrados","item":"https:\/\/blumiz.com\/es\/category\/hachis-y-concentrados\/"},{"@type":"ListItem","position":4,"name":"Caramelo Hachis CBD20%"}]},{"@type":"WebSite","@id":"https:\/\/blumiz.com\/es\/#website","url":"https:\/\/blumiz.com\/es\/","name":"Blumiz - Premium CBD","description":"Un CBD al mejor precio y de calidad superior","publisher":{"@id":"https:\/\/blumiz.com\/es\/#organization"},"alternateName":"Blumiz","potentialAction":[{"@type":"SearchAction","target":{"@type":"EntryPoint","urlTemplate":"https:\/\/blumiz.com\/es\/?s={search_term_string}"},"query-input":{"@type":"PropertyValueSpecification","valueRequired":true,"valueName":"search_term_string"}}],"inLanguage":"es"},{"@type":"Organization","@id":"https:\/\/blumiz.com\/es\/#organization","name":"Blumiz CBD","alternateName":"Blumiz","url":"https:\/\/blumiz.com\/es\/","logo":{"@type":"ImageObject","inLanguage":"es","@id":"https:\/\/blumiz.com\/es\/#\/schema\/logo\/image\/","url":"https:\/\/blumiz.com\/wp-content\/uploads\/2026\/02\/cropped-Blumiz-CBD-logo.webp","contentUrl":"https:\/\/blumiz.com\/wp-content\/uploads\/2026\/02\/cropped-Blumiz-CBD-logo.webp","width":2547,"height":778,"caption":"Blumiz CBD"},"image":{"@id":"https:\/\/blumiz.com\/es\/#\/schema\/logo\/image\/"}}]},"og_availability":"instock","product_availability":"instock","product_retailer_item_id":"6921376","product_condition":"new"},"_links":{"self":[{"href":"https:\/\/blumiz.com\/es\/wp-json\/wp\/v2\/product\/11524","targetHints":{"allow":["GET"]}}],"collection":[{"href":"https:\/\/blumiz.com\/es\/wp-json\/wp\/v2\/product"}],"about":[{"href":"https:\/\/blumiz.com\/es\/wp-json\/wp\/v2\/types\/product"}],"replies":[{"embeddable":true,"href":"https:\/\/blumiz.com\/es\/wp-json\/wp\/v2\/comments?post=11524"}],"version-history":[{"count":0,"href":"https:\/\/blumiz.com\/es\/wp-json\/wp\/v2\/product\/11524\/revisions"}],"wp:featuredmedia":[{"embeddable":true,"href":"https:\/\/blumiz.com\/es\/wp-json\/wp\/v2\/media\/10431"}],"wp:attachment":[{"href":"https:\/\/blumiz.com\/es\/wp-json\/wp\/v2\/media?parent=11524"}],"wp:term":[{"taxonomy":"product_brand","embeddable":true,"href":"https:\/\/blumiz.com\/es\/wp-json\/wp\/v2\/product_brand?post=11524"},{"taxonomy":"product_cat","embeddable":true,"href":"https:\/\/blumiz.com\/es\/wp-json\/wp\/v2\/product_cat?post=11524"},{"taxonomy":"product_tag","embeddable":true,"href":"https:\/\/blumiz.com\/es\/wp-json\/wp\/v2\/product_tag?post=11524"}],"curies":[{"name":"wp","href":"https:\/\/api.w.org\/{rel}","templated":true}]}}