{"id":11534,"date":"2022-09-07T08:12:41","date_gmt":"2022-09-07T07:12:41","guid":{"rendered":"https:\/\/blumiz.com\/produkt\/blunt-juicy-jays-gelato-purpura-infusionado-sabor-cannabis-blunt-x2\/"},"modified":"2025-08-11T17:55:06","modified_gmt":"2025-08-11T16:55:06","slug":"blunt-juicy-jays-infused-purple-gelato-cannabis-flavour-blunt-x2","status":"publish","type":"product","link":"https:\/\/blumiz.com\/es\/producto\/blunt-juicy-jays-infused-purple-gelato-cannabis-flavour-blunt-x2\/","title":{"rendered":"Blunt &#8211; Purple Gelato Infusionado Sabor Cannabis &#8211; Purple Wave &#8211; Juicy Jay&#8217;s &#8211; x 2 Blunt"},"content":{"rendered":"<h2>Blunt &#8211; Purple Gelato Infusionado Sabor Cannabis &#8211; Purple Wave &#8211; Juicy Jay&#8217;s &#8211; x 2 Blunt<\/h2>\n<p>Juicy Jay&#8217;s es conocida por su amplia gama de hojas aromatizadas, hojas en rollo y bolsas preenrolladas, pero tambi\u00e9n domina el sector de las envolturas naturales. Los wraps de Juicy Jay&#8217;s est\u00e1n aderezados con su famosa salsa triple y sellados herm\u00e9ticamente para garantizar su frescura. Cada paquete contiene dos envoltorios. Este producto no contiene ni tabaco ni nicotina.<\/p>\n<p>\u00a1Terpenos con gran sabor!<\/p>\n<p>\u00a1Una versi\u00f3n mejorada de Juicy Jay Hemp Wraps! Los terpenos se infunden en estos incre\u00edblemente sabrosos envoltorios de c\u00e1\u00f1amo enriquecidos con terpenos, convirti\u00e9ndolos en una opci\u00f3n especialmente arom\u00e1tica y sabrosa para dar la vuelta a un envoltorio de grasa. \u00a1Juicy Jay Hemp Wraps ha sido actualizado! Los terpenos est\u00e1n incrustados en estas envolturas de c\u00e1\u00f1amo enriquecidas con terpenos, d\u00e1ndoles una opci\u00f3n excepcionalmente arom\u00e1tica y sabrosa para liar una envoltura de grasa. Los chicos de Juicy Jay&#8217;s Papers han inventado las envolturas de c\u00e1\u00f1amo para que liar un cigarrillo r\u00e1pido sea f\u00e1cil y agradable. Todo en Juicy Jay es garant\u00eda de excelencia. Juicy Jay&#8217;s es conocido por sus deliciosos y sabrosos papeles y wraps, \u00a1pero han ido un paso m\u00e1s all\u00e1 y han a\u00f1adido A\u00daN M\u00c1S sabor!<\/p>\n<p>Contiene 2 envoltorios por paquete<br \/>\nHecho de c\u00e1\u00f1amo tostado 100% natural<br \/>\nMejorado con terpenos<br \/>\nEnriquecido con terpenos para mejorar el sabor y la experiencia de fumar<br \/>\nPerfil de terpenos: Gelato P\u00farpura (Purple Wave)<br \/>\nEste producto no contiene THC, CBD ni tabaco.<br \/>\nDe combusti\u00f3n lenta y satisfactoria<br \/>\nExperiencia de fumar mejorada<br \/>\nSellado para garantizar su frescura<\/p>\n","protected":false},"excerpt":{"rendered":"<h2>Paquete de 2 blunts de c\u00e1\u00f1amo con sabor a Gelato Purple, enriquecidos con terpenos.<\/h2>\n<p>Disfruta de toda la intensidad de su aroma a fruta de la pasi\u00f3n gracias a su bolsita herm\u00e9tica y resellable. F\u00e1ciles de enrollar, son pegajosas.<\/p>\n<p>Ropa de cama King-size. No contiene TABAC<\/p>\n<p>&nbsp;<\/p>\n","protected":false},"featured_media":10466,"comment_status":"open","ping_status":"closed","template":"","meta":{"site-sidebar-layout":"default","site-content-layout":"default","ast-site-content-layout":"default","site-content-style":"default","site-sidebar-style":"default","ast-global-header-display":"","ast-banner-title-visibility":"","ast-main-header-display":"","ast-hfb-above-header-display":"","ast-hfb-below-header-display":"","ast-hfb-mobile-header-display":"","site-post-title":"","ast-breadcrumbs-content":"","ast-featured-img":"","footer-sml-layout":"","ast-disable-related-posts":"","theme-transparent-header-meta":"default","adv-header-id-meta":"","stick-header-meta":"default","header-above-stick-meta":"","header-main-stick-meta":"","header-below-stick-meta":"","astra-migrate-meta-layouts":"default","ast-page-background-enabled":"default","ast-page-background-meta":{"desktop":{"background-color":"","background-image":"","background-repeat":"repeat","background-position":"center center","background-size":"auto","background-attachment":"scroll","background-type":"","background-media":"","overlay-type":"","overlay-color":"","overlay-opacity":"","overlay-gradient":""},"tablet":{"background-color":"","background-image":"","background-repeat":"repeat","background-position":"center center","background-size":"auto","background-attachment":"scroll","background-type":"","background-media":"","overlay-type":"","overlay-color":"","overlay-opacity":"","overlay-gradient":""},"mobile":{"background-color":"","background-image":"","background-repeat":"repeat","background-position":"center center","background-size":"auto","background-attachment":"scroll","background-type":"","background-media":"","overlay-type":"","overlay-color":"","overlay-opacity":"","overlay-gradient":""}},"ast-content-background-meta":{"desktop":{"background-color":"var(--ast-global-color-5)","background-image":"","background-repeat":"repeat","background-position":"center center","background-size":"auto","background-attachment":"scroll","background-type":"","background-media":"","overlay-type":"","overlay-color":"","overlay-opacity":"","overlay-gradient":""},"tablet":{"background-color":"var(--ast-global-color-5)","background-image":"","background-repeat":"repeat","background-position":"center center","background-size":"auto","background-attachment":"scroll","background-type":"","background-media":"","overlay-type":"","overlay-color":"","overlay-opacity":"","overlay-gradient":""},"mobile":{"background-color":"var(--ast-global-color-5)","background-image":"","background-repeat":"repeat","background-position":"center center","background-size":"auto","background-attachment":"scroll","background-type":"","background-media":"","overlay-type":"","overlay-color":"","overlay-opacity":"","overlay-gradient":""}}},"product_brand":[],"product_cat":[267],"product_tag":[],"class_list":{"0":"post-11534","1":"product","2":"type-product","3":"status-publish","4":"has-post-thumbnail","6":"product_cat-headshop-es","7":"desktop-align-left","8":"tablet-align-center","9":"mobile-align-left","10":"ast-product-gallery-layout-vertical","11":"ast-magnify-disabled","12":"ast-product-tabs-layout-horizontal","14":"first","15":"instock","16":"taxable","17":"shipping-taxable","18":"purchasable","19":"product-type-simple"},"yoast_head":"<!-- This site is optimized with the Yoast SEO Premium plugin v27.2 (Yoast SEO v27.4) - https:\/\/yoast.com\/product\/yoast-seo-premium-wordpress\/ -->\n<title>Blunt - Purple Gelato Infusionado Sabor Cannabis - Purple Wave - Juicy Jay&#039;s - x 2 Blunt - Blumiz - Premium CBD<\/title>\n<meta name=\"description\" content=\"Blunt - Purple Gelato Infusionado Sabor Cannabis - Purple Wave - Juicy Jay&#039;s - x 2 Blunt - Blumiz - Premium CBD\" \/>\n<meta name=\"robots\" content=\"index, follow, max-snippet:-1, max-image-preview:large, max-video-preview:-1\" \/>\n<link rel=\"canonical\" href=\"https:\/\/blumiz.com\/es\/producto\/blunt-juicy-jays-infused-purple-gelato-cannabis-flavour-blunt-x2\/\" \/>\n<meta property=\"og:locale\" content=\"es_ES\" \/>\n<meta property=\"og:type\" content=\"article\" \/>\n<meta property=\"og:title\" content=\"Blunt - Purple Gelato Infusionado Sabor Cannabis - Purple Wave - Juicy Jay&#039;s - x 2 Blunt\" \/>\n<meta property=\"og:description\" content=\"Blunt - Purple Gelato Infusionado Sabor Cannabis - Purple Wave - Juicy Jay&#039;s - x 2 Blunt Blumiz - Premium CBD\" \/>\n<meta property=\"og:url\" content=\"https:\/\/blumiz.com\/es\/producto\/blunt-juicy-jays-infused-purple-gelato-cannabis-flavour-blunt-x2\/\" \/>\n<meta property=\"og:site_name\" content=\"Blumiz - Premium CBD\" \/>\n<meta property=\"article:modified_time\" content=\"2025-08-11T16:55:06+00:00\" \/>\n<meta property=\"og:image\" content=\"https:\/\/blumiz.com\/wp-content\/uploads\/2022\/09\/Juicy-Jays-Hemp-Wraps-Purple-Wave-Purple-Gelato-mit-angereicherten-Terpenen-25-Stu\u0308ckDisplay.webp\" \/>\n\t<meta property=\"og:image:width\" content=\"600\" \/>\n\t<meta property=\"og:image:height\" content=\"600\" \/>\n\t<meta property=\"og:image:type\" content=\"image\/webp\" \/>\n<meta name=\"twitter:card\" content=\"summary_large_image\" \/>\n<meta name=\"twitter:label1\" content=\"Precio\" \/>\n\t<meta name=\"twitter:data1\" content=\"1,90&nbsp;&euro;\" \/>\n\t<meta name=\"twitter:label2\" content=\"Disponibilidad\" \/>\n\t<meta name=\"twitter:data2\" content=\"Disponible\" \/>\n<script type=\"application\/ld+json\" class=\"yoast-schema-graph\">{\"@context\":\"https:\\\/\\\/schema.org\",\"@graph\":[{\"@type\":\"WebPage\",\"@id\":\"https:\\\/\\\/blumiz.com\\\/es\\\/producto\\\/blunt-juicy-jays-infused-purple-gelato-cannabis-flavour-blunt-x2\\\/\",\"url\":\"https:\\\/\\\/blumiz.com\\\/es\\\/producto\\\/blunt-juicy-jays-infused-purple-gelato-cannabis-flavour-blunt-x2\\\/\",\"name\":\"Blunt - Purple Gelato Infusionado Sabor Cannabis - Purple Wave - Juicy Jay's - x 2 Blunt - Blumiz - Premium CBD\",\"isPartOf\":{\"@id\":\"https:\\\/\\\/blumiz.com\\\/es\\\/#website\"},\"primaryImageOfPage\":{\"@id\":\"https:\\\/\\\/blumiz.com\\\/es\\\/producto\\\/blunt-juicy-jays-infused-purple-gelato-cannabis-flavour-blunt-x2\\\/#primaryimage\"},\"image\":{\"@id\":\"https:\\\/\\\/blumiz.com\\\/es\\\/producto\\\/blunt-juicy-jays-infused-purple-gelato-cannabis-flavour-blunt-x2\\\/#primaryimage\"},\"thumbnailUrl\":\"https:\\\/\\\/blumiz.com\\\/wp-content\\\/uploads\\\/2022\\\/09\\\/Juicy-Jays-Hemp-Wraps-Purple-Wave-Purple-Gelato-mit-angereicherten-Terpenen-25-Stu\u0308ckDisplay.webp\",\"datePublished\":\"2022-09-07T07:12:41+00:00\",\"dateModified\":\"2025-08-11T16:55:06+00:00\",\"description\":\"Blunt - Purple Gelato Infusionado Sabor Cannabis - Purple Wave - Juicy Jay's - x 2 Blunt - Blumiz - Premium CBD\",\"breadcrumb\":{\"@id\":\"https:\\\/\\\/blumiz.com\\\/es\\\/producto\\\/blunt-juicy-jays-infused-purple-gelato-cannabis-flavour-blunt-x2\\\/#breadcrumb\"},\"inLanguage\":\"es\",\"potentialAction\":[{\"@type\":\"ReadAction\",\"target\":[\"https:\\\/\\\/blumiz.com\\\/es\\\/producto\\\/blunt-juicy-jays-infused-purple-gelato-cannabis-flavour-blunt-x2\\\/\"]}]},{\"@type\":\"ImageObject\",\"inLanguage\":\"es\",\"@id\":\"https:\\\/\\\/blumiz.com\\\/es\\\/producto\\\/blunt-juicy-jays-infused-purple-gelato-cannabis-flavour-blunt-x2\\\/#primaryimage\",\"url\":\"https:\\\/\\\/blumiz.com\\\/wp-content\\\/uploads\\\/2022\\\/09\\\/Juicy-Jays-Hemp-Wraps-Purple-Wave-Purple-Gelato-mit-angereicherten-Terpenen-25-Stu\u0308ckDisplay.webp\",\"contentUrl\":\"https:\\\/\\\/blumiz.com\\\/wp-content\\\/uploads\\\/2022\\\/09\\\/Juicy-Jays-Hemp-Wraps-Purple-Wave-Purple-Gelato-mit-angereicherten-Terpenen-25-Stu\u0308ckDisplay.webp\",\"width\":600,\"height\":600},{\"@type\":\"BreadcrumbList\",\"@id\":\"https:\\\/\\\/blumiz.com\\\/es\\\/producto\\\/blunt-juicy-jays-infused-purple-gelato-cannabis-flavour-blunt-x2\\\/#breadcrumb\",\"itemListElement\":[{\"@type\":\"ListItem\",\"position\":1,\"name\":\"Blumiz\",\"item\":\"https:\\\/\\\/blumiz.com\\\/es\\\/\"},{\"@type\":\"ListItem\",\"position\":2,\"name\":\"CBD Shop\",\"item\":\"https:\\\/\\\/blumiz.com\\\/es\\\/tienda\\\/\"},{\"@type\":\"ListItem\",\"position\":3,\"name\":\"HeadShop\",\"item\":\"https:\\\/\\\/blumiz.com\\\/es\\\/category\\\/headshop-es\\\/\"},{\"@type\":\"ListItem\",\"position\":4,\"name\":\"Blunt &#8211; Purple Gelato Infusionado Sabor Cannabis &#8211; Purple Wave &#8211; Juicy Jay&#8217;s &#8211; x 2 Blunt\"}]},{\"@type\":\"WebSite\",\"@id\":\"https:\\\/\\\/blumiz.com\\\/es\\\/#website\",\"url\":\"https:\\\/\\\/blumiz.com\\\/es\\\/\",\"name\":\"Blumiz - Premium CBD\",\"description\":\"Un CBD al mejor precio y de calidad superior\",\"publisher\":{\"@id\":\"https:\\\/\\\/blumiz.com\\\/es\\\/#organization\"},\"alternateName\":\"Blumiz\",\"potentialAction\":[{\"@type\":\"SearchAction\",\"target\":{\"@type\":\"EntryPoint\",\"urlTemplate\":\"https:\\\/\\\/blumiz.com\\\/es\\\/?s={search_term_string}\"},\"query-input\":{\"@type\":\"PropertyValueSpecification\",\"valueRequired\":true,\"valueName\":\"search_term_string\"}}],\"inLanguage\":\"es\"},{\"@type\":\"Organization\",\"@id\":\"https:\\\/\\\/blumiz.com\\\/es\\\/#organization\",\"name\":\"Blumiz CBD\",\"alternateName\":\"Blumiz\",\"url\":\"https:\\\/\\\/blumiz.com\\\/es\\\/\",\"logo\":{\"@type\":\"ImageObject\",\"inLanguage\":\"es\",\"@id\":\"https:\\\/\\\/blumiz.com\\\/es\\\/#\\\/schema\\\/logo\\\/image\\\/\",\"url\":\"https:\\\/\\\/blumiz.com\\\/wp-content\\\/uploads\\\/2026\\\/02\\\/cropped-Blumiz-CBD-logo.webp\",\"contentUrl\":\"https:\\\/\\\/blumiz.com\\\/wp-content\\\/uploads\\\/2026\\\/02\\\/cropped-Blumiz-CBD-logo.webp\",\"width\":2547,\"height\":778,\"caption\":\"Blumiz CBD\"},\"image\":{\"@id\":\"https:\\\/\\\/blumiz.com\\\/es\\\/#\\\/schema\\\/logo\\\/image\\\/\"}}]}<\/script>\n<meta property=\"product:price:amount\" content=\"1.90\" \/>\n<meta property=\"product:price:currency\" content=\"EUR\" \/>\n<meta property=\"og:availability\" content=\"instock\" \/>\n<meta property=\"product:availability\" content=\"instock\" \/>\n<meta property=\"product:retailer_item_id\" content=\"6955\" \/>\n<meta property=\"product:condition\" content=\"new\" \/>\n<!-- \/ Yoast SEO Premium plugin. -->","yoast_head_json":{"title":"Blunt - Purple Gelato Infusionado Sabor Cannabis - Purple Wave - Juicy Jay's - x 2 Blunt - Blumiz - Premium CBD","description":"Blunt - Purple Gelato Infusionado Sabor Cannabis - Purple Wave - Juicy Jay's - x 2 Blunt - Blumiz - Premium CBD","robots":{"index":"index","follow":"follow","max-snippet":"max-snippet:-1","max-image-preview":"max-image-preview:large","max-video-preview":"max-video-preview:-1"},"canonical":"https:\/\/blumiz.com\/es\/producto\/blunt-juicy-jays-infused-purple-gelato-cannabis-flavour-blunt-x2\/","og_locale":"es_ES","og_type":"article","og_title":"Blunt - Purple Gelato Infusionado Sabor Cannabis - Purple Wave - Juicy Jay's - x 2 Blunt","og_description":"Blunt - Purple Gelato Infusionado Sabor Cannabis - Purple Wave - Juicy Jay's - x 2 Blunt Blumiz - Premium CBD","og_url":"https:\/\/blumiz.com\/es\/producto\/blunt-juicy-jays-infused-purple-gelato-cannabis-flavour-blunt-x2\/","og_site_name":"Blumiz - Premium CBD","article_modified_time":"2025-08-11T16:55:06+00:00","og_image":[{"width":600,"height":600,"url":"https:\/\/blumiz.com\/wp-content\/uploads\/2022\/09\/Juicy-Jays-Hemp-Wraps-Purple-Wave-Purple-Gelato-mit-angereicherten-Terpenen-25-Stu\u0308ckDisplay.webp","type":"image\/webp"}],"twitter_card":"summary_large_image","twitter_misc":{"Precio":"1,90&nbsp;&euro;","Disponibilidad":"Disponible"},"schema":{"@context":"https:\/\/schema.org","@graph":[{"@type":"WebPage","@id":"https:\/\/blumiz.com\/es\/producto\/blunt-juicy-jays-infused-purple-gelato-cannabis-flavour-blunt-x2\/","url":"https:\/\/blumiz.com\/es\/producto\/blunt-juicy-jays-infused-purple-gelato-cannabis-flavour-blunt-x2\/","name":"Blunt - Purple Gelato Infusionado Sabor Cannabis - Purple Wave - Juicy Jay's - x 2 Blunt - Blumiz - Premium CBD","isPartOf":{"@id":"https:\/\/blumiz.com\/es\/#website"},"primaryImageOfPage":{"@id":"https:\/\/blumiz.com\/es\/producto\/blunt-juicy-jays-infused-purple-gelato-cannabis-flavour-blunt-x2\/#primaryimage"},"image":{"@id":"https:\/\/blumiz.com\/es\/producto\/blunt-juicy-jays-infused-purple-gelato-cannabis-flavour-blunt-x2\/#primaryimage"},"thumbnailUrl":"https:\/\/blumiz.com\/wp-content\/uploads\/2022\/09\/Juicy-Jays-Hemp-Wraps-Purple-Wave-Purple-Gelato-mit-angereicherten-Terpenen-25-Stu\u0308ckDisplay.webp","datePublished":"2022-09-07T07:12:41+00:00","dateModified":"2025-08-11T16:55:06+00:00","description":"Blunt - Purple Gelato Infusionado Sabor Cannabis - Purple Wave - Juicy Jay's - x 2 Blunt - Blumiz - Premium CBD","breadcrumb":{"@id":"https:\/\/blumiz.com\/es\/producto\/blunt-juicy-jays-infused-purple-gelato-cannabis-flavour-blunt-x2\/#breadcrumb"},"inLanguage":"es","potentialAction":[{"@type":"ReadAction","target":["https:\/\/blumiz.com\/es\/producto\/blunt-juicy-jays-infused-purple-gelato-cannabis-flavour-blunt-x2\/"]}]},{"@type":"ImageObject","inLanguage":"es","@id":"https:\/\/blumiz.com\/es\/producto\/blunt-juicy-jays-infused-purple-gelato-cannabis-flavour-blunt-x2\/#primaryimage","url":"https:\/\/blumiz.com\/wp-content\/uploads\/2022\/09\/Juicy-Jays-Hemp-Wraps-Purple-Wave-Purple-Gelato-mit-angereicherten-Terpenen-25-Stu\u0308ckDisplay.webp","contentUrl":"https:\/\/blumiz.com\/wp-content\/uploads\/2022\/09\/Juicy-Jays-Hemp-Wraps-Purple-Wave-Purple-Gelato-mit-angereicherten-Terpenen-25-Stu\u0308ckDisplay.webp","width":600,"height":600},{"@type":"BreadcrumbList","@id":"https:\/\/blumiz.com\/es\/producto\/blunt-juicy-jays-infused-purple-gelato-cannabis-flavour-blunt-x2\/#breadcrumb","itemListElement":[{"@type":"ListItem","position":1,"name":"Blumiz","item":"https:\/\/blumiz.com\/es\/"},{"@type":"ListItem","position":2,"name":"CBD Shop","item":"https:\/\/blumiz.com\/es\/tienda\/"},{"@type":"ListItem","position":3,"name":"HeadShop","item":"https:\/\/blumiz.com\/es\/category\/headshop-es\/"},{"@type":"ListItem","position":4,"name":"Blunt &#8211; Purple Gelato Infusionado Sabor Cannabis &#8211; Purple Wave &#8211; Juicy Jay&#8217;s &#8211; x 2 Blunt"}]},{"@type":"WebSite","@id":"https:\/\/blumiz.com\/es\/#website","url":"https:\/\/blumiz.com\/es\/","name":"Blumiz - Premium CBD","description":"Un CBD al mejor precio y de calidad superior","publisher":{"@id":"https:\/\/blumiz.com\/es\/#organization"},"alternateName":"Blumiz","potentialAction":[{"@type":"SearchAction","target":{"@type":"EntryPoint","urlTemplate":"https:\/\/blumiz.com\/es\/?s={search_term_string}"},"query-input":{"@type":"PropertyValueSpecification","valueRequired":true,"valueName":"search_term_string"}}],"inLanguage":"es"},{"@type":"Organization","@id":"https:\/\/blumiz.com\/es\/#organization","name":"Blumiz CBD","alternateName":"Blumiz","url":"https:\/\/blumiz.com\/es\/","logo":{"@type":"ImageObject","inLanguage":"es","@id":"https:\/\/blumiz.com\/es\/#\/schema\/logo\/image\/","url":"https:\/\/blumiz.com\/wp-content\/uploads\/2026\/02\/cropped-Blumiz-CBD-logo.webp","contentUrl":"https:\/\/blumiz.com\/wp-content\/uploads\/2026\/02\/cropped-Blumiz-CBD-logo.webp","width":2547,"height":778,"caption":"Blumiz CBD"},"image":{"@id":"https:\/\/blumiz.com\/es\/#\/schema\/logo\/image\/"}}]},"product_price_amount":"1.90","product_price_currency":"EUR","og_availability":"instock","product_availability":"instock","product_retailer_item_id":"6955","product_condition":"new"},"_links":{"self":[{"href":"https:\/\/blumiz.com\/es\/wp-json\/wp\/v2\/product\/11534","targetHints":{"allow":["GET"]}}],"collection":[{"href":"https:\/\/blumiz.com\/es\/wp-json\/wp\/v2\/product"}],"about":[{"href":"https:\/\/blumiz.com\/es\/wp-json\/wp\/v2\/types\/product"}],"replies":[{"embeddable":true,"href":"https:\/\/blumiz.com\/es\/wp-json\/wp\/v2\/comments?post=11534"}],"version-history":[{"count":0,"href":"https:\/\/blumiz.com\/es\/wp-json\/wp\/v2\/product\/11534\/revisions"}],"wp:featuredmedia":[{"embeddable":true,"href":"https:\/\/blumiz.com\/es\/wp-json\/wp\/v2\/media\/10466"}],"wp:attachment":[{"href":"https:\/\/blumiz.com\/es\/wp-json\/wp\/v2\/media?parent=11534"}],"wp:term":[{"taxonomy":"product_brand","embeddable":true,"href":"https:\/\/blumiz.com\/es\/wp-json\/wp\/v2\/product_brand?post=11534"},{"taxonomy":"product_cat","embeddable":true,"href":"https:\/\/blumiz.com\/es\/wp-json\/wp\/v2\/product_cat?post=11534"},{"taxonomy":"product_tag","embeddable":true,"href":"https:\/\/blumiz.com\/es\/wp-json\/wp\/v2\/product_tag?post=11534"}],"curies":[{"name":"wp","href":"https:\/\/api.w.org\/{rel}","templated":true}]}}