{"id":11537,"date":"2022-09-07T08:04:02","date_gmt":"2022-09-07T07:04:02","guid":{"rendered":"https:\/\/blumiz.com\/produkt\/blunt-juicy-jays-sabor-tropical-cannabis-x-2-blunt\/"},"modified":"2025-08-11T17:55:10","modified_gmt":"2025-08-11T16:55:10","slug":"blunt-juicy-jays-tropical-cannabis-flavour-x-2-blunt","status":"publish","type":"product","link":"https:\/\/blumiz.com\/es\/producto\/blunt-juicy-jays-tropical-cannabis-flavour-x-2-blunt\/","title":{"rendered":"Blunt &#8211; Sabor Tropical Cannabis &#8211; Tropical &#8211; Juicy Jay&#8217;s &#8211; x 2 Blunt"},"content":{"rendered":"<h2>Descripci\u00f3n Blunt &#8211; Tropical Cannabis Flavour &#8211; Tropical &#8211; Juicy Jay&#8217;s &#8211; x 2 Blunt<\/h2>\n<p>Juicy Jay&#8217;s Hemp Wraps Blunt Tropical ya era mundialmente conocido por sus sabrosos wraps, \u00a1pero ahora han ido m\u00e1s all\u00e1! Este proceso secreto de intensificaci\u00f3n se lleva a cabo en la Rep\u00fablica Dominicana en condiciones ideales de tabaco para garantizar que las envolturas Juicy Jay se mantengan h\u00famedas y deliciosas (a diferencia de otras envolturas secas). Las envolturas de c\u00e1\u00f1amo Jay&#8217;s Blunt Tropical son ricas en sabor e ideales para una experiencia fresca de fumar puros. Gracias a su exclusivo m\u00e9todo de sabor de triple inmersi\u00f3n, estos envoltorios de combusti\u00f3n lenta procedentes de la Rep\u00fablica Dominicana ofrecen sin duda una explosi\u00f3n de sabor. El puro doble h\u00famedo Tropical Passion Juicy se presenta en una bolsa de aluminio resellable.<\/p>\n<p>Juicy Jay vende una gran variedad de papeles de fumar aromatizados, rollos y picadura de puros. Los blunts aromatizados de Jay no son m\u00e1s que una peque\u00f1a bestia que puede llevarte a un viaje loco. Los Juicy Jay Hemp Cigar Blunts tienen diferentes sabores que cada fumador huele y saborea de forma diferente. Para los que quieren dejar de fumar, estos blunts est\u00e1n hechos de c\u00e1\u00f1amo org\u00e1nico y no contienen ni tabaco ni nicotina.<\/p>\n<p>Caracter\u00edsticas esenciales del producto<\/p>\n<p>Envolturas por paquete: 2 envolturas de c\u00e1\u00f1amo puro para disfrutar del humo. Sabor: El Juicy Jay Tropical Wrap ofrece una extra\u00f1a combinaci\u00f3n de sabores que te sorprender\u00e1, ya que cada persona que lo huele obtiene su propia esencia. El sabor de estos blunts mejora la experiencia de fumar a la vez que estimula el sentido del olfato. Con cada calada, el sabor deja un regusto agradable.<br \/>\nJuicy Jay tiene una forma estupenda de hacer que sus envoltorios de humo Blunt sean jugosos y deliciosos. Estos blunts para fumar se fabrican con un sistema de aromatizaci\u00f3n de triple inmersi\u00f3n. Cada papel de fumar despuntado se sumerge y empapa para impartir sabor a una experiencia de fumada inolvidable.<\/p>\n<p>Fabricado con c\u00e1\u00f1amo puro: Juicy Jay fabrica todos sus papeles de fumar y papeles de despuntar con fibras naturales respetuosas con el medio ambiente. Cada Juicy Hemp Wrap Blunt est\u00e1 hecho de c\u00e1\u00f1amo puro y proporciona una excelente experiencia de fumar para cada usuario. Goma de az\u00facar natural: La tira de goma del papel para envolver los canutos aromatizados procede naturalmente de las plantas.<br \/>\nSe quema lenta y uniformemente: Como los canutos de puro son m\u00e1s gruesos que el papel de fumar y tienen una textura \u00e1spera por todas partes, se queman lenta y uniformemente, dando a los fumadores mucho tiempo para disfrutar y completar el canuto. Envase con cierre herm\u00e9tico: El envase contiene dos canutos que se pueden cerrar herm\u00e9ticamente una vez abiertos en el envase con cierre herm\u00e9tico. Esta bolsa con cremallera ayuda a conservar la frescura y el sabor del canuto izquierdo.<\/p>\n","protected":false},"excerpt":{"rendered":"<h2>Pack de 2 blunts de c\u00e1\u00f1amo sabor Juicy Tropical Passion de la marca:<\/h2>\n<p>Disfruta de toda la intensidad de su aroma a fruta de la pasi\u00f3n gracias a su bolsita herm\u00e9tica y resellable. F\u00e1ciles de enrollar, son pegajosas.<\/p>\n<p>Ropa de cama King-size. No contiene TABAC<\/p>\n<p>&nbsp;<\/p>\n","protected":false},"featured_media":10465,"comment_status":"open","ping_status":"closed","template":"","meta":{"site-sidebar-layout":"default","site-content-layout":"default","ast-site-content-layout":"default","site-content-style":"default","site-sidebar-style":"default","ast-global-header-display":"","ast-banner-title-visibility":"","ast-main-header-display":"","ast-hfb-above-header-display":"","ast-hfb-below-header-display":"","ast-hfb-mobile-header-display":"","site-post-title":"","ast-breadcrumbs-content":"","ast-featured-img":"","footer-sml-layout":"","ast-disable-related-posts":"","theme-transparent-header-meta":"default","adv-header-id-meta":"","stick-header-meta":"default","header-above-stick-meta":"","header-main-stick-meta":"","header-below-stick-meta":"","astra-migrate-meta-layouts":"default","ast-page-background-enabled":"default","ast-page-background-meta":{"desktop":{"background-color":"","background-image":"","background-repeat":"repeat","background-position":"center center","background-size":"auto","background-attachment":"scroll","background-type":"","background-media":"","overlay-type":"","overlay-color":"","overlay-opacity":"","overlay-gradient":""},"tablet":{"background-color":"","background-image":"","background-repeat":"repeat","background-position":"center center","background-size":"auto","background-attachment":"scroll","background-type":"","background-media":"","overlay-type":"","overlay-color":"","overlay-opacity":"","overlay-gradient":""},"mobile":{"background-color":"","background-image":"","background-repeat":"repeat","background-position":"center center","background-size":"auto","background-attachment":"scroll","background-type":"","background-media":"","overlay-type":"","overlay-color":"","overlay-opacity":"","overlay-gradient":""}},"ast-content-background-meta":{"desktop":{"background-color":"var(--ast-global-color-5)","background-image":"","background-repeat":"repeat","background-position":"center center","background-size":"auto","background-attachment":"scroll","background-type":"","background-media":"","overlay-type":"","overlay-color":"","overlay-opacity":"","overlay-gradient":""},"tablet":{"background-color":"var(--ast-global-color-5)","background-image":"","background-repeat":"repeat","background-position":"center center","background-size":"auto","background-attachment":"scroll","background-type":"","background-media":"","overlay-type":"","overlay-color":"","overlay-opacity":"","overlay-gradient":""},"mobile":{"background-color":"var(--ast-global-color-5)","background-image":"","background-repeat":"repeat","background-position":"center center","background-size":"auto","background-attachment":"scroll","background-type":"","background-media":"","overlay-type":"","overlay-color":"","overlay-opacity":"","overlay-gradient":""}}},"product_brand":[],"product_cat":[267],"product_tag":[],"class_list":{"0":"post-11537","1":"product","2":"type-product","3":"status-publish","4":"has-post-thumbnail","6":"product_cat-headshop-es","7":"desktop-align-left","8":"tablet-align-center","9":"mobile-align-left","10":"ast-product-gallery-layout-vertical","11":"ast-magnify-disabled","12":"ast-product-tabs-layout-horizontal","14":"first","15":"instock","16":"taxable","17":"shipping-taxable","18":"purchasable","19":"product-type-simple"},"yoast_head":"<!-- This site is optimized with the Yoast SEO Premium plugin v27.2 (Yoast SEO v27.4) - https:\/\/yoast.com\/product\/yoast-seo-premium-wordpress\/ -->\n<title>Blunt - Sabor Tropical Cannabis - Tropical - Juicy Jay&#039;s - x 2 Blunt<\/title>\n<meta name=\"description\" content=\"Blunt - Sabor Tropical Cannabis - Tropical - Juicy Jay&#039;s - x 2 Blunt - Blumiz - Premium CBD Headshop, entrega r\u00e1pida y mejor precio\" \/>\n<meta name=\"robots\" content=\"index, follow, max-snippet:-1, max-image-preview:large, max-video-preview:-1\" \/>\n<link rel=\"canonical\" href=\"https:\/\/blumiz.com\/es\/producto\/blunt-juicy-jays-tropical-cannabis-flavour-x-2-blunt\/\" \/>\n<meta property=\"og:locale\" content=\"es_ES\" \/>\n<meta property=\"og:type\" content=\"article\" \/>\n<meta property=\"og:title\" content=\"Blunt - Sabor Tropical Cannabis - Tropical - Juicy Jay&#039;s - x 2 Blunt\" \/>\n<meta property=\"og:description\" content=\"Blunt - Sabor Tropical Cannabis - Tropical - Juicy Jay&#039;s - x 2 Blunt Blumiz - Premium CBD\" \/>\n<meta property=\"og:url\" content=\"https:\/\/blumiz.com\/es\/producto\/blunt-juicy-jays-tropical-cannabis-flavour-x-2-blunt\/\" \/>\n<meta property=\"og:site_name\" content=\"Blumiz - Premium CBD\" \/>\n<meta property=\"article:modified_time\" content=\"2025-08-11T16:55:10+00:00\" \/>\n<meta property=\"og:image\" content=\"https:\/\/blumiz.com\/wp-content\/uploads\/2022\/09\/Juicy-Jays-Hemp-Wraps-Blunt-Tropical-Cannabisgeschmack-Tropical-Passion.webp\" \/>\n\t<meta property=\"og:image:width\" content=\"600\" \/>\n\t<meta property=\"og:image:height\" content=\"600\" \/>\n\t<meta property=\"og:image:type\" content=\"image\/webp\" \/>\n<meta name=\"twitter:card\" content=\"summary_large_image\" \/>\n<meta name=\"twitter:label1\" content=\"Precio\" \/>\n\t<meta name=\"twitter:data1\" content=\"1,90&nbsp;&euro;\" \/>\n\t<meta name=\"twitter:label2\" content=\"Disponibilidad\" \/>\n\t<meta name=\"twitter:data2\" content=\"Disponible\" \/>\n<script type=\"application\/ld+json\" class=\"yoast-schema-graph\">{\"@context\":\"https:\\\/\\\/schema.org\",\"@graph\":[{\"@type\":\"WebPage\",\"@id\":\"https:\\\/\\\/blumiz.com\\\/es\\\/producto\\\/blunt-juicy-jays-tropical-cannabis-flavour-x-2-blunt\\\/\",\"url\":\"https:\\\/\\\/blumiz.com\\\/es\\\/producto\\\/blunt-juicy-jays-tropical-cannabis-flavour-x-2-blunt\\\/\",\"name\":\"Blunt - Sabor Tropical Cannabis - Tropical - Juicy Jay's - x 2 Blunt\",\"isPartOf\":{\"@id\":\"https:\\\/\\\/blumiz.com\\\/es\\\/#website\"},\"primaryImageOfPage\":{\"@id\":\"https:\\\/\\\/blumiz.com\\\/es\\\/producto\\\/blunt-juicy-jays-tropical-cannabis-flavour-x-2-blunt\\\/#primaryimage\"},\"image\":{\"@id\":\"https:\\\/\\\/blumiz.com\\\/es\\\/producto\\\/blunt-juicy-jays-tropical-cannabis-flavour-x-2-blunt\\\/#primaryimage\"},\"thumbnailUrl\":\"https:\\\/\\\/blumiz.com\\\/wp-content\\\/uploads\\\/2022\\\/09\\\/Juicy-Jays-Hemp-Wraps-Blunt-Tropical-Cannabisgeschmack-Tropical-Passion.webp\",\"datePublished\":\"2022-09-07T07:04:02+00:00\",\"dateModified\":\"2025-08-11T16:55:10+00:00\",\"description\":\"Blunt - Sabor Tropical Cannabis - Tropical - Juicy Jay's - x 2 Blunt - Blumiz - Premium CBD Headshop, entrega r\u00e1pida y mejor precio\",\"breadcrumb\":{\"@id\":\"https:\\\/\\\/blumiz.com\\\/es\\\/producto\\\/blunt-juicy-jays-tropical-cannabis-flavour-x-2-blunt\\\/#breadcrumb\"},\"inLanguage\":\"es\",\"potentialAction\":[{\"@type\":\"ReadAction\",\"target\":[\"https:\\\/\\\/blumiz.com\\\/es\\\/producto\\\/blunt-juicy-jays-tropical-cannabis-flavour-x-2-blunt\\\/\"]}]},{\"@type\":\"ImageObject\",\"inLanguage\":\"es\",\"@id\":\"https:\\\/\\\/blumiz.com\\\/es\\\/producto\\\/blunt-juicy-jays-tropical-cannabis-flavour-x-2-blunt\\\/#primaryimage\",\"url\":\"https:\\\/\\\/blumiz.com\\\/wp-content\\\/uploads\\\/2022\\\/09\\\/Juicy-Jays-Hemp-Wraps-Blunt-Tropical-Cannabisgeschmack-Tropical-Passion.webp\",\"contentUrl\":\"https:\\\/\\\/blumiz.com\\\/wp-content\\\/uploads\\\/2022\\\/09\\\/Juicy-Jays-Hemp-Wraps-Blunt-Tropical-Cannabisgeschmack-Tropical-Passion.webp\",\"width\":600,\"height\":600},{\"@type\":\"BreadcrumbList\",\"@id\":\"https:\\\/\\\/blumiz.com\\\/es\\\/producto\\\/blunt-juicy-jays-tropical-cannabis-flavour-x-2-blunt\\\/#breadcrumb\",\"itemListElement\":[{\"@type\":\"ListItem\",\"position\":1,\"name\":\"Blumiz\",\"item\":\"https:\\\/\\\/blumiz.com\\\/es\\\/\"},{\"@type\":\"ListItem\",\"position\":2,\"name\":\"CBD Shop\",\"item\":\"https:\\\/\\\/blumiz.com\\\/es\\\/tienda\\\/\"},{\"@type\":\"ListItem\",\"position\":3,\"name\":\"HeadShop\",\"item\":\"https:\\\/\\\/blumiz.com\\\/es\\\/category\\\/headshop-es\\\/\"},{\"@type\":\"ListItem\",\"position\":4,\"name\":\"Blunt &#8211; Sabor Tropical Cannabis &#8211; Tropical &#8211; Juicy Jay&#8217;s &#8211; x 2 Blunt\"}]},{\"@type\":\"WebSite\",\"@id\":\"https:\\\/\\\/blumiz.com\\\/es\\\/#website\",\"url\":\"https:\\\/\\\/blumiz.com\\\/es\\\/\",\"name\":\"Blumiz - Premium CBD\",\"description\":\"Un CBD al mejor precio y de calidad superior\",\"publisher\":{\"@id\":\"https:\\\/\\\/blumiz.com\\\/es\\\/#organization\"},\"alternateName\":\"Blumiz\",\"potentialAction\":[{\"@type\":\"SearchAction\",\"target\":{\"@type\":\"EntryPoint\",\"urlTemplate\":\"https:\\\/\\\/blumiz.com\\\/es\\\/?s={search_term_string}\"},\"query-input\":{\"@type\":\"PropertyValueSpecification\",\"valueRequired\":true,\"valueName\":\"search_term_string\"}}],\"inLanguage\":\"es\"},{\"@type\":\"Organization\",\"@id\":\"https:\\\/\\\/blumiz.com\\\/es\\\/#organization\",\"name\":\"Blumiz CBD\",\"alternateName\":\"Blumiz\",\"url\":\"https:\\\/\\\/blumiz.com\\\/es\\\/\",\"logo\":{\"@type\":\"ImageObject\",\"inLanguage\":\"es\",\"@id\":\"https:\\\/\\\/blumiz.com\\\/es\\\/#\\\/schema\\\/logo\\\/image\\\/\",\"url\":\"https:\\\/\\\/blumiz.com\\\/wp-content\\\/uploads\\\/2026\\\/02\\\/cropped-Blumiz-CBD-logo.webp\",\"contentUrl\":\"https:\\\/\\\/blumiz.com\\\/wp-content\\\/uploads\\\/2026\\\/02\\\/cropped-Blumiz-CBD-logo.webp\",\"width\":2547,\"height\":778,\"caption\":\"Blumiz CBD\"},\"image\":{\"@id\":\"https:\\\/\\\/blumiz.com\\\/es\\\/#\\\/schema\\\/logo\\\/image\\\/\"}}]}<\/script>\n<meta property=\"product:price:amount\" content=\"1.90\" \/>\n<meta property=\"product:price:currency\" content=\"EUR\" \/>\n<meta property=\"og:availability\" content=\"instock\" \/>\n<meta property=\"product:availability\" content=\"instock\" \/>\n<meta property=\"product:retailer_item_id\" content=\"676978\" \/>\n<meta property=\"product:condition\" content=\"new\" \/>\n<!-- \/ Yoast SEO Premium plugin. -->","yoast_head_json":{"title":"Blunt - Sabor Tropical Cannabis - Tropical - Juicy Jay's - x 2 Blunt","description":"Blunt - Sabor Tropical Cannabis - Tropical - Juicy Jay's - x 2 Blunt - Blumiz - Premium CBD Headshop, entrega r\u00e1pida y mejor precio","robots":{"index":"index","follow":"follow","max-snippet":"max-snippet:-1","max-image-preview":"max-image-preview:large","max-video-preview":"max-video-preview:-1"},"canonical":"https:\/\/blumiz.com\/es\/producto\/blunt-juicy-jays-tropical-cannabis-flavour-x-2-blunt\/","og_locale":"es_ES","og_type":"article","og_title":"Blunt - Sabor Tropical Cannabis - Tropical - Juicy Jay's - x 2 Blunt","og_description":"Blunt - Sabor Tropical Cannabis - Tropical - Juicy Jay's - x 2 Blunt Blumiz - Premium CBD","og_url":"https:\/\/blumiz.com\/es\/producto\/blunt-juicy-jays-tropical-cannabis-flavour-x-2-blunt\/","og_site_name":"Blumiz - Premium CBD","article_modified_time":"2025-08-11T16:55:10+00:00","og_image":[{"width":600,"height":600,"url":"https:\/\/blumiz.com\/wp-content\/uploads\/2022\/09\/Juicy-Jays-Hemp-Wraps-Blunt-Tropical-Cannabisgeschmack-Tropical-Passion.webp","type":"image\/webp"}],"twitter_card":"summary_large_image","twitter_misc":{"Precio":"1,90&nbsp;&euro;","Disponibilidad":"Disponible"},"schema":{"@context":"https:\/\/schema.org","@graph":[{"@type":"WebPage","@id":"https:\/\/blumiz.com\/es\/producto\/blunt-juicy-jays-tropical-cannabis-flavour-x-2-blunt\/","url":"https:\/\/blumiz.com\/es\/producto\/blunt-juicy-jays-tropical-cannabis-flavour-x-2-blunt\/","name":"Blunt - Sabor Tropical Cannabis - Tropical - Juicy Jay's - x 2 Blunt","isPartOf":{"@id":"https:\/\/blumiz.com\/es\/#website"},"primaryImageOfPage":{"@id":"https:\/\/blumiz.com\/es\/producto\/blunt-juicy-jays-tropical-cannabis-flavour-x-2-blunt\/#primaryimage"},"image":{"@id":"https:\/\/blumiz.com\/es\/producto\/blunt-juicy-jays-tropical-cannabis-flavour-x-2-blunt\/#primaryimage"},"thumbnailUrl":"https:\/\/blumiz.com\/wp-content\/uploads\/2022\/09\/Juicy-Jays-Hemp-Wraps-Blunt-Tropical-Cannabisgeschmack-Tropical-Passion.webp","datePublished":"2022-09-07T07:04:02+00:00","dateModified":"2025-08-11T16:55:10+00:00","description":"Blunt - Sabor Tropical Cannabis - Tropical - Juicy Jay's - x 2 Blunt - Blumiz - Premium CBD Headshop, entrega r\u00e1pida y mejor precio","breadcrumb":{"@id":"https:\/\/blumiz.com\/es\/producto\/blunt-juicy-jays-tropical-cannabis-flavour-x-2-blunt\/#breadcrumb"},"inLanguage":"es","potentialAction":[{"@type":"ReadAction","target":["https:\/\/blumiz.com\/es\/producto\/blunt-juicy-jays-tropical-cannabis-flavour-x-2-blunt\/"]}]},{"@type":"ImageObject","inLanguage":"es","@id":"https:\/\/blumiz.com\/es\/producto\/blunt-juicy-jays-tropical-cannabis-flavour-x-2-blunt\/#primaryimage","url":"https:\/\/blumiz.com\/wp-content\/uploads\/2022\/09\/Juicy-Jays-Hemp-Wraps-Blunt-Tropical-Cannabisgeschmack-Tropical-Passion.webp","contentUrl":"https:\/\/blumiz.com\/wp-content\/uploads\/2022\/09\/Juicy-Jays-Hemp-Wraps-Blunt-Tropical-Cannabisgeschmack-Tropical-Passion.webp","width":600,"height":600},{"@type":"BreadcrumbList","@id":"https:\/\/blumiz.com\/es\/producto\/blunt-juicy-jays-tropical-cannabis-flavour-x-2-blunt\/#breadcrumb","itemListElement":[{"@type":"ListItem","position":1,"name":"Blumiz","item":"https:\/\/blumiz.com\/es\/"},{"@type":"ListItem","position":2,"name":"CBD Shop","item":"https:\/\/blumiz.com\/es\/tienda\/"},{"@type":"ListItem","position":3,"name":"HeadShop","item":"https:\/\/blumiz.com\/es\/category\/headshop-es\/"},{"@type":"ListItem","position":4,"name":"Blunt &#8211; Sabor Tropical Cannabis &#8211; Tropical &#8211; Juicy Jay&#8217;s &#8211; x 2 Blunt"}]},{"@type":"WebSite","@id":"https:\/\/blumiz.com\/es\/#website","url":"https:\/\/blumiz.com\/es\/","name":"Blumiz - Premium CBD","description":"Un CBD al mejor precio y de calidad superior","publisher":{"@id":"https:\/\/blumiz.com\/es\/#organization"},"alternateName":"Blumiz","potentialAction":[{"@type":"SearchAction","target":{"@type":"EntryPoint","urlTemplate":"https:\/\/blumiz.com\/es\/?s={search_term_string}"},"query-input":{"@type":"PropertyValueSpecification","valueRequired":true,"valueName":"search_term_string"}}],"inLanguage":"es"},{"@type":"Organization","@id":"https:\/\/blumiz.com\/es\/#organization","name":"Blumiz CBD","alternateName":"Blumiz","url":"https:\/\/blumiz.com\/es\/","logo":{"@type":"ImageObject","inLanguage":"es","@id":"https:\/\/blumiz.com\/es\/#\/schema\/logo\/image\/","url":"https:\/\/blumiz.com\/wp-content\/uploads\/2026\/02\/cropped-Blumiz-CBD-logo.webp","contentUrl":"https:\/\/blumiz.com\/wp-content\/uploads\/2026\/02\/cropped-Blumiz-CBD-logo.webp","width":2547,"height":778,"caption":"Blumiz CBD"},"image":{"@id":"https:\/\/blumiz.com\/es\/#\/schema\/logo\/image\/"}}]},"product_price_amount":"1.90","product_price_currency":"EUR","og_availability":"instock","product_availability":"instock","product_retailer_item_id":"676978","product_condition":"new"},"_links":{"self":[{"href":"https:\/\/blumiz.com\/es\/wp-json\/wp\/v2\/product\/11537","targetHints":{"allow":["GET"]}}],"collection":[{"href":"https:\/\/blumiz.com\/es\/wp-json\/wp\/v2\/product"}],"about":[{"href":"https:\/\/blumiz.com\/es\/wp-json\/wp\/v2\/types\/product"}],"replies":[{"embeddable":true,"href":"https:\/\/blumiz.com\/es\/wp-json\/wp\/v2\/comments?post=11537"}],"version-history":[{"count":0,"href":"https:\/\/blumiz.com\/es\/wp-json\/wp\/v2\/product\/11537\/revisions"}],"wp:featuredmedia":[{"embeddable":true,"href":"https:\/\/blumiz.com\/es\/wp-json\/wp\/v2\/media\/10465"}],"wp:attachment":[{"href":"https:\/\/blumiz.com\/es\/wp-json\/wp\/v2\/media?parent=11537"}],"wp:term":[{"taxonomy":"product_brand","embeddable":true,"href":"https:\/\/blumiz.com\/es\/wp-json\/wp\/v2\/product_brand?post=11537"},{"taxonomy":"product_cat","embeddable":true,"href":"https:\/\/blumiz.com\/es\/wp-json\/wp\/v2\/product_cat?post=11537"},{"taxonomy":"product_tag","embeddable":true,"href":"https:\/\/blumiz.com\/es\/wp-json\/wp\/v2\/product_tag?post=11537"}],"curies":[{"name":"wp","href":"https:\/\/api.w.org\/{rel}","templated":true}]}}