{"id":11545,"date":"2022-09-07T08:27:48","date_gmt":"2022-09-07T08:27:48","guid":{"rendered":"https:\/\/blumiz.com\/produkt\/blunt-juicy-jays-sabor-cannabis-fresa-x-2-blunt\/"},"modified":"2025-10-07T09:49:22","modified_gmt":"2025-10-07T08:49:22","slug":"blunt-juicy-jays-frutas-rojas-cannabis-x-2-blunt","status":"publish","type":"product","link":"https:\/\/blumiz.com\/es\/producto\/blunt-juicy-jays-frutas-rojas-cannabis-x-2-blunt\/","title":{"rendered":"Blunt &#8211; Sabor Frutas rojas &#8211; Red Alert &#8211; Juicy Jay&#8217;s &#8211; x 2 Blunt"},"content":{"rendered":"<h2>Blunt &#8211; Sabor Frutas rojas &#8211; Red Alert &#8211; Juicy Jay&#8217;s &#8211; x 2 Blunt<\/h2>\n<p>Juicy Jay vende una gran variedad de papeles de fumar aromatizados, rollos y picadura de puros. Los blunts aromatizados de Jay no son m\u00e1s que una peque\u00f1a bestia que puede llevarte a un viaje loco. Los Juicy Jay Hemp Cigar Blunts se caracterizan por sabores que cada fumador huele y degusta de forma diferente. Para aquellos que quieren dejar de fumar, estos blunts Juicy Jay&#8217;s Hemp Wraps Blunt Red Alert (2 piezas) est\u00e1n hechos de c\u00e1\u00f1amo org\u00e1nico y no contienen tabaco ni nicotina. Cada Juicy Jay Blunt se construye a partir de un sistema de aromatizaci\u00f3n de triple inmersi\u00f3n, dando a cada fumador un sabor que pueda apreciar y fumar.<\/p>\n<p>Hecho de c\u00e1\u00f1amo puro: Juicy Jay fabrica todas sus hojas de liar para fumar y papeles para envolver blunt a partir de fibras naturales respetuosas con el medio ambiente. Cada Juicy Hemp Wrap Blunt est\u00e1 hecho de c\u00e1\u00f1amo puro y proporciona una excelente experiencia de fumar para cada usuario. Quema lenta y uniformemente: Como los canutos de puro son m\u00e1s gruesos que el papel de fumar y tienen una textura \u00e1spera por todas partes, queman lenta y uniformemente, dando al fumador tiempo suficiente para apreciar y completar el canuto.<\/p>\n<p>Envase con cierre herm\u00e9tico: El envase consta de dos canutos que pueden cerrarse herm\u00e9ticamente en el envase con cierre herm\u00e9tico una vez abierto. Esta bolsa con cremallera ayuda a conservar la frescura y el sabor del canuto izquierdo.<\/p>\n<p>Hecho de puro c\u00e1\u00f1amo natural &#8211; NO CONTIENE TABACO<br \/>\nChicle de alta calidad para enrollar f\u00e1cilmente los canutos<br \/>\nEnvase con cremallera para canutos frescos.<br \/>\nCremallera recerrable para un f\u00e1cil almacenamiento.<\/p>\n","protected":false},"excerpt":{"rendered":"<h2>Paquete de 2 blunts de c\u00e1\u00f1amo con sabor a frutos rojos:<\/h2>\n<p>Disfrute de toda la intensidad de su sabor a frutos rojos gracias a la bolsa herm\u00e9tica y resellable. Se extienden f\u00e1cilmente y son pegajosos.<\/p>\n<p>Ropa de cama King-size. No contiene TABAC<\/p>\n<p>&nbsp;<\/p>\n","protected":false},"featured_media":10464,"comment_status":"open","ping_status":"closed","template":"","meta":{"site-sidebar-layout":"default","site-content-layout":"default","ast-site-content-layout":"default","site-content-style":"default","site-sidebar-style":"default","ast-global-header-display":"","ast-banner-title-visibility":"","ast-main-header-display":"","ast-hfb-above-header-display":"","ast-hfb-below-header-display":"","ast-hfb-mobile-header-display":"","site-post-title":"","ast-breadcrumbs-content":"","ast-featured-img":"","footer-sml-layout":"","ast-disable-related-posts":"","theme-transparent-header-meta":"default","adv-header-id-meta":"","stick-header-meta":"default","header-above-stick-meta":"","header-main-stick-meta":"","header-below-stick-meta":"","astra-migrate-meta-layouts":"default","ast-page-background-enabled":"default","ast-page-background-meta":{"desktop":{"background-color":"","background-image":"","background-repeat":"repeat","background-position":"center center","background-size":"auto","background-attachment":"scroll","background-type":"","background-media":"","overlay-type":"","overlay-color":"","overlay-opacity":"","overlay-gradient":""},"tablet":{"background-color":"","background-image":"","background-repeat":"repeat","background-position":"center center","background-size":"auto","background-attachment":"scroll","background-type":"","background-media":"","overlay-type":"","overlay-color":"","overlay-opacity":"","overlay-gradient":""},"mobile":{"background-color":"","background-image":"","background-repeat":"repeat","background-position":"center center","background-size":"auto","background-attachment":"scroll","background-type":"","background-media":"","overlay-type":"","overlay-color":"","overlay-opacity":"","overlay-gradient":""}},"ast-content-background-meta":{"desktop":{"background-color":"var(--ast-global-color-5)","background-image":"","background-repeat":"repeat","background-position":"center center","background-size":"auto","background-attachment":"scroll","background-type":"","background-media":"","overlay-type":"","overlay-color":"","overlay-opacity":"","overlay-gradient":""},"tablet":{"background-color":"var(--ast-global-color-5)","background-image":"","background-repeat":"repeat","background-position":"center center","background-size":"auto","background-attachment":"scroll","background-type":"","background-media":"","overlay-type":"","overlay-color":"","overlay-opacity":"","overlay-gradient":""},"mobile":{"background-color":"var(--ast-global-color-5)","background-image":"","background-repeat":"repeat","background-position":"center center","background-size":"auto","background-attachment":"scroll","background-type":"","background-media":"","overlay-type":"","overlay-color":"","overlay-opacity":"","overlay-gradient":""}}},"product_brand":[],"product_cat":[267],"product_tag":[],"class_list":{"0":"post-11545","1":"product","2":"type-product","3":"status-publish","4":"has-post-thumbnail","6":"product_cat-headshop-es","7":"desktop-align-left","8":"tablet-align-center","9":"mobile-align-left","10":"ast-product-gallery-layout-vertical","11":"ast-magnify-disabled","12":"ast-product-tabs-layout-horizontal","14":"first","15":"instock","16":"taxable","17":"shipping-taxable","18":"purchasable","19":"product-type-simple"},"yoast_head":"<!-- This site is optimized with the Yoast SEO Premium plugin v27.2 (Yoast SEO v27.6) - https:\/\/yoast.com\/product\/yoast-seo-premium-wordpress\/ -->\n<title>Blunt - Sabor Frutas rojas - Red Alert - Juicy Jay&#039;s - x 2 Blunt - Blumiz - Premium CBD<\/title>\n<meta name=\"description\" content=\"Blunt - Sabor Frutas rojas - Red Alert - Juicy Jay&#039;s - x 2 Blunt - Blumiz - Premium CBD\" \/>\n<meta name=\"robots\" content=\"index, follow, max-snippet:-1, max-image-preview:large, max-video-preview:-1\" \/>\n<link rel=\"canonical\" href=\"https:\/\/blumiz.com\/es\/producto\/blunt-juicy-jays-frutas-rojas-cannabis-x-2-blunt\/\" \/>\n<meta property=\"og:locale\" content=\"es_ES\" \/>\n<meta property=\"og:type\" content=\"article\" \/>\n<meta property=\"og:title\" content=\"Blunt - Sabor Frutas rojas - Red Alert - Juicy Jay&#039;s - x 2 Blunt\" \/>\n<meta property=\"og:description\" content=\"Blunt - Sabor Frutas rojas - Red Alert - Juicy Jay&#039;s - x 2 Blunt Blumiz - Premium CBD\" \/>\n<meta property=\"og:url\" content=\"https:\/\/blumiz.com\/es\/producto\/blunt-juicy-jays-frutas-rojas-cannabis-x-2-blunt\/\" \/>\n<meta property=\"og:site_name\" content=\"Blumiz - Premium CBD\" \/>\n<meta property=\"article:modified_time\" content=\"2025-10-07T08:49:22+00:00\" \/>\n<meta property=\"og:image\" content=\"https:\/\/blumiz.com\/wp-content\/uploads\/2022\/09\/Juicy-Jays-Hemp-Wraps-Blunt-Red-Alert-Erdbeer-Cannabis-Geschmack.webp\" \/>\n\t<meta property=\"og:image:width\" content=\"600\" \/>\n\t<meta property=\"og:image:height\" content=\"600\" \/>\n\t<meta property=\"og:image:type\" content=\"image\/webp\" \/>\n<meta name=\"twitter:card\" content=\"summary_large_image\" \/>\n<meta name=\"twitter:label1\" content=\"Precio\" \/>\n\t<meta name=\"twitter:data1\" content=\"1,90&nbsp;&euro;\" \/>\n\t<meta name=\"twitter:label2\" content=\"Disponibilidad\" \/>\n\t<meta name=\"twitter:data2\" content=\"Disponible\" \/>\n<script type=\"application\/ld+json\" class=\"yoast-schema-graph\">{\"@context\":\"https:\\\/\\\/schema.org\",\"@graph\":[{\"@type\":\"WebPage\",\"@id\":\"https:\\\/\\\/blumiz.com\\\/es\\\/producto\\\/blunt-juicy-jays-frutas-rojas-cannabis-x-2-blunt\\\/\",\"url\":\"https:\\\/\\\/blumiz.com\\\/es\\\/producto\\\/blunt-juicy-jays-frutas-rojas-cannabis-x-2-blunt\\\/\",\"name\":\"Blunt - Sabor Frutas rojas - Red Alert - Juicy Jay's - x 2 Blunt - Blumiz - Premium CBD\",\"isPartOf\":{\"@id\":\"https:\\\/\\\/blumiz.com\\\/es\\\/#website\"},\"primaryImageOfPage\":{\"@id\":\"https:\\\/\\\/blumiz.com\\\/es\\\/producto\\\/blunt-juicy-jays-frutas-rojas-cannabis-x-2-blunt\\\/#primaryimage\"},\"image\":{\"@id\":\"https:\\\/\\\/blumiz.com\\\/es\\\/producto\\\/blunt-juicy-jays-frutas-rojas-cannabis-x-2-blunt\\\/#primaryimage\"},\"thumbnailUrl\":\"https:\\\/\\\/blumiz.com\\\/wp-content\\\/uploads\\\/2022\\\/09\\\/Juicy-Jays-Hemp-Wraps-Blunt-Red-Alert-Erdbeer-Cannabis-Geschmack.webp\",\"datePublished\":\"2022-09-07T08:27:48+00:00\",\"dateModified\":\"2025-10-07T08:49:22+00:00\",\"description\":\"Blunt - Sabor Frutas rojas - Red Alert - Juicy Jay's - x 2 Blunt - Blumiz - Premium CBD\",\"breadcrumb\":{\"@id\":\"https:\\\/\\\/blumiz.com\\\/es\\\/producto\\\/blunt-juicy-jays-frutas-rojas-cannabis-x-2-blunt\\\/#breadcrumb\"},\"inLanguage\":\"es\",\"potentialAction\":[{\"@type\":\"ReadAction\",\"target\":[\"https:\\\/\\\/blumiz.com\\\/es\\\/producto\\\/blunt-juicy-jays-frutas-rojas-cannabis-x-2-blunt\\\/\"]}]},{\"@type\":\"ImageObject\",\"inLanguage\":\"es\",\"@id\":\"https:\\\/\\\/blumiz.com\\\/es\\\/producto\\\/blunt-juicy-jays-frutas-rojas-cannabis-x-2-blunt\\\/#primaryimage\",\"url\":\"https:\\\/\\\/blumiz.com\\\/wp-content\\\/uploads\\\/2022\\\/09\\\/Juicy-Jays-Hemp-Wraps-Blunt-Red-Alert-Erdbeer-Cannabis-Geschmack.webp\",\"contentUrl\":\"https:\\\/\\\/blumiz.com\\\/wp-content\\\/uploads\\\/2022\\\/09\\\/Juicy-Jays-Hemp-Wraps-Blunt-Red-Alert-Erdbeer-Cannabis-Geschmack.webp\",\"width\":600,\"height\":600},{\"@type\":\"BreadcrumbList\",\"@id\":\"https:\\\/\\\/blumiz.com\\\/es\\\/producto\\\/blunt-juicy-jays-frutas-rojas-cannabis-x-2-blunt\\\/#breadcrumb\",\"itemListElement\":[{\"@type\":\"ListItem\",\"position\":1,\"name\":\"Blumiz\",\"item\":\"https:\\\/\\\/blumiz.com\\\/es\\\/\"},{\"@type\":\"ListItem\",\"position\":2,\"name\":\"CBD Shop\",\"item\":\"https:\\\/\\\/blumiz.com\\\/es\\\/tienda\\\/\"},{\"@type\":\"ListItem\",\"position\":3,\"name\":\"HeadShop\",\"item\":\"https:\\\/\\\/blumiz.com\\\/es\\\/category\\\/headshop-es\\\/\"},{\"@type\":\"ListItem\",\"position\":4,\"name\":\"Blunt &#8211; Sabor Frutas rojas &#8211; Red Alert &#8211; Juicy Jay&#8217;s &#8211; x 2 Blunt\"}]},{\"@type\":\"WebSite\",\"@id\":\"https:\\\/\\\/blumiz.com\\\/es\\\/#website\",\"url\":\"https:\\\/\\\/blumiz.com\\\/es\\\/\",\"name\":\"Blumiz - Premium CBD\",\"description\":\"Un CBD al mejor precio y de calidad superior\",\"publisher\":{\"@id\":\"https:\\\/\\\/blumiz.com\\\/es\\\/#organization\"},\"alternateName\":\"Blumiz\",\"potentialAction\":[{\"@type\":\"SearchAction\",\"target\":{\"@type\":\"EntryPoint\",\"urlTemplate\":\"https:\\\/\\\/blumiz.com\\\/es\\\/?s={search_term_string}\"},\"query-input\":{\"@type\":\"PropertyValueSpecification\",\"valueRequired\":true,\"valueName\":\"search_term_string\"}}],\"inLanguage\":\"es\"},{\"@type\":\"Organization\",\"@id\":\"https:\\\/\\\/blumiz.com\\\/es\\\/#organization\",\"name\":\"Blumiz CBD\",\"alternateName\":\"Blumiz\",\"url\":\"https:\\\/\\\/blumiz.com\\\/es\\\/\",\"logo\":{\"@type\":\"ImageObject\",\"inLanguage\":\"es\",\"@id\":\"https:\\\/\\\/blumiz.com\\\/es\\\/#\\\/schema\\\/logo\\\/image\\\/\",\"url\":\"https:\\\/\\\/blumiz.com\\\/wp-content\\\/uploads\\\/2026\\\/02\\\/cropped-Blumiz-CBD-logo.webp\",\"contentUrl\":\"https:\\\/\\\/blumiz.com\\\/wp-content\\\/uploads\\\/2026\\\/02\\\/cropped-Blumiz-CBD-logo.webp\",\"width\":2547,\"height\":778,\"caption\":\"Blumiz CBD\"},\"image\":{\"@id\":\"https:\\\/\\\/blumiz.com\\\/es\\\/#\\\/schema\\\/logo\\\/image\\\/\"}}]}<\/script>\n<meta property=\"product:price:amount\" content=\"1.90\" \/>\n<meta property=\"product:price:currency\" content=\"EUR\" \/>\n<meta property=\"og:availability\" content=\"instock\" \/>\n<meta property=\"product:availability\" content=\"instock\" \/>\n<meta property=\"product:retailer_item_id\" content=\"5117161\" \/>\n<meta property=\"product:condition\" content=\"new\" \/>\n<!-- \/ Yoast SEO Premium plugin. -->","yoast_head_json":{"title":"Blunt - Sabor Frutas rojas - Red Alert - Juicy Jay's - x 2 Blunt - Blumiz - Premium CBD","description":"Blunt - Sabor Frutas rojas - Red Alert - Juicy Jay's - x 2 Blunt - Blumiz - Premium CBD","robots":{"index":"index","follow":"follow","max-snippet":"max-snippet:-1","max-image-preview":"max-image-preview:large","max-video-preview":"max-video-preview:-1"},"canonical":"https:\/\/blumiz.com\/es\/producto\/blunt-juicy-jays-frutas-rojas-cannabis-x-2-blunt\/","og_locale":"es_ES","og_type":"article","og_title":"Blunt - Sabor Frutas rojas - Red Alert - Juicy Jay's - x 2 Blunt","og_description":"Blunt - Sabor Frutas rojas - Red Alert - Juicy Jay's - x 2 Blunt Blumiz - Premium CBD","og_url":"https:\/\/blumiz.com\/es\/producto\/blunt-juicy-jays-frutas-rojas-cannabis-x-2-blunt\/","og_site_name":"Blumiz - Premium CBD","article_modified_time":"2025-10-07T08:49:22+00:00","og_image":[{"width":600,"height":600,"url":"https:\/\/blumiz.com\/wp-content\/uploads\/2022\/09\/Juicy-Jays-Hemp-Wraps-Blunt-Red-Alert-Erdbeer-Cannabis-Geschmack.webp","type":"image\/webp"}],"twitter_card":"summary_large_image","twitter_misc":{"Precio":"1,90&nbsp;&euro;","Disponibilidad":"Disponible"},"schema":{"@context":"https:\/\/schema.org","@graph":[{"@type":"WebPage","@id":"https:\/\/blumiz.com\/es\/producto\/blunt-juicy-jays-frutas-rojas-cannabis-x-2-blunt\/","url":"https:\/\/blumiz.com\/es\/producto\/blunt-juicy-jays-frutas-rojas-cannabis-x-2-blunt\/","name":"Blunt - Sabor Frutas rojas - Red Alert - Juicy Jay's - x 2 Blunt - Blumiz - Premium CBD","isPartOf":{"@id":"https:\/\/blumiz.com\/es\/#website"},"primaryImageOfPage":{"@id":"https:\/\/blumiz.com\/es\/producto\/blunt-juicy-jays-frutas-rojas-cannabis-x-2-blunt\/#primaryimage"},"image":{"@id":"https:\/\/blumiz.com\/es\/producto\/blunt-juicy-jays-frutas-rojas-cannabis-x-2-blunt\/#primaryimage"},"thumbnailUrl":"https:\/\/blumiz.com\/wp-content\/uploads\/2022\/09\/Juicy-Jays-Hemp-Wraps-Blunt-Red-Alert-Erdbeer-Cannabis-Geschmack.webp","datePublished":"2022-09-07T08:27:48+00:00","dateModified":"2025-10-07T08:49:22+00:00","description":"Blunt - Sabor Frutas rojas - Red Alert - Juicy Jay's - x 2 Blunt - Blumiz - Premium CBD","breadcrumb":{"@id":"https:\/\/blumiz.com\/es\/producto\/blunt-juicy-jays-frutas-rojas-cannabis-x-2-blunt\/#breadcrumb"},"inLanguage":"es","potentialAction":[{"@type":"ReadAction","target":["https:\/\/blumiz.com\/es\/producto\/blunt-juicy-jays-frutas-rojas-cannabis-x-2-blunt\/"]}]},{"@type":"ImageObject","inLanguage":"es","@id":"https:\/\/blumiz.com\/es\/producto\/blunt-juicy-jays-frutas-rojas-cannabis-x-2-blunt\/#primaryimage","url":"https:\/\/blumiz.com\/wp-content\/uploads\/2022\/09\/Juicy-Jays-Hemp-Wraps-Blunt-Red-Alert-Erdbeer-Cannabis-Geschmack.webp","contentUrl":"https:\/\/blumiz.com\/wp-content\/uploads\/2022\/09\/Juicy-Jays-Hemp-Wraps-Blunt-Red-Alert-Erdbeer-Cannabis-Geschmack.webp","width":600,"height":600},{"@type":"BreadcrumbList","@id":"https:\/\/blumiz.com\/es\/producto\/blunt-juicy-jays-frutas-rojas-cannabis-x-2-blunt\/#breadcrumb","itemListElement":[{"@type":"ListItem","position":1,"name":"Blumiz","item":"https:\/\/blumiz.com\/es\/"},{"@type":"ListItem","position":2,"name":"CBD Shop","item":"https:\/\/blumiz.com\/es\/tienda\/"},{"@type":"ListItem","position":3,"name":"HeadShop","item":"https:\/\/blumiz.com\/es\/category\/headshop-es\/"},{"@type":"ListItem","position":4,"name":"Blunt &#8211; Sabor Frutas rojas &#8211; Red Alert &#8211; Juicy Jay&#8217;s &#8211; x 2 Blunt"}]},{"@type":"WebSite","@id":"https:\/\/blumiz.com\/es\/#website","url":"https:\/\/blumiz.com\/es\/","name":"Blumiz - Premium CBD","description":"Un CBD al mejor precio y de calidad superior","publisher":{"@id":"https:\/\/blumiz.com\/es\/#organization"},"alternateName":"Blumiz","potentialAction":[{"@type":"SearchAction","target":{"@type":"EntryPoint","urlTemplate":"https:\/\/blumiz.com\/es\/?s={search_term_string}"},"query-input":{"@type":"PropertyValueSpecification","valueRequired":true,"valueName":"search_term_string"}}],"inLanguage":"es"},{"@type":"Organization","@id":"https:\/\/blumiz.com\/es\/#organization","name":"Blumiz CBD","alternateName":"Blumiz","url":"https:\/\/blumiz.com\/es\/","logo":{"@type":"ImageObject","inLanguage":"es","@id":"https:\/\/blumiz.com\/es\/#\/schema\/logo\/image\/","url":"https:\/\/blumiz.com\/wp-content\/uploads\/2026\/02\/cropped-Blumiz-CBD-logo.webp","contentUrl":"https:\/\/blumiz.com\/wp-content\/uploads\/2026\/02\/cropped-Blumiz-CBD-logo.webp","width":2547,"height":778,"caption":"Blumiz CBD"},"image":{"@id":"https:\/\/blumiz.com\/es\/#\/schema\/logo\/image\/"}}]},"product_price_amount":"1.90","product_price_currency":"EUR","og_availability":"instock","product_availability":"instock","product_retailer_item_id":"5117161","product_condition":"new"},"_links":{"self":[{"href":"https:\/\/blumiz.com\/es\/wp-json\/wp\/v2\/product\/11545","targetHints":{"allow":["GET"]}}],"collection":[{"href":"https:\/\/blumiz.com\/es\/wp-json\/wp\/v2\/product"}],"about":[{"href":"https:\/\/blumiz.com\/es\/wp-json\/wp\/v2\/types\/product"}],"replies":[{"embeddable":true,"href":"https:\/\/blumiz.com\/es\/wp-json\/wp\/v2\/comments?post=11545"}],"version-history":[{"count":0,"href":"https:\/\/blumiz.com\/es\/wp-json\/wp\/v2\/product\/11545\/revisions"}],"wp:featuredmedia":[{"embeddable":true,"href":"https:\/\/blumiz.com\/es\/wp-json\/wp\/v2\/media\/10464"}],"wp:attachment":[{"href":"https:\/\/blumiz.com\/es\/wp-json\/wp\/v2\/media?parent=11545"}],"wp:term":[{"taxonomy":"product_brand","embeddable":true,"href":"https:\/\/blumiz.com\/es\/wp-json\/wp\/v2\/product_brand?post=11545"},{"taxonomy":"product_cat","embeddable":true,"href":"https:\/\/blumiz.com\/es\/wp-json\/wp\/v2\/product_cat?post=11545"},{"taxonomy":"product_tag","embeddable":true,"href":"https:\/\/blumiz.com\/es\/wp-json\/wp\/v2\/product_tag?post=11545"}],"curies":[{"name":"wp","href":"https:\/\/api.w.org\/{rel}","templated":true}]}}