{"id":11546,"date":"2022-09-07T07:50:20","date_gmt":"2022-09-07T06:50:20","guid":{"rendered":"https:\/\/blumiz.com\/produkt\/bandeja-rodante-de-bambu-buddies-tool-set-3-en-1\/"},"modified":"2025-10-07T09:47:37","modified_gmt":"2025-10-07T08:47:37","slug":"bandeja-rodante-de-bambu-buddies-tool-set-3-en-1","status":"publish","type":"product","link":"https:\/\/blumiz.com\/es\/producto\/bandeja-rodante-de-bambu-buddies-tool-set-3-en-1\/","title":{"rendered":"Bandeja rodante de bamb\u00fa &#8211; Buddies Tool Set 3 en 1"},"content":{"rendered":"<p>Descripci\u00f3n<br \/>\nTres en 1, triple diversi\u00f3n<\/p>\n<p>Liar un canuto sin tabla no es tarea f\u00e1cil. Ofrecen una superficie plana para el rodillo y bordes elevados para evitar derrames. Sin embargo, otros vienen con m\u00faltiples bandejas, y uno de ellos es nuestro Buddies Tool Set 3-en-1 Bamboo Rolling Tray. Esta bandeja es perfecta para rodar. Te contamos por qu\u00e9.<\/p>\n<p>El mejor set para iluminarse con los amigos<\/p>\n<p>Esta bandeja se fabrica en muchas zonas. Una de ellas es la durabilidad. Gracias al bamb\u00fa utilizado en la fabricaci\u00f3n de esta bandeja. En comparaci\u00f3n con los platos de cristal, que se rompen con facilidad, estos platos resistir\u00e1n el paso del tiempo. Adem\u00e1s, mejoran con el tiempo. Los compartimentos tambi\u00e9n son una clara ventaja. Con 247 gramos, es un poco pesada para esta peque\u00f1a bandeja. Pero esto se debe a la calidad de la madera dura.<\/p>\n<p><span style=\"font-size: 16px;\">.<\/span><\/p>\n","protected":false},"excerpt":{"rendered":"<h2>Impresionante bandeja de bamb\u00fa sostenible y ecol\u00f3gica<\/h2>\n<p>Dimensiones 18,5 \u00d7 13,5<\/p>\n","protected":false},"featured_media":10439,"comment_status":"open","ping_status":"closed","template":"","meta":{"site-sidebar-layout":"default","site-content-layout":"default","ast-site-content-layout":"default","site-content-style":"default","site-sidebar-style":"default","ast-global-header-display":"","ast-banner-title-visibility":"","ast-main-header-display":"","ast-hfb-above-header-display":"","ast-hfb-below-header-display":"","ast-hfb-mobile-header-display":"","site-post-title":"","ast-breadcrumbs-content":"","ast-featured-img":"","footer-sml-layout":"","ast-disable-related-posts":"","theme-transparent-header-meta":"default","adv-header-id-meta":"","stick-header-meta":"default","header-above-stick-meta":"","header-main-stick-meta":"","header-below-stick-meta":"","astra-migrate-meta-layouts":"default","ast-page-background-enabled":"default","ast-page-background-meta":{"desktop":{"background-color":"","background-image":"","background-repeat":"repeat","background-position":"center center","background-size":"auto","background-attachment":"scroll","background-type":"","background-media":"","overlay-type":"","overlay-color":"","overlay-opacity":"","overlay-gradient":""},"tablet":{"background-color":"","background-image":"","background-repeat":"repeat","background-position":"center center","background-size":"auto","background-attachment":"scroll","background-type":"","background-media":"","overlay-type":"","overlay-color":"","overlay-opacity":"","overlay-gradient":""},"mobile":{"background-color":"","background-image":"","background-repeat":"repeat","background-position":"center center","background-size":"auto","background-attachment":"scroll","background-type":"","background-media":"","overlay-type":"","overlay-color":"","overlay-opacity":"","overlay-gradient":""}},"ast-content-background-meta":{"desktop":{"background-color":"var(--ast-global-color-5)","background-image":"","background-repeat":"repeat","background-position":"center center","background-size":"auto","background-attachment":"scroll","background-type":"","background-media":"","overlay-type":"","overlay-color":"","overlay-opacity":"","overlay-gradient":""},"tablet":{"background-color":"var(--ast-global-color-5)","background-image":"","background-repeat":"repeat","background-position":"center center","background-size":"auto","background-attachment":"scroll","background-type":"","background-media":"","overlay-type":"","overlay-color":"","overlay-opacity":"","overlay-gradient":""},"mobile":{"background-color":"var(--ast-global-color-5)","background-image":"","background-repeat":"repeat","background-position":"center center","background-size":"auto","background-attachment":"scroll","background-type":"","background-media":"","overlay-type":"","overlay-color":"","overlay-opacity":"","overlay-gradient":""}}},"product_brand":[],"product_cat":[267],"product_tag":[],"class_list":{"0":"post-11546","1":"product","2":"type-product","3":"status-publish","4":"has-post-thumbnail","6":"product_cat-headshop-es","7":"desktop-align-left","8":"tablet-align-center","9":"mobile-align-left","10":"ast-product-gallery-layout-vertical","11":"ast-product-gallery-with-no-image","12":"ast-magnify-disabled","13":"ast-product-tabs-layout-horizontal","15":"first","16":"instock","17":"taxable","18":"shipping-taxable","19":"purchasable","20":"product-type-simple"},"yoast_head":"<!-- This site is optimized with the Yoast SEO Premium plugin v27.2 (Yoast SEO v27.4) - https:\/\/yoast.com\/product\/yoast-seo-premium-wordpress\/ -->\n<title>Bandeja rodante de bamb\u00fa - Buddies Tool Set 3 en 1 - Blumiz - Premium CBD<\/title>\n<meta name=\"description\" content=\"Bandeja rodante de bamb\u00fa - Buddies Tool Set 3 en 1 - Blumiz - Premium CBD Headshop, entrega r\u00e1pida y al mejor precio en Blumiz CBD, especialista en cannabis\" \/>\n<meta name=\"robots\" content=\"index, follow, max-snippet:-1, max-image-preview:large, max-video-preview:-1\" \/>\n<link rel=\"canonical\" href=\"https:\/\/blumiz.com\/es\/producto\/bandeja-rodante-de-bambu-buddies-tool-set-3-en-1\/\" \/>\n<meta property=\"og:locale\" content=\"es_ES\" \/>\n<meta property=\"og:type\" content=\"article\" \/>\n<meta property=\"og:title\" content=\"Bandeja rodante de bamb\u00fa - Buddies Tool Set 3 en 1\" \/>\n<meta property=\"og:description\" content=\"Bandeja rodante de bamb\u00fa - Buddies Tool Set 3 en 1 Blumiz - Premium CBD\" \/>\n<meta property=\"og:url\" content=\"https:\/\/blumiz.com\/es\/producto\/bandeja-rodante-de-bambu-buddies-tool-set-3-en-1\/\" \/>\n<meta property=\"og:site_name\" content=\"Blumiz - Premium CBD\" \/>\n<meta property=\"article:modified_time\" content=\"2025-10-07T08:47:37+00:00\" \/>\n<meta property=\"og:image\" content=\"https:\/\/blumiz.com\/wp-content\/uploads\/2022\/09\/Buddies-Tool-Set-3-in-1-Rollbrett-aus-Bambus.webp\" \/>\n\t<meta property=\"og:image:width\" content=\"600\" \/>\n\t<meta property=\"og:image:height\" content=\"600\" \/>\n\t<meta property=\"og:image:type\" content=\"image\/webp\" \/>\n<meta name=\"twitter:card\" content=\"summary_large_image\" \/>\n<meta name=\"twitter:label1\" content=\"Precio\" \/>\n\t<meta name=\"twitter:data1\" content=\"13,90&nbsp;&euro;\" \/>\n\t<meta name=\"twitter:label2\" content=\"Disponibilidad\" \/>\n\t<meta name=\"twitter:data2\" content=\"Disponible\" \/>\n<script type=\"application\/ld+json\" class=\"yoast-schema-graph\">{\"@context\":\"https:\\\/\\\/schema.org\",\"@graph\":[{\"@type\":\"WebPage\",\"@id\":\"https:\\\/\\\/blumiz.com\\\/es\\\/producto\\\/bandeja-rodante-de-bambu-buddies-tool-set-3-en-1\\\/\",\"url\":\"https:\\\/\\\/blumiz.com\\\/es\\\/producto\\\/bandeja-rodante-de-bambu-buddies-tool-set-3-en-1\\\/\",\"name\":\"Bandeja rodante de bamb\u00fa - Buddies Tool Set 3 en 1 - Blumiz - Premium CBD\",\"isPartOf\":{\"@id\":\"https:\\\/\\\/blumiz.com\\\/es\\\/#website\"},\"primaryImageOfPage\":{\"@id\":\"https:\\\/\\\/blumiz.com\\\/es\\\/producto\\\/bandeja-rodante-de-bambu-buddies-tool-set-3-en-1\\\/#primaryimage\"},\"image\":{\"@id\":\"https:\\\/\\\/blumiz.com\\\/es\\\/producto\\\/bandeja-rodante-de-bambu-buddies-tool-set-3-en-1\\\/#primaryimage\"},\"thumbnailUrl\":\"https:\\\/\\\/blumiz.com\\\/wp-content\\\/uploads\\\/2022\\\/09\\\/Buddies-Tool-Set-3-in-1-Rollbrett-aus-Bambus.webp\",\"datePublished\":\"2022-09-07T06:50:20+00:00\",\"dateModified\":\"2025-10-07T08:47:37+00:00\",\"description\":\"Bandeja rodante de bamb\u00fa - Buddies Tool Set 3 en 1 - Blumiz - Premium CBD Headshop, entrega r\u00e1pida y al mejor precio en Blumiz CBD, especialista en cannabis\",\"breadcrumb\":{\"@id\":\"https:\\\/\\\/blumiz.com\\\/es\\\/producto\\\/bandeja-rodante-de-bambu-buddies-tool-set-3-en-1\\\/#breadcrumb\"},\"inLanguage\":\"es\",\"potentialAction\":[{\"@type\":\"ReadAction\",\"target\":[\"https:\\\/\\\/blumiz.com\\\/es\\\/producto\\\/bandeja-rodante-de-bambu-buddies-tool-set-3-en-1\\\/\"]}]},{\"@type\":\"ImageObject\",\"inLanguage\":\"es\",\"@id\":\"https:\\\/\\\/blumiz.com\\\/es\\\/producto\\\/bandeja-rodante-de-bambu-buddies-tool-set-3-en-1\\\/#primaryimage\",\"url\":\"https:\\\/\\\/blumiz.com\\\/wp-content\\\/uploads\\\/2022\\\/09\\\/Buddies-Tool-Set-3-in-1-Rollbrett-aus-Bambus.webp\",\"contentUrl\":\"https:\\\/\\\/blumiz.com\\\/wp-content\\\/uploads\\\/2022\\\/09\\\/Buddies-Tool-Set-3-in-1-Rollbrett-aus-Bambus.webp\",\"width\":600,\"height\":600},{\"@type\":\"BreadcrumbList\",\"@id\":\"https:\\\/\\\/blumiz.com\\\/es\\\/producto\\\/bandeja-rodante-de-bambu-buddies-tool-set-3-en-1\\\/#breadcrumb\",\"itemListElement\":[{\"@type\":\"ListItem\",\"position\":1,\"name\":\"Blumiz\",\"item\":\"https:\\\/\\\/blumiz.com\\\/es\\\/\"},{\"@type\":\"ListItem\",\"position\":2,\"name\":\"CBD Shop\",\"item\":\"https:\\\/\\\/blumiz.com\\\/es\\\/tienda\\\/\"},{\"@type\":\"ListItem\",\"position\":3,\"name\":\"HeadShop\",\"item\":\"https:\\\/\\\/blumiz.com\\\/es\\\/category\\\/headshop-es\\\/\"},{\"@type\":\"ListItem\",\"position\":4,\"name\":\"Bandeja rodante de bamb\u00fa &#8211; Buddies Tool Set 3 en 1\"}]},{\"@type\":\"WebSite\",\"@id\":\"https:\\\/\\\/blumiz.com\\\/es\\\/#website\",\"url\":\"https:\\\/\\\/blumiz.com\\\/es\\\/\",\"name\":\"Blumiz - Premium CBD\",\"description\":\"Un CBD al mejor precio y de calidad superior\",\"publisher\":{\"@id\":\"https:\\\/\\\/blumiz.com\\\/es\\\/#organization\"},\"alternateName\":\"Blumiz\",\"potentialAction\":[{\"@type\":\"SearchAction\",\"target\":{\"@type\":\"EntryPoint\",\"urlTemplate\":\"https:\\\/\\\/blumiz.com\\\/es\\\/?s={search_term_string}\"},\"query-input\":{\"@type\":\"PropertyValueSpecification\",\"valueRequired\":true,\"valueName\":\"search_term_string\"}}],\"inLanguage\":\"es\"},{\"@type\":\"Organization\",\"@id\":\"https:\\\/\\\/blumiz.com\\\/es\\\/#organization\",\"name\":\"Blumiz CBD\",\"alternateName\":\"Blumiz\",\"url\":\"https:\\\/\\\/blumiz.com\\\/es\\\/\",\"logo\":{\"@type\":\"ImageObject\",\"inLanguage\":\"es\",\"@id\":\"https:\\\/\\\/blumiz.com\\\/es\\\/#\\\/schema\\\/logo\\\/image\\\/\",\"url\":\"https:\\\/\\\/blumiz.com\\\/wp-content\\\/uploads\\\/2026\\\/02\\\/cropped-Blumiz-CBD-logo.webp\",\"contentUrl\":\"https:\\\/\\\/blumiz.com\\\/wp-content\\\/uploads\\\/2026\\\/02\\\/cropped-Blumiz-CBD-logo.webp\",\"width\":2547,\"height\":778,\"caption\":\"Blumiz CBD\"},\"image\":{\"@id\":\"https:\\\/\\\/blumiz.com\\\/es\\\/#\\\/schema\\\/logo\\\/image\\\/\"}}]}<\/script>\n<meta property=\"product:price:amount\" content=\"13.90\" \/>\n<meta property=\"product:price:currency\" content=\"EUR\" \/>\n<meta property=\"og:availability\" content=\"instock\" \/>\n<meta property=\"product:availability\" content=\"instock\" \/>\n<meta property=\"product:retailer_item_id\" content=\"6626871\" \/>\n<meta property=\"product:condition\" content=\"new\" \/>\n<!-- \/ Yoast SEO Premium plugin. -->","yoast_head_json":{"title":"Bandeja rodante de bamb\u00fa - Buddies Tool Set 3 en 1 - Blumiz - Premium CBD","description":"Bandeja rodante de bamb\u00fa - Buddies Tool Set 3 en 1 - Blumiz - Premium CBD Headshop, entrega r\u00e1pida y al mejor precio en Blumiz CBD, especialista en cannabis","robots":{"index":"index","follow":"follow","max-snippet":"max-snippet:-1","max-image-preview":"max-image-preview:large","max-video-preview":"max-video-preview:-1"},"canonical":"https:\/\/blumiz.com\/es\/producto\/bandeja-rodante-de-bambu-buddies-tool-set-3-en-1\/","og_locale":"es_ES","og_type":"article","og_title":"Bandeja rodante de bamb\u00fa - Buddies Tool Set 3 en 1","og_description":"Bandeja rodante de bamb\u00fa - Buddies Tool Set 3 en 1 Blumiz - Premium CBD","og_url":"https:\/\/blumiz.com\/es\/producto\/bandeja-rodante-de-bambu-buddies-tool-set-3-en-1\/","og_site_name":"Blumiz - Premium CBD","article_modified_time":"2025-10-07T08:47:37+00:00","og_image":[{"width":600,"height":600,"url":"https:\/\/blumiz.com\/wp-content\/uploads\/2022\/09\/Buddies-Tool-Set-3-in-1-Rollbrett-aus-Bambus.webp","type":"image\/webp"}],"twitter_card":"summary_large_image","twitter_misc":{"Precio":"13,90&nbsp;&euro;","Disponibilidad":"Disponible"},"schema":{"@context":"https:\/\/schema.org","@graph":[{"@type":"WebPage","@id":"https:\/\/blumiz.com\/es\/producto\/bandeja-rodante-de-bambu-buddies-tool-set-3-en-1\/","url":"https:\/\/blumiz.com\/es\/producto\/bandeja-rodante-de-bambu-buddies-tool-set-3-en-1\/","name":"Bandeja rodante de bamb\u00fa - Buddies Tool Set 3 en 1 - Blumiz - Premium CBD","isPartOf":{"@id":"https:\/\/blumiz.com\/es\/#website"},"primaryImageOfPage":{"@id":"https:\/\/blumiz.com\/es\/producto\/bandeja-rodante-de-bambu-buddies-tool-set-3-en-1\/#primaryimage"},"image":{"@id":"https:\/\/blumiz.com\/es\/producto\/bandeja-rodante-de-bambu-buddies-tool-set-3-en-1\/#primaryimage"},"thumbnailUrl":"https:\/\/blumiz.com\/wp-content\/uploads\/2022\/09\/Buddies-Tool-Set-3-in-1-Rollbrett-aus-Bambus.webp","datePublished":"2022-09-07T06:50:20+00:00","dateModified":"2025-10-07T08:47:37+00:00","description":"Bandeja rodante de bamb\u00fa - Buddies Tool Set 3 en 1 - Blumiz - Premium CBD Headshop, entrega r\u00e1pida y al mejor precio en Blumiz CBD, especialista en cannabis","breadcrumb":{"@id":"https:\/\/blumiz.com\/es\/producto\/bandeja-rodante-de-bambu-buddies-tool-set-3-en-1\/#breadcrumb"},"inLanguage":"es","potentialAction":[{"@type":"ReadAction","target":["https:\/\/blumiz.com\/es\/producto\/bandeja-rodante-de-bambu-buddies-tool-set-3-en-1\/"]}]},{"@type":"ImageObject","inLanguage":"es","@id":"https:\/\/blumiz.com\/es\/producto\/bandeja-rodante-de-bambu-buddies-tool-set-3-en-1\/#primaryimage","url":"https:\/\/blumiz.com\/wp-content\/uploads\/2022\/09\/Buddies-Tool-Set-3-in-1-Rollbrett-aus-Bambus.webp","contentUrl":"https:\/\/blumiz.com\/wp-content\/uploads\/2022\/09\/Buddies-Tool-Set-3-in-1-Rollbrett-aus-Bambus.webp","width":600,"height":600},{"@type":"BreadcrumbList","@id":"https:\/\/blumiz.com\/es\/producto\/bandeja-rodante-de-bambu-buddies-tool-set-3-en-1\/#breadcrumb","itemListElement":[{"@type":"ListItem","position":1,"name":"Blumiz","item":"https:\/\/blumiz.com\/es\/"},{"@type":"ListItem","position":2,"name":"CBD Shop","item":"https:\/\/blumiz.com\/es\/tienda\/"},{"@type":"ListItem","position":3,"name":"HeadShop","item":"https:\/\/blumiz.com\/es\/category\/headshop-es\/"},{"@type":"ListItem","position":4,"name":"Bandeja rodante de bamb\u00fa &#8211; Buddies Tool Set 3 en 1"}]},{"@type":"WebSite","@id":"https:\/\/blumiz.com\/es\/#website","url":"https:\/\/blumiz.com\/es\/","name":"Blumiz - Premium CBD","description":"Un CBD al mejor precio y de calidad superior","publisher":{"@id":"https:\/\/blumiz.com\/es\/#organization"},"alternateName":"Blumiz","potentialAction":[{"@type":"SearchAction","target":{"@type":"EntryPoint","urlTemplate":"https:\/\/blumiz.com\/es\/?s={search_term_string}"},"query-input":{"@type":"PropertyValueSpecification","valueRequired":true,"valueName":"search_term_string"}}],"inLanguage":"es"},{"@type":"Organization","@id":"https:\/\/blumiz.com\/es\/#organization","name":"Blumiz CBD","alternateName":"Blumiz","url":"https:\/\/blumiz.com\/es\/","logo":{"@type":"ImageObject","inLanguage":"es","@id":"https:\/\/blumiz.com\/es\/#\/schema\/logo\/image\/","url":"https:\/\/blumiz.com\/wp-content\/uploads\/2026\/02\/cropped-Blumiz-CBD-logo.webp","contentUrl":"https:\/\/blumiz.com\/wp-content\/uploads\/2026\/02\/cropped-Blumiz-CBD-logo.webp","width":2547,"height":778,"caption":"Blumiz CBD"},"image":{"@id":"https:\/\/blumiz.com\/es\/#\/schema\/logo\/image\/"}}]},"product_price_amount":"13.90","product_price_currency":"EUR","og_availability":"instock","product_availability":"instock","product_retailer_item_id":"6626871","product_condition":"new"},"_links":{"self":[{"href":"https:\/\/blumiz.com\/es\/wp-json\/wp\/v2\/product\/11546","targetHints":{"allow":["GET"]}}],"collection":[{"href":"https:\/\/blumiz.com\/es\/wp-json\/wp\/v2\/product"}],"about":[{"href":"https:\/\/blumiz.com\/es\/wp-json\/wp\/v2\/types\/product"}],"replies":[{"embeddable":true,"href":"https:\/\/blumiz.com\/es\/wp-json\/wp\/v2\/comments?post=11546"}],"version-history":[{"count":0,"href":"https:\/\/blumiz.com\/es\/wp-json\/wp\/v2\/product\/11546\/revisions"}],"wp:featuredmedia":[{"embeddable":true,"href":"https:\/\/blumiz.com\/es\/wp-json\/wp\/v2\/media\/10439"}],"wp:attachment":[{"href":"https:\/\/blumiz.com\/es\/wp-json\/wp\/v2\/media?parent=11546"}],"wp:term":[{"taxonomy":"product_brand","embeddable":true,"href":"https:\/\/blumiz.com\/es\/wp-json\/wp\/v2\/product_brand?post=11546"},{"taxonomy":"product_cat","embeddable":true,"href":"https:\/\/blumiz.com\/es\/wp-json\/wp\/v2\/product_cat?post=11546"},{"taxonomy":"product_tag","embeddable":true,"href":"https:\/\/blumiz.com\/es\/wp-json\/wp\/v2\/product_tag?post=11546"}],"curies":[{"name":"wp","href":"https:\/\/api.w.org\/{rel}","templated":true}]}}