{"id":11556,"date":"2022-09-09T15:51:08","date_gmt":"2022-09-09T14:51:08","guid":{"rendered":"https:\/\/blumiz.com\/produkt\/royal-medic-royal-queen-seeds-feminised-3-semillas-paquete\/"},"modified":"2023-06-03T12:46:57","modified_gmt":"2023-06-03T11:46:57","slug":"royal-medic-royal-queen-seeds-feminised-3-semillas-paquete","status":"publish","type":"product","link":"https:\/\/blumiz.com\/es\/producto\/royal-medic-royal-queen-seeds-feminised-3-semillas-paquete\/","title":{"rendered":"ROYAL MEDIC (ROYAL QUEEN SEEDS) FEMINISED (3 semillas\/paquete)"},"content":{"rendered":"<h2>ROYAL QUEEN SEEDS &#8211; ROYAL MEDIC: UNA ESPECIE MEDICINAL EXCEPCIONAL<\/h2>\n<p>Royal Queen Seeds cruz\u00f3 dos grandes cepas espa\u00f1olas para crear esta maravilla medicinal: La siempre popular Critical y Juanita la Lagrimosa. La base de su alto rendimiento, su r\u00e1pido crecimiento y, posteriormente, sus potentes propiedades medicinales. La Royal Medic resultante es una cepa que alivia las dolencias m\u00e9dicas que aquejan a casi todos los usuarios en un momento u otro &#8211; s\u00f3lo puedes obtener el t\u00edtulo de &#8220;Royal Medic&#8221; si cumples los requisitos.<\/p>\n<p>Debido al alto contenido de CBD de esta variedad, puedes esperar subidones que proporcionan un enfoque claro de la mente mientras inducen un sopor corporal confortable &#8211; un coloc\u00f3n que no te mantendr\u00e1 alejado de tus tareas y placeres cotidianos. Por eso es perfecto para quienes quieren ahogar las distracciones innecesarias y centrarse en lo que tienen entre manos. Tambi\u00e9n es bueno para relajarse cuando se tiene un d\u00eda duro pero se necesita funcionar y hacer las cosas. Royal Medic alivia la inflamaci\u00f3n, el estr\u00e9s, la ansiedad, el dolor y los calambres. Tambi\u00e9n es bueno para tratar los trastornos alimentarios o la p\u00e9rdida de apetito. Tiene un humo suave y ligero, tentadoramente dulce, con sabores y aromas Haze. No le decepcionar\u00e1, tanto si es un consumidor medicinal como recreativo.<\/p>\n<p>Debido a los genes de Juanita la Lagrimosa, Royal Medic se convierte en una planta bastante grande, pero con m\u00e1s apariencia de Indica que gusta ver. Las hojas son de color verde claro y despu\u00e9s parecen nieve y est\u00e1n cubiertas de finos tricomas blancos, lo que le da un aspecto casi invernal. Es una variedad r\u00e1pida que atraer\u00e1 a cultivadores comerciales o a alguien que busque un resultado r\u00e1pido. Para obtener rendimientos \u00f3ptimos, se espera un tiempo de floraci\u00f3n de unos 63 d\u00edas.<\/p>\n<p>Royal Medic de es adecuado para el cultivo en interiores, exteriores e invernaderos. La altura de las plantas oscila entre 1,2 m y 1,5 m. Se espera un rendimiento de unos 110-125 g por planta. Los contenidos de THC y CBD son pr\u00e1cticamente los mismos, de ah\u00ed su gran potencial como variedad medicinal. Tanto si eres un usuario medicinal como si no, te garantizamos que encontrar\u00e1s un gran uso para esta cepa.<\/p>\n<table id=\"idTab2\" class=\"features-table\">\n<caption class=\"h3\">ROYAL MEDIC (ROYAL QUEEN SEEDS) FEMINIZADA FICHA T\u00c9CNICA<\/caption>\n<tbody>\n<tr>\n<th>Marca<\/th>\n<td>Semillas Royal Queen<\/td>\n<\/tr>\n<tr>\n<th>Gen\u00e9tica<\/th>\n<td>25% Indica \/ 75% Sativa<\/td>\n<\/tr>\n<tr>\n<th>Padres<\/th>\n<td>Cr\u00edtico x Juanita<\/td>\n<\/tr>\n<tr>\n<th>Floraci\u00f3n<\/th>\n<td>9-10 semanas<\/td>\n<\/tr>\n<tr>\n<th>THC<\/th>\n<td>10%<\/td>\n<\/tr>\n<tr>\n<th>CBD<\/th>\n<td>12%<\/td>\n<\/tr>\n<tr>\n<th>CBD:THC<\/th>\n<td>1.2 : 1<\/td>\n<\/tr>\n<tr>\n<th>Rendimiento cultivo interior<\/th>\n<td>600-650 gr\/m\u00b2<\/td>\n<\/tr>\n<tr>\n<th>Rendimiento cultivo exterior<\/th>\n<td>500-550 gr\/planta<\/td>\n<\/tr>\n<tr>\n<th>Altura interior<\/th>\n<td>120 cm<\/td>\n<\/tr>\n<tr>\n<th>Altura exterior<\/th>\n<td>150 cm<\/td>\n<\/tr>\n<tr>\n<th>Disponible como<\/th>\n<td>Semillas feminizadas<\/td>\n<\/tr>\n<tr>\n<th>Tipo de flor<\/th>\n<td>Fotoperi\u00f3dico<\/td>\n<\/tr>\n<tr>\n<th>G\u00e9nero<\/th>\n<td>Feminizada<\/td>\n<\/tr>\n<\/tbody>\n<\/table>\n<div class=\"features-info-wrap\"><\/div>\n","protected":false},"excerpt":{"rendered":"<p>Royal Medic de Royal Queen Seeds es, como su nombre indica, una cepa ejemplar para tratar problemas m\u00e9dicos. Proporciona subidones claros, precisos y cerebrales y un anest\u00e9sico corporal suave y delicado pero eficaz. Es lo suficientemente vers\u00e1til como para adaptarse a las necesidades de la mayor\u00eda de los usuarios m\u00e9dicos. Una variedad fiable y vers\u00e1til.<\/p>\n","protected":false},"featured_media":10510,"comment_status":"open","ping_status":"closed","template":"","meta":{"site-sidebar-layout":"default","site-content-layout":"default","ast-site-content-layout":"default","site-content-style":"default","site-sidebar-style":"default","ast-global-header-display":"","ast-banner-title-visibility":"","ast-main-header-display":"","ast-hfb-above-header-display":"","ast-hfb-below-header-display":"","ast-hfb-mobile-header-display":"","site-post-title":"","ast-breadcrumbs-content":"","ast-featured-img":"","footer-sml-layout":"","ast-disable-related-posts":"","theme-transparent-header-meta":"default","adv-header-id-meta":"","stick-header-meta":"default","header-above-stick-meta":"","header-main-stick-meta":"","header-below-stick-meta":"","astra-migrate-meta-layouts":"default","ast-page-background-enabled":"default","ast-page-background-meta":{"desktop":{"background-color":"","background-image":"","background-repeat":"repeat","background-position":"center center","background-size":"auto","background-attachment":"scroll","background-type":"","background-media":"","overlay-type":"","overlay-color":"","overlay-opacity":"","overlay-gradient":""},"tablet":{"background-color":"","background-image":"","background-repeat":"repeat","background-position":"center center","background-size":"auto","background-attachment":"scroll","background-type":"","background-media":"","overlay-type":"","overlay-color":"","overlay-opacity":"","overlay-gradient":""},"mobile":{"background-color":"","background-image":"","background-repeat":"repeat","background-position":"center center","background-size":"auto","background-attachment":"scroll","background-type":"","background-media":"","overlay-type":"","overlay-color":"","overlay-opacity":"","overlay-gradient":""}},"ast-content-background-meta":{"desktop":{"background-color":"var(--ast-global-color-5)","background-image":"","background-repeat":"repeat","background-position":"center center","background-size":"auto","background-attachment":"scroll","background-type":"","background-media":"","overlay-type":"","overlay-color":"","overlay-opacity":"","overlay-gradient":""},"tablet":{"background-color":"var(--ast-global-color-5)","background-image":"","background-repeat":"repeat","background-position":"center center","background-size":"auto","background-attachment":"scroll","background-type":"","background-media":"","overlay-type":"","overlay-color":"","overlay-opacity":"","overlay-gradient":""},"mobile":{"background-color":"var(--ast-global-color-5)","background-image":"","background-repeat":"repeat","background-position":"center center","background-size":"auto","background-attachment":"scroll","background-type":"","background-media":"","overlay-type":"","overlay-color":"","overlay-opacity":"","overlay-gradient":""}}},"product_brand":[],"product_cat":[279],"product_tag":[],"class_list":{"0":"post-11556","1":"product","2":"type-product","3":"status-publish","4":"has-post-thumbnail","6":"product_cat-semillas-de-marihuana-seedsshop","7":"desktop-align-left","8":"tablet-align-center","9":"mobile-align-left","10":"ast-product-gallery-layout-vertical","11":"ast-product-gallery-with-no-image","12":"ast-magnify-disabled","13":"ast-product-tabs-layout-horizontal","15":"first","16":"instock","17":"taxable","18":"shipping-taxable","19":"purchasable","20":"product-type-simple"},"yoast_head":"<!-- This site is optimized with the Yoast SEO Premium plugin v27.2 (Yoast SEO v27.4) - https:\/\/yoast.com\/product\/yoast-seo-premium-wordpress\/ -->\n<title>ROYAL MEDIC (ROYAL QUEEN SEEDS) FEMINISED (3 semillas\/paquete) - Blumiz - Premium CBD<\/title>\n<meta name=\"description\" content=\"ROYAL MEDIC (ROYAL QUEEN SEEDS) FEMINISED (3 semillas\/paquete) - Blumiz - Premium CBD\" \/>\n<meta name=\"robots\" content=\"index, follow, max-snippet:-1, max-image-preview:large, max-video-preview:-1\" \/>\n<link rel=\"canonical\" href=\"https:\/\/blumiz.com\/es\/producto\/royal-medic-royal-queen-seeds-feminised-3-semillas-paquete\/\" \/>\n<meta property=\"og:locale\" content=\"es_ES\" \/>\n<meta property=\"og:type\" content=\"article\" \/>\n<meta property=\"og:title\" content=\"ROYAL MEDIC (ROYAL QUEEN SEEDS) FEMINISED (3 semillas\/paquete)\" \/>\n<meta property=\"og:description\" content=\"ROYAL MEDIC (ROYAL QUEEN SEEDS) FEMINISED (3 semillas\/paquete) Blumiz - Premium CBD\" \/>\n<meta property=\"og:url\" content=\"https:\/\/blumiz.com\/es\/producto\/royal-medic-royal-queen-seeds-feminised-3-semillas-paquete\/\" \/>\n<meta property=\"og:site_name\" content=\"Blumiz - Premium CBD\" \/>\n<meta property=\"article:modified_time\" content=\"2023-06-03T11:46:57+00:00\" \/>\n<meta property=\"og:image\" content=\"https:\/\/blumiz.com\/wp-content\/uploads\/2022\/09\/Royal-Queen-Seeds-Royal-Medic-CBD-cannabis-seeds-3-seeds-pack.webp\" \/>\n\t<meta property=\"og:image:width\" content=\"600\" \/>\n\t<meta property=\"og:image:height\" content=\"600\" \/>\n\t<meta property=\"og:image:type\" content=\"image\/webp\" \/>\n<meta name=\"twitter:card\" content=\"summary_large_image\" \/>\n<meta name=\"twitter:label1\" content=\"Precio\" \/>\n\t<meta name=\"twitter:data1\" content=\"15,00&nbsp;&euro;\" \/>\n\t<meta name=\"twitter:label2\" content=\"Disponibilidad\" \/>\n\t<meta name=\"twitter:data2\" content=\"Disponible\" \/>\n<script type=\"application\/ld+json\" class=\"yoast-schema-graph\">{\"@context\":\"https:\\\/\\\/schema.org\",\"@graph\":[{\"@type\":\"WebPage\",\"@id\":\"https:\\\/\\\/blumiz.com\\\/es\\\/producto\\\/royal-medic-royal-queen-seeds-feminised-3-semillas-paquete\\\/\",\"url\":\"https:\\\/\\\/blumiz.com\\\/es\\\/producto\\\/royal-medic-royal-queen-seeds-feminised-3-semillas-paquete\\\/\",\"name\":\"ROYAL MEDIC (ROYAL QUEEN SEEDS) FEMINISED (3 semillas\\\/paquete) - Blumiz - Premium CBD\",\"isPartOf\":{\"@id\":\"https:\\\/\\\/blumiz.com\\\/es\\\/#website\"},\"primaryImageOfPage\":{\"@id\":\"https:\\\/\\\/blumiz.com\\\/es\\\/producto\\\/royal-medic-royal-queen-seeds-feminised-3-semillas-paquete\\\/#primaryimage\"},\"image\":{\"@id\":\"https:\\\/\\\/blumiz.com\\\/es\\\/producto\\\/royal-medic-royal-queen-seeds-feminised-3-semillas-paquete\\\/#primaryimage\"},\"thumbnailUrl\":\"https:\\\/\\\/blumiz.com\\\/wp-content\\\/uploads\\\/2022\\\/09\\\/Royal-Queen-Seeds-Royal-Medic-CBD-cannabis-seeds-3-seeds-pack.webp\",\"datePublished\":\"2022-09-09T14:51:08+00:00\",\"dateModified\":\"2023-06-03T11:46:57+00:00\",\"description\":\"ROYAL MEDIC (ROYAL QUEEN SEEDS) FEMINISED (3 semillas\\\/paquete) - Blumiz - Premium CBD\",\"breadcrumb\":{\"@id\":\"https:\\\/\\\/blumiz.com\\\/es\\\/producto\\\/royal-medic-royal-queen-seeds-feminised-3-semillas-paquete\\\/#breadcrumb\"},\"inLanguage\":\"es\",\"potentialAction\":[{\"@type\":\"ReadAction\",\"target\":[\"https:\\\/\\\/blumiz.com\\\/es\\\/producto\\\/royal-medic-royal-queen-seeds-feminised-3-semillas-paquete\\\/\"]}]},{\"@type\":\"ImageObject\",\"inLanguage\":\"es\",\"@id\":\"https:\\\/\\\/blumiz.com\\\/es\\\/producto\\\/royal-medic-royal-queen-seeds-feminised-3-semillas-paquete\\\/#primaryimage\",\"url\":\"https:\\\/\\\/blumiz.com\\\/wp-content\\\/uploads\\\/2022\\\/09\\\/Royal-Queen-Seeds-Royal-Medic-CBD-cannabis-seeds-3-seeds-pack.webp\",\"contentUrl\":\"https:\\\/\\\/blumiz.com\\\/wp-content\\\/uploads\\\/2022\\\/09\\\/Royal-Queen-Seeds-Royal-Medic-CBD-cannabis-seeds-3-seeds-pack.webp\",\"width\":600,\"height\":600},{\"@type\":\"BreadcrumbList\",\"@id\":\"https:\\\/\\\/blumiz.com\\\/es\\\/producto\\\/royal-medic-royal-queen-seeds-feminised-3-semillas-paquete\\\/#breadcrumb\",\"itemListElement\":[{\"@type\":\"ListItem\",\"position\":1,\"name\":\"Blumiz\",\"item\":\"https:\\\/\\\/blumiz.com\\\/es\\\/\"},{\"@type\":\"ListItem\",\"position\":2,\"name\":\"CBD Shop\",\"item\":\"https:\\\/\\\/blumiz.com\\\/es\\\/tienda\\\/\"},{\"@type\":\"ListItem\",\"position\":3,\"name\":\"ROYAL MEDIC (ROYAL QUEEN SEEDS) FEMINISED (3 semillas\\\/paquete)\"}]},{\"@type\":\"WebSite\",\"@id\":\"https:\\\/\\\/blumiz.com\\\/es\\\/#website\",\"url\":\"https:\\\/\\\/blumiz.com\\\/es\\\/\",\"name\":\"Blumiz - Premium CBD\",\"description\":\"Un CBD al mejor precio y de calidad superior\",\"publisher\":{\"@id\":\"https:\\\/\\\/blumiz.com\\\/es\\\/#organization\"},\"alternateName\":\"Blumiz\",\"potentialAction\":[{\"@type\":\"SearchAction\",\"target\":{\"@type\":\"EntryPoint\",\"urlTemplate\":\"https:\\\/\\\/blumiz.com\\\/es\\\/?s={search_term_string}\"},\"query-input\":{\"@type\":\"PropertyValueSpecification\",\"valueRequired\":true,\"valueName\":\"search_term_string\"}}],\"inLanguage\":\"es\"},{\"@type\":\"Organization\",\"@id\":\"https:\\\/\\\/blumiz.com\\\/es\\\/#organization\",\"name\":\"Blumiz CBD\",\"alternateName\":\"Blumiz\",\"url\":\"https:\\\/\\\/blumiz.com\\\/es\\\/\",\"logo\":{\"@type\":\"ImageObject\",\"inLanguage\":\"es\",\"@id\":\"https:\\\/\\\/blumiz.com\\\/es\\\/#\\\/schema\\\/logo\\\/image\\\/\",\"url\":\"https:\\\/\\\/blumiz.com\\\/wp-content\\\/uploads\\\/2026\\\/02\\\/cropped-Blumiz-CBD-logo.webp\",\"contentUrl\":\"https:\\\/\\\/blumiz.com\\\/wp-content\\\/uploads\\\/2026\\\/02\\\/cropped-Blumiz-CBD-logo.webp\",\"width\":2547,\"height\":778,\"caption\":\"Blumiz CBD\"},\"image\":{\"@id\":\"https:\\\/\\\/blumiz.com\\\/es\\\/#\\\/schema\\\/logo\\\/image\\\/\"}}]}<\/script>\n<meta property=\"product:price:amount\" content=\"15.00\" \/>\n<meta property=\"product:price:currency\" content=\"EUR\" \/>\n<meta property=\"og:availability\" content=\"instock\" \/>\n<meta property=\"product:availability\" content=\"instock\" \/>\n<meta property=\"product:retailer_item_id\" content=\"9623\" \/>\n<meta property=\"product:condition\" content=\"new\" \/>\n<!-- \/ Yoast SEO Premium plugin. -->","yoast_head_json":{"title":"ROYAL MEDIC (ROYAL QUEEN SEEDS) FEMINISED (3 semillas\/paquete) - Blumiz - Premium CBD","description":"ROYAL MEDIC (ROYAL QUEEN SEEDS) FEMINISED (3 semillas\/paquete) - Blumiz - Premium CBD","robots":{"index":"index","follow":"follow","max-snippet":"max-snippet:-1","max-image-preview":"max-image-preview:large","max-video-preview":"max-video-preview:-1"},"canonical":"https:\/\/blumiz.com\/es\/producto\/royal-medic-royal-queen-seeds-feminised-3-semillas-paquete\/","og_locale":"es_ES","og_type":"article","og_title":"ROYAL MEDIC (ROYAL QUEEN SEEDS) FEMINISED (3 semillas\/paquete)","og_description":"ROYAL MEDIC (ROYAL QUEEN SEEDS) FEMINISED (3 semillas\/paquete) Blumiz - Premium CBD","og_url":"https:\/\/blumiz.com\/es\/producto\/royal-medic-royal-queen-seeds-feminised-3-semillas-paquete\/","og_site_name":"Blumiz - Premium CBD","article_modified_time":"2023-06-03T11:46:57+00:00","og_image":[{"width":600,"height":600,"url":"https:\/\/blumiz.com\/wp-content\/uploads\/2022\/09\/Royal-Queen-Seeds-Royal-Medic-CBD-cannabis-seeds-3-seeds-pack.webp","type":"image\/webp"}],"twitter_card":"summary_large_image","twitter_misc":{"Precio":"15,00&nbsp;&euro;","Disponibilidad":"Disponible"},"schema":{"@context":"https:\/\/schema.org","@graph":[{"@type":"WebPage","@id":"https:\/\/blumiz.com\/es\/producto\/royal-medic-royal-queen-seeds-feminised-3-semillas-paquete\/","url":"https:\/\/blumiz.com\/es\/producto\/royal-medic-royal-queen-seeds-feminised-3-semillas-paquete\/","name":"ROYAL MEDIC (ROYAL QUEEN SEEDS) FEMINISED (3 semillas\/paquete) - Blumiz - Premium CBD","isPartOf":{"@id":"https:\/\/blumiz.com\/es\/#website"},"primaryImageOfPage":{"@id":"https:\/\/blumiz.com\/es\/producto\/royal-medic-royal-queen-seeds-feminised-3-semillas-paquete\/#primaryimage"},"image":{"@id":"https:\/\/blumiz.com\/es\/producto\/royal-medic-royal-queen-seeds-feminised-3-semillas-paquete\/#primaryimage"},"thumbnailUrl":"https:\/\/blumiz.com\/wp-content\/uploads\/2022\/09\/Royal-Queen-Seeds-Royal-Medic-CBD-cannabis-seeds-3-seeds-pack.webp","datePublished":"2022-09-09T14:51:08+00:00","dateModified":"2023-06-03T11:46:57+00:00","description":"ROYAL MEDIC (ROYAL QUEEN SEEDS) FEMINISED (3 semillas\/paquete) - Blumiz - Premium CBD","breadcrumb":{"@id":"https:\/\/blumiz.com\/es\/producto\/royal-medic-royal-queen-seeds-feminised-3-semillas-paquete\/#breadcrumb"},"inLanguage":"es","potentialAction":[{"@type":"ReadAction","target":["https:\/\/blumiz.com\/es\/producto\/royal-medic-royal-queen-seeds-feminised-3-semillas-paquete\/"]}]},{"@type":"ImageObject","inLanguage":"es","@id":"https:\/\/blumiz.com\/es\/producto\/royal-medic-royal-queen-seeds-feminised-3-semillas-paquete\/#primaryimage","url":"https:\/\/blumiz.com\/wp-content\/uploads\/2022\/09\/Royal-Queen-Seeds-Royal-Medic-CBD-cannabis-seeds-3-seeds-pack.webp","contentUrl":"https:\/\/blumiz.com\/wp-content\/uploads\/2022\/09\/Royal-Queen-Seeds-Royal-Medic-CBD-cannabis-seeds-3-seeds-pack.webp","width":600,"height":600},{"@type":"BreadcrumbList","@id":"https:\/\/blumiz.com\/es\/producto\/royal-medic-royal-queen-seeds-feminised-3-semillas-paquete\/#breadcrumb","itemListElement":[{"@type":"ListItem","position":1,"name":"Blumiz","item":"https:\/\/blumiz.com\/es\/"},{"@type":"ListItem","position":2,"name":"CBD Shop","item":"https:\/\/blumiz.com\/es\/tienda\/"},{"@type":"ListItem","position":3,"name":"ROYAL MEDIC (ROYAL QUEEN SEEDS) FEMINISED (3 semillas\/paquete)"}]},{"@type":"WebSite","@id":"https:\/\/blumiz.com\/es\/#website","url":"https:\/\/blumiz.com\/es\/","name":"Blumiz - Premium CBD","description":"Un CBD al mejor precio y de calidad superior","publisher":{"@id":"https:\/\/blumiz.com\/es\/#organization"},"alternateName":"Blumiz","potentialAction":[{"@type":"SearchAction","target":{"@type":"EntryPoint","urlTemplate":"https:\/\/blumiz.com\/es\/?s={search_term_string}"},"query-input":{"@type":"PropertyValueSpecification","valueRequired":true,"valueName":"search_term_string"}}],"inLanguage":"es"},{"@type":"Organization","@id":"https:\/\/blumiz.com\/es\/#organization","name":"Blumiz CBD","alternateName":"Blumiz","url":"https:\/\/blumiz.com\/es\/","logo":{"@type":"ImageObject","inLanguage":"es","@id":"https:\/\/blumiz.com\/es\/#\/schema\/logo\/image\/","url":"https:\/\/blumiz.com\/wp-content\/uploads\/2026\/02\/cropped-Blumiz-CBD-logo.webp","contentUrl":"https:\/\/blumiz.com\/wp-content\/uploads\/2026\/02\/cropped-Blumiz-CBD-logo.webp","width":2547,"height":778,"caption":"Blumiz CBD"},"image":{"@id":"https:\/\/blumiz.com\/es\/#\/schema\/logo\/image\/"}}]},"product_price_amount":"15.00","product_price_currency":"EUR","og_availability":"instock","product_availability":"instock","product_retailer_item_id":"9623","product_condition":"new"},"_links":{"self":[{"href":"https:\/\/blumiz.com\/es\/wp-json\/wp\/v2\/product\/11556","targetHints":{"allow":["GET"]}}],"collection":[{"href":"https:\/\/blumiz.com\/es\/wp-json\/wp\/v2\/product"}],"about":[{"href":"https:\/\/blumiz.com\/es\/wp-json\/wp\/v2\/types\/product"}],"replies":[{"embeddable":true,"href":"https:\/\/blumiz.com\/es\/wp-json\/wp\/v2\/comments?post=11556"}],"version-history":[{"count":0,"href":"https:\/\/blumiz.com\/es\/wp-json\/wp\/v2\/product\/11556\/revisions"}],"wp:featuredmedia":[{"embeddable":true,"href":"https:\/\/blumiz.com\/es\/wp-json\/wp\/v2\/media\/10510"}],"wp:attachment":[{"href":"https:\/\/blumiz.com\/es\/wp-json\/wp\/v2\/media?parent=11556"}],"wp:term":[{"taxonomy":"product_brand","embeddable":true,"href":"https:\/\/blumiz.com\/es\/wp-json\/wp\/v2\/product_brand?post=11556"},{"taxonomy":"product_cat","embeddable":true,"href":"https:\/\/blumiz.com\/es\/wp-json\/wp\/v2\/product_cat?post=11556"},{"taxonomy":"product_tag","embeddable":true,"href":"https:\/\/blumiz.com\/es\/wp-json\/wp\/v2\/product_tag?post=11556"}],"curies":[{"name":"wp","href":"https:\/\/api.w.org\/{rel}","templated":true}]}}