{"id":11559,"date":"2022-09-09T15:53:10","date_gmt":"2022-09-09T14:53:10","guid":{"rendered":"https:\/\/blumiz.com\/produkt\/altura-real-cbd-semillas-reina-real-feminizada-3-semillas-paquete\/"},"modified":"2023-06-03T12:46:58","modified_gmt":"2023-06-03T11:46:58","slug":"altura-real-cbd-semillas-reina-real-feminizada-3-semillas-paquete","status":"publish","type":"product","link":"https:\/\/blumiz.com\/es\/producto\/altura-real-cbd-semillas-reina-real-feminizada-3-semillas-paquete\/","title":{"rendered":"ALTURA REAL CBD (SEMILLAS REINA REAL) FEMINIZADA (3 semillas\/paquete)"},"content":{"rendered":"<h2>ROYAL QUEEN SEEDS &#8211; ALTEZA REAL: UN COLOC\u00d3N CLARO Y CONCENTRADO<\/h2>\n<p>Royal Highness de Royal Queen Seeds es el resultado de las variedades parentales Respect y Dancehall. La primera es conocida por su alto contenido en CBD y sus propiedades sativas. Al combinarla con Dancehall, otra variedad rica en CBD, Royal Highness satisface las diversas demandas de los consumidores medicinales sin &#8220;incapacitarlos&#8221; con un efecto \u00edndica demasiado fuerte.<\/p>\n<p>Las plantas de esta variedad tienen un fuerte aroma dulce y afrutado con notas subliminales de Skunk. Su humo es intenso, dulce y agradable, produciendo un coloc\u00f3n activo y claro, pero sin el t\u00edpico efecto euf\u00f3rico de las variedades sativa. La combinaci\u00f3n especial de CBD y THC te permite aliviar la tensi\u00f3n f\u00edsica sin limitar tu capacidad para llevar a cabo las responsabilidades cotidianas.<\/p>\n<p>Royal Highness se ha desarrollado especialmente para consumidores medicinales y es adecuado para aliviar la inflamaci\u00f3n, el dolor, la ansiedad, el estr\u00e9s y los calambres. Aunque la cepa puede resultar m\u00e1s atractiva para los usuarios medicinales, eso no significa que los consumidores recreativos no vayan a sacar provecho de su dinero. Aunque normalmente prefieras otras cepas, su perfil \u00fanico de cannabinoides puede hacer maravillas para cambiar tu rutina diaria de consumo. Por ejemplo, si quieres colocarte y seguir rindiendo al m\u00e1ximo en el trabajo, Royal Higness puede ayudarte a conseguirlo sin limitarte.<\/p>\n<p>Las plantas de esta variedad son muy f\u00e1ciles de cultivar y resultan adecuadas para cultivadores sin experiencia. Adem\u00e1s del ligero car\u00e1cter de sativa dominante, las plantas muestran caracter\u00edsticas de \u00edndica en crecimiento &#8211; bastante peque\u00f1as y compactas. La elevada proporci\u00f3n flor\/hoja permite la producci\u00f3n de concentrados a partir de los restos que quedan al recortar los cogollos. Adem\u00e1s, su tiempo de floraci\u00f3n es de 56-63 d\u00edas para unos rendimientos \u00f3ptimos. Esto hace que la cepa sea perfecta para cultivadores comerciales que quieran servir principalmente a consumidores medicinales.<\/p>\n<p>Royal Highness de Royal Queen Seeds se puede cultivar en un cuarto de cultivo, al aire libre o en un invernadero. En exterior, se puede esperar un rendimiento de unos 425-475 g por planta. En condiciones \u00f3ptimas, una sala de cultivo puede albergar 600 g\/m\u00b2. La altura de las plantas puede variar entre 0,8 y 1,1 m. Royal Highness es una cepa de primera clase con un subid\u00f3n claro que relaja el cuerpo. No importa si eres un usuario medicinal o un consumidor recreativo, todo amante del c\u00e1\u00f1amo encontrar\u00e1 una aplicaci\u00f3n adecuada para esta cepa.<\/p>\n<table id=\"idTab2\" class=\"features-table\">\n<caption class=\"h3\">ALTEZA REAL (ROYAL QUEEN SEEDS) FEMINIZADA FICHA T\u00c9CNICA<\/caption>\n<tbody>\n<tr>\n<th>Marca<\/th>\n<td>Semillas Royal Queen<\/td>\n<\/tr>\n<tr>\n<th>Gen\u00e9tica<\/th>\n<td>40% Indica \/ 60% Sativa<\/td>\n<\/tr>\n<tr>\n<th>Padres<\/th>\n<td>Respeto 13 x Juanita la Lagrimosa<\/td>\n<\/tr>\n<tr>\n<th>Floraci\u00f3n<\/th>\n<td>9-10 semanas<\/td>\n<\/tr>\n<tr>\n<th>THC<\/th>\n<td>14%<\/td>\n<\/tr>\n<tr>\n<th>CBD<\/th>\n<td>12%<\/td>\n<\/tr>\n<tr>\n<th>CBD:THC<\/th>\n<td>1 : 1.2<\/td>\n<\/tr>\n<tr>\n<th>Rendimiento cultivo interior<\/th>\n<td>550-600 gr\/m\u00b2<\/td>\n<\/tr>\n<tr>\n<th>Rendimiento cultivo exterior<\/th>\n<td>500-550 gr\/planta<\/td>\n<\/tr>\n<tr>\n<th>Altura interior<\/th>\n<td>80 cm<\/td>\n<\/tr>\n<tr>\n<th>Altura exterior<\/th>\n<td>110 cm<\/td>\n<\/tr>\n<tr>\n<th>Disponible como<\/th>\n<td>Semillas feminizadas<\/td>\n<\/tr>\n<tr>\n<th>Tipo de flor<\/th>\n<td>Fotoperi\u00f3dico<\/td>\n<\/tr>\n<tr>\n<th>G\u00e9nero<\/th>\n<td>Feminizada<\/td>\n<\/tr>\n<\/tbody>\n<\/table>\n","protected":false},"excerpt":{"rendered":"<p>Royal Highness de Royal Queen Seeds es un h\u00edbrido excepcional especialmente para usuarios medicinales. Tiene un alto contenido de THC que te concentra y te relaja sin desencadenar los intensos efectos psicoactivos y let\u00e1rgicos de otras cepas. \u00bfBuscas altos rendimientos con cogollos medicinales pero no quieres esperar eternamente? Puede que te guste Alteza Real.<\/p>\n","protected":false},"featured_media":10509,"comment_status":"open","ping_status":"closed","template":"","meta":{"site-sidebar-layout":"default","site-content-layout":"default","ast-site-content-layout":"default","site-content-style":"default","site-sidebar-style":"default","ast-global-header-display":"","ast-banner-title-visibility":"","ast-main-header-display":"","ast-hfb-above-header-display":"","ast-hfb-below-header-display":"","ast-hfb-mobile-header-display":"","site-post-title":"","ast-breadcrumbs-content":"","ast-featured-img":"","footer-sml-layout":"","ast-disable-related-posts":"","theme-transparent-header-meta":"default","adv-header-id-meta":"","stick-header-meta":"default","header-above-stick-meta":"","header-main-stick-meta":"","header-below-stick-meta":"","astra-migrate-meta-layouts":"default","ast-page-background-enabled":"default","ast-page-background-meta":{"desktop":{"background-color":"","background-image":"","background-repeat":"repeat","background-position":"center center","background-size":"auto","background-attachment":"scroll","background-type":"","background-media":"","overlay-type":"","overlay-color":"","overlay-opacity":"","overlay-gradient":""},"tablet":{"background-color":"","background-image":"","background-repeat":"repeat","background-position":"center center","background-size":"auto","background-attachment":"scroll","background-type":"","background-media":"","overlay-type":"","overlay-color":"","overlay-opacity":"","overlay-gradient":""},"mobile":{"background-color":"","background-image":"","background-repeat":"repeat","background-position":"center center","background-size":"auto","background-attachment":"scroll","background-type":"","background-media":"","overlay-type":"","overlay-color":"","overlay-opacity":"","overlay-gradient":""}},"ast-content-background-meta":{"desktop":{"background-color":"var(--ast-global-color-5)","background-image":"","background-repeat":"repeat","background-position":"center center","background-size":"auto","background-attachment":"scroll","background-type":"","background-media":"","overlay-type":"","overlay-color":"","overlay-opacity":"","overlay-gradient":""},"tablet":{"background-color":"var(--ast-global-color-5)","background-image":"","background-repeat":"repeat","background-position":"center center","background-size":"auto","background-attachment":"scroll","background-type":"","background-media":"","overlay-type":"","overlay-color":"","overlay-opacity":"","overlay-gradient":""},"mobile":{"background-color":"var(--ast-global-color-5)","background-image":"","background-repeat":"repeat","background-position":"center center","background-size":"auto","background-attachment":"scroll","background-type":"","background-media":"","overlay-type":"","overlay-color":"","overlay-opacity":"","overlay-gradient":""}}},"product_brand":[],"product_cat":[279],"product_tag":[],"class_list":{"0":"post-11559","1":"product","2":"type-product","3":"status-publish","4":"has-post-thumbnail","6":"product_cat-semillas-de-marihuana-seedsshop","7":"desktop-align-left","8":"tablet-align-center","9":"mobile-align-left","10":"ast-product-gallery-layout-vertical","11":"ast-product-gallery-with-no-image","12":"ast-magnify-disabled","13":"ast-product-tabs-layout-horizontal","15":"first","16":"instock","17":"taxable","18":"shipping-taxable","19":"purchasable","20":"product-type-simple"},"yoast_head":"<!-- This site is optimized with the Yoast SEO Premium plugin v27.2 (Yoast SEO v27.4) - https:\/\/yoast.com\/product\/yoast-seo-premium-wordpress\/ -->\n<title>ALTURA REAL CBD (SEMILLAS REINA REAL) FEMINIZADA (3 semillas\/paquete) - Blumiz - Premium CBD<\/title>\n<meta name=\"description\" content=\"ALTURA REAL CBD (SEMILLAS REINA REAL) FEMINIZADA (3 semillas\/paquete) - Blumiz - Premium CBD\" \/>\n<meta name=\"robots\" content=\"index, follow, max-snippet:-1, max-image-preview:large, max-video-preview:-1\" \/>\n<link rel=\"canonical\" href=\"https:\/\/blumiz.com\/es\/producto\/altura-real-cbd-semillas-reina-real-feminizada-3-semillas-paquete\/\" \/>\n<meta property=\"og:locale\" content=\"es_ES\" \/>\n<meta property=\"og:type\" content=\"article\" \/>\n<meta property=\"og:title\" content=\"ALTURA REAL CBD (SEMILLAS REINA REAL) FEMINIZADA (3 semillas\/paquete)\" \/>\n<meta property=\"og:description\" content=\"ALTURA REAL CBD (SEMILLAS REINA REAL) FEMINIZADA (3 semillas\/paquete) Blumiz - Premium CBD\" \/>\n<meta property=\"og:url\" content=\"https:\/\/blumiz.com\/es\/producto\/altura-real-cbd-semillas-reina-real-feminizada-3-semillas-paquete\/\" \/>\n<meta property=\"og:site_name\" content=\"Blumiz - Premium CBD\" \/>\n<meta property=\"article:modified_time\" content=\"2023-06-03T11:46:58+00:00\" \/>\n<meta property=\"og:image\" content=\"https:\/\/blumiz.com\/wp-content\/uploads\/2022\/09\/Royal-Queen-Seeds-Royal-Highness-CBD-cannabis-seeds-3-seeds-pack.webp\" \/>\n\t<meta property=\"og:image:width\" content=\"600\" \/>\n\t<meta property=\"og:image:height\" content=\"600\" \/>\n\t<meta property=\"og:image:type\" content=\"image\/webp\" \/>\n<meta name=\"twitter:card\" content=\"summary_large_image\" \/>\n<meta name=\"twitter:label1\" content=\"Precio\" \/>\n\t<meta name=\"twitter:data1\" content=\"17,50&nbsp;&euro;\" \/>\n\t<meta name=\"twitter:label2\" content=\"Disponibilidad\" \/>\n\t<meta name=\"twitter:data2\" content=\"Disponible\" \/>\n<script type=\"application\/ld+json\" class=\"yoast-schema-graph\">{\"@context\":\"https:\\\/\\\/schema.org\",\"@graph\":[{\"@type\":\"WebPage\",\"@id\":\"https:\\\/\\\/blumiz.com\\\/es\\\/producto\\\/altura-real-cbd-semillas-reina-real-feminizada-3-semillas-paquete\\\/\",\"url\":\"https:\\\/\\\/blumiz.com\\\/es\\\/producto\\\/altura-real-cbd-semillas-reina-real-feminizada-3-semillas-paquete\\\/\",\"name\":\"ALTURA REAL CBD (SEMILLAS REINA REAL) FEMINIZADA (3 semillas\\\/paquete) - Blumiz - Premium CBD\",\"isPartOf\":{\"@id\":\"https:\\\/\\\/blumiz.com\\\/es\\\/#website\"},\"primaryImageOfPage\":{\"@id\":\"https:\\\/\\\/blumiz.com\\\/es\\\/producto\\\/altura-real-cbd-semillas-reina-real-feminizada-3-semillas-paquete\\\/#primaryimage\"},\"image\":{\"@id\":\"https:\\\/\\\/blumiz.com\\\/es\\\/producto\\\/altura-real-cbd-semillas-reina-real-feminizada-3-semillas-paquete\\\/#primaryimage\"},\"thumbnailUrl\":\"https:\\\/\\\/blumiz.com\\\/wp-content\\\/uploads\\\/2022\\\/09\\\/Royal-Queen-Seeds-Royal-Highness-CBD-cannabis-seeds-3-seeds-pack.webp\",\"datePublished\":\"2022-09-09T14:53:10+00:00\",\"dateModified\":\"2023-06-03T11:46:58+00:00\",\"description\":\"ALTURA REAL CBD (SEMILLAS REINA REAL) FEMINIZADA (3 semillas\\\/paquete) - Blumiz - Premium CBD\",\"breadcrumb\":{\"@id\":\"https:\\\/\\\/blumiz.com\\\/es\\\/producto\\\/altura-real-cbd-semillas-reina-real-feminizada-3-semillas-paquete\\\/#breadcrumb\"},\"inLanguage\":\"es\",\"potentialAction\":[{\"@type\":\"ReadAction\",\"target\":[\"https:\\\/\\\/blumiz.com\\\/es\\\/producto\\\/altura-real-cbd-semillas-reina-real-feminizada-3-semillas-paquete\\\/\"]}]},{\"@type\":\"ImageObject\",\"inLanguage\":\"es\",\"@id\":\"https:\\\/\\\/blumiz.com\\\/es\\\/producto\\\/altura-real-cbd-semillas-reina-real-feminizada-3-semillas-paquete\\\/#primaryimage\",\"url\":\"https:\\\/\\\/blumiz.com\\\/wp-content\\\/uploads\\\/2022\\\/09\\\/Royal-Queen-Seeds-Royal-Highness-CBD-cannabis-seeds-3-seeds-pack.webp\",\"contentUrl\":\"https:\\\/\\\/blumiz.com\\\/wp-content\\\/uploads\\\/2022\\\/09\\\/Royal-Queen-Seeds-Royal-Highness-CBD-cannabis-seeds-3-seeds-pack.webp\",\"width\":600,\"height\":600},{\"@type\":\"BreadcrumbList\",\"@id\":\"https:\\\/\\\/blumiz.com\\\/es\\\/producto\\\/altura-real-cbd-semillas-reina-real-feminizada-3-semillas-paquete\\\/#breadcrumb\",\"itemListElement\":[{\"@type\":\"ListItem\",\"position\":1,\"name\":\"Blumiz\",\"item\":\"https:\\\/\\\/blumiz.com\\\/es\\\/\"},{\"@type\":\"ListItem\",\"position\":2,\"name\":\"CBD Shop\",\"item\":\"https:\\\/\\\/blumiz.com\\\/es\\\/tienda\\\/\"},{\"@type\":\"ListItem\",\"position\":3,\"name\":\"ALTURA REAL CBD (SEMILLAS REINA REAL) FEMINIZADA (3 semillas\\\/paquete)\"}]},{\"@type\":\"WebSite\",\"@id\":\"https:\\\/\\\/blumiz.com\\\/es\\\/#website\",\"url\":\"https:\\\/\\\/blumiz.com\\\/es\\\/\",\"name\":\"Blumiz - Premium CBD\",\"description\":\"Un CBD al mejor precio y de calidad superior\",\"publisher\":{\"@id\":\"https:\\\/\\\/blumiz.com\\\/es\\\/#organization\"},\"alternateName\":\"Blumiz\",\"potentialAction\":[{\"@type\":\"SearchAction\",\"target\":{\"@type\":\"EntryPoint\",\"urlTemplate\":\"https:\\\/\\\/blumiz.com\\\/es\\\/?s={search_term_string}\"},\"query-input\":{\"@type\":\"PropertyValueSpecification\",\"valueRequired\":true,\"valueName\":\"search_term_string\"}}],\"inLanguage\":\"es\"},{\"@type\":\"Organization\",\"@id\":\"https:\\\/\\\/blumiz.com\\\/es\\\/#organization\",\"name\":\"Blumiz CBD\",\"alternateName\":\"Blumiz\",\"url\":\"https:\\\/\\\/blumiz.com\\\/es\\\/\",\"logo\":{\"@type\":\"ImageObject\",\"inLanguage\":\"es\",\"@id\":\"https:\\\/\\\/blumiz.com\\\/es\\\/#\\\/schema\\\/logo\\\/image\\\/\",\"url\":\"https:\\\/\\\/blumiz.com\\\/wp-content\\\/uploads\\\/2026\\\/02\\\/cropped-Blumiz-CBD-logo.webp\",\"contentUrl\":\"https:\\\/\\\/blumiz.com\\\/wp-content\\\/uploads\\\/2026\\\/02\\\/cropped-Blumiz-CBD-logo.webp\",\"width\":2547,\"height\":778,\"caption\":\"Blumiz CBD\"},\"image\":{\"@id\":\"https:\\\/\\\/blumiz.com\\\/es\\\/#\\\/schema\\\/logo\\\/image\\\/\"}}]}<\/script>\n<meta property=\"product:price:amount\" content=\"17.50\" \/>\n<meta property=\"product:price:currency\" content=\"EUR\" \/>\n<meta property=\"og:availability\" content=\"instock\" \/>\n<meta property=\"product:availability\" content=\"instock\" \/>\n<meta property=\"product:retailer_item_id\" content=\"85362\" \/>\n<meta property=\"product:condition\" content=\"new\" \/>\n<!-- \/ Yoast SEO Premium plugin. -->","yoast_head_json":{"title":"ALTURA REAL CBD (SEMILLAS REINA REAL) FEMINIZADA (3 semillas\/paquete) - Blumiz - Premium CBD","description":"ALTURA REAL CBD (SEMILLAS REINA REAL) FEMINIZADA (3 semillas\/paquete) - Blumiz - Premium CBD","robots":{"index":"index","follow":"follow","max-snippet":"max-snippet:-1","max-image-preview":"max-image-preview:large","max-video-preview":"max-video-preview:-1"},"canonical":"https:\/\/blumiz.com\/es\/producto\/altura-real-cbd-semillas-reina-real-feminizada-3-semillas-paquete\/","og_locale":"es_ES","og_type":"article","og_title":"ALTURA REAL CBD (SEMILLAS REINA REAL) FEMINIZADA (3 semillas\/paquete)","og_description":"ALTURA REAL CBD (SEMILLAS REINA REAL) FEMINIZADA (3 semillas\/paquete) Blumiz - Premium CBD","og_url":"https:\/\/blumiz.com\/es\/producto\/altura-real-cbd-semillas-reina-real-feminizada-3-semillas-paquete\/","og_site_name":"Blumiz - Premium CBD","article_modified_time":"2023-06-03T11:46:58+00:00","og_image":[{"width":600,"height":600,"url":"https:\/\/blumiz.com\/wp-content\/uploads\/2022\/09\/Royal-Queen-Seeds-Royal-Highness-CBD-cannabis-seeds-3-seeds-pack.webp","type":"image\/webp"}],"twitter_card":"summary_large_image","twitter_misc":{"Precio":"17,50&nbsp;&euro;","Disponibilidad":"Disponible"},"schema":{"@context":"https:\/\/schema.org","@graph":[{"@type":"WebPage","@id":"https:\/\/blumiz.com\/es\/producto\/altura-real-cbd-semillas-reina-real-feminizada-3-semillas-paquete\/","url":"https:\/\/blumiz.com\/es\/producto\/altura-real-cbd-semillas-reina-real-feminizada-3-semillas-paquete\/","name":"ALTURA REAL CBD (SEMILLAS REINA REAL) FEMINIZADA (3 semillas\/paquete) - Blumiz - Premium CBD","isPartOf":{"@id":"https:\/\/blumiz.com\/es\/#website"},"primaryImageOfPage":{"@id":"https:\/\/blumiz.com\/es\/producto\/altura-real-cbd-semillas-reina-real-feminizada-3-semillas-paquete\/#primaryimage"},"image":{"@id":"https:\/\/blumiz.com\/es\/producto\/altura-real-cbd-semillas-reina-real-feminizada-3-semillas-paquete\/#primaryimage"},"thumbnailUrl":"https:\/\/blumiz.com\/wp-content\/uploads\/2022\/09\/Royal-Queen-Seeds-Royal-Highness-CBD-cannabis-seeds-3-seeds-pack.webp","datePublished":"2022-09-09T14:53:10+00:00","dateModified":"2023-06-03T11:46:58+00:00","description":"ALTURA REAL CBD (SEMILLAS REINA REAL) FEMINIZADA (3 semillas\/paquete) - Blumiz - Premium CBD","breadcrumb":{"@id":"https:\/\/blumiz.com\/es\/producto\/altura-real-cbd-semillas-reina-real-feminizada-3-semillas-paquete\/#breadcrumb"},"inLanguage":"es","potentialAction":[{"@type":"ReadAction","target":["https:\/\/blumiz.com\/es\/producto\/altura-real-cbd-semillas-reina-real-feminizada-3-semillas-paquete\/"]}]},{"@type":"ImageObject","inLanguage":"es","@id":"https:\/\/blumiz.com\/es\/producto\/altura-real-cbd-semillas-reina-real-feminizada-3-semillas-paquete\/#primaryimage","url":"https:\/\/blumiz.com\/wp-content\/uploads\/2022\/09\/Royal-Queen-Seeds-Royal-Highness-CBD-cannabis-seeds-3-seeds-pack.webp","contentUrl":"https:\/\/blumiz.com\/wp-content\/uploads\/2022\/09\/Royal-Queen-Seeds-Royal-Highness-CBD-cannabis-seeds-3-seeds-pack.webp","width":600,"height":600},{"@type":"BreadcrumbList","@id":"https:\/\/blumiz.com\/es\/producto\/altura-real-cbd-semillas-reina-real-feminizada-3-semillas-paquete\/#breadcrumb","itemListElement":[{"@type":"ListItem","position":1,"name":"Blumiz","item":"https:\/\/blumiz.com\/es\/"},{"@type":"ListItem","position":2,"name":"CBD Shop","item":"https:\/\/blumiz.com\/es\/tienda\/"},{"@type":"ListItem","position":3,"name":"ALTURA REAL CBD (SEMILLAS REINA REAL) FEMINIZADA (3 semillas\/paquete)"}]},{"@type":"WebSite","@id":"https:\/\/blumiz.com\/es\/#website","url":"https:\/\/blumiz.com\/es\/","name":"Blumiz - Premium CBD","description":"Un CBD al mejor precio y de calidad superior","publisher":{"@id":"https:\/\/blumiz.com\/es\/#organization"},"alternateName":"Blumiz","potentialAction":[{"@type":"SearchAction","target":{"@type":"EntryPoint","urlTemplate":"https:\/\/blumiz.com\/es\/?s={search_term_string}"},"query-input":{"@type":"PropertyValueSpecification","valueRequired":true,"valueName":"search_term_string"}}],"inLanguage":"es"},{"@type":"Organization","@id":"https:\/\/blumiz.com\/es\/#organization","name":"Blumiz CBD","alternateName":"Blumiz","url":"https:\/\/blumiz.com\/es\/","logo":{"@type":"ImageObject","inLanguage":"es","@id":"https:\/\/blumiz.com\/es\/#\/schema\/logo\/image\/","url":"https:\/\/blumiz.com\/wp-content\/uploads\/2026\/02\/cropped-Blumiz-CBD-logo.webp","contentUrl":"https:\/\/blumiz.com\/wp-content\/uploads\/2026\/02\/cropped-Blumiz-CBD-logo.webp","width":2547,"height":778,"caption":"Blumiz CBD"},"image":{"@id":"https:\/\/blumiz.com\/es\/#\/schema\/logo\/image\/"}}]},"product_price_amount":"17.50","product_price_currency":"EUR","og_availability":"instock","product_availability":"instock","product_retailer_item_id":"85362","product_condition":"new"},"_links":{"self":[{"href":"https:\/\/blumiz.com\/es\/wp-json\/wp\/v2\/product\/11559","targetHints":{"allow":["GET"]}}],"collection":[{"href":"https:\/\/blumiz.com\/es\/wp-json\/wp\/v2\/product"}],"about":[{"href":"https:\/\/blumiz.com\/es\/wp-json\/wp\/v2\/types\/product"}],"replies":[{"embeddable":true,"href":"https:\/\/blumiz.com\/es\/wp-json\/wp\/v2\/comments?post=11559"}],"version-history":[{"count":0,"href":"https:\/\/blumiz.com\/es\/wp-json\/wp\/v2\/product\/11559\/revisions"}],"wp:featuredmedia":[{"embeddable":true,"href":"https:\/\/blumiz.com\/es\/wp-json\/wp\/v2\/media\/10509"}],"wp:attachment":[{"href":"https:\/\/blumiz.com\/es\/wp-json\/wp\/v2\/media?parent=11559"}],"wp:term":[{"taxonomy":"product_brand","embeddable":true,"href":"https:\/\/blumiz.com\/es\/wp-json\/wp\/v2\/product_brand?post=11559"},{"taxonomy":"product_cat","embeddable":true,"href":"https:\/\/blumiz.com\/es\/wp-json\/wp\/v2\/product_cat?post=11559"},{"taxonomy":"product_tag","embeddable":true,"href":"https:\/\/blumiz.com\/es\/wp-json\/wp\/v2\/product_tag?post=11559"}],"curies":[{"name":"wp","href":"https:\/\/api.w.org\/{rel}","templated":true}]}}