{"id":11560,"date":"2022-09-09T15:43:59","date_gmt":"2022-09-09T14:43:59","guid":{"rendered":"https:\/\/blumiz.com\/produkt\/gorila-real-semillas-reina-real-feminizada-3-semillas-paquete\/"},"modified":"2023-06-03T12:46:58","modified_gmt":"2023-06-03T11:46:58","slug":"gorila-real-semillas-reina-real-feminizada-3-semillas-paquete","status":"publish","type":"product","link":"https:\/\/blumiz.com\/es\/producto\/gorila-real-semillas-reina-real-feminizada-3-semillas-paquete\/","title":{"rendered":"GORILA REAL (SEMILLAS REINA REAL) FEMINIZADA (3 semillas\/paquete)"},"content":{"rendered":"<h2>ROYAL QUEEN SEEDS &#8211; ROYAL GORILLA: LEYENDA EXTREMADAMENTE POTENTE DE EE.UU.<\/h2>\n<p>No todos los d\u00edas llegan al otro lado del charco nuevas variedades procedentes de EE.UU. y los amantes del cannabis de Europa esperan su aparici\u00f3n con tanta expectaci\u00f3n como en el caso de Gorilla Glue. El h\u00edbrido ya caus\u00f3 sensaci\u00f3n en Estados Unidos, donde alcanz\u00f3 un estatus absolutamente legendario poco despu\u00e9s de su descubrimiento, que por cierto fue totalmente accidental y un tanto extra\u00f1o.<\/p>\n<p>En efecto, debe su descubrimiento a dos criadores, Joesy Wales y Lonie Watie, de Estados Unidos. Sucedi\u00f3 que Chem Sis de Joesy desarroll\u00f3 accidentalmente dos sexos y poliniz\u00f3 su Sour Dubb. Normalmente, esto es un desastre para los criadores. Por razones que desconocemos (ya sea el karma, fuerzas espirituales o simplemente una suerte incre\u00edble), Lonie conserv\u00f3 las semillas &#8220;estropeadas&#8221; cuando Joesy arranc\u00f3 la planta. Probablemente por pura curiosidad, sin sospechar nada, Lonie dej\u00f3 m\u00e1s tarde que algunas de las semillas germinaran y salieran a la luz, \u00bfqui\u00e9n lo hubiera dicho? Ha nacido una de las variedades m\u00e1s espectaculares de los \u00faltimos a\u00f1os: Gorilla Glue, o en este caso la versi\u00f3n de Royal Queen Seeds, Royal Gorilla.<\/p>\n<p>Como har\u00eda cualquier criador serio, Lonie y Joesy enviaron primero la nueva variedad al laboratorio para someterla a pruebas. Se quedaron boquiabiertos cuando vieron los resultados de las primeras pruebas. Royal Gorilla podr\u00eda mostrar un impresionante contenido medio de THC del 24-26%. Algunos de los fenotipos examinados podr\u00edan incluso superar esta marca y mostrar un contenido absolutamente incre\u00edble del 30% de THC. Un valor que no se ha vuelto a medir hasta hoy.<\/p>\n<p>Sin embargo, no fue el contenido incre\u00edblemente alto de THC lo que hizo que todo el mundo se diera cuenta de que se trataba de un nuevo h\u00edbrido extraordinario. Cada vez que tocaban la planta, sus manos se quedaban pegadas por todas partes y debido a la producci\u00f3n de resina de la cepa, se les ocurri\u00f3 un nombre para la cepa y la llamaron &#8220;Gorilla Glue&#8221;. Otra interpretaci\u00f3n del nombre es la descripci\u00f3n por su efecto extremadamente relajante sobre el cuerpo, que le dejar\u00e1 literalmente &#8220;pegado&#8221; a su sof\u00e1 en la m\u00e1s profunda relajaci\u00f3n. No obstante, su subid\u00f3n se complementa con una agradable euforia.<\/p>\n<p>Cuando se trata de altos rendimientos, es poco probable que Royal Gorilla gane alg\u00fan premio. Sin embargo, en vista de la excepcional calidad de sus flores, esto pasa r\u00e1pidamente a un segundo plano. Como dice el refr\u00e1n: &#8220;Clase en vez de masa&#8221;. Ni siquiera se necesitan habilidades especiales para cosechar estas flores de primera clase y excesivamente potentes. Puedes cultivar Royal Gorilla pr\u00e1cticamente en cualquier sitio. Ya sea al aire libre o en el cuarto de cultivo. En cualquier caso, puede esperar enormes capullos florales en una hermosa planta con maravillosas hojas verdes. La planta brilla al sol gracias a la enorme cantidad de tricomas pegajosos. Esta planta 50:50 Indica:Sativa produce un rendimiento de hasta 550g\/m\u00b2 en interior. En exterior, el rendimiento es de hasta 600 g por planta.<\/p>\n<p>Como ya se ha mencionado, Royal Gorilla tiene un contenido de THC incre\u00edblemente alto del 24-26%. Sin embargo, no deber\u00eda sorprenderle que algunas plantas incluso superen esta marca y, con los cuidados adecuados, tengan casi un 30% de THC. Es un cruce extremadamente potente con un subid\u00f3n incre\u00edblemente relajante que hace de la Royal Gorilla la variedad perfecta para aliviar el estr\u00e9s o relajarse. Pero a diferencia de otras cepas ricas en THC, no te deja completamente apagado e incapaz de actuar durante el resto del d\u00eda. Su euforia edificante y muy alegre que acompa\u00f1a al efecto relajante las hace muy especiales.<\/p>\n<p>Gracias a su potencia, Royal Gorilla es muy adecuado para usuarios medicinales que necesitan un medicamento potente y eficaz. Puede contribuir al tratamiento de una amplia gama de s\u00edntomas, como el dolor cr\u00f3nico, los trastornos del sue\u00f1o y muchas otras afecciones m\u00e9dicas.<\/p>\n<p>El sabor de Royal Gorilla combina aromas terrosos y dulces con notas de lima y pino. Cuando se fuma, proporciona una experiencia agradable y absolutamente deliciosa, \u00a1una aut\u00e9ntica delicia para cualquier verdadero cannabinieri!<\/p>\n<p>Su potencia, junto con su producci\u00f3n de resina excepcionalmente alta y su gran sabor, son las razones por las que Gorilla Glue ya ha ganado varios premios. Entre ellos se incluyen los primeros puestos tanto en la Cannabis Cup 2014 como en la World Cannabis Cup 2015 en la Categor\u00eda mejor h\u00edbrido.<\/p>\n<p>Siembra algunas semillas y \u00fanete a la gran comunidad de fans del Gorila Real. Una cosa es segura: \u00a1merece la pena cultivar este espectacular h\u00edbrido!<\/p>\n<table id=\"idTab2\" class=\"features-table\">\n<caption class=\"h3\">ROYAL GORILLA (ROYAL QUEEN SEEDS) FEMINIZADA FICHA T\u00c9CNICA<\/caption>\n<tbody>\n<tr>\n<th>Marca<\/th>\n<td>Semillas Royal Queen<\/td>\n<\/tr>\n<tr>\n<th>Gen\u00e9tica<\/th>\n<td>50% Indica \/ 50% Sativa<\/td>\n<\/tr>\n<tr>\n<th>Padres<\/th>\n<td>Sour Dubb x Chem Sis x Chocolate Diesel<\/td>\n<\/tr>\n<tr>\n<th>Floraci\u00f3n<\/th>\n<td>8-9 semanas<\/td>\n<\/tr>\n<tr>\n<th>THC<\/th>\n<td>26%<\/td>\n<\/tr>\n<tr>\n<th>Rendimiento cultivo interior<\/th>\n<td>500-550 gr\/m\u00b2<\/td>\n<\/tr>\n<tr>\n<th>Rendimiento cultivo exterior<\/th>\n<td>550-600 gr\/planta<\/td>\n<\/tr>\n<tr>\n<th>Altura interior<\/th>\n<td>160 cm<\/td>\n<\/tr>\n<tr>\n<th>Altura exterior<\/th>\n<td>170 cm<\/td>\n<\/tr>\n<tr>\n<th>Disponible como<\/th>\n<td>Semillas feminizadas<\/td>\n<\/tr>\n<tr>\n<th>Tipo de flor<\/th>\n<td>Fotoperi\u00f3dico<\/td>\n<\/tr>\n<tr>\n<th>G\u00e9nero<\/th>\n<td>Feminizada<\/td>\n<\/tr>\n<\/tbody>\n<\/table>\n","protected":false},"excerpt":{"rendered":"<p>Llamar a la Royal Gorilla de Royal Queen Seeds un h\u00edbrido potente puede no hacerle justicia, teniendo en cuenta su marcado contenido de THC de hasta el 27%. Esta cepa ultrapotente s\u00f3lo ha estado disponible en los EE.UU. y produce un subid\u00f3n espectacular que es muy equilibrado a pesar de su potencia flagrante. \u00a1Prep\u00e1rate para una relajaci\u00f3n incre\u00edble con una euforia edificante!<\/p>\n","protected":false},"featured_media":10508,"comment_status":"open","ping_status":"closed","template":"","meta":{"site-sidebar-layout":"default","site-content-layout":"default","ast-site-content-layout":"default","site-content-style":"default","site-sidebar-style":"default","ast-global-header-display":"","ast-banner-title-visibility":"","ast-main-header-display":"","ast-hfb-above-header-display":"","ast-hfb-below-header-display":"","ast-hfb-mobile-header-display":"","site-post-title":"","ast-breadcrumbs-content":"","ast-featured-img":"","footer-sml-layout":"","ast-disable-related-posts":"","theme-transparent-header-meta":"default","adv-header-id-meta":"","stick-header-meta":"default","header-above-stick-meta":"","header-main-stick-meta":"","header-below-stick-meta":"","astra-migrate-meta-layouts":"default","ast-page-background-enabled":"default","ast-page-background-meta":{"desktop":{"background-color":"","background-image":"","background-repeat":"repeat","background-position":"center center","background-size":"auto","background-attachment":"scroll","background-type":"","background-media":"","overlay-type":"","overlay-color":"","overlay-opacity":"","overlay-gradient":""},"tablet":{"background-color":"","background-image":"","background-repeat":"repeat","background-position":"center center","background-size":"auto","background-attachment":"scroll","background-type":"","background-media":"","overlay-type":"","overlay-color":"","overlay-opacity":"","overlay-gradient":""},"mobile":{"background-color":"","background-image":"","background-repeat":"repeat","background-position":"center center","background-size":"auto","background-attachment":"scroll","background-type":"","background-media":"","overlay-type":"","overlay-color":"","overlay-opacity":"","overlay-gradient":""}},"ast-content-background-meta":{"desktop":{"background-color":"var(--ast-global-color-5)","background-image":"","background-repeat":"repeat","background-position":"center center","background-size":"auto","background-attachment":"scroll","background-type":"","background-media":"","overlay-type":"","overlay-color":"","overlay-opacity":"","overlay-gradient":""},"tablet":{"background-color":"var(--ast-global-color-5)","background-image":"","background-repeat":"repeat","background-position":"center center","background-size":"auto","background-attachment":"scroll","background-type":"","background-media":"","overlay-type":"","overlay-color":"","overlay-opacity":"","overlay-gradient":""},"mobile":{"background-color":"var(--ast-global-color-5)","background-image":"","background-repeat":"repeat","background-position":"center center","background-size":"auto","background-attachment":"scroll","background-type":"","background-media":"","overlay-type":"","overlay-color":"","overlay-opacity":"","overlay-gradient":""}}},"product_brand":[],"product_cat":[279],"product_tag":[],"class_list":{"0":"post-11560","1":"product","2":"type-product","3":"status-publish","4":"has-post-thumbnail","6":"product_cat-semillas-de-marihuana-seedsshop","7":"desktop-align-left","8":"tablet-align-center","9":"mobile-align-left","10":"ast-product-gallery-layout-vertical","11":"ast-product-gallery-with-no-image","12":"ast-magnify-disabled","13":"ast-product-tabs-layout-horizontal","15":"first","16":"instock","17":"taxable","18":"shipping-taxable","19":"purchasable","20":"product-type-simple"},"yoast_head":"<!-- This site is optimized with the Yoast SEO Premium plugin v27.2 (Yoast SEO v27.5) - https:\/\/yoast.com\/product\/yoast-seo-premium-wordpress\/ -->\n<title>GORILA REAL (SEMILLAS REINA REAL) FEMINIZADA (3 semillas\/paquete) - Blumiz - Premium CBD<\/title>\n<meta name=\"description\" content=\"GORILA REAL (SEMILLAS REINA REAL) FEMINIZADA (3 semillas\/paquete) - Blumiz - Premium CBD\" \/>\n<meta name=\"robots\" content=\"index, follow, max-snippet:-1, max-image-preview:large, max-video-preview:-1\" \/>\n<link rel=\"canonical\" href=\"https:\/\/blumiz.com\/es\/producto\/gorila-real-semillas-reina-real-feminizada-3-semillas-paquete\/\" \/>\n<meta property=\"og:locale\" content=\"es_ES\" \/>\n<meta property=\"og:type\" content=\"article\" \/>\n<meta property=\"og:title\" content=\"GORILA REAL (SEMILLAS REINA REAL) FEMINIZADA (3 semillas\/paquete)\" \/>\n<meta property=\"og:description\" content=\"GORILA REAL (SEMILLAS REINA REAL) FEMINIZADA (3 semillas\/paquete) Blumiz - Premium CBD\" \/>\n<meta property=\"og:url\" content=\"https:\/\/blumiz.com\/es\/producto\/gorila-real-semillas-reina-real-feminizada-3-semillas-paquete\/\" \/>\n<meta property=\"og:site_name\" content=\"Blumiz - Premium CBD\" \/>\n<meta property=\"article:modified_time\" content=\"2023-06-03T11:46:58+00:00\" \/>\n<meta property=\"og:image\" content=\"https:\/\/blumiz.com\/wp-content\/uploads\/2022\/09\/Royal-Queen-Seeds-Royal-Gorilla-Feminized-Cannabis-Seeds-3-Seeds-Pack.webp\" \/>\n\t<meta property=\"og:image:width\" content=\"600\" \/>\n\t<meta property=\"og:image:height\" content=\"600\" \/>\n\t<meta property=\"og:image:type\" content=\"image\/webp\" \/>\n<meta name=\"twitter:card\" content=\"summary_large_image\" \/>\n<meta name=\"twitter:label1\" content=\"Precio\" \/>\n\t<meta name=\"twitter:data1\" content=\"27,00&nbsp;&euro;\" \/>\n\t<meta name=\"twitter:label2\" content=\"Disponibilidad\" \/>\n\t<meta name=\"twitter:data2\" content=\"Disponible\" \/>\n<script type=\"application\/ld+json\" class=\"yoast-schema-graph\">{\"@context\":\"https:\\\/\\\/schema.org\",\"@graph\":[{\"@type\":\"WebPage\",\"@id\":\"https:\\\/\\\/blumiz.com\\\/es\\\/producto\\\/gorila-real-semillas-reina-real-feminizada-3-semillas-paquete\\\/\",\"url\":\"https:\\\/\\\/blumiz.com\\\/es\\\/producto\\\/gorila-real-semillas-reina-real-feminizada-3-semillas-paquete\\\/\",\"name\":\"GORILA REAL (SEMILLAS REINA REAL) FEMINIZADA (3 semillas\\\/paquete) - Blumiz - Premium CBD\",\"isPartOf\":{\"@id\":\"https:\\\/\\\/blumiz.com\\\/es\\\/#website\"},\"primaryImageOfPage\":{\"@id\":\"https:\\\/\\\/blumiz.com\\\/es\\\/producto\\\/gorila-real-semillas-reina-real-feminizada-3-semillas-paquete\\\/#primaryimage\"},\"image\":{\"@id\":\"https:\\\/\\\/blumiz.com\\\/es\\\/producto\\\/gorila-real-semillas-reina-real-feminizada-3-semillas-paquete\\\/#primaryimage\"},\"thumbnailUrl\":\"https:\\\/\\\/blumiz.com\\\/wp-content\\\/uploads\\\/2022\\\/09\\\/Royal-Queen-Seeds-Royal-Gorilla-Feminized-Cannabis-Seeds-3-Seeds-Pack.webp\",\"datePublished\":\"2022-09-09T14:43:59+00:00\",\"dateModified\":\"2023-06-03T11:46:58+00:00\",\"description\":\"GORILA REAL (SEMILLAS REINA REAL) FEMINIZADA (3 semillas\\\/paquete) - Blumiz - Premium CBD\",\"breadcrumb\":{\"@id\":\"https:\\\/\\\/blumiz.com\\\/es\\\/producto\\\/gorila-real-semillas-reina-real-feminizada-3-semillas-paquete\\\/#breadcrumb\"},\"inLanguage\":\"es\",\"potentialAction\":[{\"@type\":\"ReadAction\",\"target\":[\"https:\\\/\\\/blumiz.com\\\/es\\\/producto\\\/gorila-real-semillas-reina-real-feminizada-3-semillas-paquete\\\/\"]}]},{\"@type\":\"ImageObject\",\"inLanguage\":\"es\",\"@id\":\"https:\\\/\\\/blumiz.com\\\/es\\\/producto\\\/gorila-real-semillas-reina-real-feminizada-3-semillas-paquete\\\/#primaryimage\",\"url\":\"https:\\\/\\\/blumiz.com\\\/wp-content\\\/uploads\\\/2022\\\/09\\\/Royal-Queen-Seeds-Royal-Gorilla-Feminized-Cannabis-Seeds-3-Seeds-Pack.webp\",\"contentUrl\":\"https:\\\/\\\/blumiz.com\\\/wp-content\\\/uploads\\\/2022\\\/09\\\/Royal-Queen-Seeds-Royal-Gorilla-Feminized-Cannabis-Seeds-3-Seeds-Pack.webp\",\"width\":600,\"height\":600},{\"@type\":\"BreadcrumbList\",\"@id\":\"https:\\\/\\\/blumiz.com\\\/es\\\/producto\\\/gorila-real-semillas-reina-real-feminizada-3-semillas-paquete\\\/#breadcrumb\",\"itemListElement\":[{\"@type\":\"ListItem\",\"position\":1,\"name\":\"Blumiz\",\"item\":\"https:\\\/\\\/blumiz.com\\\/es\\\/\"},{\"@type\":\"ListItem\",\"position\":2,\"name\":\"CBD Shop\",\"item\":\"https:\\\/\\\/blumiz.com\\\/es\\\/tienda\\\/\"},{\"@type\":\"ListItem\",\"position\":3,\"name\":\"GORILA REAL (SEMILLAS REINA REAL) FEMINIZADA (3 semillas\\\/paquete)\"}]},{\"@type\":\"WebSite\",\"@id\":\"https:\\\/\\\/blumiz.com\\\/es\\\/#website\",\"url\":\"https:\\\/\\\/blumiz.com\\\/es\\\/\",\"name\":\"Blumiz - Premium CBD\",\"description\":\"Un CBD al mejor precio y de calidad superior\",\"publisher\":{\"@id\":\"https:\\\/\\\/blumiz.com\\\/es\\\/#organization\"},\"alternateName\":\"Blumiz\",\"potentialAction\":[{\"@type\":\"SearchAction\",\"target\":{\"@type\":\"EntryPoint\",\"urlTemplate\":\"https:\\\/\\\/blumiz.com\\\/es\\\/?s={search_term_string}\"},\"query-input\":{\"@type\":\"PropertyValueSpecification\",\"valueRequired\":true,\"valueName\":\"search_term_string\"}}],\"inLanguage\":\"es\"},{\"@type\":\"Organization\",\"@id\":\"https:\\\/\\\/blumiz.com\\\/es\\\/#organization\",\"name\":\"Blumiz CBD\",\"alternateName\":\"Blumiz\",\"url\":\"https:\\\/\\\/blumiz.com\\\/es\\\/\",\"logo\":{\"@type\":\"ImageObject\",\"inLanguage\":\"es\",\"@id\":\"https:\\\/\\\/blumiz.com\\\/es\\\/#\\\/schema\\\/logo\\\/image\\\/\",\"url\":\"https:\\\/\\\/blumiz.com\\\/wp-content\\\/uploads\\\/2026\\\/02\\\/cropped-Blumiz-CBD-logo.webp\",\"contentUrl\":\"https:\\\/\\\/blumiz.com\\\/wp-content\\\/uploads\\\/2026\\\/02\\\/cropped-Blumiz-CBD-logo.webp\",\"width\":2547,\"height\":778,\"caption\":\"Blumiz CBD\"},\"image\":{\"@id\":\"https:\\\/\\\/blumiz.com\\\/es\\\/#\\\/schema\\\/logo\\\/image\\\/\"}}]}<\/script>\n<meta property=\"product:price:amount\" content=\"27.00\" \/>\n<meta property=\"product:price:currency\" content=\"EUR\" \/>\n<meta property=\"og:availability\" content=\"instock\" \/>\n<meta property=\"product:availability\" content=\"instock\" \/>\n<meta property=\"product:retailer_item_id\" content=\"7519886\" \/>\n<meta property=\"product:condition\" content=\"new\" \/>\n<!-- \/ Yoast SEO Premium plugin. -->","yoast_head_json":{"title":"GORILA REAL (SEMILLAS REINA REAL) FEMINIZADA (3 semillas\/paquete) - Blumiz - Premium CBD","description":"GORILA REAL (SEMILLAS REINA REAL) FEMINIZADA (3 semillas\/paquete) - Blumiz - Premium CBD","robots":{"index":"index","follow":"follow","max-snippet":"max-snippet:-1","max-image-preview":"max-image-preview:large","max-video-preview":"max-video-preview:-1"},"canonical":"https:\/\/blumiz.com\/es\/producto\/gorila-real-semillas-reina-real-feminizada-3-semillas-paquete\/","og_locale":"es_ES","og_type":"article","og_title":"GORILA REAL (SEMILLAS REINA REAL) FEMINIZADA (3 semillas\/paquete)","og_description":"GORILA REAL (SEMILLAS REINA REAL) FEMINIZADA (3 semillas\/paquete) Blumiz - Premium CBD","og_url":"https:\/\/blumiz.com\/es\/producto\/gorila-real-semillas-reina-real-feminizada-3-semillas-paquete\/","og_site_name":"Blumiz - Premium CBD","article_modified_time":"2023-06-03T11:46:58+00:00","og_image":[{"width":600,"height":600,"url":"https:\/\/blumiz.com\/wp-content\/uploads\/2022\/09\/Royal-Queen-Seeds-Royal-Gorilla-Feminized-Cannabis-Seeds-3-Seeds-Pack.webp","type":"image\/webp"}],"twitter_card":"summary_large_image","twitter_misc":{"Precio":"27,00&nbsp;&euro;","Disponibilidad":"Disponible"},"schema":{"@context":"https:\/\/schema.org","@graph":[{"@type":"WebPage","@id":"https:\/\/blumiz.com\/es\/producto\/gorila-real-semillas-reina-real-feminizada-3-semillas-paquete\/","url":"https:\/\/blumiz.com\/es\/producto\/gorila-real-semillas-reina-real-feminizada-3-semillas-paquete\/","name":"GORILA REAL (SEMILLAS REINA REAL) FEMINIZADA (3 semillas\/paquete) - Blumiz - Premium CBD","isPartOf":{"@id":"https:\/\/blumiz.com\/es\/#website"},"primaryImageOfPage":{"@id":"https:\/\/blumiz.com\/es\/producto\/gorila-real-semillas-reina-real-feminizada-3-semillas-paquete\/#primaryimage"},"image":{"@id":"https:\/\/blumiz.com\/es\/producto\/gorila-real-semillas-reina-real-feminizada-3-semillas-paquete\/#primaryimage"},"thumbnailUrl":"https:\/\/blumiz.com\/wp-content\/uploads\/2022\/09\/Royal-Queen-Seeds-Royal-Gorilla-Feminized-Cannabis-Seeds-3-Seeds-Pack.webp","datePublished":"2022-09-09T14:43:59+00:00","dateModified":"2023-06-03T11:46:58+00:00","description":"GORILA REAL (SEMILLAS REINA REAL) FEMINIZADA (3 semillas\/paquete) - Blumiz - Premium CBD","breadcrumb":{"@id":"https:\/\/blumiz.com\/es\/producto\/gorila-real-semillas-reina-real-feminizada-3-semillas-paquete\/#breadcrumb"},"inLanguage":"es","potentialAction":[{"@type":"ReadAction","target":["https:\/\/blumiz.com\/es\/producto\/gorila-real-semillas-reina-real-feminizada-3-semillas-paquete\/"]}]},{"@type":"ImageObject","inLanguage":"es","@id":"https:\/\/blumiz.com\/es\/producto\/gorila-real-semillas-reina-real-feminizada-3-semillas-paquete\/#primaryimage","url":"https:\/\/blumiz.com\/wp-content\/uploads\/2022\/09\/Royal-Queen-Seeds-Royal-Gorilla-Feminized-Cannabis-Seeds-3-Seeds-Pack.webp","contentUrl":"https:\/\/blumiz.com\/wp-content\/uploads\/2022\/09\/Royal-Queen-Seeds-Royal-Gorilla-Feminized-Cannabis-Seeds-3-Seeds-Pack.webp","width":600,"height":600},{"@type":"BreadcrumbList","@id":"https:\/\/blumiz.com\/es\/producto\/gorila-real-semillas-reina-real-feminizada-3-semillas-paquete\/#breadcrumb","itemListElement":[{"@type":"ListItem","position":1,"name":"Blumiz","item":"https:\/\/blumiz.com\/es\/"},{"@type":"ListItem","position":2,"name":"CBD Shop","item":"https:\/\/blumiz.com\/es\/tienda\/"},{"@type":"ListItem","position":3,"name":"GORILA REAL (SEMILLAS REINA REAL) FEMINIZADA (3 semillas\/paquete)"}]},{"@type":"WebSite","@id":"https:\/\/blumiz.com\/es\/#website","url":"https:\/\/blumiz.com\/es\/","name":"Blumiz - Premium CBD","description":"Un CBD al mejor precio y de calidad superior","publisher":{"@id":"https:\/\/blumiz.com\/es\/#organization"},"alternateName":"Blumiz","potentialAction":[{"@type":"SearchAction","target":{"@type":"EntryPoint","urlTemplate":"https:\/\/blumiz.com\/es\/?s={search_term_string}"},"query-input":{"@type":"PropertyValueSpecification","valueRequired":true,"valueName":"search_term_string"}}],"inLanguage":"es"},{"@type":"Organization","@id":"https:\/\/blumiz.com\/es\/#organization","name":"Blumiz CBD","alternateName":"Blumiz","url":"https:\/\/blumiz.com\/es\/","logo":{"@type":"ImageObject","inLanguage":"es","@id":"https:\/\/blumiz.com\/es\/#\/schema\/logo\/image\/","url":"https:\/\/blumiz.com\/wp-content\/uploads\/2026\/02\/cropped-Blumiz-CBD-logo.webp","contentUrl":"https:\/\/blumiz.com\/wp-content\/uploads\/2026\/02\/cropped-Blumiz-CBD-logo.webp","width":2547,"height":778,"caption":"Blumiz CBD"},"image":{"@id":"https:\/\/blumiz.com\/es\/#\/schema\/logo\/image\/"}}]},"product_price_amount":"27.00","product_price_currency":"EUR","og_availability":"instock","product_availability":"instock","product_retailer_item_id":"7519886","product_condition":"new"},"_links":{"self":[{"href":"https:\/\/blumiz.com\/es\/wp-json\/wp\/v2\/product\/11560","targetHints":{"allow":["GET"]}}],"collection":[{"href":"https:\/\/blumiz.com\/es\/wp-json\/wp\/v2\/product"}],"about":[{"href":"https:\/\/blumiz.com\/es\/wp-json\/wp\/v2\/types\/product"}],"replies":[{"embeddable":true,"href":"https:\/\/blumiz.com\/es\/wp-json\/wp\/v2\/comments?post=11560"}],"version-history":[{"count":0,"href":"https:\/\/blumiz.com\/es\/wp-json\/wp\/v2\/product\/11560\/revisions"}],"wp:featuredmedia":[{"embeddable":true,"href":"https:\/\/blumiz.com\/es\/wp-json\/wp\/v2\/media\/10508"}],"wp:attachment":[{"href":"https:\/\/blumiz.com\/es\/wp-json\/wp\/v2\/media?parent=11560"}],"wp:term":[{"taxonomy":"product_brand","embeddable":true,"href":"https:\/\/blumiz.com\/es\/wp-json\/wp\/v2\/product_brand?post=11560"},{"taxonomy":"product_cat","embeddable":true,"href":"https:\/\/blumiz.com\/es\/wp-json\/wp\/v2\/product_cat?post=11560"},{"taxonomy":"product_tag","embeddable":true,"href":"https:\/\/blumiz.com\/es\/wp-json\/wp\/v2\/product_tag?post=11560"}],"curies":[{"name":"wp","href":"https:\/\/api.w.org\/{rel}","templated":true}]}}