{"id":11566,"date":"2022-09-09T13:17:53","date_gmt":"2022-09-09T12:17:53","guid":{"rendered":"https:\/\/blumiz.com\/produkt\/special-queen-1-semillas-reina-real-feminizadas-3-semillas-paquete\/"},"modified":"2023-06-03T12:46:59","modified_gmt":"2023-06-03T11:46:59","slug":"special-queen-1-semillas-reina-real-feminizadas-3-semillas-paquete","status":"publish","type":"product","link":"https:\/\/blumiz.com\/es\/producto\/special-queen-1-semillas-reina-real-feminizadas-3-semillas-paquete\/","title":{"rendered":"SPECIAL QUEEN 1 (SEMILLAS REINA REAL) FEMINIZADAS (3 semillas\/paquete)"},"content":{"rendered":"<h2>SEMILLAS ROYAL QUEEN &#8211; SPECIAL QUEEN 1: ALGUNOS CULTIVADORES INFORMAN DE PLANTAS DE M\u00c1S DE 4 METROS<\/h2>\n<p>La Special Queen 1 feminizada de Royal Queen Seeds es una Skunk cl\u00e1sica con genes mejicanos, colombianos y afganos. Pero antes de pensar en cultivar esta planta tan productiva, debes asegurarte de que tienes espacio suficiente para ella. No es ninguna broma, ya que estas plantas pueden alcanzar r\u00e1pidamente una altura de 150 cm en el cuarto de cultivo. Tambi\u00e9n se sabe que alcanza una altura casi sin precedentes de 4 metros si se le da suficiente espacio al aire libre para expandirse completamente. Siendo realistas, la altura es de unos 3 metros, \u00a1que sigue siendo superalta! Sin embargo, a pesar de su tama\u00f1o, todo lo dem\u00e1s es relativamente sencillo.<\/p>\n<p>Special Queen 1 crece bien tanto en hidropon\u00eda como en tierra y es excelente para los m\u00e9todos ScrOG y SOG. La cepa produce hierba con un contenido de THC del 14-18% e induce un efecto duradero y f\u00edsicamente relajante.<\/p>\n<p>A pesar de ser un h\u00edbrido 50\/50 Sativa\/Indica, Special Queen 1 tiene un tiempo de floraci\u00f3n bastante corto, de s\u00f3lo 8 semanas, aunque algunos cultivadores empiezan las tijeras una semana antes. No obstante, si es posible, le recomendamos que le dedique las 8 semanas completas para que sus flores maduren por completo. Entonces estar\u00e1 madura para la cosecha al aire libre, a finales de septiembre.<\/p>\n<p>En el cuarto de cultivo se puede esperar un rendimiento de 500-650g\/m\u00b2. Al aire libre, el rendimiento por planta podr\u00eda ser mucho mayor. Por desgracia, en climas m\u00e1s fr\u00edos y lluviosos como el del norte de Europa, los resultados no alcanzan el rendimiento que cabr\u00eda esperar en el sur de Espa\u00f1a, por ejemplo. Pero, \u00bfqui\u00e9n sabe? En el contexto del calentamiento global, este verano puede ser bastante c\u00e1lido en otros lugares.<\/p>\n<table id=\"idTab2\" class=\"features-table\">\n<caption class=\"h3\">SPECIAL QUEEN 1 (ROYAL QUEEN SEEDS) FEMINIZADA FICHA T\u00c9CNICA<\/caption>\n<tbody>\n<tr>\n<th>Marca<\/th>\n<td>Semillas Royal Queen<\/td>\n<\/tr>\n<tr>\n<th>Gen\u00e9tica<\/th>\n<td>50% Indica \/ 50% Sativa<\/td>\n<\/tr>\n<tr>\n<th>Padres<\/th>\n<td>Power Bud x Skunk<\/td>\n<\/tr>\n<tr>\n<th>Floraci\u00f3n<\/th>\n<td>8-9 semanas<\/td>\n<\/tr>\n<tr>\n<th>THC<\/th>\n<td>18%<\/td>\n<\/tr>\n<tr>\n<th>CBD<\/th>\n<td>Bajo<\/td>\n<\/tr>\n<tr>\n<th>Rendimiento cultivo interior<\/th>\n<td>600-650 gr\/m\u00b2<\/td>\n<\/tr>\n<tr>\n<th>Rendimiento cultivo exterior<\/th>\n<td>500-550 gr\/planta<\/td>\n<\/tr>\n<tr>\n<th>Altura interior<\/th>\n<td>150 cm<\/td>\n<\/tr>\n<tr>\n<th>Altura exterior<\/th>\n<td>300 cm<\/td>\n<\/tr>\n<tr>\n<th>Disponible como<\/th>\n<td>Semillas feminizadas<\/td>\n<\/tr>\n<tr>\n<th>Tipo de flor<\/th>\n<td>Fotoperi\u00f3dico<\/td>\n<\/tr>\n<\/tbody>\n<\/table>\n","protected":false},"excerpt":{"rendered":"<p>Special Queen 1 de RQS es una variedad Skunk cl\u00e1sica con un tiempo de floraci\u00f3n relativamente corto para un h\u00edbrido robusto. Atenci\u00f3n, este beb\u00e9 necesita espacio. En el cuarto de cultivo, sigue siendo manejable a una altura de 1,5 m. Pero al aire libre, la bestia alcanza las estrellas y supera f\u00e1cilmente los 3 metros de altura (\u00a1algunos cultivadores hablan de plantas de 4 metros y m\u00e1s!).<\/p>\n","protected":false},"featured_media":10512,"comment_status":"open","ping_status":"closed","template":"","meta":{"site-sidebar-layout":"default","site-content-layout":"default","ast-site-content-layout":"default","site-content-style":"default","site-sidebar-style":"default","ast-global-header-display":"","ast-banner-title-visibility":"","ast-main-header-display":"","ast-hfb-above-header-display":"","ast-hfb-below-header-display":"","ast-hfb-mobile-header-display":"","site-post-title":"","ast-breadcrumbs-content":"","ast-featured-img":"","footer-sml-layout":"","ast-disable-related-posts":"","theme-transparent-header-meta":"default","adv-header-id-meta":"","stick-header-meta":"default","header-above-stick-meta":"","header-main-stick-meta":"","header-below-stick-meta":"","astra-migrate-meta-layouts":"default","ast-page-background-enabled":"default","ast-page-background-meta":{"desktop":{"background-color":"","background-image":"","background-repeat":"repeat","background-position":"center center","background-size":"auto","background-attachment":"scroll","background-type":"","background-media":"","overlay-type":"","overlay-color":"","overlay-opacity":"","overlay-gradient":""},"tablet":{"background-color":"","background-image":"","background-repeat":"repeat","background-position":"center center","background-size":"auto","background-attachment":"scroll","background-type":"","background-media":"","overlay-type":"","overlay-color":"","overlay-opacity":"","overlay-gradient":""},"mobile":{"background-color":"","background-image":"","background-repeat":"repeat","background-position":"center center","background-size":"auto","background-attachment":"scroll","background-type":"","background-media":"","overlay-type":"","overlay-color":"","overlay-opacity":"","overlay-gradient":""}},"ast-content-background-meta":{"desktop":{"background-color":"var(--ast-global-color-5)","background-image":"","background-repeat":"repeat","background-position":"center center","background-size":"auto","background-attachment":"scroll","background-type":"","background-media":"","overlay-type":"","overlay-color":"","overlay-opacity":"","overlay-gradient":""},"tablet":{"background-color":"var(--ast-global-color-5)","background-image":"","background-repeat":"repeat","background-position":"center center","background-size":"auto","background-attachment":"scroll","background-type":"","background-media":"","overlay-type":"","overlay-color":"","overlay-opacity":"","overlay-gradient":""},"mobile":{"background-color":"var(--ast-global-color-5)","background-image":"","background-repeat":"repeat","background-position":"center center","background-size":"auto","background-attachment":"scroll","background-type":"","background-media":"","overlay-type":"","overlay-color":"","overlay-opacity":"","overlay-gradient":""}}},"product_brand":[],"product_cat":[279],"product_tag":[],"class_list":{"0":"post-11566","1":"product","2":"type-product","3":"status-publish","4":"has-post-thumbnail","6":"product_cat-semillas-de-marihuana-seedsshop","7":"desktop-align-left","8":"tablet-align-center","9":"mobile-align-left","10":"ast-product-gallery-layout-vertical","11":"ast-product-gallery-with-no-image","12":"ast-magnify-disabled","13":"ast-product-tabs-layout-horizontal","15":"first","16":"instock","17":"taxable","18":"shipping-taxable","19":"purchasable","20":"product-type-simple"},"yoast_head":"<!-- This site is optimized with the Yoast SEO Premium plugin v27.2 (Yoast SEO v27.5) - https:\/\/yoast.com\/product\/yoast-seo-premium-wordpress\/ -->\n<title>SPECIAL QUEEN 1 (SEMILLAS REINA REAL) FEMINIZADAS (3 semillas\/paquete) - Blumiz - Premium CBD<\/title>\n<meta name=\"description\" content=\"SPECIAL QUEEN 1 (SEMILLAS REINA REAL) FEMINIZADAS (3 semillas\/paquete) - Blumiz - Premium CBD\" \/>\n<meta name=\"robots\" content=\"index, follow, max-snippet:-1, max-image-preview:large, max-video-preview:-1\" \/>\n<link rel=\"canonical\" href=\"https:\/\/blumiz.com\/es\/producto\/special-queen-1-semillas-reina-real-feminizadas-3-semillas-paquete\/\" \/>\n<meta property=\"og:locale\" content=\"es_ES\" \/>\n<meta property=\"og:type\" content=\"article\" \/>\n<meta property=\"og:title\" content=\"SPECIAL QUEEN 1 (SEMILLAS REINA REAL) FEMINIZADAS (3 semillas\/paquete)\" \/>\n<meta property=\"og:description\" content=\"SPECIAL QUEEN 1 (SEMILLAS REINA REAL) FEMINIZADAS (3 semillas\/paquete) Blumiz - Premium CBD\" \/>\n<meta property=\"og:url\" content=\"https:\/\/blumiz.com\/es\/producto\/special-queen-1-semillas-reina-real-feminizadas-3-semillas-paquete\/\" \/>\n<meta property=\"og:site_name\" content=\"Blumiz - Premium CBD\" \/>\n<meta property=\"article:modified_time\" content=\"2023-06-03T11:46:59+00:00\" \/>\n<meta property=\"og:image\" content=\"https:\/\/blumiz.com\/wp-content\/uploads\/2022\/09\/Royal-Queen-Seeds-Special-Queen-feminized-cannabis-seeds-3-seeds-pack.webp\" \/>\n\t<meta property=\"og:image:width\" content=\"600\" \/>\n\t<meta property=\"og:image:height\" content=\"600\" \/>\n\t<meta property=\"og:image:type\" content=\"image\/webp\" \/>\n<meta name=\"twitter:card\" content=\"summary_large_image\" \/>\n<meta name=\"twitter:label1\" content=\"Precio\" \/>\n\t<meta name=\"twitter:data1\" content=\"10,50&nbsp;&euro;\" \/>\n\t<meta name=\"twitter:label2\" content=\"Disponibilidad\" \/>\n\t<meta name=\"twitter:data2\" content=\"Disponible\" \/>\n<script type=\"application\/ld+json\" class=\"yoast-schema-graph\">{\"@context\":\"https:\\\/\\\/schema.org\",\"@graph\":[{\"@type\":\"WebPage\",\"@id\":\"https:\\\/\\\/blumiz.com\\\/es\\\/producto\\\/special-queen-1-semillas-reina-real-feminizadas-3-semillas-paquete\\\/\",\"url\":\"https:\\\/\\\/blumiz.com\\\/es\\\/producto\\\/special-queen-1-semillas-reina-real-feminizadas-3-semillas-paquete\\\/\",\"name\":\"SPECIAL QUEEN 1 (SEMILLAS REINA REAL) FEMINIZADAS (3 semillas\\\/paquete) - Blumiz - Premium CBD\",\"isPartOf\":{\"@id\":\"https:\\\/\\\/blumiz.com\\\/es\\\/#website\"},\"primaryImageOfPage\":{\"@id\":\"https:\\\/\\\/blumiz.com\\\/es\\\/producto\\\/special-queen-1-semillas-reina-real-feminizadas-3-semillas-paquete\\\/#primaryimage\"},\"image\":{\"@id\":\"https:\\\/\\\/blumiz.com\\\/es\\\/producto\\\/special-queen-1-semillas-reina-real-feminizadas-3-semillas-paquete\\\/#primaryimage\"},\"thumbnailUrl\":\"https:\\\/\\\/blumiz.com\\\/wp-content\\\/uploads\\\/2022\\\/09\\\/Royal-Queen-Seeds-Special-Queen-feminized-cannabis-seeds-3-seeds-pack.webp\",\"datePublished\":\"2022-09-09T12:17:53+00:00\",\"dateModified\":\"2023-06-03T11:46:59+00:00\",\"description\":\"SPECIAL QUEEN 1 (SEMILLAS REINA REAL) FEMINIZADAS (3 semillas\\\/paquete) - Blumiz - Premium CBD\",\"breadcrumb\":{\"@id\":\"https:\\\/\\\/blumiz.com\\\/es\\\/producto\\\/special-queen-1-semillas-reina-real-feminizadas-3-semillas-paquete\\\/#breadcrumb\"},\"inLanguage\":\"es\",\"potentialAction\":[{\"@type\":\"ReadAction\",\"target\":[\"https:\\\/\\\/blumiz.com\\\/es\\\/producto\\\/special-queen-1-semillas-reina-real-feminizadas-3-semillas-paquete\\\/\"]}]},{\"@type\":\"ImageObject\",\"inLanguage\":\"es\",\"@id\":\"https:\\\/\\\/blumiz.com\\\/es\\\/producto\\\/special-queen-1-semillas-reina-real-feminizadas-3-semillas-paquete\\\/#primaryimage\",\"url\":\"https:\\\/\\\/blumiz.com\\\/wp-content\\\/uploads\\\/2022\\\/09\\\/Royal-Queen-Seeds-Special-Queen-feminized-cannabis-seeds-3-seeds-pack.webp\",\"contentUrl\":\"https:\\\/\\\/blumiz.com\\\/wp-content\\\/uploads\\\/2022\\\/09\\\/Royal-Queen-Seeds-Special-Queen-feminized-cannabis-seeds-3-seeds-pack.webp\",\"width\":600,\"height\":600},{\"@type\":\"BreadcrumbList\",\"@id\":\"https:\\\/\\\/blumiz.com\\\/es\\\/producto\\\/special-queen-1-semillas-reina-real-feminizadas-3-semillas-paquete\\\/#breadcrumb\",\"itemListElement\":[{\"@type\":\"ListItem\",\"position\":1,\"name\":\"Blumiz\",\"item\":\"https:\\\/\\\/blumiz.com\\\/es\\\/\"},{\"@type\":\"ListItem\",\"position\":2,\"name\":\"CBD Shop\",\"item\":\"https:\\\/\\\/blumiz.com\\\/es\\\/tienda\\\/\"},{\"@type\":\"ListItem\",\"position\":3,\"name\":\"SPECIAL QUEEN 1 (SEMILLAS REINA REAL) FEMINIZADAS (3 semillas\\\/paquete)\"}]},{\"@type\":\"WebSite\",\"@id\":\"https:\\\/\\\/blumiz.com\\\/es\\\/#website\",\"url\":\"https:\\\/\\\/blumiz.com\\\/es\\\/\",\"name\":\"Blumiz - Premium CBD\",\"description\":\"Un CBD al mejor precio y de calidad superior\",\"publisher\":{\"@id\":\"https:\\\/\\\/blumiz.com\\\/es\\\/#organization\"},\"alternateName\":\"Blumiz\",\"potentialAction\":[{\"@type\":\"SearchAction\",\"target\":{\"@type\":\"EntryPoint\",\"urlTemplate\":\"https:\\\/\\\/blumiz.com\\\/es\\\/?s={search_term_string}\"},\"query-input\":{\"@type\":\"PropertyValueSpecification\",\"valueRequired\":true,\"valueName\":\"search_term_string\"}}],\"inLanguage\":\"es\"},{\"@type\":\"Organization\",\"@id\":\"https:\\\/\\\/blumiz.com\\\/es\\\/#organization\",\"name\":\"Blumiz CBD\",\"alternateName\":\"Blumiz\",\"url\":\"https:\\\/\\\/blumiz.com\\\/es\\\/\",\"logo\":{\"@type\":\"ImageObject\",\"inLanguage\":\"es\",\"@id\":\"https:\\\/\\\/blumiz.com\\\/es\\\/#\\\/schema\\\/logo\\\/image\\\/\",\"url\":\"https:\\\/\\\/blumiz.com\\\/wp-content\\\/uploads\\\/2026\\\/02\\\/cropped-Blumiz-CBD-logo.webp\",\"contentUrl\":\"https:\\\/\\\/blumiz.com\\\/wp-content\\\/uploads\\\/2026\\\/02\\\/cropped-Blumiz-CBD-logo.webp\",\"width\":2547,\"height\":778,\"caption\":\"Blumiz CBD\"},\"image\":{\"@id\":\"https:\\\/\\\/blumiz.com\\\/es\\\/#\\\/schema\\\/logo\\\/image\\\/\"}}]}<\/script>\n<meta property=\"product:price:amount\" content=\"10.50\" \/>\n<meta property=\"product:price:currency\" content=\"EUR\" \/>\n<meta property=\"og:availability\" content=\"instock\" \/>\n<meta property=\"product:availability\" content=\"instock\" \/>\n<meta property=\"product:retailer_item_id\" content=\"7961862\" \/>\n<meta property=\"product:condition\" content=\"new\" \/>\n<!-- \/ Yoast SEO Premium plugin. -->","yoast_head_json":{"title":"SPECIAL QUEEN 1 (SEMILLAS REINA REAL) FEMINIZADAS (3 semillas\/paquete) - Blumiz - Premium CBD","description":"SPECIAL QUEEN 1 (SEMILLAS REINA REAL) FEMINIZADAS (3 semillas\/paquete) - Blumiz - Premium CBD","robots":{"index":"index","follow":"follow","max-snippet":"max-snippet:-1","max-image-preview":"max-image-preview:large","max-video-preview":"max-video-preview:-1"},"canonical":"https:\/\/blumiz.com\/es\/producto\/special-queen-1-semillas-reina-real-feminizadas-3-semillas-paquete\/","og_locale":"es_ES","og_type":"article","og_title":"SPECIAL QUEEN 1 (SEMILLAS REINA REAL) FEMINIZADAS (3 semillas\/paquete)","og_description":"SPECIAL QUEEN 1 (SEMILLAS REINA REAL) FEMINIZADAS (3 semillas\/paquete) Blumiz - Premium CBD","og_url":"https:\/\/blumiz.com\/es\/producto\/special-queen-1-semillas-reina-real-feminizadas-3-semillas-paquete\/","og_site_name":"Blumiz - Premium CBD","article_modified_time":"2023-06-03T11:46:59+00:00","og_image":[{"width":600,"height":600,"url":"https:\/\/blumiz.com\/wp-content\/uploads\/2022\/09\/Royal-Queen-Seeds-Special-Queen-feminized-cannabis-seeds-3-seeds-pack.webp","type":"image\/webp"}],"twitter_card":"summary_large_image","twitter_misc":{"Precio":"10,50&nbsp;&euro;","Disponibilidad":"Disponible"},"schema":{"@context":"https:\/\/schema.org","@graph":[{"@type":"WebPage","@id":"https:\/\/blumiz.com\/es\/producto\/special-queen-1-semillas-reina-real-feminizadas-3-semillas-paquete\/","url":"https:\/\/blumiz.com\/es\/producto\/special-queen-1-semillas-reina-real-feminizadas-3-semillas-paquete\/","name":"SPECIAL QUEEN 1 (SEMILLAS REINA REAL) FEMINIZADAS (3 semillas\/paquete) - Blumiz - Premium CBD","isPartOf":{"@id":"https:\/\/blumiz.com\/es\/#website"},"primaryImageOfPage":{"@id":"https:\/\/blumiz.com\/es\/producto\/special-queen-1-semillas-reina-real-feminizadas-3-semillas-paquete\/#primaryimage"},"image":{"@id":"https:\/\/blumiz.com\/es\/producto\/special-queen-1-semillas-reina-real-feminizadas-3-semillas-paquete\/#primaryimage"},"thumbnailUrl":"https:\/\/blumiz.com\/wp-content\/uploads\/2022\/09\/Royal-Queen-Seeds-Special-Queen-feminized-cannabis-seeds-3-seeds-pack.webp","datePublished":"2022-09-09T12:17:53+00:00","dateModified":"2023-06-03T11:46:59+00:00","description":"SPECIAL QUEEN 1 (SEMILLAS REINA REAL) FEMINIZADAS (3 semillas\/paquete) - Blumiz - Premium CBD","breadcrumb":{"@id":"https:\/\/blumiz.com\/es\/producto\/special-queen-1-semillas-reina-real-feminizadas-3-semillas-paquete\/#breadcrumb"},"inLanguage":"es","potentialAction":[{"@type":"ReadAction","target":["https:\/\/blumiz.com\/es\/producto\/special-queen-1-semillas-reina-real-feminizadas-3-semillas-paquete\/"]}]},{"@type":"ImageObject","inLanguage":"es","@id":"https:\/\/blumiz.com\/es\/producto\/special-queen-1-semillas-reina-real-feminizadas-3-semillas-paquete\/#primaryimage","url":"https:\/\/blumiz.com\/wp-content\/uploads\/2022\/09\/Royal-Queen-Seeds-Special-Queen-feminized-cannabis-seeds-3-seeds-pack.webp","contentUrl":"https:\/\/blumiz.com\/wp-content\/uploads\/2022\/09\/Royal-Queen-Seeds-Special-Queen-feminized-cannabis-seeds-3-seeds-pack.webp","width":600,"height":600},{"@type":"BreadcrumbList","@id":"https:\/\/blumiz.com\/es\/producto\/special-queen-1-semillas-reina-real-feminizadas-3-semillas-paquete\/#breadcrumb","itemListElement":[{"@type":"ListItem","position":1,"name":"Blumiz","item":"https:\/\/blumiz.com\/es\/"},{"@type":"ListItem","position":2,"name":"CBD Shop","item":"https:\/\/blumiz.com\/es\/tienda\/"},{"@type":"ListItem","position":3,"name":"SPECIAL QUEEN 1 (SEMILLAS REINA REAL) FEMINIZADAS (3 semillas\/paquete)"}]},{"@type":"WebSite","@id":"https:\/\/blumiz.com\/es\/#website","url":"https:\/\/blumiz.com\/es\/","name":"Blumiz - Premium CBD","description":"Un CBD al mejor precio y de calidad superior","publisher":{"@id":"https:\/\/blumiz.com\/es\/#organization"},"alternateName":"Blumiz","potentialAction":[{"@type":"SearchAction","target":{"@type":"EntryPoint","urlTemplate":"https:\/\/blumiz.com\/es\/?s={search_term_string}"},"query-input":{"@type":"PropertyValueSpecification","valueRequired":true,"valueName":"search_term_string"}}],"inLanguage":"es"},{"@type":"Organization","@id":"https:\/\/blumiz.com\/es\/#organization","name":"Blumiz CBD","alternateName":"Blumiz","url":"https:\/\/blumiz.com\/es\/","logo":{"@type":"ImageObject","inLanguage":"es","@id":"https:\/\/blumiz.com\/es\/#\/schema\/logo\/image\/","url":"https:\/\/blumiz.com\/wp-content\/uploads\/2026\/02\/cropped-Blumiz-CBD-logo.webp","contentUrl":"https:\/\/blumiz.com\/wp-content\/uploads\/2026\/02\/cropped-Blumiz-CBD-logo.webp","width":2547,"height":778,"caption":"Blumiz CBD"},"image":{"@id":"https:\/\/blumiz.com\/es\/#\/schema\/logo\/image\/"}}]},"product_price_amount":"10.50","product_price_currency":"EUR","og_availability":"instock","product_availability":"instock","product_retailer_item_id":"7961862","product_condition":"new"},"_links":{"self":[{"href":"https:\/\/blumiz.com\/es\/wp-json\/wp\/v2\/product\/11566","targetHints":{"allow":["GET"]}}],"collection":[{"href":"https:\/\/blumiz.com\/es\/wp-json\/wp\/v2\/product"}],"about":[{"href":"https:\/\/blumiz.com\/es\/wp-json\/wp\/v2\/types\/product"}],"replies":[{"embeddable":true,"href":"https:\/\/blumiz.com\/es\/wp-json\/wp\/v2\/comments?post=11566"}],"version-history":[{"count":0,"href":"https:\/\/blumiz.com\/es\/wp-json\/wp\/v2\/product\/11566\/revisions"}],"wp:featuredmedia":[{"embeddable":true,"href":"https:\/\/blumiz.com\/es\/wp-json\/wp\/v2\/media\/10512"}],"wp:attachment":[{"href":"https:\/\/blumiz.com\/es\/wp-json\/wp\/v2\/media?parent=11566"}],"wp:term":[{"taxonomy":"product_brand","embeddable":true,"href":"https:\/\/blumiz.com\/es\/wp-json\/wp\/v2\/product_brand?post=11566"},{"taxonomy":"product_cat","embeddable":true,"href":"https:\/\/blumiz.com\/es\/wp-json\/wp\/v2\/product_cat?post=11566"},{"taxonomy":"product_tag","embeddable":true,"href":"https:\/\/blumiz.com\/es\/wp-json\/wp\/v2\/product_tag?post=11566"}],"curies":[{"name":"wp","href":"https:\/\/api.w.org\/{rel}","templated":true}]}}