{"id":11585,"date":"2022-09-09T15:47:33","date_gmt":"2022-09-09T14:47:33","guid":{"rendered":"https:\/\/blumiz.com\/produkt\/gelato-verde-semillas-reina-real-feminizado-3-semillas-paquete\/"},"modified":"2023-06-03T12:47:03","modified_gmt":"2023-06-03T11:47:03","slug":"gelato-verde-semillas-reina-real-feminizado-3-semillas-paquete","status":"publish","type":"product","link":"https:\/\/blumiz.com\/es\/producto\/gelato-verde-semillas-reina-real-feminizado-3-semillas-paquete\/","title":{"rendered":"GELATO VERDE (SEMILLAS REINA REAL) FEMINIZADO (3 semillas\/paquete)"},"content":{"rendered":"<h2>SEMILLAS ROYAL QUEEN &#8211; GELATO VERDE: FABULOSA VARIEDAD DE POSTRE<\/h2>\n<p>El gelato es mucho m\u00e1s que la versi\u00f3n italiana del helado. El helado es una delicia para gourmets que s\u00f3lo puede elaborarse en Italia seg\u00fan estrictas normas de calidad y con ingredientes espec\u00edficos. Y al igual que el aut\u00e9ntico helado creado con destreza por los artesanos del postre, Green Gelato de Royal Queen Seeds se elabora s\u00f3lo con las mejores, m\u00e1s c\u00e9lebres y deliciosas gen\u00e9ticas de cannabis que la Costa Oeste puede ofrecer. Posiblemente el m\u00e1s sabroso de los fenotipos Cookies, Thin Mint Cookies ha sido emparejado con el refrescante Sunset Sherbet para una delicia de cannabis que no s\u00f3lo cuenta con un sabor incre\u00edble, sino con una fuerza loca y unas caracter\u00edsticas de crecimiento impresionantes.<\/p>\n<p>Green Gelato es ligeramente \u00edndica dominante (55%) y crece vigorosamente hasta convertirse en una planta de tama\u00f1o medio. Dif\u00edcilmente superar\u00e1 los 120 cm en interior y los 200 cm en exterior. Desarrolla racimos florales densos de tama\u00f1o peque\u00f1o a mediano en lugar de colas alargadas. Esta dama responde bien a la poda y al adiestramiento. Se recomienda encarecidamente el escardado, el desmochado, la poda o el LST para maximizar el rendimiento. D\u00e9jala florecer bajo un horario de luz convencional 12:12 y madurar\u00e1 sus deliciosas flores en unas escasas 8-9 semanas. No olvide enjuagarlas antes de cosecharlas para disfrutar de todo su sabor y fragancia. En condiciones \u00f3ptimas, con mucha luz y un buen aporte de nutrientes, le recompensar\u00e1 con un rendimiento de hasta 700 g\/m\u00b2. Si siembras sus semillas al aire libre, puedes esperar una deliciosa cosecha de hasta 700 g\/planta.<\/p>\n<p>Una cuidadosa selecci\u00f3n de s\u00f3lo las mejores y m\u00e1s sabrosas gen\u00e9ticas son la base del incre\u00edble sabor de Green Gelato: de la Thin Mint Girl Scout Cookies obtiene el incre\u00edble sabor a galleta dulce y mentolada que hace de GSC una de las variedades m\u00e1s populares hoy en d\u00eda. La combinaci\u00f3n con las refrescantes notas c\u00edtricas de Sunset Sherbet da lugar a un pralin\u00e9 realmente divino, igual que las deliciosas creaciones de los m\u00e1s experimentados artesanos de postres de Italia.<\/p>\n<p>El Gelato Verde, por supuesto, no s\u00f3lo tiene un sabor impresionante y fuera de este mundo, sino que tambi\u00e9n dispara por las nubes con su efecto. Gracias a un contenido de THC en sus fragantes cogollos del 25% o incluso m\u00e1s, brilla con una fuerza tremenda y te proporciona un subid\u00f3n incre\u00edblemente potente que es a la vez endiabladamente relajante y mentalmente estimulante. Alimentar\u00e1 tu mente con oleadas de energ\u00eda y creatividad y te levantar\u00e1 el \u00e1nimo en un abrir y cerrar de ojos.<\/p>\n<p>Green Gelato de Royal Queen Seeds es un h\u00edbrido fenomenal que sin duda har\u00e1 las delicias de cualquier verdadero amante de la hierba. Las mejores gen\u00e9ticas de la Costa Oeste combinadas en una delicia organol\u00e9ptica que ning\u00fan weedhead del mundo rechazar\u00eda jam\u00e1s.<\/p>\n<table id=\"idTab2\" class=\"features-table\">\n<caption class=\"h3\">GREEN GELATO (ROYAL QUEEN SEEDS) FEMINIZADA FICHA T\u00c9CNICA<\/caption>\n<tbody>\n<tr>\n<th>Marca<\/th>\n<td>Semillas Royal Queen<\/td>\n<\/tr>\n<tr>\n<th>Gen\u00e9tica<\/th>\n<td>55% Indica \/ 45% Sativa<\/td>\n<\/tr>\n<tr>\n<th>Padres<\/th>\n<td>Galletas Girl Scouts Sunset Sherbet x Thin Mint<\/td>\n<\/tr>\n<tr>\n<th>Floraci\u00f3n<\/th>\n<td>9-10 semanas<\/td>\n<\/tr>\n<tr>\n<th>THC<\/th>\n<td>27%<\/td>\n<\/tr>\n<tr>\n<th>CBD<\/th>\n<td>Bajo<\/td>\n<\/tr>\n<tr>\n<th>Rendimiento cultivo interior<\/th>\n<td>650-700 gr\/m\u00b2<\/td>\n<\/tr>\n<tr>\n<th>Rendimiento cultivo exterior<\/th>\n<td>650-700 gr\/planta<\/td>\n<\/tr>\n<tr>\n<th>Altura interior<\/th>\n<td>120 cm<\/td>\n<\/tr>\n<tr>\n<th>Altura exterior<\/th>\n<td>200 cm<\/td>\n<\/tr>\n<tr>\n<th>Disponible como<\/th>\n<td>Semillas feminizadas<\/td>\n<\/tr>\n<tr>\n<th>Tipo de flor<\/th>\n<td>Fotoperi\u00f3dico<\/td>\n<\/tr>\n<tr>\n<th>G\u00e9nero<\/th>\n<td>Feminizada<\/td>\n<\/tr>\n<\/tbody>\n<\/table>\n","protected":false},"excerpt":{"rendered":"<p>Quiz\u00e1s uno de los h\u00edbridos Cookies m\u00e1s perversos y sabrosos, Green Gelato de Royal Queen Seeds inaugura una nueva era del cannabis gourmet. La deliciosa Thin Mint Cookies y la deliciosa Sunset Sherbet &#8211; posiblemente la gen\u00e9tica de galletas m\u00e1s sabrosa de la zona de la bah\u00eda de San Francisco &#8211; se unen en una de las variedades de cannabis de postre m\u00e1s suntuosas que se pueden cultivar hoy en d\u00eda.<\/p>\n","protected":false},"featured_media":10502,"comment_status":"open","ping_status":"closed","template":"","meta":{"site-sidebar-layout":"default","site-content-layout":"default","ast-site-content-layout":"default","site-content-style":"default","site-sidebar-style":"default","ast-global-header-display":"","ast-banner-title-visibility":"","ast-main-header-display":"","ast-hfb-above-header-display":"","ast-hfb-below-header-display":"","ast-hfb-mobile-header-display":"","site-post-title":"","ast-breadcrumbs-content":"","ast-featured-img":"","footer-sml-layout":"","ast-disable-related-posts":"","theme-transparent-header-meta":"default","adv-header-id-meta":"","stick-header-meta":"default","header-above-stick-meta":"","header-main-stick-meta":"","header-below-stick-meta":"","astra-migrate-meta-layouts":"default","ast-page-background-enabled":"default","ast-page-background-meta":{"desktop":{"background-color":"","background-image":"","background-repeat":"repeat","background-position":"center center","background-size":"auto","background-attachment":"scroll","background-type":"","background-media":"","overlay-type":"","overlay-color":"","overlay-opacity":"","overlay-gradient":""},"tablet":{"background-color":"","background-image":"","background-repeat":"repeat","background-position":"center center","background-size":"auto","background-attachment":"scroll","background-type":"","background-media":"","overlay-type":"","overlay-color":"","overlay-opacity":"","overlay-gradient":""},"mobile":{"background-color":"","background-image":"","background-repeat":"repeat","background-position":"center center","background-size":"auto","background-attachment":"scroll","background-type":"","background-media":"","overlay-type":"","overlay-color":"","overlay-opacity":"","overlay-gradient":""}},"ast-content-background-meta":{"desktop":{"background-color":"var(--ast-global-color-5)","background-image":"","background-repeat":"repeat","background-position":"center center","background-size":"auto","background-attachment":"scroll","background-type":"","background-media":"","overlay-type":"","overlay-color":"","overlay-opacity":"","overlay-gradient":""},"tablet":{"background-color":"var(--ast-global-color-5)","background-image":"","background-repeat":"repeat","background-position":"center center","background-size":"auto","background-attachment":"scroll","background-type":"","background-media":"","overlay-type":"","overlay-color":"","overlay-opacity":"","overlay-gradient":""},"mobile":{"background-color":"var(--ast-global-color-5)","background-image":"","background-repeat":"repeat","background-position":"center center","background-size":"auto","background-attachment":"scroll","background-type":"","background-media":"","overlay-type":"","overlay-color":"","overlay-opacity":"","overlay-gradient":""}}},"product_brand":[],"product_cat":[279],"product_tag":[],"class_list":{"0":"post-11585","1":"product","2":"type-product","3":"status-publish","4":"has-post-thumbnail","6":"product_cat-semillas-de-marihuana-seedsshop","7":"desktop-align-left","8":"tablet-align-center","9":"mobile-align-left","10":"ast-product-gallery-layout-vertical","11":"ast-product-gallery-with-no-image","12":"ast-magnify-disabled","13":"ast-product-tabs-layout-horizontal","15":"first","16":"instock","17":"taxable","18":"shipping-taxable","19":"purchasable","20":"product-type-simple"},"yoast_head":"<!-- This site is optimized with the Yoast SEO Premium plugin v27.2 (Yoast SEO v27.4) - https:\/\/yoast.com\/product\/yoast-seo-premium-wordpress\/ -->\n<title>GELATO VERDE (SEMILLAS REINA REAL) FEMINIZADO (3 semillas\/paquete) - Blumiz - Premium CBD<\/title>\n<meta name=\"description\" content=\"GELATO VERDE (SEMILLAS REINA REAL) FEMINIZADO (3 semillas\/paquete) - Blumiz - Premium CBD\" \/>\n<meta name=\"robots\" content=\"index, follow, max-snippet:-1, max-image-preview:large, max-video-preview:-1\" \/>\n<link rel=\"canonical\" href=\"https:\/\/blumiz.com\/es\/producto\/gelato-verde-semillas-reina-real-feminizado-3-semillas-paquete\/\" \/>\n<meta property=\"og:locale\" content=\"es_ES\" \/>\n<meta property=\"og:type\" content=\"article\" \/>\n<meta property=\"og:title\" content=\"GELATO VERDE (SEMILLAS REINA REAL) FEMINIZADO (3 semillas\/paquete)\" \/>\n<meta property=\"og:description\" content=\"GELATO VERDE (SEMILLAS REINA REAL) FEMINIZADO (3 semillas\/paquete) Blumiz - Premium CBD\" \/>\n<meta property=\"og:url\" content=\"https:\/\/blumiz.com\/es\/producto\/gelato-verde-semillas-reina-real-feminizado-3-semillas-paquete\/\" \/>\n<meta property=\"og:site_name\" content=\"Blumiz - Premium CBD\" \/>\n<meta property=\"article:modified_time\" content=\"2023-06-03T11:47:03+00:00\" \/>\n<meta property=\"og:image\" content=\"https:\/\/blumiz.com\/wp-content\/uploads\/2022\/09\/Royal-Queen-Seeds-Green-Gelato-feminized-cannabis-seeds-3-seeds-pack.webp\" \/>\n\t<meta property=\"og:image:width\" content=\"600\" \/>\n\t<meta property=\"og:image:height\" content=\"600\" \/>\n\t<meta property=\"og:image:type\" content=\"image\/webp\" \/>\n<meta name=\"twitter:card\" content=\"summary_large_image\" \/>\n<meta name=\"twitter:label1\" content=\"Precio\" \/>\n\t<meta name=\"twitter:data1\" content=\"32,50&nbsp;&euro;\" \/>\n\t<meta name=\"twitter:label2\" content=\"Disponibilidad\" \/>\n\t<meta name=\"twitter:data2\" content=\"Disponible\" \/>\n<script type=\"application\/ld+json\" class=\"yoast-schema-graph\">{\"@context\":\"https:\\\/\\\/schema.org\",\"@graph\":[{\"@type\":\"WebPage\",\"@id\":\"https:\\\/\\\/blumiz.com\\\/es\\\/producto\\\/gelato-verde-semillas-reina-real-feminizado-3-semillas-paquete\\\/\",\"url\":\"https:\\\/\\\/blumiz.com\\\/es\\\/producto\\\/gelato-verde-semillas-reina-real-feminizado-3-semillas-paquete\\\/\",\"name\":\"GELATO VERDE (SEMILLAS REINA REAL) FEMINIZADO (3 semillas\\\/paquete) - Blumiz - Premium CBD\",\"isPartOf\":{\"@id\":\"https:\\\/\\\/blumiz.com\\\/es\\\/#website\"},\"primaryImageOfPage\":{\"@id\":\"https:\\\/\\\/blumiz.com\\\/es\\\/producto\\\/gelato-verde-semillas-reina-real-feminizado-3-semillas-paquete\\\/#primaryimage\"},\"image\":{\"@id\":\"https:\\\/\\\/blumiz.com\\\/es\\\/producto\\\/gelato-verde-semillas-reina-real-feminizado-3-semillas-paquete\\\/#primaryimage\"},\"thumbnailUrl\":\"https:\\\/\\\/blumiz.com\\\/wp-content\\\/uploads\\\/2022\\\/09\\\/Royal-Queen-Seeds-Green-Gelato-feminized-cannabis-seeds-3-seeds-pack.webp\",\"datePublished\":\"2022-09-09T14:47:33+00:00\",\"dateModified\":\"2023-06-03T11:47:03+00:00\",\"description\":\"GELATO VERDE (SEMILLAS REINA REAL) FEMINIZADO (3 semillas\\\/paquete) - Blumiz - Premium CBD\",\"breadcrumb\":{\"@id\":\"https:\\\/\\\/blumiz.com\\\/es\\\/producto\\\/gelato-verde-semillas-reina-real-feminizado-3-semillas-paquete\\\/#breadcrumb\"},\"inLanguage\":\"es\",\"potentialAction\":[{\"@type\":\"ReadAction\",\"target\":[\"https:\\\/\\\/blumiz.com\\\/es\\\/producto\\\/gelato-verde-semillas-reina-real-feminizado-3-semillas-paquete\\\/\"]}]},{\"@type\":\"ImageObject\",\"inLanguage\":\"es\",\"@id\":\"https:\\\/\\\/blumiz.com\\\/es\\\/producto\\\/gelato-verde-semillas-reina-real-feminizado-3-semillas-paquete\\\/#primaryimage\",\"url\":\"https:\\\/\\\/blumiz.com\\\/wp-content\\\/uploads\\\/2022\\\/09\\\/Royal-Queen-Seeds-Green-Gelato-feminized-cannabis-seeds-3-seeds-pack.webp\",\"contentUrl\":\"https:\\\/\\\/blumiz.com\\\/wp-content\\\/uploads\\\/2022\\\/09\\\/Royal-Queen-Seeds-Green-Gelato-feminized-cannabis-seeds-3-seeds-pack.webp\",\"width\":600,\"height\":600},{\"@type\":\"BreadcrumbList\",\"@id\":\"https:\\\/\\\/blumiz.com\\\/es\\\/producto\\\/gelato-verde-semillas-reina-real-feminizado-3-semillas-paquete\\\/#breadcrumb\",\"itemListElement\":[{\"@type\":\"ListItem\",\"position\":1,\"name\":\"Blumiz\",\"item\":\"https:\\\/\\\/blumiz.com\\\/es\\\/\"},{\"@type\":\"ListItem\",\"position\":2,\"name\":\"CBD Shop\",\"item\":\"https:\\\/\\\/blumiz.com\\\/es\\\/tienda\\\/\"},{\"@type\":\"ListItem\",\"position\":3,\"name\":\"GELATO VERDE (SEMILLAS REINA REAL) FEMINIZADO (3 semillas\\\/paquete)\"}]},{\"@type\":\"WebSite\",\"@id\":\"https:\\\/\\\/blumiz.com\\\/es\\\/#website\",\"url\":\"https:\\\/\\\/blumiz.com\\\/es\\\/\",\"name\":\"Blumiz - Premium CBD\",\"description\":\"Un CBD al mejor precio y de calidad superior\",\"publisher\":{\"@id\":\"https:\\\/\\\/blumiz.com\\\/es\\\/#organization\"},\"alternateName\":\"Blumiz\",\"potentialAction\":[{\"@type\":\"SearchAction\",\"target\":{\"@type\":\"EntryPoint\",\"urlTemplate\":\"https:\\\/\\\/blumiz.com\\\/es\\\/?s={search_term_string}\"},\"query-input\":{\"@type\":\"PropertyValueSpecification\",\"valueRequired\":true,\"valueName\":\"search_term_string\"}}],\"inLanguage\":\"es\"},{\"@type\":\"Organization\",\"@id\":\"https:\\\/\\\/blumiz.com\\\/es\\\/#organization\",\"name\":\"Blumiz CBD\",\"alternateName\":\"Blumiz\",\"url\":\"https:\\\/\\\/blumiz.com\\\/es\\\/\",\"logo\":{\"@type\":\"ImageObject\",\"inLanguage\":\"es\",\"@id\":\"https:\\\/\\\/blumiz.com\\\/es\\\/#\\\/schema\\\/logo\\\/image\\\/\",\"url\":\"https:\\\/\\\/blumiz.com\\\/wp-content\\\/uploads\\\/2026\\\/02\\\/cropped-Blumiz-CBD-logo.webp\",\"contentUrl\":\"https:\\\/\\\/blumiz.com\\\/wp-content\\\/uploads\\\/2026\\\/02\\\/cropped-Blumiz-CBD-logo.webp\",\"width\":2547,\"height\":778,\"caption\":\"Blumiz CBD\"},\"image\":{\"@id\":\"https:\\\/\\\/blumiz.com\\\/es\\\/#\\\/schema\\\/logo\\\/image\\\/\"}}]}<\/script>\n<meta property=\"product:price:amount\" content=\"32.50\" \/>\n<meta property=\"product:price:currency\" content=\"EUR\" \/>\n<meta property=\"og:availability\" content=\"instock\" \/>\n<meta property=\"product:availability\" content=\"instock\" \/>\n<meta property=\"product:retailer_item_id\" content=\"449796\" \/>\n<meta property=\"product:condition\" content=\"new\" \/>\n<!-- \/ Yoast SEO Premium plugin. -->","yoast_head_json":{"title":"GELATO VERDE (SEMILLAS REINA REAL) FEMINIZADO (3 semillas\/paquete) - Blumiz - Premium CBD","description":"GELATO VERDE (SEMILLAS REINA REAL) FEMINIZADO (3 semillas\/paquete) - Blumiz - Premium CBD","robots":{"index":"index","follow":"follow","max-snippet":"max-snippet:-1","max-image-preview":"max-image-preview:large","max-video-preview":"max-video-preview:-1"},"canonical":"https:\/\/blumiz.com\/es\/producto\/gelato-verde-semillas-reina-real-feminizado-3-semillas-paquete\/","og_locale":"es_ES","og_type":"article","og_title":"GELATO VERDE (SEMILLAS REINA REAL) FEMINIZADO (3 semillas\/paquete)","og_description":"GELATO VERDE (SEMILLAS REINA REAL) FEMINIZADO (3 semillas\/paquete) Blumiz - Premium CBD","og_url":"https:\/\/blumiz.com\/es\/producto\/gelato-verde-semillas-reina-real-feminizado-3-semillas-paquete\/","og_site_name":"Blumiz - Premium CBD","article_modified_time":"2023-06-03T11:47:03+00:00","og_image":[{"width":600,"height":600,"url":"https:\/\/blumiz.com\/wp-content\/uploads\/2022\/09\/Royal-Queen-Seeds-Green-Gelato-feminized-cannabis-seeds-3-seeds-pack.webp","type":"image\/webp"}],"twitter_card":"summary_large_image","twitter_misc":{"Precio":"32,50&nbsp;&euro;","Disponibilidad":"Disponible"},"schema":{"@context":"https:\/\/schema.org","@graph":[{"@type":"WebPage","@id":"https:\/\/blumiz.com\/es\/producto\/gelato-verde-semillas-reina-real-feminizado-3-semillas-paquete\/","url":"https:\/\/blumiz.com\/es\/producto\/gelato-verde-semillas-reina-real-feminizado-3-semillas-paquete\/","name":"GELATO VERDE (SEMILLAS REINA REAL) FEMINIZADO (3 semillas\/paquete) - Blumiz - Premium CBD","isPartOf":{"@id":"https:\/\/blumiz.com\/es\/#website"},"primaryImageOfPage":{"@id":"https:\/\/blumiz.com\/es\/producto\/gelato-verde-semillas-reina-real-feminizado-3-semillas-paquete\/#primaryimage"},"image":{"@id":"https:\/\/blumiz.com\/es\/producto\/gelato-verde-semillas-reina-real-feminizado-3-semillas-paquete\/#primaryimage"},"thumbnailUrl":"https:\/\/blumiz.com\/wp-content\/uploads\/2022\/09\/Royal-Queen-Seeds-Green-Gelato-feminized-cannabis-seeds-3-seeds-pack.webp","datePublished":"2022-09-09T14:47:33+00:00","dateModified":"2023-06-03T11:47:03+00:00","description":"GELATO VERDE (SEMILLAS REINA REAL) FEMINIZADO (3 semillas\/paquete) - Blumiz - Premium CBD","breadcrumb":{"@id":"https:\/\/blumiz.com\/es\/producto\/gelato-verde-semillas-reina-real-feminizado-3-semillas-paquete\/#breadcrumb"},"inLanguage":"es","potentialAction":[{"@type":"ReadAction","target":["https:\/\/blumiz.com\/es\/producto\/gelato-verde-semillas-reina-real-feminizado-3-semillas-paquete\/"]}]},{"@type":"ImageObject","inLanguage":"es","@id":"https:\/\/blumiz.com\/es\/producto\/gelato-verde-semillas-reina-real-feminizado-3-semillas-paquete\/#primaryimage","url":"https:\/\/blumiz.com\/wp-content\/uploads\/2022\/09\/Royal-Queen-Seeds-Green-Gelato-feminized-cannabis-seeds-3-seeds-pack.webp","contentUrl":"https:\/\/blumiz.com\/wp-content\/uploads\/2022\/09\/Royal-Queen-Seeds-Green-Gelato-feminized-cannabis-seeds-3-seeds-pack.webp","width":600,"height":600},{"@type":"BreadcrumbList","@id":"https:\/\/blumiz.com\/es\/producto\/gelato-verde-semillas-reina-real-feminizado-3-semillas-paquete\/#breadcrumb","itemListElement":[{"@type":"ListItem","position":1,"name":"Blumiz","item":"https:\/\/blumiz.com\/es\/"},{"@type":"ListItem","position":2,"name":"CBD Shop","item":"https:\/\/blumiz.com\/es\/tienda\/"},{"@type":"ListItem","position":3,"name":"GELATO VERDE (SEMILLAS REINA REAL) FEMINIZADO (3 semillas\/paquete)"}]},{"@type":"WebSite","@id":"https:\/\/blumiz.com\/es\/#website","url":"https:\/\/blumiz.com\/es\/","name":"Blumiz - Premium CBD","description":"Un CBD al mejor precio y de calidad superior","publisher":{"@id":"https:\/\/blumiz.com\/es\/#organization"},"alternateName":"Blumiz","potentialAction":[{"@type":"SearchAction","target":{"@type":"EntryPoint","urlTemplate":"https:\/\/blumiz.com\/es\/?s={search_term_string}"},"query-input":{"@type":"PropertyValueSpecification","valueRequired":true,"valueName":"search_term_string"}}],"inLanguage":"es"},{"@type":"Organization","@id":"https:\/\/blumiz.com\/es\/#organization","name":"Blumiz CBD","alternateName":"Blumiz","url":"https:\/\/blumiz.com\/es\/","logo":{"@type":"ImageObject","inLanguage":"es","@id":"https:\/\/blumiz.com\/es\/#\/schema\/logo\/image\/","url":"https:\/\/blumiz.com\/wp-content\/uploads\/2026\/02\/cropped-Blumiz-CBD-logo.webp","contentUrl":"https:\/\/blumiz.com\/wp-content\/uploads\/2026\/02\/cropped-Blumiz-CBD-logo.webp","width":2547,"height":778,"caption":"Blumiz CBD"},"image":{"@id":"https:\/\/blumiz.com\/es\/#\/schema\/logo\/image\/"}}]},"product_price_amount":"32.50","product_price_currency":"EUR","og_availability":"instock","product_availability":"instock","product_retailer_item_id":"449796","product_condition":"new"},"_links":{"self":[{"href":"https:\/\/blumiz.com\/es\/wp-json\/wp\/v2\/product\/11585","targetHints":{"allow":["GET"]}}],"collection":[{"href":"https:\/\/blumiz.com\/es\/wp-json\/wp\/v2\/product"}],"about":[{"href":"https:\/\/blumiz.com\/es\/wp-json\/wp\/v2\/types\/product"}],"replies":[{"embeddable":true,"href":"https:\/\/blumiz.com\/es\/wp-json\/wp\/v2\/comments?post=11585"}],"version-history":[{"count":0,"href":"https:\/\/blumiz.com\/es\/wp-json\/wp\/v2\/product\/11585\/revisions"}],"wp:featuredmedia":[{"embeddable":true,"href":"https:\/\/blumiz.com\/es\/wp-json\/wp\/v2\/media\/10502"}],"wp:attachment":[{"href":"https:\/\/blumiz.com\/es\/wp-json\/wp\/v2\/media?parent=11585"}],"wp:term":[{"taxonomy":"product_brand","embeddable":true,"href":"https:\/\/blumiz.com\/es\/wp-json\/wp\/v2\/product_brand?post=11585"},{"taxonomy":"product_cat","embeddable":true,"href":"https:\/\/blumiz.com\/es\/wp-json\/wp\/v2\/product_cat?post=11585"},{"taxonomy":"product_tag","embeddable":true,"href":"https:\/\/blumiz.com\/es\/wp-json\/wp\/v2\/product_tag?post=11585"}],"curies":[{"name":"wp","href":"https:\/\/api.w.org\/{rel}","templated":true}]}}